{"id":1130,"date":"2022-10-20T12:26:57","date_gmt":"2022-10-20T10:26:57","guid":{"rendered":"https:\/\/amu.pan.pl\/badaczka\/?page_id=1130"},"modified":"2026-04-24T18:21:51","modified_gmt":"2026-04-24T16:21:51","slug":"program-2024","status":"publish","type":"page","link":"https:\/\/amu.pan.pl\/badaczka\/en\/program-2024\/","title":{"rendered":"Program 2024"},"content":{"rendered":"<div data-elementor-type=\"wp-page\" data-elementor-id=\"1130\" class=\"elementor elementor-1130\">\n\t\t\t\t\t\t<section class=\"elementor-section elementor-top-section elementor-element elementor-element-085a701 elementor-section-boxed elementor-section-height-default elementor-section-height-default\" data-id=\"085a701\" data-element_type=\"section\" data-settings=\"{&quot;background_background&quot;:&quot;classic&quot;}\">\n\t\t\t\t\t\t\t<div class=\"elementor-background-overlay\"><\/div>\n\t\t\t\t\t\t\t<div class=\"elementor-container elementor-column-gap-default\">\n\t\t\t\t\t<div class=\"elementor-column elementor-col-100 elementor-top-column elementor-element elementor-element-4cd1280\" data-id=\"4cd1280\" data-element_type=\"column\">\n\t\t\t<div class=\"elementor-widget-wrap elementor-element-populated\">\n\t\t\t\t\t\t<div class=\"elementor-element elementor-element-401a265 elementor-widget-tablet__width-initial elementor-widget elementor-widget-heading\" data-id=\"401a265\" data-element_type=\"widget\" data-settings=\"{&quot;_animation&quot;:&quot;none&quot;}\" data-widget_type=\"heading.default\">\n\t\t\t\t<div class=\"elementor-widget-container\">\n\t\t\t\t\t<h2 class=\"elementor-heading-title elementor-size-default\">Program<\/h2>\t\t\t\t<\/div>\n\t\t\t\t<\/div>\n\t\t\t\t<div class=\"elementor-element elementor-element-ef69362 elementor-widget elementor-widget-heading\" data-id=\"ef69362\" data-element_type=\"widget\" data-widget_type=\"heading.default\">\n\t\t\t\t<div class=\"elementor-widget-container\">\n\t\t\t\t\t<h3 class=\"elementor-heading-title elementor-size-default\">Kobiety w nauce 2024<\/h3>\t\t\t\t<\/div>\n\t\t\t\t<\/div>\n\t\t\t\t\t<\/div>\n\t\t<\/div>\n\t\t\t\t\t<\/div>\n\t\t<\/section>\n\t\t\t\t<section class=\"elementor-section elementor-top-section elementor-element elementor-element-8ed2056 elementor-section-boxed elementor-section-height-default elementor-section-height-default\" data-id=\"8ed2056\" data-element_type=\"section\">\n\t\t\t\t\t\t<div class=\"elementor-container elementor-column-gap-default\">\n\t\t\t\t\t<div class=\"elementor-column elementor-col-100 elementor-top-column elementor-element elementor-element-7bc4362\" data-id=\"7bc4362\" data-element_type=\"column\">\n\t\t\t<div class=\"elementor-widget-wrap elementor-element-populated\">\n\t\t\t\t\t\t<div class=\"elementor-element elementor-element-25c8957 tabelka-program elementor-widget elementor-widget-text-editor\" data-id=\"25c8957\" data-element_type=\"widget\" data-widget_type=\"text-editor.default\">\n\t\t\t\t<div class=\"elementor-widget-container\">\n\t\t\t\t\t\t\t\t\t<table><tbody><tr><td>09:00-9:30<\/td><td><strong>Registration<\/strong><\/td><\/tr><tr><td>9:30-9:45<\/td><td><strong>Uroczyste otwarcie<\/strong><br \/>Prof. IGSMiE PAN, Marzena Smol-Aruszanjan &#8211; Zast\u0119pczyni Przewodnicz\u0105cego Akademii M\u0142odych Uczonych<br \/>Prof. Karol \u017byczkowski, Prezes Oddzia\u0142u Polskiej Akademii Nauk w Krakowie<br \/>Prof. PK, Magdalena Niemczewska-W\u00f3jcik &#8211; Prorektor Politechniki Krakowskiej<br \/>Prof. PK, Janusz Miku\u0142a &#8211; Dziekan Wydzia\u0142u In\u017cynierii Materia\u0142owej i Fizyki Politechniki Krakowskiej<br \/>Dr in\u017c. El\u017cbieta W\u0105tor &#8211; Program &#8220;L&#8217;OREAL dla Kobiet i Nauki&#8221;<\/td><\/tr><tr><td>9:45-11:45<\/td><td><strong>Sesja I &#8211; Wyst\u0105pienia Prelegentek<\/strong><\/td><\/tr><tr><td>09:45-10:15<\/td><td>Prof. Maria Mr\u00f3wczy\u0144ska \/ geodezja \/ Ministerstwo Nauki i Szkolnictwa Wy\u017cszego<\/td><\/tr><tr><td>10:15-10:45<\/td><td>Prof. Urszula Stachewicz \/ in\u017cynieria materia\u0142owa \/ AGH<\/td><\/tr><tr><td>11:15-11:45<\/td><td>Prof. IGSMiE PAN, Marzena Smol-Aruszanjan \/ in\u017cynieria \u015brodowiska \/ Instytut Gospodarki Surowcami Mineralnymi i Energi\u0105 PAN (IGSMiE PAN)<\/td><\/tr><tr><td>11:45-12:15<\/td><td><strong>Przerwa kawowa<\/strong><\/td><\/tr><tr><td>12:15-13:15<\/td><td><strong>Sesja II \u2013 Wyst\u0105pienia Prelegentek<\/strong><\/td><\/tr><tr><td>12:15-12:45<\/td><td>Dr Monika Sady \/ zarz\u0105dzanie \/ Uniwersytet Ekonomiczny w Krakowie<\/td><\/tr><tr><td>12:45-13:15<\/td><td>Dr Anna Fi\u0144 \/ socjologia \/ Uniwersytet Komisji Edukacji Narodowej w Krakowie<\/td><\/tr><tr><td>13:15-13:45<\/td><td>Prof. Agnieszka Sobczak-Kupiec \/ in\u017cynieria materia\u0142owa \/ Politechnika Krakowska<\/td><\/tr><tr><td>13:15-14:00<\/td><td><strong>Przerwa obiadowa<\/strong><\/td><\/tr><tr><td>14:30-15:30<\/td><td><strong>Sesja networkingowa po\u0142\u0105czona z przerw\u0105 kawow\u0105<\/strong><\/td><\/tr><tr><td>15:30-16:30<\/td><td><strong>Prof. Marta Gmurek \u2013 seminarium na temat pisania grant\u00f3w<\/strong><\/td><\/tr><tr><td>16:30<\/td><td><strong>Zako\u0144czenie<\/strong><\/td><\/tr><\/tbody><\/table>\t\t\t\t\t\t\t\t<\/div>\n\t\t\t\t<\/div>\n\t\t\t\t\t<\/div>\n\t\t<\/div>\n\t\t\t\t\t<\/div>\n\t\t<\/section>\n\t\t\t\t<\/div>","protected":false},"excerpt":{"rendered":"<p>Program Kobiety w nauce 2024 09:00-9:30 Rejestracja 9:30-9:45 Uroczyste otwarcieProf. IGSMiE PAN, Marzena Smol-Aruszanjan &#8211; Zast\u0119pczyni Przewodnicz\u0105cego Akademii M\u0142odych UczonychProf. Karol \u017byczkowski, Prezes Oddzia\u0142u Polskiej Akademii Nauk w KrakowieProf. PK, Magdalena Niemczewska-W\u00f3jcik &#8211; Prorektor Politechniki KrakowskiejProf. PK, Janusz Miku\u0142a &#8211; Dziekan Wydzia\u0142u In\u017cynierii Materia\u0142owej i Fizyki Politechniki KrakowskiejDr in\u017c. El\u017cbieta W\u0105tor &#8211; Program &#8220;L&#8217;OREAL dla [&hellip;]<\/p>","protected":false},"author":2,"featured_media":0,"parent":0,"menu_order":0,"comment_status":"closed","ping_status":"closed","template":"elementor_canvas","meta":{"_monsterinsights_skip_tracking":false,"_monsterinsights_sitenote_active":false,"_monsterinsights_sitenote_note":"","_monsterinsights_sitenote_category":0,"footnotes":""},"class_list":["post-1130","page","type-page","status-publish","hentry"],"yoast_head":"<!-- This site is optimized with the Yoast SEO plugin v25.0 - https:\/\/yoast.com\/wordpress\/plugins\/seo\/ -->\n<title>Program 2024 - Zosta\u0144 badaczk\u0105!<\/title>\n<meta name=\"robots\" content=\"index, follow, max-snippet:-1, max-image-preview:large, max-video-preview:-1\" \/>\n<link rel=\"canonical\" href=\"https:\/\/amu.pan.pl\/badaczka\/en\/program-2024\/\" \/>\n<meta property=\"og:locale\" content=\"en_GB\" \/>\n<meta property=\"og:type\" content=\"article\" \/>\n<meta property=\"og:title\" content=\"Program 2024 - Zosta\u0144 badaczk\u0105!\" \/>\n<meta property=\"og:description\" content=\"Program Kobiety w nauce 2024 09:00-9:30 Rejestracja 9:30-9:45 Uroczyste otwarcieProf. IGSMiE PAN, Marzena Smol-Aruszanjan &#8211; Zast\u0119pczyni Przewodnicz\u0105cego Akademii M\u0142odych UczonychProf. Karol \u017byczkowski, Prezes Oddzia\u0142u Polskiej Akademii Nauk w KrakowieProf. PK, Magdalena Niemczewska-W\u00f3jcik &#8211; Prorektor Politechniki KrakowskiejProf. PK, Janusz Miku\u0142a &#8211; Dziekan Wydzia\u0142u In\u017cynierii Materia\u0142owej i Fizyki Politechniki KrakowskiejDr in\u017c. El\u017cbieta W\u0105tor &#8211; Program &#8220;L&#8217;OREAL dla [&hellip;]\" \/>\n<meta property=\"og:url\" content=\"https:\/\/amu.pan.pl\/badaczka\/en\/program-2024\/\" \/>\n<meta property=\"og:site_name\" content=\"Zosta\u0144 badaczk\u0105!\" \/>\n<meta property=\"article:modified_time\" content=\"2026-04-24T16:21:51+00:00\" \/>\n<meta property=\"og:image\" content=\"https:\/\/amu.pan.pl\/badaczka\/wp-content\/uploads\/sites\/2\/2022\/01\/Screenshot_20220118_144240.png\" \/>\n\t<meta property=\"og:image:width\" content=\"1465\" \/>\n\t<meta property=\"og:image:height\" content=\"773\" \/>\n\t<meta property=\"og:image:type\" content=\"image\/png\" \/>\n<meta name=\"twitter:card\" content=\"summary_large_image\" \/>\n<meta name=\"twitter:label1\" content=\"Estimated reading time\" \/>\n\t<meta name=\"twitter:data1\" content=\"2 minutes\" \/>\n<script type=\"application\/ld+json\" class=\"yoast-schema-graph\">{\"@context\":\"https:\/\/schema.org\",\"@graph\":[{\"@type\":\"WebPage\",\"@id\":\"https:\/\/amu.pan.pl\/badaczka\/program-2024\/\",\"url\":\"https:\/\/amu.pan.pl\/badaczka\/program-2024\/\",\"name\":\"Program 2024 - Zosta\u0144 badaczk\u0105!\",\"isPartOf\":{\"@id\":\"https:\/\/amu.pan.pl\/badaczka\/#website\"},\"datePublished\":\"2022-10-20T10:26:57+00:00\",\"dateModified\":\"2026-04-24T16:21:51+00:00\",\"breadcrumb\":{\"@id\":\"https:\/\/amu.pan.pl\/badaczka\/program-2024\/#breadcrumb\"},\"inLanguage\":\"en-GB\",\"potentialAction\":[{\"@type\":\"ReadAction\",\"target\":[\"https:\/\/amu.pan.pl\/badaczka\/program-2024\/\"]}]},{\"@type\":\"BreadcrumbList\",\"@id\":\"https:\/\/amu.pan.pl\/badaczka\/program-2024\/#breadcrumb\",\"itemListElement\":[{\"@type\":\"ListItem\",\"position\":1,\"name\":\"Strona g\u0142\u00f3wna\",\"item\":\"https:\/\/amu.pan.pl\/badaczka\/\"},{\"@type\":\"ListItem\",\"position\":2,\"name\":\"Program 2024\"}]},{\"@type\":\"WebSite\",\"@id\":\"https:\/\/amu.pan.pl\/badaczka\/#website\",\"url\":\"https:\/\/amu.pan.pl\/badaczka\/\",\"name\":\"Zosta\u0144 badaczk\u0105!\",\"description\":\"Kobiety w nauce\",\"publisher\":{\"@id\":\"https:\/\/amu.pan.pl\/badaczka\/#organization\"},\"potentialAction\":[{\"@type\":\"SearchAction\",\"target\":{\"@type\":\"EntryPoint\",\"urlTemplate\":\"https:\/\/amu.pan.pl\/badaczka\/?s={search_term_string}\"},\"query-input\":{\"@type\":\"PropertyValueSpecification\",\"valueRequired\":true,\"valueName\":\"search_term_string\"}}],\"inLanguage\":\"en-GB\"},{\"@type\":\"Organization\",\"@id\":\"https:\/\/amu.pan.pl\/badaczka\/#organization\",\"name\":\"Zosta\u0144 badaczk\u0105!\",\"url\":\"https:\/\/amu.pan.pl\/badaczka\/\",\"logo\":{\"@type\":\"ImageObject\",\"inLanguage\":\"en-GB\",\"@id\":\"https:\/\/amu.pan.pl\/badaczka\/#\/schema\/logo\/image\/\",\"url\":\"https:\/\/amu.pan.pl\/badaczka\/wp-content\/uploads\/sites\/2\/2020\/11\/AMU_logo_mini.png\",\"contentUrl\":\"https:\/\/amu.pan.pl\/badaczka\/wp-content\/uploads\/sites\/2\/2020\/11\/AMU_logo_mini.png\",\"width\":150,\"height\":85,\"caption\":\"Zosta\u0144 badaczk\u0105!\"},\"image\":{\"@id\":\"https:\/\/amu.pan.pl\/badaczka\/#\/schema\/logo\/image\/\"}}]}<\/script>\n<!-- \/ Yoast SEO plugin. -->","yoast_head_json":{"title":"Program 2024 - Zosta\u0144 badaczk\u0105!","robots":{"index":"index","follow":"follow","max-snippet":"max-snippet:-1","max-image-preview":"max-image-preview:large","max-video-preview":"max-video-preview:-1"},"canonical":"https:\/\/amu.pan.pl\/badaczka\/en\/program-2024\/","og_locale":"en_GB","og_type":"article","og_title":"Program 2024 - Zosta\u0144 badaczk\u0105!","og_description":"Program Kobiety w nauce 2024 09:00-9:30 Rejestracja 9:30-9:45 Uroczyste otwarcieProf. IGSMiE PAN, Marzena Smol-Aruszanjan &#8211; Zast\u0119pczyni Przewodnicz\u0105cego Akademii M\u0142odych UczonychProf. Karol \u017byczkowski, Prezes Oddzia\u0142u Polskiej Akademii Nauk w KrakowieProf. PK, Magdalena Niemczewska-W\u00f3jcik &#8211; Prorektor Politechniki KrakowskiejProf. PK, Janusz Miku\u0142a &#8211; Dziekan Wydzia\u0142u In\u017cynierii Materia\u0142owej i Fizyki Politechniki KrakowskiejDr in\u017c. El\u017cbieta W\u0105tor &#8211; Program &#8220;L&#8217;OREAL dla [&hellip;]","og_url":"https:\/\/amu.pan.pl\/badaczka\/en\/program-2024\/","og_site_name":"Zosta\u0144 badaczk\u0105!","article_modified_time":"2026-04-24T16:21:51+00:00","og_image":[{"width":1465,"height":773,"url":"https:\/\/amu.pan.pl\/badaczka\/wp-content\/uploads\/sites\/2\/2022\/01\/Screenshot_20220118_144240.png","type":"image\/png"}],"twitter_card":"summary_large_image","twitter_misc":{"Estimated reading time":"2 minutes"},"schema":{"@context":"https:\/\/schema.org","@graph":[{"@type":"WebPage","@id":"https:\/\/amu.pan.pl\/badaczka\/program-2024\/","url":"https:\/\/amu.pan.pl\/badaczka\/program-2024\/","name":"Program 2024 - Zosta\u0144 badaczk\u0105!","isPartOf":{"@id":"https:\/\/amu.pan.pl\/badaczka\/#website"},"datePublished":"2022-10-20T10:26:57+00:00","dateModified":"2026-04-24T16:21:51+00:00","breadcrumb":{"@id":"https:\/\/amu.pan.pl\/badaczka\/program-2024\/#breadcrumb"},"inLanguage":"en-GB","potentialAction":[{"@type":"ReadAction","target":["https:\/\/amu.pan.pl\/badaczka\/program-2024\/"]}]},{"@type":"BreadcrumbList","@id":"https:\/\/amu.pan.pl\/badaczka\/program-2024\/#breadcrumb","itemListElement":[{"@type":"ListItem","position":1,"name":"Strona g\u0142\u00f3wna","item":"https:\/\/amu.pan.pl\/badaczka\/"},{"@type":"ListItem","position":2,"name":"Program 2024"}]},{"@type":"WebSite","@id":"https:\/\/amu.pan.pl\/badaczka\/#website","url":"https:\/\/amu.pan.pl\/badaczka\/","name":"Zosta\u0144 badaczk\u0105!","description":"Kobiety w nauce","publisher":{"@id":"https:\/\/amu.pan.pl\/badaczka\/#organization"},"potentialAction":[{"@type":"SearchAction","target":{"@type":"EntryPoint","urlTemplate":"https:\/\/amu.pan.pl\/badaczka\/?s={search_term_string}"},"query-input":{"@type":"PropertyValueSpecification","valueRequired":true,"valueName":"search_term_string"}}],"inLanguage":"en-GB"},{"@type":"Organization","@id":"https:\/\/amu.pan.pl\/badaczka\/#organization","name":"Zosta\u0144 badaczk\u0105!","url":"https:\/\/amu.pan.pl\/badaczka\/","logo":{"@type":"ImageObject","inLanguage":"en-GB","@id":"https:\/\/amu.pan.pl\/badaczka\/#\/schema\/logo\/image\/","url":"https:\/\/amu.pan.pl\/badaczka\/wp-content\/uploads\/sites\/2\/2020\/11\/AMU_logo_mini.png","contentUrl":"https:\/\/amu.pan.pl\/badaczka\/wp-content\/uploads\/sites\/2\/2020\/11\/AMU_logo_mini.png","width":150,"height":85,"caption":"Zosta\u0144 badaczk\u0105!"},"image":{"@id":"https:\/\/amu.pan.pl\/badaczka\/#\/schema\/logo\/image\/"}}]}},"_links":{"self":[{"href":"https:\/\/amu.pan.pl\/badaczka\/en\/wp-json\/wp\/v2\/pages\/1130","targetHints":{"allow":["GET"]}}],"collection":[{"href":"https:\/\/amu.pan.pl\/badaczka\/en\/wp-json\/wp\/v2\/pages"}],"about":[{"href":"https:\/\/amu.pan.pl\/badaczka\/en\/wp-json\/wp\/v2\/types\/page"}],"author":[{"embeddable":true,"href":"https:\/\/amu.pan.pl\/badaczka\/en\/wp-json\/wp\/v2\/users\/2"}],"replies":[{"embeddable":true,"href":"https:\/\/amu.pan.pl\/badaczka\/en\/wp-json\/wp\/v2\/comments?post=1130"}],"version-history":[{"count":160,"href":"https:\/\/amu.pan.pl\/badaczka\/en\/wp-json\/wp\/v2\/pages\/1130\/revisions"}],"predecessor-version":[{"id":2518,"href":"https:\/\/amu.pan.pl\/badaczka\/en\/wp-json\/wp\/v2\/pages\/1130\/revisions\/2518"}],"wp:attachment":[{"href":"https:\/\/amu.pan.pl\/badaczka\/en\/wp-json\/wp\/v2\/media?parent=1130"}],"curies":[{"name":"wp","href":"https:\/\/api.w.org\/{rel}","templated":true}]}}