{"id":132,"date":"2018-12-21T11:18:54","date_gmt":"2018-12-21T11:18:54","guid":{"rendered":"http:\/\/amu.pan.pl\/kobietywnauce\/?page_id=8"},"modified":"2026-04-26T12:58:37","modified_gmt":"2026-04-26T10:58:37","slug":"program-2022-ii","status":"publish","type":"page","link":"https:\/\/amu.pan.pl\/badaczka\/en\/home-2022-ii\/program-2022-ii\/","title":{"rendered":"Program"},"content":{"rendered":"<div data-elementor-type=\"wp-page\" data-elementor-id=\"132\" class=\"elementor elementor-132\">\n\t\t\t\t\t\t<section class=\"elementor-section elementor-top-section elementor-element elementor-element-c6ad796 baner elementor-section-boxed elementor-section-height-default elementor-section-height-default\" data-id=\"c6ad796\" data-element_type=\"section\" data-settings=\"{&quot;background_background&quot;:&quot;classic&quot;}\">\n\t\t\t\t\t\t\t<div class=\"elementor-background-overlay\"><\/div>\n\t\t\t\t\t\t\t<div class=\"elementor-container elementor-column-gap-default\">\n\t\t\t\t\t<div class=\"elementor-column elementor-col-100 elementor-top-column elementor-element elementor-element-8bfea57\" data-id=\"8bfea57\" data-element_type=\"column\">\n\t\t\t<div class=\"elementor-widget-wrap elementor-element-populated\">\n\t\t\t\t\t\t<div class=\"elementor-element elementor-element-38266d9 elementor-widget-tablet__width-initial elementor-widget elementor-widget-heading\" data-id=\"38266d9\" data-element_type=\"widget\" data-settings=\"{&quot;_animation&quot;:&quot;none&quot;}\" data-widget_type=\"heading.default\">\n\t\t\t\t<div class=\"elementor-widget-container\">\n\t\t\t\t\t<h2 class=\"elementor-heading-title elementor-size-default\">Program<\/h2>\t\t\t\t<\/div>\n\t\t\t\t<\/div>\n\t\t\t\t<div class=\"elementor-element elementor-element-6361d72 elementor-widget elementor-widget-heading\" data-id=\"6361d72\" data-element_type=\"widget\" data-widget_type=\"heading.default\">\n\t\t\t\t<div class=\"elementor-widget-container\">\n\t\t\t\t\t<h3 class=\"elementor-heading-title elementor-size-default\">Kobiety w nauce II 2022<\/h3>\t\t\t\t<\/div>\n\t\t\t\t<\/div>\n\t\t\t\t\t<\/div>\n\t\t<\/div>\n\t\t\t\t\t<\/div>\n\t\t<\/section>\n\t\t\t\t<section class=\"elementor-section elementor-top-section elementor-element elementor-element-11bdf0c elementor-section-boxed elementor-section-height-default elementor-section-height-default\" data-id=\"11bdf0c\" data-element_type=\"section\">\n\t\t\t\t\t\t<div class=\"elementor-container elementor-column-gap-default\">\n\t\t\t\t\t<div class=\"elementor-column elementor-col-100 elementor-top-column elementor-element elementor-element-fdd3280\" data-id=\"fdd3280\" data-element_type=\"column\">\n\t\t\t<div class=\"elementor-widget-wrap elementor-element-populated\">\n\t\t\t\t\t\t<div class=\"elementor-element elementor-element-9152dc8 tabelka-program elementor-widget elementor-widget-text-editor\" data-id=\"9152dc8\" data-element_type=\"widget\" data-widget_type=\"text-editor.default\">\n\t\t\t\t<div class=\"elementor-widget-container\">\n\t\t\t\t\t\t\t\t\t<table><tbody><tr><td>10:00-10:30<\/td><td><strong>Registration<\/strong><\/td><\/tr><tr><td>10:30-10:45<\/td><td><strong>Otwarcie konferencji:<\/strong> <br \/>dr hab. in\u017c. Marta Gmurek, Zast\u0119pczyni Przewodnicz\u0105cego AMU <br \/>dr Jacek Kolanowski, Przewodnicz\u0105cy AMU <br \/>prof. Stanis\u0142aw Jerzy Czuczwar, Vice President of the Polish Academy of Sciences<\/td><\/tr><tr><td>11:45-12:15<\/td><td><strong>Socjologia<\/strong> <br \/>Dr. Agata Zysiak<\/td><\/tr><tr><td>12:20-12:50<\/td><td><strong>Nauki rolnicze<\/strong> <br \/>dr hab. Ma\u0142gorzata Nowacka<\/td><\/tr><tr><td>12:55-13:25<\/td><td><strong>Automatyka, elektronika i elektrotechnika<\/strong> <br \/>dr hab. Eng. Monika Kwoka<\/td><\/tr><tr><td>13:30-14:00<\/td><td><strong>Informatyka w medycynie<\/strong> <br \/>dr hab. Anna Fabija\u0144ska<\/td><\/tr><tr><td>14:05-14:20<\/td><td><strong>Break<\/strong><\/td><\/tr><tr><td>14:20-16:00<\/td><td>&#8212;<\/td><\/tr><tr><td>Room 1<\/td><td><strong>Nauki biologiczne i medyczne<\/strong> <br \/>dr hab. Anna Ajduk, dr hab. Anna Fabija\u0144ska<\/td><\/tr><tr><td>Room 2<\/td><td><strong>Science<\/strong> <br \/>dr hab. Justyna Cybulska, dr hab. Ma\u0142gorzata Nowacka<\/td><\/tr><tr><td>Room 3<\/td><td><strong>Engineering and technical sciences<\/strong> <br \/>dr hab. Monika Kwoka, dr hab. Anna Szerling<\/td><\/tr><tr><td>Room 4<\/td><td><strong>Nauki o ziemi<\/strong> <br \/>dr hab. Anna K\u0142os, dr hab. Marzena Smol<\/td><\/tr><tr><td>Room 5<\/td><td><strong>Nauki spo\u0142eczne i humanistyczne<\/strong> <br \/>dr Monika Stobiecka, dr Agata Zysiak<\/td><\/tr><\/tbody><\/table>\t\t\t\t\t\t\t\t<\/div>\n\t\t\t\t<\/div>\n\t\t\t\t\t<\/div>\n\t\t<\/div>\n\t\t\t\t\t<\/div>\n\t\t<\/section>\n\t\t\t\t<section class=\"elementor-section elementor-top-section elementor-element elementor-element-4e2324f elementor-hidden-desktop elementor-hidden-tablet elementor-hidden-mobile elementor-section-boxed elementor-section-height-default elementor-section-height-default\" data-id=\"4e2324f\" data-element_type=\"section\">\n\t\t\t\t\t\t\t<div class=\"elementor-background-overlay\"><\/div>\n\t\t\t\t\t\t\t<div class=\"elementor-container elementor-column-gap-default\">\n\t\t\t\t\t<div class=\"elementor-column elementor-col-100 elementor-top-column elementor-element elementor-element-b74e365\" data-id=\"b74e365\" data-element_type=\"column\">\n\t\t\t<div class=\"elementor-widget-wrap elementor-element-populated\">\n\t\t\t\t\t\t<div class=\"elementor-element elementor-element-e62b87f elementor-widget elementor-widget-heading\" data-id=\"e62b87f\" data-element_type=\"widget\" data-widget_type=\"heading.default\">\n\t\t\t\t<div class=\"elementor-widget-container\">\n\t\t\t\t\t<h2 class=\"elementor-heading-title elementor-size-default\">Thematic sessions<\/h2>\t\t\t\t<\/div>\n\t\t\t\t<\/div>\n\t\t\t\t\t<\/div>\n\t\t<\/div>\n\t\t\t\t\t<\/div>\n\t\t<\/section>\n\t\t\t\t<\/div>","protected":false},"excerpt":{"rendered":"<p>Program Kobiety w nauce II 2022 10:00-10:30 Rejestracja 10:30-10:45 Otwarcie konferencji: dr hab. in\u017c. Marta Gmurek, Zast\u0119pczyni Przewodnicz\u0105cego AMU dr Jacek Kolanowski, Przewodnicz\u0105cy AMU prof. Stanis\u0142aw Jerzy Czuczwar, Wiceprezes PAN 11:45-12:15 Socjologia dr Agata Zysiak 12:20-12:50 Nauki rolnicze dr hab. Ma\u0142gorzata Nowacka 12:55-13:25 Automatyka, elektronika i elektrotechnika dr hab. in\u017c. Monika Kwoka 13:30-14:00 Informatyka w [&hellip;]<\/p>","protected":false},"author":2,"featured_media":0,"parent":958,"menu_order":0,"comment_status":"closed","ping_status":"closed","template":"elementor_canvas","meta":{"_monsterinsights_skip_tracking":false,"_monsterinsights_sitenote_active":false,"_monsterinsights_sitenote_note":"","_monsterinsights_sitenote_category":0,"footnotes":""},"class_list":["post-132","page","type-page","status-publish","hentry"],"yoast_head":"<!-- This site is optimized with the Yoast SEO plugin v25.0 - https:\/\/yoast.com\/wordpress\/plugins\/seo\/ -->\n<title>Program - Zosta\u0144 badaczk\u0105!<\/title>\n<meta name=\"robots\" content=\"index, follow, max-snippet:-1, max-image-preview:large, max-video-preview:-1\" \/>\n<link rel=\"canonical\" href=\"https:\/\/amu.pan.pl\/badaczka\/en\/home-2022-ii\/program-2022-ii\/\" \/>\n<meta property=\"og:locale\" content=\"en_GB\" \/>\n<meta property=\"og:type\" content=\"article\" \/>\n<meta property=\"og:title\" content=\"Program - Zosta\u0144 badaczk\u0105!\" \/>\n<meta property=\"og:description\" content=\"Program Kobiety w nauce II 2022 10:00-10:30 Rejestracja 10:30-10:45 Otwarcie konferencji: dr hab. in\u017c. Marta Gmurek, Zast\u0119pczyni Przewodnicz\u0105cego AMU dr Jacek Kolanowski, Przewodnicz\u0105cy AMU prof. Stanis\u0142aw Jerzy Czuczwar, Wiceprezes PAN 11:45-12:15 Socjologia dr Agata Zysiak 12:20-12:50 Nauki rolnicze dr hab. Ma\u0142gorzata Nowacka 12:55-13:25 Automatyka, elektronika i elektrotechnika dr hab. in\u017c. Monika Kwoka 13:30-14:00 Informatyka w [&hellip;]\" \/>\n<meta property=\"og:url\" content=\"https:\/\/amu.pan.pl\/badaczka\/en\/home-2022-ii\/program-2022-ii\/\" \/>\n<meta property=\"og:site_name\" content=\"Zosta\u0144 badaczk\u0105!\" \/>\n<meta property=\"article:modified_time\" content=\"2026-04-26T10:58:37+00:00\" \/>\n<meta property=\"og:image\" content=\"https:\/\/amu.pan.pl\/badaczka\/wp-content\/uploads\/sites\/2\/2022\/01\/Screenshot_20220118_144240.png\" \/>\n\t<meta property=\"og:image:width\" content=\"1465\" \/>\n\t<meta property=\"og:image:height\" content=\"773\" \/>\n\t<meta property=\"og:image:type\" content=\"image\/png\" \/>\n<meta name=\"twitter:card\" content=\"summary_large_image\" \/>\n<meta name=\"twitter:label1\" content=\"Estimated reading time\" \/>\n\t<meta name=\"twitter:data1\" content=\"1 minute\" \/>\n<script type=\"application\/ld+json\" class=\"yoast-schema-graph\">{\"@context\":\"https:\/\/schema.org\",\"@graph\":[{\"@type\":\"WebPage\",\"@id\":\"https:\/\/amu.pan.pl\/badaczka\/home-2022-ii\/program-2022-ii\/\",\"url\":\"https:\/\/amu.pan.pl\/badaczka\/home-2022-ii\/program-2022-ii\/\",\"name\":\"Program - Zosta\u0144 badaczk\u0105!\",\"isPartOf\":{\"@id\":\"https:\/\/amu.pan.pl\/badaczka\/#website\"},\"datePublished\":\"2018-12-21T11:18:54+00:00\",\"dateModified\":\"2026-04-26T10:58:37+00:00\",\"breadcrumb\":{\"@id\":\"https:\/\/amu.pan.pl\/badaczka\/home-2022-ii\/program-2022-ii\/#breadcrumb\"},\"inLanguage\":\"en-GB\",\"potentialAction\":[{\"@type\":\"ReadAction\",\"target\":[\"https:\/\/amu.pan.pl\/badaczka\/home-2022-ii\/program-2022-ii\/\"]}]},{\"@type\":\"BreadcrumbList\",\"@id\":\"https:\/\/amu.pan.pl\/badaczka\/home-2022-ii\/program-2022-ii\/#breadcrumb\",\"itemListElement\":[{\"@type\":\"ListItem\",\"position\":1,\"name\":\"Strona g\u0142\u00f3wna\",\"item\":\"https:\/\/amu.pan.pl\/badaczka\/\"},{\"@type\":\"ListItem\",\"position\":2,\"name\":\"Edycja II 2022\",\"item\":\"https:\/\/amu.pan.pl\/badaczka\/home-2022-ii\/\"},{\"@type\":\"ListItem\",\"position\":3,\"name\":\"Program\"}]},{\"@type\":\"WebSite\",\"@id\":\"https:\/\/amu.pan.pl\/badaczka\/#website\",\"url\":\"https:\/\/amu.pan.pl\/badaczka\/\",\"name\":\"Zosta\u0144 badaczk\u0105!\",\"description\":\"Kobiety w nauce\",\"publisher\":{\"@id\":\"https:\/\/amu.pan.pl\/badaczka\/#organization\"},\"potentialAction\":[{\"@type\":\"SearchAction\",\"target\":{\"@type\":\"EntryPoint\",\"urlTemplate\":\"https:\/\/amu.pan.pl\/badaczka\/?s={search_term_string}\"},\"query-input\":{\"@type\":\"PropertyValueSpecification\",\"valueRequired\":true,\"valueName\":\"search_term_string\"}}],\"inLanguage\":\"en-GB\"},{\"@type\":\"Organization\",\"@id\":\"https:\/\/amu.pan.pl\/badaczka\/#organization\",\"name\":\"Zosta\u0144 badaczk\u0105!\",\"url\":\"https:\/\/amu.pan.pl\/badaczka\/\",\"logo\":{\"@type\":\"ImageObject\",\"inLanguage\":\"en-GB\",\"@id\":\"https:\/\/amu.pan.pl\/badaczka\/#\/schema\/logo\/image\/\",\"url\":\"https:\/\/amu.pan.pl\/badaczka\/wp-content\/uploads\/sites\/2\/2020\/11\/AMU_logo_mini.png\",\"contentUrl\":\"https:\/\/amu.pan.pl\/badaczka\/wp-content\/uploads\/sites\/2\/2020\/11\/AMU_logo_mini.png\",\"width\":150,\"height\":85,\"caption\":\"Zosta\u0144 badaczk\u0105!\"},\"image\":{\"@id\":\"https:\/\/amu.pan.pl\/badaczka\/#\/schema\/logo\/image\/\"}}]}<\/script>\n<!-- \/ Yoast SEO plugin. -->","yoast_head_json":{"title":"Program - Zosta\u0144 badaczk\u0105!","robots":{"index":"index","follow":"follow","max-snippet":"max-snippet:-1","max-image-preview":"max-image-preview:large","max-video-preview":"max-video-preview:-1"},"canonical":"https:\/\/amu.pan.pl\/badaczka\/en\/home-2022-ii\/program-2022-ii\/","og_locale":"en_GB","og_type":"article","og_title":"Program - Zosta\u0144 badaczk\u0105!","og_description":"Program Kobiety w nauce II 2022 10:00-10:30 Rejestracja 10:30-10:45 Otwarcie konferencji: dr hab. in\u017c. Marta Gmurek, Zast\u0119pczyni Przewodnicz\u0105cego AMU dr Jacek Kolanowski, Przewodnicz\u0105cy AMU prof. Stanis\u0142aw Jerzy Czuczwar, Wiceprezes PAN 11:45-12:15 Socjologia dr Agata Zysiak 12:20-12:50 Nauki rolnicze dr hab. Ma\u0142gorzata Nowacka 12:55-13:25 Automatyka, elektronika i elektrotechnika dr hab. in\u017c. Monika Kwoka 13:30-14:00 Informatyka w [&hellip;]","og_url":"https:\/\/amu.pan.pl\/badaczka\/en\/home-2022-ii\/program-2022-ii\/","og_site_name":"Zosta\u0144 badaczk\u0105!","article_modified_time":"2026-04-26T10:58:37+00:00","og_image":[{"width":1465,"height":773,"url":"https:\/\/amu.pan.pl\/badaczka\/wp-content\/uploads\/sites\/2\/2022\/01\/Screenshot_20220118_144240.png","type":"image\/png"}],"twitter_card":"summary_large_image","twitter_misc":{"Estimated reading time":"1 minute"},"schema":{"@context":"https:\/\/schema.org","@graph":[{"@type":"WebPage","@id":"https:\/\/amu.pan.pl\/badaczka\/home-2022-ii\/program-2022-ii\/","url":"https:\/\/amu.pan.pl\/badaczka\/home-2022-ii\/program-2022-ii\/","name":"Program - Zosta\u0144 badaczk\u0105!","isPartOf":{"@id":"https:\/\/amu.pan.pl\/badaczka\/#website"},"datePublished":"2018-12-21T11:18:54+00:00","dateModified":"2026-04-26T10:58:37+00:00","breadcrumb":{"@id":"https:\/\/amu.pan.pl\/badaczka\/home-2022-ii\/program-2022-ii\/#breadcrumb"},"inLanguage":"en-GB","potentialAction":[{"@type":"ReadAction","target":["https:\/\/amu.pan.pl\/badaczka\/home-2022-ii\/program-2022-ii\/"]}]},{"@type":"BreadcrumbList","@id":"https:\/\/amu.pan.pl\/badaczka\/home-2022-ii\/program-2022-ii\/#breadcrumb","itemListElement":[{"@type":"ListItem","position":1,"name":"Strona g\u0142\u00f3wna","item":"https:\/\/amu.pan.pl\/badaczka\/"},{"@type":"ListItem","position":2,"name":"Edycja II 2022","item":"https:\/\/amu.pan.pl\/badaczka\/home-2022-ii\/"},{"@type":"ListItem","position":3,"name":"Program"}]},{"@type":"WebSite","@id":"https:\/\/amu.pan.pl\/badaczka\/#website","url":"https:\/\/amu.pan.pl\/badaczka\/","name":"Zosta\u0144 badaczk\u0105!","description":"Kobiety w nauce","publisher":{"@id":"https:\/\/amu.pan.pl\/badaczka\/#organization"},"potentialAction":[{"@type":"SearchAction","target":{"@type":"EntryPoint","urlTemplate":"https:\/\/amu.pan.pl\/badaczka\/?s={search_term_string}"},"query-input":{"@type":"PropertyValueSpecification","valueRequired":true,"valueName":"search_term_string"}}],"inLanguage":"en-GB"},{"@type":"Organization","@id":"https:\/\/amu.pan.pl\/badaczka\/#organization","name":"Zosta\u0144 badaczk\u0105!","url":"https:\/\/amu.pan.pl\/badaczka\/","logo":{"@type":"ImageObject","inLanguage":"en-GB","@id":"https:\/\/amu.pan.pl\/badaczka\/#\/schema\/logo\/image\/","url":"https:\/\/amu.pan.pl\/badaczka\/wp-content\/uploads\/sites\/2\/2020\/11\/AMU_logo_mini.png","contentUrl":"https:\/\/amu.pan.pl\/badaczka\/wp-content\/uploads\/sites\/2\/2020\/11\/AMU_logo_mini.png","width":150,"height":85,"caption":"Zosta\u0144 badaczk\u0105!"},"image":{"@id":"https:\/\/amu.pan.pl\/badaczka\/#\/schema\/logo\/image\/"}}]}},"_links":{"self":[{"href":"https:\/\/amu.pan.pl\/badaczka\/en\/wp-json\/wp\/v2\/pages\/132","targetHints":{"allow":["GET"]}}],"collection":[{"href":"https:\/\/amu.pan.pl\/badaczka\/en\/wp-json\/wp\/v2\/pages"}],"about":[{"href":"https:\/\/amu.pan.pl\/badaczka\/en\/wp-json\/wp\/v2\/types\/page"}],"author":[{"embeddable":true,"href":"https:\/\/amu.pan.pl\/badaczka\/en\/wp-json\/wp\/v2\/users\/2"}],"replies":[{"embeddable":true,"href":"https:\/\/amu.pan.pl\/badaczka\/en\/wp-json\/wp\/v2\/comments?post=132"}],"version-history":[{"count":36,"href":"https:\/\/amu.pan.pl\/badaczka\/en\/wp-json\/wp\/v2\/pages\/132\/revisions"}],"predecessor-version":[{"id":2705,"href":"https:\/\/amu.pan.pl\/badaczka\/en\/wp-json\/wp\/v2\/pages\/132\/revisions\/2705"}],"up":[{"embeddable":true,"href":"https:\/\/amu.pan.pl\/badaczka\/en\/wp-json\/wp\/v2\/pages\/958"}],"wp:attachment":[{"href":"https:\/\/amu.pan.pl\/badaczka\/en\/wp-json\/wp\/v2\/media?parent=132"}],"curies":[{"name":"wp","href":"https:\/\/api.w.org\/{rel}","templated":true}]}}