{"id":159,"date":"2019-01-18T17:29:18","date_gmt":"2019-01-18T17:29:18","guid":{"rendered":"http:\/\/amu.pan.pl\/kobietywnauce\/?page_id=159"},"modified":"2019-01-18T17:29:18","modified_gmt":"2019-01-18T17:29:18","slug":"program-koncertu","status":"publish","type":"page","link":"https:\/\/amu.pan.pl\/badaczka\/en\/program-koncertu\/","title":{"rendered":"Concert program"},"content":{"rendered":"<p><span style=\"text-decoration: underline\"><strong>Profiles of scientists:<\/strong><\/span><\/p>\n<p><strong>Gerty Cori<\/strong> (1896-1957) - (Czech Republic) - received the Nobel Prize in Physiology and Medicine for research on glycogenolysis, the first Nobel Prize in Medicine for a Woman<\/p>\n<p class=\"m_-8638304747730165110gmail-MsoListParagraphCxSpMiddle\"><strong>Miriam Menkin<\/strong> (1901 - 1992) - (Latvia) - the first embryologist who managed to fuse a human egg with a sperm and obtain an early stage embryo<\/p>\n<p class=\"m_-8638304747730165110gmail-MsoListParagraphCxSpMiddle\"><strong>Rosalind Franklin<\/strong> (1920\u20131958) - (Great Britain) - specialist in the field of X-ray crystallography, co-discoverer of the DNA double helix<\/p>\n<p class=\"m_-8638304747730165110gmail-MsoListParagraphCxSpMiddle\"><strong>Ada Lovelace<\/strong> (1815-1852) - (UK) - The first published algorithm written with the intention of being executed on a machine<\/p>\n<p class=\"m_-8638304747730165110gmail-MsoListParagraphCxSpMiddle\"><strong>Ada Jonath<\/strong> (born 1939) - Nobel Prize in Chemistry for research into the structure and function of ribosomes<\/p>\n<p class=\"m_-8638304747730165110gmail-MsoListParagraphCxSpMiddle\"><strong>J\u00f3zef Joteyko<\/strong> (1866-1928) - (Poczujki near Kiev) - psychologist, educator, physiologist, co-organizer of special education, president of the Belgian Neurological Society and multiple laureate of the Paris Academy of Sciences.<\/p>\n<p class=\"m_-8638304747730165110gmail-MsoListParagraphCxSpMiddle\"><strong>Lise Meitner<\/strong> (1878 -1968) - (Austria) - the first to explain the theoretically the phenomenon of nuclear disintegration<\/p>\n<p class=\"m_-8638304747730165110gmail-MsoListParagraphCxSpMiddle\"><strong>Hedy Lamarr<\/strong> (1914-2000) - (Austria) - the actress, once recognized as the most beautiful woman in Hollywood, patented the telecommunications technology currently standing in mobile telephony<\/p>\n<p class=\"m_-8638304747730165110gmail-MsoListParagraphCxSpMiddle\"><strong>Wilhemina Iwanowska<\/strong> (1905-1999) - (Vilnius) - studies on stars in space, photometric photometry, variable stars, star spectra and galaxy evolution<\/p>\n<p class=\"m_-8638304747730165110gmail-MsoListParagraphCxSpMiddle\"><strong>Magdalena \u017bernicka-Goetz<\/strong> (born 1963) - (Warsaw) - Winner of the readers&#039; vote for the scientific breakthrough of 2016 in the magazine Science - demonstrating the self-organization of human embryos by day 13\/14, which allowed for further studies of the early stages of human development<\/p>\n<p><span style=\"text-decoration: underline\"><strong>Music<\/strong><\/span><\/p>\n<p class=\"m_-8638304747730165110gmail-MsoListParagraphCxSpFirst\"><span lang=\"EN-US\">Ella Fitzgerald - Dream A Little Dream Of Me<\/span><\/p>\n<p class=\"m_-8638304747730165110gmail-MsoListParagraphCxSpMiddle\">The Beatles - The Girl \/ Yesterday<\/p>\n<p class=\"m_-8638304747730165110gmail-MsoListParagraphCxSpMiddle\">Hava nagila<\/p>\n<p class=\"m_-8638304747730165110gmail-MsoListParagraphCxSpMiddle\">\u041e\u0439 \u0447\u0438\u0439 \u0442\u043e \u043a\u0456\u043d\u044c \u0441\u0442\u043e\u0457\u0442\u044c<\/p>\n<p class=\"m_-8638304747730165110gmail-MsoListParagraphCxSpMiddle\">Edith Piaf - Padam Padam<\/p>\n<p class=\"m_-8638304747730165110gmail-MsoListParagraphCxSpMiddle\">Andrzej Kurylewicz - Polish Roads<\/p>\n<p class=\"m_-8638304747730165110gmail-MsoListParagraphCxSpLast\">Frank Sinatra - My Way<\/p>","protected":false},"excerpt":{"rendered":"<p>Sylwetki naukowczy\u0144: Gerty Cori (1896-1957) \u2013 (Czechy) &#8211; otrzyma\u0142a Nagrod\u0119 Nobla w zakresie fizjologii i medycyny za badania nad glikogenoliz\u0105, pierwszy Nobel z medycyny dla kobiety Miriam Menkin (1901 \u2013 1992) \u2013 (\u0141otwa) &#8211; pierwsza embriolo\u017cka, kt\u00f3rej uda\u0142o si\u0119 po\u0142\u0105czy\u0107 ludzk\u0105 kom\u00f3rk\u0119 jajow\u0105 z plemnikiem i uzyska\u0107 zarodek we wczesnym stadium Rosalind Franklin (1920\u20131958) \u2013 [&hellip;]<\/p>","protected":false},"author":2,"featured_media":0,"parent":0,"menu_order":0,"comment_status":"closed","ping_status":"closed","template":"","meta":{"_monsterinsights_skip_tracking":false,"_monsterinsights_sitenote_active":false,"_monsterinsights_sitenote_note":"","_monsterinsights_sitenote_category":0,"footnotes":""},"class_list":["post-159","page","type-page","status-publish","hentry"],"yoast_head":"<!-- This site is optimized with the Yoast SEO plugin v25.0 - https:\/\/yoast.com\/wordpress\/plugins\/seo\/ -->\n<title>Program koncertu - Zosta\u0144 badaczk\u0105!<\/title>\n<meta name=\"robots\" content=\"index, follow, max-snippet:-1, max-image-preview:large, max-video-preview:-1\" \/>\n<link rel=\"canonical\" href=\"https:\/\/amu.pan.pl\/badaczka\/en\/program-koncertu\/\" \/>\n<meta property=\"og:locale\" content=\"en_GB\" \/>\n<meta property=\"og:type\" content=\"article\" \/>\n<meta property=\"og:title\" content=\"Program koncertu - Zosta\u0144 badaczk\u0105!\" \/>\n<meta property=\"og:description\" content=\"Sylwetki naukowczy\u0144: Gerty Cori (1896-1957) \u2013 (Czechy) &#8211; otrzyma\u0142a Nagrod\u0119 Nobla w zakresie fizjologii i medycyny za badania nad glikogenoliz\u0105, pierwszy Nobel z medycyny dla kobiety Miriam Menkin (1901 \u2013 1992) \u2013 (\u0141otwa) &#8211; pierwsza embriolo\u017cka, kt\u00f3rej uda\u0142o si\u0119 po\u0142\u0105czy\u0107 ludzk\u0105 kom\u00f3rk\u0119 jajow\u0105 z plemnikiem i uzyska\u0107 zarodek we wczesnym stadium Rosalind Franklin (1920\u20131958) \u2013 [&hellip;]\" \/>\n<meta property=\"og:url\" content=\"https:\/\/amu.pan.pl\/badaczka\/en\/program-koncertu\/\" \/>\n<meta property=\"og:site_name\" content=\"Zosta\u0144 badaczk\u0105!\" \/>\n<meta property=\"og:image\" content=\"https:\/\/amu.pan.pl\/badaczka\/wp-content\/uploads\/sites\/2\/2022\/01\/Screenshot_20220118_144240.png\" \/>\n\t<meta property=\"og:image:width\" content=\"1465\" \/>\n\t<meta property=\"og:image:height\" content=\"773\" \/>\n\t<meta property=\"og:image:type\" content=\"image\/png\" \/>\n<meta name=\"twitter:card\" content=\"summary_large_image\" \/>\n<meta name=\"twitter:label1\" content=\"Estimated reading time\" \/>\n\t<meta name=\"twitter:data1\" content=\"1 minute\" \/>\n<script type=\"application\/ld+json\" class=\"yoast-schema-graph\">{\"@context\":\"https:\/\/schema.org\",\"@graph\":[{\"@type\":\"WebPage\",\"@id\":\"https:\/\/amu.pan.pl\/badaczka\/program-koncertu\/\",\"url\":\"https:\/\/amu.pan.pl\/badaczka\/program-koncertu\/\",\"name\":\"Program koncertu - Zosta\u0144 badaczk\u0105!\",\"isPartOf\":{\"@id\":\"https:\/\/amu.pan.pl\/badaczka\/#website\"},\"datePublished\":\"2019-01-18T17:29:18+00:00\",\"breadcrumb\":{\"@id\":\"https:\/\/amu.pan.pl\/badaczka\/program-koncertu\/#breadcrumb\"},\"inLanguage\":\"en-GB\",\"potentialAction\":[{\"@type\":\"ReadAction\",\"target\":[\"https:\/\/amu.pan.pl\/badaczka\/program-koncertu\/\"]}]},{\"@type\":\"BreadcrumbList\",\"@id\":\"https:\/\/amu.pan.pl\/badaczka\/program-koncertu\/#breadcrumb\",\"itemListElement\":[{\"@type\":\"ListItem\",\"position\":1,\"name\":\"Strona g\u0142\u00f3wna\",\"item\":\"https:\/\/amu.pan.pl\/badaczka\/\"},{\"@type\":\"ListItem\",\"position\":2,\"name\":\"Program koncertu\"}]},{\"@type\":\"WebSite\",\"@id\":\"https:\/\/amu.pan.pl\/badaczka\/#website\",\"url\":\"https:\/\/amu.pan.pl\/badaczka\/\",\"name\":\"Zosta\u0144 badaczk\u0105!\",\"description\":\"Kobiety w nauce\",\"publisher\":{\"@id\":\"https:\/\/amu.pan.pl\/badaczka\/#organization\"},\"potentialAction\":[{\"@type\":\"SearchAction\",\"target\":{\"@type\":\"EntryPoint\",\"urlTemplate\":\"https:\/\/amu.pan.pl\/badaczka\/?s={search_term_string}\"},\"query-input\":{\"@type\":\"PropertyValueSpecification\",\"valueRequired\":true,\"valueName\":\"search_term_string\"}}],\"inLanguage\":\"en-GB\"},{\"@type\":\"Organization\",\"@id\":\"https:\/\/amu.pan.pl\/badaczka\/#organization\",\"name\":\"Zosta\u0144 badaczk\u0105!\",\"url\":\"https:\/\/amu.pan.pl\/badaczka\/\",\"logo\":{\"@type\":\"ImageObject\",\"inLanguage\":\"en-GB\",\"@id\":\"https:\/\/amu.pan.pl\/badaczka\/#\/schema\/logo\/image\/\",\"url\":\"https:\/\/amu.pan.pl\/badaczka\/wp-content\/uploads\/sites\/2\/2020\/11\/AMU_logo_mini.png\",\"contentUrl\":\"https:\/\/amu.pan.pl\/badaczka\/wp-content\/uploads\/sites\/2\/2020\/11\/AMU_logo_mini.png\",\"width\":150,\"height\":85,\"caption\":\"Zosta\u0144 badaczk\u0105!\"},\"image\":{\"@id\":\"https:\/\/amu.pan.pl\/badaczka\/#\/schema\/logo\/image\/\"}}]}<\/script>\n<!-- \/ Yoast SEO plugin. -->","yoast_head_json":{"title":"Program koncertu - Zosta\u0144 badaczk\u0105!","robots":{"index":"index","follow":"follow","max-snippet":"max-snippet:-1","max-image-preview":"max-image-preview:large","max-video-preview":"max-video-preview:-1"},"canonical":"https:\/\/amu.pan.pl\/badaczka\/en\/program-koncertu\/","og_locale":"en_GB","og_type":"article","og_title":"Program koncertu - Zosta\u0144 badaczk\u0105!","og_description":"Sylwetki naukowczy\u0144: Gerty Cori (1896-1957) \u2013 (Czechy) &#8211; otrzyma\u0142a Nagrod\u0119 Nobla w zakresie fizjologii i medycyny za badania nad glikogenoliz\u0105, pierwszy Nobel z medycyny dla kobiety Miriam Menkin (1901 \u2013 1992) \u2013 (\u0141otwa) &#8211; pierwsza embriolo\u017cka, kt\u00f3rej uda\u0142o si\u0119 po\u0142\u0105czy\u0107 ludzk\u0105 kom\u00f3rk\u0119 jajow\u0105 z plemnikiem i uzyska\u0107 zarodek we wczesnym stadium Rosalind Franklin (1920\u20131958) \u2013 [&hellip;]","og_url":"https:\/\/amu.pan.pl\/badaczka\/en\/program-koncertu\/","og_site_name":"Zosta\u0144 badaczk\u0105!","og_image":[{"width":1465,"height":773,"url":"https:\/\/amu.pan.pl\/badaczka\/wp-content\/uploads\/sites\/2\/2022\/01\/Screenshot_20220118_144240.png","type":"image\/png"}],"twitter_card":"summary_large_image","twitter_misc":{"Estimated reading time":"1 minute"},"schema":{"@context":"https:\/\/schema.org","@graph":[{"@type":"WebPage","@id":"https:\/\/amu.pan.pl\/badaczka\/program-koncertu\/","url":"https:\/\/amu.pan.pl\/badaczka\/program-koncertu\/","name":"Program koncertu - Zosta\u0144 badaczk\u0105!","isPartOf":{"@id":"https:\/\/amu.pan.pl\/badaczka\/#website"},"datePublished":"2019-01-18T17:29:18+00:00","breadcrumb":{"@id":"https:\/\/amu.pan.pl\/badaczka\/program-koncertu\/#breadcrumb"},"inLanguage":"en-GB","potentialAction":[{"@type":"ReadAction","target":["https:\/\/amu.pan.pl\/badaczka\/program-koncertu\/"]}]},{"@type":"BreadcrumbList","@id":"https:\/\/amu.pan.pl\/badaczka\/program-koncertu\/#breadcrumb","itemListElement":[{"@type":"ListItem","position":1,"name":"Strona g\u0142\u00f3wna","item":"https:\/\/amu.pan.pl\/badaczka\/"},{"@type":"ListItem","position":2,"name":"Program koncertu"}]},{"@type":"WebSite","@id":"https:\/\/amu.pan.pl\/badaczka\/#website","url":"https:\/\/amu.pan.pl\/badaczka\/","name":"Zosta\u0144 badaczk\u0105!","description":"Kobiety w nauce","publisher":{"@id":"https:\/\/amu.pan.pl\/badaczka\/#organization"},"potentialAction":[{"@type":"SearchAction","target":{"@type":"EntryPoint","urlTemplate":"https:\/\/amu.pan.pl\/badaczka\/?s={search_term_string}"},"query-input":{"@type":"PropertyValueSpecification","valueRequired":true,"valueName":"search_term_string"}}],"inLanguage":"en-GB"},{"@type":"Organization","@id":"https:\/\/amu.pan.pl\/badaczka\/#organization","name":"Zosta\u0144 badaczk\u0105!","url":"https:\/\/amu.pan.pl\/badaczka\/","logo":{"@type":"ImageObject","inLanguage":"en-GB","@id":"https:\/\/amu.pan.pl\/badaczka\/#\/schema\/logo\/image\/","url":"https:\/\/amu.pan.pl\/badaczka\/wp-content\/uploads\/sites\/2\/2020\/11\/AMU_logo_mini.png","contentUrl":"https:\/\/amu.pan.pl\/badaczka\/wp-content\/uploads\/sites\/2\/2020\/11\/AMU_logo_mini.png","width":150,"height":85,"caption":"Zosta\u0144 badaczk\u0105!"},"image":{"@id":"https:\/\/amu.pan.pl\/badaczka\/#\/schema\/logo\/image\/"}}]}},"_links":{"self":[{"href":"https:\/\/amu.pan.pl\/badaczka\/en\/wp-json\/wp\/v2\/pages\/159","targetHints":{"allow":["GET"]}}],"collection":[{"href":"https:\/\/amu.pan.pl\/badaczka\/en\/wp-json\/wp\/v2\/pages"}],"about":[{"href":"https:\/\/amu.pan.pl\/badaczka\/en\/wp-json\/wp\/v2\/types\/page"}],"author":[{"embeddable":true,"href":"https:\/\/amu.pan.pl\/badaczka\/en\/wp-json\/wp\/v2\/users\/2"}],"replies":[{"embeddable":true,"href":"https:\/\/amu.pan.pl\/badaczka\/en\/wp-json\/wp\/v2\/comments?post=159"}],"version-history":[{"count":0,"href":"https:\/\/amu.pan.pl\/badaczka\/en\/wp-json\/wp\/v2\/pages\/159\/revisions"}],"wp:attachment":[{"href":"https:\/\/amu.pan.pl\/badaczka\/en\/wp-json\/wp\/v2\/media?parent=159"}],"curies":[{"name":"wp","href":"https:\/\/api.w.org\/{rel}","templated":true}]}}