{"id":1750,"date":"2025-08-11T15:01:54","date_gmt":"2025-08-11T13:01:54","guid":{"rendered":"https:\/\/amu.pan.pl\/badaczka\/?page_id=1750"},"modified":"2025-10-29T11:04:54","modified_gmt":"2025-10-29T10:04:54","slug":"home-2025","status":"publish","type":"page","link":"https:\/\/amu.pan.pl\/badaczka\/en\/","title":{"rendered":"Home 2025"},"content":{"rendered":"<div data-elementor-type=\"wp-post\" data-elementor-id=\"1750\" class=\"elementor elementor-1750\">\n\t\t\t\t\t\t<section class=\"elementor-section elementor-top-section elementor-element elementor-element-fa14be6 elementor-section-boxed elementor-section-height-default elementor-section-height-default\" data-id=\"fa14be6\" data-element_type=\"section\">\n\t\t\t\t\t\t<div class=\"elementor-container elementor-column-gap-default\">\n\t\t\t\t\t<div class=\"elementor-column elementor-col-100 elementor-top-column elementor-element elementor-element-1d012c1\" data-id=\"1d012c1\" data-element_type=\"column\">\n\t\t\t<div class=\"elementor-widget-wrap elementor-element-populated\">\n\t\t\t\t\t\t<div class=\"elementor-element elementor-element-2036118 elementor-widget elementor-widget-image\" data-id=\"2036118\" data-element_type=\"widget\" data-widget_type=\"image.default\">\n\t\t\t\t<div class=\"elementor-widget-container\">\n\t\t\t\t\t\t\t\t\t\t\t\t\t\t\t<img fetchpriority=\"high\" decoding=\"async\" width=\"768\" height=\"771\" src=\"https:\/\/amu.pan.pl\/badaczka\/wp-content\/uploads\/sites\/2\/2025\/09\/Zrzut-ekranu-2025-08-28-o-10.33.45-768x771.png\" class=\"attachment-medium_large size-medium_large wp-image-1789\" alt=\"\" srcset=\"https:\/\/amu.pan.pl\/badaczka\/wp-content\/uploads\/sites\/2\/2025\/09\/Zrzut-ekranu-2025-08-28-o-10.33.45-768x771.png 768w, https:\/\/amu.pan.pl\/badaczka\/wp-content\/uploads\/sites\/2\/2025\/09\/Zrzut-ekranu-2025-08-28-o-10.33.45-300x300.png 300w, https:\/\/amu.pan.pl\/badaczka\/wp-content\/uploads\/sites\/2\/2025\/09\/Zrzut-ekranu-2025-08-28-o-10.33.45-1019x1024.png 1019w, https:\/\/amu.pan.pl\/badaczka\/wp-content\/uploads\/sites\/2\/2025\/09\/Zrzut-ekranu-2025-08-28-o-10.33.45-150x150.png 150w, https:\/\/amu.pan.pl\/badaczka\/wp-content\/uploads\/sites\/2\/2025\/09\/Zrzut-ekranu-2025-08-28-o-10.33.45-12x12.png 12w, https:\/\/amu.pan.pl\/badaczka\/wp-content\/uploads\/sites\/2\/2025\/09\/Zrzut-ekranu-2025-08-28-o-10.33.45.png 1318w\" sizes=\"(max-width: 768px) 100vw, 768px\" \/>\t\t\t\t\t\t\t\t\t\t\t\t\t\t\t<\/div>\n\t\t\t\t<\/div>\n\t\t\t\t\t<\/div>\n\t\t<\/div>\n\t\t\t\t\t<\/div>\n\t\t<\/section>\n\t\t\t\t<section class=\"elementor-section elementor-top-section elementor-element elementor-element-de2688c elementor-section-boxed elementor-section-height-default elementor-section-height-default\" data-id=\"de2688c\" data-element_type=\"section\">\n\t\t\t\t\t\t<div class=\"elementor-container elementor-column-gap-default\">\n\t\t\t\t\t<div class=\"elementor-column elementor-col-100 elementor-top-column elementor-element elementor-element-c161c87\" data-id=\"c161c87\" data-element_type=\"column\">\n\t\t\t<div class=\"elementor-widget-wrap elementor-element-populated\">\n\t\t\t\t\t\t<section class=\"elementor-section elementor-inner-section elementor-element elementor-element-f7e650f elementor-section-boxed elementor-section-height-default elementor-section-height-default\" data-id=\"f7e650f\" data-element_type=\"section\">\n\t\t\t\t\t\t<div class=\"elementor-container elementor-column-gap-default\">\n\t\t\t\t\t<div class=\"elementor-column elementor-col-50 elementor-inner-column elementor-element elementor-element-c7545bb\" data-id=\"c7545bb\" data-element_type=\"column\">\n\t\t\t<div class=\"elementor-widget-wrap elementor-element-populated\">\n\t\t\t\t\t\t<div class=\"elementor-element elementor-element-69271c1 elementor-widget elementor-widget-heading\" data-id=\"69271c1\" data-element_type=\"widget\" data-widget_type=\"heading.default\">\n\t\t\t\t<div class=\"elementor-widget-container\">\n\t\t\t\t\t<h4 class=\"elementor-heading-title elementor-size-default\"><h2 class=\"elementor-heading-title elementor-size-default\" style=\"font-size: 53px; font-style: normal; line-height: 1; font-family: Roboto, sans-serif; white-space-collapse: collapse;\">Become a researcher!<br><br><\/h2><h3 style=\"font-style: normal; white-space-collapse: collapse;\">Kobiety w nauce 2025<\/h3><\/h4>\t\t\t\t<\/div>\n\t\t\t\t<\/div>\n\t\t\t\t\t<\/div>\n\t\t<\/div>\n\t\t\t\t<div class=\"elementor-column elementor-col-50 elementor-inner-column elementor-element elementor-element-10e597d\" data-id=\"10e597d\" data-element_type=\"column\">\n\t\t\t<div class=\"elementor-widget-wrap elementor-element-populated\">\n\t\t\t\t\t\t<div class=\"elementor-element elementor-element-78e5dbe elementor-widget elementor-widget-text-editor\" data-id=\"78e5dbe\" data-element_type=\"widget\" data-widget_type=\"text-editor.default\">\n\t\t\t\t<div class=\"elementor-widget-container\">\n\t\t\t\t\t\t\t\t\t<p><strong>Z przyjemno\u015bci\u0105 og\u0142aszamy, \u017ce ju\u017c po raz sz\u00f3sty Akademia M\u0142odych Uczonych organizuje spotkanie z cyklu \u201eZosta\u0144 badaczk\u0105\u201d. W 2025 roku odb\u0119dzie si\u0119 ono w Warszawie, na terenie Akademii Leona Ko\u017ami\u0144skiego.<\/strong> Udzia\u0142 w wydarzeniu b\u0119dzie bezp\u0142atny, a szczeg\u00f3\u0142y dotycz\u0105ce rejestracji podamy wkr\u00f3tce.<\/p><p>Kobiety stanowi\u0105 wi\u0119kszo\u015b\u0107 os\u00f3b studiuj\u0105cych w Polsce, jednak stosunkowo niewiele z nich decyduje si\u0119 na karier\u0119 naukow\u0105, zw\u0142aszcza w dziedzinach STEM (science, technology, engineering &amp; mathematics). Spotkania z cyklu \u201eZosta\u0144 badaczk\u0105\u201d maj\u0105 na celu zach\u0119cenie uczennic i studentek do obrania \u015bcie\u017cki kariery naukowej. Chcemy pokaza\u0107, \u017ce praca w nauce daje ogrom satysfakcji, pozwala na ci\u0105g\u0142y rozw\u00f3j i stawianie sobie ambitnych cel\u00f3w, cho\u0107 nie brakuje w niej r\u00f3wnie\u017c wyzwa\u0144.<\/p>\t\t\t\t\t\t\t\t<\/div>\n\t\t\t\t<\/div>\n\t\t\t\t\t<\/div>\n\t\t<\/div>\n\t\t\t\t\t<\/div>\n\t\t<\/section>\n\t\t\t\t\t<\/div>\n\t\t<\/div>\n\t\t\t\t\t<\/div>\n\t\t<\/section>\n\t\t\t\t<section class=\"elementor-section elementor-top-section elementor-element elementor-element-d9df66c elementor-section-boxed elementor-section-height-default elementor-section-height-default\" data-id=\"d9df66c\" data-element_type=\"section\">\n\t\t\t\t\t\t<div class=\"elementor-container elementor-column-gap-default\">\n\t\t\t\t\t<div class=\"elementor-column elementor-col-33 elementor-top-column elementor-element elementor-element-e535dab\" data-id=\"e535dab\" data-element_type=\"column\" data-settings=\"{&quot;background_background&quot;:&quot;classic&quot;}\">\n\t\t\t<div class=\"elementor-widget-wrap elementor-element-populated\">\n\t\t\t\t\t\t<div class=\"elementor-element elementor-element-5775474 elementor-position-top elementor-widget elementor-widget-image-box\" data-id=\"5775474\" data-element_type=\"widget\" data-widget_type=\"image-box.default\">\n\t\t\t\t<div class=\"elementor-widget-container\">\n\t\t\t\t\t<div class=\"elementor-image-box-wrapper\"><figure class=\"elementor-image-box-img\"><img decoding=\"async\" width=\"51\" height=\"51\" src=\"https:\/\/amu.pan.pl\/badaczka\/wp-content\/uploads\/sites\/2\/2020\/07\/spectacles-bg.png\" class=\"attachment-full size-full wp-image-628\" alt=\"\" srcset=\"https:\/\/amu.pan.pl\/badaczka\/wp-content\/uploads\/sites\/2\/2020\/07\/spectacles-bg.png 51w, https:\/\/amu.pan.pl\/badaczka\/wp-content\/uploads\/sites\/2\/2020\/07\/spectacles-bg-12x12.png 12w\" sizes=\"(max-width: 51px) 100vw, 51px\" \/><\/figure><div class=\"elementor-image-box-content\"><h3 class=\"elementor-image-box-title\">For whom<\/h3><p class=\"elementor-image-box-description\">Do udzia\u0142u w spotkaniu zapraszamy uczennice szk\u00f3\u0142 \u015brednich, studentki i doktorantki pierwszych lat.<\/p><\/div><\/div>\t\t\t\t<\/div>\n\t\t\t\t<\/div>\n\t\t\t\t\t<\/div>\n\t\t<\/div>\n\t\t\t\t<div class=\"elementor-column elementor-col-33 elementor-top-column elementor-element elementor-element-f2a4a35\" data-id=\"f2a4a35\" data-element_type=\"column\" data-settings=\"{&quot;background_background&quot;:&quot;classic&quot;}\">\n\t\t\t<div class=\"elementor-widget-wrap elementor-element-populated\">\n\t\t\t\t\t\t<div class=\"elementor-element elementor-element-d8cf9f8 elementor-position-top elementor-widget elementor-widget-image-box\" data-id=\"d8cf9f8\" data-element_type=\"widget\" data-widget_type=\"image-box.default\">\n\t\t\t\t<div class=\"elementor-widget-container\">\n\t\t\t\t\t<div class=\"elementor-image-box-wrapper\"><figure class=\"elementor-image-box-img\"><img decoding=\"async\" width=\"51\" height=\"51\" src=\"https:\/\/amu.pan.pl\/badaczka\/wp-content\/uploads\/sites\/2\/2020\/07\/focus.png\" class=\"attachment-full size-full wp-image-626\" alt=\"\" srcset=\"https:\/\/amu.pan.pl\/badaczka\/wp-content\/uploads\/sites\/2\/2020\/07\/focus.png 51w, https:\/\/amu.pan.pl\/badaczka\/wp-content\/uploads\/sites\/2\/2020\/07\/focus-12x12.png 12w\" sizes=\"(max-width: 51px) 100vw, 51px\" \/><\/figure><div class=\"elementor-image-box-content\"><h3 class=\"elementor-image-box-title\">Kiedy i gdzie<\/h3><p class=\"elementor-image-box-description\">Tegoroczne spotkanie odb\u0119dzie si\u0119 stacjonarnie w Warszawie, na terenie Akademii Leona Ko\u017ami\u0144skiego w Warszawie (ul. Jagiello\u0144ska 57)<\/p><\/div><\/div>\t\t\t\t<\/div>\n\t\t\t\t<\/div>\n\t\t\t\t\t<\/div>\n\t\t<\/div>\n\t\t\t\t<div class=\"elementor-column elementor-col-33 elementor-top-column elementor-element elementor-element-eb9bb0e\" data-id=\"eb9bb0e\" data-element_type=\"column\" data-settings=\"{&quot;background_background&quot;:&quot;classic&quot;}\">\n\t\t\t<div class=\"elementor-widget-wrap elementor-element-populated\">\n\t\t\t\t\t\t<div class=\"elementor-element elementor-element-b1992d2 elementor-position-top elementor-widget elementor-widget-image-box\" data-id=\"b1992d2\" data-element_type=\"widget\" data-widget_type=\"image-box.default\">\n\t\t\t\t<div class=\"elementor-widget-container\">\n\t\t\t\t\t<div class=\"elementor-image-box-wrapper\"><figure class=\"elementor-image-box-img\"><a href=\"https:\/\/amu.pan.pl\/badaczka\/en\/rejestracja\/\" tabindex=\"-1\"><img loading=\"lazy\" decoding=\"async\" width=\"60\" height=\"51\" src=\"https:\/\/amu.pan.pl\/badaczka\/wp-content\/uploads\/sites\/2\/2020\/07\/target-line.png\" class=\"attachment-full size-full wp-image-601\" alt=\"\" srcset=\"https:\/\/amu.pan.pl\/badaczka\/wp-content\/uploads\/sites\/2\/2020\/07\/target-line.png 60w, https:\/\/amu.pan.pl\/badaczka\/wp-content\/uploads\/sites\/2\/2020\/07\/target-line-14x12.png 14w\" sizes=\"(max-width: 60px) 100vw, 60px\" \/><\/a><\/figure><div class=\"elementor-image-box-content\"><h3 class=\"elementor-image-box-title\"><a href=\"https:\/\/amu.pan.pl\/badaczka\/en\/rejestracja\/\">How<\/a><\/h3><p class=\"elementor-image-box-description\">Udzia\u0142 spotkaniu b\u0119dzie bezp\u0142atny. Liczba miejsc ograniczona. <b>Rejestracja zako\u0144czona.<\/b><\/p><\/div><\/div>\t\t\t\t<\/div>\n\t\t\t\t<\/div>\n\t\t\t\t\t<\/div>\n\t\t<\/div>\n\t\t\t\t\t<\/div>\n\t\t<\/section>\n\t\t\t\t<section class=\"elementor-section elementor-top-section elementor-element elementor-element-3534aa9 elementor-section-boxed elementor-section-height-default elementor-section-height-default\" data-id=\"3534aa9\" data-element_type=\"section\">\n\t\t\t\t\t\t<div class=\"elementor-container elementor-column-gap-default\">\n\t\t\t\t\t<div class=\"elementor-column elementor-col-100 elementor-top-column elementor-element elementor-element-b2cb6e9\" data-id=\"b2cb6e9\" data-element_type=\"column\">\n\t\t\t<div class=\"elementor-widget-wrap elementor-element-populated\">\n\t\t\t\t\t\t<section class=\"elementor-section elementor-inner-section elementor-element elementor-element-efa3d9a elementor-section-boxed elementor-section-height-default elementor-section-height-default\" data-id=\"efa3d9a\" data-element_type=\"section\">\n\t\t\t\t\t\t<div class=\"elementor-container elementor-column-gap-default\">\n\t\t\t\t\t<div class=\"elementor-column elementor-col-50 elementor-inner-column elementor-element elementor-element-8c9e05b\" data-id=\"8c9e05b\" data-element_type=\"column\">\n\t\t\t<div class=\"elementor-widget-wrap elementor-element-populated\">\n\t\t\t\t\t\t<div class=\"elementor-element elementor-element-a032cc2 elementor-widget elementor-widget-heading\" data-id=\"a032cc2\" data-element_type=\"widget\" data-widget_type=\"heading.default\">\n\t\t\t\t<div class=\"elementor-widget-container\">\n\t\t\t\t\t<h2 class=\"elementor-heading-title elementor-size-default\">contact<\/h2>\t\t\t\t<\/div>\n\t\t\t\t<\/div>\n\t\t\t\t\t<\/div>\n\t\t<\/div>\n\t\t\t\t<div class=\"elementor-column elementor-col-50 elementor-inner-column elementor-element elementor-element-7ef00ad\" data-id=\"7ef00ad\" data-element_type=\"column\">\n\t\t\t<div class=\"elementor-widget-wrap elementor-element-populated\">\n\t\t\t\t\t\t<div class=\"elementor-element elementor-element-1792f26 elementor-widget__width-initial elementor-widget elementor-widget-text-editor\" data-id=\"1792f26\" data-element_type=\"widget\" data-widget_type=\"text-editor.default\">\n\t\t\t\t<div class=\"elementor-widget-container\">\n\t\t\t\t\t\t\t\t\t<p>Akademia M\u0142odych Uczonych &#8211; amu@pan.pl<\/p><p>Instytut Gospodarki Surowcami Mineralnymi i Energi\u0105 PAN w Krakowie &#8211; smol@meeri.pl<\/p>\t\t\t\t\t\t\t\t<\/div>\n\t\t\t\t<\/div>\n\t\t\t\t<div class=\"elementor-element elementor-element-ed00a93 elementor-widget elementor-widget-spacer\" data-id=\"ed00a93\" data-element_type=\"widget\" data-widget_type=\"spacer.default\">\n\t\t\t\t<div class=\"elementor-widget-container\">\n\t\t\t\t\t\t\t<div class=\"elementor-spacer\">\n\t\t\t<div class=\"elementor-spacer-inner\"><\/div>\n\t\t<\/div>\n\t\t\t\t\t\t<\/div>\n\t\t\t\t<\/div>\n\t\t\t\t\t<\/div>\n\t\t<\/div>\n\t\t\t\t\t<\/div>\n\t\t<\/section>\n\t\t\t\t<div class=\"elementor-element elementor-element-74ac837 elementor-widget elementor-widget-heading\" data-id=\"74ac837\" data-element_type=\"widget\" data-widget_type=\"heading.default\">\n\t\t\t\t<div class=\"elementor-widget-container\">\n\t\t\t\t\t<h2 class=\"elementor-heading-title elementor-size-default\"><br>Projekt dofinansowany ze \u015brodk\u00f3w Polskiej&nbsp;Akademii&nbsp;Nauk<br><\/h2>\t\t\t\t<\/div>\n\t\t\t\t<\/div>\n\t\t\t\t\t<\/div>\n\t\t<\/div>\n\t\t\t\t\t<\/div>\n\t\t<\/section>\n\t\t\t\t<section class=\"elementor-section elementor-top-section elementor-element elementor-element-d431fa1 elementor-section-boxed elementor-section-height-default elementor-section-height-default\" data-id=\"d431fa1\" data-element_type=\"section\">\n\t\t\t\t\t\t<div class=\"elementor-container elementor-column-gap-default\">\n\t\t\t\t\t<div class=\"elementor-column elementor-col-100 elementor-top-column elementor-element elementor-element-7830fff\" data-id=\"7830fff\" data-element_type=\"column\">\n\t\t\t<div class=\"elementor-widget-wrap elementor-element-populated\">\n\t\t\t\t\t\t<div class=\"elementor-element elementor-element-2898b70 elementor-widget elementor-widget-image\" data-id=\"2898b70\" data-element_type=\"widget\" data-widget_type=\"image.default\">\n\t\t\t\t<div class=\"elementor-widget-container\">\n\t\t\t\t\t\t\t\t\t\t\t\t\t\t\t<img loading=\"lazy\" decoding=\"async\" width=\"364\" height=\"307\" src=\"https:\/\/amu.pan.pl\/badaczka\/wp-content\/uploads\/sites\/2\/2024\/10\/panlogo.png\" class=\"attachment-large size-large wp-image-1710\" alt=\"\" srcset=\"https:\/\/amu.pan.pl\/badaczka\/wp-content\/uploads\/sites\/2\/2024\/10\/panlogo.png 364w, https:\/\/amu.pan.pl\/badaczka\/wp-content\/uploads\/sites\/2\/2024\/10\/panlogo-300x253.png 300w, https:\/\/amu.pan.pl\/badaczka\/wp-content\/uploads\/sites\/2\/2024\/10\/panlogo-14x12.png 14w\" sizes=\"(max-width: 364px) 100vw, 364px\" \/>\t\t\t\t\t\t\t\t\t\t\t\t\t\t\t<\/div>\n\t\t\t\t<\/div>\n\t\t\t\t\t<\/div>\n\t\t<\/div>\n\t\t\t\t\t<\/div>\n\t\t<\/section>\n\t\t\t\t<\/div>","protected":false},"excerpt":{"rendered":"<p>Zosta\u0144 badaczk\u0105! Kobiety w nauce 2025 Z przyjemno\u015bci\u0105 og\u0142aszamy, \u017ce ju\u017c po raz sz\u00f3sty Akademia M\u0142odych Uczonych organizuje spotkanie z cyklu \u201eZosta\u0144 badaczk\u0105\u201d. W 2025 roku odb\u0119dzie si\u0119 ono w Warszawie, na terenie Akademii Leona Ko\u017ami\u0144skiego. Udzia\u0142 w wydarzeniu b\u0119dzie bezp\u0142atny, a szczeg\u00f3\u0142y dotycz\u0105ce rejestracji podamy wkr\u00f3tce. Kobiety stanowi\u0105 wi\u0119kszo\u015b\u0107 os\u00f3b studiuj\u0105cych w Polsce, jednak [&hellip;]<\/p>","protected":false},"author":2,"featured_media":0,"parent":0,"menu_order":0,"comment_status":"closed","ping_status":"closed","template":"","meta":{"_monsterinsights_skip_tracking":false,"_monsterinsights_sitenote_active":false,"_monsterinsights_sitenote_note":"","_monsterinsights_sitenote_category":0,"footnotes":""},"class_list":["post-1750","page","type-page","status-publish","hentry"],"yoast_head":"<!-- This site is optimized with the Yoast SEO plugin v25.0 - https:\/\/yoast.com\/wordpress\/plugins\/seo\/ -->\n<title>Home 2025 - Zosta\u0144 badaczk\u0105!<\/title>\n<meta name=\"description\" content=\"17 listopada 2023 r. odb\u0119dzie si\u0119 kolejna edycja cyklu Zosta\u0144 badaczk\u0105!\" \/>\n<meta name=\"robots\" content=\"index, follow, max-snippet:-1, max-image-preview:large, max-video-preview:-1\" \/>\n<link rel=\"canonical\" href=\"https:\/\/amu.pan.pl\/badaczka\/en\/\" \/>\n<meta property=\"og:locale\" content=\"en_GB\" \/>\n<meta property=\"og:type\" content=\"article\" \/>\n<meta property=\"og:title\" content=\"Home 2025 - Zosta\u0144 badaczk\u0105!\" \/>\n<meta property=\"og:description\" content=\"17 listopada 2023 r. odb\u0119dzie si\u0119 kolejna edycja cyklu Zosta\u0144 badaczk\u0105!\" \/>\n<meta property=\"og:url\" content=\"https:\/\/amu.pan.pl\/badaczka\/en\/\" \/>\n<meta property=\"og:site_name\" content=\"Zosta\u0144 badaczk\u0105!\" \/>\n<meta property=\"article:modified_time\" content=\"2025-10-29T10:04:54+00:00\" \/>\n<meta property=\"og:image\" content=\"https:\/\/amu.pan.pl\/badaczka\/wp-content\/uploads\/sites\/2\/2023\/09\/badaczka2023.png\" \/>\n\t<meta property=\"og:image:width\" content=\"2238\" \/>\n\t<meta property=\"og:image:height\" content=\"1265\" \/>\n\t<meta property=\"og:image:type\" content=\"image\/png\" \/>\n<meta name=\"twitter:card\" content=\"summary_large_image\" \/>\n<meta name=\"twitter:title\" content=\"Zosta\u0144 badaczk\u0105! Kobiety w nauce 2023\" \/>\n<meta name=\"twitter:description\" content=\"17 listopada 2023 r. odb\u0119dzie si\u0119 kolejna edycja cyklu Zosta\u0144 badaczk\u0105!\" \/>\n<meta name=\"twitter:image\" content=\"https:\/\/amu.pan.pl\/badaczka\/wp-content\/uploads\/sites\/2\/2023\/09\/badaczka2023.png\" \/>\n<meta name=\"twitter:label1\" content=\"Estimated reading time\" \/>\n\t<meta name=\"twitter:data1\" content=\"3 minutes\" \/>\n<script type=\"application\/ld+json\" class=\"yoast-schema-graph\">{\"@context\":\"https:\/\/schema.org\",\"@graph\":[{\"@type\":\"WebPage\",\"@id\":\"https:\/\/amu.pan.pl\/badaczka\/\",\"url\":\"https:\/\/amu.pan.pl\/badaczka\/\",\"name\":\"Home 2025 - Zosta\u0144 badaczk\u0105!\",\"isPartOf\":{\"@id\":\"https:\/\/amu.pan.pl\/badaczka\/#website\"},\"primaryImageOfPage\":{\"@id\":\"https:\/\/amu.pan.pl\/badaczka\/#primaryimage\"},\"image\":{\"@id\":\"https:\/\/amu.pan.pl\/badaczka\/#primaryimage\"},\"thumbnailUrl\":\"https:\/\/amu.pan.pl\/badaczka\/wp-content\/uploads\/sites\/2\/2025\/09\/Zrzut-ekranu-2025-08-28-o-10.33.45-768x771.png\",\"datePublished\":\"2025-08-11T13:01:54+00:00\",\"dateModified\":\"2025-10-29T10:04:54+00:00\",\"description\":\"17 listopada 2023 r. odb\u0119dzie si\u0119 kolejna edycja cyklu Zosta\u0144 badaczk\u0105!\",\"breadcrumb\":{\"@id\":\"https:\/\/amu.pan.pl\/badaczka\/#breadcrumb\"},\"inLanguage\":\"en-GB\",\"potentialAction\":[{\"@type\":\"ReadAction\",\"target\":[\"https:\/\/amu.pan.pl\/badaczka\/\"]}]},{\"@type\":\"ImageObject\",\"inLanguage\":\"en-GB\",\"@id\":\"https:\/\/amu.pan.pl\/badaczka\/#primaryimage\",\"url\":\"https:\/\/amu.pan.pl\/badaczka\/wp-content\/uploads\/sites\/2\/2025\/09\/Zrzut-ekranu-2025-08-28-o-10.33.45-768x771.png\",\"contentUrl\":\"https:\/\/amu.pan.pl\/badaczka\/wp-content\/uploads\/sites\/2\/2025\/09\/Zrzut-ekranu-2025-08-28-o-10.33.45-768x771.png\"},{\"@type\":\"BreadcrumbList\",\"@id\":\"https:\/\/amu.pan.pl\/badaczka\/#breadcrumb\",\"itemListElement\":[{\"@type\":\"ListItem\",\"position\":1,\"name\":\"Strona g\u0142\u00f3wna\",\"item\":\"https:\/\/amu.pan.pl\/badaczka\/\"},{\"@type\":\"ListItem\",\"position\":2,\"name\":\"Home 2025\"}]},{\"@type\":\"WebSite\",\"@id\":\"https:\/\/amu.pan.pl\/badaczka\/#website\",\"url\":\"https:\/\/amu.pan.pl\/badaczka\/\",\"name\":\"Zosta\u0144 badaczk\u0105!\",\"description\":\"Kobiety w nauce\",\"publisher\":{\"@id\":\"https:\/\/amu.pan.pl\/badaczka\/#organization\"},\"potentialAction\":[{\"@type\":\"SearchAction\",\"target\":{\"@type\":\"EntryPoint\",\"urlTemplate\":\"https:\/\/amu.pan.pl\/badaczka\/?s={search_term_string}\"},\"query-input\":{\"@type\":\"PropertyValueSpecification\",\"valueRequired\":true,\"valueName\":\"search_term_string\"}}],\"inLanguage\":\"en-GB\"},{\"@type\":\"Organization\",\"@id\":\"https:\/\/amu.pan.pl\/badaczka\/#organization\",\"name\":\"Zosta\u0144 badaczk\u0105!\",\"url\":\"https:\/\/amu.pan.pl\/badaczka\/\",\"logo\":{\"@type\":\"ImageObject\",\"inLanguage\":\"en-GB\",\"@id\":\"https:\/\/amu.pan.pl\/badaczka\/#\/schema\/logo\/image\/\",\"url\":\"https:\/\/amu.pan.pl\/badaczka\/wp-content\/uploads\/sites\/2\/2020\/11\/AMU_logo_mini.png\",\"contentUrl\":\"https:\/\/amu.pan.pl\/badaczka\/wp-content\/uploads\/sites\/2\/2020\/11\/AMU_logo_mini.png\",\"width\":150,\"height\":85,\"caption\":\"Zosta\u0144 badaczk\u0105!\"},\"image\":{\"@id\":\"https:\/\/amu.pan.pl\/badaczka\/#\/schema\/logo\/image\/\"}}]}<\/script>\n<!-- \/ Yoast SEO plugin. -->","yoast_head_json":{"title":"Home 2025 - Zosta\u0144 badaczk\u0105!","description":"17 listopada 2023 r. odb\u0119dzie si\u0119 kolejna edycja cyklu Zosta\u0144 badaczk\u0105!","robots":{"index":"index","follow":"follow","max-snippet":"max-snippet:-1","max-image-preview":"max-image-preview:large","max-video-preview":"max-video-preview:-1"},"canonical":"https:\/\/amu.pan.pl\/badaczka\/en\/","og_locale":"en_GB","og_type":"article","og_title":"Home 2025 - Zosta\u0144 badaczk\u0105!","og_description":"17 listopada 2023 r. odb\u0119dzie si\u0119 kolejna edycja cyklu Zosta\u0144 badaczk\u0105!","og_url":"https:\/\/amu.pan.pl\/badaczka\/en\/","og_site_name":"Zosta\u0144 badaczk\u0105!","article_modified_time":"2025-10-29T10:04:54+00:00","og_image":[{"width":2238,"height":1265,"url":"https:\/\/amu.pan.pl\/badaczka\/wp-content\/uploads\/sites\/2\/2023\/09\/badaczka2023.png","type":"image\/png"}],"twitter_card":"summary_large_image","twitter_title":"Zosta\u0144 badaczk\u0105! Kobiety w nauce 2023","twitter_description":"17 listopada 2023 r. odb\u0119dzie si\u0119 kolejna edycja cyklu Zosta\u0144 badaczk\u0105!","twitter_image":"https:\/\/amu.pan.pl\/badaczka\/wp-content\/uploads\/sites\/2\/2023\/09\/badaczka2023.png","twitter_misc":{"Estimated reading time":"3 minutes"},"schema":{"@context":"https:\/\/schema.org","@graph":[{"@type":"WebPage","@id":"https:\/\/amu.pan.pl\/badaczka\/","url":"https:\/\/amu.pan.pl\/badaczka\/","name":"Home 2025 - Zosta\u0144 badaczk\u0105!","isPartOf":{"@id":"https:\/\/amu.pan.pl\/badaczka\/#website"},"primaryImageOfPage":{"@id":"https:\/\/amu.pan.pl\/badaczka\/#primaryimage"},"image":{"@id":"https:\/\/amu.pan.pl\/badaczka\/#primaryimage"},"thumbnailUrl":"https:\/\/amu.pan.pl\/badaczka\/wp-content\/uploads\/sites\/2\/2025\/09\/Zrzut-ekranu-2025-08-28-o-10.33.45-768x771.png","datePublished":"2025-08-11T13:01:54+00:00","dateModified":"2025-10-29T10:04:54+00:00","description":"17 listopada 2023 r. odb\u0119dzie si\u0119 kolejna edycja cyklu Zosta\u0144 badaczk\u0105!","breadcrumb":{"@id":"https:\/\/amu.pan.pl\/badaczka\/#breadcrumb"},"inLanguage":"en-GB","potentialAction":[{"@type":"ReadAction","target":["https:\/\/amu.pan.pl\/badaczka\/"]}]},{"@type":"ImageObject","inLanguage":"en-GB","@id":"https:\/\/amu.pan.pl\/badaczka\/#primaryimage","url":"https:\/\/amu.pan.pl\/badaczka\/wp-content\/uploads\/sites\/2\/2025\/09\/Zrzut-ekranu-2025-08-28-o-10.33.45-768x771.png","contentUrl":"https:\/\/amu.pan.pl\/badaczka\/wp-content\/uploads\/sites\/2\/2025\/09\/Zrzut-ekranu-2025-08-28-o-10.33.45-768x771.png"},{"@type":"BreadcrumbList","@id":"https:\/\/amu.pan.pl\/badaczka\/#breadcrumb","itemListElement":[{"@type":"ListItem","position":1,"name":"Strona g\u0142\u00f3wna","item":"https:\/\/amu.pan.pl\/badaczka\/"},{"@type":"ListItem","position":2,"name":"Home 2025"}]},{"@type":"WebSite","@id":"https:\/\/amu.pan.pl\/badaczka\/#website","url":"https:\/\/amu.pan.pl\/badaczka\/","name":"Zosta\u0144 badaczk\u0105!","description":"Kobiety w nauce","publisher":{"@id":"https:\/\/amu.pan.pl\/badaczka\/#organization"},"potentialAction":[{"@type":"SearchAction","target":{"@type":"EntryPoint","urlTemplate":"https:\/\/amu.pan.pl\/badaczka\/?s={search_term_string}"},"query-input":{"@type":"PropertyValueSpecification","valueRequired":true,"valueName":"search_term_string"}}],"inLanguage":"en-GB"},{"@type":"Organization","@id":"https:\/\/amu.pan.pl\/badaczka\/#organization","name":"Zosta\u0144 badaczk\u0105!","url":"https:\/\/amu.pan.pl\/badaczka\/","logo":{"@type":"ImageObject","inLanguage":"en-GB","@id":"https:\/\/amu.pan.pl\/badaczka\/#\/schema\/logo\/image\/","url":"https:\/\/amu.pan.pl\/badaczka\/wp-content\/uploads\/sites\/2\/2020\/11\/AMU_logo_mini.png","contentUrl":"https:\/\/amu.pan.pl\/badaczka\/wp-content\/uploads\/sites\/2\/2020\/11\/AMU_logo_mini.png","width":150,"height":85,"caption":"Zosta\u0144 badaczk\u0105!"},"image":{"@id":"https:\/\/amu.pan.pl\/badaczka\/#\/schema\/logo\/image\/"}}]}},"_links":{"self":[{"href":"https:\/\/amu.pan.pl\/badaczka\/en\/wp-json\/wp\/v2\/pages\/1750","targetHints":{"allow":["GET"]}}],"collection":[{"href":"https:\/\/amu.pan.pl\/badaczka\/en\/wp-json\/wp\/v2\/pages"}],"about":[{"href":"https:\/\/amu.pan.pl\/badaczka\/en\/wp-json\/wp\/v2\/types\/page"}],"author":[{"embeddable":true,"href":"https:\/\/amu.pan.pl\/badaczka\/en\/wp-json\/wp\/v2\/users\/2"}],"replies":[{"embeddable":true,"href":"https:\/\/amu.pan.pl\/badaczka\/en\/wp-json\/wp\/v2\/comments?post=1750"}],"version-history":[{"count":29,"href":"https:\/\/amu.pan.pl\/badaczka\/en\/wp-json\/wp\/v2\/pages\/1750\/revisions"}],"predecessor-version":[{"id":1941,"href":"https:\/\/amu.pan.pl\/badaczka\/en\/wp-json\/wp\/v2\/pages\/1750\/revisions\/1941"}],"wp:attachment":[{"href":"https:\/\/amu.pan.pl\/badaczka\/en\/wp-json\/wp\/v2\/media?parent=1750"}],"curies":[{"name":"wp","href":"https:\/\/api.w.org\/{rel}","templated":true}]}}