{"id":1858,"date":"2025-10-03T15:42:46","date_gmt":"2025-10-03T13:42:46","guid":{"rendered":"https:\/\/amu.pan.pl\/badaczka\/?page_id=1858"},"modified":"2025-10-29T08:43:08","modified_gmt":"2025-10-29T07:43:08","slug":"program-zostan-badaczka","status":"publish","type":"page","link":"https:\/\/amu.pan.pl\/badaczka\/en\/program-zostan-badaczka\/","title":{"rendered":"Program &#8220;Zosta\u0144 badaczk\u0105&#8221;"},"content":{"rendered":"<div data-elementor-type=\"wp-page\" data-elementor-id=\"1858\" class=\"elementor elementor-1858\">\n\t\t\t\t\t\t<section class=\"elementor-section elementor-top-section elementor-element elementor-element-30b91fb elementor-section-boxed elementor-section-height-default elementor-section-height-default\" data-id=\"30b91fb\" data-element_type=\"section\">\n\t\t\t\t\t\t<div class=\"elementor-container elementor-column-gap-default\">\n\t\t\t\t\t<div class=\"elementor-column elementor-col-100 elementor-top-column elementor-element elementor-element-90d1844\" data-id=\"90d1844\" data-element_type=\"column\">\n\t\t\t<div class=\"elementor-widget-wrap elementor-element-populated\">\n\t\t\t\t\t\t<div class=\"elementor-element elementor-element-de338e5 elementor-widget elementor-widget-text-editor\" data-id=\"de338e5\" data-element_type=\"widget\" data-widget_type=\"text-editor.default\">\n\t\t\t\t<div class=\"elementor-widget-container\">\n\t\t\t\t\t\t\t\t\t<p>\u00a0<\/p><table dir=\"ltr\" border=\"1\" cellspacing=\"0\" cellpadding=\"0\" data-sheets-root=\"1\" data-sheets-baot=\"1\"><colgroup> <col width=\"100\" \/> <col width=\"298\" \/><\/colgroup><tbody><tr><td>09.00-10:00<\/td><td>Registration of participants<\/td><\/tr><tr><td>10.00-10.45<\/td><td>Uroczyste otwarcie konferencji (prof. Dariusz Jemielniak &#8211; Wiceprezes PAN, prof. Grzegorz Mazurek &#8211; Rektor Akademii Leona Ko\u017ami\u0144skiego, prof. Maciej Sa\u0142aga &#8211; Przewodnicz\u0105cy AMU)<\/td><\/tr><tr><td><strong>10.45-12:15<\/strong><\/td><td><strong>Sesja I &#8211; Wyst\u0105pienia Prelegentek<\/strong><\/td><\/tr><tr><td>10.45-11.15<\/td><td>prof. dr hab. Dominika Latusek-Jurczak<\/td><\/tr><tr><td>11.15-11.45<\/td><td>prof. dr hab. in\u017c. Agnieszka Maria Jastrz\u0119bska<\/td><\/tr><tr><td>11.45-12.15<\/td><td>Sesja Q&amp;A\u00a0<\/td><\/tr><tr><td><strong>12.15- 12.45<\/strong><\/td><td><strong>Przerwa kawowa<\/strong><\/td><\/tr><tr><td><strong>12.45-14:15<\/strong><\/td><td><strong>Sesja II &#8211; Wyst\u0105pienia Prelegentek<\/strong><\/td><\/tr><tr><td>12.45- 13.15<\/td><td>dr hab. Aleksandra Rutkowska<\/td><\/tr><tr><td>13.15- 13.45<\/td><td>dr Ewelina Gdaniec<\/td><\/tr><tr><td>13.45- 14.15<\/td><td>dr Ewa Wojno-Owczarska\u00a0<\/td><\/tr><tr><td><strong>14.15- 15.00<\/strong><\/td><td><strong>Przerwa obiadowa<\/strong><\/td><\/tr><tr><td>15.00- 16:00<\/td><td><div><div>Panel dyskusyjny &#8211; odwaga w badaniach naukowych<\/div><\/div><\/td><\/tr><tr><td>16:00-16.30<\/td><td><div><div>Sesja networkingowa po\u0142\u0105czona z przerw\u0105 kawow\u0105<\/div><\/div><\/td><\/tr><tr><td>16.30<\/td><td>Zako\u0144czenie wydarzenia<\/td><\/tr><\/tbody><\/table>\t\t\t\t\t\t\t\t<\/div>\n\t\t\t\t<\/div>\n\t\t\t\t\t<\/div>\n\t\t<\/div>\n\t\t\t\t\t<\/div>\n\t\t<\/section>\n\t\t\t\t<\/div>","protected":false},"excerpt":{"rendered":"<p>\u00a0 09.00-10:00 Rejestracja uczestnik\u00f3w 10.00-10.45 Uroczyste otwarcie konferencji (prof. Dariusz Jemielniak &#8211; Wiceprezes PAN, prof. Grzegorz Mazurek &#8211; Rektor Akademii Leona Ko\u017ami\u0144skiego, prof. Maciej Sa\u0142aga &#8211; Przewodnicz\u0105cy AMU) 10.45-12:15 Sesja I &#8211; Wyst\u0105pienia Prelegentek 10.45-11.15 prof. dr hab. Dominika Latusek-Jurczak 11.15-11.45 prof. dr hab. in\u017c. Agnieszka Maria Jastrz\u0119bska 11.45-12.15 Sesja Q&amp;A\u00a0 12.15- 12.45 Przerwa kawowa [&hellip;]<\/p>","protected":false},"author":2,"featured_media":0,"parent":0,"menu_order":0,"comment_status":"closed","ping_status":"closed","template":"","meta":{"_monsterinsights_skip_tracking":false,"_monsterinsights_sitenote_active":false,"_monsterinsights_sitenote_note":"","_monsterinsights_sitenote_category":0,"footnotes":""},"class_list":["post-1858","page","type-page","status-publish","hentry"],"yoast_head":"<!-- This site is optimized with the Yoast SEO plugin v25.0 - https:\/\/yoast.com\/wordpress\/plugins\/seo\/ -->\n<title>Program &quot;Zosta\u0144 badaczk\u0105&quot; - Zosta\u0144 badaczk\u0105!<\/title>\n<meta name=\"robots\" content=\"index, follow, max-snippet:-1, max-image-preview:large, max-video-preview:-1\" \/>\n<link rel=\"canonical\" href=\"https:\/\/amu.pan.pl\/badaczka\/en\/program-zostan-badaczka\/\" \/>\n<meta property=\"og:locale\" content=\"en_GB\" \/>\n<meta property=\"og:type\" content=\"article\" \/>\n<meta property=\"og:title\" content=\"Program &quot;Zosta\u0144 badaczk\u0105&quot; - Zosta\u0144 badaczk\u0105!\" \/>\n<meta property=\"og:description\" content=\"\u00a0 09.00-10:00 Rejestracja uczestnik\u00f3w 10.00-10.45 Uroczyste otwarcie konferencji (prof. Dariusz Jemielniak &#8211; Wiceprezes PAN, prof. Grzegorz Mazurek &#8211; Rektor Akademii Leona Ko\u017ami\u0144skiego, prof. Maciej Sa\u0142aga &#8211; Przewodnicz\u0105cy AMU) 10.45-12:15 Sesja I &#8211; Wyst\u0105pienia Prelegentek 10.45-11.15 prof. dr hab. Dominika Latusek-Jurczak 11.15-11.45 prof. dr hab. in\u017c. Agnieszka Maria Jastrz\u0119bska 11.45-12.15 Sesja Q&amp;A\u00a0 12.15- 12.45 Przerwa kawowa [&hellip;]\" \/>\n<meta property=\"og:url\" content=\"https:\/\/amu.pan.pl\/badaczka\/en\/program-zostan-badaczka\/\" \/>\n<meta property=\"og:site_name\" content=\"Zosta\u0144 badaczk\u0105!\" \/>\n<meta property=\"article:modified_time\" content=\"2025-10-29T07:43:08+00:00\" \/>\n<meta property=\"og:image\" content=\"https:\/\/amu.pan.pl\/badaczka\/wp-content\/uploads\/sites\/2\/2022\/01\/Screenshot_20220118_144240.png\" \/>\n\t<meta property=\"og:image:width\" content=\"1465\" \/>\n\t<meta property=\"og:image:height\" content=\"773\" \/>\n\t<meta property=\"og:image:type\" content=\"image\/png\" \/>\n<meta name=\"twitter:card\" content=\"summary_large_image\" \/>\n<meta name=\"twitter:label1\" content=\"Estimated reading time\" \/>\n\t<meta name=\"twitter:data1\" content=\"1 minute\" \/>\n<script type=\"application\/ld+json\" class=\"yoast-schema-graph\">{\"@context\":\"https:\/\/schema.org\",\"@graph\":[{\"@type\":\"WebPage\",\"@id\":\"https:\/\/amu.pan.pl\/badaczka\/program-zostan-badaczka\/\",\"url\":\"https:\/\/amu.pan.pl\/badaczka\/program-zostan-badaczka\/\",\"name\":\"Program \\\"Zosta\u0144 badaczk\u0105\\\" - Zosta\u0144 badaczk\u0105!\",\"isPartOf\":{\"@id\":\"https:\/\/amu.pan.pl\/badaczka\/#website\"},\"datePublished\":\"2025-10-03T13:42:46+00:00\",\"dateModified\":\"2025-10-29T07:43:08+00:00\",\"breadcrumb\":{\"@id\":\"https:\/\/amu.pan.pl\/badaczka\/program-zostan-badaczka\/#breadcrumb\"},\"inLanguage\":\"en-GB\",\"potentialAction\":[{\"@type\":\"ReadAction\",\"target\":[\"https:\/\/amu.pan.pl\/badaczka\/program-zostan-badaczka\/\"]}]},{\"@type\":\"BreadcrumbList\",\"@id\":\"https:\/\/amu.pan.pl\/badaczka\/program-zostan-badaczka\/#breadcrumb\",\"itemListElement\":[{\"@type\":\"ListItem\",\"position\":1,\"name\":\"Strona g\u0142\u00f3wna\",\"item\":\"https:\/\/amu.pan.pl\/badaczka\/\"},{\"@type\":\"ListItem\",\"position\":2,\"name\":\"Program &#8220;Zosta\u0144 badaczk\u0105&#8221;\"}]},{\"@type\":\"WebSite\",\"@id\":\"https:\/\/amu.pan.pl\/badaczka\/#website\",\"url\":\"https:\/\/amu.pan.pl\/badaczka\/\",\"name\":\"Zosta\u0144 badaczk\u0105!\",\"description\":\"Kobiety w nauce\",\"publisher\":{\"@id\":\"https:\/\/amu.pan.pl\/badaczka\/#organization\"},\"potentialAction\":[{\"@type\":\"SearchAction\",\"target\":{\"@type\":\"EntryPoint\",\"urlTemplate\":\"https:\/\/amu.pan.pl\/badaczka\/?s={search_term_string}\"},\"query-input\":{\"@type\":\"PropertyValueSpecification\",\"valueRequired\":true,\"valueName\":\"search_term_string\"}}],\"inLanguage\":\"en-GB\"},{\"@type\":\"Organization\",\"@id\":\"https:\/\/amu.pan.pl\/badaczka\/#organization\",\"name\":\"Zosta\u0144 badaczk\u0105!\",\"url\":\"https:\/\/amu.pan.pl\/badaczka\/\",\"logo\":{\"@type\":\"ImageObject\",\"inLanguage\":\"en-GB\",\"@id\":\"https:\/\/amu.pan.pl\/badaczka\/#\/schema\/logo\/image\/\",\"url\":\"https:\/\/amu.pan.pl\/badaczka\/wp-content\/uploads\/sites\/2\/2020\/11\/AMU_logo_mini.png\",\"contentUrl\":\"https:\/\/amu.pan.pl\/badaczka\/wp-content\/uploads\/sites\/2\/2020\/11\/AMU_logo_mini.png\",\"width\":150,\"height\":85,\"caption\":\"Zosta\u0144 badaczk\u0105!\"},\"image\":{\"@id\":\"https:\/\/amu.pan.pl\/badaczka\/#\/schema\/logo\/image\/\"}}]}<\/script>\n<!-- \/ Yoast SEO plugin. -->","yoast_head_json":{"title":"Program \"Zosta\u0144 badaczk\u0105\" - Zosta\u0144 badaczk\u0105!","robots":{"index":"index","follow":"follow","max-snippet":"max-snippet:-1","max-image-preview":"max-image-preview:large","max-video-preview":"max-video-preview:-1"},"canonical":"https:\/\/amu.pan.pl\/badaczka\/en\/program-zostan-badaczka\/","og_locale":"en_GB","og_type":"article","og_title":"Program \"Zosta\u0144 badaczk\u0105\" - Zosta\u0144 badaczk\u0105!","og_description":"\u00a0 09.00-10:00 Rejestracja uczestnik\u00f3w 10.00-10.45 Uroczyste otwarcie konferencji (prof. Dariusz Jemielniak &#8211; Wiceprezes PAN, prof. Grzegorz Mazurek &#8211; Rektor Akademii Leona Ko\u017ami\u0144skiego, prof. Maciej Sa\u0142aga &#8211; Przewodnicz\u0105cy AMU) 10.45-12:15 Sesja I &#8211; Wyst\u0105pienia Prelegentek 10.45-11.15 prof. dr hab. Dominika Latusek-Jurczak 11.15-11.45 prof. dr hab. in\u017c. Agnieszka Maria Jastrz\u0119bska 11.45-12.15 Sesja Q&amp;A\u00a0 12.15- 12.45 Przerwa kawowa [&hellip;]","og_url":"https:\/\/amu.pan.pl\/badaczka\/en\/program-zostan-badaczka\/","og_site_name":"Zosta\u0144 badaczk\u0105!","article_modified_time":"2025-10-29T07:43:08+00:00","og_image":[{"width":1465,"height":773,"url":"https:\/\/amu.pan.pl\/badaczka\/wp-content\/uploads\/sites\/2\/2022\/01\/Screenshot_20220118_144240.png","type":"image\/png"}],"twitter_card":"summary_large_image","twitter_misc":{"Estimated reading time":"1 minute"},"schema":{"@context":"https:\/\/schema.org","@graph":[{"@type":"WebPage","@id":"https:\/\/amu.pan.pl\/badaczka\/program-zostan-badaczka\/","url":"https:\/\/amu.pan.pl\/badaczka\/program-zostan-badaczka\/","name":"Program \"Zosta\u0144 badaczk\u0105\" - Zosta\u0144 badaczk\u0105!","isPartOf":{"@id":"https:\/\/amu.pan.pl\/badaczka\/#website"},"datePublished":"2025-10-03T13:42:46+00:00","dateModified":"2025-10-29T07:43:08+00:00","breadcrumb":{"@id":"https:\/\/amu.pan.pl\/badaczka\/program-zostan-badaczka\/#breadcrumb"},"inLanguage":"en-GB","potentialAction":[{"@type":"ReadAction","target":["https:\/\/amu.pan.pl\/badaczka\/program-zostan-badaczka\/"]}]},{"@type":"BreadcrumbList","@id":"https:\/\/amu.pan.pl\/badaczka\/program-zostan-badaczka\/#breadcrumb","itemListElement":[{"@type":"ListItem","position":1,"name":"Strona g\u0142\u00f3wna","item":"https:\/\/amu.pan.pl\/badaczka\/"},{"@type":"ListItem","position":2,"name":"Program &#8220;Zosta\u0144 badaczk\u0105&#8221;"}]},{"@type":"WebSite","@id":"https:\/\/amu.pan.pl\/badaczka\/#website","url":"https:\/\/amu.pan.pl\/badaczka\/","name":"Zosta\u0144 badaczk\u0105!","description":"Kobiety w nauce","publisher":{"@id":"https:\/\/amu.pan.pl\/badaczka\/#organization"},"potentialAction":[{"@type":"SearchAction","target":{"@type":"EntryPoint","urlTemplate":"https:\/\/amu.pan.pl\/badaczka\/?s={search_term_string}"},"query-input":{"@type":"PropertyValueSpecification","valueRequired":true,"valueName":"search_term_string"}}],"inLanguage":"en-GB"},{"@type":"Organization","@id":"https:\/\/amu.pan.pl\/badaczka\/#organization","name":"Zosta\u0144 badaczk\u0105!","url":"https:\/\/amu.pan.pl\/badaczka\/","logo":{"@type":"ImageObject","inLanguage":"en-GB","@id":"https:\/\/amu.pan.pl\/badaczka\/#\/schema\/logo\/image\/","url":"https:\/\/amu.pan.pl\/badaczka\/wp-content\/uploads\/sites\/2\/2020\/11\/AMU_logo_mini.png","contentUrl":"https:\/\/amu.pan.pl\/badaczka\/wp-content\/uploads\/sites\/2\/2020\/11\/AMU_logo_mini.png","width":150,"height":85,"caption":"Zosta\u0144 badaczk\u0105!"},"image":{"@id":"https:\/\/amu.pan.pl\/badaczka\/#\/schema\/logo\/image\/"}}]}},"_links":{"self":[{"href":"https:\/\/amu.pan.pl\/badaczka\/en\/wp-json\/wp\/v2\/pages\/1858","targetHints":{"allow":["GET"]}}],"collection":[{"href":"https:\/\/amu.pan.pl\/badaczka\/en\/wp-json\/wp\/v2\/pages"}],"about":[{"href":"https:\/\/amu.pan.pl\/badaczka\/en\/wp-json\/wp\/v2\/types\/page"}],"author":[{"embeddable":true,"href":"https:\/\/amu.pan.pl\/badaczka\/en\/wp-json\/wp\/v2\/users\/2"}],"replies":[{"embeddable":true,"href":"https:\/\/amu.pan.pl\/badaczka\/en\/wp-json\/wp\/v2\/comments?post=1858"}],"version-history":[{"count":29,"href":"https:\/\/amu.pan.pl\/badaczka\/en\/wp-json\/wp\/v2\/pages\/1858\/revisions"}],"predecessor-version":[{"id":1930,"href":"https:\/\/amu.pan.pl\/badaczka\/en\/wp-json\/wp\/v2\/pages\/1858\/revisions\/1930"}],"wp:attachment":[{"href":"https:\/\/amu.pan.pl\/badaczka\/en\/wp-json\/wp\/v2\/media?parent=1858"}],"curies":[{"name":"wp","href":"https:\/\/api.w.org\/{rel}","templated":true}]}}