{"id":2603,"date":"2026-04-25T14:07:00","date_gmt":"2026-04-25T12:07:00","guid":{"rendered":"https:\/\/amu.pan.pl\/badaczka\/?page_id=2603"},"modified":"2026-04-29T10:27:07","modified_gmt":"2026-04-29T08:27:07","slug":"program-2023","status":"publish","type":"page","link":"https:\/\/amu.pan.pl\/badaczka\/en\/program-2023\/","title":{"rendered":"Program 2023"},"content":{"rendered":"<div data-elementor-type=\"wp-page\" data-elementor-id=\"2603\" class=\"elementor elementor-2603\">\n\t\t\t\t\t\t<section class=\"elementor-section elementor-top-section elementor-element elementor-element-085a701 baner elementor-section-boxed elementor-section-height-default elementor-section-height-default\" data-id=\"085a701\" data-element_type=\"section\" data-settings=\"{&quot;background_background&quot;:&quot;classic&quot;}\">\n\t\t\t\t\t\t\t<div class=\"elementor-background-overlay\"><\/div>\n\t\t\t\t\t\t\t<div class=\"elementor-container elementor-column-gap-default\">\n\t\t\t\t\t<div class=\"elementor-column elementor-col-100 elementor-top-column elementor-element elementor-element-4cd1280\" data-id=\"4cd1280\" data-element_type=\"column\">\n\t\t\t<div class=\"elementor-widget-wrap elementor-element-populated\">\n\t\t\t\t\t\t<div class=\"elementor-element elementor-element-401a265 elementor-widget-tablet__width-initial elementor-widget elementor-widget-heading\" data-id=\"401a265\" data-element_type=\"widget\" data-settings=\"{&quot;_animation&quot;:&quot;none&quot;}\" data-widget_type=\"heading.default\">\n\t\t\t\t<div class=\"elementor-widget-container\">\n\t\t\t\t\t<h2 class=\"elementor-heading-title elementor-size-default\">Program<\/h2>\t\t\t\t<\/div>\n\t\t\t\t<\/div>\n\t\t\t\t<div class=\"elementor-element elementor-element-ef69362 elementor-widget elementor-widget-heading\" data-id=\"ef69362\" data-element_type=\"widget\" data-widget_type=\"heading.default\">\n\t\t\t\t<div class=\"elementor-widget-container\">\n\t\t\t\t\t<h3 class=\"elementor-heading-title elementor-size-default\">Kobiety w nauce 2023<\/h3>\t\t\t\t<\/div>\n\t\t\t\t<\/div>\n\t\t\t\t\t<\/div>\n\t\t<\/div>\n\t\t\t\t\t<\/div>\n\t\t<\/section>\n\t\t\t\t<section class=\"elementor-section elementor-top-section elementor-element elementor-element-8ed2056 elementor-section-boxed elementor-section-height-default elementor-section-height-default\" data-id=\"8ed2056\" data-element_type=\"section\">\n\t\t\t\t\t\t<div class=\"elementor-container elementor-column-gap-default\">\n\t\t\t\t\t<div class=\"elementor-column elementor-col-100 elementor-top-column elementor-element elementor-element-7bc4362\" data-id=\"7bc4362\" data-element_type=\"column\">\n\t\t\t<div class=\"elementor-widget-wrap elementor-element-populated\">\n\t\t\t\t\t\t<div class=\"elementor-element elementor-element-25c8957 tabelka-program elementor-widget elementor-widget-text-editor\" data-id=\"25c8957\" data-element_type=\"widget\" data-widget_type=\"text-editor.default\">\n\t\t\t\t<div class=\"elementor-widget-container\">\n\t\t\t\t\t\t\t\t\t<table><tbody><tr><td>09:00-9:30<\/td><td><strong>Registration<\/strong><\/td><\/tr><tr><td>10:00-10:10<\/td><td><strong>Otwarcie konferencji:<\/strong> <br \/>Prof. dr hab. in\u017c. Marta Gmurek, Zast\u0119pczyni Przewodnicz\u0105cego AMU <br \/>dr Jacek Kolanowski, Przewodnicz\u0105cy AMU <br \/>dr hab. Anna Bartkiewicz, prof. UMK<\/td><\/tr><tr><td>10:10-10:40<\/td><td><strong>dr hab. Karolina S\u0142owik, prof. UMK<\/strong> <br \/>physics<\/td><\/tr><tr><td>10:40-11:10<\/td><td><strong>dr hab. Karolina Mikulska-Rumi\u0144ska, prof. UMK<\/strong> <br \/>biologia molekularna<\/td><\/tr><tr><td>11:10-11:40<\/td><td><strong>dr hab. in\u017c. Katarzyna Siuzdak, prof. IMP<\/strong> <br \/>in\u017cynieria mechaniczna<\/td><\/tr><tr><td>11:40-12:10<\/td><td><strong>Break<\/strong><\/td><\/tr><tr><td>12:10-12:40<\/td><td><strong>dr Marta Ko\u0142czy\u0144ska<\/strong> <br \/>in\u017cynieria mechaniczna<\/td><\/tr><tr><td>12:40-13:10<\/td><td><strong>dr hab. Anna Kaczmarek-K\u0119dziera, prof. UMK<\/strong> <br \/>chemia<\/td><\/tr><tr><td>13:10-13:40<\/td><td><strong>dr Alicja Zieli\u0144ska<\/strong> <br \/>Noctiluca SA<\/td><\/tr><tr><td>13:40-14:30<\/td><td><strong>Przerwa (obiad)<\/strong><\/td><\/tr><tr><td>14:30-14:45<\/td><td><strong>Julia Kocha\u0144ska<\/strong> <br \/>Moja droga do doktoratu<\/td><\/tr><tr><td>14:45-15:00<\/td><td><strong>Weronika Pasek<\/strong> <br \/>Moja droga do doktoratu<\/td><\/tr><tr><td>15:00-16:00<\/td><td>Discussions with representatives of various scientific disciplines<\/td><\/tr><tr><td>Table 1<\/td><td><strong>Nauki biologiczne i medyczne<\/strong><\/td><\/tr><tr><td>Table 2<\/td><td><strong>Nauki spo\u0142eczne i humanistyczne<\/strong><\/td><\/tr><tr><td>Table 3<\/td><td><strong>Nauki \u015acis\u0142e<\/strong><\/td><\/tr><tr><td>16:00-16:10<\/td><td><strong>Podsumowanie i zako\u0144czenie<\/strong><\/td><\/tr><\/tbody><\/table>\t\t\t\t\t\t\t\t<\/div>\n\t\t\t\t<\/div>\n\t\t\t\t<div class=\"elementor-element elementor-element-da44b27 elementor-widget elementor-widget-image\" data-id=\"da44b27\" data-element_type=\"widget\" data-widget_type=\"image.default\">\n\t\t\t\t<div class=\"elementor-widget-container\">\n\t\t\t\t\t\t\t\t\t\t\t\t\t\t\t\t<a href=\"https:\/\/amu.pan.pl\/badaczka\/wp-content\/uploads\/sites\/2\/2026\/04\/speakers-1086x1536-1.png\" data-elementor-open-lightbox=\"yes\" data-elementor-lightbox-title=\"speakers-1086x1536\" data-e-action-hash=\"#elementor-action%3Aaction%3Dlightbox%26settings%3DeyJpZCI6IjI2MTMiLCJ1cmwiOiJodHRwczpcL1wvYW11LnBhbi5wbFwvYmFkYWN6a2FcL3dwLWNvbnRlbnRcL3VwbG9hZHNcL3NpdGVzXC8yXC8yMDI2XC8wNFwvc3BlYWtlcnMtMTA4NngxNTM2LTEucG5nIn0%3D\">\n\t\t\t\t\t\t\t<img fetchpriority=\"high\" decoding=\"async\" width=\"724\" height=\"1024\" src=\"https:\/\/amu.pan.pl\/badaczka\/wp-content\/uploads\/sites\/2\/2026\/04\/speakers-1086x1536-1-724x1024.png\" class=\"attachment-large size-large wp-image-2613\" alt=\"\" srcset=\"https:\/\/amu.pan.pl\/badaczka\/wp-content\/uploads\/sites\/2\/2026\/04\/speakers-1086x1536-1-724x1024.png 724w, https:\/\/amu.pan.pl\/badaczka\/wp-content\/uploads\/sites\/2\/2026\/04\/speakers-1086x1536-1-212x300.png 212w, https:\/\/amu.pan.pl\/badaczka\/wp-content\/uploads\/sites\/2\/2026\/04\/speakers-1086x1536-1-768x1086.png 768w, https:\/\/amu.pan.pl\/badaczka\/wp-content\/uploads\/sites\/2\/2026\/04\/speakers-1086x1536-1-8x12.png 8w, https:\/\/amu.pan.pl\/badaczka\/wp-content\/uploads\/sites\/2\/2026\/04\/speakers-1086x1536-1.png 1086w\" sizes=\"(max-width: 724px) 100vw, 724px\" \/>\t\t\t\t\t\t\t\t<\/a>\n\t\t\t\t\t\t\t\t\t\t\t\t\t\t\t<\/div>\n\t\t\t\t<\/div>\n\t\t\t\t\t<\/div>\n\t\t<\/div>\n\t\t\t\t\t<\/div>\n\t\t<\/section>\n\t\t\t\t<\/div>","protected":false},"excerpt":{"rendered":"<p>Program Kobiety w nauce 2023 09:00-9:30 Rejestracja 10:00-10:10 Otwarcie konferencji: Prof. dr hab. in\u017c. Marta Gmurek, Zast\u0119pczyni Przewodnicz\u0105cego AMU dr Jacek Kolanowski, Przewodnicz\u0105cy AMU dr hab. Anna Bartkiewicz, prof. UMK 10:10-10:40 dr hab. Karolina S\u0142owik, prof. UMK fizyka 10:40-11:10 dr hab. Karolina Mikulska-Rumi\u0144ska, prof. UMK biologia molekularna 11:10-11:40 dr hab. in\u017c. Katarzyna Siuzdak, prof. IMP [&hellip;]<\/p>","protected":false},"author":19,"featured_media":0,"parent":0,"menu_order":0,"comment_status":"closed","ping_status":"closed","template":"elementor_canvas","meta":{"_monsterinsights_skip_tracking":false,"_monsterinsights_sitenote_active":false,"_monsterinsights_sitenote_note":"","_monsterinsights_sitenote_category":0,"footnotes":""},"class_list":["post-2603","page","type-page","status-publish","hentry"],"yoast_head":"<!-- This site is optimized with the Yoast SEO plugin v25.0 - https:\/\/yoast.com\/wordpress\/plugins\/seo\/ -->\n<title>Program 2023 - Zosta\u0144 badaczk\u0105!<\/title>\n<meta name=\"robots\" content=\"index, follow, max-snippet:-1, max-image-preview:large, max-video-preview:-1\" \/>\n<link rel=\"canonical\" href=\"https:\/\/amu.pan.pl\/badaczka\/en\/program-2023\/\" \/>\n<meta property=\"og:locale\" content=\"en_GB\" \/>\n<meta property=\"og:type\" content=\"article\" \/>\n<meta property=\"og:title\" content=\"Program 2023 - Zosta\u0144 badaczk\u0105!\" \/>\n<meta property=\"og:description\" content=\"Program Kobiety w nauce 2023 09:00-9:30 Rejestracja 10:00-10:10 Otwarcie konferencji: Prof. dr hab. in\u017c. Marta Gmurek, Zast\u0119pczyni Przewodnicz\u0105cego AMU dr Jacek Kolanowski, Przewodnicz\u0105cy AMU dr hab. Anna Bartkiewicz, prof. UMK 10:10-10:40 dr hab. Karolina S\u0142owik, prof. UMK fizyka 10:40-11:10 dr hab. Karolina Mikulska-Rumi\u0144ska, prof. UMK biologia molekularna 11:10-11:40 dr hab. in\u017c. Katarzyna Siuzdak, prof. IMP [&hellip;]\" \/>\n<meta property=\"og:url\" content=\"https:\/\/amu.pan.pl\/badaczka\/en\/program-2023\/\" \/>\n<meta property=\"og:site_name\" content=\"Zosta\u0144 badaczk\u0105!\" \/>\n<meta property=\"article:modified_time\" content=\"2026-04-29T08:27:07+00:00\" \/>\n<meta property=\"og:image\" content=\"https:\/\/amu.pan.pl\/badaczka\/wp-content\/uploads\/sites\/2\/2026\/04\/speakers-1086x1536-1.png\" \/>\n\t<meta property=\"og:image:width\" content=\"1086\" \/>\n\t<meta property=\"og:image:height\" content=\"1536\" \/>\n\t<meta property=\"og:image:type\" content=\"image\/png\" \/>\n<meta name=\"twitter:card\" content=\"summary_large_image\" \/>\n<meta name=\"twitter:label1\" content=\"Estimated reading time\" \/>\n\t<meta name=\"twitter:data1\" content=\"1 minute\" \/>\n<script type=\"application\/ld+json\" class=\"yoast-schema-graph\">{\"@context\":\"https:\/\/schema.org\",\"@graph\":[{\"@type\":\"WebPage\",\"@id\":\"https:\/\/amu.pan.pl\/badaczka\/program-2023\/\",\"url\":\"https:\/\/amu.pan.pl\/badaczka\/program-2023\/\",\"name\":\"Program 2023 - Zosta\u0144 badaczk\u0105!\",\"isPartOf\":{\"@id\":\"https:\/\/amu.pan.pl\/badaczka\/#website\"},\"primaryImageOfPage\":{\"@id\":\"https:\/\/amu.pan.pl\/badaczka\/program-2023\/#primaryimage\"},\"image\":{\"@id\":\"https:\/\/amu.pan.pl\/badaczka\/program-2023\/#primaryimage\"},\"thumbnailUrl\":\"https:\/\/amu.pan.pl\/badaczka\/wp-content\/uploads\/sites\/2\/2026\/04\/speakers-1086x1536-1-724x1024.png\",\"datePublished\":\"2026-04-25T12:07:00+00:00\",\"dateModified\":\"2026-04-29T08:27:07+00:00\",\"breadcrumb\":{\"@id\":\"https:\/\/amu.pan.pl\/badaczka\/program-2023\/#breadcrumb\"},\"inLanguage\":\"en-GB\",\"potentialAction\":[{\"@type\":\"ReadAction\",\"target\":[\"https:\/\/amu.pan.pl\/badaczka\/program-2023\/\"]}]},{\"@type\":\"ImageObject\",\"inLanguage\":\"en-GB\",\"@id\":\"https:\/\/amu.pan.pl\/badaczka\/program-2023\/#primaryimage\",\"url\":\"https:\/\/amu.pan.pl\/badaczka\/wp-content\/uploads\/sites\/2\/2026\/04\/speakers-1086x1536-1-724x1024.png\",\"contentUrl\":\"https:\/\/amu.pan.pl\/badaczka\/wp-content\/uploads\/sites\/2\/2026\/04\/speakers-1086x1536-1-724x1024.png\"},{\"@type\":\"BreadcrumbList\",\"@id\":\"https:\/\/amu.pan.pl\/badaczka\/program-2023\/#breadcrumb\",\"itemListElement\":[{\"@type\":\"ListItem\",\"position\":1,\"name\":\"Strona g\u0142\u00f3wna\",\"item\":\"https:\/\/amu.pan.pl\/badaczka\/\"},{\"@type\":\"ListItem\",\"position\":2,\"name\":\"Program 2023\"}]},{\"@type\":\"WebSite\",\"@id\":\"https:\/\/amu.pan.pl\/badaczka\/#website\",\"url\":\"https:\/\/amu.pan.pl\/badaczka\/\",\"name\":\"Zosta\u0144 badaczk\u0105!\",\"description\":\"Kobiety w nauce\",\"publisher\":{\"@id\":\"https:\/\/amu.pan.pl\/badaczka\/#organization\"},\"potentialAction\":[{\"@type\":\"SearchAction\",\"target\":{\"@type\":\"EntryPoint\",\"urlTemplate\":\"https:\/\/amu.pan.pl\/badaczka\/?s={search_term_string}\"},\"query-input\":{\"@type\":\"PropertyValueSpecification\",\"valueRequired\":true,\"valueName\":\"search_term_string\"}}],\"inLanguage\":\"en-GB\"},{\"@type\":\"Organization\",\"@id\":\"https:\/\/amu.pan.pl\/badaczka\/#organization\",\"name\":\"Zosta\u0144 badaczk\u0105!\",\"url\":\"https:\/\/amu.pan.pl\/badaczka\/\",\"logo\":{\"@type\":\"ImageObject\",\"inLanguage\":\"en-GB\",\"@id\":\"https:\/\/amu.pan.pl\/badaczka\/#\/schema\/logo\/image\/\",\"url\":\"https:\/\/amu.pan.pl\/badaczka\/wp-content\/uploads\/sites\/2\/2020\/11\/AMU_logo_mini.png\",\"contentUrl\":\"https:\/\/amu.pan.pl\/badaczka\/wp-content\/uploads\/sites\/2\/2020\/11\/AMU_logo_mini.png\",\"width\":150,\"height\":85,\"caption\":\"Zosta\u0144 badaczk\u0105!\"},\"image\":{\"@id\":\"https:\/\/amu.pan.pl\/badaczka\/#\/schema\/logo\/image\/\"}}]}<\/script>\n<!-- \/ Yoast SEO plugin. -->","yoast_head_json":{"title":"Program 2023 - Zosta\u0144 badaczk\u0105!","robots":{"index":"index","follow":"follow","max-snippet":"max-snippet:-1","max-image-preview":"max-image-preview:large","max-video-preview":"max-video-preview:-1"},"canonical":"https:\/\/amu.pan.pl\/badaczka\/en\/program-2023\/","og_locale":"en_GB","og_type":"article","og_title":"Program 2023 - Zosta\u0144 badaczk\u0105!","og_description":"Program Kobiety w nauce 2023 09:00-9:30 Rejestracja 10:00-10:10 Otwarcie konferencji: Prof. dr hab. in\u017c. Marta Gmurek, Zast\u0119pczyni Przewodnicz\u0105cego AMU dr Jacek Kolanowski, Przewodnicz\u0105cy AMU dr hab. Anna Bartkiewicz, prof. UMK 10:10-10:40 dr hab. Karolina S\u0142owik, prof. UMK fizyka 10:40-11:10 dr hab. Karolina Mikulska-Rumi\u0144ska, prof. UMK biologia molekularna 11:10-11:40 dr hab. in\u017c. Katarzyna Siuzdak, prof. IMP [&hellip;]","og_url":"https:\/\/amu.pan.pl\/badaczka\/en\/program-2023\/","og_site_name":"Zosta\u0144 badaczk\u0105!","article_modified_time":"2026-04-29T08:27:07+00:00","og_image":[{"width":1086,"height":1536,"url":"https:\/\/amu.pan.pl\/badaczka\/wp-content\/uploads\/sites\/2\/2026\/04\/speakers-1086x1536-1.png","type":"image\/png"}],"twitter_card":"summary_large_image","twitter_misc":{"Estimated reading time":"1 minute"},"schema":{"@context":"https:\/\/schema.org","@graph":[{"@type":"WebPage","@id":"https:\/\/amu.pan.pl\/badaczka\/program-2023\/","url":"https:\/\/amu.pan.pl\/badaczka\/program-2023\/","name":"Program 2023 - Zosta\u0144 badaczk\u0105!","isPartOf":{"@id":"https:\/\/amu.pan.pl\/badaczka\/#website"},"primaryImageOfPage":{"@id":"https:\/\/amu.pan.pl\/badaczka\/program-2023\/#primaryimage"},"image":{"@id":"https:\/\/amu.pan.pl\/badaczka\/program-2023\/#primaryimage"},"thumbnailUrl":"https:\/\/amu.pan.pl\/badaczka\/wp-content\/uploads\/sites\/2\/2026\/04\/speakers-1086x1536-1-724x1024.png","datePublished":"2026-04-25T12:07:00+00:00","dateModified":"2026-04-29T08:27:07+00:00","breadcrumb":{"@id":"https:\/\/amu.pan.pl\/badaczka\/program-2023\/#breadcrumb"},"inLanguage":"en-GB","potentialAction":[{"@type":"ReadAction","target":["https:\/\/amu.pan.pl\/badaczka\/program-2023\/"]}]},{"@type":"ImageObject","inLanguage":"en-GB","@id":"https:\/\/amu.pan.pl\/badaczka\/program-2023\/#primaryimage","url":"https:\/\/amu.pan.pl\/badaczka\/wp-content\/uploads\/sites\/2\/2026\/04\/speakers-1086x1536-1-724x1024.png","contentUrl":"https:\/\/amu.pan.pl\/badaczka\/wp-content\/uploads\/sites\/2\/2026\/04\/speakers-1086x1536-1-724x1024.png"},{"@type":"BreadcrumbList","@id":"https:\/\/amu.pan.pl\/badaczka\/program-2023\/#breadcrumb","itemListElement":[{"@type":"ListItem","position":1,"name":"Strona g\u0142\u00f3wna","item":"https:\/\/amu.pan.pl\/badaczka\/"},{"@type":"ListItem","position":2,"name":"Program 2023"}]},{"@type":"WebSite","@id":"https:\/\/amu.pan.pl\/badaczka\/#website","url":"https:\/\/amu.pan.pl\/badaczka\/","name":"Zosta\u0144 badaczk\u0105!","description":"Kobiety w nauce","publisher":{"@id":"https:\/\/amu.pan.pl\/badaczka\/#organization"},"potentialAction":[{"@type":"SearchAction","target":{"@type":"EntryPoint","urlTemplate":"https:\/\/amu.pan.pl\/badaczka\/?s={search_term_string}"},"query-input":{"@type":"PropertyValueSpecification","valueRequired":true,"valueName":"search_term_string"}}],"inLanguage":"en-GB"},{"@type":"Organization","@id":"https:\/\/amu.pan.pl\/badaczka\/#organization","name":"Zosta\u0144 badaczk\u0105!","url":"https:\/\/amu.pan.pl\/badaczka\/","logo":{"@type":"ImageObject","inLanguage":"en-GB","@id":"https:\/\/amu.pan.pl\/badaczka\/#\/schema\/logo\/image\/","url":"https:\/\/amu.pan.pl\/badaczka\/wp-content\/uploads\/sites\/2\/2020\/11\/AMU_logo_mini.png","contentUrl":"https:\/\/amu.pan.pl\/badaczka\/wp-content\/uploads\/sites\/2\/2020\/11\/AMU_logo_mini.png","width":150,"height":85,"caption":"Zosta\u0144 badaczk\u0105!"},"image":{"@id":"https:\/\/amu.pan.pl\/badaczka\/#\/schema\/logo\/image\/"}}]}},"_links":{"self":[{"href":"https:\/\/amu.pan.pl\/badaczka\/en\/wp-json\/wp\/v2\/pages\/2603","targetHints":{"allow":["GET"]}}],"collection":[{"href":"https:\/\/amu.pan.pl\/badaczka\/en\/wp-json\/wp\/v2\/pages"}],"about":[{"href":"https:\/\/amu.pan.pl\/badaczka\/en\/wp-json\/wp\/v2\/types\/page"}],"author":[{"embeddable":true,"href":"https:\/\/amu.pan.pl\/badaczka\/en\/wp-json\/wp\/v2\/users\/19"}],"replies":[{"embeddable":true,"href":"https:\/\/amu.pan.pl\/badaczka\/en\/wp-json\/wp\/v2\/comments?post=2603"}],"version-history":[{"count":19,"href":"https:\/\/amu.pan.pl\/badaczka\/en\/wp-json\/wp\/v2\/pages\/2603\/revisions"}],"predecessor-version":[{"id":2882,"href":"https:\/\/amu.pan.pl\/badaczka\/en\/wp-json\/wp\/v2\/pages\/2603\/revisions\/2882"}],"wp:attachment":[{"href":"https:\/\/amu.pan.pl\/badaczka\/en\/wp-json\/wp\/v2\/media?parent=2603"}],"curies":[{"name":"wp","href":"https:\/\/api.w.org\/{rel}","templated":true}]}}