{"id":31,"date":"2018-12-21T11:42:29","date_gmt":"2018-12-21T11:42:29","guid":{"rendered":"http:\/\/amu.pan.pl\/kobietywnauce\/?page_id=31"},"modified":"2018-12-21T11:42:29","modified_gmt":"2018-12-21T11:42:29","slug":"organizatorzy","status":"publish","type":"page","link":"https:\/\/amu.pan.pl\/badaczka\/en\/organizatorzy\/","title":{"rendered":"Organizers"},"content":{"rendered":"<p><strong><img decoding=\"async\" class=\"wp-image-91 aligncenter\" src=\"http:\/\/amu.pan.pl\/komercjalizacja\/wp-content\/uploads\/2018\/09\/AMU_logo-300x193.gif\" alt=\"\" width=\"204\" height=\"131\" \/><\/strong><\/p>\n<p><strong>Academy of Young Scientists<\/strong> was established by the Act of April 30, 2010. o Polish Academy of Sciences in order to promote scientific research and development works carried out by outstanding young representatives of Polish science. Members of the Academy of Young Scholars elected by the General Assembly of the Polish Academy of Sciences in the number not exceeding 10 % of the statutory number of national Academy members, at the time of their election may not exceed 38 years of age and must have at least a doctoral degree. The term of office of a member of the Academy of Young Scholars is 5 years, without the possibility of re-election. The tasks set for the Academy of Young Scholars focus on activities aimed at activating the community of young scientists and include primarily: presenting opinions and programs concerning science, organizing debates, discussions, scientific conferences aimed at considering important problems of the represented discipline or related scientific disciplines, and disseminating their results, preparing opinions and scientific assessments regarding the represented discipline or related scientific disciplines, disseminating ethical standards among young scientists.<\/p>\n<p><a href=\"http:\/\/amu.pan.pl\/badaczka\/en\/\">amu.pan.pl<\/a>; <a href=\"mailto:amu@pan.pl\">amu@pan.pl<\/a><\/p>","protected":false},"excerpt":{"rendered":"<p>Akademia M\u0142odych Uczonych zosta\u0142a powo\u0142ana Ustaw\u0105 z dnia 30 kwietnia 2010r. o Polskiej Akademii Nauk w celu promowania bada\u0144 naukowych i prac rozwojowych prowadzonych przez wybitnych m\u0142odych przedstawicieli nauki polskiej. Cz\u0142onkowie Akademii M\u0142odych Uczonych, wybierani przez Zgromadzenie Og\u00f3lne PAN w liczbie nie przekraczaj\u0105cej 10 % ustawowej liczby cz\u0142onk\u00f3w krajowych Akademii, w chwili wyboru nie mog\u0105 [&hellip;]<\/p>","protected":false},"author":2,"featured_media":0,"parent":0,"menu_order":0,"comment_status":"closed","ping_status":"closed","template":"","meta":{"_monsterinsights_skip_tracking":false,"_monsterinsights_sitenote_active":false,"_monsterinsights_sitenote_note":"","_monsterinsights_sitenote_category":0,"footnotes":""},"class_list":["post-31","page","type-page","status-publish","hentry"],"yoast_head":"<!-- This site is optimized with the Yoast SEO plugin v25.0 - https:\/\/yoast.com\/wordpress\/plugins\/seo\/ -->\n<title>Organizatorzy - Zosta\u0144 badaczk\u0105!<\/title>\n<meta name=\"robots\" content=\"index, follow, max-snippet:-1, max-image-preview:large, max-video-preview:-1\" \/>\n<link rel=\"canonical\" href=\"https:\/\/amu.pan.pl\/badaczka\/en\/organizatorzy\/\" \/>\n<meta property=\"og:locale\" content=\"en_GB\" \/>\n<meta property=\"og:type\" content=\"article\" \/>\n<meta property=\"og:title\" content=\"Organizatorzy - Zosta\u0144 badaczk\u0105!\" \/>\n<meta property=\"og:description\" content=\"Akademia M\u0142odych Uczonych zosta\u0142a powo\u0142ana Ustaw\u0105 z dnia 30 kwietnia 2010r. o Polskiej Akademii Nauk w celu promowania bada\u0144 naukowych i prac rozwojowych prowadzonych przez wybitnych m\u0142odych przedstawicieli nauki polskiej. Cz\u0142onkowie Akademii M\u0142odych Uczonych, wybierani przez Zgromadzenie Og\u00f3lne PAN w liczbie nie przekraczaj\u0105cej 10 % ustawowej liczby cz\u0142onk\u00f3w krajowych Akademii, w chwili wyboru nie mog\u0105 [&hellip;]\" \/>\n<meta property=\"og:url\" content=\"https:\/\/amu.pan.pl\/badaczka\/en\/organizatorzy\/\" \/>\n<meta property=\"og:site_name\" content=\"Zosta\u0144 badaczk\u0105!\" \/>\n<meta property=\"og:image\" content=\"http:\/\/amu.pan.pl\/komercjalizacja\/wp-content\/uploads\/2018\/09\/AMU_logo-300x193.gif\" \/>\n<meta name=\"twitter:card\" content=\"summary_large_image\" \/>\n<meta name=\"twitter:label1\" content=\"Estimated reading time\" \/>\n\t<meta name=\"twitter:data1\" content=\"1 minute\" \/>\n<script type=\"application\/ld+json\" class=\"yoast-schema-graph\">{\"@context\":\"https:\/\/schema.org\",\"@graph\":[{\"@type\":\"WebPage\",\"@id\":\"https:\/\/amu.pan.pl\/badaczka\/organizatorzy\/\",\"url\":\"https:\/\/amu.pan.pl\/badaczka\/organizatorzy\/\",\"name\":\"Organizatorzy - Zosta\u0144 badaczk\u0105!\",\"isPartOf\":{\"@id\":\"https:\/\/amu.pan.pl\/badaczka\/#website\"},\"primaryImageOfPage\":{\"@id\":\"https:\/\/amu.pan.pl\/badaczka\/organizatorzy\/#primaryimage\"},\"image\":{\"@id\":\"https:\/\/amu.pan.pl\/badaczka\/organizatorzy\/#primaryimage\"},\"thumbnailUrl\":\"http:\/\/amu.pan.pl\/komercjalizacja\/wp-content\/uploads\/2018\/09\/AMU_logo-300x193.gif\",\"datePublished\":\"2018-12-21T11:42:29+00:00\",\"breadcrumb\":{\"@id\":\"https:\/\/amu.pan.pl\/badaczka\/organizatorzy\/#breadcrumb\"},\"inLanguage\":\"en-GB\",\"potentialAction\":[{\"@type\":\"ReadAction\",\"target\":[\"https:\/\/amu.pan.pl\/badaczka\/organizatorzy\/\"]}]},{\"@type\":\"ImageObject\",\"inLanguage\":\"en-GB\",\"@id\":\"https:\/\/amu.pan.pl\/badaczka\/organizatorzy\/#primaryimage\",\"url\":\"http:\/\/amu.pan.pl\/komercjalizacja\/wp-content\/uploads\/2018\/09\/AMU_logo-300x193.gif\",\"contentUrl\":\"http:\/\/amu.pan.pl\/komercjalizacja\/wp-content\/uploads\/2018\/09\/AMU_logo-300x193.gif\"},{\"@type\":\"BreadcrumbList\",\"@id\":\"https:\/\/amu.pan.pl\/badaczka\/organizatorzy\/#breadcrumb\",\"itemListElement\":[{\"@type\":\"ListItem\",\"position\":1,\"name\":\"Strona g\u0142\u00f3wna\",\"item\":\"https:\/\/amu.pan.pl\/badaczka\/\"},{\"@type\":\"ListItem\",\"position\":2,\"name\":\"Organizatorzy\"}]},{\"@type\":\"WebSite\",\"@id\":\"https:\/\/amu.pan.pl\/badaczka\/#website\",\"url\":\"https:\/\/amu.pan.pl\/badaczka\/\",\"name\":\"Zosta\u0144 badaczk\u0105!\",\"description\":\"Kobiety w nauce\",\"publisher\":{\"@id\":\"https:\/\/amu.pan.pl\/badaczka\/#organization\"},\"potentialAction\":[{\"@type\":\"SearchAction\",\"target\":{\"@type\":\"EntryPoint\",\"urlTemplate\":\"https:\/\/amu.pan.pl\/badaczka\/?s={search_term_string}\"},\"query-input\":{\"@type\":\"PropertyValueSpecification\",\"valueRequired\":true,\"valueName\":\"search_term_string\"}}],\"inLanguage\":\"en-GB\"},{\"@type\":\"Organization\",\"@id\":\"https:\/\/amu.pan.pl\/badaczka\/#organization\",\"name\":\"Zosta\u0144 badaczk\u0105!\",\"url\":\"https:\/\/amu.pan.pl\/badaczka\/\",\"logo\":{\"@type\":\"ImageObject\",\"inLanguage\":\"en-GB\",\"@id\":\"https:\/\/amu.pan.pl\/badaczka\/#\/schema\/logo\/image\/\",\"url\":\"https:\/\/amu.pan.pl\/badaczka\/wp-content\/uploads\/sites\/2\/2020\/11\/AMU_logo_mini.png\",\"contentUrl\":\"https:\/\/amu.pan.pl\/badaczka\/wp-content\/uploads\/sites\/2\/2020\/11\/AMU_logo_mini.png\",\"width\":150,\"height\":85,\"caption\":\"Zosta\u0144 badaczk\u0105!\"},\"image\":{\"@id\":\"https:\/\/amu.pan.pl\/badaczka\/#\/schema\/logo\/image\/\"}}]}<\/script>\n<!-- \/ Yoast SEO plugin. -->","yoast_head_json":{"title":"Organizatorzy - Zosta\u0144 badaczk\u0105!","robots":{"index":"index","follow":"follow","max-snippet":"max-snippet:-1","max-image-preview":"max-image-preview:large","max-video-preview":"max-video-preview:-1"},"canonical":"https:\/\/amu.pan.pl\/badaczka\/en\/organizatorzy\/","og_locale":"en_GB","og_type":"article","og_title":"Organizatorzy - Zosta\u0144 badaczk\u0105!","og_description":"Akademia M\u0142odych Uczonych zosta\u0142a powo\u0142ana Ustaw\u0105 z dnia 30 kwietnia 2010r. o Polskiej Akademii Nauk w celu promowania bada\u0144 naukowych i prac rozwojowych prowadzonych przez wybitnych m\u0142odych przedstawicieli nauki polskiej. Cz\u0142onkowie Akademii M\u0142odych Uczonych, wybierani przez Zgromadzenie Og\u00f3lne PAN w liczbie nie przekraczaj\u0105cej 10 % ustawowej liczby cz\u0142onk\u00f3w krajowych Akademii, w chwili wyboru nie mog\u0105 [&hellip;]","og_url":"https:\/\/amu.pan.pl\/badaczka\/en\/organizatorzy\/","og_site_name":"Zosta\u0144 badaczk\u0105!","og_image":[{"url":"http:\/\/amu.pan.pl\/komercjalizacja\/wp-content\/uploads\/2018\/09\/AMU_logo-300x193.gif","type":"","width":"","height":""}],"twitter_card":"summary_large_image","twitter_misc":{"Estimated reading time":"1 minute"},"schema":{"@context":"https:\/\/schema.org","@graph":[{"@type":"WebPage","@id":"https:\/\/amu.pan.pl\/badaczka\/organizatorzy\/","url":"https:\/\/amu.pan.pl\/badaczka\/organizatorzy\/","name":"Organizatorzy - Zosta\u0144 badaczk\u0105!","isPartOf":{"@id":"https:\/\/amu.pan.pl\/badaczka\/#website"},"primaryImageOfPage":{"@id":"https:\/\/amu.pan.pl\/badaczka\/organizatorzy\/#primaryimage"},"image":{"@id":"https:\/\/amu.pan.pl\/badaczka\/organizatorzy\/#primaryimage"},"thumbnailUrl":"http:\/\/amu.pan.pl\/komercjalizacja\/wp-content\/uploads\/2018\/09\/AMU_logo-300x193.gif","datePublished":"2018-12-21T11:42:29+00:00","breadcrumb":{"@id":"https:\/\/amu.pan.pl\/badaczka\/organizatorzy\/#breadcrumb"},"inLanguage":"en-GB","potentialAction":[{"@type":"ReadAction","target":["https:\/\/amu.pan.pl\/badaczka\/organizatorzy\/"]}]},{"@type":"ImageObject","inLanguage":"en-GB","@id":"https:\/\/amu.pan.pl\/badaczka\/organizatorzy\/#primaryimage","url":"http:\/\/amu.pan.pl\/komercjalizacja\/wp-content\/uploads\/2018\/09\/AMU_logo-300x193.gif","contentUrl":"http:\/\/amu.pan.pl\/komercjalizacja\/wp-content\/uploads\/2018\/09\/AMU_logo-300x193.gif"},{"@type":"BreadcrumbList","@id":"https:\/\/amu.pan.pl\/badaczka\/organizatorzy\/#breadcrumb","itemListElement":[{"@type":"ListItem","position":1,"name":"Strona g\u0142\u00f3wna","item":"https:\/\/amu.pan.pl\/badaczka\/"},{"@type":"ListItem","position":2,"name":"Organizatorzy"}]},{"@type":"WebSite","@id":"https:\/\/amu.pan.pl\/badaczka\/#website","url":"https:\/\/amu.pan.pl\/badaczka\/","name":"Zosta\u0144 badaczk\u0105!","description":"Kobiety w nauce","publisher":{"@id":"https:\/\/amu.pan.pl\/badaczka\/#organization"},"potentialAction":[{"@type":"SearchAction","target":{"@type":"EntryPoint","urlTemplate":"https:\/\/amu.pan.pl\/badaczka\/?s={search_term_string}"},"query-input":{"@type":"PropertyValueSpecification","valueRequired":true,"valueName":"search_term_string"}}],"inLanguage":"en-GB"},{"@type":"Organization","@id":"https:\/\/amu.pan.pl\/badaczka\/#organization","name":"Zosta\u0144 badaczk\u0105!","url":"https:\/\/amu.pan.pl\/badaczka\/","logo":{"@type":"ImageObject","inLanguage":"en-GB","@id":"https:\/\/amu.pan.pl\/badaczka\/#\/schema\/logo\/image\/","url":"https:\/\/amu.pan.pl\/badaczka\/wp-content\/uploads\/sites\/2\/2020\/11\/AMU_logo_mini.png","contentUrl":"https:\/\/amu.pan.pl\/badaczka\/wp-content\/uploads\/sites\/2\/2020\/11\/AMU_logo_mini.png","width":150,"height":85,"caption":"Zosta\u0144 badaczk\u0105!"},"image":{"@id":"https:\/\/amu.pan.pl\/badaczka\/#\/schema\/logo\/image\/"}}]}},"_links":{"self":[{"href":"https:\/\/amu.pan.pl\/badaczka\/en\/wp-json\/wp\/v2\/pages\/31","targetHints":{"allow":["GET"]}}],"collection":[{"href":"https:\/\/amu.pan.pl\/badaczka\/en\/wp-json\/wp\/v2\/pages"}],"about":[{"href":"https:\/\/amu.pan.pl\/badaczka\/en\/wp-json\/wp\/v2\/types\/page"}],"author":[{"embeddable":true,"href":"https:\/\/amu.pan.pl\/badaczka\/en\/wp-json\/wp\/v2\/users\/2"}],"replies":[{"embeddable":true,"href":"https:\/\/amu.pan.pl\/badaczka\/en\/wp-json\/wp\/v2\/comments?post=31"}],"version-history":[{"count":0,"href":"https:\/\/amu.pan.pl\/badaczka\/en\/wp-json\/wp\/v2\/pages\/31\/revisions"}],"wp:attachment":[{"href":"https:\/\/amu.pan.pl\/badaczka\/en\/wp-json\/wp\/v2\/media?parent=31"}],"curies":[{"name":"wp","href":"https:\/\/api.w.org\/{rel}","templated":true}]}}