{"id":358,"date":"2020-10-27T01:21:27","date_gmt":"2020-10-27T00:21:27","guid":{"rendered":"https:\/\/amu.pan.pl\/badaczka\/?page_id=358"},"modified":"2020-10-27T01:21:27","modified_gmt":"2020-10-27T00:21:27","slug":"materialy-do-pobrania","status":"publish","type":"page","link":"https:\/\/amu.pan.pl\/badaczka\/en\/edycja-2019\/materialy-do-pobrania\/","title":{"rendered":"Downloads"},"content":{"rendered":"<table>\n<tbody>\n<tr>\n<td style=\"text-align: center\"><strong>Conference poster:<\/strong><\/td>\n<td style=\"text-align: center\"><strong>Conference banner:<\/strong><\/td>\n<\/tr>\n<tr>\n<td><img decoding=\"async\" class=\"wp-image-140 aligncenter\" src=\"http:\/\/amu.pan.pl\/amu_old\/kobietywnauce\/wp-content\/uploads\/2019\/01\/Zosta\u0144_badaczk\u0105_plakat_A4-212x300.png\" alt=\"\" \/><\/td>\n<td>\n<p style=\"text-align: center\"><img decoding=\"async\" class=\"alignnone size-medium wp-image-143\" src=\"http:\/\/amu.pan.pl\/amu_old\/kobietywnauce\/wp-content\/uploads\/2019\/01\/Zosta\u0144_badaczk\u0105_baner_30_18-300x180.png\" alt=\"\" \/><\/p>\n<\/td>\n<\/tr>\n<tr>\n<td style=\"text-align: center\">in A2 format <a href=\"http:\/\/amu.pan.pl\/amu_old\/kobietywnauce\/wp-content\/uploads\/2019\/01\/Zosta\u0144_badaczk\u0105_plakat_A2.png\">PNG<\/a> | <a href=\"http:\/\/amu.pan.pl\/amu_old\/kobietywnauce\/wp-content\/uploads\/2019\/01\/plakatA2.pdf\">PDF<\/a><br \/>\nin A3 format <a href=\"http:\/\/amu.pan.pl\/amu_old\/kobietywnauce\/wp-content\/uploads\/2019\/01\/Zosta\u0144_badaczk\u0105_plakat_A3.png\">PNG<\/a> | <a href=\"http:\/\/amu.pan.pl\/amu_old\/kobietywnauce\/wp-content\/uploads\/2019\/01\/plakatA3.pdf\">PDF<\/a><br \/>\nin A4 format <a href=\"http:\/\/amu.pan.pl\/amu_old\/kobietywnauce\/wp-content\/uploads\/2019\/01\/Zosta\u0144_badaczk\u0105_plakat_A4.png\">PNG<\/a> | <a href=\"http:\/\/amu.pan.pl\/amu_old\/kobietywnauce\/wp-content\/uploads\/2019\/01\/plakatA4.pdf\">PDF<\/a><\/td>\n<td style=\"text-align: center\">in 60\/36 format <a href=\"http:\/\/amu.pan.pl\/amu_old\/kobietywnauce\/wp-content\/uploads\/2019\/01\/Zosta\u0144_badaczk\u0105_baner_60_36.png\">PNG<\/a> | <a href=\"http:\/\/amu.pan.pl\/amu_old\/kobietywnauce\/wp-content\/uploads\/2019\/01\/Zosta\u0144_badaczk\u0105_baner_60_36.png\">JPG<\/a><br \/>\nin 30\/18 format <a href=\"http:\/\/amu.pan.pl\/amu_old\/kobietywnauce\/wp-content\/uploads\/2019\/01\/Zosta\u0144_badaczk\u0105_baner_30_18.png\">PNG<\/a> | <a href=\"http:\/\/amu.pan.pl\/amu_old\/kobietywnauce\/wp-content\/uploads\/2019\/01\/Zosta\u0144_badaczk\u0105_baner_30_18.png\">JPG<\/a><\/td>\n<\/tr>\n<\/tbody>\n<\/table>","protected":false},"excerpt":{"rendered":"<p>Plakat konferencji: Baner konferencji: w formacie A2 PNG | PDF w formacie A3 PNG | PDF w formacie A4 PNG | PDF w formacie 60\/36 PNG | JPG w formacie 30\/18 PNG | JPG<\/p>","protected":false},"author":2,"featured_media":0,"parent":369,"menu_order":0,"comment_status":"closed","ping_status":"closed","template":"","meta":{"_monsterinsights_skip_tracking":false,"_monsterinsights_sitenote_active":false,"_monsterinsights_sitenote_note":"","_monsterinsights_sitenote_category":0,"footnotes":""},"class_list":["post-358","page","type-page","status-publish","hentry"],"yoast_head":"<!-- This site is optimized with the Yoast SEO plugin v25.0 - https:\/\/yoast.com\/wordpress\/plugins\/seo\/ -->\n<title>Materia\u0142y do pobrania - Zosta\u0144 badaczk\u0105!<\/title>\n<meta name=\"robots\" content=\"index, follow, max-snippet:-1, max-image-preview:large, max-video-preview:-1\" \/>\n<link rel=\"canonical\" href=\"https:\/\/amu.pan.pl\/badaczka\/en\/edycja-2019\/materialy-do-pobrania\/\" \/>\n<meta property=\"og:locale\" content=\"en_GB\" \/>\n<meta property=\"og:type\" content=\"article\" \/>\n<meta property=\"og:title\" content=\"Materia\u0142y do pobrania - Zosta\u0144 badaczk\u0105!\" \/>\n<meta property=\"og:description\" content=\"Plakat konferencji: Baner konferencji: w formacie A2 PNG | PDF w formacie A3 PNG | PDF w formacie A4 PNG | PDF w formacie 60\/36 PNG | JPG w formacie 30\/18 PNG | JPG\" \/>\n<meta property=\"og:url\" content=\"https:\/\/amu.pan.pl\/badaczka\/en\/edycja-2019\/materialy-do-pobrania\/\" \/>\n<meta property=\"og:site_name\" content=\"Zosta\u0144 badaczk\u0105!\" \/>\n<meta property=\"og:image\" content=\"https:\/\/amu.pan.pl\/badaczka\/wp-content\/uploads\/sites\/2\/2022\/01\/Screenshot_20220118_144240.png\" \/>\n\t<meta property=\"og:image:width\" content=\"1465\" \/>\n\t<meta property=\"og:image:height\" content=\"773\" \/>\n\t<meta property=\"og:image:type\" content=\"image\/png\" \/>\n<meta name=\"twitter:card\" content=\"summary_large_image\" \/>\n<script type=\"application\/ld+json\" class=\"yoast-schema-graph\">{\"@context\":\"https:\/\/schema.org\",\"@graph\":[{\"@type\":\"WebPage\",\"@id\":\"https:\/\/amu.pan.pl\/badaczka\/edycja-2019\/materialy-do-pobrania\/\",\"url\":\"https:\/\/amu.pan.pl\/badaczka\/edycja-2019\/materialy-do-pobrania\/\",\"name\":\"Materia\u0142y do pobrania - Zosta\u0144 badaczk\u0105!\",\"isPartOf\":{\"@id\":\"https:\/\/amu.pan.pl\/badaczka\/#website\"},\"datePublished\":\"2020-10-27T00:21:27+00:00\",\"breadcrumb\":{\"@id\":\"https:\/\/amu.pan.pl\/badaczka\/edycja-2019\/materialy-do-pobrania\/#breadcrumb\"},\"inLanguage\":\"en-GB\",\"potentialAction\":[{\"@type\":\"ReadAction\",\"target\":[\"https:\/\/amu.pan.pl\/badaczka\/edycja-2019\/materialy-do-pobrania\/\"]}]},{\"@type\":\"BreadcrumbList\",\"@id\":\"https:\/\/amu.pan.pl\/badaczka\/edycja-2019\/materialy-do-pobrania\/#breadcrumb\",\"itemListElement\":[{\"@type\":\"ListItem\",\"position\":1,\"name\":\"Strona g\u0142\u00f3wna\",\"item\":\"https:\/\/amu.pan.pl\/badaczka\/\"},{\"@type\":\"ListItem\",\"position\":2,\"name\":\"Edycja 2019\",\"item\":\"https:\/\/amu.pan.pl\/badaczka\/edycja-2019\/\"},{\"@type\":\"ListItem\",\"position\":3,\"name\":\"Materia\u0142y do pobrania\"}]},{\"@type\":\"WebSite\",\"@id\":\"https:\/\/amu.pan.pl\/badaczka\/#website\",\"url\":\"https:\/\/amu.pan.pl\/badaczka\/\",\"name\":\"Zosta\u0144 badaczk\u0105!\",\"description\":\"Kobiety w nauce\",\"publisher\":{\"@id\":\"https:\/\/amu.pan.pl\/badaczka\/#organization\"},\"potentialAction\":[{\"@type\":\"SearchAction\",\"target\":{\"@type\":\"EntryPoint\",\"urlTemplate\":\"https:\/\/amu.pan.pl\/badaczka\/?s={search_term_string}\"},\"query-input\":{\"@type\":\"PropertyValueSpecification\",\"valueRequired\":true,\"valueName\":\"search_term_string\"}}],\"inLanguage\":\"en-GB\"},{\"@type\":\"Organization\",\"@id\":\"https:\/\/amu.pan.pl\/badaczka\/#organization\",\"name\":\"Zosta\u0144 badaczk\u0105!\",\"url\":\"https:\/\/amu.pan.pl\/badaczka\/\",\"logo\":{\"@type\":\"ImageObject\",\"inLanguage\":\"en-GB\",\"@id\":\"https:\/\/amu.pan.pl\/badaczka\/#\/schema\/logo\/image\/\",\"url\":\"https:\/\/amu.pan.pl\/badaczka\/wp-content\/uploads\/sites\/2\/2020\/11\/AMU_logo_mini.png\",\"contentUrl\":\"https:\/\/amu.pan.pl\/badaczka\/wp-content\/uploads\/sites\/2\/2020\/11\/AMU_logo_mini.png\",\"width\":150,\"height\":85,\"caption\":\"Zosta\u0144 badaczk\u0105!\"},\"image\":{\"@id\":\"https:\/\/amu.pan.pl\/badaczka\/#\/schema\/logo\/image\/\"}}]}<\/script>\n<!-- \/ Yoast SEO plugin. -->","yoast_head_json":{"title":"Materia\u0142y do pobrania - Zosta\u0144 badaczk\u0105!","robots":{"index":"index","follow":"follow","max-snippet":"max-snippet:-1","max-image-preview":"max-image-preview:large","max-video-preview":"max-video-preview:-1"},"canonical":"https:\/\/amu.pan.pl\/badaczka\/en\/edycja-2019\/materialy-do-pobrania\/","og_locale":"en_GB","og_type":"article","og_title":"Materia\u0142y do pobrania - Zosta\u0144 badaczk\u0105!","og_description":"Plakat konferencji: Baner konferencji: w formacie A2 PNG | PDF w formacie A3 PNG | PDF w formacie A4 PNG | PDF w formacie 60\/36 PNG | JPG w formacie 30\/18 PNG | JPG","og_url":"https:\/\/amu.pan.pl\/badaczka\/en\/edycja-2019\/materialy-do-pobrania\/","og_site_name":"Zosta\u0144 badaczk\u0105!","og_image":[{"width":1465,"height":773,"url":"https:\/\/amu.pan.pl\/badaczka\/wp-content\/uploads\/sites\/2\/2022\/01\/Screenshot_20220118_144240.png","type":"image\/png"}],"twitter_card":"summary_large_image","schema":{"@context":"https:\/\/schema.org","@graph":[{"@type":"WebPage","@id":"https:\/\/amu.pan.pl\/badaczka\/edycja-2019\/materialy-do-pobrania\/","url":"https:\/\/amu.pan.pl\/badaczka\/edycja-2019\/materialy-do-pobrania\/","name":"Materia\u0142y do pobrania - Zosta\u0144 badaczk\u0105!","isPartOf":{"@id":"https:\/\/amu.pan.pl\/badaczka\/#website"},"datePublished":"2020-10-27T00:21:27+00:00","breadcrumb":{"@id":"https:\/\/amu.pan.pl\/badaczka\/edycja-2019\/materialy-do-pobrania\/#breadcrumb"},"inLanguage":"en-GB","potentialAction":[{"@type":"ReadAction","target":["https:\/\/amu.pan.pl\/badaczka\/edycja-2019\/materialy-do-pobrania\/"]}]},{"@type":"BreadcrumbList","@id":"https:\/\/amu.pan.pl\/badaczka\/edycja-2019\/materialy-do-pobrania\/#breadcrumb","itemListElement":[{"@type":"ListItem","position":1,"name":"Strona g\u0142\u00f3wna","item":"https:\/\/amu.pan.pl\/badaczka\/"},{"@type":"ListItem","position":2,"name":"Edycja 2019","item":"https:\/\/amu.pan.pl\/badaczka\/edycja-2019\/"},{"@type":"ListItem","position":3,"name":"Materia\u0142y do pobrania"}]},{"@type":"WebSite","@id":"https:\/\/amu.pan.pl\/badaczka\/#website","url":"https:\/\/amu.pan.pl\/badaczka\/","name":"Zosta\u0144 badaczk\u0105!","description":"Kobiety w nauce","publisher":{"@id":"https:\/\/amu.pan.pl\/badaczka\/#organization"},"potentialAction":[{"@type":"SearchAction","target":{"@type":"EntryPoint","urlTemplate":"https:\/\/amu.pan.pl\/badaczka\/?s={search_term_string}"},"query-input":{"@type":"PropertyValueSpecification","valueRequired":true,"valueName":"search_term_string"}}],"inLanguage":"en-GB"},{"@type":"Organization","@id":"https:\/\/amu.pan.pl\/badaczka\/#organization","name":"Zosta\u0144 badaczk\u0105!","url":"https:\/\/amu.pan.pl\/badaczka\/","logo":{"@type":"ImageObject","inLanguage":"en-GB","@id":"https:\/\/amu.pan.pl\/badaczka\/#\/schema\/logo\/image\/","url":"https:\/\/amu.pan.pl\/badaczka\/wp-content\/uploads\/sites\/2\/2020\/11\/AMU_logo_mini.png","contentUrl":"https:\/\/amu.pan.pl\/badaczka\/wp-content\/uploads\/sites\/2\/2020\/11\/AMU_logo_mini.png","width":150,"height":85,"caption":"Zosta\u0144 badaczk\u0105!"},"image":{"@id":"https:\/\/amu.pan.pl\/badaczka\/#\/schema\/logo\/image\/"}}]}},"_links":{"self":[{"href":"https:\/\/amu.pan.pl\/badaczka\/en\/wp-json\/wp\/v2\/pages\/358","targetHints":{"allow":["GET"]}}],"collection":[{"href":"https:\/\/amu.pan.pl\/badaczka\/en\/wp-json\/wp\/v2\/pages"}],"about":[{"href":"https:\/\/amu.pan.pl\/badaczka\/en\/wp-json\/wp\/v2\/types\/page"}],"author":[{"embeddable":true,"href":"https:\/\/amu.pan.pl\/badaczka\/en\/wp-json\/wp\/v2\/users\/2"}],"replies":[{"embeddable":true,"href":"https:\/\/amu.pan.pl\/badaczka\/en\/wp-json\/wp\/v2\/comments?post=358"}],"version-history":[{"count":1,"href":"https:\/\/amu.pan.pl\/badaczka\/en\/wp-json\/wp\/v2\/pages\/358\/revisions"}],"predecessor-version":[{"id":377,"href":"https:\/\/amu.pan.pl\/badaczka\/en\/wp-json\/wp\/v2\/pages\/358\/revisions\/377"}],"up":[{"embeddable":true,"href":"https:\/\/amu.pan.pl\/badaczka\/en\/wp-json\/wp\/v2\/pages\/369"}],"wp:attachment":[{"href":"https:\/\/amu.pan.pl\/badaczka\/en\/wp-json\/wp\/v2\/media?parent=358"}],"curies":[{"name":"wp","href":"https:\/\/api.w.org\/{rel}","templated":true}]}}