{"id":364,"date":"2020-10-27T01:21:27","date_gmt":"2020-10-27T00:21:27","guid":{"rendered":"https:\/\/amu.pan.pl\/badaczka\/?page_id=364"},"modified":"2020-10-27T01:21:27","modified_gmt":"2020-10-27T00:21:27","slug":"palacowy-salon-naukowy","status":"publish","type":"page","link":"https:\/\/amu.pan.pl\/badaczka\/en\/edycja-2019\/palacowy-salon-naukowy\/","title":{"rendered":"The Palace Science Salon"},"content":{"rendered":"<p>Osoby zainteresowane histori\u0105 kobiet w nauce zapraszamy te\u017c na wyk\u0142ad z ilustracj\u0105 muzyczn\u0105 :<\/p>\n<p style=\"text-align: center\"><strong>&#8220;Kobiety w nauce&#8221;<\/strong><br \/>\nlek. Beata Ma\u0142achowska, lek. Konrad Stawiski, Uniwersytet Medyczny w \u0141odzi<br \/>\n<em>Jab\u0142onna, 17 lutego 2019 r. godz. 14.30<\/em><\/p>\n<p>Naukowiec to s\u0142owo dotychczas g\u0142\u00f3wnie kojarzone z m\u0119\u017cczyzn\u0105. Kobieta-naukowiec, naukowczyni, badaczka \u2013 brzmi cz\u0119sto obco, jako\u015b nieswojsko. Jakby nasz ojczysty j\u0119zyk nie wiedzia\u0142 jak opisa\u0107 kobiet\u0119 pracuj\u0105c\u0105 w nauce. Mo\u017ce ich nie by\u0142o dotychczas i dlatego brakuje nam odpowiednich s\u0142\u00f3w? Mo\u017ce maj\u0105 mniejsze predyspozycje genetyczne do pracy w nauce? A mo\u017ce by\u0142y tylko o nich nie m\u00f3wili\u015bmy? Mo\u017ce historia o nich nie pami\u0119ta?<\/p>\n<p>Ka\u017cdy z nas kojarzy Mari\u0119 Sk\u0142odowsk\u0105-Curie \u2013 wybitn\u0105 polsk\u0105 badaczk\u0119, ikon\u0119 i wz\u00f3r do na\u015bladowania dla wielu kobiet pracuj\u0105cych w nauce na ca\u0142ym \u015bwiecie. A kto z nas s\u0142ysza\u0142 o Rosalind Franklin czy te\u017c Adzie Lovelace? Albo o J\u00f3zefinie Joteyko, Wilheminie Iwanowskiej czy te\u017c o Magdalenie Zernickiej-Goetz?<\/p>\n<p>Podczas wyk\u0142adu postaramy si\u0119 przybli\u017cy\u0107 Pa\u0144stwu sylwetki s\u0142ynnych badaczek, opowiedzie\u0107 o ich dokonaniach a tak\u017ce o ich nier\u00f3wnej walce w \u201em\u0119skim\u201d \u015bwiecie nauki.<\/p>","protected":false},"excerpt":{"rendered":"<p>Osoby zainteresowane histori\u0105 kobiet w nauce zapraszamy te\u017c na wyk\u0142ad z ilustracj\u0105 muzyczn\u0105 : &#8220;Kobiety w nauce&#8221; lek. Beata Ma\u0142achowska, lek. Konrad Stawiski, Uniwersytet Medyczny w \u0141odzi Jab\u0142onna, 17 lutego 2019 r. godz. 14.30 Naukowiec to s\u0142owo dotychczas g\u0142\u00f3wnie kojarzone z m\u0119\u017cczyzn\u0105. Kobieta-naukowiec, naukowczyni, badaczka \u2013 brzmi cz\u0119sto obco, jako\u015b nieswojsko. Jakby nasz ojczysty j\u0119zyk [&hellip;]<\/p>","protected":false},"author":2,"featured_media":0,"parent":369,"menu_order":0,"comment_status":"closed","ping_status":"closed","template":"","meta":{"_monsterinsights_skip_tracking":false,"_monsterinsights_sitenote_active":false,"_monsterinsights_sitenote_note":"","_monsterinsights_sitenote_category":0,"footnotes":""},"class_list":["post-364","page","type-page","status-publish","hentry"],"yoast_head":"<!-- This site is optimized with the Yoast SEO plugin v25.0 - https:\/\/yoast.com\/wordpress\/plugins\/seo\/ -->\n<title>Pa\u0142acowy Salon Naukowy - Zosta\u0144 badaczk\u0105!<\/title>\n<meta name=\"robots\" content=\"index, follow, max-snippet:-1, max-image-preview:large, max-video-preview:-1\" \/>\n<link rel=\"canonical\" href=\"https:\/\/amu.pan.pl\/badaczka\/en\/edycja-2019\/palacowy-salon-naukowy\/\" \/>\n<meta property=\"og:locale\" content=\"en_GB\" \/>\n<meta property=\"og:type\" content=\"article\" \/>\n<meta property=\"og:title\" content=\"Pa\u0142acowy Salon Naukowy - Zosta\u0144 badaczk\u0105!\" \/>\n<meta property=\"og:description\" content=\"Osoby zainteresowane histori\u0105 kobiet w nauce zapraszamy te\u017c na wyk\u0142ad z ilustracj\u0105 muzyczn\u0105 : &#8220;Kobiety w nauce&#8221; lek. Beata Ma\u0142achowska, lek. Konrad Stawiski, Uniwersytet Medyczny w \u0141odzi Jab\u0142onna, 17 lutego 2019 r. godz. 14.30 Naukowiec to s\u0142owo dotychczas g\u0142\u00f3wnie kojarzone z m\u0119\u017cczyzn\u0105. Kobieta-naukowiec, naukowczyni, badaczka \u2013 brzmi cz\u0119sto obco, jako\u015b nieswojsko. Jakby nasz ojczysty j\u0119zyk [&hellip;]\" \/>\n<meta property=\"og:url\" content=\"https:\/\/amu.pan.pl\/badaczka\/en\/edycja-2019\/palacowy-salon-naukowy\/\" \/>\n<meta property=\"og:site_name\" content=\"Zosta\u0144 badaczk\u0105!\" \/>\n<meta property=\"og:image\" content=\"https:\/\/amu.pan.pl\/badaczka\/wp-content\/uploads\/sites\/2\/2022\/01\/Screenshot_20220118_144240.png\" \/>\n\t<meta property=\"og:image:width\" content=\"1465\" \/>\n\t<meta property=\"og:image:height\" content=\"773\" \/>\n\t<meta property=\"og:image:type\" content=\"image\/png\" \/>\n<meta name=\"twitter:card\" content=\"summary_large_image\" \/>\n<meta name=\"twitter:label1\" content=\"Estimated reading time\" \/>\n\t<meta name=\"twitter:data1\" content=\"1 minute\" \/>\n<script type=\"application\/ld+json\" class=\"yoast-schema-graph\">{\"@context\":\"https:\/\/schema.org\",\"@graph\":[{\"@type\":\"WebPage\",\"@id\":\"https:\/\/amu.pan.pl\/badaczka\/en\/edycja-2019\/palacowy-salon-naukowy\/\",\"url\":\"https:\/\/amu.pan.pl\/badaczka\/en\/edycja-2019\/palacowy-salon-naukowy\/\",\"name\":\"Pa\u0142acowy Salon Naukowy - Zosta\u0144 badaczk\u0105!\",\"isPartOf\":{\"@id\":\"https:\/\/amu.pan.pl\/badaczka\/#website\"},\"datePublished\":\"2020-10-27T00:21:27+00:00\",\"breadcrumb\":{\"@id\":\"https:\/\/amu.pan.pl\/badaczka\/en\/edycja-2019\/palacowy-salon-naukowy\/#breadcrumb\"},\"inLanguage\":\"en-GB\",\"potentialAction\":[{\"@type\":\"ReadAction\",\"target\":[\"https:\/\/amu.pan.pl\/badaczka\/en\/edycja-2019\/palacowy-salon-naukowy\/\"]}]},{\"@type\":\"BreadcrumbList\",\"@id\":\"https:\/\/amu.pan.pl\/badaczka\/en\/edycja-2019\/palacowy-salon-naukowy\/#breadcrumb\",\"itemListElement\":[{\"@type\":\"ListItem\",\"position\":1,\"name\":\"Strona g\u0142\u00f3wna\",\"item\":\"https:\/\/amu.pan.pl\/badaczka\/\"},{\"@type\":\"ListItem\",\"position\":2,\"name\":\"Edycja 2019\",\"item\":\"https:\/\/amu.pan.pl\/badaczka\/edycja-2019\/\"},{\"@type\":\"ListItem\",\"position\":3,\"name\":\"Pa\u0142acowy Salon Naukowy\"}]},{\"@type\":\"WebSite\",\"@id\":\"https:\/\/amu.pan.pl\/badaczka\/#website\",\"url\":\"https:\/\/amu.pan.pl\/badaczka\/\",\"name\":\"Zosta\u0144 badaczk\u0105!\",\"description\":\"Kobiety w nauce\",\"publisher\":{\"@id\":\"https:\/\/amu.pan.pl\/badaczka\/#organization\"},\"potentialAction\":[{\"@type\":\"SearchAction\",\"target\":{\"@type\":\"EntryPoint\",\"urlTemplate\":\"https:\/\/amu.pan.pl\/badaczka\/?s={search_term_string}\"},\"query-input\":{\"@type\":\"PropertyValueSpecification\",\"valueRequired\":true,\"valueName\":\"search_term_string\"}}],\"inLanguage\":\"en-GB\"},{\"@type\":\"Organization\",\"@id\":\"https:\/\/amu.pan.pl\/badaczka\/#organization\",\"name\":\"Zosta\u0144 badaczk\u0105!\",\"url\":\"https:\/\/amu.pan.pl\/badaczka\/\",\"logo\":{\"@type\":\"ImageObject\",\"inLanguage\":\"en-GB\",\"@id\":\"https:\/\/amu.pan.pl\/badaczka\/#\/schema\/logo\/image\/\",\"url\":\"https:\/\/amu.pan.pl\/badaczka\/wp-content\/uploads\/sites\/2\/2020\/11\/AMU_logo_mini.png\",\"contentUrl\":\"https:\/\/amu.pan.pl\/badaczka\/wp-content\/uploads\/sites\/2\/2020\/11\/AMU_logo_mini.png\",\"width\":150,\"height\":85,\"caption\":\"Zosta\u0144 badaczk\u0105!\"},\"image\":{\"@id\":\"https:\/\/amu.pan.pl\/badaczka\/#\/schema\/logo\/image\/\"}}]}<\/script>\n<!-- \/ Yoast SEO plugin. -->","yoast_head_json":{"title":"Pa\u0142acowy Salon Naukowy - Zosta\u0144 badaczk\u0105!","robots":{"index":"index","follow":"follow","max-snippet":"max-snippet:-1","max-image-preview":"max-image-preview:large","max-video-preview":"max-video-preview:-1"},"canonical":"https:\/\/amu.pan.pl\/badaczka\/en\/edycja-2019\/palacowy-salon-naukowy\/","og_locale":"en_GB","og_type":"article","og_title":"Pa\u0142acowy Salon Naukowy - Zosta\u0144 badaczk\u0105!","og_description":"Osoby zainteresowane histori\u0105 kobiet w nauce zapraszamy te\u017c na wyk\u0142ad z ilustracj\u0105 muzyczn\u0105 : &#8220;Kobiety w nauce&#8221; lek. Beata Ma\u0142achowska, lek. Konrad Stawiski, Uniwersytet Medyczny w \u0141odzi Jab\u0142onna, 17 lutego 2019 r. godz. 14.30 Naukowiec to s\u0142owo dotychczas g\u0142\u00f3wnie kojarzone z m\u0119\u017cczyzn\u0105. Kobieta-naukowiec, naukowczyni, badaczka \u2013 brzmi cz\u0119sto obco, jako\u015b nieswojsko. Jakby nasz ojczysty j\u0119zyk [&hellip;]","og_url":"https:\/\/amu.pan.pl\/badaczka\/en\/edycja-2019\/palacowy-salon-naukowy\/","og_site_name":"Zosta\u0144 badaczk\u0105!","og_image":[{"width":1465,"height":773,"url":"https:\/\/amu.pan.pl\/badaczka\/wp-content\/uploads\/sites\/2\/2022\/01\/Screenshot_20220118_144240.png","type":"image\/png"}],"twitter_card":"summary_large_image","twitter_misc":{"Estimated reading time":"1 minute"},"schema":{"@context":"https:\/\/schema.org","@graph":[{"@type":"WebPage","@id":"https:\/\/amu.pan.pl\/badaczka\/en\/edycja-2019\/palacowy-salon-naukowy\/","url":"https:\/\/amu.pan.pl\/badaczka\/en\/edycja-2019\/palacowy-salon-naukowy\/","name":"Pa\u0142acowy Salon Naukowy - Zosta\u0144 badaczk\u0105!","isPartOf":{"@id":"https:\/\/amu.pan.pl\/badaczka\/#website"},"datePublished":"2020-10-27T00:21:27+00:00","breadcrumb":{"@id":"https:\/\/amu.pan.pl\/badaczka\/en\/edycja-2019\/palacowy-salon-naukowy\/#breadcrumb"},"inLanguage":"en-GB","potentialAction":[{"@type":"ReadAction","target":["https:\/\/amu.pan.pl\/badaczka\/en\/edycja-2019\/palacowy-salon-naukowy\/"]}]},{"@type":"BreadcrumbList","@id":"https:\/\/amu.pan.pl\/badaczka\/en\/edycja-2019\/palacowy-salon-naukowy\/#breadcrumb","itemListElement":[{"@type":"ListItem","position":1,"name":"Strona g\u0142\u00f3wna","item":"https:\/\/amu.pan.pl\/badaczka\/"},{"@type":"ListItem","position":2,"name":"Edycja 2019","item":"https:\/\/amu.pan.pl\/badaczka\/edycja-2019\/"},{"@type":"ListItem","position":3,"name":"Pa\u0142acowy Salon Naukowy"}]},{"@type":"WebSite","@id":"https:\/\/amu.pan.pl\/badaczka\/#website","url":"https:\/\/amu.pan.pl\/badaczka\/","name":"Zosta\u0144 badaczk\u0105!","description":"Kobiety w nauce","publisher":{"@id":"https:\/\/amu.pan.pl\/badaczka\/#organization"},"potentialAction":[{"@type":"SearchAction","target":{"@type":"EntryPoint","urlTemplate":"https:\/\/amu.pan.pl\/badaczka\/?s={search_term_string}"},"query-input":{"@type":"PropertyValueSpecification","valueRequired":true,"valueName":"search_term_string"}}],"inLanguage":"en-GB"},{"@type":"Organization","@id":"https:\/\/amu.pan.pl\/badaczka\/#organization","name":"Zosta\u0144 badaczk\u0105!","url":"https:\/\/amu.pan.pl\/badaczka\/","logo":{"@type":"ImageObject","inLanguage":"en-GB","@id":"https:\/\/amu.pan.pl\/badaczka\/#\/schema\/logo\/image\/","url":"https:\/\/amu.pan.pl\/badaczka\/wp-content\/uploads\/sites\/2\/2020\/11\/AMU_logo_mini.png","contentUrl":"https:\/\/amu.pan.pl\/badaczka\/wp-content\/uploads\/sites\/2\/2020\/11\/AMU_logo_mini.png","width":150,"height":85,"caption":"Zosta\u0144 badaczk\u0105!"},"image":{"@id":"https:\/\/amu.pan.pl\/badaczka\/#\/schema\/logo\/image\/"}}]}},"_links":{"self":[{"href":"https:\/\/amu.pan.pl\/badaczka\/en\/wp-json\/wp\/v2\/pages\/364","targetHints":{"allow":["GET"]}}],"collection":[{"href":"https:\/\/amu.pan.pl\/badaczka\/en\/wp-json\/wp\/v2\/pages"}],"about":[{"href":"https:\/\/amu.pan.pl\/badaczka\/en\/wp-json\/wp\/v2\/types\/page"}],"author":[{"embeddable":true,"href":"https:\/\/amu.pan.pl\/badaczka\/en\/wp-json\/wp\/v2\/users\/2"}],"replies":[{"embeddable":true,"href":"https:\/\/amu.pan.pl\/badaczka\/en\/wp-json\/wp\/v2\/comments?post=364"}],"version-history":[{"count":1,"href":"https:\/\/amu.pan.pl\/badaczka\/en\/wp-json\/wp\/v2\/pages\/364\/revisions"}],"predecessor-version":[{"id":375,"href":"https:\/\/amu.pan.pl\/badaczka\/en\/wp-json\/wp\/v2\/pages\/364\/revisions\/375"}],"up":[{"embeddable":true,"href":"https:\/\/amu.pan.pl\/badaczka\/en\/wp-json\/wp\/v2\/pages\/369"}],"wp:attachment":[{"href":"https:\/\/amu.pan.pl\/badaczka\/en\/wp-json\/wp\/v2\/media?parent=364"}],"curies":[{"name":"wp","href":"https:\/\/api.w.org\/{rel}","templated":true}]}}