{"id":368,"date":"2020-10-27T01:21:27","date_gmt":"2020-10-27T00:21:27","guid":{"rendered":"https:\/\/amu.pan.pl\/badaczka\/?page_id=368"},"modified":"2020-10-27T01:21:27","modified_gmt":"2020-10-27T00:21:27","slug":"zostan-badaczka","status":"publish","type":"page","link":"https:\/\/amu.pan.pl\/badaczka\/en\/edycja-2019\/zostan-badaczka\/","title":{"rendered":"Become a researcher"},"content":{"rendered":"<p>Spotkanie \u201cZosta\u0144 badaczk\u0105\u201d organizowane przez Akademi\u0119 M\u0142odych Uczonych 16 lutego br.&nbsp; jest skierowane do licealistek i studentek pierwszych lat studi\u00f3w. Ma ono na celu zach\u0119cenie ich do obrania \u015bcie\u017cki kariery naukowej. Mimo \u017ce kobiety stanowi\u0105 wi\u0119kszo\u015b\u0107 os\u00f3b studiuj\u0105cych w Polsce, to stosunkowo niewiele z nich postanawia pozosta\u0107 w nauce, zw\u0142aszcza w tzw. dziedzinach STEM (science, technology, engineering, and mathematics). <b>Chcemy zatem pokaza\u0107, \u017ce bycie badaczk\u0105 to naprawd\u0119 fantastyczna praca, daj\u0105ca bardzo wiele satysfakcji, pozwalaj\u0105ca na ci\u0105g\u0142y rozw\u00f3j, cho\u0107 i &nbsp;niepozbawiona trudnych wyzwa\u0144. <\/b>Okazj\u0105 do zorganizowania tego spotkania jest Mi\u0119dzynarodowy Dzie\u0144 Kobiet i Dziewcz\u0105t w Nauce, obchodzony corocznie 11-ego lutego.<\/p>\n<p>W pierwszej cz\u0119\u015bci spotkania uznane badaczki, reprezentuj\u0105ce r\u00f3\u017cne dziedziny wiedzy, od nauk humanistycznych po in\u017cynieryjne, opowiedz\u0105 o swojej karierze, wyja\u015bni\u0105 dlaczego zdecydowa\u0142y si\u0119 zaj\u0105\u0107 nauk\u0105, na jakie trudno\u015bci natrafi\u0142y i jak je pokona\u0142y, co je pasjonuje w wykonywanym zawodzie. W drugiej cz\u0119\u015bci konferencji uczestniczki zaprosimy do tzw. dyskusji stolikowych &#8211; uczestniczki b\u0119d\u0105 mog\u0142y porozmawia\u0107 w ma\u0142ych grupach z naukowczyniami reprezentuj\u0105cymi interesuj\u0105c\u0105 je dziedzin\u0119 i dowiedzie\u0107 si\u0119 wi\u0119cej o sposobie prowadzenia bada\u0144, blaskach i cieniach pracy naukowej, czy te\u017c zasi\u0119gn\u0105\u0107 rady na temat tego, jak najlepiej pokierowa\u0107 swoim rozwojem zawodowym.<\/p>\n<p><strong>Zapraszamy wszystkie zainteresowane 16 lutego do Pa\u0142acu Staszica (ul. Nowy \u015awiat 72) w Warszawie! Udzia\u0142 w spotkaniu jest bezp\u0142atny.<br \/>\n<\/strong><\/p>\n<p><a href=\"http:\/\/amu.pan.pl\/badaczka\/en\/amu_old\/kobietywnauce\/?page_id=134(otworzy si\u0119 w nowej zak\u0142adce)\" data-wplink-url-error=\"true\">Downloads<\/a><\/p>","protected":false},"excerpt":{"rendered":"<p>Spotkanie \u201cZosta\u0144 badaczk\u0105\u201d organizowane przez Akademi\u0119 M\u0142odych Uczonych 16 lutego br.&nbsp; jest skierowane do licealistek i studentek pierwszych lat studi\u00f3w. Ma ono na celu zach\u0119cenie ich do obrania \u015bcie\u017cki kariery naukowej. Mimo \u017ce kobiety stanowi\u0105 wi\u0119kszo\u015b\u0107 os\u00f3b studiuj\u0105cych w Polsce, to stosunkowo niewiele z nich postanawia pozosta\u0107 w nauce, zw\u0142aszcza w tzw. dziedzinach STEM (science, [&hellip;]<\/p>","protected":false},"author":2,"featured_media":0,"parent":369,"menu_order":0,"comment_status":"closed","ping_status":"closed","template":"","meta":{"_monsterinsights_skip_tracking":false,"_monsterinsights_sitenote_active":false,"_monsterinsights_sitenote_note":"","_monsterinsights_sitenote_category":0,"footnotes":""},"class_list":["post-368","page","type-page","status-publish","hentry"],"yoast_head":"<!-- This site is optimized with the Yoast SEO plugin v25.0 - https:\/\/yoast.com\/wordpress\/plugins\/seo\/ -->\n<title>Zosta\u0144 badaczk\u0105 - Zosta\u0144 badaczk\u0105!<\/title>\n<meta name=\"robots\" content=\"index, follow, max-snippet:-1, max-image-preview:large, max-video-preview:-1\" \/>\n<link rel=\"canonical\" href=\"https:\/\/amu.pan.pl\/badaczka\/en\/edycja-2019\/zostan-badaczka\/\" \/>\n<meta property=\"og:locale\" content=\"en_GB\" \/>\n<meta property=\"og:type\" content=\"article\" \/>\n<meta property=\"og:title\" content=\"Zosta\u0144 badaczk\u0105 - Zosta\u0144 badaczk\u0105!\" \/>\n<meta property=\"og:description\" content=\"Spotkanie \u201cZosta\u0144 badaczk\u0105\u201d organizowane przez Akademi\u0119 M\u0142odych Uczonych 16 lutego br.&nbsp; jest skierowane do licealistek i studentek pierwszych lat studi\u00f3w. Ma ono na celu zach\u0119cenie ich do obrania \u015bcie\u017cki kariery naukowej. Mimo \u017ce kobiety stanowi\u0105 wi\u0119kszo\u015b\u0107 os\u00f3b studiuj\u0105cych w Polsce, to stosunkowo niewiele z nich postanawia pozosta\u0107 w nauce, zw\u0142aszcza w tzw. dziedzinach STEM (science, [&hellip;]\" \/>\n<meta property=\"og:url\" content=\"https:\/\/amu.pan.pl\/badaczka\/en\/edycja-2019\/zostan-badaczka\/\" \/>\n<meta property=\"og:site_name\" content=\"Zosta\u0144 badaczk\u0105!\" \/>\n<meta property=\"og:image\" content=\"https:\/\/amu.pan.pl\/badaczka\/wp-content\/uploads\/sites\/2\/2022\/01\/Screenshot_20220118_144240.png\" \/>\n\t<meta property=\"og:image:width\" content=\"1465\" \/>\n\t<meta property=\"og:image:height\" content=\"773\" \/>\n\t<meta property=\"og:image:type\" content=\"image\/png\" \/>\n<meta name=\"twitter:card\" content=\"summary_large_image\" \/>\n<meta name=\"twitter:label1\" content=\"Estimated reading time\" \/>\n\t<meta name=\"twitter:data1\" content=\"1 minute\" \/>\n<script type=\"application\/ld+json\" class=\"yoast-schema-graph\">{\"@context\":\"https:\/\/schema.org\",\"@graph\":[{\"@type\":\"WebPage\",\"@id\":\"https:\/\/amu.pan.pl\/badaczka\/en\/edycja-2019\/zostan-badaczka\/\",\"url\":\"https:\/\/amu.pan.pl\/badaczka\/en\/edycja-2019\/zostan-badaczka\/\",\"name\":\"Zosta\u0144 badaczk\u0105 - Zosta\u0144 badaczk\u0105!\",\"isPartOf\":{\"@id\":\"https:\/\/amu.pan.pl\/badaczka\/#website\"},\"datePublished\":\"2020-10-27T00:21:27+00:00\",\"breadcrumb\":{\"@id\":\"https:\/\/amu.pan.pl\/badaczka\/en\/edycja-2019\/zostan-badaczka\/#breadcrumb\"},\"inLanguage\":\"en-GB\",\"potentialAction\":[{\"@type\":\"ReadAction\",\"target\":[\"https:\/\/amu.pan.pl\/badaczka\/en\/edycja-2019\/zostan-badaczka\/\"]}]},{\"@type\":\"BreadcrumbList\",\"@id\":\"https:\/\/amu.pan.pl\/badaczka\/en\/edycja-2019\/zostan-badaczka\/#breadcrumb\",\"itemListElement\":[{\"@type\":\"ListItem\",\"position\":1,\"name\":\"Strona g\u0142\u00f3wna\",\"item\":\"https:\/\/amu.pan.pl\/badaczka\/\"},{\"@type\":\"ListItem\",\"position\":2,\"name\":\"Edycja 2019\",\"item\":\"https:\/\/amu.pan.pl\/badaczka\/edycja-2019\/\"},{\"@type\":\"ListItem\",\"position\":3,\"name\":\"Zosta\u0144 badaczk\u0105\"}]},{\"@type\":\"WebSite\",\"@id\":\"https:\/\/amu.pan.pl\/badaczka\/#website\",\"url\":\"https:\/\/amu.pan.pl\/badaczka\/\",\"name\":\"Zosta\u0144 badaczk\u0105!\",\"description\":\"Kobiety w nauce\",\"publisher\":{\"@id\":\"https:\/\/amu.pan.pl\/badaczka\/#organization\"},\"potentialAction\":[{\"@type\":\"SearchAction\",\"target\":{\"@type\":\"EntryPoint\",\"urlTemplate\":\"https:\/\/amu.pan.pl\/badaczka\/?s={search_term_string}\"},\"query-input\":{\"@type\":\"PropertyValueSpecification\",\"valueRequired\":true,\"valueName\":\"search_term_string\"}}],\"inLanguage\":\"en-GB\"},{\"@type\":\"Organization\",\"@id\":\"https:\/\/amu.pan.pl\/badaczka\/#organization\",\"name\":\"Zosta\u0144 badaczk\u0105!\",\"url\":\"https:\/\/amu.pan.pl\/badaczka\/\",\"logo\":{\"@type\":\"ImageObject\",\"inLanguage\":\"en-GB\",\"@id\":\"https:\/\/amu.pan.pl\/badaczka\/#\/schema\/logo\/image\/\",\"url\":\"https:\/\/amu.pan.pl\/badaczka\/wp-content\/uploads\/sites\/2\/2020\/11\/AMU_logo_mini.png\",\"contentUrl\":\"https:\/\/amu.pan.pl\/badaczka\/wp-content\/uploads\/sites\/2\/2020\/11\/AMU_logo_mini.png\",\"width\":150,\"height\":85,\"caption\":\"Zosta\u0144 badaczk\u0105!\"},\"image\":{\"@id\":\"https:\/\/amu.pan.pl\/badaczka\/#\/schema\/logo\/image\/\"}}]}<\/script>\n<!-- \/ Yoast SEO plugin. -->","yoast_head_json":{"title":"Zosta\u0144 badaczk\u0105 - Zosta\u0144 badaczk\u0105!","robots":{"index":"index","follow":"follow","max-snippet":"max-snippet:-1","max-image-preview":"max-image-preview:large","max-video-preview":"max-video-preview:-1"},"canonical":"https:\/\/amu.pan.pl\/badaczka\/en\/edycja-2019\/zostan-badaczka\/","og_locale":"en_GB","og_type":"article","og_title":"Zosta\u0144 badaczk\u0105 - Zosta\u0144 badaczk\u0105!","og_description":"Spotkanie \u201cZosta\u0144 badaczk\u0105\u201d organizowane przez Akademi\u0119 M\u0142odych Uczonych 16 lutego br.&nbsp; jest skierowane do licealistek i studentek pierwszych lat studi\u00f3w. Ma ono na celu zach\u0119cenie ich do obrania \u015bcie\u017cki kariery naukowej. Mimo \u017ce kobiety stanowi\u0105 wi\u0119kszo\u015b\u0107 os\u00f3b studiuj\u0105cych w Polsce, to stosunkowo niewiele z nich postanawia pozosta\u0107 w nauce, zw\u0142aszcza w tzw. dziedzinach STEM (science, [&hellip;]","og_url":"https:\/\/amu.pan.pl\/badaczka\/en\/edycja-2019\/zostan-badaczka\/","og_site_name":"Zosta\u0144 badaczk\u0105!","og_image":[{"width":1465,"height":773,"url":"https:\/\/amu.pan.pl\/badaczka\/wp-content\/uploads\/sites\/2\/2022\/01\/Screenshot_20220118_144240.png","type":"image\/png"}],"twitter_card":"summary_large_image","twitter_misc":{"Estimated reading time":"1 minute"},"schema":{"@context":"https:\/\/schema.org","@graph":[{"@type":"WebPage","@id":"https:\/\/amu.pan.pl\/badaczka\/en\/edycja-2019\/zostan-badaczka\/","url":"https:\/\/amu.pan.pl\/badaczka\/en\/edycja-2019\/zostan-badaczka\/","name":"Zosta\u0144 badaczk\u0105 - Zosta\u0144 badaczk\u0105!","isPartOf":{"@id":"https:\/\/amu.pan.pl\/badaczka\/#website"},"datePublished":"2020-10-27T00:21:27+00:00","breadcrumb":{"@id":"https:\/\/amu.pan.pl\/badaczka\/en\/edycja-2019\/zostan-badaczka\/#breadcrumb"},"inLanguage":"en-GB","potentialAction":[{"@type":"ReadAction","target":["https:\/\/amu.pan.pl\/badaczka\/en\/edycja-2019\/zostan-badaczka\/"]}]},{"@type":"BreadcrumbList","@id":"https:\/\/amu.pan.pl\/badaczka\/en\/edycja-2019\/zostan-badaczka\/#breadcrumb","itemListElement":[{"@type":"ListItem","position":1,"name":"Strona g\u0142\u00f3wna","item":"https:\/\/amu.pan.pl\/badaczka\/"},{"@type":"ListItem","position":2,"name":"Edycja 2019","item":"https:\/\/amu.pan.pl\/badaczka\/edycja-2019\/"},{"@type":"ListItem","position":3,"name":"Zosta\u0144 badaczk\u0105"}]},{"@type":"WebSite","@id":"https:\/\/amu.pan.pl\/badaczka\/#website","url":"https:\/\/amu.pan.pl\/badaczka\/","name":"Zosta\u0144 badaczk\u0105!","description":"Kobiety w nauce","publisher":{"@id":"https:\/\/amu.pan.pl\/badaczka\/#organization"},"potentialAction":[{"@type":"SearchAction","target":{"@type":"EntryPoint","urlTemplate":"https:\/\/amu.pan.pl\/badaczka\/?s={search_term_string}"},"query-input":{"@type":"PropertyValueSpecification","valueRequired":true,"valueName":"search_term_string"}}],"inLanguage":"en-GB"},{"@type":"Organization","@id":"https:\/\/amu.pan.pl\/badaczka\/#organization","name":"Zosta\u0144 badaczk\u0105!","url":"https:\/\/amu.pan.pl\/badaczka\/","logo":{"@type":"ImageObject","inLanguage":"en-GB","@id":"https:\/\/amu.pan.pl\/badaczka\/#\/schema\/logo\/image\/","url":"https:\/\/amu.pan.pl\/badaczka\/wp-content\/uploads\/sites\/2\/2020\/11\/AMU_logo_mini.png","contentUrl":"https:\/\/amu.pan.pl\/badaczka\/wp-content\/uploads\/sites\/2\/2020\/11\/AMU_logo_mini.png","width":150,"height":85,"caption":"Zosta\u0144 badaczk\u0105!"},"image":{"@id":"https:\/\/amu.pan.pl\/badaczka\/#\/schema\/logo\/image\/"}}]}},"_links":{"self":[{"href":"https:\/\/amu.pan.pl\/badaczka\/en\/wp-json\/wp\/v2\/pages\/368","targetHints":{"allow":["GET"]}}],"collection":[{"href":"https:\/\/amu.pan.pl\/badaczka\/en\/wp-json\/wp\/v2\/pages"}],"about":[{"href":"https:\/\/amu.pan.pl\/badaczka\/en\/wp-json\/wp\/v2\/types\/page"}],"author":[{"embeddable":true,"href":"https:\/\/amu.pan.pl\/badaczka\/en\/wp-json\/wp\/v2\/users\/2"}],"replies":[{"embeddable":true,"href":"https:\/\/amu.pan.pl\/badaczka\/en\/wp-json\/wp\/v2\/comments?post=368"}],"version-history":[{"count":2,"href":"https:\/\/amu.pan.pl\/badaczka\/en\/wp-json\/wp\/v2\/pages\/368\/revisions"}],"predecessor-version":[{"id":398,"href":"https:\/\/amu.pan.pl\/badaczka\/en\/wp-json\/wp\/v2\/pages\/368\/revisions\/398"}],"up":[{"embeddable":true,"href":"https:\/\/amu.pan.pl\/badaczka\/en\/wp-json\/wp\/v2\/pages\/369"}],"wp:attachment":[{"href":"https:\/\/amu.pan.pl\/badaczka\/en\/wp-json\/wp\/v2\/media?parent=368"}],"curies":[{"name":"wp","href":"https:\/\/api.w.org\/{rel}","templated":true}]}}