{"id":1259,"date":"2023-09-12T09:44:08","date_gmt":"2023-09-12T07:44:08","guid":{"rendered":"https:\/\/amu.pan.pl\/badaczka\/?page_id=1259"},"modified":"2026-04-25T15:03:57","modified_gmt":"2026-04-25T13:03:57","slug":"program-2022-xi","status":"publish","type":"page","link":"https:\/\/amu.pan.pl\/badaczka\/home-2022-xi\/program-2022-xi\/","title":{"rendered":"Program"},"content":{"rendered":"\t\t<div data-elementor-type=\"wp-page\" data-elementor-id=\"1259\" class=\"elementor elementor-1259\">\n\t\t\t\t\t\t<section class=\"elementor-section elementor-top-section elementor-element elementor-element-a1667c3 baner elementor-section-boxed elementor-section-height-default elementor-section-height-default\" data-id=\"a1667c3\" data-element_type=\"section\" data-settings=\"{&quot;background_background&quot;:&quot;classic&quot;}\">\n\t\t\t\t\t\t\t<div class=\"elementor-background-overlay\"><\/div>\n\t\t\t\t\t\t\t<div class=\"elementor-container elementor-column-gap-default\">\n\t\t\t\t\t<div class=\"elementor-column elementor-col-100 elementor-top-column elementor-element elementor-element-3fd198e\" data-id=\"3fd198e\" data-element_type=\"column\">\n\t\t\t<div class=\"elementor-widget-wrap elementor-element-populated\">\n\t\t\t\t\t\t<div class=\"elementor-element elementor-element-7bfdac4 elementor-widget-tablet__width-initial elementor-widget elementor-widget-heading\" data-id=\"7bfdac4\" data-element_type=\"widget\" data-settings=\"{&quot;_animation&quot;:&quot;none&quot;}\" data-widget_type=\"heading.default\">\n\t\t\t\t<div class=\"elementor-widget-container\">\n\t\t\t\t\t<h2 class=\"elementor-heading-title elementor-size-default\">Program<\/h2>\t\t\t\t<\/div>\n\t\t\t\t<\/div>\n\t\t\t\t<div class=\"elementor-element elementor-element-cdab9ed elementor-widget elementor-widget-heading\" data-id=\"cdab9ed\" data-element_type=\"widget\" data-widget_type=\"heading.default\">\n\t\t\t\t<div class=\"elementor-widget-container\">\n\t\t\t\t\t<h3 class=\"elementor-heading-title elementor-size-default\">Kobiety w nauce XI 2022<\/h3>\t\t\t\t<\/div>\n\t\t\t\t<\/div>\n\t\t\t\t\t<\/div>\n\t\t<\/div>\n\t\t\t\t\t<\/div>\n\t\t<\/section>\n\t\t\t\t<section class=\"elementor-section elementor-top-section elementor-element elementor-element-470cea1 elementor-section-boxed elementor-section-height-default elementor-section-height-default\" data-id=\"470cea1\" data-element_type=\"section\">\n\t\t\t\t\t\t<div class=\"elementor-container elementor-column-gap-default\">\n\t\t\t\t\t<div class=\"elementor-column elementor-col-100 elementor-top-column elementor-element elementor-element-ea62ef5\" data-id=\"ea62ef5\" data-element_type=\"column\">\n\t\t\t<div class=\"elementor-widget-wrap elementor-element-populated\">\n\t\t\t\t\t\t<div class=\"elementor-element elementor-element-bf8f973 tabelka-program elementor-widget elementor-widget-text-editor\" data-id=\"bf8f973\" data-element_type=\"widget\" data-widget_type=\"text-editor.default\">\n\t\t\t\t<div class=\"elementor-widget-container\">\n\t\t\t\t\t\t\t\t\t<table><tbody><tr><td>10:00-10:30<\/td><td><strong>Rejestracja<\/strong><\/td><\/tr><tr><td>10:30-10:40<\/td><td><strong>Otwarcie konferencji:<\/strong><br \/>dr hab. in\u017c. Marta Gmurek, Zast\u0119pczyni Przewodnicz\u0105cego AMU<br \/>dr Jacek Kolanowski, Przewodnicz\u0105cy AMU<br \/>Prof. dr hab. Bogumi\u0142a Kaniewska, Rektor Uniwersytet im. Adama Mickiewicza w Poznaniu<br \/>Prof. UAM dr hab. Roman Go\u0142\u0119biewski, Dziekan Wydzia\u0142u Fizyki Uniwersytetu im. Adama Mickiewicza w Poznaniu<\/td><\/tr><tr><td>10:40-11:00<\/td><td><strong>Wyk\u0142ad inauguracyjny<\/strong><br \/>prof. dr hab. Katarzyna Dziubalska-Ko\u0142aczyk, Prorektor ds. nauki UAM<\/td><\/tr><tr><td>11:00-11:30<\/td><td><strong>Biologia molekularna, laureatka ERC grant <\/strong><br \/>dr hab. Kinga Kamieniarz-Gdula<\/td><\/tr><tr><td>11:30-12:00<\/td><td><strong>Przerwa<\/strong><\/td><\/tr><tr><td>12:00-12:25<\/td><td><strong>Biologia molekularna<\/strong><br \/>dr hab. in\u017c. Barbara Uszczy\u0144ska-Ratajczak<\/td><\/tr><tr><td>12:30-12:50<\/td><td><strong>Historia sztuki<\/strong><br \/>dr Monika Stobiecka<\/td><\/tr><tr><td>12:55-13:20<\/td><td><strong>Farmakologia<\/strong><br \/>dr n. med. Ewelina Piktel<\/td><\/tr><tr><td>13:25-13:50<\/td><td><strong>Fizyka<\/strong><br \/>dr hab. Katharina Boguslawski<\/td><\/tr><tr><td>14:00-14:30<\/td><td><strong>Przerwa<\/strong><\/td><\/tr><tr><td>14:30-16:00<\/td><td>&#8212;<\/td><\/tr><tr><td>Stolik 1<\/td><td><strong>Nauki biologiczne i medyczne<\/strong><br \/>dr n. med. Ewelina Piktel, dr hab. in\u017c. Barbara Uszczy\u0144ska-Ratajczak, dr hab. Kinga Kamieniarz-Gdula<\/td><\/tr><tr><td>Stolik 2<\/td><td><strong>Nauki in\u017cynieryjno-techniczne<\/strong><br \/>dr hab. in\u017c. Marta Gmurek, dr hab. Marzena Smol<\/td><\/tr><tr><td>Stolik 3<\/td><td><strong>Nauki o Ziemi<\/strong><br \/>dr hab. in\u017c. Anna K\u0142os,dr hab. in\u017c. Karolina Lewi\u0144ska, dr Magdalena Kugiejko<\/td><\/tr><tr><td>Stolik 4<\/td><td><strong>Nauki spo\u0142eczne i humanistyczne<\/strong><br \/>dr Monika Stobiecka, dr Aleksandra Bilewicz, dr hab. Katarzyna Adamczyk<\/td><\/tr><tr><td>Stolik 5<\/td><td><strong>Nauki \u015acis\u0142e<\/strong><br \/>dr hab. Anna Dyrda\u0142, dr hab. Joanna Ku\u0142aga-Przymus, dr hab. Agnieszka Kryszczy\u0144ska, dr Katarzyna Pydzi\u0144ska-Bia\u0142ek, dr Marta Ga\u0142ecka<\/td><\/tr><tr><td>16:00-16:10<\/td><td><strong>Podsumowanie i zako\u0144czenie<\/strong><\/td><\/tr><\/tbody><\/table>\t\t\t\t\t\t\t\t<\/div>\n\t\t\t\t<\/div>\n\t\t\t\t\t<\/div>\n\t\t<\/div>\n\t\t\t\t\t<\/div>\n\t\t<\/section>\n\t\t\t\t<section class=\"elementor-section elementor-top-section elementor-element elementor-element-4e2324f elementor-hidden-desktop elementor-hidden-tablet elementor-hidden-mobile elementor-section-boxed elementor-section-height-default elementor-section-height-default\" data-id=\"4e2324f\" data-element_type=\"section\">\n\t\t\t\t\t\t\t<div class=\"elementor-background-overlay\"><\/div>\n\t\t\t\t\t\t\t<div class=\"elementor-container elementor-column-gap-default\">\n\t\t\t\t\t<div class=\"elementor-column elementor-col-100 elementor-top-column elementor-element elementor-element-b74e365\" data-id=\"b74e365\" data-element_type=\"column\">\n\t\t\t<div class=\"elementor-widget-wrap elementor-element-populated\">\n\t\t\t\t\t\t<div class=\"elementor-element elementor-element-e62b87f elementor-widget elementor-widget-heading\" data-id=\"e62b87f\" data-element_type=\"widget\" data-widget_type=\"heading.default\">\n\t\t\t\t<div class=\"elementor-widget-container\">\n\t\t\t\t\t<h2 class=\"elementor-heading-title elementor-size-default\">Sesje tematyczne<\/h2>\t\t\t\t<\/div>\n\t\t\t\t<\/div>\n\t\t\t\t\t<\/div>\n\t\t<\/div>\n\t\t\t\t\t<\/div>\n\t\t<\/section>\n\t\t\t\t<\/div>\n\t\t","protected":false},"excerpt":{"rendered":"<p>Program Kobiety w nauce XI 2022 10:00-10:30 Rejestracja 10:30-10:40 Otwarcie konferencji:dr hab. in\u017c. Marta Gmurek, Zast\u0119pczyni Przewodnicz\u0105cego AMUdr Jacek Kolanowski, Przewodnicz\u0105cy AMUProf. dr hab. Bogumi\u0142a Kaniewska, Rektor Uniwersytet im. Adama Mickiewicza w PoznaniuProf. UAM dr hab. Roman Go\u0142\u0119biewski, Dziekan Wydzia\u0142u Fizyki Uniwersytetu im. Adama Mickiewicza w Poznaniu 10:40-11:00 Wyk\u0142ad inauguracyjnyprof. dr hab. Katarzyna Dziubalska-Ko\u0142aczyk, Prorektor [&hellip;]<\/p>\n","protected":false},"author":2,"featured_media":0,"parent":1258,"menu_order":0,"comment_status":"closed","ping_status":"closed","template":"elementor_header_footer","meta":{"_monsterinsights_skip_tracking":false,"_monsterinsights_sitenote_active":false,"_monsterinsights_sitenote_note":"","_monsterinsights_sitenote_category":0,"footnotes":""},"class_list":["post-1259","page","type-page","status-publish","hentry"],"yoast_head":"<!-- This site is optimized with the Yoast SEO plugin v25.0 - https:\/\/yoast.com\/wordpress\/plugins\/seo\/ -->\n<title>Program - Zosta\u0144 badaczk\u0105!<\/title>\n<meta name=\"robots\" content=\"index, follow, max-snippet:-1, max-image-preview:large, max-video-preview:-1\" \/>\n<link rel=\"canonical\" href=\"https:\/\/amu.pan.pl\/badaczka\/home-2022-xi\/program-2022-xi\/\" \/>\n<meta property=\"og:locale\" content=\"pl_PL\" \/>\n<meta property=\"og:type\" content=\"article\" \/>\n<meta property=\"og:title\" content=\"Program - Zosta\u0144 badaczk\u0105!\" \/>\n<meta property=\"og:description\" content=\"Program Kobiety w nauce XI 2022 10:00-10:30 Rejestracja 10:30-10:40 Otwarcie konferencji:dr hab. in\u017c. Marta Gmurek, Zast\u0119pczyni Przewodnicz\u0105cego AMUdr Jacek Kolanowski, Przewodnicz\u0105cy AMUProf. dr hab. Bogumi\u0142a Kaniewska, Rektor Uniwersytet im. Adama Mickiewicza w PoznaniuProf. UAM dr hab. Roman Go\u0142\u0119biewski, Dziekan Wydzia\u0142u Fizyki Uniwersytetu im. Adama Mickiewicza w Poznaniu 10:40-11:00 Wyk\u0142ad inauguracyjnyprof. dr hab. Katarzyna Dziubalska-Ko\u0142aczyk, Prorektor [&hellip;]\" \/>\n<meta property=\"og:url\" content=\"https:\/\/amu.pan.pl\/badaczka\/home-2022-xi\/program-2022-xi\/\" \/>\n<meta property=\"og:site_name\" content=\"Zosta\u0144 badaczk\u0105!\" \/>\n<meta property=\"article:modified_time\" content=\"2026-04-25T13:03:57+00:00\" \/>\n<meta property=\"og:image\" content=\"https:\/\/amu.pan.pl\/badaczka\/wp-content\/uploads\/sites\/2\/2022\/01\/Screenshot_20220118_144240.png\" \/>\n\t<meta property=\"og:image:width\" content=\"1465\" \/>\n\t<meta property=\"og:image:height\" content=\"773\" \/>\n\t<meta property=\"og:image:type\" content=\"image\/png\" \/>\n<meta name=\"twitter:card\" content=\"summary_large_image\" \/>\n<meta name=\"twitter:label1\" content=\"Szacowany czas czytania\" \/>\n\t<meta name=\"twitter:data1\" content=\"2 minuty\" \/>\n<script type=\"application\/ld+json\" class=\"yoast-schema-graph\">{\"@context\":\"https:\/\/schema.org\",\"@graph\":[{\"@type\":\"WebPage\",\"@id\":\"https:\/\/amu.pan.pl\/badaczka\/home-2022-xi\/program-2022-xi\/\",\"url\":\"https:\/\/amu.pan.pl\/badaczka\/home-2022-xi\/program-2022-xi\/\",\"name\":\"Program - Zosta\u0144 badaczk\u0105!\",\"isPartOf\":{\"@id\":\"https:\/\/amu.pan.pl\/badaczka\/#website\"},\"datePublished\":\"2023-09-12T07:44:08+00:00\",\"dateModified\":\"2026-04-25T13:03:57+00:00\",\"breadcrumb\":{\"@id\":\"https:\/\/amu.pan.pl\/badaczka\/home-2022-xi\/program-2022-xi\/#breadcrumb\"},\"inLanguage\":\"pl-PL\",\"potentialAction\":[{\"@type\":\"ReadAction\",\"target\":[\"https:\/\/amu.pan.pl\/badaczka\/home-2022-xi\/program-2022-xi\/\"]}]},{\"@type\":\"BreadcrumbList\",\"@id\":\"https:\/\/amu.pan.pl\/badaczka\/home-2022-xi\/program-2022-xi\/#breadcrumb\",\"itemListElement\":[{\"@type\":\"ListItem\",\"position\":1,\"name\":\"Strona g\u0142\u00f3wna\",\"item\":\"https:\/\/amu.pan.pl\/badaczka\/\"},{\"@type\":\"ListItem\",\"position\":2,\"name\":\"Edycja XI 2022\",\"item\":\"https:\/\/amu.pan.pl\/badaczka\/home-2022-xi\/\"},{\"@type\":\"ListItem\",\"position\":3,\"name\":\"Program\"}]},{\"@type\":\"WebSite\",\"@id\":\"https:\/\/amu.pan.pl\/badaczka\/#website\",\"url\":\"https:\/\/amu.pan.pl\/badaczka\/\",\"name\":\"Zosta\u0144 badaczk\u0105!\",\"description\":\"Kobiety w nauce\",\"publisher\":{\"@id\":\"https:\/\/amu.pan.pl\/badaczka\/#organization\"},\"potentialAction\":[{\"@type\":\"SearchAction\",\"target\":{\"@type\":\"EntryPoint\",\"urlTemplate\":\"https:\/\/amu.pan.pl\/badaczka\/?s={search_term_string}\"},\"query-input\":{\"@type\":\"PropertyValueSpecification\",\"valueRequired\":true,\"valueName\":\"search_term_string\"}}],\"inLanguage\":\"pl-PL\"},{\"@type\":\"Organization\",\"@id\":\"https:\/\/amu.pan.pl\/badaczka\/#organization\",\"name\":\"Zosta\u0144 badaczk\u0105!\",\"url\":\"https:\/\/amu.pan.pl\/badaczka\/\",\"logo\":{\"@type\":\"ImageObject\",\"inLanguage\":\"pl-PL\",\"@id\":\"https:\/\/amu.pan.pl\/badaczka\/#\/schema\/logo\/image\/\",\"url\":\"https:\/\/amu.pan.pl\/badaczka\/wp-content\/uploads\/sites\/2\/2020\/11\/AMU_logo_mini.png\",\"contentUrl\":\"https:\/\/amu.pan.pl\/badaczka\/wp-content\/uploads\/sites\/2\/2020\/11\/AMU_logo_mini.png\",\"width\":150,\"height\":85,\"caption\":\"Zosta\u0144 badaczk\u0105!\"},\"image\":{\"@id\":\"https:\/\/amu.pan.pl\/badaczka\/#\/schema\/logo\/image\/\"}}]}<\/script>\n<!-- \/ Yoast SEO plugin. -->","yoast_head_json":{"title":"Program - Zosta\u0144 badaczk\u0105!","robots":{"index":"index","follow":"follow","max-snippet":"max-snippet:-1","max-image-preview":"max-image-preview:large","max-video-preview":"max-video-preview:-1"},"canonical":"https:\/\/amu.pan.pl\/badaczka\/home-2022-xi\/program-2022-xi\/","og_locale":"pl_PL","og_type":"article","og_title":"Program - Zosta\u0144 badaczk\u0105!","og_description":"Program Kobiety w nauce XI 2022 10:00-10:30 Rejestracja 10:30-10:40 Otwarcie konferencji:dr hab. in\u017c. Marta Gmurek, Zast\u0119pczyni Przewodnicz\u0105cego AMUdr Jacek Kolanowski, Przewodnicz\u0105cy AMUProf. dr hab. Bogumi\u0142a Kaniewska, Rektor Uniwersytet im. Adama Mickiewicza w PoznaniuProf. UAM dr hab. Roman Go\u0142\u0119biewski, Dziekan Wydzia\u0142u Fizyki Uniwersytetu im. Adama Mickiewicza w Poznaniu 10:40-11:00 Wyk\u0142ad inauguracyjnyprof. dr hab. Katarzyna Dziubalska-Ko\u0142aczyk, Prorektor [&hellip;]","og_url":"https:\/\/amu.pan.pl\/badaczka\/home-2022-xi\/program-2022-xi\/","og_site_name":"Zosta\u0144 badaczk\u0105!","article_modified_time":"2026-04-25T13:03:57+00:00","og_image":[{"width":1465,"height":773,"url":"https:\/\/amu.pan.pl\/badaczka\/wp-content\/uploads\/sites\/2\/2022\/01\/Screenshot_20220118_144240.png","type":"image\/png"}],"twitter_card":"summary_large_image","twitter_misc":{"Szacowany czas czytania":"2 minuty"},"schema":{"@context":"https:\/\/schema.org","@graph":[{"@type":"WebPage","@id":"https:\/\/amu.pan.pl\/badaczka\/home-2022-xi\/program-2022-xi\/","url":"https:\/\/amu.pan.pl\/badaczka\/home-2022-xi\/program-2022-xi\/","name":"Program - Zosta\u0144 badaczk\u0105!","isPartOf":{"@id":"https:\/\/amu.pan.pl\/badaczka\/#website"},"datePublished":"2023-09-12T07:44:08+00:00","dateModified":"2026-04-25T13:03:57+00:00","breadcrumb":{"@id":"https:\/\/amu.pan.pl\/badaczka\/home-2022-xi\/program-2022-xi\/#breadcrumb"},"inLanguage":"pl-PL","potentialAction":[{"@type":"ReadAction","target":["https:\/\/amu.pan.pl\/badaczka\/home-2022-xi\/program-2022-xi\/"]}]},{"@type":"BreadcrumbList","@id":"https:\/\/amu.pan.pl\/badaczka\/home-2022-xi\/program-2022-xi\/#breadcrumb","itemListElement":[{"@type":"ListItem","position":1,"name":"Strona g\u0142\u00f3wna","item":"https:\/\/amu.pan.pl\/badaczka\/"},{"@type":"ListItem","position":2,"name":"Edycja XI 2022","item":"https:\/\/amu.pan.pl\/badaczka\/home-2022-xi\/"},{"@type":"ListItem","position":3,"name":"Program"}]},{"@type":"WebSite","@id":"https:\/\/amu.pan.pl\/badaczka\/#website","url":"https:\/\/amu.pan.pl\/badaczka\/","name":"Zosta\u0144 badaczk\u0105!","description":"Kobiety w nauce","publisher":{"@id":"https:\/\/amu.pan.pl\/badaczka\/#organization"},"potentialAction":[{"@type":"SearchAction","target":{"@type":"EntryPoint","urlTemplate":"https:\/\/amu.pan.pl\/badaczka\/?s={search_term_string}"},"query-input":{"@type":"PropertyValueSpecification","valueRequired":true,"valueName":"search_term_string"}}],"inLanguage":"pl-PL"},{"@type":"Organization","@id":"https:\/\/amu.pan.pl\/badaczka\/#organization","name":"Zosta\u0144 badaczk\u0105!","url":"https:\/\/amu.pan.pl\/badaczka\/","logo":{"@type":"ImageObject","inLanguage":"pl-PL","@id":"https:\/\/amu.pan.pl\/badaczka\/#\/schema\/logo\/image\/","url":"https:\/\/amu.pan.pl\/badaczka\/wp-content\/uploads\/sites\/2\/2020\/11\/AMU_logo_mini.png","contentUrl":"https:\/\/amu.pan.pl\/badaczka\/wp-content\/uploads\/sites\/2\/2020\/11\/AMU_logo_mini.png","width":150,"height":85,"caption":"Zosta\u0144 badaczk\u0105!"},"image":{"@id":"https:\/\/amu.pan.pl\/badaczka\/#\/schema\/logo\/image\/"}}]}},"_links":{"self":[{"href":"https:\/\/amu.pan.pl\/badaczka\/wp-json\/wp\/v2\/pages\/1259","targetHints":{"allow":["GET"]}}],"collection":[{"href":"https:\/\/amu.pan.pl\/badaczka\/wp-json\/wp\/v2\/pages"}],"about":[{"href":"https:\/\/amu.pan.pl\/badaczka\/wp-json\/wp\/v2\/types\/page"}],"author":[{"embeddable":true,"href":"https:\/\/amu.pan.pl\/badaczka\/wp-json\/wp\/v2\/users\/2"}],"replies":[{"embeddable":true,"href":"https:\/\/amu.pan.pl\/badaczka\/wp-json\/wp\/v2\/comments?post=1259"}],"version-history":[{"count":7,"href":"https:\/\/amu.pan.pl\/badaczka\/wp-json\/wp\/v2\/pages\/1259\/revisions"}],"predecessor-version":[{"id":2631,"href":"https:\/\/amu.pan.pl\/badaczka\/wp-json\/wp\/v2\/pages\/1259\/revisions\/2631"}],"up":[{"embeddable":true,"href":"https:\/\/amu.pan.pl\/badaczka\/wp-json\/wp\/v2\/pages\/1258"}],"wp:attachment":[{"href":"https:\/\/amu.pan.pl\/badaczka\/wp-json\/wp\/v2\/media?parent=1259"}],"curies":[{"name":"wp","href":"https:\/\/api.w.org\/{rel}","templated":true}]}}