{"id":1600,"date":"2024-09-18T14:09:48","date_gmt":"2024-09-18T12:09:48","guid":{"rendered":"https:\/\/amu.pan.pl\/badaczka\/?page_id=1600"},"modified":"2026-04-24T18:31:25","modified_gmt":"2026-04-24T16:31:25","slug":"komitet-organizacyjny-2024","status":"publish","type":"page","link":"https:\/\/amu.pan.pl\/badaczka\/komitet-organizacyjny-2024\/","title":{"rendered":"Komitet organizacyjny 2024"},"content":{"rendered":"\t\t<div data-elementor-type=\"wp-page\" data-elementor-id=\"1600\" class=\"elementor elementor-1600\">\n\t\t\t\t\t\t<section class=\"elementor-section elementor-top-section elementor-element elementor-element-3a8e5ff elementor-section-boxed elementor-section-height-default elementor-section-height-default\" data-id=\"3a8e5ff\" data-element_type=\"section\" data-settings=\"{&quot;background_background&quot;:&quot;classic&quot;}\">\n\t\t\t\t\t\t\t<div class=\"elementor-background-overlay\"><\/div>\n\t\t\t\t\t\t\t<div class=\"elementor-container elementor-column-gap-default\">\n\t\t\t\t\t<div class=\"elementor-column elementor-col-100 elementor-top-column elementor-element elementor-element-f46805d\" data-id=\"f46805d\" data-element_type=\"column\">\n\t\t\t<div class=\"elementor-widget-wrap elementor-element-populated\">\n\t\t\t\t\t\t<div class=\"elementor-element elementor-element-b545e23 elementor-widget-tablet__width-initial elementor-widget elementor-widget-heading\" data-id=\"b545e23\" data-element_type=\"widget\" data-settings=\"{&quot;_animation&quot;:&quot;none&quot;}\" data-widget_type=\"heading.default\">\n\t\t\t\t<div class=\"elementor-widget-container\">\n\t\t\t\t\t<h2 class=\"elementor-heading-title elementor-size-default\">Komitet organizacyjny<\/h2>\t\t\t\t<\/div>\n\t\t\t\t<\/div>\n\t\t\t\t<div class=\"elementor-element elementor-element-d343b47 elementor-widget elementor-widget-heading\" data-id=\"d343b47\" data-element_type=\"widget\" data-widget_type=\"heading.default\">\n\t\t\t\t<div class=\"elementor-widget-container\">\n\t\t\t\t\t<h3 class=\"elementor-heading-title elementor-size-default\">Kobiety w nauce 2024<\/h3>\t\t\t\t<\/div>\n\t\t\t\t<\/div>\n\t\t\t\t\t<\/div>\n\t\t<\/div>\n\t\t\t\t\t<\/div>\n\t\t<\/section>\n\t\t\t\t<section class=\"elementor-section elementor-top-section elementor-element elementor-element-9cbe1d9 elementor-section-boxed elementor-section-height-default elementor-section-height-default\" data-id=\"9cbe1d9\" data-element_type=\"section\">\n\t\t\t\t\t\t<div class=\"elementor-container elementor-column-gap-default\">\n\t\t\t\t\t<div class=\"elementor-column elementor-col-100 elementor-top-column elementor-element elementor-element-de66ce9\" data-id=\"de66ce9\" data-element_type=\"column\">\n\t\t\t<div class=\"elementor-widget-wrap elementor-element-populated\">\n\t\t\t\t\t\t<div class=\"elementor-element elementor-element-6ec9be6 tabelka elementor-widget elementor-widget-text-editor\" data-id=\"6ec9be6\" data-element_type=\"widget\" data-widget_type=\"text-editor.default\">\n\t\t\t\t<div class=\"elementor-widget-container\">\n\t\t\t\t\t\t\t\t\t<table><thead><tr><th>AMU PAN<\/th><th>Afiliacja<\/th><\/tr><\/thead><tbody><tr><td>Anna M. G\u00f3rska<\/td><td>Akademia Leona Ko\u017ami\u0144skiego<\/td><\/tr><tr><td>Karolina Hansen<\/td><td>Uniwersytet Warszawski<\/td><\/tr><tr><td>Monika Janik<\/td><td>Politechnika Warszawska<\/td><\/tr><tr><td>Anna K\u0142os<\/td><td>Wojskowa Akademia Techniczna<\/td><\/tr><tr><td>Joanna Ku\u0142aga-Przymus<\/td><td>Uniwersytet Miko\u0142aja Kopernika w Toruniu<\/td><\/tr><tr><td>Marzena Smol-Aruszanjan<\/td><td>Instytut Gospodarki Surowcami Mineralnymi i Energi\u0105 PAN (IGSMiE PAN)<\/td><\/tr><tr><td>\u017baneta \u015awiderska-Chadaj<\/td><td>Politechnika Warszawska \/ IDEAS NCBR<\/td><\/tr><tr><td>Barbara Uszczy\u0144ska-Ratajczak<\/td><td>Instytut Chemii Bioorganicznej PAN<\/td><\/tr><\/tbody><\/table><table><thead><tr><th>Polska Akademia Nauk<\/th><th>Afiliacja<\/th><\/tr><\/thead><tbody><tr><td>Agata Og\u00f3rek<\/td><td>Biuro Organizacyjne PAN<\/td><\/tr><\/tbody><\/table><table><thead><tr><th>IGSMiE PAN<\/th><th>Afiliacja<\/th><\/tr><\/thead><tbody><tr><td>Paulina Marcinek<\/td><td>Instytut Gospodarki Surowcami Mineralnymi i Energi\u0105 PAN (IGSMiE PAN)<\/td><\/tr><tr><td>Edyta Walu\u015b<\/td><td>Instytut Gospodarki Surowcami Mineralnymi i Energi\u0105 PAN (IGSMiE PAN)<\/td><\/tr><\/tbody><\/table><table><thead><tr><th>Politechnika Krakowska<\/th><th>Afiliacja<\/th><\/tr><\/thead><tbody><tr><td>Dagmara S\u0142ota<\/td><td>Katedra In\u017cynierii Materia\u0142owej, Politechnika Krakowska<\/td><\/tr><tr><td>Edyta Kosi\u0144ska<\/td><td>Katedra In\u017cynierii Materia\u0142owej, Politechnika Krakowska<\/td><\/tr><tr><td>Karina Nizio\u0142ek<\/td><td>Katedra In\u017cynierii Materia\u0142owej, Politechnika Krakowska<\/td><\/tr><tr><td>Julia Sadlik<\/td><td>Katedra In\u017cynierii Materia\u0142owej, Politechnika Krakowska<\/td><\/tr><tr><td>Katarzyna Hara\u017ana<\/td><td>Katedra In\u017cynierii Materia\u0142owej, Politechnika Krakowska<\/td><\/tr><\/tbody><\/table><table><thead><tr><th>IDEAS NCBR<\/th><th>Afiliacja<\/th><\/tr><\/thead><tbody><tr><td>Alicja R\u0105czkowska<\/td><td>IDEAS NCBR<\/td><\/tr><\/tbody><\/table>\t\t\t\t\t\t\t\t<\/div>\n\t\t\t\t<\/div>\n\t\t\t\t\t<\/div>\n\t\t<\/div>\n\t\t\t\t\t<\/div>\n\t\t<\/section>\n\t\t\t\t<\/div>\n\t\t","protected":false},"excerpt":{"rendered":"<p>Komitet organizacyjny Kobiety w nauce 2024 AMU PAN Afiliacja Anna M. G\u00f3rska Akademia Leona Ko\u017ami\u0144skiego Karolina Hansen Uniwersytet Warszawski Monika Janik Politechnika Warszawska Anna K\u0142os Wojskowa Akademia Techniczna Joanna Ku\u0142aga-Przymus Uniwersytet Miko\u0142aja Kopernika w Toruniu Marzena Smol-Aruszanjan Instytut Gospodarki Surowcami Mineralnymi i Energi\u0105 PAN (IGSMiE PAN) \u017baneta \u015awiderska-Chadaj Politechnika Warszawska \/ IDEAS NCBR Barbara Uszczy\u0144ska-Ratajczak [&hellip;]<\/p>\n","protected":false},"author":2,"featured_media":0,"parent":0,"menu_order":0,"comment_status":"closed","ping_status":"closed","template":"elementor_canvas","meta":{"_monsterinsights_skip_tracking":false,"_monsterinsights_sitenote_active":false,"_monsterinsights_sitenote_note":"","_monsterinsights_sitenote_category":0,"footnotes":""},"class_list":["post-1600","page","type-page","status-publish","hentry"],"yoast_head":"<!-- This site is optimized with the Yoast SEO plugin v25.0 - https:\/\/yoast.com\/wordpress\/plugins\/seo\/ -->\n<title>Komitet organizacyjny 2024 - Zosta\u0144 badaczk\u0105!<\/title>\n<meta name=\"robots\" content=\"index, follow, max-snippet:-1, max-image-preview:large, max-video-preview:-1\" \/>\n<link rel=\"canonical\" href=\"https:\/\/amu.pan.pl\/badaczka\/komitet-organizacyjny-2024\/\" \/>\n<meta property=\"og:locale\" content=\"pl_PL\" \/>\n<meta property=\"og:type\" content=\"article\" \/>\n<meta property=\"og:title\" content=\"Komitet organizacyjny 2024 - Zosta\u0144 badaczk\u0105!\" \/>\n<meta property=\"og:description\" content=\"Komitet organizacyjny Kobiety w nauce 2024 AMU PAN Afiliacja Anna M. G\u00f3rska Akademia Leona Ko\u017ami\u0144skiego Karolina Hansen Uniwersytet Warszawski Monika Janik Politechnika Warszawska Anna K\u0142os Wojskowa Akademia Techniczna Joanna Ku\u0142aga-Przymus Uniwersytet Miko\u0142aja Kopernika w Toruniu Marzena Smol-Aruszanjan Instytut Gospodarki Surowcami Mineralnymi i Energi\u0105 PAN (IGSMiE PAN) \u017baneta \u015awiderska-Chadaj Politechnika Warszawska \/ IDEAS NCBR Barbara Uszczy\u0144ska-Ratajczak [&hellip;]\" \/>\n<meta property=\"og:url\" content=\"https:\/\/amu.pan.pl\/badaczka\/komitet-organizacyjny-2024\/\" \/>\n<meta property=\"og:site_name\" content=\"Zosta\u0144 badaczk\u0105!\" \/>\n<meta property=\"article:modified_time\" content=\"2026-04-24T16:31:25+00:00\" \/>\n<meta property=\"og:image\" content=\"https:\/\/amu.pan.pl\/badaczka\/wp-content\/uploads\/sites\/2\/2022\/01\/Screenshot_20220118_144240.png\" \/>\n\t<meta property=\"og:image:width\" content=\"1465\" \/>\n\t<meta property=\"og:image:height\" content=\"773\" \/>\n\t<meta property=\"og:image:type\" content=\"image\/png\" \/>\n<meta name=\"twitter:card\" content=\"summary_large_image\" \/>\n<meta name=\"twitter:label1\" content=\"Szacowany czas czytania\" \/>\n\t<meta name=\"twitter:data1\" content=\"1 minuta\" \/>\n<script type=\"application\/ld+json\" class=\"yoast-schema-graph\">{\"@context\":\"https:\/\/schema.org\",\"@graph\":[{\"@type\":\"WebPage\",\"@id\":\"https:\/\/amu.pan.pl\/badaczka\/komitet-organizacyjny-2024\/\",\"url\":\"https:\/\/amu.pan.pl\/badaczka\/komitet-organizacyjny-2024\/\",\"name\":\"Komitet organizacyjny 2024 - Zosta\u0144 badaczk\u0105!\",\"isPartOf\":{\"@id\":\"https:\/\/amu.pan.pl\/badaczka\/#website\"},\"datePublished\":\"2024-09-18T12:09:48+00:00\",\"dateModified\":\"2026-04-24T16:31:25+00:00\",\"breadcrumb\":{\"@id\":\"https:\/\/amu.pan.pl\/badaczka\/komitet-organizacyjny-2024\/#breadcrumb\"},\"inLanguage\":\"pl-PL\",\"potentialAction\":[{\"@type\":\"ReadAction\",\"target\":[\"https:\/\/amu.pan.pl\/badaczka\/komitet-organizacyjny-2024\/\"]}]},{\"@type\":\"BreadcrumbList\",\"@id\":\"https:\/\/amu.pan.pl\/badaczka\/komitet-organizacyjny-2024\/#breadcrumb\",\"itemListElement\":[{\"@type\":\"ListItem\",\"position\":1,\"name\":\"Strona g\u0142\u00f3wna\",\"item\":\"https:\/\/amu.pan.pl\/badaczka\/\"},{\"@type\":\"ListItem\",\"position\":2,\"name\":\"Komitet organizacyjny 2024\"}]},{\"@type\":\"WebSite\",\"@id\":\"https:\/\/amu.pan.pl\/badaczka\/#website\",\"url\":\"https:\/\/amu.pan.pl\/badaczka\/\",\"name\":\"Zosta\u0144 badaczk\u0105!\",\"description\":\"Kobiety w nauce\",\"publisher\":{\"@id\":\"https:\/\/amu.pan.pl\/badaczka\/#organization\"},\"potentialAction\":[{\"@type\":\"SearchAction\",\"target\":{\"@type\":\"EntryPoint\",\"urlTemplate\":\"https:\/\/amu.pan.pl\/badaczka\/?s={search_term_string}\"},\"query-input\":{\"@type\":\"PropertyValueSpecification\",\"valueRequired\":true,\"valueName\":\"search_term_string\"}}],\"inLanguage\":\"pl-PL\"},{\"@type\":\"Organization\",\"@id\":\"https:\/\/amu.pan.pl\/badaczka\/#organization\",\"name\":\"Zosta\u0144 badaczk\u0105!\",\"url\":\"https:\/\/amu.pan.pl\/badaczka\/\",\"logo\":{\"@type\":\"ImageObject\",\"inLanguage\":\"pl-PL\",\"@id\":\"https:\/\/amu.pan.pl\/badaczka\/#\/schema\/logo\/image\/\",\"url\":\"https:\/\/amu.pan.pl\/badaczka\/wp-content\/uploads\/sites\/2\/2020\/11\/AMU_logo_mini.png\",\"contentUrl\":\"https:\/\/amu.pan.pl\/badaczka\/wp-content\/uploads\/sites\/2\/2020\/11\/AMU_logo_mini.png\",\"width\":150,\"height\":85,\"caption\":\"Zosta\u0144 badaczk\u0105!\"},\"image\":{\"@id\":\"https:\/\/amu.pan.pl\/badaczka\/#\/schema\/logo\/image\/\"}}]}<\/script>\n<!-- \/ Yoast SEO plugin. -->","yoast_head_json":{"title":"Komitet organizacyjny 2024 - Zosta\u0144 badaczk\u0105!","robots":{"index":"index","follow":"follow","max-snippet":"max-snippet:-1","max-image-preview":"max-image-preview:large","max-video-preview":"max-video-preview:-1"},"canonical":"https:\/\/amu.pan.pl\/badaczka\/komitet-organizacyjny-2024\/","og_locale":"pl_PL","og_type":"article","og_title":"Komitet organizacyjny 2024 - Zosta\u0144 badaczk\u0105!","og_description":"Komitet organizacyjny Kobiety w nauce 2024 AMU PAN Afiliacja Anna M. G\u00f3rska Akademia Leona Ko\u017ami\u0144skiego Karolina Hansen Uniwersytet Warszawski Monika Janik Politechnika Warszawska Anna K\u0142os Wojskowa Akademia Techniczna Joanna Ku\u0142aga-Przymus Uniwersytet Miko\u0142aja Kopernika w Toruniu Marzena Smol-Aruszanjan Instytut Gospodarki Surowcami Mineralnymi i Energi\u0105 PAN (IGSMiE PAN) \u017baneta \u015awiderska-Chadaj Politechnika Warszawska \/ IDEAS NCBR Barbara Uszczy\u0144ska-Ratajczak [&hellip;]","og_url":"https:\/\/amu.pan.pl\/badaczka\/komitet-organizacyjny-2024\/","og_site_name":"Zosta\u0144 badaczk\u0105!","article_modified_time":"2026-04-24T16:31:25+00:00","og_image":[{"width":1465,"height":773,"url":"https:\/\/amu.pan.pl\/badaczka\/wp-content\/uploads\/sites\/2\/2022\/01\/Screenshot_20220118_144240.png","type":"image\/png"}],"twitter_card":"summary_large_image","twitter_misc":{"Szacowany czas czytania":"1 minuta"},"schema":{"@context":"https:\/\/schema.org","@graph":[{"@type":"WebPage","@id":"https:\/\/amu.pan.pl\/badaczka\/komitet-organizacyjny-2024\/","url":"https:\/\/amu.pan.pl\/badaczka\/komitet-organizacyjny-2024\/","name":"Komitet organizacyjny 2024 - Zosta\u0144 badaczk\u0105!","isPartOf":{"@id":"https:\/\/amu.pan.pl\/badaczka\/#website"},"datePublished":"2024-09-18T12:09:48+00:00","dateModified":"2026-04-24T16:31:25+00:00","breadcrumb":{"@id":"https:\/\/amu.pan.pl\/badaczka\/komitet-organizacyjny-2024\/#breadcrumb"},"inLanguage":"pl-PL","potentialAction":[{"@type":"ReadAction","target":["https:\/\/amu.pan.pl\/badaczka\/komitet-organizacyjny-2024\/"]}]},{"@type":"BreadcrumbList","@id":"https:\/\/amu.pan.pl\/badaczka\/komitet-organizacyjny-2024\/#breadcrumb","itemListElement":[{"@type":"ListItem","position":1,"name":"Strona g\u0142\u00f3wna","item":"https:\/\/amu.pan.pl\/badaczka\/"},{"@type":"ListItem","position":2,"name":"Komitet organizacyjny 2024"}]},{"@type":"WebSite","@id":"https:\/\/amu.pan.pl\/badaczka\/#website","url":"https:\/\/amu.pan.pl\/badaczka\/","name":"Zosta\u0144 badaczk\u0105!","description":"Kobiety w nauce","publisher":{"@id":"https:\/\/amu.pan.pl\/badaczka\/#organization"},"potentialAction":[{"@type":"SearchAction","target":{"@type":"EntryPoint","urlTemplate":"https:\/\/amu.pan.pl\/badaczka\/?s={search_term_string}"},"query-input":{"@type":"PropertyValueSpecification","valueRequired":true,"valueName":"search_term_string"}}],"inLanguage":"pl-PL"},{"@type":"Organization","@id":"https:\/\/amu.pan.pl\/badaczka\/#organization","name":"Zosta\u0144 badaczk\u0105!","url":"https:\/\/amu.pan.pl\/badaczka\/","logo":{"@type":"ImageObject","inLanguage":"pl-PL","@id":"https:\/\/amu.pan.pl\/badaczka\/#\/schema\/logo\/image\/","url":"https:\/\/amu.pan.pl\/badaczka\/wp-content\/uploads\/sites\/2\/2020\/11\/AMU_logo_mini.png","contentUrl":"https:\/\/amu.pan.pl\/badaczka\/wp-content\/uploads\/sites\/2\/2020\/11\/AMU_logo_mini.png","width":150,"height":85,"caption":"Zosta\u0144 badaczk\u0105!"},"image":{"@id":"https:\/\/amu.pan.pl\/badaczka\/#\/schema\/logo\/image\/"}}]}},"_links":{"self":[{"href":"https:\/\/amu.pan.pl\/badaczka\/wp-json\/wp\/v2\/pages\/1600","targetHints":{"allow":["GET"]}}],"collection":[{"href":"https:\/\/amu.pan.pl\/badaczka\/wp-json\/wp\/v2\/pages"}],"about":[{"href":"https:\/\/amu.pan.pl\/badaczka\/wp-json\/wp\/v2\/types\/page"}],"author":[{"embeddable":true,"href":"https:\/\/amu.pan.pl\/badaczka\/wp-json\/wp\/v2\/users\/2"}],"replies":[{"embeddable":true,"href":"https:\/\/amu.pan.pl\/badaczka\/wp-json\/wp\/v2\/comments?post=1600"}],"version-history":[{"count":27,"href":"https:\/\/amu.pan.pl\/badaczka\/wp-json\/wp\/v2\/pages\/1600\/revisions"}],"predecessor-version":[{"id":2522,"href":"https:\/\/amu.pan.pl\/badaczka\/wp-json\/wp\/v2\/pages\/1600\/revisions\/2522"}],"wp:attachment":[{"href":"https:\/\/amu.pan.pl\/badaczka\/wp-json\/wp\/v2\/media?parent=1600"}],"curies":[{"name":"wp","href":"https:\/\/api.w.org\/{rel}","templated":true}]}}