{"id":1821,"date":"2025-09-09T14:34:41","date_gmt":"2025-09-09T12:34:41","guid":{"rendered":"https:\/\/amu.pan.pl\/badaczka\/?page_id=1821"},"modified":"2026-04-30T11:36:08","modified_gmt":"2026-04-30T09:36:08","slug":"prelegentki","status":"publish","type":"page","link":"https:\/\/amu.pan.pl\/badaczka\/prelegentki\/","title":{"rendered":"Prelegentki"},"content":{"rendered":"\t\t<div data-elementor-type=\"wp-page\" data-elementor-id=\"1821\" class=\"elementor elementor-1821\">\n\t\t\t\t\t\t<section class=\"elementor-section elementor-top-section elementor-element elementor-element-c7a303a baner elementor-section-boxed elementor-section-height-default elementor-section-height-default\" data-id=\"c7a303a\" data-element_type=\"section\" data-settings=\"{&quot;background_background&quot;:&quot;classic&quot;}\">\n\t\t\t\t\t\t\t<div class=\"elementor-background-overlay\"><\/div>\n\t\t\t\t\t\t\t<div class=\"elementor-container elementor-column-gap-default\">\n\t\t\t\t\t<div class=\"elementor-column elementor-col-100 elementor-top-column elementor-element elementor-element-da784f4\" data-id=\"da784f4\" data-element_type=\"column\">\n\t\t\t<div class=\"elementor-widget-wrap elementor-element-populated\">\n\t\t\t\t\t\t<div class=\"elementor-element elementor-element-c9c60e2 elementor-widget-tablet__width-initial elementor-widget elementor-widget-heading\" data-id=\"c9c60e2\" data-element_type=\"widget\" data-settings=\"{&quot;_animation&quot;:&quot;none&quot;}\" data-widget_type=\"heading.default\">\n\t\t\t\t<div class=\"elementor-widget-container\">\n\t\t\t\t\t<h2 class=\"elementor-heading-title elementor-size-default\">Prelegentki<\/h2>\t\t\t\t<\/div>\n\t\t\t\t<\/div>\n\t\t\t\t<div class=\"elementor-element elementor-element-5183940 elementor-widget elementor-widget-heading\" data-id=\"5183940\" data-element_type=\"widget\" data-widget_type=\"heading.default\">\n\t\t\t\t<div class=\"elementor-widget-container\">\n\t\t\t\t\t<h3 class=\"elementor-heading-title elementor-size-default\">Kobiety w nauce 2026<\/h3>\t\t\t\t<\/div>\n\t\t\t\t<\/div>\n\t\t\t\t\t<\/div>\n\t\t<\/div>\n\t\t\t\t\t<\/div>\n\t\t<\/section>\n\t\t\t\t<section class=\"elementor-section elementor-top-section elementor-element elementor-element-7c3cc3a elementor-section-boxed elementor-section-height-default elementor-section-height-default\" data-id=\"7c3cc3a\" data-element_type=\"section\">\n\t\t\t\t\t\t<div class=\"elementor-container elementor-column-gap-default\">\n\t\t\t\t\t<div class=\"elementor-column elementor-col-100 elementor-top-column elementor-element elementor-element-7293b39\" data-id=\"7293b39\" data-element_type=\"column\">\n\t\t\t<div class=\"elementor-widget-wrap elementor-element-populated\">\n\t\t\t\t\t\t<div class=\"elementor-element elementor-element-c2cb6c5 elementor-widget elementor-widget-heading\" data-id=\"c2cb6c5\" data-element_type=\"widget\" data-widget_type=\"heading.default\">\n\t\t\t\t<div class=\"elementor-widget-container\">\n\t\t\t\t\t<h3 class=\"elementor-heading-title elementor-size-default\">Szczeg\u00f3\u0142y wkr\u00f3tce!<\/h3>\t\t\t\t<\/div>\n\t\t\t\t<\/div>\n\t\t\t\t\t<\/div>\n\t\t<\/div>\n\t\t\t\t\t<\/div>\n\t\t<\/section>\n\t\t\t\t<section class=\"elementor-section elementor-top-section elementor-element elementor-element-b201df8 sekcja-prelegentki elementor-hidden-desktop elementor-hidden-tablet elementor-hidden-mobile elementor-section-boxed elementor-section-height-default elementor-section-height-default\" data-id=\"b201df8\" data-element_type=\"section\" data-settings=\"{&quot;background_background&quot;:&quot;classic&quot;}\">\n\t\t\t\t\t\t<div class=\"elementor-container elementor-column-gap-no\">\n\t\t\t\t\t<div class=\"elementor-column elementor-col-33 elementor-top-column elementor-element elementor-element-f9163d7\" data-id=\"f9163d7\" data-element_type=\"column\">\n\t\t\t<div class=\"elementor-widget-wrap elementor-element-populated\">\n\t\t\t\t\t\t<div class=\"elementor-element elementor-element-d23a7ea elementor-widget elementor-widget-image\" data-id=\"d23a7ea\" data-element_type=\"widget\" data-widget_type=\"image.default\">\n\t\t\t\t<div class=\"elementor-widget-container\">\n\t\t\t\t\t\t\t\t\t\t\t\t\t\t\t\t<a href=\"#dominika-latusek\">\n\t\t\t\t\t\t\t<img fetchpriority=\"high\" decoding=\"async\" width=\"300\" height=\"270\" src=\"https:\/\/amu.pan.pl\/badaczka\/wp-content\/uploads\/sites\/2\/2026\/04\/Dominika-_Latusek.jpg\" class=\"attachment-full size-full wp-image-2320\" alt=\"\" srcset=\"https:\/\/amu.pan.pl\/badaczka\/wp-content\/uploads\/sites\/2\/2026\/04\/Dominika-_Latusek.jpg 300w, https:\/\/amu.pan.pl\/badaczka\/wp-content\/uploads\/sites\/2\/2026\/04\/Dominika-_Latusek-13x12.jpg 13w\" sizes=\"(max-width: 300px) 100vw, 300px\" \/>\t\t\t\t\t\t\t\t<\/a>\n\t\t\t\t\t\t\t\t\t\t\t\t\t\t\t<\/div>\n\t\t\t\t<\/div>\n\t\t\t\t<div class=\"elementor-element elementor-element-153cd3d elementor-widget elementor-widget-heading\" data-id=\"153cd3d\" data-element_type=\"widget\" data-widget_type=\"heading.default\">\n\t\t\t\t<div class=\"elementor-widget-container\">\n\t\t\t\t\t<h3 class=\"elementor-heading-title elementor-size-default\">Prof. dr hab. Dominika Latusek-Jurczak<\/h3>\t\t\t\t<\/div>\n\t\t\t\t<\/div>\n\t\t\t\t<div class=\"elementor-element elementor-element-e37efac elementor-widget elementor-widget-text-editor\" data-id=\"e37efac\" data-element_type=\"widget\" data-widget_type=\"text-editor.default\">\n\t\t\t\t<div class=\"elementor-widget-container\">\n\t\t\t\t\t\t\t\t\t<p><strong>nauki spo\u0142eczne<\/strong><\/p>\t\t\t\t\t\t\t\t<\/div>\n\t\t\t\t<\/div>\n\t\t\t\t<div class=\"elementor-element elementor-element-a60ab6d elementor-widget elementor-widget-text-editor\" data-id=\"a60ab6d\" data-element_type=\"widget\" data-widget_type=\"text-editor.default\">\n\t\t\t\t<div class=\"elementor-widget-container\">\n\t\t\t\t\t\t\t\t\t<a href=\"#dominika-latusek\">wi\u0119cej &gt;&gt;<\/a>\t\t\t\t\t\t\t\t<\/div>\n\t\t\t\t<\/div>\n\t\t\t\t\t<\/div>\n\t\t<\/div>\n\t\t\t\t<div class=\"elementor-column elementor-col-33 elementor-top-column elementor-element elementor-element-c75696a\" data-id=\"c75696a\" data-element_type=\"column\">\n\t\t\t<div class=\"elementor-widget-wrap elementor-element-populated\">\n\t\t\t\t\t\t<div class=\"elementor-element elementor-element-60baf52 elementor-widget elementor-widget-image\" data-id=\"60baf52\" data-element_type=\"widget\" data-widget_type=\"image.default\">\n\t\t\t\t<div class=\"elementor-widget-container\">\n\t\t\t\t\t\t\t\t\t\t\t\t\t\t\t\t<a href=\"#aleksandra-rutkowska\">\n\t\t\t\t\t\t\t<img decoding=\"async\" width=\"300\" height=\"270\" src=\"https:\/\/amu.pan.pl\/badaczka\/wp-content\/uploads\/sites\/2\/2026\/04\/Aleksandra_Rutkowska.jpg\" class=\"attachment-full size-full wp-image-2319\" alt=\"\" srcset=\"https:\/\/amu.pan.pl\/badaczka\/wp-content\/uploads\/sites\/2\/2026\/04\/Aleksandra_Rutkowska.jpg 300w, https:\/\/amu.pan.pl\/badaczka\/wp-content\/uploads\/sites\/2\/2026\/04\/Aleksandra_Rutkowska-13x12.jpg 13w\" sizes=\"(max-width: 300px) 100vw, 300px\" \/>\t\t\t\t\t\t\t\t<\/a>\n\t\t\t\t\t\t\t\t\t\t\t\t\t\t\t<\/div>\n\t\t\t\t<\/div>\n\t\t\t\t<div class=\"elementor-element elementor-element-40934ae elementor-widget elementor-widget-heading\" data-id=\"40934ae\" data-element_type=\"widget\" data-widget_type=\"heading.default\">\n\t\t\t\t<div class=\"elementor-widget-container\">\n\t\t\t\t\t<h3 class=\"elementor-heading-title elementor-size-default\">Dr hab. Aleksandra Rutkowska<\/h3>\t\t\t\t<\/div>\n\t\t\t\t<\/div>\n\t\t\t\t<div class=\"elementor-element elementor-element-a421faf elementor-widget elementor-widget-text-editor\" data-id=\"a421faf\" data-element_type=\"widget\" data-widget_type=\"text-editor.default\">\n\t\t\t\t<div class=\"elementor-widget-container\">\n\t\t\t\t\t\t\t\t\t<p><strong>nauki \u015bcis\u0142e i przyrodnicze<\/strong><\/p>\t\t\t\t\t\t\t\t<\/div>\n\t\t\t\t<\/div>\n\t\t\t\t<div class=\"elementor-element elementor-element-eebaa6c elementor-widget elementor-widget-text-editor\" data-id=\"eebaa6c\" data-element_type=\"widget\" data-widget_type=\"text-editor.default\">\n\t\t\t\t<div class=\"elementor-widget-container\">\n\t\t\t\t\t\t\t\t\t<a href=\"#aleksandra-rutkowska\">wi\u0119cej &gt;&gt;<\/a>\t\t\t\t\t\t\t\t<\/div>\n\t\t\t\t<\/div>\n\t\t\t\t\t<\/div>\n\t\t<\/div>\n\t\t\t\t<div class=\"elementor-column elementor-col-33 elementor-top-column elementor-element elementor-element-5b403e2\" data-id=\"5b403e2\" data-element_type=\"column\">\n\t\t\t<div class=\"elementor-widget-wrap elementor-element-populated\">\n\t\t\t\t\t\t<div class=\"elementor-element elementor-element-2f165d5 elementor-widget elementor-widget-image\" data-id=\"2f165d5\" data-element_type=\"widget\" data-widget_type=\"image.default\">\n\t\t\t\t<div class=\"elementor-widget-container\">\n\t\t\t\t\t\t\t\t\t\t\t\t\t\t\t\t<a href=\"#agnieszka-m-jastrzebska\">\n\t\t\t\t\t\t\t<img decoding=\"async\" width=\"300\" height=\"270\" src=\"https:\/\/amu.pan.pl\/badaczka\/wp-content\/uploads\/sites\/2\/2026\/04\/Agnieszka_Maria_Jastrzebska.jpg\" class=\"attachment-full size-full wp-image-2318\" alt=\"\" srcset=\"https:\/\/amu.pan.pl\/badaczka\/wp-content\/uploads\/sites\/2\/2026\/04\/Agnieszka_Maria_Jastrzebska.jpg 300w, https:\/\/amu.pan.pl\/badaczka\/wp-content\/uploads\/sites\/2\/2026\/04\/Agnieszka_Maria_Jastrzebska-13x12.jpg 13w\" sizes=\"(max-width: 300px) 100vw, 300px\" \/>\t\t\t\t\t\t\t\t<\/a>\n\t\t\t\t\t\t\t\t\t\t\t\t\t\t\t<\/div>\n\t\t\t\t<\/div>\n\t\t\t\t<div class=\"elementor-element elementor-element-a874ffd elementor-widget elementor-widget-heading\" data-id=\"a874ffd\" data-element_type=\"widget\" data-widget_type=\"heading.default\">\n\t\t\t\t<div class=\"elementor-widget-container\">\n\t\t\t\t\t<h3 class=\"elementor-heading-title elementor-size-default\">prof. dr hab. in\u017c. Agnieszka Maria Jastrz\u0119bska<\/h3>\t\t\t\t<\/div>\n\t\t\t\t<\/div>\n\t\t\t\t<div class=\"elementor-element elementor-element-5c7cb7b elementor-widget elementor-widget-text-editor\" data-id=\"5c7cb7b\" data-element_type=\"widget\" data-widget_type=\"text-editor.default\">\n\t\t\t\t<div class=\"elementor-widget-container\">\n\t\t\t\t\t\t\t\t\t<p><strong>nauki in\u017cynieryjno-techniczne \/ in\u017cynieria materia\u0142owa<\/strong><\/p>\t\t\t\t\t\t\t\t<\/div>\n\t\t\t\t<\/div>\n\t\t\t\t<div class=\"elementor-element elementor-element-81923ad elementor-widget elementor-widget-text-editor\" data-id=\"81923ad\" data-element_type=\"widget\" data-widget_type=\"text-editor.default\">\n\t\t\t\t<div class=\"elementor-widget-container\">\n\t\t\t\t\t\t\t\t\t<a href=\"#agnieszka-m-jastrzebska\">wi\u0119cej &gt;&gt;<\/a>\t\t\t\t\t\t\t\t<\/div>\n\t\t\t\t<\/div>\n\t\t\t\t\t<\/div>\n\t\t<\/div>\n\t\t\t\t\t<\/div>\n\t\t<\/section>\n\t\t\t\t<section class=\"elementor-section elementor-top-section elementor-element elementor-element-61e33a4 sekcja-prelegentki-opis elementor-hidden-desktop elementor-hidden-tablet elementor-hidden-mobile elementor-section-boxed elementor-section-height-default elementor-section-height-default\" data-id=\"61e33a4\" data-element_type=\"section\" data-settings=\"{&quot;background_background&quot;:&quot;classic&quot;}\">\n\t\t\t\t\t\t<div class=\"elementor-container elementor-column-gap-default\">\n\t\t\t\t\t<div class=\"elementor-column elementor-col-100 elementor-top-column elementor-element elementor-element-2dd3af3\" data-id=\"2dd3af3\" data-element_type=\"column\">\n\t\t\t<div class=\"elementor-widget-wrap elementor-element-populated\">\n\t\t\t\t\t\t<div class=\"elementor-element elementor-element-1be5410 elementor-widget elementor-widget-text-editor\" data-id=\"1be5410\" data-element_type=\"widget\" id=\"dominika-latusek\" data-widget_type=\"text-editor.default\">\n\t\t\t\t<div class=\"elementor-widget-container\">\n\t\t\t\t\t\t\t\t\t<h3><strong>Prof. dr hab. Dominika Latusek-Jurczak<\/strong><\/h3><p><strong>nauki spo\u0142eczne<\/strong><\/p><p>Profesor w swojej pracy badawczej koncentruje si\u0119 na praktykach zarz\u0105dzania w relacjach mi\u0119dzyorganizacyjnych, teorii sieci spo\u0142ecznych i zaufania, a tak\u017ce prowadzi jako\u015bciowe terenowe badania organizacji w Polsce, Niemczech i Dolinie Krzemowej w USA.<\/p><p>Jako visiting scholar w Institute for Research in Social Sciences na Stanford University, beneficjentka stypendium Fulbright Poland (2007), laureatka stypendium dla wybitnych m\u0142odych naukowc\u00f3w Ministry of Science and Higher Education (2012) oraz kierownik licznych projekt\u00f3w finansowanych przez Komisj\u0119 Europejsk\u0105, NCN National Science Centre i NCBR, prof. Latusek \u0142\u0105czy do\u015bwiadczenie mi\u0119dzynarodowe z g\u0142\u0119bokim zaanga\u017cowaniem w badania organizacji.<\/p><p>Profesor prowadzi Centrum Bada\u0144 nad Zaufaniem w Akademii Leona Ko\u017ami\u0144skiego w Warszawie.<\/p>\t\t\t\t\t\t\t\t<\/div>\n\t\t\t\t<\/div>\n\t\t\t\t<div class=\"elementor-element elementor-element-40a5e92 elementor-widget-divider--view-line elementor-widget elementor-widget-divider\" data-id=\"40a5e92\" data-element_type=\"widget\" data-widget_type=\"divider.default\">\n\t\t\t\t<div class=\"elementor-widget-container\">\n\t\t\t\t\t\t\t<div class=\"elementor-divider\">\n\t\t\t<span class=\"elementor-divider-separator\">\n\t\t\t\t\t\t<\/span>\n\t\t<\/div>\n\t\t\t\t\t\t<\/div>\n\t\t\t\t<\/div>\n\t\t\t\t<div class=\"elementor-element elementor-element-3156c87 elementor-widget elementor-widget-text-editor\" data-id=\"3156c87\" data-element_type=\"widget\" id=\"aleksandra-rutkowska\" data-widget_type=\"text-editor.default\">\n\t\t\t\t<div class=\"elementor-widget-container\">\n\t\t\t\t\t\t\t\t\t<h3><strong>Dr hab. Aleksandra Rutkowska<\/strong><\/h3><p><strong>nauki \u015bcis\u0142e i przyrodnicze<\/strong><\/p><p>Dr hab. Aleksandra Rutkowska jest zwi\u0105zana z Gda\u0144skim Uniwersytetem Medycznym, gdzie kieruje mi\u0119dzynarodowym zespo\u0142em badaj\u0105cym mechanizmy chor\u00f3b neurologicznych, zw\u0142aszcza stwardnienia rozsianego, ze szczeg\u00f3lnym uwzgl\u0119dnieniem remielinizacji, neurozapalenia oraz bariery krew\u2013m\u00f3zg.<\/p><p>Laureatka wielu grant\u00f3w, w tym stypendium L\u2019Or\u00e9al-UNESCO Dla Kobiet i Nauki (2023), autorka licznych publikacji, aktywnie rozwija badania translacyjne i wsp\u00f3\u0142prac\u0119 mi\u0119dzynarodow\u0105.<\/p>\t\t\t\t\t\t\t\t<\/div>\n\t\t\t\t<\/div>\n\t\t\t\t<div class=\"elementor-element elementor-element-575fcee elementor-align-center elementor-widget elementor-widget-button\" data-id=\"575fcee\" data-element_type=\"widget\" data-widget_type=\"button.default\">\n\t\t\t\t<div class=\"elementor-widget-container\">\n\t\t\t\t\t\t\t\t\t<div class=\"elementor-button-wrapper\">\n\t\t\t\t\t<a class=\"elementor-button elementor-button-link elementor-size-sm elementor-animation-grow\" href=\"https:\/\/amu.pan.pl\/badaczka\/program-zostan-badaczka\/\">\n\t\t\t\t\t\t<span class=\"elementor-button-content-wrapper\">\n\t\t\t\t\t\t<span class=\"elementor-button-icon\">\n\t\t\t\t<i aria-hidden=\"true\" class=\"fas fa-arrow-alt-circle-right\"><\/i>\t\t\t<\/span>\n\t\t\t\t\t\t\t\t\t<span class=\"elementor-button-text\">Program<\/span>\n\t\t\t\t\t<\/span>\n\t\t\t\t\t<\/a>\n\t\t\t\t<\/div>\n\t\t\t\t\t\t\t\t<\/div>\n\t\t\t\t<\/div>\n\t\t\t\t\t<\/div>\n\t\t<\/div>\n\t\t\t\t\t<\/div>\n\t\t<\/section>\n\t\t\t\t<\/div>\n\t\t","protected":false},"excerpt":{"rendered":"<p>Prelegentki Kobiety w nauce 2026 Szczeg\u00f3\u0142y wkr\u00f3tce! Prof. dr hab. Dominika Latusek-Jurczak nauki spo\u0142eczne wi\u0119cej &gt;&gt; Dr hab. Aleksandra Rutkowska nauki \u015bcis\u0142e i przyrodnicze wi\u0119cej &gt;&gt; prof. dr hab. in\u017c. Agnieszka Maria Jastrz\u0119bska nauki in\u017cynieryjno-techniczne \/ in\u017cynieria materia\u0142owa wi\u0119cej &gt;&gt; Prof. dr hab. Dominika Latusek-Jurczak nauki spo\u0142eczne Profesor w swojej pracy badawczej koncentruje si\u0119 na [&hellip;]<\/p>\n","protected":false},"author":2,"featured_media":0,"parent":0,"menu_order":0,"comment_status":"closed","ping_status":"closed","template":"elementor_canvas","meta":{"_monsterinsights_skip_tracking":false,"_monsterinsights_sitenote_active":false,"_monsterinsights_sitenote_note":"","_monsterinsights_sitenote_category":0,"footnotes":""},"class_list":["post-1821","page","type-page","status-publish","hentry"],"yoast_head":"<!-- This site is optimized with the Yoast SEO plugin v25.0 - https:\/\/yoast.com\/wordpress\/plugins\/seo\/ -->\n<title>Prelegentki - Zosta\u0144 badaczk\u0105!<\/title>\n<meta name=\"robots\" content=\"index, follow, max-snippet:-1, max-image-preview:large, max-video-preview:-1\" \/>\n<link rel=\"canonical\" href=\"https:\/\/amu.pan.pl\/badaczka\/prelegentki\/\" \/>\n<meta property=\"og:locale\" content=\"pl_PL\" \/>\n<meta property=\"og:type\" content=\"article\" \/>\n<meta property=\"og:title\" content=\"Prelegentki - Zosta\u0144 badaczk\u0105!\" \/>\n<meta property=\"og:description\" content=\"Prelegentki Kobiety w nauce 2026 Szczeg\u00f3\u0142y wkr\u00f3tce! Prof. dr hab. Dominika Latusek-Jurczak nauki spo\u0142eczne wi\u0119cej &gt;&gt; Dr hab. Aleksandra Rutkowska nauki \u015bcis\u0142e i przyrodnicze wi\u0119cej &gt;&gt; prof. dr hab. in\u017c. Agnieszka Maria Jastrz\u0119bska nauki in\u017cynieryjno-techniczne \/ in\u017cynieria materia\u0142owa wi\u0119cej &gt;&gt; Prof. dr hab. Dominika Latusek-Jurczak nauki spo\u0142eczne Profesor w swojej pracy badawczej koncentruje si\u0119 na [&hellip;]\" \/>\n<meta property=\"og:url\" content=\"https:\/\/amu.pan.pl\/badaczka\/prelegentki\/\" \/>\n<meta property=\"og:site_name\" content=\"Zosta\u0144 badaczk\u0105!\" \/>\n<meta property=\"article:modified_time\" content=\"2026-04-30T09:36:08+00:00\" \/>\n<meta property=\"og:image\" content=\"https:\/\/amu.pan.pl\/badaczka\/wp-content\/uploads\/sites\/2\/2026\/04\/Dominika-_Latusek.jpg\" \/>\n\t<meta property=\"og:image:width\" content=\"300\" \/>\n\t<meta property=\"og:image:height\" content=\"270\" \/>\n\t<meta property=\"og:image:type\" content=\"image\/jpeg\" \/>\n<meta name=\"twitter:card\" content=\"summary_large_image\" \/>\n<meta name=\"twitter:label1\" content=\"Szacowany czas czytania\" \/>\n\t<meta name=\"twitter:data1\" content=\"2 minuty\" \/>\n<script type=\"application\/ld+json\" class=\"yoast-schema-graph\">{\"@context\":\"https:\/\/schema.org\",\"@graph\":[{\"@type\":\"WebPage\",\"@id\":\"https:\/\/amu.pan.pl\/badaczka\/prelegentki\/\",\"url\":\"https:\/\/amu.pan.pl\/badaczka\/prelegentki\/\",\"name\":\"Prelegentki - Zosta\u0144 badaczk\u0105!\",\"isPartOf\":{\"@id\":\"https:\/\/amu.pan.pl\/badaczka\/#website\"},\"primaryImageOfPage\":{\"@id\":\"https:\/\/amu.pan.pl\/badaczka\/prelegentki\/#primaryimage\"},\"image\":{\"@id\":\"https:\/\/amu.pan.pl\/badaczka\/prelegentki\/#primaryimage\"},\"thumbnailUrl\":\"https:\/\/amu.pan.pl\/badaczka\/wp-content\/uploads\/sites\/2\/2026\/04\/Dominika-_Latusek.jpg\",\"datePublished\":\"2025-09-09T12:34:41+00:00\",\"dateModified\":\"2026-04-30T09:36:08+00:00\",\"breadcrumb\":{\"@id\":\"https:\/\/amu.pan.pl\/badaczka\/prelegentki\/#breadcrumb\"},\"inLanguage\":\"pl-PL\",\"potentialAction\":[{\"@type\":\"ReadAction\",\"target\":[\"https:\/\/amu.pan.pl\/badaczka\/prelegentki\/\"]}]},{\"@type\":\"ImageObject\",\"inLanguage\":\"pl-PL\",\"@id\":\"https:\/\/amu.pan.pl\/badaczka\/prelegentki\/#primaryimage\",\"url\":\"https:\/\/amu.pan.pl\/badaczka\/wp-content\/uploads\/sites\/2\/2026\/04\/Dominika-_Latusek.jpg\",\"contentUrl\":\"https:\/\/amu.pan.pl\/badaczka\/wp-content\/uploads\/sites\/2\/2026\/04\/Dominika-_Latusek.jpg\",\"width\":300,\"height\":270},{\"@type\":\"BreadcrumbList\",\"@id\":\"https:\/\/amu.pan.pl\/badaczka\/prelegentki\/#breadcrumb\",\"itemListElement\":[{\"@type\":\"ListItem\",\"position\":1,\"name\":\"Strona g\u0142\u00f3wna\",\"item\":\"https:\/\/amu.pan.pl\/badaczka\/\"},{\"@type\":\"ListItem\",\"position\":2,\"name\":\"Prelegentki\"}]},{\"@type\":\"WebSite\",\"@id\":\"https:\/\/amu.pan.pl\/badaczka\/#website\",\"url\":\"https:\/\/amu.pan.pl\/badaczka\/\",\"name\":\"Zosta\u0144 badaczk\u0105!\",\"description\":\"Kobiety w nauce\",\"publisher\":{\"@id\":\"https:\/\/amu.pan.pl\/badaczka\/#organization\"},\"potentialAction\":[{\"@type\":\"SearchAction\",\"target\":{\"@type\":\"EntryPoint\",\"urlTemplate\":\"https:\/\/amu.pan.pl\/badaczka\/?s={search_term_string}\"},\"query-input\":{\"@type\":\"PropertyValueSpecification\",\"valueRequired\":true,\"valueName\":\"search_term_string\"}}],\"inLanguage\":\"pl-PL\"},{\"@type\":\"Organization\",\"@id\":\"https:\/\/amu.pan.pl\/badaczka\/#organization\",\"name\":\"Zosta\u0144 badaczk\u0105!\",\"url\":\"https:\/\/amu.pan.pl\/badaczka\/\",\"logo\":{\"@type\":\"ImageObject\",\"inLanguage\":\"pl-PL\",\"@id\":\"https:\/\/amu.pan.pl\/badaczka\/#\/schema\/logo\/image\/\",\"url\":\"https:\/\/amu.pan.pl\/badaczka\/wp-content\/uploads\/sites\/2\/2020\/11\/AMU_logo_mini.png\",\"contentUrl\":\"https:\/\/amu.pan.pl\/badaczka\/wp-content\/uploads\/sites\/2\/2020\/11\/AMU_logo_mini.png\",\"width\":150,\"height\":85,\"caption\":\"Zosta\u0144 badaczk\u0105!\"},\"image\":{\"@id\":\"https:\/\/amu.pan.pl\/badaczka\/#\/schema\/logo\/image\/\"}}]}<\/script>\n<!-- \/ Yoast SEO plugin. -->","yoast_head_json":{"title":"Prelegentki - Zosta\u0144 badaczk\u0105!","robots":{"index":"index","follow":"follow","max-snippet":"max-snippet:-1","max-image-preview":"max-image-preview:large","max-video-preview":"max-video-preview:-1"},"canonical":"https:\/\/amu.pan.pl\/badaczka\/prelegentki\/","og_locale":"pl_PL","og_type":"article","og_title":"Prelegentki - Zosta\u0144 badaczk\u0105!","og_description":"Prelegentki Kobiety w nauce 2026 Szczeg\u00f3\u0142y wkr\u00f3tce! Prof. dr hab. Dominika Latusek-Jurczak nauki spo\u0142eczne wi\u0119cej &gt;&gt; Dr hab. Aleksandra Rutkowska nauki \u015bcis\u0142e i przyrodnicze wi\u0119cej &gt;&gt; prof. dr hab. in\u017c. Agnieszka Maria Jastrz\u0119bska nauki in\u017cynieryjno-techniczne \/ in\u017cynieria materia\u0142owa wi\u0119cej &gt;&gt; Prof. dr hab. Dominika Latusek-Jurczak nauki spo\u0142eczne Profesor w swojej pracy badawczej koncentruje si\u0119 na [&hellip;]","og_url":"https:\/\/amu.pan.pl\/badaczka\/prelegentki\/","og_site_name":"Zosta\u0144 badaczk\u0105!","article_modified_time":"2026-04-30T09:36:08+00:00","og_image":[{"width":300,"height":270,"url":"https:\/\/amu.pan.pl\/badaczka\/wp-content\/uploads\/sites\/2\/2026\/04\/Dominika-_Latusek.jpg","type":"image\/jpeg"}],"twitter_card":"summary_large_image","twitter_misc":{"Szacowany czas czytania":"2 minuty"},"schema":{"@context":"https:\/\/schema.org","@graph":[{"@type":"WebPage","@id":"https:\/\/amu.pan.pl\/badaczka\/prelegentki\/","url":"https:\/\/amu.pan.pl\/badaczka\/prelegentki\/","name":"Prelegentki - Zosta\u0144 badaczk\u0105!","isPartOf":{"@id":"https:\/\/amu.pan.pl\/badaczka\/#website"},"primaryImageOfPage":{"@id":"https:\/\/amu.pan.pl\/badaczka\/prelegentki\/#primaryimage"},"image":{"@id":"https:\/\/amu.pan.pl\/badaczka\/prelegentki\/#primaryimage"},"thumbnailUrl":"https:\/\/amu.pan.pl\/badaczka\/wp-content\/uploads\/sites\/2\/2026\/04\/Dominika-_Latusek.jpg","datePublished":"2025-09-09T12:34:41+00:00","dateModified":"2026-04-30T09:36:08+00:00","breadcrumb":{"@id":"https:\/\/amu.pan.pl\/badaczka\/prelegentki\/#breadcrumb"},"inLanguage":"pl-PL","potentialAction":[{"@type":"ReadAction","target":["https:\/\/amu.pan.pl\/badaczka\/prelegentki\/"]}]},{"@type":"ImageObject","inLanguage":"pl-PL","@id":"https:\/\/amu.pan.pl\/badaczka\/prelegentki\/#primaryimage","url":"https:\/\/amu.pan.pl\/badaczka\/wp-content\/uploads\/sites\/2\/2026\/04\/Dominika-_Latusek.jpg","contentUrl":"https:\/\/amu.pan.pl\/badaczka\/wp-content\/uploads\/sites\/2\/2026\/04\/Dominika-_Latusek.jpg","width":300,"height":270},{"@type":"BreadcrumbList","@id":"https:\/\/amu.pan.pl\/badaczka\/prelegentki\/#breadcrumb","itemListElement":[{"@type":"ListItem","position":1,"name":"Strona g\u0142\u00f3wna","item":"https:\/\/amu.pan.pl\/badaczka\/"},{"@type":"ListItem","position":2,"name":"Prelegentki"}]},{"@type":"WebSite","@id":"https:\/\/amu.pan.pl\/badaczka\/#website","url":"https:\/\/amu.pan.pl\/badaczka\/","name":"Zosta\u0144 badaczk\u0105!","description":"Kobiety w nauce","publisher":{"@id":"https:\/\/amu.pan.pl\/badaczka\/#organization"},"potentialAction":[{"@type":"SearchAction","target":{"@type":"EntryPoint","urlTemplate":"https:\/\/amu.pan.pl\/badaczka\/?s={search_term_string}"},"query-input":{"@type":"PropertyValueSpecification","valueRequired":true,"valueName":"search_term_string"}}],"inLanguage":"pl-PL"},{"@type":"Organization","@id":"https:\/\/amu.pan.pl\/badaczka\/#organization","name":"Zosta\u0144 badaczk\u0105!","url":"https:\/\/amu.pan.pl\/badaczka\/","logo":{"@type":"ImageObject","inLanguage":"pl-PL","@id":"https:\/\/amu.pan.pl\/badaczka\/#\/schema\/logo\/image\/","url":"https:\/\/amu.pan.pl\/badaczka\/wp-content\/uploads\/sites\/2\/2020\/11\/AMU_logo_mini.png","contentUrl":"https:\/\/amu.pan.pl\/badaczka\/wp-content\/uploads\/sites\/2\/2020\/11\/AMU_logo_mini.png","width":150,"height":85,"caption":"Zosta\u0144 badaczk\u0105!"},"image":{"@id":"https:\/\/amu.pan.pl\/badaczka\/#\/schema\/logo\/image\/"}}]}},"_links":{"self":[{"href":"https:\/\/amu.pan.pl\/badaczka\/wp-json\/wp\/v2\/pages\/1821","targetHints":{"allow":["GET"]}}],"collection":[{"href":"https:\/\/amu.pan.pl\/badaczka\/wp-json\/wp\/v2\/pages"}],"about":[{"href":"https:\/\/amu.pan.pl\/badaczka\/wp-json\/wp\/v2\/types\/page"}],"author":[{"embeddable":true,"href":"https:\/\/amu.pan.pl\/badaczka\/wp-json\/wp\/v2\/users\/2"}],"replies":[{"embeddable":true,"href":"https:\/\/amu.pan.pl\/badaczka\/wp-json\/wp\/v2\/comments?post=1821"}],"version-history":[{"count":91,"href":"https:\/\/amu.pan.pl\/badaczka\/wp-json\/wp\/v2\/pages\/1821\/revisions"}],"predecessor-version":[{"id":3031,"href":"https:\/\/amu.pan.pl\/badaczka\/wp-json\/wp\/v2\/pages\/1821\/revisions\/3031"}],"wp:attachment":[{"href":"https:\/\/amu.pan.pl\/badaczka\/wp-json\/wp\/v2\/media?parent=1821"}],"curies":[{"name":"wp","href":"https:\/\/api.w.org\/{rel}","templated":true}]}}