{"id":1897,"date":"2025-10-16T09:03:42","date_gmt":"2025-10-16T07:03:42","guid":{"rendered":"https:\/\/amu.pan.pl\/badaczka\/?page_id=1897"},"modified":"2026-04-30T14:26:38","modified_gmt":"2026-04-30T12:26:38","slug":"komitet-organizacyjny","status":"publish","type":"page","link":"https:\/\/amu.pan.pl\/badaczka\/komitet-organizacyjny\/","title":{"rendered":"Komitet organizacyjny"},"content":{"rendered":"\t\t<div data-elementor-type=\"wp-page\" data-elementor-id=\"1897\" class=\"elementor elementor-1897\">\n\t\t\t\t\t\t<section class=\"elementor-section elementor-top-section elementor-element elementor-element-1a940b9 baner elementor-section-boxed elementor-section-height-default elementor-section-height-default\" data-id=\"1a940b9\" data-element_type=\"section\" data-settings=\"{&quot;background_background&quot;:&quot;classic&quot;}\">\n\t\t\t\t\t\t\t<div class=\"elementor-background-overlay\"><\/div>\n\t\t\t\t\t\t\t<div class=\"elementor-container elementor-column-gap-default\">\n\t\t\t\t\t<div class=\"elementor-column elementor-col-100 elementor-top-column elementor-element elementor-element-162ceab\" data-id=\"162ceab\" data-element_type=\"column\">\n\t\t\t<div class=\"elementor-widget-wrap elementor-element-populated\">\n\t\t\t\t\t\t<div class=\"elementor-element elementor-element-c3a7723 elementor-widget-tablet__width-initial elementor-widget elementor-widget-heading\" data-id=\"c3a7723\" data-element_type=\"widget\" data-settings=\"{&quot;_animation&quot;:&quot;none&quot;}\" data-widget_type=\"heading.default\">\n\t\t\t\t<div class=\"elementor-widget-container\">\n\t\t\t\t\t<h2 class=\"elementor-heading-title elementor-size-default\">Komitet organizacyjny<\/h2>\t\t\t\t<\/div>\n\t\t\t\t<\/div>\n\t\t\t\t<div class=\"elementor-element elementor-element-c5b0769 elementor-widget elementor-widget-heading\" data-id=\"c5b0769\" data-element_type=\"widget\" data-widget_type=\"heading.default\">\n\t\t\t\t<div class=\"elementor-widget-container\">\n\t\t\t\t\t<h3 class=\"elementor-heading-title elementor-size-default\">Kobiety w nauce 2026<\/h3>\t\t\t\t<\/div>\n\t\t\t\t<\/div>\n\t\t\t\t\t<\/div>\n\t\t<\/div>\n\t\t\t\t\t<\/div>\n\t\t<\/section>\n\t\t\t\t<section class=\"elementor-section elementor-top-section elementor-element elementor-element-ac3868c elementor-section-boxed elementor-section-height-default elementor-section-height-default\" data-id=\"ac3868c\" data-element_type=\"section\">\n\t\t\t\t\t\t<div class=\"elementor-container elementor-column-gap-default\">\n\t\t\t\t\t<div class=\"elementor-column elementor-col-100 elementor-top-column elementor-element elementor-element-7d6b858\" data-id=\"7d6b858\" data-element_type=\"column\">\n\t\t\t<div class=\"elementor-widget-wrap elementor-element-populated\">\n\t\t\t\t\t\t<div class=\"elementor-element elementor-element-37dbf84 tabelka elementor-widget elementor-widget-text-editor\" data-id=\"37dbf84\" data-element_type=\"widget\" data-widget_type=\"text-editor.default\">\n\t\t\t\t<div class=\"elementor-widget-container\">\n\t\t\t\t\t\t\t\t\t<table><thead><tr><th>AMU<\/th><th>Afiliacja<\/th><\/tr><\/thead><tbody><tr><td>dr Anna M. G\u00f3rska<\/td><td>Akademia Leona Ko\u017ami\u0144skiego<\/td><\/tr><tr><td>dr in\u017c. Monika Janik<\/td><td>Politechnika Warszawska<\/td><\/tr><tr><td>dr hab. Anna K\u0142os, prof. WAT<\/td><td>Wojskowa Akademia Techniczna<\/td><\/tr><tr><td>dr hab. Marzena Smol, prof. IGSMiE PAN<\/td><td>Instytut Gospodarki Surowcami Mineralnymi i Energi\u0105 PAN (IGSMiE PAN)<\/td><\/tr><tr><td>dr hab. in\u017c. \u017baneta \u015awiderska-Chadaj, prof. PW<\/td><td>Politechnika Warszawska \/ IDEAS Instytut Badawczy<\/td><\/tr><tr><td>dr Monika Stobiecka<\/td><td>Wydzia\u0142 &#8220;Artes Liberales&#8221; UW<\/td><\/tr><tr><td>Agata Og\u00f3rek<\/td><td>Biuro Organizacyjne PAN<\/td><\/tr><\/tbody><\/table>\t\t\t\t\t\t\t\t<\/div>\n\t\t\t\t<\/div>\n\t\t\t\t\t<\/div>\n\t\t<\/div>\n\t\t\t\t\t<\/div>\n\t\t<\/section>\n\t\t\t\t<\/div>\n\t\t","protected":false},"excerpt":{"rendered":"<p>Komitet organizacyjny Kobiety w nauce 2026 AMU Afiliacja dr Anna M. G\u00f3rska Akademia Leona Ko\u017ami\u0144skiego dr in\u017c. Monika Janik Politechnika Warszawska dr hab. Anna K\u0142os, prof. WAT Wojskowa Akademia Techniczna dr hab. Marzena Smol, prof. IGSMiE PAN Instytut Gospodarki Surowcami Mineralnymi i Energi\u0105 PAN (IGSMiE PAN) dr hab. in\u017c. \u017baneta \u015awiderska-Chadaj, prof. PW Politechnika Warszawska [&hellip;]<\/p>\n","protected":false},"author":2,"featured_media":0,"parent":0,"menu_order":0,"comment_status":"closed","ping_status":"closed","template":"elementor_canvas","meta":{"_monsterinsights_skip_tracking":false,"_monsterinsights_sitenote_active":false,"_monsterinsights_sitenote_note":"","_monsterinsights_sitenote_category":0,"footnotes":""},"class_list":["post-1897","page","type-page","status-publish","hentry"],"yoast_head":"<!-- This site is optimized with the Yoast SEO plugin v25.0 - https:\/\/yoast.com\/wordpress\/plugins\/seo\/ -->\n<title>Komitet organizacyjny - Zosta\u0144 badaczk\u0105!<\/title>\n<meta name=\"robots\" content=\"index, follow, max-snippet:-1, max-image-preview:large, max-video-preview:-1\" \/>\n<link rel=\"canonical\" href=\"https:\/\/amu.pan.pl\/badaczka\/komitet-organizacyjny\/\" \/>\n<meta property=\"og:locale\" content=\"pl_PL\" \/>\n<meta property=\"og:type\" content=\"article\" \/>\n<meta property=\"og:title\" content=\"Komitet organizacyjny - Zosta\u0144 badaczk\u0105!\" \/>\n<meta property=\"og:description\" content=\"Komitet organizacyjny Kobiety w nauce 2026 AMU Afiliacja dr Anna M. G\u00f3rska Akademia Leona Ko\u017ami\u0144skiego dr in\u017c. Monika Janik Politechnika Warszawska dr hab. Anna K\u0142os, prof. WAT Wojskowa Akademia Techniczna dr hab. Marzena Smol, prof. IGSMiE PAN Instytut Gospodarki Surowcami Mineralnymi i Energi\u0105 PAN (IGSMiE PAN) dr hab. in\u017c. \u017baneta \u015awiderska-Chadaj, prof. PW Politechnika Warszawska [&hellip;]\" \/>\n<meta property=\"og:url\" content=\"https:\/\/amu.pan.pl\/badaczka\/komitet-organizacyjny\/\" \/>\n<meta property=\"og:site_name\" content=\"Zosta\u0144 badaczk\u0105!\" \/>\n<meta property=\"article:modified_time\" content=\"2026-04-30T12:26:38+00:00\" \/>\n<meta property=\"og:image\" content=\"https:\/\/amu.pan.pl\/badaczka\/wp-content\/uploads\/sites\/2\/2022\/01\/Screenshot_20220118_144240.png\" \/>\n\t<meta property=\"og:image:width\" content=\"1465\" \/>\n\t<meta property=\"og:image:height\" content=\"773\" \/>\n\t<meta property=\"og:image:type\" content=\"image\/png\" \/>\n<meta name=\"twitter:card\" content=\"summary_large_image\" \/>\n<meta name=\"twitter:label1\" content=\"Szacowany czas czytania\" \/>\n\t<meta name=\"twitter:data1\" content=\"1 minuta\" \/>\n<script type=\"application\/ld+json\" class=\"yoast-schema-graph\">{\"@context\":\"https:\/\/schema.org\",\"@graph\":[{\"@type\":\"WebPage\",\"@id\":\"https:\/\/amu.pan.pl\/badaczka\/komitet-organizacyjny\/\",\"url\":\"https:\/\/amu.pan.pl\/badaczka\/komitet-organizacyjny\/\",\"name\":\"Komitet organizacyjny - Zosta\u0144 badaczk\u0105!\",\"isPartOf\":{\"@id\":\"https:\/\/amu.pan.pl\/badaczka\/#website\"},\"datePublished\":\"2025-10-16T07:03:42+00:00\",\"dateModified\":\"2026-04-30T12:26:38+00:00\",\"breadcrumb\":{\"@id\":\"https:\/\/amu.pan.pl\/badaczka\/komitet-organizacyjny\/#breadcrumb\"},\"inLanguage\":\"pl-PL\",\"potentialAction\":[{\"@type\":\"ReadAction\",\"target\":[\"https:\/\/amu.pan.pl\/badaczka\/komitet-organizacyjny\/\"]}]},{\"@type\":\"BreadcrumbList\",\"@id\":\"https:\/\/amu.pan.pl\/badaczka\/komitet-organizacyjny\/#breadcrumb\",\"itemListElement\":[{\"@type\":\"ListItem\",\"position\":1,\"name\":\"Strona g\u0142\u00f3wna\",\"item\":\"https:\/\/amu.pan.pl\/badaczka\/\"},{\"@type\":\"ListItem\",\"position\":2,\"name\":\"Komitet organizacyjny\"}]},{\"@type\":\"WebSite\",\"@id\":\"https:\/\/amu.pan.pl\/badaczka\/#website\",\"url\":\"https:\/\/amu.pan.pl\/badaczka\/\",\"name\":\"Zosta\u0144 badaczk\u0105!\",\"description\":\"Kobiety w nauce\",\"publisher\":{\"@id\":\"https:\/\/amu.pan.pl\/badaczka\/#organization\"},\"potentialAction\":[{\"@type\":\"SearchAction\",\"target\":{\"@type\":\"EntryPoint\",\"urlTemplate\":\"https:\/\/amu.pan.pl\/badaczka\/?s={search_term_string}\"},\"query-input\":{\"@type\":\"PropertyValueSpecification\",\"valueRequired\":true,\"valueName\":\"search_term_string\"}}],\"inLanguage\":\"pl-PL\"},{\"@type\":\"Organization\",\"@id\":\"https:\/\/amu.pan.pl\/badaczka\/#organization\",\"name\":\"Zosta\u0144 badaczk\u0105!\",\"url\":\"https:\/\/amu.pan.pl\/badaczka\/\",\"logo\":{\"@type\":\"ImageObject\",\"inLanguage\":\"pl-PL\",\"@id\":\"https:\/\/amu.pan.pl\/badaczka\/#\/schema\/logo\/image\/\",\"url\":\"https:\/\/amu.pan.pl\/badaczka\/wp-content\/uploads\/sites\/2\/2020\/11\/AMU_logo_mini.png\",\"contentUrl\":\"https:\/\/amu.pan.pl\/badaczka\/wp-content\/uploads\/sites\/2\/2020\/11\/AMU_logo_mini.png\",\"width\":150,\"height\":85,\"caption\":\"Zosta\u0144 badaczk\u0105!\"},\"image\":{\"@id\":\"https:\/\/amu.pan.pl\/badaczka\/#\/schema\/logo\/image\/\"}}]}<\/script>\n<!-- \/ Yoast SEO plugin. -->","yoast_head_json":{"title":"Komitet organizacyjny - Zosta\u0144 badaczk\u0105!","robots":{"index":"index","follow":"follow","max-snippet":"max-snippet:-1","max-image-preview":"max-image-preview:large","max-video-preview":"max-video-preview:-1"},"canonical":"https:\/\/amu.pan.pl\/badaczka\/komitet-organizacyjny\/","og_locale":"pl_PL","og_type":"article","og_title":"Komitet organizacyjny - Zosta\u0144 badaczk\u0105!","og_description":"Komitet organizacyjny Kobiety w nauce 2026 AMU Afiliacja dr Anna M. G\u00f3rska Akademia Leona Ko\u017ami\u0144skiego dr in\u017c. Monika Janik Politechnika Warszawska dr hab. Anna K\u0142os, prof. WAT Wojskowa Akademia Techniczna dr hab. Marzena Smol, prof. IGSMiE PAN Instytut Gospodarki Surowcami Mineralnymi i Energi\u0105 PAN (IGSMiE PAN) dr hab. in\u017c. \u017baneta \u015awiderska-Chadaj, prof. PW Politechnika Warszawska [&hellip;]","og_url":"https:\/\/amu.pan.pl\/badaczka\/komitet-organizacyjny\/","og_site_name":"Zosta\u0144 badaczk\u0105!","article_modified_time":"2026-04-30T12:26:38+00:00","og_image":[{"width":1465,"height":773,"url":"https:\/\/amu.pan.pl\/badaczka\/wp-content\/uploads\/sites\/2\/2022\/01\/Screenshot_20220118_144240.png","type":"image\/png"}],"twitter_card":"summary_large_image","twitter_misc":{"Szacowany czas czytania":"1 minuta"},"schema":{"@context":"https:\/\/schema.org","@graph":[{"@type":"WebPage","@id":"https:\/\/amu.pan.pl\/badaczka\/komitet-organizacyjny\/","url":"https:\/\/amu.pan.pl\/badaczka\/komitet-organizacyjny\/","name":"Komitet organizacyjny - Zosta\u0144 badaczk\u0105!","isPartOf":{"@id":"https:\/\/amu.pan.pl\/badaczka\/#website"},"datePublished":"2025-10-16T07:03:42+00:00","dateModified":"2026-04-30T12:26:38+00:00","breadcrumb":{"@id":"https:\/\/amu.pan.pl\/badaczka\/komitet-organizacyjny\/#breadcrumb"},"inLanguage":"pl-PL","potentialAction":[{"@type":"ReadAction","target":["https:\/\/amu.pan.pl\/badaczka\/komitet-organizacyjny\/"]}]},{"@type":"BreadcrumbList","@id":"https:\/\/amu.pan.pl\/badaczka\/komitet-organizacyjny\/#breadcrumb","itemListElement":[{"@type":"ListItem","position":1,"name":"Strona g\u0142\u00f3wna","item":"https:\/\/amu.pan.pl\/badaczka\/"},{"@type":"ListItem","position":2,"name":"Komitet organizacyjny"}]},{"@type":"WebSite","@id":"https:\/\/amu.pan.pl\/badaczka\/#website","url":"https:\/\/amu.pan.pl\/badaczka\/","name":"Zosta\u0144 badaczk\u0105!","description":"Kobiety w nauce","publisher":{"@id":"https:\/\/amu.pan.pl\/badaczka\/#organization"},"potentialAction":[{"@type":"SearchAction","target":{"@type":"EntryPoint","urlTemplate":"https:\/\/amu.pan.pl\/badaczka\/?s={search_term_string}"},"query-input":{"@type":"PropertyValueSpecification","valueRequired":true,"valueName":"search_term_string"}}],"inLanguage":"pl-PL"},{"@type":"Organization","@id":"https:\/\/amu.pan.pl\/badaczka\/#organization","name":"Zosta\u0144 badaczk\u0105!","url":"https:\/\/amu.pan.pl\/badaczka\/","logo":{"@type":"ImageObject","inLanguage":"pl-PL","@id":"https:\/\/amu.pan.pl\/badaczka\/#\/schema\/logo\/image\/","url":"https:\/\/amu.pan.pl\/badaczka\/wp-content\/uploads\/sites\/2\/2020\/11\/AMU_logo_mini.png","contentUrl":"https:\/\/amu.pan.pl\/badaczka\/wp-content\/uploads\/sites\/2\/2020\/11\/AMU_logo_mini.png","width":150,"height":85,"caption":"Zosta\u0144 badaczk\u0105!"},"image":{"@id":"https:\/\/amu.pan.pl\/badaczka\/#\/schema\/logo\/image\/"}}]}},"_links":{"self":[{"href":"https:\/\/amu.pan.pl\/badaczka\/wp-json\/wp\/v2\/pages\/1897","targetHints":{"allow":["GET"]}}],"collection":[{"href":"https:\/\/amu.pan.pl\/badaczka\/wp-json\/wp\/v2\/pages"}],"about":[{"href":"https:\/\/amu.pan.pl\/badaczka\/wp-json\/wp\/v2\/types\/page"}],"author":[{"embeddable":true,"href":"https:\/\/amu.pan.pl\/badaczka\/wp-json\/wp\/v2\/users\/2"}],"replies":[{"embeddable":true,"href":"https:\/\/amu.pan.pl\/badaczka\/wp-json\/wp\/v2\/comments?post=1897"}],"version-history":[{"count":30,"href":"https:\/\/amu.pan.pl\/badaczka\/wp-json\/wp\/v2\/pages\/1897\/revisions"}],"predecessor-version":[{"id":3057,"href":"https:\/\/amu.pan.pl\/badaczka\/wp-json\/wp\/v2\/pages\/1897\/revisions\/3057"}],"wp:attachment":[{"href":"https:\/\/amu.pan.pl\/badaczka\/wp-json\/wp\/v2\/media?parent=1897"}],"curies":[{"name":"wp","href":"https:\/\/api.w.org\/{rel}","templated":true}]}}