{"id":2138,"date":"2026-04-23T15:07:32","date_gmt":"2026-04-23T13:07:32","guid":{"rendered":"https:\/\/amu.pan.pl\/badaczka\/?page_id=2138"},"modified":"2026-04-29T16:06:12","modified_gmt":"2026-04-29T14:06:12","slug":"program-2025","status":"publish","type":"page","link":"https:\/\/amu.pan.pl\/badaczka\/program-2025\/","title":{"rendered":"Program 2025"},"content":{"rendered":"\t\t<div data-elementor-type=\"wp-page\" data-elementor-id=\"2138\" class=\"elementor elementor-2138\">\n\t\t\t\t\t\t<section class=\"elementor-section elementor-top-section elementor-element elementor-element-91fb777 baner elementor-section-boxed elementor-section-height-default elementor-section-height-default\" data-id=\"91fb777\" data-element_type=\"section\" data-settings=\"{&quot;background_background&quot;:&quot;classic&quot;}\">\n\t\t\t\t\t\t\t<div class=\"elementor-background-overlay\"><\/div>\n\t\t\t\t\t\t\t<div class=\"elementor-container elementor-column-gap-default\">\n\t\t\t\t\t<div class=\"elementor-column elementor-col-100 elementor-top-column elementor-element elementor-element-216bf7f\" data-id=\"216bf7f\" data-element_type=\"column\">\n\t\t\t<div class=\"elementor-widget-wrap elementor-element-populated\">\n\t\t\t\t\t\t<div class=\"elementor-element elementor-element-275d3b9 elementor-widget-tablet__width-initial elementor-widget elementor-widget-heading\" data-id=\"275d3b9\" data-element_type=\"widget\" data-settings=\"{&quot;_animation&quot;:&quot;none&quot;}\" data-widget_type=\"heading.default\">\n\t\t\t\t<div class=\"elementor-widget-container\">\n\t\t\t\t\t<h2 class=\"elementor-heading-title elementor-size-default\">Program<\/h2>\t\t\t\t<\/div>\n\t\t\t\t<\/div>\n\t\t\t\t<div class=\"elementor-element elementor-element-5a410ca elementor-widget elementor-widget-heading\" data-id=\"5a410ca\" data-element_type=\"widget\" data-widget_type=\"heading.default\">\n\t\t\t\t<div class=\"elementor-widget-container\">\n\t\t\t\t\t<h3 class=\"elementor-heading-title elementor-size-default\">Kobiety w nauce 2025<\/h3>\t\t\t\t<\/div>\n\t\t\t\t<\/div>\n\t\t\t\t\t<\/div>\n\t\t<\/div>\n\t\t\t\t\t<\/div>\n\t\t<\/section>\n\t\t\t\t<section class=\"elementor-section elementor-top-section elementor-element elementor-element-0f634df elementor-section-boxed elementor-section-height-default elementor-section-height-default\" data-id=\"0f634df\" data-element_type=\"section\">\n\t\t\t\t\t\t<div class=\"elementor-container elementor-column-gap-default\">\n\t\t\t\t\t<div class=\"elementor-column elementor-col-100 elementor-top-column elementor-element elementor-element-f989203\" data-id=\"f989203\" data-element_type=\"column\">\n\t\t\t<div class=\"elementor-widget-wrap elementor-element-populated\">\n\t\t\t\t\t\t<div class=\"elementor-element elementor-element-dabba52 tabelka-program elementor-widget elementor-widget-text-editor\" data-id=\"dabba52\" data-element_type=\"widget\" data-widget_type=\"text-editor.default\">\n\t\t\t\t<div class=\"elementor-widget-container\">\n\t\t\t\t\t\t\t\t\t<table><tbody><tr><td>11:30-11:45<\/td><td><span style=\"font-weight: bold\">Otwarcie konferencji<\/span><br \/><a href=\"https:\/\/amu.pan.pl\/marta-gmurek\/\" target=\"_blank\" rel=\"noopener\">dr hab. in\u017c. Marta Gmurek<\/a>, Zast\u0119pczyni Przewodnicz\u0105cego AMU<br \/><a href=\"https:\/\/amu.pan.pl\/jacek-kolanowski\/\" target=\"_blank\" rel=\"noopener\">dr Jacek Kolanowski<\/a>, Przewodnicz\u0105cy AMU<br \/><a href=\"https:\/\/www.umlub.pl\/uczelnia\/pracownicy\/szczegoly,972.html\" target=\"_blank\" rel=\"noopener\">prof. Stanis\u0142aw Jerzy Czuczwar<\/a>, Wiceprezes PAN<\/td><\/tr><tr><td>11:45-12:15<\/td><td><strong>Socjologia<\/strong><br \/>dr Agata Zysiak<\/td><\/tr><tr><td>12:20-12:50<\/td><td><strong>Nauki rolnicze<\/strong><br \/>dr hab. Ma\u0142gorzata Nowacka<\/td><\/tr><tr><td>12:55-13:25<\/td><td><strong>Automatyka, elektronika i elektrotechnika<\/strong><br \/>dr hab. in\u017c. Monika Kwoka<\/td><\/tr><tr><td>13:30-14:00<\/td><td><strong>Informatyka w medycynie<\/strong><br \/>dr hab. Anna Fabija\u0144ska<\/td><\/tr><tr><td>14:05-14:20<\/td><td>Przerwa<\/td><\/tr><tr><td>14:20-16:00<\/td><td>Dyskusje z przedstawicielkami r\u00f3\u017cnych dyscyplin naukowych<\/td><\/tr><tr><td>Pok\u00f3j 1<\/td><td><strong>Nauki biologiczne i medyczne<\/strong><br \/>dr hab. Anna Ajduk, dr hab. Anna Fabija\u0144ska<\/td><\/tr><tr><td>Pok\u00f3j 2<\/td><td><strong>Nauki \u015bcis\u0142e<\/strong><br \/>dr hab. Justyna Cybulska, dr hab. Ma\u0142gorzata Nowacka<\/td><\/tr><tr><td>Pok\u00f3j 3<\/td><td><strong>Nauki in\u017cynieryjno-techniczne<\/strong><br \/>dr hab. Monika Kwoka, dr hab. Anna Szerling<\/td><\/tr><tr><td>Pok\u00f3j 4<\/td><td><strong>Nauki o ziemi<\/strong><br \/>dr hab. Anna K\u0142os, dr hab. Marzena Smol<\/td><\/tr><tr><td>Pok\u00f3j 5<\/td><td><strong>Nauki spo\u0142eczne i humanistyczne<br \/><\/strong>dr Monika Stobiecka, dr Agata Zysiak<\/td><\/tr><\/tbody><\/table>\t\t\t\t\t\t\t\t<\/div>\n\t\t\t\t<\/div>\n\t\t\t\t\t<\/div>\n\t\t<\/div>\n\t\t\t\t\t<\/div>\n\t\t<\/section>\n\t\t\t\t<section class=\"elementor-section elementor-top-section elementor-element elementor-element-bed14ab elementor-hidden-desktop elementor-hidden-tablet elementor-hidden-mobile elementor-section-boxed elementor-section-height-default elementor-section-height-default\" data-id=\"bed14ab\" data-element_type=\"section\" data-settings=\"{&quot;background_background&quot;:&quot;classic&quot;}\">\n\t\t\t\t\t\t\t<div class=\"elementor-background-overlay\"><\/div>\n\t\t\t\t\t\t\t<div class=\"elementor-container elementor-column-gap-default\">\n\t\t\t\t\t<div class=\"elementor-column elementor-col-100 elementor-top-column elementor-element elementor-element-e20ed11\" data-id=\"e20ed11\" data-element_type=\"column\">\n\t\t\t<div class=\"elementor-widget-wrap elementor-element-populated\">\n\t\t\t\t\t\t<div class=\"elementor-element elementor-element-87832ef elementor-widget elementor-widget-heading\" data-id=\"87832ef\" data-element_type=\"widget\" data-widget_type=\"heading.default\">\n\t\t\t\t<div class=\"elementor-widget-container\">\n\t\t\t\t\t<h2 class=\"elementor-heading-title elementor-size-default\">Sesja og\u00f3lna<\/h2>\t\t\t\t<\/div>\n\t\t\t\t<\/div>\n\t\t\t\t\t<\/div>\n\t\t<\/div>\n\t\t\t\t\t<\/div>\n\t\t<\/section>\n\t\t\t\t<\/div>\n\t\t","protected":false},"excerpt":{"rendered":"<p>Program Kobiety w nauce 2025 11:30-11:45 Otwarcie konferencjidr hab. in\u017c. Marta Gmurek, Zast\u0119pczyni Przewodnicz\u0105cego AMUdr Jacek Kolanowski, Przewodnicz\u0105cy AMUprof. Stanis\u0142aw Jerzy Czuczwar, Wiceprezes PAN 11:45-12:15 Socjologiadr Agata Zysiak 12:20-12:50 Nauki rolniczedr hab. Ma\u0142gorzata Nowacka 12:55-13:25 Automatyka, elektronika i elektrotechnikadr hab. in\u017c. Monika Kwoka 13:30-14:00 Informatyka w medycyniedr hab. Anna Fabija\u0144ska 14:05-14:20 Przerwa 14:20-16:00 Dyskusje z [&hellip;]<\/p>\n","protected":false},"author":19,"featured_media":0,"parent":0,"menu_order":0,"comment_status":"closed","ping_status":"closed","template":"elementor_canvas","meta":{"_monsterinsights_skip_tracking":false,"_monsterinsights_sitenote_active":false,"_monsterinsights_sitenote_note":"","_monsterinsights_sitenote_category":0,"footnotes":""},"class_list":["post-2138","page","type-page","status-publish","hentry"],"yoast_head":"<!-- This site is optimized with the Yoast SEO plugin v25.0 - https:\/\/yoast.com\/wordpress\/plugins\/seo\/ -->\n<title>Program 2025 - Zosta\u0144 badaczk\u0105!<\/title>\n<meta name=\"robots\" content=\"index, follow, max-snippet:-1, max-image-preview:large, max-video-preview:-1\" \/>\n<link rel=\"canonical\" href=\"https:\/\/amu.pan.pl\/badaczka\/program-2025\/\" \/>\n<meta property=\"og:locale\" content=\"pl_PL\" \/>\n<meta property=\"og:type\" content=\"article\" \/>\n<meta property=\"og:title\" content=\"Program 2025 - Zosta\u0144 badaczk\u0105!\" \/>\n<meta property=\"og:description\" content=\"Program Kobiety w nauce 2025 11:30-11:45 Otwarcie konferencjidr hab. in\u017c. Marta Gmurek, Zast\u0119pczyni Przewodnicz\u0105cego AMUdr Jacek Kolanowski, Przewodnicz\u0105cy AMUprof. Stanis\u0142aw Jerzy Czuczwar, Wiceprezes PAN 11:45-12:15 Socjologiadr Agata Zysiak 12:20-12:50 Nauki rolniczedr hab. Ma\u0142gorzata Nowacka 12:55-13:25 Automatyka, elektronika i elektrotechnikadr hab. in\u017c. Monika Kwoka 13:30-14:00 Informatyka w medycyniedr hab. Anna Fabija\u0144ska 14:05-14:20 Przerwa 14:20-16:00 Dyskusje z [&hellip;]\" \/>\n<meta property=\"og:url\" content=\"https:\/\/amu.pan.pl\/badaczka\/program-2025\/\" \/>\n<meta property=\"og:site_name\" content=\"Zosta\u0144 badaczk\u0105!\" \/>\n<meta property=\"article:modified_time\" content=\"2026-04-29T14:06:12+00:00\" \/>\n<meta property=\"og:image\" content=\"https:\/\/amu.pan.pl\/badaczka\/wp-content\/uploads\/sites\/2\/2022\/01\/Screenshot_20220118_144240.png\" \/>\n\t<meta property=\"og:image:width\" content=\"1465\" \/>\n\t<meta property=\"og:image:height\" content=\"773\" \/>\n\t<meta property=\"og:image:type\" content=\"image\/png\" \/>\n<meta name=\"twitter:card\" content=\"summary_large_image\" \/>\n<meta name=\"twitter:label1\" content=\"Szacowany czas czytania\" \/>\n\t<meta name=\"twitter:data1\" content=\"1 minuta\" \/>\n<script type=\"application\/ld+json\" class=\"yoast-schema-graph\">{\"@context\":\"https:\/\/schema.org\",\"@graph\":[{\"@type\":\"WebPage\",\"@id\":\"https:\/\/amu.pan.pl\/badaczka\/program-2025\/\",\"url\":\"https:\/\/amu.pan.pl\/badaczka\/program-2025\/\",\"name\":\"Program 2025 - Zosta\u0144 badaczk\u0105!\",\"isPartOf\":{\"@id\":\"https:\/\/amu.pan.pl\/badaczka\/#website\"},\"datePublished\":\"2026-04-23T13:07:32+00:00\",\"dateModified\":\"2026-04-29T14:06:12+00:00\",\"breadcrumb\":{\"@id\":\"https:\/\/amu.pan.pl\/badaczka\/program-2025\/#breadcrumb\"},\"inLanguage\":\"pl-PL\",\"potentialAction\":[{\"@type\":\"ReadAction\",\"target\":[\"https:\/\/amu.pan.pl\/badaczka\/program-2025\/\"]}]},{\"@type\":\"BreadcrumbList\",\"@id\":\"https:\/\/amu.pan.pl\/badaczka\/program-2025\/#breadcrumb\",\"itemListElement\":[{\"@type\":\"ListItem\",\"position\":1,\"name\":\"Strona g\u0142\u00f3wna\",\"item\":\"https:\/\/amu.pan.pl\/badaczka\/\"},{\"@type\":\"ListItem\",\"position\":2,\"name\":\"Program 2025\"}]},{\"@type\":\"WebSite\",\"@id\":\"https:\/\/amu.pan.pl\/badaczka\/#website\",\"url\":\"https:\/\/amu.pan.pl\/badaczka\/\",\"name\":\"Zosta\u0144 badaczk\u0105!\",\"description\":\"Kobiety w nauce\",\"publisher\":{\"@id\":\"https:\/\/amu.pan.pl\/badaczka\/#organization\"},\"potentialAction\":[{\"@type\":\"SearchAction\",\"target\":{\"@type\":\"EntryPoint\",\"urlTemplate\":\"https:\/\/amu.pan.pl\/badaczka\/?s={search_term_string}\"},\"query-input\":{\"@type\":\"PropertyValueSpecification\",\"valueRequired\":true,\"valueName\":\"search_term_string\"}}],\"inLanguage\":\"pl-PL\"},{\"@type\":\"Organization\",\"@id\":\"https:\/\/amu.pan.pl\/badaczka\/#organization\",\"name\":\"Zosta\u0144 badaczk\u0105!\",\"url\":\"https:\/\/amu.pan.pl\/badaczka\/\",\"logo\":{\"@type\":\"ImageObject\",\"inLanguage\":\"pl-PL\",\"@id\":\"https:\/\/amu.pan.pl\/badaczka\/#\/schema\/logo\/image\/\",\"url\":\"https:\/\/amu.pan.pl\/badaczka\/wp-content\/uploads\/sites\/2\/2020\/11\/AMU_logo_mini.png\",\"contentUrl\":\"https:\/\/amu.pan.pl\/badaczka\/wp-content\/uploads\/sites\/2\/2020\/11\/AMU_logo_mini.png\",\"width\":150,\"height\":85,\"caption\":\"Zosta\u0144 badaczk\u0105!\"},\"image\":{\"@id\":\"https:\/\/amu.pan.pl\/badaczka\/#\/schema\/logo\/image\/\"}}]}<\/script>\n<!-- \/ Yoast SEO plugin. -->","yoast_head_json":{"title":"Program 2025 - Zosta\u0144 badaczk\u0105!","robots":{"index":"index","follow":"follow","max-snippet":"max-snippet:-1","max-image-preview":"max-image-preview:large","max-video-preview":"max-video-preview:-1"},"canonical":"https:\/\/amu.pan.pl\/badaczka\/program-2025\/","og_locale":"pl_PL","og_type":"article","og_title":"Program 2025 - Zosta\u0144 badaczk\u0105!","og_description":"Program Kobiety w nauce 2025 11:30-11:45 Otwarcie konferencjidr hab. in\u017c. Marta Gmurek, Zast\u0119pczyni Przewodnicz\u0105cego AMUdr Jacek Kolanowski, Przewodnicz\u0105cy AMUprof. Stanis\u0142aw Jerzy Czuczwar, Wiceprezes PAN 11:45-12:15 Socjologiadr Agata Zysiak 12:20-12:50 Nauki rolniczedr hab. Ma\u0142gorzata Nowacka 12:55-13:25 Automatyka, elektronika i elektrotechnikadr hab. in\u017c. Monika Kwoka 13:30-14:00 Informatyka w medycyniedr hab. Anna Fabija\u0144ska 14:05-14:20 Przerwa 14:20-16:00 Dyskusje z [&hellip;]","og_url":"https:\/\/amu.pan.pl\/badaczka\/program-2025\/","og_site_name":"Zosta\u0144 badaczk\u0105!","article_modified_time":"2026-04-29T14:06:12+00:00","og_image":[{"width":1465,"height":773,"url":"https:\/\/amu.pan.pl\/badaczka\/wp-content\/uploads\/sites\/2\/2022\/01\/Screenshot_20220118_144240.png","type":"image\/png"}],"twitter_card":"summary_large_image","twitter_misc":{"Szacowany czas czytania":"1 minuta"},"schema":{"@context":"https:\/\/schema.org","@graph":[{"@type":"WebPage","@id":"https:\/\/amu.pan.pl\/badaczka\/program-2025\/","url":"https:\/\/amu.pan.pl\/badaczka\/program-2025\/","name":"Program 2025 - Zosta\u0144 badaczk\u0105!","isPartOf":{"@id":"https:\/\/amu.pan.pl\/badaczka\/#website"},"datePublished":"2026-04-23T13:07:32+00:00","dateModified":"2026-04-29T14:06:12+00:00","breadcrumb":{"@id":"https:\/\/amu.pan.pl\/badaczka\/program-2025\/#breadcrumb"},"inLanguage":"pl-PL","potentialAction":[{"@type":"ReadAction","target":["https:\/\/amu.pan.pl\/badaczka\/program-2025\/"]}]},{"@type":"BreadcrumbList","@id":"https:\/\/amu.pan.pl\/badaczka\/program-2025\/#breadcrumb","itemListElement":[{"@type":"ListItem","position":1,"name":"Strona g\u0142\u00f3wna","item":"https:\/\/amu.pan.pl\/badaczka\/"},{"@type":"ListItem","position":2,"name":"Program 2025"}]},{"@type":"WebSite","@id":"https:\/\/amu.pan.pl\/badaczka\/#website","url":"https:\/\/amu.pan.pl\/badaczka\/","name":"Zosta\u0144 badaczk\u0105!","description":"Kobiety w nauce","publisher":{"@id":"https:\/\/amu.pan.pl\/badaczka\/#organization"},"potentialAction":[{"@type":"SearchAction","target":{"@type":"EntryPoint","urlTemplate":"https:\/\/amu.pan.pl\/badaczka\/?s={search_term_string}"},"query-input":{"@type":"PropertyValueSpecification","valueRequired":true,"valueName":"search_term_string"}}],"inLanguage":"pl-PL"},{"@type":"Organization","@id":"https:\/\/amu.pan.pl\/badaczka\/#organization","name":"Zosta\u0144 badaczk\u0105!","url":"https:\/\/amu.pan.pl\/badaczka\/","logo":{"@type":"ImageObject","inLanguage":"pl-PL","@id":"https:\/\/amu.pan.pl\/badaczka\/#\/schema\/logo\/image\/","url":"https:\/\/amu.pan.pl\/badaczka\/wp-content\/uploads\/sites\/2\/2020\/11\/AMU_logo_mini.png","contentUrl":"https:\/\/amu.pan.pl\/badaczka\/wp-content\/uploads\/sites\/2\/2020\/11\/AMU_logo_mini.png","width":150,"height":85,"caption":"Zosta\u0144 badaczk\u0105!"},"image":{"@id":"https:\/\/amu.pan.pl\/badaczka\/#\/schema\/logo\/image\/"}}]}},"_links":{"self":[{"href":"https:\/\/amu.pan.pl\/badaczka\/wp-json\/wp\/v2\/pages\/2138","targetHints":{"allow":["GET"]}}],"collection":[{"href":"https:\/\/amu.pan.pl\/badaczka\/wp-json\/wp\/v2\/pages"}],"about":[{"href":"https:\/\/amu.pan.pl\/badaczka\/wp-json\/wp\/v2\/types\/page"}],"author":[{"embeddable":true,"href":"https:\/\/amu.pan.pl\/badaczka\/wp-json\/wp\/v2\/users\/19"}],"replies":[{"embeddable":true,"href":"https:\/\/amu.pan.pl\/badaczka\/wp-json\/wp\/v2\/comments?post=2138"}],"version-history":[{"count":22,"href":"https:\/\/amu.pan.pl\/badaczka\/wp-json\/wp\/v2\/pages\/2138\/revisions"}],"predecessor-version":[{"id":2930,"href":"https:\/\/amu.pan.pl\/badaczka\/wp-json\/wp\/v2\/pages\/2138\/revisions\/2930"}],"wp:attachment":[{"href":"https:\/\/amu.pan.pl\/badaczka\/wp-json\/wp\/v2\/media?parent=2138"}],"curies":[{"name":"wp","href":"https:\/\/api.w.org\/{rel}","templated":true}]}}