{"id":2756,"date":"2026-04-26T14:12:52","date_gmt":"2026-04-26T12:12:52","guid":{"rendered":"https:\/\/amu.pan.pl\/badaczka\/?page_id=2756"},"modified":"2026-04-26T14:50:22","modified_gmt":"2026-04-26T12:50:22","slug":"program-2019","status":"publish","type":"page","link":"https:\/\/amu.pan.pl\/badaczka\/edycja-2019\/program-2019\/","title":{"rendered":"Program"},"content":{"rendered":"\t\t<div data-elementor-type=\"wp-page\" data-elementor-id=\"2756\" class=\"elementor elementor-2756\">\n\t\t\t\t\t\t<section class=\"elementor-section elementor-top-section elementor-element elementor-element-f5b7e7b baner elementor-section-boxed elementor-section-height-default elementor-section-height-default\" data-id=\"f5b7e7b\" data-element_type=\"section\" data-settings=\"{&quot;background_background&quot;:&quot;classic&quot;}\">\n\t\t\t\t\t\t\t<div class=\"elementor-background-overlay\"><\/div>\n\t\t\t\t\t\t\t<div class=\"elementor-container elementor-column-gap-default\">\n\t\t\t\t\t<div class=\"elementor-column elementor-col-100 elementor-top-column elementor-element elementor-element-5eb58cb\" data-id=\"5eb58cb\" data-element_type=\"column\">\n\t\t\t<div class=\"elementor-widget-wrap elementor-element-populated\">\n\t\t\t\t\t\t<div class=\"elementor-element elementor-element-d1e36fa elementor-widget-tablet__width-initial elementor-widget elementor-widget-heading\" data-id=\"d1e36fa\" data-element_type=\"widget\" data-settings=\"{&quot;_animation&quot;:&quot;none&quot;}\" data-widget_type=\"heading.default\">\n\t\t\t\t<div class=\"elementor-widget-container\">\n\t\t\t\t\t<h2 class=\"elementor-heading-title elementor-size-default\">Program<\/h2>\t\t\t\t<\/div>\n\t\t\t\t<\/div>\n\t\t\t\t<div class=\"elementor-element elementor-element-77c4967 elementor-widget elementor-widget-heading\" data-id=\"77c4967\" data-element_type=\"widget\" data-widget_type=\"heading.default\">\n\t\t\t\t<div class=\"elementor-widget-container\">\n\t\t\t\t\t<h3 class=\"elementor-heading-title elementor-size-default\">Kobiety w nauce 2019<\/h3>\t\t\t\t<\/div>\n\t\t\t\t<\/div>\n\t\t\t\t\t<\/div>\n\t\t<\/div>\n\t\t\t\t\t<\/div>\n\t\t<\/section>\n\t\t\t\t<section class=\"elementor-section elementor-top-section elementor-element elementor-element-410d8f6 elementor-section-boxed elementor-section-height-default elementor-section-height-default\" data-id=\"410d8f6\" data-element_type=\"section\">\n\t\t\t\t\t\t<div class=\"elementor-container elementor-column-gap-default\">\n\t\t\t\t\t<div class=\"elementor-column elementor-col-100 elementor-top-column elementor-element elementor-element-5046283\" data-id=\"5046283\" data-element_type=\"column\">\n\t\t\t<div class=\"elementor-widget-wrap elementor-element-populated\">\n\t\t\t\t\t\t<div class=\"elementor-element elementor-element-bb98fc9 tabelka-program elementor-widget elementor-widget-text-editor\" data-id=\"bb98fc9\" data-element_type=\"widget\" data-widget_type=\"text-editor.default\">\n\t\t\t\t<div class=\"elementor-widget-container\">\n\t\t\t\t\t\t\t\t\t<table><tbody><tr><td>10:30-11:15<\/td><td><strong>Rejestracja<\/strong><\/td><\/tr><tr><td>11:15-11:30<\/td><td><strong>Otwarcie konferencji:<\/strong> <br \/>dr hab. Anna Ajduk, Przewodnicz\u0105ca AMU <br \/>prof. Stanis\u0142aw Jerzy Czuczwar, Wiceprezes PAN<\/td><\/tr><tr><td>11:30-12:00<\/td><td><strong>Joanna Su\u0142kowska<\/strong> <br \/>nauki matematyczno-przyrodnicze<\/td><\/tr><tr><td>12:00-12:30<\/td><td><strong>Anna Bro\u017cek<\/strong> <br \/>nauki humanistyczne<\/td><\/tr><tr><td>12:30-13:00<\/td><td><strong>Monika Kwoka<\/strong> <br \/>nauki techniczne<\/td><\/tr><tr><td>13:00-13:30<\/td><td><strong>Przerwa (lunch)<\/strong><\/td><\/tr><tr><td>13:30-15:00<\/td><td>Dyskusje z przedstawicielkami r\u00f3\u017cnych dyscyplin naukowych<\/td><\/tr><tr><td>Stolik 1<\/td><td>nauki bio-medyczne: <strong>Maria G\u00f3rna i Magdalena Winiarska<\/strong><\/td><\/tr><tr><td>Stolik 2<\/td><td>nauki o \u015brodowisku: <strong>Monika K\u0119dra i Agnieszka Kloch<\/strong><\/td><\/tr><tr><td>Stolik 3<\/td><td>nauki \u015bcis\u0142e: <strong>Magdalena Osial i Joanna Su\u0142kowska<\/strong><\/td><\/tr><tr><td>Stolik 4<\/td><td>nauki techniczne: <strong>Monika Kwoka i Katarzyna Matras-Posto\u0142ek<\/strong><\/td><\/tr><tr><td>Stolik 5<\/td><td>nauki humanistyczne: <strong>Anna Bro\u017cek i Nicole Do\u0142owy-Rybi\u0144ska<\/strong><\/td><\/tr><tr><td>Stolik 6<\/td><td>nauki spo\u0142eczne: <strong>Dominika Latusek i Agnieszka D\u0119bska<\/strong><\/td><\/tr><\/tbody><\/table>\t\t\t\t\t\t\t\t<\/div>\n\t\t\t\t<\/div>\n\t\t\t\t\t<\/div>\n\t\t<\/div>\n\t\t\t\t\t<\/div>\n\t\t<\/section>\n\t\t\t\t<\/div>\n\t\t","protected":false},"excerpt":{"rendered":"<p>Program Kobiety w nauce 2019 10:30-11:15 Rejestracja 11:15-11:30 Otwarcie konferencji: dr hab. Anna Ajduk, Przewodnicz\u0105ca AMU prof. Stanis\u0142aw Jerzy Czuczwar, Wiceprezes PAN 11:30-12:00 Joanna Su\u0142kowska nauki matematyczno-przyrodnicze 12:00-12:30 Anna Bro\u017cek nauki humanistyczne 12:30-13:00 Monika Kwoka nauki techniczne 13:00-13:30 Przerwa (lunch) 13:30-15:00 Dyskusje z przedstawicielkami r\u00f3\u017cnych dyscyplin naukowych Stolik 1 nauki bio-medyczne: Maria G\u00f3rna i Magdalena [&hellip;]<\/p>\n","protected":false},"author":19,"featured_media":0,"parent":2746,"menu_order":0,"comment_status":"closed","ping_status":"closed","template":"elementor_canvas","meta":{"_monsterinsights_skip_tracking":false,"_monsterinsights_sitenote_active":false,"_monsterinsights_sitenote_note":"","_monsterinsights_sitenote_category":0,"footnotes":""},"class_list":["post-2756","page","type-page","status-publish","hentry"],"yoast_head":"<!-- This site is optimized with the Yoast SEO plugin v25.0 - https:\/\/yoast.com\/wordpress\/plugins\/seo\/ -->\n<title>Program - Zosta\u0144 badaczk\u0105!<\/title>\n<meta name=\"robots\" content=\"index, follow, max-snippet:-1, max-image-preview:large, max-video-preview:-1\" \/>\n<link rel=\"canonical\" href=\"https:\/\/amu.pan.pl\/badaczka\/edycja-2019\/program-2019\/\" \/>\n<meta property=\"og:locale\" content=\"pl_PL\" \/>\n<meta property=\"og:type\" content=\"article\" \/>\n<meta property=\"og:title\" content=\"Program - Zosta\u0144 badaczk\u0105!\" \/>\n<meta property=\"og:description\" content=\"Program Kobiety w nauce 2019 10:30-11:15 Rejestracja 11:15-11:30 Otwarcie konferencji: dr hab. Anna Ajduk, Przewodnicz\u0105ca AMU prof. Stanis\u0142aw Jerzy Czuczwar, Wiceprezes PAN 11:30-12:00 Joanna Su\u0142kowska nauki matematyczno-przyrodnicze 12:00-12:30 Anna Bro\u017cek nauki humanistyczne 12:30-13:00 Monika Kwoka nauki techniczne 13:00-13:30 Przerwa (lunch) 13:30-15:00 Dyskusje z przedstawicielkami r\u00f3\u017cnych dyscyplin naukowych Stolik 1 nauki bio-medyczne: Maria G\u00f3rna i Magdalena [&hellip;]\" \/>\n<meta property=\"og:url\" content=\"https:\/\/amu.pan.pl\/badaczka\/edycja-2019\/program-2019\/\" \/>\n<meta property=\"og:site_name\" content=\"Zosta\u0144 badaczk\u0105!\" \/>\n<meta property=\"article:modified_time\" content=\"2026-04-26T12:50:22+00:00\" \/>\n<meta property=\"og:image\" content=\"https:\/\/amu.pan.pl\/badaczka\/wp-content\/uploads\/sites\/2\/2022\/01\/Screenshot_20220118_144240.png\" \/>\n\t<meta property=\"og:image:width\" content=\"1465\" \/>\n\t<meta property=\"og:image:height\" content=\"773\" \/>\n\t<meta property=\"og:image:type\" content=\"image\/png\" \/>\n<meta name=\"twitter:card\" content=\"summary_large_image\" \/>\n<meta name=\"twitter:label1\" content=\"Szacowany czas czytania\" \/>\n\t<meta name=\"twitter:data1\" content=\"1 minuta\" \/>\n<script type=\"application\/ld+json\" class=\"yoast-schema-graph\">{\"@context\":\"https:\/\/schema.org\",\"@graph\":[{\"@type\":\"WebPage\",\"@id\":\"https:\/\/amu.pan.pl\/badaczka\/edycja-2019\/program-2019\/\",\"url\":\"https:\/\/amu.pan.pl\/badaczka\/edycja-2019\/program-2019\/\",\"name\":\"Program - Zosta\u0144 badaczk\u0105!\",\"isPartOf\":{\"@id\":\"https:\/\/amu.pan.pl\/badaczka\/#website\"},\"datePublished\":\"2026-04-26T12:12:52+00:00\",\"dateModified\":\"2026-04-26T12:50:22+00:00\",\"breadcrumb\":{\"@id\":\"https:\/\/amu.pan.pl\/badaczka\/edycja-2019\/program-2019\/#breadcrumb\"},\"inLanguage\":\"pl-PL\",\"potentialAction\":[{\"@type\":\"ReadAction\",\"target\":[\"https:\/\/amu.pan.pl\/badaczka\/edycja-2019\/program-2019\/\"]}]},{\"@type\":\"BreadcrumbList\",\"@id\":\"https:\/\/amu.pan.pl\/badaczka\/edycja-2019\/program-2019\/#breadcrumb\",\"itemListElement\":[{\"@type\":\"ListItem\",\"position\":1,\"name\":\"Strona g\u0142\u00f3wna\",\"item\":\"https:\/\/amu.pan.pl\/badaczka\/\"},{\"@type\":\"ListItem\",\"position\":2,\"name\":\"Edycja 2019\",\"item\":\"https:\/\/amu.pan.pl\/badaczka\/edycja-2019\/\"},{\"@type\":\"ListItem\",\"position\":3,\"name\":\"Program\"}]},{\"@type\":\"WebSite\",\"@id\":\"https:\/\/amu.pan.pl\/badaczka\/#website\",\"url\":\"https:\/\/amu.pan.pl\/badaczka\/\",\"name\":\"Zosta\u0144 badaczk\u0105!\",\"description\":\"Kobiety w nauce\",\"publisher\":{\"@id\":\"https:\/\/amu.pan.pl\/badaczka\/#organization\"},\"potentialAction\":[{\"@type\":\"SearchAction\",\"target\":{\"@type\":\"EntryPoint\",\"urlTemplate\":\"https:\/\/amu.pan.pl\/badaczka\/?s={search_term_string}\"},\"query-input\":{\"@type\":\"PropertyValueSpecification\",\"valueRequired\":true,\"valueName\":\"search_term_string\"}}],\"inLanguage\":\"pl-PL\"},{\"@type\":\"Organization\",\"@id\":\"https:\/\/amu.pan.pl\/badaczka\/#organization\",\"name\":\"Zosta\u0144 badaczk\u0105!\",\"url\":\"https:\/\/amu.pan.pl\/badaczka\/\",\"logo\":{\"@type\":\"ImageObject\",\"inLanguage\":\"pl-PL\",\"@id\":\"https:\/\/amu.pan.pl\/badaczka\/#\/schema\/logo\/image\/\",\"url\":\"https:\/\/amu.pan.pl\/badaczka\/wp-content\/uploads\/sites\/2\/2020\/11\/AMU_logo_mini.png\",\"contentUrl\":\"https:\/\/amu.pan.pl\/badaczka\/wp-content\/uploads\/sites\/2\/2020\/11\/AMU_logo_mini.png\",\"width\":150,\"height\":85,\"caption\":\"Zosta\u0144 badaczk\u0105!\"},\"image\":{\"@id\":\"https:\/\/amu.pan.pl\/badaczka\/#\/schema\/logo\/image\/\"}}]}<\/script>\n<!-- \/ Yoast SEO plugin. -->","yoast_head_json":{"title":"Program - Zosta\u0144 badaczk\u0105!","robots":{"index":"index","follow":"follow","max-snippet":"max-snippet:-1","max-image-preview":"max-image-preview:large","max-video-preview":"max-video-preview:-1"},"canonical":"https:\/\/amu.pan.pl\/badaczka\/edycja-2019\/program-2019\/","og_locale":"pl_PL","og_type":"article","og_title":"Program - Zosta\u0144 badaczk\u0105!","og_description":"Program Kobiety w nauce 2019 10:30-11:15 Rejestracja 11:15-11:30 Otwarcie konferencji: dr hab. Anna Ajduk, Przewodnicz\u0105ca AMU prof. Stanis\u0142aw Jerzy Czuczwar, Wiceprezes PAN 11:30-12:00 Joanna Su\u0142kowska nauki matematyczno-przyrodnicze 12:00-12:30 Anna Bro\u017cek nauki humanistyczne 12:30-13:00 Monika Kwoka nauki techniczne 13:00-13:30 Przerwa (lunch) 13:30-15:00 Dyskusje z przedstawicielkami r\u00f3\u017cnych dyscyplin naukowych Stolik 1 nauki bio-medyczne: Maria G\u00f3rna i Magdalena [&hellip;]","og_url":"https:\/\/amu.pan.pl\/badaczka\/edycja-2019\/program-2019\/","og_site_name":"Zosta\u0144 badaczk\u0105!","article_modified_time":"2026-04-26T12:50:22+00:00","og_image":[{"width":1465,"height":773,"url":"https:\/\/amu.pan.pl\/badaczka\/wp-content\/uploads\/sites\/2\/2022\/01\/Screenshot_20220118_144240.png","type":"image\/png"}],"twitter_card":"summary_large_image","twitter_misc":{"Szacowany czas czytania":"1 minuta"},"schema":{"@context":"https:\/\/schema.org","@graph":[{"@type":"WebPage","@id":"https:\/\/amu.pan.pl\/badaczka\/edycja-2019\/program-2019\/","url":"https:\/\/amu.pan.pl\/badaczka\/edycja-2019\/program-2019\/","name":"Program - Zosta\u0144 badaczk\u0105!","isPartOf":{"@id":"https:\/\/amu.pan.pl\/badaczka\/#website"},"datePublished":"2026-04-26T12:12:52+00:00","dateModified":"2026-04-26T12:50:22+00:00","breadcrumb":{"@id":"https:\/\/amu.pan.pl\/badaczka\/edycja-2019\/program-2019\/#breadcrumb"},"inLanguage":"pl-PL","potentialAction":[{"@type":"ReadAction","target":["https:\/\/amu.pan.pl\/badaczka\/edycja-2019\/program-2019\/"]}]},{"@type":"BreadcrumbList","@id":"https:\/\/amu.pan.pl\/badaczka\/edycja-2019\/program-2019\/#breadcrumb","itemListElement":[{"@type":"ListItem","position":1,"name":"Strona g\u0142\u00f3wna","item":"https:\/\/amu.pan.pl\/badaczka\/"},{"@type":"ListItem","position":2,"name":"Edycja 2019","item":"https:\/\/amu.pan.pl\/badaczka\/edycja-2019\/"},{"@type":"ListItem","position":3,"name":"Program"}]},{"@type":"WebSite","@id":"https:\/\/amu.pan.pl\/badaczka\/#website","url":"https:\/\/amu.pan.pl\/badaczka\/","name":"Zosta\u0144 badaczk\u0105!","description":"Kobiety w nauce","publisher":{"@id":"https:\/\/amu.pan.pl\/badaczka\/#organization"},"potentialAction":[{"@type":"SearchAction","target":{"@type":"EntryPoint","urlTemplate":"https:\/\/amu.pan.pl\/badaczka\/?s={search_term_string}"},"query-input":{"@type":"PropertyValueSpecification","valueRequired":true,"valueName":"search_term_string"}}],"inLanguage":"pl-PL"},{"@type":"Organization","@id":"https:\/\/amu.pan.pl\/badaczka\/#organization","name":"Zosta\u0144 badaczk\u0105!","url":"https:\/\/amu.pan.pl\/badaczka\/","logo":{"@type":"ImageObject","inLanguage":"pl-PL","@id":"https:\/\/amu.pan.pl\/badaczka\/#\/schema\/logo\/image\/","url":"https:\/\/amu.pan.pl\/badaczka\/wp-content\/uploads\/sites\/2\/2020\/11\/AMU_logo_mini.png","contentUrl":"https:\/\/amu.pan.pl\/badaczka\/wp-content\/uploads\/sites\/2\/2020\/11\/AMU_logo_mini.png","width":150,"height":85,"caption":"Zosta\u0144 badaczk\u0105!"},"image":{"@id":"https:\/\/amu.pan.pl\/badaczka\/#\/schema\/logo\/image\/"}}]}},"_links":{"self":[{"href":"https:\/\/amu.pan.pl\/badaczka\/wp-json\/wp\/v2\/pages\/2756","targetHints":{"allow":["GET"]}}],"collection":[{"href":"https:\/\/amu.pan.pl\/badaczka\/wp-json\/wp\/v2\/pages"}],"about":[{"href":"https:\/\/amu.pan.pl\/badaczka\/wp-json\/wp\/v2\/types\/page"}],"author":[{"embeddable":true,"href":"https:\/\/amu.pan.pl\/badaczka\/wp-json\/wp\/v2\/users\/19"}],"replies":[{"embeddable":true,"href":"https:\/\/amu.pan.pl\/badaczka\/wp-json\/wp\/v2\/comments?post=2756"}],"version-history":[{"count":7,"href":"https:\/\/amu.pan.pl\/badaczka\/wp-json\/wp\/v2\/pages\/2756\/revisions"}],"predecessor-version":[{"id":2778,"href":"https:\/\/amu.pan.pl\/badaczka\/wp-json\/wp\/v2\/pages\/2756\/revisions\/2778"}],"up":[{"embeddable":true,"href":"https:\/\/amu.pan.pl\/badaczka\/wp-json\/wp\/v2\/pages\/2746"}],"wp:attachment":[{"href":"https:\/\/amu.pan.pl\/badaczka\/wp-json\/wp\/v2\/media?parent=2756"}],"curies":[{"name":"wp","href":"https:\/\/api.w.org\/{rel}","templated":true}]}}