{"id":352,"date":"2020-10-27T01:21:27","date_gmt":"2020-10-27T00:21:27","guid":{"rendered":"https:\/\/amu.pan.pl\/badaczka\/?page_id=352"},"modified":"2020-10-27T01:21:27","modified_gmt":"2020-10-27T00:21:27","slug":"autorzy","status":"publish","type":"page","link":"https:\/\/amu.pan.pl\/badaczka\/edycja-2019\/autorzy\/","title":{"rendered":"Autorzy"},"content":{"rendered":"<p><strong><em><img decoding=\"async\" class=\"alignnone size-full wp-image-155\" style=\"padding: 5px;float: left\" src=\"http:\/\/amu.pan.pl\/amu_old\/kobietywnauce\/wp-content\/uploads\/2019\/01\/Beata-Ma\u0142achowska_200.jpg\" alt=\"\" width=\"133\" height=\"200\" \/>lek. Beata Ma\u0142achowska &#8211; <\/em><\/strong>doktorantka w Zak\u0142adzie Biostatystyki i Medycyny Translacyjnej i absolwentka Wydzia\u0142u Lekarskiego Uniwersytetu Medycznego w \u0141odzi (2014). W swojej pracy doktorskiej zajmuje si\u0119 wykorzystaniem metabolomiki w badaniach nad cukrzyc\u0105 u dzieci. Poza tym uczestniczy\u0142a tak\u017ce w projektach z zakresu onkologii, astmy i alergologii, anestezjologii czy te\u017c neonatologii. W pracy naukowej wykorzystuje zaawansowane techniki biostatystyczne, data miningowe oraz bioinformatyczne narz\u0119dzia do obr\u00f3bki danych, a tak\u017ce szerok\u0105 wiedz\u0119 z biologii molekularnej i bada\u0144 wielkoskalowych. Wsp\u00f3\u0142autorka ponad 30 publikacji naukowych, kierownik grantu Polskiego Towarzystwa Diabetologicznego i Preludium (Narodowe Centrum Nauki). Odby\u0142a sta\u017ce mi\u0119dzynarodowe m.in. na Universidad Aut\u00f3noma de Nuevo Le\u00f3n (Monterrey, Meksyk), Universitair Medisch Centrum Groningen (Groningen, Holandia), Mahidol University (Bangkok, Tajlandia), Miyazaki University (Miyazaki, Japan). Obecnie wsp\u00f3\u0142pracuje naukowo z Dana-Farbder Cancer Institute, Harvard Medical School (Boston, USA). Laureatka licznych nagr\u00f3d i stypendi\u00f3w naukowych w tym og\u00f3lnopolskiego konkursu na najlepszego studenta w Polsce &#8211; Studencki Nobel &#8211; w dziedzinie nauk medycznych i nauk o \u017cyciu. Laureatka programu L\u2019Oreal dla Kobiet i Nauki 2018.<\/p>\n<p><strong><em>lek. Konrad Stawiski<\/em><\/strong> &#8211; doktorant i lekarz-rezydent radioterapii onkologicznej. Absolwent Uniwersytetu Medycznego w \u0141odzi, ale tak\u017ce Pa\u0144stwowej Szko\u0142y Muzycznej w \u017baganiu. Jego g\u0142\u00f3wne zainteresowania skupiaj\u0105 si\u0119 wok\u00f3\u0142 analizy danych, nauczania maszynowego (data-mining), przetwarzania obrazu, bioinformatyki i rozwoju oprogramowania medycznego.<\/p>\n<p>Kierownik grantu \u201eGeneracja Przysz\u0142o\u015bci\u201d Ministerstwa Nauki i Szkolnictwa Wy\u017cszego, a tak\u017ce od 2019 roku kierownik grantu Preludium Narodowego Centrum Nauki. Odby\u0142 sta\u017ce naukowe i kliniczne m.in. na Uniwersytecie w Cambridge (Cambridge, UK), SUNY Upstate Medical University (Syracuse, NY, USA), Uniwersytecie w Southampton (Southampton, UK) oraz Uniwersytecie w Kuwejcie (Kuwejt, Kuwejt). Obecnie wsp\u00f3\u0142pracuje naukowo z Dana-Farbder Cancer Institute, Harvard Medical School (Boston, USA). W trakcie studi\u00f3w by\u0142 wielokrotnie nagradzany za swoj\u0105 aktywno\u015b\u0107 naukow\u0105. Zosta\u0142 m.in. dwukrotnie laureatem stypendium Ministra Nauki i Szkolnictwa Wy\u017cszego, laureatem stypendium I stopnia Marsza\u0142ka Wojew\u00f3dztwa \u0141\u00f3dzkiego, pi\u0119ciokrotnym laureatem Stypendium Rektora UM w \u0141odzi dla najlepszych student\u00f3w, otrzyma\u0142 wyr\u00f3\u017cnienie w og\u00f3lnopolskim konkursie \u201eStudencki Nobel\u201d oraz tytu\u0142 polskiego \u201eAbsolwenta Roku 2016\u201d.<\/p>\n<p>&nbsp;<\/p>\n","protected":false},"excerpt":{"rendered":"<p>lek. Beata Ma\u0142achowska &#8211; doktorantka w Zak\u0142adzie Biostatystyki i Medycyny Translacyjnej i absolwentka Wydzia\u0142u Lekarskiego Uniwersytetu Medycznego w \u0141odzi (2014). W swojej pracy doktorskiej zajmuje si\u0119 wykorzystaniem metabolomiki w badaniach nad cukrzyc\u0105 u dzieci. Poza tym uczestniczy\u0142a tak\u017ce w projektach z zakresu onkologii, astmy i alergologii, anestezjologii czy te\u017c neonatologii. W pracy naukowej wykorzystuje zaawansowane [&hellip;]<\/p>\n","protected":false},"author":2,"featured_media":0,"parent":369,"menu_order":0,"comment_status":"closed","ping_status":"closed","template":"","meta":{"_monsterinsights_skip_tracking":false,"_monsterinsights_sitenote_active":false,"_monsterinsights_sitenote_note":"","_monsterinsights_sitenote_category":0,"footnotes":""},"class_list":["post-352","page","type-page","status-publish","hentry"],"yoast_head":"<!-- This site is optimized with the Yoast SEO plugin v25.0 - https:\/\/yoast.com\/wordpress\/plugins\/seo\/ -->\n<title>Autorzy - Zosta\u0144 badaczk\u0105!<\/title>\n<meta name=\"robots\" content=\"index, follow, max-snippet:-1, max-image-preview:large, max-video-preview:-1\" \/>\n<link rel=\"canonical\" href=\"https:\/\/amu.pan.pl\/badaczka\/edycja-2019\/autorzy\/\" \/>\n<meta property=\"og:locale\" content=\"pl_PL\" \/>\n<meta property=\"og:type\" content=\"article\" \/>\n<meta property=\"og:title\" content=\"Autorzy - Zosta\u0144 badaczk\u0105!\" \/>\n<meta property=\"og:description\" content=\"lek. Beata Ma\u0142achowska &#8211; doktorantka w Zak\u0142adzie Biostatystyki i Medycyny Translacyjnej i absolwentka Wydzia\u0142u Lekarskiego Uniwersytetu Medycznego w \u0141odzi (2014). W swojej pracy doktorskiej zajmuje si\u0119 wykorzystaniem metabolomiki w badaniach nad cukrzyc\u0105 u dzieci. Poza tym uczestniczy\u0142a tak\u017ce w projektach z zakresu onkologii, astmy i alergologii, anestezjologii czy te\u017c neonatologii. W pracy naukowej wykorzystuje zaawansowane [&hellip;]\" \/>\n<meta property=\"og:url\" content=\"https:\/\/amu.pan.pl\/badaczka\/edycja-2019\/autorzy\/\" \/>\n<meta property=\"og:site_name\" content=\"Zosta\u0144 badaczk\u0105!\" \/>\n<meta property=\"og:image\" content=\"https:\/\/amu.pan.pl\/badaczka\/wp-content\/uploads\/sites\/2\/2022\/01\/Screenshot_20220118_144240.png\" \/>\n\t<meta property=\"og:image:width\" content=\"1465\" \/>\n\t<meta property=\"og:image:height\" content=\"773\" \/>\n\t<meta property=\"og:image:type\" content=\"image\/png\" \/>\n<meta name=\"twitter:card\" content=\"summary_large_image\" \/>\n<meta name=\"twitter:label1\" content=\"Szacowany czas czytania\" \/>\n\t<meta name=\"twitter:data1\" content=\"2 minuty\" \/>\n<script type=\"application\/ld+json\" class=\"yoast-schema-graph\">{\"@context\":\"https:\/\/schema.org\",\"@graph\":[{\"@type\":\"WebPage\",\"@id\":\"https:\/\/amu.pan.pl\/badaczka\/en\/edycja-2019\/autorzy\/\",\"url\":\"https:\/\/amu.pan.pl\/badaczka\/en\/edycja-2019\/autorzy\/\",\"name\":\"Autorzy - Zosta\u0144 badaczk\u0105!\",\"isPartOf\":{\"@id\":\"https:\/\/amu.pan.pl\/badaczka\/#website\"},\"datePublished\":\"2020-10-27T00:21:27+00:00\",\"breadcrumb\":{\"@id\":\"https:\/\/amu.pan.pl\/badaczka\/en\/edycja-2019\/autorzy\/#breadcrumb\"},\"inLanguage\":\"pl-PL\",\"potentialAction\":[{\"@type\":\"ReadAction\",\"target\":[\"https:\/\/amu.pan.pl\/badaczka\/en\/edycja-2019\/autorzy\/\"]}]},{\"@type\":\"BreadcrumbList\",\"@id\":\"https:\/\/amu.pan.pl\/badaczka\/en\/edycja-2019\/autorzy\/#breadcrumb\",\"itemListElement\":[{\"@type\":\"ListItem\",\"position\":1,\"name\":\"Strona g\u0142\u00f3wna\",\"item\":\"https:\/\/amu.pan.pl\/badaczka\/\"},{\"@type\":\"ListItem\",\"position\":2,\"name\":\"Edycja 2019\",\"item\":\"https:\/\/amu.pan.pl\/badaczka\/edycja-2019\/\"},{\"@type\":\"ListItem\",\"position\":3,\"name\":\"Autorzy\"}]},{\"@type\":\"WebSite\",\"@id\":\"https:\/\/amu.pan.pl\/badaczka\/#website\",\"url\":\"https:\/\/amu.pan.pl\/badaczka\/\",\"name\":\"Zosta\u0144 badaczk\u0105!\",\"description\":\"Kobiety w nauce\",\"publisher\":{\"@id\":\"https:\/\/amu.pan.pl\/badaczka\/#organization\"},\"potentialAction\":[{\"@type\":\"SearchAction\",\"target\":{\"@type\":\"EntryPoint\",\"urlTemplate\":\"https:\/\/amu.pan.pl\/badaczka\/?s={search_term_string}\"},\"query-input\":{\"@type\":\"PropertyValueSpecification\",\"valueRequired\":true,\"valueName\":\"search_term_string\"}}],\"inLanguage\":\"pl-PL\"},{\"@type\":\"Organization\",\"@id\":\"https:\/\/amu.pan.pl\/badaczka\/#organization\",\"name\":\"Zosta\u0144 badaczk\u0105!\",\"url\":\"https:\/\/amu.pan.pl\/badaczka\/\",\"logo\":{\"@type\":\"ImageObject\",\"inLanguage\":\"pl-PL\",\"@id\":\"https:\/\/amu.pan.pl\/badaczka\/#\/schema\/logo\/image\/\",\"url\":\"https:\/\/amu.pan.pl\/badaczka\/wp-content\/uploads\/sites\/2\/2020\/11\/AMU_logo_mini.png\",\"contentUrl\":\"https:\/\/amu.pan.pl\/badaczka\/wp-content\/uploads\/sites\/2\/2020\/11\/AMU_logo_mini.png\",\"width\":150,\"height\":85,\"caption\":\"Zosta\u0144 badaczk\u0105!\"},\"image\":{\"@id\":\"https:\/\/amu.pan.pl\/badaczka\/#\/schema\/logo\/image\/\"}}]}<\/script>\n<!-- \/ Yoast SEO plugin. -->","yoast_head_json":{"title":"Autorzy - Zosta\u0144 badaczk\u0105!","robots":{"index":"index","follow":"follow","max-snippet":"max-snippet:-1","max-image-preview":"max-image-preview:large","max-video-preview":"max-video-preview:-1"},"canonical":"https:\/\/amu.pan.pl\/badaczka\/edycja-2019\/autorzy\/","og_locale":"pl_PL","og_type":"article","og_title":"Autorzy - Zosta\u0144 badaczk\u0105!","og_description":"lek. Beata Ma\u0142achowska &#8211; doktorantka w Zak\u0142adzie Biostatystyki i Medycyny Translacyjnej i absolwentka Wydzia\u0142u Lekarskiego Uniwersytetu Medycznego w \u0141odzi (2014). W swojej pracy doktorskiej zajmuje si\u0119 wykorzystaniem metabolomiki w badaniach nad cukrzyc\u0105 u dzieci. Poza tym uczestniczy\u0142a tak\u017ce w projektach z zakresu onkologii, astmy i alergologii, anestezjologii czy te\u017c neonatologii. W pracy naukowej wykorzystuje zaawansowane [&hellip;]","og_url":"https:\/\/amu.pan.pl\/badaczka\/edycja-2019\/autorzy\/","og_site_name":"Zosta\u0144 badaczk\u0105!","og_image":[{"width":1465,"height":773,"url":"https:\/\/amu.pan.pl\/badaczka\/wp-content\/uploads\/sites\/2\/2022\/01\/Screenshot_20220118_144240.png","type":"image\/png"}],"twitter_card":"summary_large_image","twitter_misc":{"Szacowany czas czytania":"2 minuty"},"schema":{"@context":"https:\/\/schema.org","@graph":[{"@type":"WebPage","@id":"https:\/\/amu.pan.pl\/badaczka\/en\/edycja-2019\/autorzy\/","url":"https:\/\/amu.pan.pl\/badaczka\/en\/edycja-2019\/autorzy\/","name":"Autorzy - Zosta\u0144 badaczk\u0105!","isPartOf":{"@id":"https:\/\/amu.pan.pl\/badaczka\/#website"},"datePublished":"2020-10-27T00:21:27+00:00","breadcrumb":{"@id":"https:\/\/amu.pan.pl\/badaczka\/en\/edycja-2019\/autorzy\/#breadcrumb"},"inLanguage":"pl-PL","potentialAction":[{"@type":"ReadAction","target":["https:\/\/amu.pan.pl\/badaczka\/en\/edycja-2019\/autorzy\/"]}]},{"@type":"BreadcrumbList","@id":"https:\/\/amu.pan.pl\/badaczka\/en\/edycja-2019\/autorzy\/#breadcrumb","itemListElement":[{"@type":"ListItem","position":1,"name":"Strona g\u0142\u00f3wna","item":"https:\/\/amu.pan.pl\/badaczka\/"},{"@type":"ListItem","position":2,"name":"Edycja 2019","item":"https:\/\/amu.pan.pl\/badaczka\/edycja-2019\/"},{"@type":"ListItem","position":3,"name":"Autorzy"}]},{"@type":"WebSite","@id":"https:\/\/amu.pan.pl\/badaczka\/#website","url":"https:\/\/amu.pan.pl\/badaczka\/","name":"Zosta\u0144 badaczk\u0105!","description":"Kobiety w nauce","publisher":{"@id":"https:\/\/amu.pan.pl\/badaczka\/#organization"},"potentialAction":[{"@type":"SearchAction","target":{"@type":"EntryPoint","urlTemplate":"https:\/\/amu.pan.pl\/badaczka\/?s={search_term_string}"},"query-input":{"@type":"PropertyValueSpecification","valueRequired":true,"valueName":"search_term_string"}}],"inLanguage":"pl-PL"},{"@type":"Organization","@id":"https:\/\/amu.pan.pl\/badaczka\/#organization","name":"Zosta\u0144 badaczk\u0105!","url":"https:\/\/amu.pan.pl\/badaczka\/","logo":{"@type":"ImageObject","inLanguage":"pl-PL","@id":"https:\/\/amu.pan.pl\/badaczka\/#\/schema\/logo\/image\/","url":"https:\/\/amu.pan.pl\/badaczka\/wp-content\/uploads\/sites\/2\/2020\/11\/AMU_logo_mini.png","contentUrl":"https:\/\/amu.pan.pl\/badaczka\/wp-content\/uploads\/sites\/2\/2020\/11\/AMU_logo_mini.png","width":150,"height":85,"caption":"Zosta\u0144 badaczk\u0105!"},"image":{"@id":"https:\/\/amu.pan.pl\/badaczka\/#\/schema\/logo\/image\/"}}]}},"_links":{"self":[{"href":"https:\/\/amu.pan.pl\/badaczka\/wp-json\/wp\/v2\/pages\/352","targetHints":{"allow":["GET"]}}],"collection":[{"href":"https:\/\/amu.pan.pl\/badaczka\/wp-json\/wp\/v2\/pages"}],"about":[{"href":"https:\/\/amu.pan.pl\/badaczka\/wp-json\/wp\/v2\/types\/page"}],"author":[{"embeddable":true,"href":"https:\/\/amu.pan.pl\/badaczka\/wp-json\/wp\/v2\/users\/2"}],"replies":[{"embeddable":true,"href":"https:\/\/amu.pan.pl\/badaczka\/wp-json\/wp\/v2\/comments?post=352"}],"version-history":[{"count":1,"href":"https:\/\/amu.pan.pl\/badaczka\/wp-json\/wp\/v2\/pages\/352\/revisions"}],"predecessor-version":[{"id":382,"href":"https:\/\/amu.pan.pl\/badaczka\/wp-json\/wp\/v2\/pages\/352\/revisions\/382"}],"up":[{"embeddable":true,"href":"https:\/\/amu.pan.pl\/badaczka\/wp-json\/wp\/v2\/pages\/369"}],"wp:attachment":[{"href":"https:\/\/amu.pan.pl\/badaczka\/wp-json\/wp\/v2\/media?parent=352"}],"curies":[{"name":"wp","href":"https:\/\/api.w.org\/{rel}","templated":true}]}}