{"id":529,"date":"2020-10-31T01:09:27","date_gmt":"2020-10-31T00:09:27","guid":{"rendered":"https:\/\/amu.pan.pl\/badaczka\/?page_id=529"},"modified":"2020-11-07T01:12:45","modified_gmt":"2020-11-07T00:12:45","slug":"o-cyklu","status":"publish","type":"page","link":"https:\/\/amu.pan.pl\/badaczka\/o-cyklu\/","title":{"rendered":"Zosta\u0144 badaczk\u0105. Kobiety w nauce"},"content":{"rendered":"\n<div class=\"wp-block-image\"><figure class=\"alignleft size-large is-resized\"><img decoding=\"async\" src=\"https:\/\/amu.pan.pl\/badaczka\/wp-content\/uploads\/sites\/2\/2020\/11\/AMU_logo_mini.png\" alt=\"\" class=\"wp-image-737\" width=\"296\" height=\"168\" srcset=\"https:\/\/amu.pan.pl\/badaczka\/wp-content\/uploads\/sites\/2\/2020\/11\/AMU_logo_mini.png 150w, https:\/\/amu.pan.pl\/badaczka\/wp-content\/uploads\/sites\/2\/2020\/11\/AMU_logo_mini-16x9.png 16w\" sizes=\"(max-width: 296px) 100vw, 296px\" \/><\/figure><\/div>\n\n\n\n<p>Mimo \u017ce kobiety stanowi\u0105 wi\u0119kszo\u015b\u0107 os\u00f3b studiuj\u0105cych w Polsce, to stosunkowo niewiele z nich wybiera karier\u0119 w nauce, zw\u0142aszcza w tzw. dziedzinach STEM (<em>science<\/em>, <em>technology<\/em>, <em>engineering<\/em>, <em>and<\/em> <em>mathematics<\/em>).<\/p>\n\n\n\n<p>By to zmieni\u0107, <a href=\"https:\/\/amu.pan.pl\">Akademia M\u0142odych Uczonych PAN<\/a> organizuje od 2019 r. cykl spotka\u0144 <em>Zosta\u0144 badaczk\u0105. Kobiety w nauce<\/em>, adresowany do uczennic szk\u00f3\u0142 ponadpodstawowych i studentek pierwszych lat studi\u00f3w. Chcemy Was przekona\u0107, \u017ce kariera naukowa daje mn\u00f3stwo satysfakcji i pozwala na ci\u0105g\u0142y rozw\u00f3j, ale i jest pe\u0142na wyzwa\u0144.<\/p>\n","protected":false},"excerpt":{"rendered":"<p>Mimo \u017ce kobiety stanowi\u0105 wi\u0119kszo\u015b\u0107 os\u00f3b studiuj\u0105cych w Polsce, to stosunkowo niewiele z nich wybiera karier\u0119 w nauce, zw\u0142aszcza w tzw. dziedzinach STEM (science, technology, engineering, and mathematics). By to zmieni\u0107, Akademia M\u0142odych Uczonych PAN organizuje od 2019 r. cykl spotka\u0144 Zosta\u0144 badaczk\u0105. Kobiety w nauce, adresowany do uczennic szk\u00f3\u0142 ponadpodstawowych i studentek pierwszych lat [&hellip;]<\/p>\n","protected":false},"author":2,"featured_media":0,"parent":0,"menu_order":0,"comment_status":"closed","ping_status":"closed","template":"","meta":{"_monsterinsights_skip_tracking":false,"_monsterinsights_sitenote_active":false,"_monsterinsights_sitenote_note":"","_monsterinsights_sitenote_category":0,"footnotes":""},"class_list":["post-529","page","type-page","status-publish","hentry"],"yoast_head":"<!-- This site is optimized with the Yoast SEO plugin v25.0 - https:\/\/yoast.com\/wordpress\/plugins\/seo\/ -->\n<title>Zosta\u0144 badaczk\u0105. Kobiety w nauce - Zosta\u0144 badaczk\u0105!<\/title>\n<meta name=\"robots\" content=\"index, follow, max-snippet:-1, max-image-preview:large, max-video-preview:-1\" \/>\n<link rel=\"canonical\" href=\"https:\/\/amu.pan.pl\/badaczka\/o-cyklu\/\" \/>\n<meta property=\"og:locale\" content=\"pl_PL\" \/>\n<meta property=\"og:type\" content=\"article\" \/>\n<meta property=\"og:title\" content=\"Zosta\u0144 badaczk\u0105. Kobiety w nauce - Zosta\u0144 badaczk\u0105!\" \/>\n<meta property=\"og:description\" content=\"Mimo \u017ce kobiety stanowi\u0105 wi\u0119kszo\u015b\u0107 os\u00f3b studiuj\u0105cych w Polsce, to stosunkowo niewiele z nich wybiera karier\u0119 w nauce, zw\u0142aszcza w tzw. dziedzinach STEM (science, technology, engineering, and mathematics). By to zmieni\u0107, Akademia M\u0142odych Uczonych PAN organizuje od 2019 r. cykl spotka\u0144 Zosta\u0144 badaczk\u0105. Kobiety w nauce, adresowany do uczennic szk\u00f3\u0142 ponadpodstawowych i studentek pierwszych lat [&hellip;]\" \/>\n<meta property=\"og:url\" content=\"https:\/\/amu.pan.pl\/badaczka\/o-cyklu\/\" \/>\n<meta property=\"og:site_name\" content=\"Zosta\u0144 badaczk\u0105!\" \/>\n<meta property=\"article:modified_time\" content=\"2020-11-07T00:12:45+00:00\" \/>\n<meta property=\"og:image\" content=\"https:\/\/amu.pan.pl\/badaczka\/wp-content\/uploads\/sites\/2\/2020\/11\/AMU_logo_mini.png\" \/>\n<meta name=\"twitter:card\" content=\"summary_large_image\" \/>\n<script type=\"application\/ld+json\" class=\"yoast-schema-graph\">{\"@context\":\"https:\/\/schema.org\",\"@graph\":[{\"@type\":\"WebPage\",\"@id\":\"https:\/\/amu.pan.pl\/badaczka\/o-cyklu\/\",\"url\":\"https:\/\/amu.pan.pl\/badaczka\/o-cyklu\/\",\"name\":\"Zosta\u0144 badaczk\u0105. Kobiety w nauce - Zosta\u0144 badaczk\u0105!\",\"isPartOf\":{\"@id\":\"https:\/\/amu.pan.pl\/badaczka\/#website\"},\"primaryImageOfPage\":{\"@id\":\"https:\/\/amu.pan.pl\/badaczka\/o-cyklu\/#primaryimage\"},\"image\":{\"@id\":\"https:\/\/amu.pan.pl\/badaczka\/o-cyklu\/#primaryimage\"},\"thumbnailUrl\":\"https:\/\/amu.pan.pl\/badaczka\/wp-content\/uploads\/sites\/2\/2020\/11\/AMU_logo_mini.png\",\"datePublished\":\"2020-10-31T00:09:27+00:00\",\"dateModified\":\"2020-11-07T00:12:45+00:00\",\"breadcrumb\":{\"@id\":\"https:\/\/amu.pan.pl\/badaczka\/o-cyklu\/#breadcrumb\"},\"inLanguage\":\"pl-PL\",\"potentialAction\":[{\"@type\":\"ReadAction\",\"target\":[\"https:\/\/amu.pan.pl\/badaczka\/o-cyklu\/\"]}]},{\"@type\":\"ImageObject\",\"inLanguage\":\"pl-PL\",\"@id\":\"https:\/\/amu.pan.pl\/badaczka\/o-cyklu\/#primaryimage\",\"url\":\"https:\/\/amu.pan.pl\/badaczka\/wp-content\/uploads\/sites\/2\/2020\/11\/AMU_logo_mini.png\",\"contentUrl\":\"https:\/\/amu.pan.pl\/badaczka\/wp-content\/uploads\/sites\/2\/2020\/11\/AMU_logo_mini.png\",\"width\":150,\"height\":85},{\"@type\":\"BreadcrumbList\",\"@id\":\"https:\/\/amu.pan.pl\/badaczka\/o-cyklu\/#breadcrumb\",\"itemListElement\":[{\"@type\":\"ListItem\",\"position\":1,\"name\":\"Strona g\u0142\u00f3wna\",\"item\":\"https:\/\/amu.pan.pl\/badaczka\/\"},{\"@type\":\"ListItem\",\"position\":2,\"name\":\"Zosta\u0144 badaczk\u0105. Kobiety w nauce\"}]},{\"@type\":\"WebSite\",\"@id\":\"https:\/\/amu.pan.pl\/badaczka\/#website\",\"url\":\"https:\/\/amu.pan.pl\/badaczka\/\",\"name\":\"Zosta\u0144 badaczk\u0105!\",\"description\":\"Kobiety w nauce\",\"publisher\":{\"@id\":\"https:\/\/amu.pan.pl\/badaczka\/#organization\"},\"potentialAction\":[{\"@type\":\"SearchAction\",\"target\":{\"@type\":\"EntryPoint\",\"urlTemplate\":\"https:\/\/amu.pan.pl\/badaczka\/?s={search_term_string}\"},\"query-input\":{\"@type\":\"PropertyValueSpecification\",\"valueRequired\":true,\"valueName\":\"search_term_string\"}}],\"inLanguage\":\"pl-PL\"},{\"@type\":\"Organization\",\"@id\":\"https:\/\/amu.pan.pl\/badaczka\/#organization\",\"name\":\"Zosta\u0144 badaczk\u0105!\",\"url\":\"https:\/\/amu.pan.pl\/badaczka\/\",\"logo\":{\"@type\":\"ImageObject\",\"inLanguage\":\"pl-PL\",\"@id\":\"https:\/\/amu.pan.pl\/badaczka\/#\/schema\/logo\/image\/\",\"url\":\"https:\/\/amu.pan.pl\/badaczka\/wp-content\/uploads\/sites\/2\/2020\/11\/AMU_logo_mini.png\",\"contentUrl\":\"https:\/\/amu.pan.pl\/badaczka\/wp-content\/uploads\/sites\/2\/2020\/11\/AMU_logo_mini.png\",\"width\":150,\"height\":85,\"caption\":\"Zosta\u0144 badaczk\u0105!\"},\"image\":{\"@id\":\"https:\/\/amu.pan.pl\/badaczka\/#\/schema\/logo\/image\/\"}}]}<\/script>\n<!-- \/ Yoast SEO plugin. -->","yoast_head_json":{"title":"Zosta\u0144 badaczk\u0105. Kobiety w nauce - Zosta\u0144 badaczk\u0105!","robots":{"index":"index","follow":"follow","max-snippet":"max-snippet:-1","max-image-preview":"max-image-preview:large","max-video-preview":"max-video-preview:-1"},"canonical":"https:\/\/amu.pan.pl\/badaczka\/o-cyklu\/","og_locale":"pl_PL","og_type":"article","og_title":"Zosta\u0144 badaczk\u0105. Kobiety w nauce - Zosta\u0144 badaczk\u0105!","og_description":"Mimo \u017ce kobiety stanowi\u0105 wi\u0119kszo\u015b\u0107 os\u00f3b studiuj\u0105cych w Polsce, to stosunkowo niewiele z nich wybiera karier\u0119 w nauce, zw\u0142aszcza w tzw. dziedzinach STEM (science, technology, engineering, and mathematics). By to zmieni\u0107, Akademia M\u0142odych Uczonych PAN organizuje od 2019 r. cykl spotka\u0144 Zosta\u0144 badaczk\u0105. Kobiety w nauce, adresowany do uczennic szk\u00f3\u0142 ponadpodstawowych i studentek pierwszych lat [&hellip;]","og_url":"https:\/\/amu.pan.pl\/badaczka\/o-cyklu\/","og_site_name":"Zosta\u0144 badaczk\u0105!","article_modified_time":"2020-11-07T00:12:45+00:00","og_image":[{"url":"https:\/\/amu.pan.pl\/badaczka\/wp-content\/uploads\/sites\/2\/2020\/11\/AMU_logo_mini.png","type":"","width":"","height":""}],"twitter_card":"summary_large_image","schema":{"@context":"https:\/\/schema.org","@graph":[{"@type":"WebPage","@id":"https:\/\/amu.pan.pl\/badaczka\/o-cyklu\/","url":"https:\/\/amu.pan.pl\/badaczka\/o-cyklu\/","name":"Zosta\u0144 badaczk\u0105. Kobiety w nauce - Zosta\u0144 badaczk\u0105!","isPartOf":{"@id":"https:\/\/amu.pan.pl\/badaczka\/#website"},"primaryImageOfPage":{"@id":"https:\/\/amu.pan.pl\/badaczka\/o-cyklu\/#primaryimage"},"image":{"@id":"https:\/\/amu.pan.pl\/badaczka\/o-cyklu\/#primaryimage"},"thumbnailUrl":"https:\/\/amu.pan.pl\/badaczka\/wp-content\/uploads\/sites\/2\/2020\/11\/AMU_logo_mini.png","datePublished":"2020-10-31T00:09:27+00:00","dateModified":"2020-11-07T00:12:45+00:00","breadcrumb":{"@id":"https:\/\/amu.pan.pl\/badaczka\/o-cyklu\/#breadcrumb"},"inLanguage":"pl-PL","potentialAction":[{"@type":"ReadAction","target":["https:\/\/amu.pan.pl\/badaczka\/o-cyklu\/"]}]},{"@type":"ImageObject","inLanguage":"pl-PL","@id":"https:\/\/amu.pan.pl\/badaczka\/o-cyklu\/#primaryimage","url":"https:\/\/amu.pan.pl\/badaczka\/wp-content\/uploads\/sites\/2\/2020\/11\/AMU_logo_mini.png","contentUrl":"https:\/\/amu.pan.pl\/badaczka\/wp-content\/uploads\/sites\/2\/2020\/11\/AMU_logo_mini.png","width":150,"height":85},{"@type":"BreadcrumbList","@id":"https:\/\/amu.pan.pl\/badaczka\/o-cyklu\/#breadcrumb","itemListElement":[{"@type":"ListItem","position":1,"name":"Strona g\u0142\u00f3wna","item":"https:\/\/amu.pan.pl\/badaczka\/"},{"@type":"ListItem","position":2,"name":"Zosta\u0144 badaczk\u0105. Kobiety w nauce"}]},{"@type":"WebSite","@id":"https:\/\/amu.pan.pl\/badaczka\/#website","url":"https:\/\/amu.pan.pl\/badaczka\/","name":"Zosta\u0144 badaczk\u0105!","description":"Kobiety w nauce","publisher":{"@id":"https:\/\/amu.pan.pl\/badaczka\/#organization"},"potentialAction":[{"@type":"SearchAction","target":{"@type":"EntryPoint","urlTemplate":"https:\/\/amu.pan.pl\/badaczka\/?s={search_term_string}"},"query-input":{"@type":"PropertyValueSpecification","valueRequired":true,"valueName":"search_term_string"}}],"inLanguage":"pl-PL"},{"@type":"Organization","@id":"https:\/\/amu.pan.pl\/badaczka\/#organization","name":"Zosta\u0144 badaczk\u0105!","url":"https:\/\/amu.pan.pl\/badaczka\/","logo":{"@type":"ImageObject","inLanguage":"pl-PL","@id":"https:\/\/amu.pan.pl\/badaczka\/#\/schema\/logo\/image\/","url":"https:\/\/amu.pan.pl\/badaczka\/wp-content\/uploads\/sites\/2\/2020\/11\/AMU_logo_mini.png","contentUrl":"https:\/\/amu.pan.pl\/badaczka\/wp-content\/uploads\/sites\/2\/2020\/11\/AMU_logo_mini.png","width":150,"height":85,"caption":"Zosta\u0144 badaczk\u0105!"},"image":{"@id":"https:\/\/amu.pan.pl\/badaczka\/#\/schema\/logo\/image\/"}}]}},"_links":{"self":[{"href":"https:\/\/amu.pan.pl\/badaczka\/wp-json\/wp\/v2\/pages\/529","targetHints":{"allow":["GET"]}}],"collection":[{"href":"https:\/\/amu.pan.pl\/badaczka\/wp-json\/wp\/v2\/pages"}],"about":[{"href":"https:\/\/amu.pan.pl\/badaczka\/wp-json\/wp\/v2\/types\/page"}],"author":[{"embeddable":true,"href":"https:\/\/amu.pan.pl\/badaczka\/wp-json\/wp\/v2\/users\/2"}],"replies":[{"embeddable":true,"href":"https:\/\/amu.pan.pl\/badaczka\/wp-json\/wp\/v2\/comments?post=529"}],"version-history":[{"count":2,"href":"https:\/\/amu.pan.pl\/badaczka\/wp-json\/wp\/v2\/pages\/529\/revisions"}],"predecessor-version":[{"id":745,"href":"https:\/\/amu.pan.pl\/badaczka\/wp-json\/wp\/v2\/pages\/529\/revisions\/745"}],"wp:attachment":[{"href":"https:\/\/amu.pan.pl\/badaczka\/wp-json\/wp\/v2\/media?parent=529"}],"curies":[{"name":"wp","href":"https:\/\/api.w.org\/{rel}","templated":true}]}}