{"id":172,"date":"2023-01-07T18:50:23","date_gmt":"2023-01-07T17:50:23","guid":{"rendered":"https:\/\/amu.pan.pl\/dnnmp\/?page_id=172"},"modified":"2023-03-06T15:58:00","modified_gmt":"2023-03-06T14:58:00","slug":"zadaj-pytanie","status":"publish","type":"page","link":"https:\/\/amu.pan.pl\/dnnmp\/konferencje\/home-2\/zadaj-pytanie\/","title":{"rendered":"Zadaj pytanie"},"content":{"rendered":"\t\t<div data-elementor-type=\"wp-page\" data-elementor-id=\"172\" class=\"elementor elementor-172\">\n\t\t\t\t\t\t<section class=\"elementor-section elementor-top-section elementor-element elementor-element-9d431e1 elementor-section-boxed elementor-section-height-default elementor-section-height-default\" data-id=\"9d431e1\" data-element_type=\"section\">\n\t\t\t\t\t\t<div class=\"elementor-container elementor-column-gap-default\">\n\t\t\t\t\t<div class=\"elementor-column elementor-col-100 elementor-top-column elementor-element elementor-element-d9f8542\" data-id=\"d9f8542\" data-element_type=\"column\">\n\t\t\t<div class=\"elementor-widget-wrap elementor-element-populated\">\n\t\t\t\t\t\t<div class=\"elementor-element elementor-element-00e6f93 elementor-widget elementor-widget-text-editor\" data-id=\"00e6f93\" data-element_type=\"widget\" data-widget_type=\"text-editor.default\">\n\t\t\t\t<div class=\"elementor-widget-container\">\n\t\t\t\t\t\t\t\t\t<h4>Aby zg\u0142osi\u0107 pytanie do ekspert\u00f3w prosimy o wype\u0142nienie formularza znajduj\u0105cego si\u0119 pod poni\u017cszym linkiem:<\/h4>\t\t\t\t\t\t\t\t<\/div>\n\t\t\t\t<\/div>\n\t\t\t\t<div class=\"elementor-element elementor-element-80c5498 elementor-align-center elementor-widget elementor-widget-button\" data-id=\"80c5498\" data-element_type=\"widget\" data-widget_type=\"button.default\">\n\t\t\t\t<div class=\"elementor-widget-container\">\n\t\t\t\t\t\t\t\t\t<div class=\"elementor-button-wrapper\">\n\t\t\t\t\t<a class=\"elementor-button elementor-button-link elementor-size-lg\" href=\"https:\/\/docs.google.com\/forms\/d\/e\/1FAIpQLSdPy2Ev4ao53dXkmQPFA_jLPg2n6gd98awpRqoLd6GelzKFVg\/viewform\">\n\t\t\t\t\t\t<span class=\"elementor-button-content-wrapper\">\n\t\t\t\t\t\t<span class=\"elementor-button-icon\">\n\t\t\t\t<i aria-hidden=\"true\" class=\"fas fa-question-circle\"><\/i>\t\t\t<\/span>\n\t\t\t\t\t\t\t\t\t<span class=\"elementor-button-text\">Zadaj pytanie przez formularz<\/span>\n\t\t\t\t\t<\/span>\n\t\t\t\t\t<\/a>\n\t\t\t\t<\/div>\n\t\t\t\t\t\t\t\t<\/div>\n\t\t\t\t<\/div>\n\t\t\t\t\t<\/div>\n\t\t<\/div>\n\t\t\t\t\t<\/div>\n\t\t<\/section>\n\t\t\t\t<\/div>\n\t\t","protected":false},"excerpt":{"rendered":"<p>Aby zg\u0142osi\u0107 pytanie do ekspert\u00f3w prosimy o wype\u0142nienie formularza znajduj\u0105cego si\u0119 pod poni\u017cszym linkiem: Zadaj pytanie przez formularz<\/p>\n","protected":false},"author":2,"featured_media":0,"parent":33,"menu_order":0,"comment_status":"closed","ping_status":"closed","template":"","meta":{"_monsterinsights_skip_tracking":false,"_monsterinsights_sitenote_active":false,"_monsterinsights_sitenote_note":"","_monsterinsights_sitenote_category":0,"footnotes":""},"class_list":["post-172","page","type-page","status-publish","hentry"],"yoast_head":"<!-- This site is optimized with the Yoast SEO plugin v25.0 - https:\/\/yoast.com\/wordpress\/plugins\/seo\/ -->\n<title>Zadaj pytanie - Doskona\u0142o\u015b\u0107 naukowa nie ma p\u0142ci<\/title>\n<meta name=\"robots\" content=\"index, follow, max-snippet:-1, max-image-preview:large, max-video-preview:-1\" \/>\n<link rel=\"canonical\" href=\"https:\/\/amu.pan.pl\/dnnmp\/konferencje\/home-2\/zadaj-pytanie\/\" \/>\n<meta property=\"og:locale\" content=\"pl_PL\" \/>\n<meta property=\"og:type\" content=\"article\" \/>\n<meta property=\"og:title\" content=\"Zadaj pytanie - Doskona\u0142o\u015b\u0107 naukowa nie ma p\u0142ci\" \/>\n<meta property=\"og:description\" content=\"Aby zg\u0142osi\u0107 pytanie do ekspert\u00f3w prosimy o wype\u0142nienie formularza znajduj\u0105cego si\u0119 pod poni\u017cszym linkiem: Zadaj pytanie przez formularz\" \/>\n<meta property=\"og:url\" content=\"https:\/\/amu.pan.pl\/dnnmp\/konferencje\/home-2\/zadaj-pytanie\/\" \/>\n<meta property=\"og:site_name\" content=\"Doskona\u0142o\u015b\u0107 naukowa nie ma p\u0142ci\" \/>\n<meta property=\"article:publisher\" content=\"https:\/\/www.facebook.com\/AkademiaMlodychUczonych\/\" \/>\n<meta property=\"article:modified_time\" content=\"2023-03-06T14:58:00+00:00\" \/>\n<meta name=\"twitter:card\" content=\"summary_large_image\" \/>\n<meta name=\"twitter:site\" content=\"@AMUPAN1\" \/>\n<meta name=\"twitter:label1\" content=\"Szacowany czas czytania\" \/>\n\t<meta name=\"twitter:data1\" content=\"1 minuta\" \/>\n<script type=\"application\/ld+json\" class=\"yoast-schema-graph\">{\"@context\":\"https:\/\/schema.org\",\"@graph\":[{\"@type\":\"WebPage\",\"@id\":\"https:\/\/amu.pan.pl\/dnnmp\/konferencje\/home-2\/zadaj-pytanie\/\",\"url\":\"https:\/\/amu.pan.pl\/dnnmp\/konferencje\/home-2\/zadaj-pytanie\/\",\"name\":\"Zadaj pytanie - Doskona\u0142o\u015b\u0107 naukowa nie ma p\u0142ci\",\"isPartOf\":{\"@id\":\"https:\/\/amu.pan.pl\/dnnmp\/#website\"},\"datePublished\":\"2023-01-07T17:50:23+00:00\",\"dateModified\":\"2023-03-06T14:58:00+00:00\",\"breadcrumb\":{\"@id\":\"https:\/\/amu.pan.pl\/dnnmp\/konferencje\/home-2\/zadaj-pytanie\/#breadcrumb\"},\"inLanguage\":\"pl-PL\",\"potentialAction\":[{\"@type\":\"ReadAction\",\"target\":[\"https:\/\/amu.pan.pl\/dnnmp\/konferencje\/home-2\/zadaj-pytanie\/\"]}]},{\"@type\":\"BreadcrumbList\",\"@id\":\"https:\/\/amu.pan.pl\/dnnmp\/konferencje\/home-2\/zadaj-pytanie\/#breadcrumb\",\"itemListElement\":[{\"@type\":\"ListItem\",\"position\":1,\"name\":\"Strona g\u0142\u00f3wna\",\"item\":\"https:\/\/amu.pan.pl\/dnnmp\/\"},{\"@type\":\"ListItem\",\"position\":2,\"name\":\"Konferencje\",\"item\":\"https:\/\/amu.pan.pl\/dnnmp\/konferencje\/\"},{\"@type\":\"ListItem\",\"position\":3,\"name\":\"Luty 2023\",\"item\":\"https:\/\/amu.pan.pl\/dnnmp\/konferencje\/home-2\/\"},{\"@type\":\"ListItem\",\"position\":4,\"name\":\"Zadaj pytanie\"}]},{\"@type\":\"WebSite\",\"@id\":\"https:\/\/amu.pan.pl\/dnnmp\/#website\",\"url\":\"https:\/\/amu.pan.pl\/dnnmp\/\",\"name\":\"Doskona\u0142o\u015b\u0107 naukowa nie ma p\u0142ci\",\"description\":\"Kolejna witryna sieci \u201eAkademia M\u0142odych Uczonych\u201d\",\"publisher\":{\"@id\":\"https:\/\/amu.pan.pl\/dnnmp\/#organization\"},\"potentialAction\":[{\"@type\":\"SearchAction\",\"target\":{\"@type\":\"EntryPoint\",\"urlTemplate\":\"https:\/\/amu.pan.pl\/dnnmp\/?s={search_term_string}\"},\"query-input\":{\"@type\":\"PropertyValueSpecification\",\"valueRequired\":true,\"valueName\":\"search_term_string\"}}],\"inLanguage\":\"pl-PL\"},{\"@type\":\"Organization\",\"@id\":\"https:\/\/amu.pan.pl\/dnnmp\/#organization\",\"name\":\"Doskona\u0142o\u015b\u0107 naukowa nie ma p\u0142ci\",\"url\":\"https:\/\/amu.pan.pl\/dnnmp\/\",\"logo\":{\"@type\":\"ImageObject\",\"inLanguage\":\"pl-PL\",\"@id\":\"https:\/\/amu.pan.pl\/dnnmp\/#\/schema\/logo\/image\/\",\"url\":\"https:\/\/amu.pan.pl\/dnnmp\/wp-content\/uploads\/sites\/6\/2023\/01\/logo_dnnmp-3.png\",\"contentUrl\":\"https:\/\/amu.pan.pl\/dnnmp\/wp-content\/uploads\/sites\/6\/2023\/01\/logo_dnnmp-3.png\",\"width\":213,\"height\":100,\"caption\":\"Doskona\u0142o\u015b\u0107 naukowa nie ma p\u0142ci\"},\"image\":{\"@id\":\"https:\/\/amu.pan.pl\/dnnmp\/#\/schema\/logo\/image\/\"},\"sameAs\":[\"https:\/\/www.facebook.com\/AkademiaMlodychUczonych\/\",\"https:\/\/x.com\/AMUPAN1\"]}]}<\/script>\n<!-- \/ Yoast SEO plugin. -->","yoast_head_json":{"title":"Zadaj pytanie - Doskona\u0142o\u015b\u0107 naukowa nie ma p\u0142ci","robots":{"index":"index","follow":"follow","max-snippet":"max-snippet:-1","max-image-preview":"max-image-preview:large","max-video-preview":"max-video-preview:-1"},"canonical":"https:\/\/amu.pan.pl\/dnnmp\/konferencje\/home-2\/zadaj-pytanie\/","og_locale":"pl_PL","og_type":"article","og_title":"Zadaj pytanie - Doskona\u0142o\u015b\u0107 naukowa nie ma p\u0142ci","og_description":"Aby zg\u0142osi\u0107 pytanie do ekspert\u00f3w prosimy o wype\u0142nienie formularza znajduj\u0105cego si\u0119 pod poni\u017cszym linkiem: Zadaj pytanie przez formularz","og_url":"https:\/\/amu.pan.pl\/dnnmp\/konferencje\/home-2\/zadaj-pytanie\/","og_site_name":"Doskona\u0142o\u015b\u0107 naukowa nie ma p\u0142ci","article_publisher":"https:\/\/www.facebook.com\/AkademiaMlodychUczonych\/","article_modified_time":"2023-03-06T14:58:00+00:00","twitter_card":"summary_large_image","twitter_site":"@AMUPAN1","twitter_misc":{"Szacowany czas czytania":"1 minuta"},"schema":{"@context":"https:\/\/schema.org","@graph":[{"@type":"WebPage","@id":"https:\/\/amu.pan.pl\/dnnmp\/konferencje\/home-2\/zadaj-pytanie\/","url":"https:\/\/amu.pan.pl\/dnnmp\/konferencje\/home-2\/zadaj-pytanie\/","name":"Zadaj pytanie - Doskona\u0142o\u015b\u0107 naukowa nie ma p\u0142ci","isPartOf":{"@id":"https:\/\/amu.pan.pl\/dnnmp\/#website"},"datePublished":"2023-01-07T17:50:23+00:00","dateModified":"2023-03-06T14:58:00+00:00","breadcrumb":{"@id":"https:\/\/amu.pan.pl\/dnnmp\/konferencje\/home-2\/zadaj-pytanie\/#breadcrumb"},"inLanguage":"pl-PL","potentialAction":[{"@type":"ReadAction","target":["https:\/\/amu.pan.pl\/dnnmp\/konferencje\/home-2\/zadaj-pytanie\/"]}]},{"@type":"BreadcrumbList","@id":"https:\/\/amu.pan.pl\/dnnmp\/konferencje\/home-2\/zadaj-pytanie\/#breadcrumb","itemListElement":[{"@type":"ListItem","position":1,"name":"Strona g\u0142\u00f3wna","item":"https:\/\/amu.pan.pl\/dnnmp\/"},{"@type":"ListItem","position":2,"name":"Konferencje","item":"https:\/\/amu.pan.pl\/dnnmp\/konferencje\/"},{"@type":"ListItem","position":3,"name":"Luty 2023","item":"https:\/\/amu.pan.pl\/dnnmp\/konferencje\/home-2\/"},{"@type":"ListItem","position":4,"name":"Zadaj pytanie"}]},{"@type":"WebSite","@id":"https:\/\/amu.pan.pl\/dnnmp\/#website","url":"https:\/\/amu.pan.pl\/dnnmp\/","name":"Doskona\u0142o\u015b\u0107 naukowa nie ma p\u0142ci","description":"Kolejna witryna sieci \u201eAkademia M\u0142odych Uczonych\u201d","publisher":{"@id":"https:\/\/amu.pan.pl\/dnnmp\/#organization"},"potentialAction":[{"@type":"SearchAction","target":{"@type":"EntryPoint","urlTemplate":"https:\/\/amu.pan.pl\/dnnmp\/?s={search_term_string}"},"query-input":{"@type":"PropertyValueSpecification","valueRequired":true,"valueName":"search_term_string"}}],"inLanguage":"pl-PL"},{"@type":"Organization","@id":"https:\/\/amu.pan.pl\/dnnmp\/#organization","name":"Doskona\u0142o\u015b\u0107 naukowa nie ma p\u0142ci","url":"https:\/\/amu.pan.pl\/dnnmp\/","logo":{"@type":"ImageObject","inLanguage":"pl-PL","@id":"https:\/\/amu.pan.pl\/dnnmp\/#\/schema\/logo\/image\/","url":"https:\/\/amu.pan.pl\/dnnmp\/wp-content\/uploads\/sites\/6\/2023\/01\/logo_dnnmp-3.png","contentUrl":"https:\/\/amu.pan.pl\/dnnmp\/wp-content\/uploads\/sites\/6\/2023\/01\/logo_dnnmp-3.png","width":213,"height":100,"caption":"Doskona\u0142o\u015b\u0107 naukowa nie ma p\u0142ci"},"image":{"@id":"https:\/\/amu.pan.pl\/dnnmp\/#\/schema\/logo\/image\/"},"sameAs":["https:\/\/www.facebook.com\/AkademiaMlodychUczonych\/","https:\/\/x.com\/AMUPAN1"]}]}},"_links":{"self":[{"href":"https:\/\/amu.pan.pl\/dnnmp\/wp-json\/wp\/v2\/pages\/172","targetHints":{"allow":["GET"]}}],"collection":[{"href":"https:\/\/amu.pan.pl\/dnnmp\/wp-json\/wp\/v2\/pages"}],"about":[{"href":"https:\/\/amu.pan.pl\/dnnmp\/wp-json\/wp\/v2\/types\/page"}],"author":[{"embeddable":true,"href":"https:\/\/amu.pan.pl\/dnnmp\/wp-json\/wp\/v2\/users\/2"}],"replies":[{"embeddable":true,"href":"https:\/\/amu.pan.pl\/dnnmp\/wp-json\/wp\/v2\/comments?post=172"}],"version-history":[{"count":14,"href":"https:\/\/amu.pan.pl\/dnnmp\/wp-json\/wp\/v2\/pages\/172\/revisions"}],"predecessor-version":[{"id":508,"href":"https:\/\/amu.pan.pl\/dnnmp\/wp-json\/wp\/v2\/pages\/172\/revisions\/508"}],"up":[{"embeddable":true,"href":"https:\/\/amu.pan.pl\/dnnmp\/wp-json\/wp\/v2\/pages\/33"}],"wp:attachment":[{"href":"https:\/\/amu.pan.pl\/dnnmp\/wp-json\/wp\/v2\/media?parent=172"}],"curies":[{"name":"wp","href":"https:\/\/api.w.org\/{rel}","templated":true}]}}