{"id":21,"date":"2023-01-06T20:17:09","date_gmt":"2023-01-06T19:17:09","guid":{"rendered":"https:\/\/amu.pan.pl\/dnnmp\/?page_id=21"},"modified":"2023-01-06T20:29:13","modified_gmt":"2023-01-06T19:29:13","slug":"home","status":"publish","type":"page","link":"https:\/\/amu.pan.pl\/dnnmp\/","title":{"rendered":"O inicjatywie"},"content":{"rendered":"\t\t<div data-elementor-type=\"wp-page\" data-elementor-id=\"21\" class=\"elementor elementor-21\">\n\t\t\t\t\t\t<section class=\"elementor-section elementor-top-section elementor-element elementor-element-afeed52 elementor-section-boxed elementor-section-height-default elementor-section-height-default\" data-id=\"afeed52\" data-element_type=\"section\">\n\t\t\t\t\t\t<div class=\"elementor-container elementor-column-gap-default\">\n\t\t\t\t\t<div class=\"elementor-column elementor-col-100 elementor-top-column elementor-element elementor-element-7fe70c7\" data-id=\"7fe70c7\" data-element_type=\"column\">\n\t\t\t<div class=\"elementor-widget-wrap elementor-element-populated\">\n\t\t\t\t\t\t<div class=\"elementor-element elementor-element-2e8fb9f elementor-widget elementor-widget-text-editor\" data-id=\"2e8fb9f\" data-element_type=\"widget\" data-widget_type=\"text-editor.default\">\n\t\t\t\t<div class=\"elementor-widget-container\">\n\t\t\t\t\t\t\t\t\t<p><strong>Doskona\u0142o\u015b\u0107 Naukowa nie ma P\u0142ci \u2013 nowa inicjatywa Akademii M\u0142odych Uczonych PAN<\/strong><\/p><p><strong>Wychodz\u0105c naprzeciw problemowi tzw. ukrytych uprzedze\u0144, prowadz\u0105cych do dysproporcji pomi\u0119dzy kobietami i m\u0119\u017cczyznami w nauce, Akademia M\u0142odych Uczonych PAN (AMU PAN) przygotowa\u0142a d\u0142ugofalowy program pod has\u0142em <\/strong><strong>Doskona\u0142o\u015b\u0107 Naukowa nie ma P\u0142ci. Program ma na celu zwr\u00f3cenie uwagi \u015brodowiska naukowego na istniej\u0105ce dysproporcje mi\u0119dzy kobietami i m\u0119\u017cczyznami oraz pr\u00f3b\u0119 wypracowania metod, kt\u00f3re pozwol\u0105 te dysproporcje zmniejsza\u0107. Ponadto, AMU PAN chce na\u015bwietli\u0107 problem ukrytych uprzedze\u0144 poprzez systematyczne badanie dot. dyskryminacji ze wzgl\u0119du na p\u0142e\u0107 naukowc\u00f3w i naukowczy\u0144 oraz uruchomienie kampanii spo\u0142ecznej skierowanej do szerokiego grona odbiorc\u00f3w.<\/strong><\/p><p>Akademia M\u0142odych Uczonych PAN* w ostatnim czasie przygl\u0105da si\u0119 uwa\u017cnie r\u00f3\u017cnym aspektom zwi\u0105zanym z r\u00f3wno\u015bci\u0105 p\u0142ci w polskich instytucjach zajmuj\u0105cych si\u0119 badaniami i innowacjami, w tym problemowi tzw. ukrytych uprzedze\u0144, prowadz\u0105cych do dysproporcji pomi\u0119dzy kobietami i m\u0119\u017cczyznami w r\u00f3\u017cnych zawodach oraz obszarach badawczych. Raporty z analiz dot. kwestie r\u00f3wno\u015bci p\u0142ci w nauce opublikowane ostatnio przez Narodowe Centrum Nauki w zakresie statystyk z uwagi na p\u0142e\u0107 wnioskodawc\u00f3w i laureat\u00f3w konkurs\u00f3w NCN, oraz w Zespo\u0142ach Ekspert\u00f3w i Radzie NCN w latach 2010-2021<a href=\"#_ftn1\" name=\"_ftnref1\">[1]<\/a>, raporty opublikowane przez Fundacj\u0119 na rzecz Nauki Polskiej<a href=\"#_ftn2\" name=\"_ftnref2\">[2]<\/a> i Fundacj\u0119 L\u2019Oreal<a href=\"#_ftn3\" name=\"_ftnref3\">[3]<\/a>, a tak\u017ce Plany R\u00f3wno\u015bci P\u0142ci przygotowywane w ostatnim czasie przez polskie instytucje naukowo-badawcze, wskazuj\u0105 na potrzeb\u0119 wyr\u00f3wnywania proporcji\u00a0 mi\u0119dzy przedstawicielami obu p\u0142ci na poszczeg\u00f3lnych szczeblach kariery naukowej, stanowiskach i w gremiach naukowych oraz informowania spo\u0142ecze\u0144stwa o problemie. Nale\u017cy zaznaczy\u0107, \u017ce nie we wszystkich obszarach nauki to kobiety stanowi\u0105 p\u0142e\u0107 niedoreprezentowan\u0105. Coraz cz\u0119\u015bciej mo\u017cna zaobserwowa\u0107, \u017ce pewne aspekty \u0142\u0105czenia \u017cycia zawodowego z prywatnym oraz id\u0105ce za nimi decyzje wp\u0142ywaj\u0105ce na dalszy rozw\u00f3j kariery zawodowej (np. opieka nad dzieckiem lub innymi osobami zale\u017cnymi, urlop tacierzy\u0144ski, rezygnacja z d\u0142ugoterminowych wyjazd\u00f3w, sprawowanie funkcji kierowniczych) dotykaj\u0105 r\u00f3wnie\u017c m\u0119\u017cczyzn. Z wszystkich tych dokument\u00f3w wynika jasno, \u017ce wci\u0105\u017c zrobiono zbyt ma\u0142o, aby przeciwdzia\u0142a\u0107 dysproporcjom w rozk\u0142adzie p\u0142ci w polskiej nauce i zbyt ma\u0142y nacisk po\u0142o\u017cony jest na popraw\u0119 komfortu pracy m\u0142odych rodzic\u00f3w (nadal g\u0142\u00f3wnie kobiet, ale coraz cz\u0119\u015bciej tak\u017ce m\u0119\u017cczyzn) i os\u00f3b opiekuj\u0105cych si\u0119 osobami zale\u017cnymi, co przek\u0142ada si\u0119 jednoznacznie na ich odp\u0142yw ze \u015bwiata nauki.<\/p><p>\u00a0\u00a0\u00a0\u00a0 Ju\u017c od jakiego\u015b czasu AMU PAN stara si\u0119 walczy\u0107 z ukrytymi uprzedzeniami i stereotypami pokazuj\u0105c uczennicom i studentkom, \u017ce praca naukowa nie powinna oznacza\u0107 rezygnacji z za\u0142o\u017cenia rodziny i posiadania dzieci. Dot\u0105d AMU PAN ju\u017c uruchamia\u0142a podobne inicjatywy takie jak <em>Zosta\u0144 Badaczk\u0105<\/em><a href=\"#_ftn4\" name=\"_ftnref4\">[4]<\/a> czy apele w sprawie finansowania \u015bwiadcze\u0144 zdrowotnych doktorant\u00f3w w szko\u0142ach doktorskich<a href=\"#_ftn5\" name=\"_ftnref5\">[5]<\/a>. W odpowiedzi na istniej\u0105cy problem AMU PAN przygotowa\u0142a d\u0142ugofalowy program pod has\u0142em <em>Doskona\u0142o\u015b\u0107 Naukowa nie ma P\u0142ci<\/em>, kt\u00f3ry ma na celu walk\u0119 z ukrytymi uprzedzeniami i zakorzenionymi stereotypami oraz \u0142\u0105czenie \u017cycia zawodowego z prywatnym.<\/p><p>Pierwsz\u0105 inicjatyw\u0105 w ramach programu, inauguruj\u0105c\u0105 program Doskona\u0142o\u015b\u0107 naukowa nie ma P\u0142ci, jest konferencja o takim samym tytule, kt\u00f3r\u0105 organizuje AMU PAN wraz z Uniwersytetem Adama Mickiewicza w Poznaniu oraz Narodowym Centrum Nauki. Konferencja odb\u0119dzie si\u0119 10 lutego 2023 r. b\u0119dzie mia\u0142a na celu podsumowanie danych dotycz\u0105cych dysproporcji kobiet i m\u0119\u017cczyzn w polskiej nauce, kt\u00f3re zosta\u0142y dotychczas zebrane przez polskie instytucje. Celem konferencji b\u0119dzie tak\u017ce rozpocz\u0119cie dialogu pomi\u0119dzy jednostkami naukowo-badawczymi oraz wypracowanie realnych dzia\u0142a\u0144 s\u0142u\u017c\u0105cych wyr\u00f3wnywaniu szans i przeciwdzia\u0142aniu odp\u0142ywowi znakomitych naukowc\u00f3w lub naukowczy\u0144 z r\u00f3\u017cnych obszar\u00f3w badawczych. Konferencja ta b\u0119dzie skierowana do w\u0142adz jednostek naukowo-badawczych, przedstawicieli Ministerstwa Edukacji i Nauki, instytucji finansuj\u0105cych nauk\u0119 w Polsce oraz organizacji zajmuj\u0105cych si\u0119 promowaniem nauki i bada\u0144 naukowych w Polsce.<\/p><p>Sw\u00f3j udzia\u0142 w naszej inicjatywie zadeklarowa\u0142o ju\u017c Narodowe Centrum Nauki, kt\u00f3re podczas konferencji przedstawi wyniki swoich analiz, oraz przedstawiciele Belgijskiej Akademii M\u0142odych Uczonych, kt\u00f3rzy z wielkim sukcesem przeprowadzili podobny program r\u00f3wno\u015bciowy<a href=\"#_ftn6\" name=\"_ftnref6\">[6]<\/a>. W\u015br\u00f3d prelegent\u00f3w konferencji jest m.in. Prof. Teresa Zieli\u0144ska, cz\u0142onkini Rady NCN w latach 2018-2022 i zespo\u0142u przygotowuj\u0105cego raport Narodowego Centrum Nauki, Dr Anna Knapi\u0144ska, przedstawicielka OPI, Prof. Ewa \u0141ojkowska, reprezentuj\u0105ca zesp\u00f3\u0142 przygotowuj\u0105cy raport L\u2019Oreal, a tak\u017ce przedstawiciele Belgijskiej Akademii M\u0142odych Uczonych, Polskiej Akademii Nauk oraz polskich uczelni i organizacji wspieraj\u0105cych nauk\u0119.<\/p><p>\u00a0<\/p><p><em>* Akademia M\u0142odych Uczonych od 2010 r. jest cz\u0119\u015bci\u0105 struktur korporacyjnych Polskiej Akademii Nauk. <\/em><\/p><p><em>Cz\u0142onk\u00f3w AMU wybiera Zgromadzenie Og\u00f3lne PAN spo\u015br\u00f3d wybitnych m\u0142odych naukowc\u00f3w (przed 38. roku \u017cycia i posiadaj\u0105cych co najmniej stopie\u0144 naukowy doktora) na 5-letni\u0105 kadencj\u0119.<\/em><\/p><p><em>Cz\u0142onkowie AMU PAN reprezentuj\u0105 wszystkie dziedziny naukowe. Obecnie 25 z nich jest z uczelni wy\u017cszych, 9 z jednostek PAN, a 1 z Pa\u0144stwowego Instytutu Badawczego. <\/em><\/p><p><em>Cz\u0142onkowie AMU PAN dzia\u0142aj\u0105 wolontaryjnie. Zabieraj\u0105 g\u0142os w sprawach istotnych dla polityki naukowej, aktywizuj\u0105 \u015brodowisko m\u0142odych uczonych i popularyzuj\u0105 wiedz\u0119. <\/em><\/p><p><em>Wi\u0119cej informacji o aktywno\u015bci AMU PAN mo\u017cna znale\u017a\u0107 na stronie: <\/em><a href=\"https:\/\/amu.pan.pl\"><em>https:\/\/amu.pan.pl<\/em><\/a><em> oraz w artykule: <\/em><a href=\"https:\/\/miesiecznik.forumakademickie.pl\/czasopisma\/fa-7-8-2022\/glos-mlodych%E2%80%A9\/\"><em>https:\/\/miesiecznik.forumakademickie.pl\/czasopisma\/fa-7-8-2022\/glos-mlodych%E2%80%A9\/<\/em><\/a><\/p><p><a href=\"#_ftnref1\" name=\"_ftn1\">[1]<\/a> Rozk\u0142ad p\u0142ci wnioskodawc\u00f3w i laureat\u00f3w konkurs\u00f3w NCN, Zespo\u0142\u00f3w Ekspert\u00f3w oraz Rady NCN w latach 2010-2021, <a href=\"https:\/\/www.ncn.gov.pl\/sites\/default\/files\/2022-04\/plan-rownosci-plci-ncn-zal2-statystyki.pdf\">https:\/\/www.ncn.gov.pl\/sites\/default\/files\/2022-04\/plan-rownosci-plci-ncn-zal2-statystyki.pdf<\/a><\/p><p><a href=\"#_ftnref2\" name=\"_ftn2\">[2]<\/a> Monitoring karier zawodowych beneficjent\u00f3w FNP,\u00a0 luty 2018: https:\/\/www.fnp.org.pl\/assets\/monitoring-karier.pdf, luty 2020 (druga fala): <a href=\"https:\/\/www.fnp.org.pl\/assets\/monitoring-karier-ca\u0142o\u015b\u0107.pdf\">https:\/\/www.fnp.org.pl\/assets\/monitoring-karier-ca\u0142o\u015b\u0107.pdf<\/a><\/p><p><a href=\"#_ftnref3\" name=\"_ftn3\">[3]<\/a> Raporty Fundacji L\u2019Oreal z lat 2015-2020: <a href=\"https:\/\/lorealdlakobietinauki.pl\/dla-mediow\/\">https:\/\/lorealdlakobietinauki.pl\/dla-mediow\/<\/a><\/p><p><a href=\"#_ftnref4\" name=\"_ftn4\">[4]<\/a> Program AMU Zosta\u0144 Badaczk\u0105: <a href=\"https:\/\/amu.pan.pl\/badaczka\/\">https:\/\/amu.pan.pl\/badaczka\/<\/a><\/p><p><a href=\"#_ftnref5\" name=\"_ftn5\">[5]<\/a> Opinia ws. sytuacji doktorant\u00f3w: <a href=\"https:\/\/amu.pan.pl\/amu-proponuje-zmiany-dotyczace-zasad-i-warunkow-zatrudnienia-doktorantow\/\">https:\/\/amu.pan.pl\/amu-proponuje-zmiany-dotyczace-zasad-i-warunkow-zatrudnienia-doktorantow\/<\/a><\/p><p><a href=\"#_ftnref6\" name=\"_ftn6\">[6]<\/a> Program r\u00f3wno\u015bciowy Belgijskiej Akademii M\u0142odych Uczonych: <a href=\"https:\/\/wetenschapismvx.be\/implicit-gender\/implicit-bias\/\">https:\/\/wetenschapismvx.be\/implicit-gender\/implicit-bias\/<\/a><\/p>\t\t\t\t\t\t\t\t<\/div>\n\t\t\t\t<\/div>\n\t\t\t\t\t<\/div>\n\t\t<\/div>\n\t\t\t\t\t<\/div>\n\t\t<\/section>\n\t\t\t\t<\/div>\n\t\t","protected":false},"excerpt":{"rendered":"<p>Doskona\u0142o\u015b\u0107 Naukowa nie ma P\u0142ci \u2013 nowa inicjatywa Akademii M\u0142odych Uczonych PAN Wychodz\u0105c naprzeciw problemowi tzw. ukrytych uprzedze\u0144, prowadz\u0105cych do dysproporcji pomi\u0119dzy kobietami i m\u0119\u017cczyznami w nauce, Akademia M\u0142odych Uczonych &#8230;<\/p>\n","protected":false},"author":2,"featured_media":0,"parent":0,"menu_order":0,"comment_status":"closed","ping_status":"closed","template":"","meta":{"_monsterinsights_skip_tracking":false,"_monsterinsights_sitenote_active":false,"_monsterinsights_sitenote_note":"","_monsterinsights_sitenote_category":0,"footnotes":""},"class_list":["post-21","page","type-page","status-publish","hentry"],"yoast_head":"<!-- This site is optimized with the Yoast SEO plugin v25.0 - https:\/\/yoast.com\/wordpress\/plugins\/seo\/ -->\n<title>O inicjatywie - Doskona\u0142o\u015b\u0107 naukowa nie ma p\u0142ci<\/title>\n<meta name=\"robots\" content=\"index, follow, max-snippet:-1, max-image-preview:large, max-video-preview:-1\" \/>\n<link rel=\"canonical\" href=\"https:\/\/amu.pan.pl\/dnnmp\/\" \/>\n<meta property=\"og:locale\" content=\"pl_PL\" \/>\n<meta property=\"og:type\" content=\"article\" \/>\n<meta property=\"og:title\" content=\"O inicjatywie - Doskona\u0142o\u015b\u0107 naukowa nie ma p\u0142ci\" \/>\n<meta property=\"og:description\" content=\"Doskona\u0142o\u015b\u0107 Naukowa nie ma P\u0142ci \u2013 nowa inicjatywa Akademii M\u0142odych Uczonych PAN Wychodz\u0105c naprzeciw problemowi tzw. ukrytych uprzedze\u0144, prowadz\u0105cych do dysproporcji pomi\u0119dzy kobietami i m\u0119\u017cczyznami w nauce, Akademia M\u0142odych Uczonych ...\" \/>\n<meta property=\"og:url\" content=\"https:\/\/amu.pan.pl\/dnnmp\/\" \/>\n<meta property=\"og:site_name\" content=\"Doskona\u0142o\u015b\u0107 naukowa nie ma p\u0142ci\" \/>\n<meta property=\"article:publisher\" content=\"https:\/\/www.facebook.com\/AkademiaMlodychUczonych\/\" \/>\n<meta property=\"article:modified_time\" content=\"2023-01-06T19:29:13+00:00\" \/>\n<meta name=\"twitter:card\" content=\"summary_large_image\" \/>\n<meta name=\"twitter:site\" content=\"@AMUPAN1\" \/>\n<meta name=\"twitter:label1\" content=\"Szacowany czas czytania\" \/>\n\t<meta name=\"twitter:data1\" content=\"4 minuty\" \/>\n<script type=\"application\/ld+json\" class=\"yoast-schema-graph\">{\"@context\":\"https:\/\/schema.org\",\"@graph\":[{\"@type\":\"WebPage\",\"@id\":\"https:\/\/amu.pan.pl\/dnnmp\/\",\"url\":\"https:\/\/amu.pan.pl\/dnnmp\/\",\"name\":\"O inicjatywie - Doskona\u0142o\u015b\u0107 naukowa nie ma p\u0142ci\",\"isPartOf\":{\"@id\":\"https:\/\/amu.pan.pl\/dnnmp\/#website\"},\"datePublished\":\"2023-01-06T19:17:09+00:00\",\"dateModified\":\"2023-01-06T19:29:13+00:00\",\"breadcrumb\":{\"@id\":\"https:\/\/amu.pan.pl\/dnnmp\/#breadcrumb\"},\"inLanguage\":\"pl-PL\",\"potentialAction\":[{\"@type\":\"ReadAction\",\"target\":[\"https:\/\/amu.pan.pl\/dnnmp\/\"]}]},{\"@type\":\"BreadcrumbList\",\"@id\":\"https:\/\/amu.pan.pl\/dnnmp\/#breadcrumb\",\"itemListElement\":[{\"@type\":\"ListItem\",\"position\":1,\"name\":\"Strona g\u0142\u00f3wna\",\"item\":\"https:\/\/amu.pan.pl\/dnnmp\/\"},{\"@type\":\"ListItem\",\"position\":2,\"name\":\"O inicjatywie\"}]},{\"@type\":\"WebSite\",\"@id\":\"https:\/\/amu.pan.pl\/dnnmp\/#website\",\"url\":\"https:\/\/amu.pan.pl\/dnnmp\/\",\"name\":\"Doskona\u0142o\u015b\u0107 naukowa nie ma p\u0142ci\",\"description\":\"Kolejna witryna sieci \u201eAkademia M\u0142odych Uczonych\u201d\",\"publisher\":{\"@id\":\"https:\/\/amu.pan.pl\/dnnmp\/#organization\"},\"potentialAction\":[{\"@type\":\"SearchAction\",\"target\":{\"@type\":\"EntryPoint\",\"urlTemplate\":\"https:\/\/amu.pan.pl\/dnnmp\/?s={search_term_string}\"},\"query-input\":{\"@type\":\"PropertyValueSpecification\",\"valueRequired\":true,\"valueName\":\"search_term_string\"}}],\"inLanguage\":\"pl-PL\"},{\"@type\":\"Organization\",\"@id\":\"https:\/\/amu.pan.pl\/dnnmp\/#organization\",\"name\":\"Doskona\u0142o\u015b\u0107 naukowa nie ma p\u0142ci\",\"url\":\"https:\/\/amu.pan.pl\/dnnmp\/\",\"logo\":{\"@type\":\"ImageObject\",\"inLanguage\":\"pl-PL\",\"@id\":\"https:\/\/amu.pan.pl\/dnnmp\/#\/schema\/logo\/image\/\",\"url\":\"https:\/\/amu.pan.pl\/dnnmp\/wp-content\/uploads\/sites\/6\/2023\/01\/logo_dnnmp-3.png\",\"contentUrl\":\"https:\/\/amu.pan.pl\/dnnmp\/wp-content\/uploads\/sites\/6\/2023\/01\/logo_dnnmp-3.png\",\"width\":213,\"height\":100,\"caption\":\"Doskona\u0142o\u015b\u0107 naukowa nie ma p\u0142ci\"},\"image\":{\"@id\":\"https:\/\/amu.pan.pl\/dnnmp\/#\/schema\/logo\/image\/\"},\"sameAs\":[\"https:\/\/www.facebook.com\/AkademiaMlodychUczonych\/\",\"https:\/\/x.com\/AMUPAN1\"]}]}<\/script>\n<!-- \/ Yoast SEO plugin. -->","yoast_head_json":{"title":"O inicjatywie - Doskona\u0142o\u015b\u0107 naukowa nie ma p\u0142ci","robots":{"index":"index","follow":"follow","max-snippet":"max-snippet:-1","max-image-preview":"max-image-preview:large","max-video-preview":"max-video-preview:-1"},"canonical":"https:\/\/amu.pan.pl\/dnnmp\/","og_locale":"pl_PL","og_type":"article","og_title":"O inicjatywie - Doskona\u0142o\u015b\u0107 naukowa nie ma p\u0142ci","og_description":"Doskona\u0142o\u015b\u0107 Naukowa nie ma P\u0142ci \u2013 nowa inicjatywa Akademii M\u0142odych Uczonych PAN Wychodz\u0105c naprzeciw problemowi tzw. ukrytych uprzedze\u0144, prowadz\u0105cych do dysproporcji pomi\u0119dzy kobietami i m\u0119\u017cczyznami w nauce, Akademia M\u0142odych Uczonych ...","og_url":"https:\/\/amu.pan.pl\/dnnmp\/","og_site_name":"Doskona\u0142o\u015b\u0107 naukowa nie ma p\u0142ci","article_publisher":"https:\/\/www.facebook.com\/AkademiaMlodychUczonych\/","article_modified_time":"2023-01-06T19:29:13+00:00","twitter_card":"summary_large_image","twitter_site":"@AMUPAN1","twitter_misc":{"Szacowany czas czytania":"4 minuty"},"schema":{"@context":"https:\/\/schema.org","@graph":[{"@type":"WebPage","@id":"https:\/\/amu.pan.pl\/dnnmp\/","url":"https:\/\/amu.pan.pl\/dnnmp\/","name":"O inicjatywie - Doskona\u0142o\u015b\u0107 naukowa nie ma p\u0142ci","isPartOf":{"@id":"https:\/\/amu.pan.pl\/dnnmp\/#website"},"datePublished":"2023-01-06T19:17:09+00:00","dateModified":"2023-01-06T19:29:13+00:00","breadcrumb":{"@id":"https:\/\/amu.pan.pl\/dnnmp\/#breadcrumb"},"inLanguage":"pl-PL","potentialAction":[{"@type":"ReadAction","target":["https:\/\/amu.pan.pl\/dnnmp\/"]}]},{"@type":"BreadcrumbList","@id":"https:\/\/amu.pan.pl\/dnnmp\/#breadcrumb","itemListElement":[{"@type":"ListItem","position":1,"name":"Strona g\u0142\u00f3wna","item":"https:\/\/amu.pan.pl\/dnnmp\/"},{"@type":"ListItem","position":2,"name":"O inicjatywie"}]},{"@type":"WebSite","@id":"https:\/\/amu.pan.pl\/dnnmp\/#website","url":"https:\/\/amu.pan.pl\/dnnmp\/","name":"Doskona\u0142o\u015b\u0107 naukowa nie ma p\u0142ci","description":"Kolejna witryna sieci \u201eAkademia M\u0142odych Uczonych\u201d","publisher":{"@id":"https:\/\/amu.pan.pl\/dnnmp\/#organization"},"potentialAction":[{"@type":"SearchAction","target":{"@type":"EntryPoint","urlTemplate":"https:\/\/amu.pan.pl\/dnnmp\/?s={search_term_string}"},"query-input":{"@type":"PropertyValueSpecification","valueRequired":true,"valueName":"search_term_string"}}],"inLanguage":"pl-PL"},{"@type":"Organization","@id":"https:\/\/amu.pan.pl\/dnnmp\/#organization","name":"Doskona\u0142o\u015b\u0107 naukowa nie ma p\u0142ci","url":"https:\/\/amu.pan.pl\/dnnmp\/","logo":{"@type":"ImageObject","inLanguage":"pl-PL","@id":"https:\/\/amu.pan.pl\/dnnmp\/#\/schema\/logo\/image\/","url":"https:\/\/amu.pan.pl\/dnnmp\/wp-content\/uploads\/sites\/6\/2023\/01\/logo_dnnmp-3.png","contentUrl":"https:\/\/amu.pan.pl\/dnnmp\/wp-content\/uploads\/sites\/6\/2023\/01\/logo_dnnmp-3.png","width":213,"height":100,"caption":"Doskona\u0142o\u015b\u0107 naukowa nie ma p\u0142ci"},"image":{"@id":"https:\/\/amu.pan.pl\/dnnmp\/#\/schema\/logo\/image\/"},"sameAs":["https:\/\/www.facebook.com\/AkademiaMlodychUczonych\/","https:\/\/x.com\/AMUPAN1"]}]}},"_links":{"self":[{"href":"https:\/\/amu.pan.pl\/dnnmp\/wp-json\/wp\/v2\/pages\/21","targetHints":{"allow":["GET"]}}],"collection":[{"href":"https:\/\/amu.pan.pl\/dnnmp\/wp-json\/wp\/v2\/pages"}],"about":[{"href":"https:\/\/amu.pan.pl\/dnnmp\/wp-json\/wp\/v2\/types\/page"}],"author":[{"embeddable":true,"href":"https:\/\/amu.pan.pl\/dnnmp\/wp-json\/wp\/v2\/users\/2"}],"replies":[{"embeddable":true,"href":"https:\/\/amu.pan.pl\/dnnmp\/wp-json\/wp\/v2\/comments?post=21"}],"version-history":[{"count":5,"href":"https:\/\/amu.pan.pl\/dnnmp\/wp-json\/wp\/v2\/pages\/21\/revisions"}],"predecessor-version":[{"id":38,"href":"https:\/\/amu.pan.pl\/dnnmp\/wp-json\/wp\/v2\/pages\/21\/revisions\/38"}],"wp:attachment":[{"href":"https:\/\/amu.pan.pl\/dnnmp\/wp-json\/wp\/v2\/media?parent=21"}],"curies":[{"name":"wp","href":"https:\/\/api.w.org\/{rel}","templated":true}]}}