{"id":46,"date":"2023-01-06T20:41:36","date_gmt":"2023-01-06T19:41:36","guid":{"rendered":"https:\/\/amu.pan.pl\/dnnmp\/?page_id=46"},"modified":"2023-03-06T15:57:30","modified_gmt":"2023-03-06T14:57:30","slug":"program","status":"publish","type":"page","link":"https:\/\/amu.pan.pl\/dnnmp\/konferencje\/home-2\/program\/","title":{"rendered":"Program"},"content":{"rendered":"\t\t<div data-elementor-type=\"wp-page\" data-elementor-id=\"46\" class=\"elementor elementor-46\">\n\t\t\t\t\t\t<section class=\"elementor-section elementor-top-section elementor-element elementor-element-a2c108b elementor-section-boxed elementor-section-height-default elementor-section-height-default\" data-id=\"a2c108b\" data-element_type=\"section\">\n\t\t\t\t\t\t<div class=\"elementor-container elementor-column-gap-default\">\n\t\t\t\t\t<div class=\"elementor-column elementor-col-100 elementor-top-column elementor-element elementor-element-e87f637\" data-id=\"e87f637\" data-element_type=\"column\">\n\t\t\t<div class=\"elementor-widget-wrap elementor-element-populated\">\n\t\t\t\t\t\t<div class=\"elementor-element elementor-element-cc3ca90 elementor-widget elementor-widget-text-editor\" data-id=\"cc3ca90\" data-element_type=\"widget\" data-widget_type=\"text-editor.default\">\n\t\t\t\t<div class=\"elementor-widget-container\">\n\t\t\t\t\t\t\t\t\t<p>WST\u0118PNY PROGRAM<\/p><p><b>8:30 &#8211; 9:30 REJESTRACJA<\/b><\/p><p><b>9:00\u00a0 OTWARCIE<\/b><\/p><p><b>9:25 \u2013 10:40:\u00a0 SESJA I:<\/b><\/p><p><b><i>Polska nauka w aspekcie r\u00f3wnego traktowania kobiet i m\u0119\u017cczyzn &#8211; p<\/i><\/b><b>rezentacja raport\u00f3w (<\/b><b><i>Chairwoman:<\/i><\/b><i> prof. UAM dr hab. Iwetta Andruszkiewicz<\/i><b>)<\/b><\/p><ul><li><b><i>9:25-9:50<\/i><\/b>\u00a0 p<i>rof. dr hab. in\u017c Teresa Zieli\u0144ska, cz\u0142onkini Rady NCN w latach 2018-2022 i zespo\u0142u przygotowuj\u0105cego raport Narodowego Centrum Nauki &#8211; \u201cOczami\u00a0 naukowc\u00f3w &#8211;\u00a0 r\u00f3wno\u015b\u0107 w nauce\u201d<\/i><\/li><li><b><i>9:50- 10:15<\/i><\/b> d<i>r Anna Knapi\u0144ska, Przedstawicielka OPI zaprezentowanie danych z systemu RADon oraz wynik\u00f3w projektu GENDERACTION &#8211; \u201cKobiety w technonauce w liczbach (i nie tylko), czyli czego nam brakuje do r\u00f3wnowagi p\u0142ci\u201d<\/i><\/li><li><b><i>10:15-10:40<\/i><\/b> prof. dr hab. Marek Kwiek, <i>Dyrektor Centrum Studi\u00f3w nad Polityk\u0105 Publiczn\u0105, Kierownik Katedry UNESCO Bada\u0144 Instytucjonalnych i Polityki Szkolnictwa Wy\u017cszego UAM <\/i>&#8211;<i>&#8220;Badanie 25 000 polskich naukowc\u00f3w: co wiemy o r\u00f3\u017cnicach mi\u0119dzy kobietami i m\u0119\u017cczyznami?&#8221;<\/i><p>\u00a0<\/p><\/li><\/ul><p><b><i>COFFEE BREAK<\/i><\/b><\/p><p><b>11:00 \u2013 12:40 SESJA II:<\/b><\/p><p><b><i>Perspektywa r\u00f3wno\u015bci p\u0142ci &#8211; wyzwania dla instytucji i zespo\u0142\u00f3w badawczych (Chairwoman: <\/i><\/b><i>Magdalena Dobrzy\u0144ska<\/i><b><i>)<\/i><\/b><\/p><ul><li><b><i>11:00-11:25 <\/i><\/b><i>Magdalena Dobrzy\u0144ska, Ekspertka ds. polityki B+R, Biuro Promocji Nauki &#8220;PolSCA&#8221; Polskiej Akademii Nauk w Brukseli, \u201cAspekty r\u00f3wno\u015bci p\u0142ci w B+R &#8211; wymagania i rekomendacje Komisji Europejskiej\u201d<\/i><\/li><li><b><i>11:25-11:50 p<\/i><\/b><i>rof. dr hab. Katarzyna Dziubalska-Ko\u0142aczyk, Prorektorka ds. nauki, UAM; dr Dominika Gapska, UAM, \u201cProces tworzenia dokumentu Planu R\u00f3wno\u015bci P\u0142ci dla UAM \u2013 do\u015bwiadczenia i wyzwania\u201d<\/i><\/li><li><b><i>11:50-12:15 <\/i><\/b><i>dr Marta \u0141azarowicz-Kowalik, FNP,<\/i> <i>\u201eR\u00f3wno\u015b\u0107 p\u0142ci w finansowaniu bada\u0144 naukowych &#8211; do\u015bwiadczenia Fundacji na rzecz Nauki Polskiej\u201d.<\/i><\/li><li><b><i>12:15-12:40 <\/i><\/b><i>Monika Ryndzionek, Ekspertka ds. R\u00f3wno\u015bci P\u0142ci,\u00a0 Krajowy Punkt Kontaktowy NCBR,\u00a0 \u201eZnaczenie wymiaru p\u0142ci w badaniach i innowacjach\u201d\u00a0<\/i><\/li><\/ul><p><b><i>LUNCH<\/i><\/b><\/p><p><b>14:00 \u2013 15:30 SESJA III:<\/b><\/p><p><b><i>Moderowana dyskusja o sytuacji kobiet i m\u0119\u017cczyzn w polskiej nauce<\/i><\/b><\/p><p><b>Moderator:<\/b> prof. dr hab.<i> Marek Kwiek<\/i> (UAM)<\/p><p><b>Przy stole:<\/b><\/p><ul><li><i>dr Ewa Krzaklewska, UJ, projekt INSPIRE (Horyzont Europa)<\/i><\/li><li><i>dr hab. Miros\u0142awa Ostrowska, Wiceprezes PAN<\/i><\/li><li><i>prof. dr hab. Katarzyna Dziubalska-Ko\u0142aczyk, UAM<\/i><\/li><li><i>prof. dr hab. Zbigniew B\u0142ocki, dyrektor NCN<\/i><\/li><li><i>prof. dr hab. Maciej \u017bylicz, FNP<\/i><\/li><li><i>dr Urszula Bia\u0142ek-Wyrzykowska, Zast\u0119pca Dyrektora ds. Rozwoju Mi\u0119dzynarodowy Instytut Biologii Molekularnej i Kom\u00f3rkowej w Warszawie, EU-LIFE<\/i><\/li><li><i>prof. dr hab. Ewa \u0141ojkowska, UG przewodnicz\u0105ca Jury programu L&#8217;Or\u00e9al Dla Kobiet i Nauk<\/i><\/li><\/ul><p><b><i>COFFEE BREAK<\/i><\/b><\/p><p><b>15:50 \u2013 17:30 SESJA IV:<\/b><\/p><p><b><i>Przyk\u0142ady akcji promocyjnych walcz\u0105cych z ukrytymi uprzedzeniami i nier\u00f3wno\u015bciami kobiet i m\u0119\u017cczyzn w nauce (Chairman: <\/i><\/b><i>dr hab. in\u017c. Krzysztof Fic)<\/i><\/p><ul><li><b><i>15:50-16:15 <\/i><\/b><i>dr Jozefien De Leersnyder, Belgium Young Academy campaign Wetenschap=M+V+X<\/i><\/li><li><b><i>16:15-16:35 <\/i><\/b><i>\u00a0TBA, Uniwersytet Gda\u0144ski, L&#8217;Or\u00e9al Dla Kobiet i Nauki-raport L&#8217;Or\u00e9al<\/i><\/li><li><b><i>16:35-16:55 <\/i><\/b><i>Joanna Lisiecka Dyrektorka Programowa Perspektywy Women in Tech, \u201cPerspektywy Women in Tech &#8211; Jak wspiera\u0107 kobiety w nauce i technologii?\u201d\u00a0\u00a0<\/i><\/li><li><b><i>16:55-17:15 <\/i><\/b><i>dr Urszula Bia\u0142ek-Wyrzykowska, Zast\u0119pca Dyrektora ds. Rozwoju Mi\u0119dzynarodowy Instytut Biologii Molekularnej i Kom\u00f3rkowej w Warszawie, EU-LIFE, \u201cDoskona\u0142o\u015b\u0107 naukowa nie ma p\u0142ci &#8211; ustrukturyzowany d\u0142ugoletni program wyr\u00f3wnywania szans p\u0142ci poprzez zmiany w warunkach i kulturze pracy\u201d<\/i><\/li><li><b><i>17:15-17:30 <\/i><\/b><i>prof. UAM dr hab. Iwetta Andruszkiewicz, Og\u00f3lnouniwersyteckie Centrum Bada\u0144 nad Partycypacj\u0105 Kobiet w Przestrzeni Publicznej,<\/i> <i>UAM, Wyzwania dla Og\u00f3lnouniwersyteckiego Centrum Bada\u0144 nad Partycypacj\u0105 Kobiet w Przestrzeni Publicznej UAM<\/i><\/li><li><b><i>17:30-17:45 <\/i><\/b><i>prof. dr hab. Robert Kmieciak, Rzecznik Praw i Wolno\u015bci Akademickich, UAM, Polityka r\u00f3wno\u015bciowa i antydyskryminacyjna Uniwersytetu im. Adama Mickiewicza w Poznaniu &#8211; za\u0142o\u017cenia, osi\u0105gni\u0119cia i perspektywy rozwoju<\/i><\/li><\/ul><p><b>17:40 \u2013 18:00 Zako\u0144czenie &#8211; podsumowanie i nakre\u015blenie dalszych kierunk\u00f3w dla inicjatywy<\/b><\/p>\t\t\t\t\t\t\t\t<\/div>\n\t\t\t\t<\/div>\n\t\t\t\t\t<\/div>\n\t\t<\/div>\n\t\t\t\t\t<\/div>\n\t\t<\/section>\n\t\t\t\t<\/div>\n\t\t","protected":false},"excerpt":{"rendered":"<p>WST\u0118PNY PROGRAM 8:30 &#8211; 9:30 REJESTRACJA 9:00&nbsp; OTWARCIE 9:25 \u2013 10:40:&nbsp; SESJA I: Polska nauka w aspekcie r\u00f3wnego traktowania kobiet i m\u0119\u017cczyzn &#8211; prezentacja raport\u00f3w (Chairwoman: prof. UAM dr hab. &#8230;<\/p>\n","protected":false},"author":2,"featured_media":0,"parent":33,"menu_order":0,"comment_status":"closed","ping_status":"closed","template":"","meta":{"_monsterinsights_skip_tracking":false,"_monsterinsights_sitenote_active":false,"_monsterinsights_sitenote_note":"","_monsterinsights_sitenote_category":0,"footnotes":""},"class_list":["post-46","page","type-page","status-publish","hentry"],"yoast_head":"<!-- This site is optimized with the Yoast SEO plugin v25.0 - https:\/\/yoast.com\/wordpress\/plugins\/seo\/ -->\n<title>Program - Doskona\u0142o\u015b\u0107 naukowa nie ma p\u0142ci<\/title>\n<meta name=\"robots\" content=\"index, follow, max-snippet:-1, max-image-preview:large, max-video-preview:-1\" \/>\n<link rel=\"canonical\" href=\"https:\/\/amu.pan.pl\/dnnmp\/konferencje\/home-2\/program\/\" \/>\n<meta property=\"og:locale\" content=\"pl_PL\" \/>\n<meta property=\"og:type\" content=\"article\" \/>\n<meta property=\"og:title\" content=\"Program - Doskona\u0142o\u015b\u0107 naukowa nie ma p\u0142ci\" \/>\n<meta property=\"og:description\" content=\"WST\u0118PNY PROGRAM 8:30 &#8211; 9:30 REJESTRACJA 9:00&nbsp; OTWARCIE 9:25 \u2013 10:40:&nbsp; SESJA I: Polska nauka w aspekcie r\u00f3wnego traktowania kobiet i m\u0119\u017cczyzn &#8211; prezentacja raport\u00f3w (Chairwoman: prof. UAM dr hab. ...\" \/>\n<meta property=\"og:url\" content=\"https:\/\/amu.pan.pl\/dnnmp\/konferencje\/home-2\/program\/\" \/>\n<meta property=\"og:site_name\" content=\"Doskona\u0142o\u015b\u0107 naukowa nie ma p\u0142ci\" \/>\n<meta property=\"article:publisher\" content=\"https:\/\/www.facebook.com\/AkademiaMlodychUczonych\/\" \/>\n<meta property=\"article:modified_time\" content=\"2023-03-06T14:57:30+00:00\" \/>\n<meta name=\"twitter:card\" content=\"summary_large_image\" \/>\n<meta name=\"twitter:site\" content=\"@AMUPAN1\" \/>\n<meta name=\"twitter:label1\" content=\"Szacowany czas czytania\" \/>\n\t<meta name=\"twitter:data1\" content=\"3 minuty\" \/>\n<script type=\"application\/ld+json\" class=\"yoast-schema-graph\">{\"@context\":\"https:\/\/schema.org\",\"@graph\":[{\"@type\":\"WebPage\",\"@id\":\"https:\/\/amu.pan.pl\/dnnmp\/konferencje\/home-2\/program\/\",\"url\":\"https:\/\/amu.pan.pl\/dnnmp\/konferencje\/home-2\/program\/\",\"name\":\"Program - Doskona\u0142o\u015b\u0107 naukowa nie ma p\u0142ci\",\"isPartOf\":{\"@id\":\"https:\/\/amu.pan.pl\/dnnmp\/#website\"},\"datePublished\":\"2023-01-06T19:41:36+00:00\",\"dateModified\":\"2023-03-06T14:57:30+00:00\",\"breadcrumb\":{\"@id\":\"https:\/\/amu.pan.pl\/dnnmp\/konferencje\/home-2\/program\/#breadcrumb\"},\"inLanguage\":\"pl-PL\",\"potentialAction\":[{\"@type\":\"ReadAction\",\"target\":[\"https:\/\/amu.pan.pl\/dnnmp\/konferencje\/home-2\/program\/\"]}]},{\"@type\":\"BreadcrumbList\",\"@id\":\"https:\/\/amu.pan.pl\/dnnmp\/konferencje\/home-2\/program\/#breadcrumb\",\"itemListElement\":[{\"@type\":\"ListItem\",\"position\":1,\"name\":\"Strona g\u0142\u00f3wna\",\"item\":\"https:\/\/amu.pan.pl\/dnnmp\/\"},{\"@type\":\"ListItem\",\"position\":2,\"name\":\"Konferencje\",\"item\":\"https:\/\/amu.pan.pl\/dnnmp\/konferencje\/\"},{\"@type\":\"ListItem\",\"position\":3,\"name\":\"Luty 2023\",\"item\":\"https:\/\/amu.pan.pl\/dnnmp\/konferencje\/home-2\/\"},{\"@type\":\"ListItem\",\"position\":4,\"name\":\"Program\"}]},{\"@type\":\"WebSite\",\"@id\":\"https:\/\/amu.pan.pl\/dnnmp\/#website\",\"url\":\"https:\/\/amu.pan.pl\/dnnmp\/\",\"name\":\"Doskona\u0142o\u015b\u0107 naukowa nie ma p\u0142ci\",\"description\":\"Kolejna witryna sieci \u201eAkademia M\u0142odych Uczonych\u201d\",\"publisher\":{\"@id\":\"https:\/\/amu.pan.pl\/dnnmp\/#organization\"},\"potentialAction\":[{\"@type\":\"SearchAction\",\"target\":{\"@type\":\"EntryPoint\",\"urlTemplate\":\"https:\/\/amu.pan.pl\/dnnmp\/?s={search_term_string}\"},\"query-input\":{\"@type\":\"PropertyValueSpecification\",\"valueRequired\":true,\"valueName\":\"search_term_string\"}}],\"inLanguage\":\"pl-PL\"},{\"@type\":\"Organization\",\"@id\":\"https:\/\/amu.pan.pl\/dnnmp\/#organization\",\"name\":\"Doskona\u0142o\u015b\u0107 naukowa nie ma p\u0142ci\",\"url\":\"https:\/\/amu.pan.pl\/dnnmp\/\",\"logo\":{\"@type\":\"ImageObject\",\"inLanguage\":\"pl-PL\",\"@id\":\"https:\/\/amu.pan.pl\/dnnmp\/#\/schema\/logo\/image\/\",\"url\":\"https:\/\/amu.pan.pl\/dnnmp\/wp-content\/uploads\/sites\/6\/2023\/01\/logo_dnnmp-3.png\",\"contentUrl\":\"https:\/\/amu.pan.pl\/dnnmp\/wp-content\/uploads\/sites\/6\/2023\/01\/logo_dnnmp-3.png\",\"width\":213,\"height\":100,\"caption\":\"Doskona\u0142o\u015b\u0107 naukowa nie ma p\u0142ci\"},\"image\":{\"@id\":\"https:\/\/amu.pan.pl\/dnnmp\/#\/schema\/logo\/image\/\"},\"sameAs\":[\"https:\/\/www.facebook.com\/AkademiaMlodychUczonych\/\",\"https:\/\/x.com\/AMUPAN1\"]}]}<\/script>\n<!-- \/ Yoast SEO plugin. -->","yoast_head_json":{"title":"Program - Doskona\u0142o\u015b\u0107 naukowa nie ma p\u0142ci","robots":{"index":"index","follow":"follow","max-snippet":"max-snippet:-1","max-image-preview":"max-image-preview:large","max-video-preview":"max-video-preview:-1"},"canonical":"https:\/\/amu.pan.pl\/dnnmp\/konferencje\/home-2\/program\/","og_locale":"pl_PL","og_type":"article","og_title":"Program - Doskona\u0142o\u015b\u0107 naukowa nie ma p\u0142ci","og_description":"WST\u0118PNY PROGRAM 8:30 &#8211; 9:30 REJESTRACJA 9:00&nbsp; OTWARCIE 9:25 \u2013 10:40:&nbsp; SESJA I: Polska nauka w aspekcie r\u00f3wnego traktowania kobiet i m\u0119\u017cczyzn &#8211; prezentacja raport\u00f3w (Chairwoman: prof. UAM dr hab. ...","og_url":"https:\/\/amu.pan.pl\/dnnmp\/konferencje\/home-2\/program\/","og_site_name":"Doskona\u0142o\u015b\u0107 naukowa nie ma p\u0142ci","article_publisher":"https:\/\/www.facebook.com\/AkademiaMlodychUczonych\/","article_modified_time":"2023-03-06T14:57:30+00:00","twitter_card":"summary_large_image","twitter_site":"@AMUPAN1","twitter_misc":{"Szacowany czas czytania":"3 minuty"},"schema":{"@context":"https:\/\/schema.org","@graph":[{"@type":"WebPage","@id":"https:\/\/amu.pan.pl\/dnnmp\/konferencje\/home-2\/program\/","url":"https:\/\/amu.pan.pl\/dnnmp\/konferencje\/home-2\/program\/","name":"Program - Doskona\u0142o\u015b\u0107 naukowa nie ma p\u0142ci","isPartOf":{"@id":"https:\/\/amu.pan.pl\/dnnmp\/#website"},"datePublished":"2023-01-06T19:41:36+00:00","dateModified":"2023-03-06T14:57:30+00:00","breadcrumb":{"@id":"https:\/\/amu.pan.pl\/dnnmp\/konferencje\/home-2\/program\/#breadcrumb"},"inLanguage":"pl-PL","potentialAction":[{"@type":"ReadAction","target":["https:\/\/amu.pan.pl\/dnnmp\/konferencje\/home-2\/program\/"]}]},{"@type":"BreadcrumbList","@id":"https:\/\/amu.pan.pl\/dnnmp\/konferencje\/home-2\/program\/#breadcrumb","itemListElement":[{"@type":"ListItem","position":1,"name":"Strona g\u0142\u00f3wna","item":"https:\/\/amu.pan.pl\/dnnmp\/"},{"@type":"ListItem","position":2,"name":"Konferencje","item":"https:\/\/amu.pan.pl\/dnnmp\/konferencje\/"},{"@type":"ListItem","position":3,"name":"Luty 2023","item":"https:\/\/amu.pan.pl\/dnnmp\/konferencje\/home-2\/"},{"@type":"ListItem","position":4,"name":"Program"}]},{"@type":"WebSite","@id":"https:\/\/amu.pan.pl\/dnnmp\/#website","url":"https:\/\/amu.pan.pl\/dnnmp\/","name":"Doskona\u0142o\u015b\u0107 naukowa nie ma p\u0142ci","description":"Kolejna witryna sieci \u201eAkademia M\u0142odych Uczonych\u201d","publisher":{"@id":"https:\/\/amu.pan.pl\/dnnmp\/#organization"},"potentialAction":[{"@type":"SearchAction","target":{"@type":"EntryPoint","urlTemplate":"https:\/\/amu.pan.pl\/dnnmp\/?s={search_term_string}"},"query-input":{"@type":"PropertyValueSpecification","valueRequired":true,"valueName":"search_term_string"}}],"inLanguage":"pl-PL"},{"@type":"Organization","@id":"https:\/\/amu.pan.pl\/dnnmp\/#organization","name":"Doskona\u0142o\u015b\u0107 naukowa nie ma p\u0142ci","url":"https:\/\/amu.pan.pl\/dnnmp\/","logo":{"@type":"ImageObject","inLanguage":"pl-PL","@id":"https:\/\/amu.pan.pl\/dnnmp\/#\/schema\/logo\/image\/","url":"https:\/\/amu.pan.pl\/dnnmp\/wp-content\/uploads\/sites\/6\/2023\/01\/logo_dnnmp-3.png","contentUrl":"https:\/\/amu.pan.pl\/dnnmp\/wp-content\/uploads\/sites\/6\/2023\/01\/logo_dnnmp-3.png","width":213,"height":100,"caption":"Doskona\u0142o\u015b\u0107 naukowa nie ma p\u0142ci"},"image":{"@id":"https:\/\/amu.pan.pl\/dnnmp\/#\/schema\/logo\/image\/"},"sameAs":["https:\/\/www.facebook.com\/AkademiaMlodychUczonych\/","https:\/\/x.com\/AMUPAN1"]}]}},"_links":{"self":[{"href":"https:\/\/amu.pan.pl\/dnnmp\/wp-json\/wp\/v2\/pages\/46","targetHints":{"allow":["GET"]}}],"collection":[{"href":"https:\/\/amu.pan.pl\/dnnmp\/wp-json\/wp\/v2\/pages"}],"about":[{"href":"https:\/\/amu.pan.pl\/dnnmp\/wp-json\/wp\/v2\/types\/page"}],"author":[{"embeddable":true,"href":"https:\/\/amu.pan.pl\/dnnmp\/wp-json\/wp\/v2\/users\/2"}],"replies":[{"embeddable":true,"href":"https:\/\/amu.pan.pl\/dnnmp\/wp-json\/wp\/v2\/comments?post=46"}],"version-history":[{"count":80,"href":"https:\/\/amu.pan.pl\/dnnmp\/wp-json\/wp\/v2\/pages\/46\/revisions"}],"predecessor-version":[{"id":503,"href":"https:\/\/amu.pan.pl\/dnnmp\/wp-json\/wp\/v2\/pages\/46\/revisions\/503"}],"up":[{"embeddable":true,"href":"https:\/\/amu.pan.pl\/dnnmp\/wp-json\/wp\/v2\/pages\/33"}],"wp:attachment":[{"href":"https:\/\/amu.pan.pl\/dnnmp\/wp-json\/wp\/v2\/media?parent=46"}],"curies":[{"name":"wp","href":"https:\/\/api.w.org\/{rel}","templated":true}]}}