{"id":49,"date":"2023-01-06T20:41:57","date_gmt":"2023-01-06T19:41:57","guid":{"rendered":"https:\/\/amu.pan.pl\/dnnmp\/?page_id=49"},"modified":"2023-03-06T15:59:03","modified_gmt":"2023-03-06T14:59:03","slug":"rejestracja","status":"publish","type":"page","link":"https:\/\/amu.pan.pl\/dnnmp\/konferencje\/home-2\/rejestracja\/","title":{"rendered":"Rejestracja"},"content":{"rendered":"\t\t<div data-elementor-type=\"wp-page\" data-elementor-id=\"49\" class=\"elementor elementor-49\">\n\t\t\t\t\t\t<section class=\"elementor-section elementor-top-section elementor-element elementor-element-6596c23 elementor-section-boxed elementor-section-height-default elementor-section-height-default\" data-id=\"6596c23\" data-element_type=\"section\">\n\t\t\t\t\t\t<div class=\"elementor-container elementor-column-gap-default\">\n\t\t\t\t\t<div class=\"elementor-column elementor-col-100 elementor-top-column elementor-element elementor-element-a6f8f0e\" data-id=\"a6f8f0e\" data-element_type=\"column\">\n\t\t\t<div class=\"elementor-widget-wrap elementor-element-populated\">\n\t\t\t\t\t\t<div class=\"elementor-element elementor-element-45a1a70 elementor-widget elementor-widget-text-editor\" data-id=\"45a1a70\" data-element_type=\"widget\" data-widget_type=\"text-editor.default\">\n\t\t\t\t<div class=\"elementor-widget-container\">\n\t\t\t\t\t\t\t\t\t<h2>Rejestracja<\/h2>\t\t\t\t\t\t\t\t<\/div>\n\t\t\t\t<\/div>\n\t\t\t\t<div class=\"elementor-element elementor-element-b27988a elementor-widget elementor-widget-text-editor\" data-id=\"b27988a\" data-element_type=\"widget\" data-widget_type=\"text-editor.default\">\n\t\t\t\t<div class=\"elementor-widget-container\">\n\t\t\t\t\t\t\t\t\t<p>Rejestracja os\u00f3b bior\u0105cych udzia\u0142 w konferencji na miejscu, w Poznaniu zosta\u0142a <strong>zako\u0144czona<\/strong>. Wyczerpali\u015bmy limit miejsc. Dla pozosta\u0142ych ch\u0119tnych planujemy <strong>transmisj\u0119 online<\/strong>, szczeg\u00f3\u0142y niebawem.<\/p>\t\t\t\t\t\t\t\t<\/div>\n\t\t\t\t<\/div>\n\t\t\t\t\t<\/div>\n\t\t<\/div>\n\t\t\t\t\t<\/div>\n\t\t<\/section>\n\t\t\t\t<\/div>\n\t\t","protected":false},"excerpt":{"rendered":"<p>Rejestracja Rejestracja os\u00f3b bior\u0105cych udzia\u0142 w konferencji na miejscu, w Poznaniu zosta\u0142a zako\u0144czona. Wyczerpali\u015bmy limit miejsc. Dla pozosta\u0142ych ch\u0119tnych planujemy transmisj\u0119 online, szczeg\u00f3\u0142y niebawem.<\/p>\n","protected":false},"author":2,"featured_media":0,"parent":33,"menu_order":0,"comment_status":"closed","ping_status":"closed","template":"","meta":{"_monsterinsights_skip_tracking":false,"_monsterinsights_sitenote_active":false,"_monsterinsights_sitenote_note":"","_monsterinsights_sitenote_category":0,"footnotes":""},"class_list":["post-49","page","type-page","status-publish","hentry"],"yoast_head":"<!-- This site is optimized with the Yoast SEO plugin v25.0 - https:\/\/yoast.com\/wordpress\/plugins\/seo\/ -->\n<title>Rejestracja - Doskona\u0142o\u015b\u0107 naukowa nie ma p\u0142ci<\/title>\n<meta name=\"robots\" content=\"index, follow, max-snippet:-1, max-image-preview:large, max-video-preview:-1\" \/>\n<link rel=\"canonical\" href=\"https:\/\/amu.pan.pl\/dnnmp\/konferencje\/home-2\/rejestracja\/\" \/>\n<meta property=\"og:locale\" content=\"pl_PL\" \/>\n<meta property=\"og:type\" content=\"article\" \/>\n<meta property=\"og:title\" content=\"Rejestracja - Doskona\u0142o\u015b\u0107 naukowa nie ma p\u0142ci\" \/>\n<meta property=\"og:description\" content=\"Rejestracja Rejestracja os\u00f3b bior\u0105cych udzia\u0142 w konferencji na miejscu, w Poznaniu zosta\u0142a zako\u0144czona. Wyczerpali\u015bmy limit miejsc. Dla pozosta\u0142ych ch\u0119tnych planujemy transmisj\u0119 online, szczeg\u00f3\u0142y niebawem.\" \/>\n<meta property=\"og:url\" content=\"https:\/\/amu.pan.pl\/dnnmp\/konferencje\/home-2\/rejestracja\/\" \/>\n<meta property=\"og:site_name\" content=\"Doskona\u0142o\u015b\u0107 naukowa nie ma p\u0142ci\" \/>\n<meta property=\"article:publisher\" content=\"https:\/\/www.facebook.com\/AkademiaMlodychUczonych\/\" \/>\n<meta property=\"article:modified_time\" content=\"2023-03-06T14:59:03+00:00\" \/>\n<meta name=\"twitter:card\" content=\"summary_large_image\" \/>\n<meta name=\"twitter:site\" content=\"@AMUPAN1\" \/>\n<meta name=\"twitter:label1\" content=\"Szacowany czas czytania\" \/>\n\t<meta name=\"twitter:data1\" content=\"1 minuta\" \/>\n<script type=\"application\/ld+json\" class=\"yoast-schema-graph\">{\"@context\":\"https:\/\/schema.org\",\"@graph\":[{\"@type\":\"WebPage\",\"@id\":\"https:\/\/amu.pan.pl\/dnnmp\/konferencje\/home-2\/rejestracja\/\",\"url\":\"https:\/\/amu.pan.pl\/dnnmp\/konferencje\/home-2\/rejestracja\/\",\"name\":\"Rejestracja - Doskona\u0142o\u015b\u0107 naukowa nie ma p\u0142ci\",\"isPartOf\":{\"@id\":\"https:\/\/amu.pan.pl\/dnnmp\/#website\"},\"datePublished\":\"2023-01-06T19:41:57+00:00\",\"dateModified\":\"2023-03-06T14:59:03+00:00\",\"breadcrumb\":{\"@id\":\"https:\/\/amu.pan.pl\/dnnmp\/konferencje\/home-2\/rejestracja\/#breadcrumb\"},\"inLanguage\":\"pl-PL\",\"potentialAction\":[{\"@type\":\"ReadAction\",\"target\":[\"https:\/\/amu.pan.pl\/dnnmp\/konferencje\/home-2\/rejestracja\/\"]}]},{\"@type\":\"BreadcrumbList\",\"@id\":\"https:\/\/amu.pan.pl\/dnnmp\/konferencje\/home-2\/rejestracja\/#breadcrumb\",\"itemListElement\":[{\"@type\":\"ListItem\",\"position\":1,\"name\":\"Strona g\u0142\u00f3wna\",\"item\":\"https:\/\/amu.pan.pl\/dnnmp\/\"},{\"@type\":\"ListItem\",\"position\":2,\"name\":\"Konferencje\",\"item\":\"https:\/\/amu.pan.pl\/dnnmp\/konferencje\/\"},{\"@type\":\"ListItem\",\"position\":3,\"name\":\"Luty 2023\",\"item\":\"https:\/\/amu.pan.pl\/dnnmp\/konferencje\/home-2\/\"},{\"@type\":\"ListItem\",\"position\":4,\"name\":\"Rejestracja\"}]},{\"@type\":\"WebSite\",\"@id\":\"https:\/\/amu.pan.pl\/dnnmp\/#website\",\"url\":\"https:\/\/amu.pan.pl\/dnnmp\/\",\"name\":\"Doskona\u0142o\u015b\u0107 naukowa nie ma p\u0142ci\",\"description\":\"Kolejna witryna sieci \u201eAkademia M\u0142odych Uczonych\u201d\",\"publisher\":{\"@id\":\"https:\/\/amu.pan.pl\/dnnmp\/#organization\"},\"potentialAction\":[{\"@type\":\"SearchAction\",\"target\":{\"@type\":\"EntryPoint\",\"urlTemplate\":\"https:\/\/amu.pan.pl\/dnnmp\/?s={search_term_string}\"},\"query-input\":{\"@type\":\"PropertyValueSpecification\",\"valueRequired\":true,\"valueName\":\"search_term_string\"}}],\"inLanguage\":\"pl-PL\"},{\"@type\":\"Organization\",\"@id\":\"https:\/\/amu.pan.pl\/dnnmp\/#organization\",\"name\":\"Doskona\u0142o\u015b\u0107 naukowa nie ma p\u0142ci\",\"url\":\"https:\/\/amu.pan.pl\/dnnmp\/\",\"logo\":{\"@type\":\"ImageObject\",\"inLanguage\":\"pl-PL\",\"@id\":\"https:\/\/amu.pan.pl\/dnnmp\/#\/schema\/logo\/image\/\",\"url\":\"https:\/\/amu.pan.pl\/dnnmp\/wp-content\/uploads\/sites\/6\/2023\/01\/logo_dnnmp-3.png\",\"contentUrl\":\"https:\/\/amu.pan.pl\/dnnmp\/wp-content\/uploads\/sites\/6\/2023\/01\/logo_dnnmp-3.png\",\"width\":213,\"height\":100,\"caption\":\"Doskona\u0142o\u015b\u0107 naukowa nie ma p\u0142ci\"},\"image\":{\"@id\":\"https:\/\/amu.pan.pl\/dnnmp\/#\/schema\/logo\/image\/\"},\"sameAs\":[\"https:\/\/www.facebook.com\/AkademiaMlodychUczonych\/\",\"https:\/\/x.com\/AMUPAN1\"]}]}<\/script>\n<!-- \/ Yoast SEO plugin. -->","yoast_head_json":{"title":"Rejestracja - Doskona\u0142o\u015b\u0107 naukowa nie ma p\u0142ci","robots":{"index":"index","follow":"follow","max-snippet":"max-snippet:-1","max-image-preview":"max-image-preview:large","max-video-preview":"max-video-preview:-1"},"canonical":"https:\/\/amu.pan.pl\/dnnmp\/konferencje\/home-2\/rejestracja\/","og_locale":"pl_PL","og_type":"article","og_title":"Rejestracja - Doskona\u0142o\u015b\u0107 naukowa nie ma p\u0142ci","og_description":"Rejestracja Rejestracja os\u00f3b bior\u0105cych udzia\u0142 w konferencji na miejscu, w Poznaniu zosta\u0142a zako\u0144czona. Wyczerpali\u015bmy limit miejsc. Dla pozosta\u0142ych ch\u0119tnych planujemy transmisj\u0119 online, szczeg\u00f3\u0142y niebawem.","og_url":"https:\/\/amu.pan.pl\/dnnmp\/konferencje\/home-2\/rejestracja\/","og_site_name":"Doskona\u0142o\u015b\u0107 naukowa nie ma p\u0142ci","article_publisher":"https:\/\/www.facebook.com\/AkademiaMlodychUczonych\/","article_modified_time":"2023-03-06T14:59:03+00:00","twitter_card":"summary_large_image","twitter_site":"@AMUPAN1","twitter_misc":{"Szacowany czas czytania":"1 minuta"},"schema":{"@context":"https:\/\/schema.org","@graph":[{"@type":"WebPage","@id":"https:\/\/amu.pan.pl\/dnnmp\/konferencje\/home-2\/rejestracja\/","url":"https:\/\/amu.pan.pl\/dnnmp\/konferencje\/home-2\/rejestracja\/","name":"Rejestracja - Doskona\u0142o\u015b\u0107 naukowa nie ma p\u0142ci","isPartOf":{"@id":"https:\/\/amu.pan.pl\/dnnmp\/#website"},"datePublished":"2023-01-06T19:41:57+00:00","dateModified":"2023-03-06T14:59:03+00:00","breadcrumb":{"@id":"https:\/\/amu.pan.pl\/dnnmp\/konferencje\/home-2\/rejestracja\/#breadcrumb"},"inLanguage":"pl-PL","potentialAction":[{"@type":"ReadAction","target":["https:\/\/amu.pan.pl\/dnnmp\/konferencje\/home-2\/rejestracja\/"]}]},{"@type":"BreadcrumbList","@id":"https:\/\/amu.pan.pl\/dnnmp\/konferencje\/home-2\/rejestracja\/#breadcrumb","itemListElement":[{"@type":"ListItem","position":1,"name":"Strona g\u0142\u00f3wna","item":"https:\/\/amu.pan.pl\/dnnmp\/"},{"@type":"ListItem","position":2,"name":"Konferencje","item":"https:\/\/amu.pan.pl\/dnnmp\/konferencje\/"},{"@type":"ListItem","position":3,"name":"Luty 2023","item":"https:\/\/amu.pan.pl\/dnnmp\/konferencje\/home-2\/"},{"@type":"ListItem","position":4,"name":"Rejestracja"}]},{"@type":"WebSite","@id":"https:\/\/amu.pan.pl\/dnnmp\/#website","url":"https:\/\/amu.pan.pl\/dnnmp\/","name":"Doskona\u0142o\u015b\u0107 naukowa nie ma p\u0142ci","description":"Kolejna witryna sieci \u201eAkademia M\u0142odych Uczonych\u201d","publisher":{"@id":"https:\/\/amu.pan.pl\/dnnmp\/#organization"},"potentialAction":[{"@type":"SearchAction","target":{"@type":"EntryPoint","urlTemplate":"https:\/\/amu.pan.pl\/dnnmp\/?s={search_term_string}"},"query-input":{"@type":"PropertyValueSpecification","valueRequired":true,"valueName":"search_term_string"}}],"inLanguage":"pl-PL"},{"@type":"Organization","@id":"https:\/\/amu.pan.pl\/dnnmp\/#organization","name":"Doskona\u0142o\u015b\u0107 naukowa nie ma p\u0142ci","url":"https:\/\/amu.pan.pl\/dnnmp\/","logo":{"@type":"ImageObject","inLanguage":"pl-PL","@id":"https:\/\/amu.pan.pl\/dnnmp\/#\/schema\/logo\/image\/","url":"https:\/\/amu.pan.pl\/dnnmp\/wp-content\/uploads\/sites\/6\/2023\/01\/logo_dnnmp-3.png","contentUrl":"https:\/\/amu.pan.pl\/dnnmp\/wp-content\/uploads\/sites\/6\/2023\/01\/logo_dnnmp-3.png","width":213,"height":100,"caption":"Doskona\u0142o\u015b\u0107 naukowa nie ma p\u0142ci"},"image":{"@id":"https:\/\/amu.pan.pl\/dnnmp\/#\/schema\/logo\/image\/"},"sameAs":["https:\/\/www.facebook.com\/AkademiaMlodychUczonych\/","https:\/\/x.com\/AMUPAN1"]}]}},"_links":{"self":[{"href":"https:\/\/amu.pan.pl\/dnnmp\/wp-json\/wp\/v2\/pages\/49","targetHints":{"allow":["GET"]}}],"collection":[{"href":"https:\/\/amu.pan.pl\/dnnmp\/wp-json\/wp\/v2\/pages"}],"about":[{"href":"https:\/\/amu.pan.pl\/dnnmp\/wp-json\/wp\/v2\/types\/page"}],"author":[{"embeddable":true,"href":"https:\/\/amu.pan.pl\/dnnmp\/wp-json\/wp\/v2\/users\/2"}],"replies":[{"embeddable":true,"href":"https:\/\/amu.pan.pl\/dnnmp\/wp-json\/wp\/v2\/comments?post=49"}],"version-history":[{"count":20,"href":"https:\/\/amu.pan.pl\/dnnmp\/wp-json\/wp\/v2\/pages\/49\/revisions"}],"predecessor-version":[{"id":510,"href":"https:\/\/amu.pan.pl\/dnnmp\/wp-json\/wp\/v2\/pages\/49\/revisions\/510"}],"up":[{"embeddable":true,"href":"https:\/\/amu.pan.pl\/dnnmp\/wp-json\/wp\/v2\/pages\/33"}],"wp:attachment":[{"href":"https:\/\/amu.pan.pl\/dnnmp\/wp-json\/wp\/v2\/media?parent=49"}],"curies":[{"name":"wp","href":"https:\/\/api.w.org\/{rel}","templated":true}]}}