{"id":500,"date":"2023-03-06T15:50:16","date_gmt":"2023-03-06T14:50:16","guid":{"rendered":"https:\/\/amu.pan.pl\/dnnmp\/?page_id=500"},"modified":"2023-03-06T16:08:07","modified_gmt":"2023-03-06T15:08:07","slug":"konferencje","status":"publish","type":"page","link":"https:\/\/amu.pan.pl\/dnnmp\/konferencje\/","title":{"rendered":"Konferencje"},"content":{"rendered":"\t\t<div data-elementor-type=\"wp-page\" data-elementor-id=\"500\" class=\"elementor elementor-500\">\n\t\t\t\t\t\t<section class=\"elementor-section elementor-top-section elementor-element elementor-element-ef453ac elementor-section-boxed elementor-section-height-default elementor-section-height-default\" data-id=\"ef453ac\" data-element_type=\"section\">\n\t\t\t\t\t\t<div class=\"elementor-container elementor-column-gap-default\">\n\t\t\t\t\t<div class=\"elementor-column elementor-col-100 elementor-top-column elementor-element elementor-element-00b0847\" data-id=\"00b0847\" data-element_type=\"column\">\n\t\t\t<div class=\"elementor-widget-wrap elementor-element-populated\">\n\t\t\t\t\t\t<div class=\"elementor-element elementor-element-95ea362 elementor-view-default elementor-position-top elementor-mobile-position-top elementor-widget elementor-widget-icon-box\" data-id=\"95ea362\" data-element_type=\"widget\" data-widget_type=\"icon-box.default\">\n\t\t\t\t<div class=\"elementor-widget-container\">\n\t\t\t\t\t\t\t<div class=\"elementor-icon-box-wrapper\">\n\n\t\t\t\t\t\t<div class=\"elementor-icon-box-icon\">\n\t\t\t\t<a href=\"https:\/\/amu.pan.pl\/dnnmp\/konferencje\/home-2\/\" class=\"elementor-icon\" tabindex=\"-1\" aria-label=\"Luty 2023 - Pozna\u0144\">\n\t\t\t\t<i aria-hidden=\"true\" class=\"fas fa-star\"><\/i>\t\t\t\t<\/a>\n\t\t\t<\/div>\n\t\t\t\n\t\t\t\t\t\t<div class=\"elementor-icon-box-content\">\n\n\t\t\t\t\t\t\t\t\t<h3 class=\"elementor-icon-box-title\">\n\t\t\t\t\t\t<a href=\"https:\/\/amu.pan.pl\/dnnmp\/konferencje\/home-2\/\" >\n\t\t\t\t\t\t\tLuty 2023 - Pozna\u0144\t\t\t\t\t\t<\/a>\n\t\t\t\t\t<\/h3>\n\t\t\t\t\n\t\t\t\t\n\t\t\t<\/div>\n\t\t\t\n\t\t<\/div>\n\t\t\t\t\t\t<\/div>\n\t\t\t\t<\/div>\n\t\t\t\t\t<\/div>\n\t\t<\/div>\n\t\t\t\t\t<\/div>\n\t\t<\/section>\n\t\t\t\t<\/div>\n\t\t","protected":false},"excerpt":{"rendered":"<p>Luty 2023 &#8211; Pozna\u0144<\/p>\n","protected":false},"author":2,"featured_media":0,"parent":0,"menu_order":0,"comment_status":"closed","ping_status":"closed","template":"","meta":{"_monsterinsights_skip_tracking":false,"_monsterinsights_sitenote_active":false,"_monsterinsights_sitenote_note":"","_monsterinsights_sitenote_category":0,"footnotes":""},"class_list":["post-500","page","type-page","status-publish","hentry"],"yoast_head":"<!-- This site is optimized with the Yoast SEO plugin v25.0 - https:\/\/yoast.com\/wordpress\/plugins\/seo\/ -->\n<title>Konferencje - Doskona\u0142o\u015b\u0107 naukowa nie ma p\u0142ci<\/title>\n<meta name=\"description\" content=\"Strona zawieraj\u0105ce informacje o konferencjach organizowanych w ramach inicjatywy Doskona\u0142o\u015b\u0107 Naukowa Nie Ma P\u0142ci\" \/>\n<meta name=\"robots\" content=\"index, follow, max-snippet:-1, max-image-preview:large, max-video-preview:-1\" \/>\n<link rel=\"canonical\" href=\"https:\/\/amu.pan.pl\/dnnmp\/konferencje\/\" \/>\n<meta property=\"og:locale\" content=\"pl_PL\" \/>\n<meta property=\"og:type\" content=\"article\" \/>\n<meta property=\"og:title\" content=\"Konferencje - Doskona\u0142o\u015b\u0107 naukowa nie ma p\u0142ci\" \/>\n<meta property=\"og:description\" content=\"Strona zawieraj\u0105ce informacje o konferencjach organizowanych w ramach inicjatywy Doskona\u0142o\u015b\u0107 Naukowa Nie Ma P\u0142ci\" \/>\n<meta property=\"og:url\" content=\"https:\/\/amu.pan.pl\/dnnmp\/konferencje\/\" \/>\n<meta property=\"og:site_name\" content=\"Doskona\u0142o\u015b\u0107 naukowa nie ma p\u0142ci\" \/>\n<meta property=\"article:publisher\" content=\"https:\/\/www.facebook.com\/AkademiaMlodychUczonych\/\" \/>\n<meta property=\"article:modified_time\" content=\"2023-03-06T15:08:07+00:00\" \/>\n<meta name=\"twitter:card\" content=\"summary_large_image\" \/>\n<meta name=\"twitter:site\" content=\"@AMUPAN1\" \/>\n<meta name=\"twitter:label1\" content=\"Szacowany czas czytania\" \/>\n\t<meta name=\"twitter:data1\" content=\"1 minuta\" \/>\n<script type=\"application\/ld+json\" class=\"yoast-schema-graph\">{\"@context\":\"https:\/\/schema.org\",\"@graph\":[{\"@type\":\"WebPage\",\"@id\":\"https:\/\/amu.pan.pl\/dnnmp\/konferencje\/\",\"url\":\"https:\/\/amu.pan.pl\/dnnmp\/konferencje\/\",\"name\":\"Konferencje - Doskona\u0142o\u015b\u0107 naukowa nie ma p\u0142ci\",\"isPartOf\":{\"@id\":\"https:\/\/amu.pan.pl\/dnnmp\/#website\"},\"datePublished\":\"2023-03-06T14:50:16+00:00\",\"dateModified\":\"2023-03-06T15:08:07+00:00\",\"description\":\"Strona zawieraj\u0105ce informacje o konferencjach organizowanych w ramach inicjatywy Doskona\u0142o\u015b\u0107 Naukowa Nie Ma P\u0142ci\",\"breadcrumb\":{\"@id\":\"https:\/\/amu.pan.pl\/dnnmp\/konferencje\/#breadcrumb\"},\"inLanguage\":\"pl-PL\",\"potentialAction\":[{\"@type\":\"ReadAction\",\"target\":[\"https:\/\/amu.pan.pl\/dnnmp\/konferencje\/\"]}]},{\"@type\":\"BreadcrumbList\",\"@id\":\"https:\/\/amu.pan.pl\/dnnmp\/konferencje\/#breadcrumb\",\"itemListElement\":[{\"@type\":\"ListItem\",\"position\":1,\"name\":\"Strona g\u0142\u00f3wna\",\"item\":\"https:\/\/amu.pan.pl\/dnnmp\/\"},{\"@type\":\"ListItem\",\"position\":2,\"name\":\"Konferencje\"}]},{\"@type\":\"WebSite\",\"@id\":\"https:\/\/amu.pan.pl\/dnnmp\/#website\",\"url\":\"https:\/\/amu.pan.pl\/dnnmp\/\",\"name\":\"Doskona\u0142o\u015b\u0107 naukowa nie ma p\u0142ci\",\"description\":\"Kolejna witryna sieci \u201eAkademia M\u0142odych Uczonych\u201d\",\"publisher\":{\"@id\":\"https:\/\/amu.pan.pl\/dnnmp\/#organization\"},\"potentialAction\":[{\"@type\":\"SearchAction\",\"target\":{\"@type\":\"EntryPoint\",\"urlTemplate\":\"https:\/\/amu.pan.pl\/dnnmp\/?s={search_term_string}\"},\"query-input\":{\"@type\":\"PropertyValueSpecification\",\"valueRequired\":true,\"valueName\":\"search_term_string\"}}],\"inLanguage\":\"pl-PL\"},{\"@type\":\"Organization\",\"@id\":\"https:\/\/amu.pan.pl\/dnnmp\/#organization\",\"name\":\"Doskona\u0142o\u015b\u0107 naukowa nie ma p\u0142ci\",\"url\":\"https:\/\/amu.pan.pl\/dnnmp\/\",\"logo\":{\"@type\":\"ImageObject\",\"inLanguage\":\"pl-PL\",\"@id\":\"https:\/\/amu.pan.pl\/dnnmp\/#\/schema\/logo\/image\/\",\"url\":\"https:\/\/amu.pan.pl\/dnnmp\/wp-content\/uploads\/sites\/6\/2023\/01\/logo_dnnmp-3.png\",\"contentUrl\":\"https:\/\/amu.pan.pl\/dnnmp\/wp-content\/uploads\/sites\/6\/2023\/01\/logo_dnnmp-3.png\",\"width\":213,\"height\":100,\"caption\":\"Doskona\u0142o\u015b\u0107 naukowa nie ma p\u0142ci\"},\"image\":{\"@id\":\"https:\/\/amu.pan.pl\/dnnmp\/#\/schema\/logo\/image\/\"},\"sameAs\":[\"https:\/\/www.facebook.com\/AkademiaMlodychUczonych\/\",\"https:\/\/x.com\/AMUPAN1\"]}]}<\/script>\n<!-- \/ Yoast SEO plugin. -->","yoast_head_json":{"title":"Konferencje - Doskona\u0142o\u015b\u0107 naukowa nie ma p\u0142ci","description":"Strona zawieraj\u0105ce informacje o konferencjach organizowanych w ramach inicjatywy Doskona\u0142o\u015b\u0107 Naukowa Nie Ma P\u0142ci","robots":{"index":"index","follow":"follow","max-snippet":"max-snippet:-1","max-image-preview":"max-image-preview:large","max-video-preview":"max-video-preview:-1"},"canonical":"https:\/\/amu.pan.pl\/dnnmp\/konferencje\/","og_locale":"pl_PL","og_type":"article","og_title":"Konferencje - Doskona\u0142o\u015b\u0107 naukowa nie ma p\u0142ci","og_description":"Strona zawieraj\u0105ce informacje o konferencjach organizowanych w ramach inicjatywy Doskona\u0142o\u015b\u0107 Naukowa Nie Ma P\u0142ci","og_url":"https:\/\/amu.pan.pl\/dnnmp\/konferencje\/","og_site_name":"Doskona\u0142o\u015b\u0107 naukowa nie ma p\u0142ci","article_publisher":"https:\/\/www.facebook.com\/AkademiaMlodychUczonych\/","article_modified_time":"2023-03-06T15:08:07+00:00","twitter_card":"summary_large_image","twitter_site":"@AMUPAN1","twitter_misc":{"Szacowany czas czytania":"1 minuta"},"schema":{"@context":"https:\/\/schema.org","@graph":[{"@type":"WebPage","@id":"https:\/\/amu.pan.pl\/dnnmp\/konferencje\/","url":"https:\/\/amu.pan.pl\/dnnmp\/konferencje\/","name":"Konferencje - Doskona\u0142o\u015b\u0107 naukowa nie ma p\u0142ci","isPartOf":{"@id":"https:\/\/amu.pan.pl\/dnnmp\/#website"},"datePublished":"2023-03-06T14:50:16+00:00","dateModified":"2023-03-06T15:08:07+00:00","description":"Strona zawieraj\u0105ce informacje o konferencjach organizowanych w ramach inicjatywy Doskona\u0142o\u015b\u0107 Naukowa Nie Ma P\u0142ci","breadcrumb":{"@id":"https:\/\/amu.pan.pl\/dnnmp\/konferencje\/#breadcrumb"},"inLanguage":"pl-PL","potentialAction":[{"@type":"ReadAction","target":["https:\/\/amu.pan.pl\/dnnmp\/konferencje\/"]}]},{"@type":"BreadcrumbList","@id":"https:\/\/amu.pan.pl\/dnnmp\/konferencje\/#breadcrumb","itemListElement":[{"@type":"ListItem","position":1,"name":"Strona g\u0142\u00f3wna","item":"https:\/\/amu.pan.pl\/dnnmp\/"},{"@type":"ListItem","position":2,"name":"Konferencje"}]},{"@type":"WebSite","@id":"https:\/\/amu.pan.pl\/dnnmp\/#website","url":"https:\/\/amu.pan.pl\/dnnmp\/","name":"Doskona\u0142o\u015b\u0107 naukowa nie ma p\u0142ci","description":"Kolejna witryna sieci \u201eAkademia M\u0142odych Uczonych\u201d","publisher":{"@id":"https:\/\/amu.pan.pl\/dnnmp\/#organization"},"potentialAction":[{"@type":"SearchAction","target":{"@type":"EntryPoint","urlTemplate":"https:\/\/amu.pan.pl\/dnnmp\/?s={search_term_string}"},"query-input":{"@type":"PropertyValueSpecification","valueRequired":true,"valueName":"search_term_string"}}],"inLanguage":"pl-PL"},{"@type":"Organization","@id":"https:\/\/amu.pan.pl\/dnnmp\/#organization","name":"Doskona\u0142o\u015b\u0107 naukowa nie ma p\u0142ci","url":"https:\/\/amu.pan.pl\/dnnmp\/","logo":{"@type":"ImageObject","inLanguage":"pl-PL","@id":"https:\/\/amu.pan.pl\/dnnmp\/#\/schema\/logo\/image\/","url":"https:\/\/amu.pan.pl\/dnnmp\/wp-content\/uploads\/sites\/6\/2023\/01\/logo_dnnmp-3.png","contentUrl":"https:\/\/amu.pan.pl\/dnnmp\/wp-content\/uploads\/sites\/6\/2023\/01\/logo_dnnmp-3.png","width":213,"height":100,"caption":"Doskona\u0142o\u015b\u0107 naukowa nie ma p\u0142ci"},"image":{"@id":"https:\/\/amu.pan.pl\/dnnmp\/#\/schema\/logo\/image\/"},"sameAs":["https:\/\/www.facebook.com\/AkademiaMlodychUczonych\/","https:\/\/x.com\/AMUPAN1"]}]}},"_links":{"self":[{"href":"https:\/\/amu.pan.pl\/dnnmp\/wp-json\/wp\/v2\/pages\/500","targetHints":{"allow":["GET"]}}],"collection":[{"href":"https:\/\/amu.pan.pl\/dnnmp\/wp-json\/wp\/v2\/pages"}],"about":[{"href":"https:\/\/amu.pan.pl\/dnnmp\/wp-json\/wp\/v2\/types\/page"}],"author":[{"embeddable":true,"href":"https:\/\/amu.pan.pl\/dnnmp\/wp-json\/wp\/v2\/users\/2"}],"replies":[{"embeddable":true,"href":"https:\/\/amu.pan.pl\/dnnmp\/wp-json\/wp\/v2\/comments?post=500"}],"version-history":[{"count":7,"href":"https:\/\/amu.pan.pl\/dnnmp\/wp-json\/wp\/v2\/pages\/500\/revisions"}],"predecessor-version":[{"id":516,"href":"https:\/\/amu.pan.pl\/dnnmp\/wp-json\/wp\/v2\/pages\/500\/revisions\/516"}],"wp:attachment":[{"href":"https:\/\/amu.pan.pl\/dnnmp\/wp-json\/wp\/v2\/media?parent=500"}],"curies":[{"name":"wp","href":"https:\/\/api.w.org\/{rel}","templated":true}]}}