{"id":10,"date":"2013-11-16T00:00:00","date_gmt":"2013-11-15T23:00:00","guid":{"rendered":"https:\/\/amu.pan.pl\/test\/2013\/11\/16\/getting-started\/"},"modified":"2024-04-19T09:56:54","modified_gmt":"2024-04-19T07:56:54","slug":"wladze","status":"publish","type":"page","link":"https:\/\/amu.pan.pl\/en\/wladze\/","title":{"rendered":"AMU authorities"},"content":{"rendered":"<div data-elementor-type=\"wp-page\" data-elementor-id=\"10\" class=\"elementor elementor-10\">\n\t\t\t\t\t\t<section class=\"elementor-section elementor-top-section elementor-element elementor-element-328f46e elementor-section-boxed elementor-section-height-default elementor-section-height-default\" data-id=\"328f46e\" data-element_type=\"section\">\n\t\t\t\t\t\t<div class=\"elementor-container elementor-column-gap-default\">\n\t\t\t\t\t<div class=\"elementor-column elementor-col-100 elementor-top-column elementor-element elementor-element-82c0ffb\" data-id=\"82c0ffb\" data-element_type=\"column\">\n\t\t\t<div class=\"elementor-widget-wrap elementor-element-populated\">\n\t\t\t\t\t\t<div class=\"elementor-element elementor-element-94b16ed elementor-position-left elementor-vertical-align-middle elementor-widget elementor-widget-image-box\" data-id=\"94b16ed\" data-element_type=\"widget\" data-widget_type=\"image-box.default\">\n\t\t\t\t<div class=\"elementor-widget-container\">\n\t\t\t\t\t<div class=\"elementor-image-box-wrapper\"><figure class=\"elementor-image-box-img\"><a href=\"https:\/\/amu.pan.pl\/maciej-salaga\/\" tabindex=\"-1\"><img decoding=\"async\" width=\"150\" height=\"150\" src=\"https:\/\/amu.pan.pl\/wp-content\/uploads\/2022\/01\/IMG_20210629_094747-150x150.jpg\" class=\"elementor-animation-grow attachment-thumbnail size-thumbnail wp-image-4345\" alt=\"\" \/><\/a><\/figure><div class=\"elementor-image-box-content\"><h2 class=\"elementor-image-box-title\"><a href=\"https:\/\/amu.pan.pl\/maciej-salaga\/\">prof. dr hab. n. med. Maciej Sa\u0142aga<\/a><\/h2><p class=\"elementor-image-box-description\">Chairman<\/p><\/div><\/div>\t\t\t\t<\/div>\n\t\t\t\t<\/div>\n\t\t\t\t<div class=\"elementor-element elementor-element-72f9f8b elementor-position-left elementor-vertical-align-middle elementor-widget elementor-widget-image-box\" data-id=\"72f9f8b\" data-element_type=\"widget\" data-widget_type=\"image-box.default\">\n\t\t\t\t<div class=\"elementor-widget-container\">\n\t\t\t\t\t<div class=\"elementor-image-box-wrapper\"><figure class=\"elementor-image-box-img\"><a href=\"https:\/\/amu.pan.pl\/andrzej-katunin\/\" tabindex=\"-1\"><img decoding=\"async\" width=\"150\" height=\"150\" src=\"https:\/\/amu.pan.pl\/wp-content\/uploads\/2022\/01\/4_-150x150.jpg\" class=\"elementor-animation-grow attachment-thumbnail size-thumbnail wp-image-4318\" alt=\"\" srcset=\"https:\/\/amu.pan.pl\/wp-content\/uploads\/2022\/01\/4_-150x150.jpg 150w, https:\/\/amu.pan.pl\/wp-content\/uploads\/2022\/01\/4_-300x300.jpg 300w, https:\/\/amu.pan.pl\/wp-content\/uploads\/2022\/01\/4_-1024x1024.jpg 1024w, https:\/\/amu.pan.pl\/wp-content\/uploads\/2022\/01\/4_-768x768.jpg 768w, https:\/\/amu.pan.pl\/wp-content\/uploads\/2022\/01\/4_-1536x1536.jpg 1536w, https:\/\/amu.pan.pl\/wp-content\/uploads\/2022\/01\/4_-12x12.jpg 12w, https:\/\/amu.pan.pl\/wp-content\/uploads\/2022\/01\/4_.jpg 1972w\" sizes=\"(max-width: 150px) 100vw, 150px\" \/><\/a><\/figure><div class=\"elementor-image-box-content\"><h2 class=\"elementor-image-box-title\"><a href=\"https:\/\/amu.pan.pl\/andrzej-katunin\/\">dr hab. in\u017c. Andrzej Katunin, prof. P\u015a<\/a><\/h2><p class=\"elementor-image-box-description\">Deputy<\/p><\/div><\/div>\t\t\t\t<\/div>\n\t\t\t\t<\/div>\n\t\t\t\t<div class=\"elementor-element elementor-element-5238f58 elementor-position-left elementor-vertical-align-middle elementor-widget elementor-widget-image-box\" data-id=\"5238f58\" data-element_type=\"widget\" data-widget_type=\"image-box.default\">\n\t\t\t\t<div class=\"elementor-widget-container\">\n\t\t\t\t\t<div class=\"elementor-image-box-wrapper\"><figure class=\"elementor-image-box-img\"><a href=\"https:\/\/amu.pan.pl\/marzena-smol\/\" tabindex=\"-1\"><img decoding=\"async\" width=\"150\" height=\"150\" src=\"https:\/\/amu.pan.pl\/wp-content\/uploads\/2022\/02\/155174376_2811614345717908_5093056683195365709_n-1-150x150.jpg\" class=\"elementor-animation-grow attachment-thumbnail size-thumbnail wp-image-4441\" alt=\"\" \/><\/a><\/figure><div class=\"elementor-image-box-content\"><h2 class=\"elementor-image-box-title\"><a href=\"https:\/\/amu.pan.pl\/marzena-smol\/\">dr hab. Marzena Smol-Aruszanjan, prof. IGSMiE PAN <\/a><\/h2><p class=\"elementor-image-box-description\">Substitute<\/p><\/div><\/div>\t\t\t\t<\/div>\n\t\t\t\t<\/div>\n\t\t\t\t<div class=\"elementor-element elementor-element-beacc6e elementor-position-left elementor-vertical-align-middle elementor-widget elementor-widget-image-box\" data-id=\"beacc6e\" data-element_type=\"widget\" data-widget_type=\"image-box.default\">\n\t\t\t\t<div class=\"elementor-widget-container\">\n\t\t\t\t\t<div class=\"elementor-image-box-wrapper\"><figure class=\"elementor-image-box-img\"><a href=\"https:\/\/amu.pan.pl\/lukasz-sadowski\/\" tabindex=\"-1\"><img loading=\"lazy\" decoding=\"async\" width=\"150\" height=\"150\" src=\"https:\/\/amu.pan.pl\/wp-content\/uploads\/2024\/03\/prof_lukasz_sadowski-1-150x150.jpg\" class=\"elementor-animation-grow attachment-thumbnail size-thumbnail wp-image-5211\" alt=\"\" \/><\/a><\/figure><div class=\"elementor-image-box-content\"><h2 class=\"elementor-image-box-title\"><a href=\"https:\/\/amu.pan.pl\/lukasz-sadowski\/\">prof. dr hab. in\u017c. \u0141ukasz Sadowski <\/a><\/h2><p class=\"elementor-image-box-description\">Deputy<\/p><\/div><\/div>\t\t\t\t<\/div>\n\t\t\t\t<\/div>\n\t\t\t\t\t<\/div>\n\t\t<\/div>\n\t\t\t\t\t<\/div>\n\t\t<\/section>\n\t\t\t\t<\/div>","protected":false},"excerpt":{"rendered":"<p>prof. dr hab. n. med. Maciej Sa\u0142aga Przewodnicz\u0105cy dr hab. in\u017c. Andrzej Katunin, prof. P\u015a Zast\u0119pca dr hab. Marzena Smol-Aruszanjan, prof. IGSMiE PAN Zast\u0119pczyni prof. dr hab. in\u017c. \u0141ukasz Sadowski Zast\u0119pca<\/p>","protected":false},"author":2,"featured_media":6,"parent":0,"menu_order":34,"comment_status":"closed","ping_status":"open","template":"","meta":{"_monsterinsights_skip_tracking":false,"_monsterinsights_sitenote_active":false,"_monsterinsights_sitenote_note":"","_monsterinsights_sitenote_category":0,"neve_meta_sidebar":"","neve_meta_container":"","neve_meta_enable_content_width":"","neve_meta_content_width":0,"neve_meta_title_alignment":"","neve_meta_author_avatar":"","neve_post_elements_order":"","neve_meta_disable_header":"","neve_meta_disable_footer":"","neve_meta_disable_title":"","footnotes":""},"class_list":["post-10","page","type-page","status-publish","has-post-thumbnail","hentry"],"yoast_head":"<!-- This site is optimized with the Yoast SEO plugin v25.0 - https:\/\/yoast.com\/wordpress\/plugins\/seo\/ -->\n<title>W\u0142adze AMU - Akademia M\u0142odych Uczonych<\/title>\n<meta name=\"robots\" content=\"index, follow, max-snippet:-1, max-image-preview:large, max-video-preview:-1\" \/>\n<link rel=\"canonical\" href=\"https:\/\/amu.pan.pl\/en\/wladze\/\" \/>\n<meta property=\"og:locale\" content=\"en_GB\" \/>\n<meta property=\"og:type\" content=\"article\" \/>\n<meta property=\"og:title\" content=\"W\u0142adze AMU - Akademia M\u0142odych Uczonych\" \/>\n<meta property=\"og:description\" content=\"prof. dr hab. n. med. Maciej Sa\u0142aga Przewodnicz\u0105cy dr hab. in\u017c. Andrzej Katunin, prof. P\u015a Zast\u0119pca dr hab. Marzena Smol-Aruszanjan, prof. IGSMiE PAN Zast\u0119pczyni prof. dr hab. in\u017c. \u0141ukasz Sadowski Zast\u0119pca\" \/>\n<meta property=\"og:url\" content=\"https:\/\/amu.pan.pl\/en\/wladze\/\" \/>\n<meta property=\"og:site_name\" content=\"Akademia M\u0142odych Uczonych\" \/>\n<meta property=\"article:publisher\" content=\"https:\/\/www.facebook.com\/AkademiaMlodychUczonych\/\" \/>\n<meta property=\"article:modified_time\" content=\"2024-04-19T07:56:54+00:00\" \/>\n<meta property=\"og:image\" content=\"https:\/\/amu.pan.pl\/wp-content\/uploads\/2013\/11\/K_Palka.jpg\" \/>\n\t<meta property=\"og:image:width\" content=\"1037\" \/>\n\t<meta property=\"og:image:height\" content=\"1037\" \/>\n\t<meta property=\"og:image:type\" content=\"image\/jpeg\" \/>\n<meta name=\"twitter:card\" content=\"summary_large_image\" \/>\n<meta name=\"twitter:site\" content=\"@AMUPAN1\" \/>\n<meta name=\"twitter:label1\" content=\"Estimated reading time\" \/>\n\t<meta name=\"twitter:data1\" content=\"1 minute\" \/>\n<script type=\"application\/ld+json\" class=\"yoast-schema-graph\">{\"@context\":\"https:\/\/schema.org\",\"@graph\":[{\"@type\":\"WebPage\",\"@id\":\"https:\/\/amu.pan.pl\/en\/wladze\/\",\"url\":\"https:\/\/amu.pan.pl\/en\/wladze\/\",\"name\":\"W\u0142adze AMU - Akademia M\u0142odych Uczonych\",\"isPartOf\":{\"@id\":\"https:\/\/amu.pan.pl\/#website\"},\"primaryImageOfPage\":{\"@id\":\"https:\/\/amu.pan.pl\/en\/wladze\/#primaryimage\"},\"image\":{\"@id\":\"https:\/\/amu.pan.pl\/en\/wladze\/#primaryimage\"},\"thumbnailUrl\":\"https:\/\/amu.pan.pl\/wp-content\/uploads\/2013\/11\/K_Palka.jpg\",\"datePublished\":\"2013-11-15T23:00:00+00:00\",\"dateModified\":\"2024-04-19T07:56:54+00:00\",\"breadcrumb\":{\"@id\":\"https:\/\/amu.pan.pl\/en\/wladze\/#breadcrumb\"},\"inLanguage\":\"en-GB\",\"potentialAction\":[{\"@type\":\"ReadAction\",\"target\":[\"https:\/\/amu.pan.pl\/en\/wladze\/\"]}]},{\"@type\":\"ImageObject\",\"inLanguage\":\"en-GB\",\"@id\":\"https:\/\/amu.pan.pl\/en\/wladze\/#primaryimage\",\"url\":\"https:\/\/amu.pan.pl\/wp-content\/uploads\/2013\/11\/K_Palka.jpg\",\"contentUrl\":\"https:\/\/amu.pan.pl\/wp-content\/uploads\/2013\/11\/K_Palka.jpg\",\"width\":1037,\"height\":1037},{\"@type\":\"BreadcrumbList\",\"@id\":\"https:\/\/amu.pan.pl\/en\/wladze\/#breadcrumb\",\"itemListElement\":[{\"@type\":\"ListItem\",\"position\":1,\"name\":\"Strona g\u0142\u00f3wna\",\"item\":\"https:\/\/amu.pan.pl\/\"},{\"@type\":\"ListItem\",\"position\":2,\"name\":\"W\u0142adze AMU\"}]},{\"@type\":\"WebSite\",\"@id\":\"https:\/\/amu.pan.pl\/#website\",\"url\":\"https:\/\/amu.pan.pl\/\",\"name\":\"Akademia M\u0142odych Uczonych\",\"description\":\"Polska Akademia Nauk\",\"publisher\":{\"@id\":\"https:\/\/amu.pan.pl\/#organization\"},\"potentialAction\":[{\"@type\":\"SearchAction\",\"target\":{\"@type\":\"EntryPoint\",\"urlTemplate\":\"https:\/\/amu.pan.pl\/?s={search_term_string}\"},\"query-input\":{\"@type\":\"PropertyValueSpecification\",\"valueRequired\":true,\"valueName\":\"search_term_string\"}}],\"inLanguage\":\"en-GB\"},{\"@type\":\"Organization\",\"@id\":\"https:\/\/amu.pan.pl\/#organization\",\"name\":\"Akademia M\u0142odych Uczonych\",\"url\":\"https:\/\/amu.pan.pl\/\",\"logo\":{\"@type\":\"ImageObject\",\"inLanguage\":\"en-GB\",\"@id\":\"https:\/\/amu.pan.pl\/#\/schema\/logo\/image\/\",\"url\":\"https:\/\/amu.pan.pl\/wp-content\/uploads\/2020\/08\/zz_amu.png\",\"contentUrl\":\"https:\/\/amu.pan.pl\/wp-content\/uploads\/2020\/08\/zz_amu.png\",\"width\":2794,\"height\":1016,\"caption\":\"Akademia M\u0142odych Uczonych\"},\"image\":{\"@id\":\"https:\/\/amu.pan.pl\/#\/schema\/logo\/image\/\"},\"sameAs\":[\"https:\/\/www.facebook.com\/AkademiaMlodychUczonych\/\",\"https:\/\/x.com\/AMUPAN1\"]}]}<\/script>\n<!-- \/ Yoast SEO plugin. -->","yoast_head_json":{"title":"W\u0142adze AMU - Akademia M\u0142odych Uczonych","robots":{"index":"index","follow":"follow","max-snippet":"max-snippet:-1","max-image-preview":"max-image-preview:large","max-video-preview":"max-video-preview:-1"},"canonical":"https:\/\/amu.pan.pl\/en\/wladze\/","og_locale":"en_GB","og_type":"article","og_title":"W\u0142adze AMU - Akademia M\u0142odych Uczonych","og_description":"prof. dr hab. n. med. Maciej Sa\u0142aga Przewodnicz\u0105cy dr hab. in\u017c. Andrzej Katunin, prof. P\u015a Zast\u0119pca dr hab. Marzena Smol-Aruszanjan, prof. IGSMiE PAN Zast\u0119pczyni prof. dr hab. in\u017c. \u0141ukasz Sadowski Zast\u0119pca","og_url":"https:\/\/amu.pan.pl\/en\/wladze\/","og_site_name":"Akademia M\u0142odych Uczonych","article_publisher":"https:\/\/www.facebook.com\/AkademiaMlodychUczonych\/","article_modified_time":"2024-04-19T07:56:54+00:00","og_image":[{"width":1037,"height":1037,"url":"https:\/\/amu.pan.pl\/wp-content\/uploads\/2013\/11\/K_Palka.jpg","type":"image\/jpeg"}],"twitter_card":"summary_large_image","twitter_site":"@AMUPAN1","twitter_misc":{"Estimated reading time":"1 minute"},"schema":{"@context":"https:\/\/schema.org","@graph":[{"@type":"WebPage","@id":"https:\/\/amu.pan.pl\/en\/wladze\/","url":"https:\/\/amu.pan.pl\/en\/wladze\/","name":"W\u0142adze AMU - Akademia M\u0142odych Uczonych","isPartOf":{"@id":"https:\/\/amu.pan.pl\/#website"},"primaryImageOfPage":{"@id":"https:\/\/amu.pan.pl\/en\/wladze\/#primaryimage"},"image":{"@id":"https:\/\/amu.pan.pl\/en\/wladze\/#primaryimage"},"thumbnailUrl":"https:\/\/amu.pan.pl\/wp-content\/uploads\/2013\/11\/K_Palka.jpg","datePublished":"2013-11-15T23:00:00+00:00","dateModified":"2024-04-19T07:56:54+00:00","breadcrumb":{"@id":"https:\/\/amu.pan.pl\/en\/wladze\/#breadcrumb"},"inLanguage":"en-GB","potentialAction":[{"@type":"ReadAction","target":["https:\/\/amu.pan.pl\/en\/wladze\/"]}]},{"@type":"ImageObject","inLanguage":"en-GB","@id":"https:\/\/amu.pan.pl\/en\/wladze\/#primaryimage","url":"https:\/\/amu.pan.pl\/wp-content\/uploads\/2013\/11\/K_Palka.jpg","contentUrl":"https:\/\/amu.pan.pl\/wp-content\/uploads\/2013\/11\/K_Palka.jpg","width":1037,"height":1037},{"@type":"BreadcrumbList","@id":"https:\/\/amu.pan.pl\/en\/wladze\/#breadcrumb","itemListElement":[{"@type":"ListItem","position":1,"name":"Strona g\u0142\u00f3wna","item":"https:\/\/amu.pan.pl\/"},{"@type":"ListItem","position":2,"name":"W\u0142adze AMU"}]},{"@type":"WebSite","@id":"https:\/\/amu.pan.pl\/#website","url":"https:\/\/amu.pan.pl\/","name":"Akademia M\u0142odych Uczonych","description":"Polska Akademia Nauk","publisher":{"@id":"https:\/\/amu.pan.pl\/#organization"},"potentialAction":[{"@type":"SearchAction","target":{"@type":"EntryPoint","urlTemplate":"https:\/\/amu.pan.pl\/?s={search_term_string}"},"query-input":{"@type":"PropertyValueSpecification","valueRequired":true,"valueName":"search_term_string"}}],"inLanguage":"en-GB"},{"@type":"Organization","@id":"https:\/\/amu.pan.pl\/#organization","name":"Akademia M\u0142odych Uczonych","url":"https:\/\/amu.pan.pl\/","logo":{"@type":"ImageObject","inLanguage":"en-GB","@id":"https:\/\/amu.pan.pl\/#\/schema\/logo\/image\/","url":"https:\/\/amu.pan.pl\/wp-content\/uploads\/2020\/08\/zz_amu.png","contentUrl":"https:\/\/amu.pan.pl\/wp-content\/uploads\/2020\/08\/zz_amu.png","width":2794,"height":1016,"caption":"Akademia M\u0142odych Uczonych"},"image":{"@id":"https:\/\/amu.pan.pl\/#\/schema\/logo\/image\/"},"sameAs":["https:\/\/www.facebook.com\/AkademiaMlodychUczonych\/","https:\/\/x.com\/AMUPAN1"]}]}},"_links":{"self":[{"href":"https:\/\/amu.pan.pl\/en\/wp-json\/wp\/v2\/pages\/10","targetHints":{"allow":["GET"]}}],"collection":[{"href":"https:\/\/amu.pan.pl\/en\/wp-json\/wp\/v2\/pages"}],"about":[{"href":"https:\/\/amu.pan.pl\/en\/wp-json\/wp\/v2\/types\/page"}],"author":[{"embeddable":true,"href":"https:\/\/amu.pan.pl\/en\/wp-json\/wp\/v2\/users\/2"}],"replies":[{"embeddable":true,"href":"https:\/\/amu.pan.pl\/en\/wp-json\/wp\/v2\/comments?post=10"}],"version-history":[{"count":37,"href":"https:\/\/amu.pan.pl\/en\/wp-json\/wp\/v2\/pages\/10\/revisions"}],"predecessor-version":[{"id":5293,"href":"https:\/\/amu.pan.pl\/en\/wp-json\/wp\/v2\/pages\/10\/revisions\/5293"}],"wp:featuredmedia":[{"embeddable":true,"href":"https:\/\/amu.pan.pl\/en\/wp-json\/wp\/v2\/media\/6"}],"wp:attachment":[{"href":"https:\/\/amu.pan.pl\/en\/wp-json\/wp\/v2\/media?parent=10"}],"curies":[{"name":"wp","href":"https:\/\/api.w.org\/{rel}","templated":true}]}}