{"id":101,"date":"2016-02-26T13:44:34","date_gmt":"2016-02-26T12:44:34","guid":{"rendered":"https:\/\/amu.pan.pl\/test\/2016\/02\/26\/katarzyna-rutkowska\/"},"modified":"2020-10-02T23:57:45","modified_gmt":"2020-10-02T21:57:45","slug":"katarzyna-rutkowska","status":"publish","type":"page","link":"https:\/\/amu.pan.pl\/en\/katarzyna-rutkowska\/","title":{"rendered":"Katarzyna Rutkowska"},"content":{"rendered":"<p style=\"text-align: center;\"><img fetchpriority=\"high\" decoding=\"async\" class=\"size-full wp-image-100\" src=\"https:\/\/amu.pan.pl\/wp-content\/uploads\/2016\/02\/Katarzyna_Rutkowska.jpg\" alt=\"\" width=\"331\" height=\"416\" srcset=\"https:\/\/amu.pan.pl\/wp-content\/uploads\/2016\/02\/Katarzyna_Rutkowska.jpg 331w, https:\/\/amu.pan.pl\/wp-content\/uploads\/2016\/02\/Katarzyna_Rutkowska-239x300.jpg 239w\" sizes=\"(max-width: 331px) 100vw, 331px\" \/><\/p>\n<p>Katarzyna Rutkowska (ur. 1976) w 2000 roku uko\u0144czy\u0142a studia na Wydziale Fizyki Technicznej i Matematyki Stosowanej PW i uzyska\u0142a z wyr&oacute;\u017cnieniem (nagroda JMR PW) tytu\u0142 magistra in\u017cyniera (specjalno\u015b\u0107 optoelektronika), a jej praca magisterska zosta\u0142a nagrodzona w og&oacute;lnopolskim konkursie im. prof. A. Smoli\u0144skiego na najlepsz\u0105 prac\u0119 dyplomow\u0105 z dziedziny optoelektroniki organizowanym przez Polski Komitet Optoelektroniki. W trakcie studi&oacute;w doktoranckich uzyska\u0142a stypendium Erasmus-Mundus, kt&oacute;re pozwoli\u0142o jej na odbycie 17-miesi\u0119cznego sta\u017cu na uniwersytecie Roma Tre w Rzymie. Praca doktorska Katarzyny Rutkowskiej zosta\u0142a uhonorowana w presti\u017cowym mi\u0119dzynarodowym konkursie im. Otto Lehmanna z dziedziny ciek\u0142ych kryszta\u0142&oacute;w. Po uzyskaniu (z wyr&oacute;\u017cnieniem) stopnia doktora, w czerwcu 2005 roku, dr Rutkowska zosta\u0142a zatrudniona na stanowisku adiunkta na Wydziale Fizyki PW (w Zak\u0142adzie Optyki i Fotoniki).W latach 2008-2010, jako stypendystka programu Marie Curie Outgoing International Fellowship (6 PR UE), przebywa\u0142a na sta\u017cu naukowym w Kanadzie (Universitet of Quebec).<\/p>\n<p>Zainteresowania naukowe dr Katarzyny Rutkowskiej obejmuj\u0105 zar&oacute;wno optyk\u0119 liniow\u0105 jak i nieliniow\u0105 w r&oacute;\u017cnych materia\u0142ach (np. p&oacute;\u0142przewodniki, materia\u0142y magnetooptyczne, ciek\u0142e kryszta\u0142y). W szczeg&oacute;lno\u015bci zwi\u0105zane s\u0105 one z badaniami prowadzonymi nad: (i) efektywn\u0105 generacj\u0105 drugiej harmonicznej w falowodach p&oacute;\u0142przewodnikowych o rozmiarach submikrometrowych; (ii) uk\u0142adem zintegrowanym s\u0142u\u017c\u0105cym do ultra-szybkiego, ca\u0142kowicie optycznego r&oacute;\u017cniczkowania sygna\u0142&oacute;w optycznych; (iii) efektami i zjawiskami nieliniowymi w: (a) obj\u0119to\u015bciowych magnetooptycznych o\u015brodkach kerrowskich, (c) p&oacute;\u0142przewodnikowej siatce braggowskiej oraz (d) ciek\u0142okrystalicznych \u015bwiat\u0142owodach fotonicznych; (vi) badaniami teoretycznymi i eksperymentalnymi nad propagacj\u0105 \u015bwiat\u0142a w strukturach fotonicznych (w szczeg&oacute;lno\u015bci w \u015bwiat\u0142owodach mikrostrukturalnych) wype\u0142nionych ciek\u0142ymi kryszta\u0142ami &#8211; w tym jej zale\u017cno\u015bci\u0105 od czynnik&oacute;w zewn\u0119trznych (temperatura, ci\u015bnienie, pole elektryczne i magnetyczne), jak r&oacute;wnie\u017c w zale\u017cno\u015bci od mocy optycznej wi\u0105zki \u015bwiat\u0142a.<\/p>\n<p>Wszechstronno\u015b\u0107 prowadzonych bada\u0144, jak r&oacute;wnie\u017c pe\u0142ne zaanga\u017cowanie na ka\u017cdym z ich etap&oacute;w (zaczynaj\u0105c od zaawansowanej analizy teoretycznej, modelowania numerycznego, przechodz\u0105c przez badania eksperymentalne, a ko\u0144cz\u0105c na dzia\u0142aniach optymalizacyjnych), zdobyte do\u015bwiadczenie zar&oacute;wno w pracy teoretycznej i eksperymentalnej, jak r&oacute;wnie\u017c waga uzyskanych wynik&oacute;w skutkuje znaczn\u0105 liczb\u0105 publikacji i wyst\u0105pie\u0144 konferencyjnych na poziomie \u015bwiatowym.<\/p>\n<p>Dr Katarzyna Rutkowska jest autork\u0105\/wsp&oacute;\u0142autork\u0105 ponad 40 artyku\u0142&oacute;w w czasopismach recenzowanych i ponad 60 prac w materia\u0142ach konferencyjnych. Prace dr Rutkowskiej, opublikowane w znacz\u0105cych czasopismach naukowych (w tym Phys. Rev. Lett., Opt. Lett., Opt. Express, Opto-electr. Rev.), zgromadzi\u0142y ju\u017c ok. 500 obcych cytowa\u0144 (wska\u017anik H=9, wed\u0142ug ISI Web of Science).<\/p>","protected":false},"excerpt":{"rendered":"<p>Katarzyna Rutkowska (ur. 1976) w 2000 roku uko\u0144czy\u0142a studia na Wydziale Fizyki Technicznej i Matematyki Stosowanej PW i uzyska\u0142a z wyr&oacute;\u017cnieniem (nagroda JMR PW) tytu\u0142 magistra in\u017cyniera (specjalno\u015b\u0107 optoelektronika), a jej praca magisterska zosta\u0142a nagrodzona w og&oacute;lnopolskim konkursie im. prof. A. Smoli\u0144skiego na najlepsz\u0105 prac\u0119 dyplomow\u0105 z dziedziny optoelektroniki organizowanym przez Polski Komitet Optoelektroniki. W&hellip;&nbsp;<a href=\"https:\/\/amu.pan.pl\/en\/katarzyna-rutkowska\/\" rel=\"bookmark\">Read More &raquo;<span class=\"screen-reader-text\">Katarzyna Rutkowska<\/span><\/a><\/p>","protected":false},"author":2,"featured_media":100,"parent":0,"menu_order":37,"comment_status":"open","ping_status":"open","template":"","meta":{"_monsterinsights_skip_tracking":false,"_monsterinsights_sitenote_active":false,"_monsterinsights_sitenote_note":"","_monsterinsights_sitenote_category":0,"neve_meta_sidebar":"","neve_meta_container":"","neve_meta_enable_content_width":"","neve_meta_content_width":0,"neve_meta_title_alignment":"","neve_meta_author_avatar":"","neve_post_elements_order":"","neve_meta_disable_header":"","neve_meta_disable_footer":"","neve_meta_disable_title":"","footnotes":""},"class_list":["post-101","page","type-page","status-publish","has-post-thumbnail","hentry"],"yoast_head":"<!-- This site is optimized with the Yoast SEO plugin v25.0 - https:\/\/yoast.com\/wordpress\/plugins\/seo\/ -->\n<title>Katarzyna Rutkowska - Akademia M\u0142odych Uczonych<\/title>\n<meta name=\"robots\" content=\"index, follow, max-snippet:-1, max-image-preview:large, max-video-preview:-1\" \/>\n<link rel=\"canonical\" href=\"https:\/\/amu.pan.pl\/en\/katarzyna-rutkowska\/\" \/>\n<meta property=\"og:locale\" content=\"en_GB\" \/>\n<meta property=\"og:type\" content=\"article\" \/>\n<meta property=\"og:title\" content=\"Katarzyna Rutkowska - Akademia M\u0142odych Uczonych\" \/>\n<meta property=\"og:description\" content=\"Katarzyna Rutkowska (ur. 1976) w 2000 roku uko\u0144czy\u0142a studia na Wydziale Fizyki Technicznej i Matematyki Stosowanej PW i uzyska\u0142a z wyr&oacute;\u017cnieniem (nagroda JMR PW) tytu\u0142 magistra in\u017cyniera (specjalno\u015b\u0107 optoelektronika), a jej praca magisterska zosta\u0142a nagrodzona w og&oacute;lnopolskim konkursie im. prof. A. Smoli\u0144skiego na najlepsz\u0105 prac\u0119 dyplomow\u0105 z dziedziny optoelektroniki organizowanym przez Polski Komitet Optoelektroniki. W&hellip;&nbsp;Read More &raquo;Katarzyna Rutkowska\" \/>\n<meta property=\"og:url\" content=\"https:\/\/amu.pan.pl\/en\/katarzyna-rutkowska\/\" \/>\n<meta property=\"og:site_name\" content=\"Akademia M\u0142odych Uczonych\" \/>\n<meta property=\"article:publisher\" content=\"https:\/\/www.facebook.com\/AkademiaMlodychUczonych\/\" \/>\n<meta property=\"article:modified_time\" content=\"2020-10-02T21:57:45+00:00\" \/>\n<meta property=\"og:image\" content=\"https:\/\/amu.pan.pl\/wp-content\/uploads\/2016\/02\/Katarzyna_Rutkowska.jpg\" \/>\n\t<meta property=\"og:image:width\" content=\"331\" \/>\n\t<meta property=\"og:image:height\" content=\"416\" \/>\n\t<meta property=\"og:image:type\" content=\"image\/jpeg\" \/>\n<meta name=\"twitter:card\" content=\"summary_large_image\" \/>\n<meta name=\"twitter:site\" content=\"@AMUPAN1\" \/>\n<meta name=\"twitter:label1\" content=\"Estimated reading time\" \/>\n\t<meta name=\"twitter:data1\" content=\"2 minutes\" \/>\n<script type=\"application\/ld+json\" class=\"yoast-schema-graph\">{\"@context\":\"https:\/\/schema.org\",\"@graph\":[{\"@type\":\"WebPage\",\"@id\":\"https:\/\/amu.pan.pl\/en\/katarzyna-rutkowska\/\",\"url\":\"https:\/\/amu.pan.pl\/en\/katarzyna-rutkowska\/\",\"name\":\"Katarzyna Rutkowska - Akademia M\u0142odych Uczonych\",\"isPartOf\":{\"@id\":\"https:\/\/amu.pan.pl\/#website\"},\"primaryImageOfPage\":{\"@id\":\"https:\/\/amu.pan.pl\/en\/katarzyna-rutkowska\/#primaryimage\"},\"image\":{\"@id\":\"https:\/\/amu.pan.pl\/en\/katarzyna-rutkowska\/#primaryimage\"},\"thumbnailUrl\":\"https:\/\/amu.pan.pl\/wp-content\/uploads\/2016\/02\/Katarzyna_Rutkowska.jpg\",\"datePublished\":\"2016-02-26T12:44:34+00:00\",\"dateModified\":\"2020-10-02T21:57:45+00:00\",\"breadcrumb\":{\"@id\":\"https:\/\/amu.pan.pl\/en\/katarzyna-rutkowska\/#breadcrumb\"},\"inLanguage\":\"en-GB\",\"potentialAction\":[{\"@type\":\"ReadAction\",\"target\":[\"https:\/\/amu.pan.pl\/en\/katarzyna-rutkowska\/\"]}]},{\"@type\":\"ImageObject\",\"inLanguage\":\"en-GB\",\"@id\":\"https:\/\/amu.pan.pl\/en\/katarzyna-rutkowska\/#primaryimage\",\"url\":\"https:\/\/amu.pan.pl\/wp-content\/uploads\/2016\/02\/Katarzyna_Rutkowska.jpg\",\"contentUrl\":\"https:\/\/amu.pan.pl\/wp-content\/uploads\/2016\/02\/Katarzyna_Rutkowska.jpg\",\"width\":331,\"height\":416},{\"@type\":\"BreadcrumbList\",\"@id\":\"https:\/\/amu.pan.pl\/en\/katarzyna-rutkowska\/#breadcrumb\",\"itemListElement\":[{\"@type\":\"ListItem\",\"position\":1,\"name\":\"Strona g\u0142\u00f3wna\",\"item\":\"https:\/\/amu.pan.pl\/\"},{\"@type\":\"ListItem\",\"position\":2,\"name\":\"Katarzyna Rutkowska\"}]},{\"@type\":\"WebSite\",\"@id\":\"https:\/\/amu.pan.pl\/#website\",\"url\":\"https:\/\/amu.pan.pl\/\",\"name\":\"Akademia M\u0142odych Uczonych\",\"description\":\"Polska Akademia Nauk\",\"publisher\":{\"@id\":\"https:\/\/amu.pan.pl\/#organization\"},\"potentialAction\":[{\"@type\":\"SearchAction\",\"target\":{\"@type\":\"EntryPoint\",\"urlTemplate\":\"https:\/\/amu.pan.pl\/?s={search_term_string}\"},\"query-input\":{\"@type\":\"PropertyValueSpecification\",\"valueRequired\":true,\"valueName\":\"search_term_string\"}}],\"inLanguage\":\"en-GB\"},{\"@type\":\"Organization\",\"@id\":\"https:\/\/amu.pan.pl\/#organization\",\"name\":\"Akademia M\u0142odych Uczonych\",\"url\":\"https:\/\/amu.pan.pl\/\",\"logo\":{\"@type\":\"ImageObject\",\"inLanguage\":\"en-GB\",\"@id\":\"https:\/\/amu.pan.pl\/#\/schema\/logo\/image\/\",\"url\":\"https:\/\/amu.pan.pl\/wp-content\/uploads\/2020\/08\/zz_amu.png\",\"contentUrl\":\"https:\/\/amu.pan.pl\/wp-content\/uploads\/2020\/08\/zz_amu.png\",\"width\":2794,\"height\":1016,\"caption\":\"Akademia M\u0142odych Uczonych\"},\"image\":{\"@id\":\"https:\/\/amu.pan.pl\/#\/schema\/logo\/image\/\"},\"sameAs\":[\"https:\/\/www.facebook.com\/AkademiaMlodychUczonych\/\",\"https:\/\/x.com\/AMUPAN1\"]}]}<\/script>\n<!-- \/ Yoast SEO plugin. -->","yoast_head_json":{"title":"Katarzyna Rutkowska - Akademia M\u0142odych Uczonych","robots":{"index":"index","follow":"follow","max-snippet":"max-snippet:-1","max-image-preview":"max-image-preview:large","max-video-preview":"max-video-preview:-1"},"canonical":"https:\/\/amu.pan.pl\/en\/katarzyna-rutkowska\/","og_locale":"en_GB","og_type":"article","og_title":"Katarzyna Rutkowska - Akademia M\u0142odych Uczonych","og_description":"Katarzyna Rutkowska (ur. 1976) w 2000 roku uko\u0144czy\u0142a studia na Wydziale Fizyki Technicznej i Matematyki Stosowanej PW i uzyska\u0142a z wyr&oacute;\u017cnieniem (nagroda JMR PW) tytu\u0142 magistra in\u017cyniera (specjalno\u015b\u0107 optoelektronika), a jej praca magisterska zosta\u0142a nagrodzona w og&oacute;lnopolskim konkursie im. prof. A. Smoli\u0144skiego na najlepsz\u0105 prac\u0119 dyplomow\u0105 z dziedziny optoelektroniki organizowanym przez Polski Komitet Optoelektroniki. W&hellip;&nbsp;Read More &raquo;Katarzyna Rutkowska","og_url":"https:\/\/amu.pan.pl\/en\/katarzyna-rutkowska\/","og_site_name":"Akademia M\u0142odych Uczonych","article_publisher":"https:\/\/www.facebook.com\/AkademiaMlodychUczonych\/","article_modified_time":"2020-10-02T21:57:45+00:00","og_image":[{"width":331,"height":416,"url":"https:\/\/amu.pan.pl\/wp-content\/uploads\/2016\/02\/Katarzyna_Rutkowska.jpg","type":"image\/jpeg"}],"twitter_card":"summary_large_image","twitter_site":"@AMUPAN1","twitter_misc":{"Estimated reading time":"2 minutes"},"schema":{"@context":"https:\/\/schema.org","@graph":[{"@type":"WebPage","@id":"https:\/\/amu.pan.pl\/en\/katarzyna-rutkowska\/","url":"https:\/\/amu.pan.pl\/en\/katarzyna-rutkowska\/","name":"Katarzyna Rutkowska - Akademia M\u0142odych Uczonych","isPartOf":{"@id":"https:\/\/amu.pan.pl\/#website"},"primaryImageOfPage":{"@id":"https:\/\/amu.pan.pl\/en\/katarzyna-rutkowska\/#primaryimage"},"image":{"@id":"https:\/\/amu.pan.pl\/en\/katarzyna-rutkowska\/#primaryimage"},"thumbnailUrl":"https:\/\/amu.pan.pl\/wp-content\/uploads\/2016\/02\/Katarzyna_Rutkowska.jpg","datePublished":"2016-02-26T12:44:34+00:00","dateModified":"2020-10-02T21:57:45+00:00","breadcrumb":{"@id":"https:\/\/amu.pan.pl\/en\/katarzyna-rutkowska\/#breadcrumb"},"inLanguage":"en-GB","potentialAction":[{"@type":"ReadAction","target":["https:\/\/amu.pan.pl\/en\/katarzyna-rutkowska\/"]}]},{"@type":"ImageObject","inLanguage":"en-GB","@id":"https:\/\/amu.pan.pl\/en\/katarzyna-rutkowska\/#primaryimage","url":"https:\/\/amu.pan.pl\/wp-content\/uploads\/2016\/02\/Katarzyna_Rutkowska.jpg","contentUrl":"https:\/\/amu.pan.pl\/wp-content\/uploads\/2016\/02\/Katarzyna_Rutkowska.jpg","width":331,"height":416},{"@type":"BreadcrumbList","@id":"https:\/\/amu.pan.pl\/en\/katarzyna-rutkowska\/#breadcrumb","itemListElement":[{"@type":"ListItem","position":1,"name":"Strona g\u0142\u00f3wna","item":"https:\/\/amu.pan.pl\/"},{"@type":"ListItem","position":2,"name":"Katarzyna Rutkowska"}]},{"@type":"WebSite","@id":"https:\/\/amu.pan.pl\/#website","url":"https:\/\/amu.pan.pl\/","name":"Akademia M\u0142odych Uczonych","description":"Polska Akademia Nauk","publisher":{"@id":"https:\/\/amu.pan.pl\/#organization"},"potentialAction":[{"@type":"SearchAction","target":{"@type":"EntryPoint","urlTemplate":"https:\/\/amu.pan.pl\/?s={search_term_string}"},"query-input":{"@type":"PropertyValueSpecification","valueRequired":true,"valueName":"search_term_string"}}],"inLanguage":"en-GB"},{"@type":"Organization","@id":"https:\/\/amu.pan.pl\/#organization","name":"Akademia M\u0142odych Uczonych","url":"https:\/\/amu.pan.pl\/","logo":{"@type":"ImageObject","inLanguage":"en-GB","@id":"https:\/\/amu.pan.pl\/#\/schema\/logo\/image\/","url":"https:\/\/amu.pan.pl\/wp-content\/uploads\/2020\/08\/zz_amu.png","contentUrl":"https:\/\/amu.pan.pl\/wp-content\/uploads\/2020\/08\/zz_amu.png","width":2794,"height":1016,"caption":"Akademia M\u0142odych Uczonych"},"image":{"@id":"https:\/\/amu.pan.pl\/#\/schema\/logo\/image\/"},"sameAs":["https:\/\/www.facebook.com\/AkademiaMlodychUczonych\/","https:\/\/x.com\/AMUPAN1"]}]}},"_links":{"self":[{"href":"https:\/\/amu.pan.pl\/en\/wp-json\/wp\/v2\/pages\/101","targetHints":{"allow":["GET"]}}],"collection":[{"href":"https:\/\/amu.pan.pl\/en\/wp-json\/wp\/v2\/pages"}],"about":[{"href":"https:\/\/amu.pan.pl\/en\/wp-json\/wp\/v2\/types\/page"}],"author":[{"embeddable":true,"href":"https:\/\/amu.pan.pl\/en\/wp-json\/wp\/v2\/users\/2"}],"replies":[{"embeddable":true,"href":"https:\/\/amu.pan.pl\/en\/wp-json\/wp\/v2\/comments?post=101"}],"version-history":[{"count":0,"href":"https:\/\/amu.pan.pl\/en\/wp-json\/wp\/v2\/pages\/101\/revisions"}],"wp:featuredmedia":[{"embeddable":true,"href":"https:\/\/amu.pan.pl\/en\/wp-json\/wp\/v2\/media\/100"}],"wp:attachment":[{"href":"https:\/\/amu.pan.pl\/en\/wp-json\/wp\/v2\/media?parent=101"}],"curies":[{"name":"wp","href":"https:\/\/api.w.org\/{rel}","templated":true}]}}