{"id":103,"date":"2016-02-26T13:45:46","date_gmt":"2016-02-26T12:45:46","guid":{"rendered":"https:\/\/amu.pan.pl\/test\/2016\/02\/26\/igor-soszynski\/"},"modified":"2020-10-02T23:57:45","modified_gmt":"2020-10-02T21:57:45","slug":"igor-soszynski","status":"publish","type":"page","link":"https:\/\/amu.pan.pl\/en\/igor-soszynski\/","title":{"rendered":"Igor Soszy\u0144ski"},"content":{"rendered":"<p style=\"text-align: center;\"><img fetchpriority=\"high\" decoding=\"async\" class=\"size-full wp-image-102\" src=\"https:\/\/amu.pan.pl\/wp-content\/uploads\/2016\/02\/Igor_Soszynski.PNG\" alt=\"\" width=\"300\" height=\"397\" srcset=\"https:\/\/amu.pan.pl\/wp-content\/uploads\/2016\/02\/Igor_Soszynski.PNG 300w, https:\/\/amu.pan.pl\/wp-content\/uploads\/2016\/02\/Igor_Soszynski-227x300.png 227w\" sizes=\"(max-width: 300px) 100vw, 300px\" \/><\/p>\n<p>Prof. dr hab. Igor Soszy\u0144ski (ur. 1975) &ndash; astrofizyk, profesor nadzwyczajny w Obserwatorium Astronomicznym Uniwersytetu Warszawskiego, cz\u0142onek zespo\u0142u OGLE realizuj\u0105cego za pomoc\u0105 polskiego teleskopu w Chile jeden z najwi\u0119kszych na \u015bwiecie przegl\u0105d&oacute;w nieba. W latach 2004-2006 w ramach sta\u017cu podoktorskiego pracowa\u0142 na Uniwersytecie Concepci&oacute;n w Chile.<\/p>\n<p>Jego zainteresowania badawcze koncentruj\u0105 si\u0119 wok&oacute;\u0142 gwiazd zmiennych r&oacute;\u017cnych typ&oacute;w. Jest tw&oacute;rc\u0105 najwi\u0119kszego w historii astronomii katalogu gwiazd zmiennych. Do jego najwa\u017cniejszych osi\u0105gni\u0119\u0107 naukowych nale\u017cy odkrycie kilku nieznanych wcze\u015bniej typ&oacute;w gwiazd pulsuj\u0105cych, szczeg&oacute;\u0142owe zbadanie statystycznych w\u0142asno\u015bci zmiennych czerwonych olbrzym&oacute;w oraz odkrycie licznych przypadk&oacute;w gwiazd pulsuj\u0105cych b\u0119d\u0105cych sk\u0142adnikami za\u0107mieniowych uk\u0142ad&oacute;w podw&oacute;jnych. Jest te\u017c wsp&oacute;\u0142odkrywc\u0105 kilkudziesi\u0119ciu planet pozas\u0142onecznych, w tym planet swobodnych, a tak\u017ce uk\u0142adu planetarnego b\u0119d\u0105cego przeskalowan\u0105 kopi\u0105 naszego Uk\u0142adu S\u0142onecznego.<\/p>\n<p>Jest autorem i wsp&oacute;\u0142autorem oko\u0142o 170 oryginalnych prac naukowych opublikowanych w czasopismach z listy filadelfijskiej. Prace te by\u0142y cytowane \u0142\u0105cznie ponad 5000 razy (wska\u017anik Hirscha h=40). Otrzyma\u0142 wiele nagr&oacute;d i presti\u017cowych grant&oacute;w, w tym nagrod\u0119 im. Mariana Mi\u0119sowicza Polskiej Akademii Umiej\u0119tno\u015bci, stypendium Ministra Nauki i Szkolnictwa Wy\u017cszego dla wybitnych m\u0142odych naukowc&oacute;w, subsydium &bdquo;Powroty&rdquo; Fundacji na rzecz Nauki Polskiej, nagrod\u0119 Premiera za rozpraw\u0119 doktorsk\u0105.<\/p>","protected":false},"excerpt":{"rendered":"<p>Prof. dr hab. Igor Soszy\u0144ski (ur. 1975) &ndash; astrofizyk, profesor nadzwyczajny w Obserwatorium Astronomicznym Uniwersytetu Warszawskiego, cz\u0142onek zespo\u0142u OGLE realizuj\u0105cego za pomoc\u0105 polskiego teleskopu w Chile jeden z najwi\u0119kszych na \u015bwiecie przegl\u0105d&oacute;w nieba. W latach 2004-2006 w ramach sta\u017cu podoktorskiego pracowa\u0142 na Uniwersytecie Concepci&oacute;n w Chile. Jego zainteresowania badawcze koncentruj\u0105 si\u0119 wok&oacute;\u0142 gwiazd zmiennych r&oacute;\u017cnych&hellip;&nbsp;<a href=\"https:\/\/amu.pan.pl\/en\/igor-soszynski\/\" rel=\"bookmark\">Read More &raquo;<span class=\"screen-reader-text\">Igor Soszy\u0144ski<\/span><\/a><\/p>","protected":false},"author":2,"featured_media":102,"parent":0,"menu_order":32,"comment_status":"open","ping_status":"open","template":"","meta":{"_monsterinsights_skip_tracking":false,"_monsterinsights_sitenote_active":false,"_monsterinsights_sitenote_note":"","_monsterinsights_sitenote_category":0,"neve_meta_sidebar":"","neve_meta_container":"","neve_meta_enable_content_width":"","neve_meta_content_width":0,"neve_meta_title_alignment":"","neve_meta_author_avatar":"","neve_post_elements_order":"","neve_meta_disable_header":"","neve_meta_disable_footer":"","neve_meta_disable_title":"","footnotes":""},"class_list":["post-103","page","type-page","status-publish","has-post-thumbnail","hentry"],"yoast_head":"<!-- This site is optimized with the Yoast SEO plugin v25.0 - https:\/\/yoast.com\/wordpress\/plugins\/seo\/ -->\n<title>Igor Soszy\u0144ski - Akademia M\u0142odych Uczonych<\/title>\n<meta name=\"robots\" content=\"index, follow, max-snippet:-1, max-image-preview:large, max-video-preview:-1\" \/>\n<link rel=\"canonical\" href=\"https:\/\/amu.pan.pl\/en\/igor-soszynski\/\" \/>\n<meta property=\"og:locale\" content=\"en_GB\" \/>\n<meta property=\"og:type\" content=\"article\" \/>\n<meta property=\"og:title\" content=\"Igor Soszy\u0144ski - Akademia M\u0142odych Uczonych\" \/>\n<meta property=\"og:description\" content=\"Prof. dr hab. Igor Soszy\u0144ski (ur. 1975) &ndash; astrofizyk, profesor nadzwyczajny w Obserwatorium Astronomicznym Uniwersytetu Warszawskiego, cz\u0142onek zespo\u0142u OGLE realizuj\u0105cego za pomoc\u0105 polskiego teleskopu w Chile jeden z najwi\u0119kszych na \u015bwiecie przegl\u0105d&oacute;w nieba. W latach 2004-2006 w ramach sta\u017cu podoktorskiego pracowa\u0142 na Uniwersytecie Concepci&oacute;n w Chile. Jego zainteresowania badawcze koncentruj\u0105 si\u0119 wok&oacute;\u0142 gwiazd zmiennych r&oacute;\u017cnych&hellip;&nbsp;Read More &raquo;Igor Soszy\u0144ski\" \/>\n<meta property=\"og:url\" content=\"https:\/\/amu.pan.pl\/en\/igor-soszynski\/\" \/>\n<meta property=\"og:site_name\" content=\"Akademia M\u0142odych Uczonych\" \/>\n<meta property=\"article:publisher\" content=\"https:\/\/www.facebook.com\/AkademiaMlodychUczonych\/\" \/>\n<meta property=\"article:modified_time\" content=\"2020-10-02T21:57:45+00:00\" \/>\n<meta property=\"og:image\" content=\"https:\/\/amu.pan.pl\/wp-content\/uploads\/2016\/02\/Igor_Soszynski.PNG\" \/>\n\t<meta property=\"og:image:width\" content=\"300\" \/>\n\t<meta property=\"og:image:height\" content=\"397\" \/>\n\t<meta property=\"og:image:type\" content=\"image\/png\" \/>\n<meta name=\"twitter:card\" content=\"summary_large_image\" \/>\n<meta name=\"twitter:site\" content=\"@AMUPAN1\" \/>\n<meta name=\"twitter:label1\" content=\"Estimated reading time\" \/>\n\t<meta name=\"twitter:data1\" content=\"1 minute\" \/>\n<script type=\"application\/ld+json\" class=\"yoast-schema-graph\">{\"@context\":\"https:\/\/schema.org\",\"@graph\":[{\"@type\":\"WebPage\",\"@id\":\"https:\/\/amu.pan.pl\/en\/igor-soszynski\/\",\"url\":\"https:\/\/amu.pan.pl\/en\/igor-soszynski\/\",\"name\":\"Igor Soszy\u0144ski - Akademia M\u0142odych Uczonych\",\"isPartOf\":{\"@id\":\"https:\/\/amu.pan.pl\/#website\"},\"primaryImageOfPage\":{\"@id\":\"https:\/\/amu.pan.pl\/en\/igor-soszynski\/#primaryimage\"},\"image\":{\"@id\":\"https:\/\/amu.pan.pl\/en\/igor-soszynski\/#primaryimage\"},\"thumbnailUrl\":\"https:\/\/amu.pan.pl\/wp-content\/uploads\/2016\/02\/Igor_Soszynski.PNG\",\"datePublished\":\"2016-02-26T12:45:46+00:00\",\"dateModified\":\"2020-10-02T21:57:45+00:00\",\"breadcrumb\":{\"@id\":\"https:\/\/amu.pan.pl\/en\/igor-soszynski\/#breadcrumb\"},\"inLanguage\":\"en-GB\",\"potentialAction\":[{\"@type\":\"ReadAction\",\"target\":[\"https:\/\/amu.pan.pl\/en\/igor-soszynski\/\"]}]},{\"@type\":\"ImageObject\",\"inLanguage\":\"en-GB\",\"@id\":\"https:\/\/amu.pan.pl\/en\/igor-soszynski\/#primaryimage\",\"url\":\"https:\/\/amu.pan.pl\/wp-content\/uploads\/2016\/02\/Igor_Soszynski.PNG\",\"contentUrl\":\"https:\/\/amu.pan.pl\/wp-content\/uploads\/2016\/02\/Igor_Soszynski.PNG\",\"width\":300,\"height\":397},{\"@type\":\"BreadcrumbList\",\"@id\":\"https:\/\/amu.pan.pl\/en\/igor-soszynski\/#breadcrumb\",\"itemListElement\":[{\"@type\":\"ListItem\",\"position\":1,\"name\":\"Strona g\u0142\u00f3wna\",\"item\":\"https:\/\/amu.pan.pl\/\"},{\"@type\":\"ListItem\",\"position\":2,\"name\":\"Igor Soszy\u0144ski\"}]},{\"@type\":\"WebSite\",\"@id\":\"https:\/\/amu.pan.pl\/#website\",\"url\":\"https:\/\/amu.pan.pl\/\",\"name\":\"Akademia M\u0142odych Uczonych\",\"description\":\"Polska Akademia Nauk\",\"publisher\":{\"@id\":\"https:\/\/amu.pan.pl\/#organization\"},\"potentialAction\":[{\"@type\":\"SearchAction\",\"target\":{\"@type\":\"EntryPoint\",\"urlTemplate\":\"https:\/\/amu.pan.pl\/?s={search_term_string}\"},\"query-input\":{\"@type\":\"PropertyValueSpecification\",\"valueRequired\":true,\"valueName\":\"search_term_string\"}}],\"inLanguage\":\"en-GB\"},{\"@type\":\"Organization\",\"@id\":\"https:\/\/amu.pan.pl\/#organization\",\"name\":\"Akademia M\u0142odych Uczonych\",\"url\":\"https:\/\/amu.pan.pl\/\",\"logo\":{\"@type\":\"ImageObject\",\"inLanguage\":\"en-GB\",\"@id\":\"https:\/\/amu.pan.pl\/#\/schema\/logo\/image\/\",\"url\":\"https:\/\/amu.pan.pl\/wp-content\/uploads\/2020\/08\/zz_amu.png\",\"contentUrl\":\"https:\/\/amu.pan.pl\/wp-content\/uploads\/2020\/08\/zz_amu.png\",\"width\":2794,\"height\":1016,\"caption\":\"Akademia M\u0142odych Uczonych\"},\"image\":{\"@id\":\"https:\/\/amu.pan.pl\/#\/schema\/logo\/image\/\"},\"sameAs\":[\"https:\/\/www.facebook.com\/AkademiaMlodychUczonych\/\",\"https:\/\/x.com\/AMUPAN1\"]}]}<\/script>\n<!-- \/ Yoast SEO plugin. -->","yoast_head_json":{"title":"Igor Soszy\u0144ski - Akademia M\u0142odych Uczonych","robots":{"index":"index","follow":"follow","max-snippet":"max-snippet:-1","max-image-preview":"max-image-preview:large","max-video-preview":"max-video-preview:-1"},"canonical":"https:\/\/amu.pan.pl\/en\/igor-soszynski\/","og_locale":"en_GB","og_type":"article","og_title":"Igor Soszy\u0144ski - Akademia M\u0142odych Uczonych","og_description":"Prof. dr hab. Igor Soszy\u0144ski (ur. 1975) &ndash; astrofizyk, profesor nadzwyczajny w Obserwatorium Astronomicznym Uniwersytetu Warszawskiego, cz\u0142onek zespo\u0142u OGLE realizuj\u0105cego za pomoc\u0105 polskiego teleskopu w Chile jeden z najwi\u0119kszych na \u015bwiecie przegl\u0105d&oacute;w nieba. W latach 2004-2006 w ramach sta\u017cu podoktorskiego pracowa\u0142 na Uniwersytecie Concepci&oacute;n w Chile. Jego zainteresowania badawcze koncentruj\u0105 si\u0119 wok&oacute;\u0142 gwiazd zmiennych r&oacute;\u017cnych&hellip;&nbsp;Read More &raquo;Igor Soszy\u0144ski","og_url":"https:\/\/amu.pan.pl\/en\/igor-soszynski\/","og_site_name":"Akademia M\u0142odych Uczonych","article_publisher":"https:\/\/www.facebook.com\/AkademiaMlodychUczonych\/","article_modified_time":"2020-10-02T21:57:45+00:00","og_image":[{"width":300,"height":397,"url":"https:\/\/amu.pan.pl\/wp-content\/uploads\/2016\/02\/Igor_Soszynski.PNG","type":"image\/png"}],"twitter_card":"summary_large_image","twitter_site":"@AMUPAN1","twitter_misc":{"Estimated reading time":"1 minute"},"schema":{"@context":"https:\/\/schema.org","@graph":[{"@type":"WebPage","@id":"https:\/\/amu.pan.pl\/en\/igor-soszynski\/","url":"https:\/\/amu.pan.pl\/en\/igor-soszynski\/","name":"Igor Soszy\u0144ski - Akademia M\u0142odych Uczonych","isPartOf":{"@id":"https:\/\/amu.pan.pl\/#website"},"primaryImageOfPage":{"@id":"https:\/\/amu.pan.pl\/en\/igor-soszynski\/#primaryimage"},"image":{"@id":"https:\/\/amu.pan.pl\/en\/igor-soszynski\/#primaryimage"},"thumbnailUrl":"https:\/\/amu.pan.pl\/wp-content\/uploads\/2016\/02\/Igor_Soszynski.PNG","datePublished":"2016-02-26T12:45:46+00:00","dateModified":"2020-10-02T21:57:45+00:00","breadcrumb":{"@id":"https:\/\/amu.pan.pl\/en\/igor-soszynski\/#breadcrumb"},"inLanguage":"en-GB","potentialAction":[{"@type":"ReadAction","target":["https:\/\/amu.pan.pl\/en\/igor-soszynski\/"]}]},{"@type":"ImageObject","inLanguage":"en-GB","@id":"https:\/\/amu.pan.pl\/en\/igor-soszynski\/#primaryimage","url":"https:\/\/amu.pan.pl\/wp-content\/uploads\/2016\/02\/Igor_Soszynski.PNG","contentUrl":"https:\/\/amu.pan.pl\/wp-content\/uploads\/2016\/02\/Igor_Soszynski.PNG","width":300,"height":397},{"@type":"BreadcrumbList","@id":"https:\/\/amu.pan.pl\/en\/igor-soszynski\/#breadcrumb","itemListElement":[{"@type":"ListItem","position":1,"name":"Strona g\u0142\u00f3wna","item":"https:\/\/amu.pan.pl\/"},{"@type":"ListItem","position":2,"name":"Igor Soszy\u0144ski"}]},{"@type":"WebSite","@id":"https:\/\/amu.pan.pl\/#website","url":"https:\/\/amu.pan.pl\/","name":"Akademia M\u0142odych Uczonych","description":"Polska Akademia Nauk","publisher":{"@id":"https:\/\/amu.pan.pl\/#organization"},"potentialAction":[{"@type":"SearchAction","target":{"@type":"EntryPoint","urlTemplate":"https:\/\/amu.pan.pl\/?s={search_term_string}"},"query-input":{"@type":"PropertyValueSpecification","valueRequired":true,"valueName":"search_term_string"}}],"inLanguage":"en-GB"},{"@type":"Organization","@id":"https:\/\/amu.pan.pl\/#organization","name":"Akademia M\u0142odych Uczonych","url":"https:\/\/amu.pan.pl\/","logo":{"@type":"ImageObject","inLanguage":"en-GB","@id":"https:\/\/amu.pan.pl\/#\/schema\/logo\/image\/","url":"https:\/\/amu.pan.pl\/wp-content\/uploads\/2020\/08\/zz_amu.png","contentUrl":"https:\/\/amu.pan.pl\/wp-content\/uploads\/2020\/08\/zz_amu.png","width":2794,"height":1016,"caption":"Akademia M\u0142odych Uczonych"},"image":{"@id":"https:\/\/amu.pan.pl\/#\/schema\/logo\/image\/"},"sameAs":["https:\/\/www.facebook.com\/AkademiaMlodychUczonych\/","https:\/\/x.com\/AMUPAN1"]}]}},"_links":{"self":[{"href":"https:\/\/amu.pan.pl\/en\/wp-json\/wp\/v2\/pages\/103","targetHints":{"allow":["GET"]}}],"collection":[{"href":"https:\/\/amu.pan.pl\/en\/wp-json\/wp\/v2\/pages"}],"about":[{"href":"https:\/\/amu.pan.pl\/en\/wp-json\/wp\/v2\/types\/page"}],"author":[{"embeddable":true,"href":"https:\/\/amu.pan.pl\/en\/wp-json\/wp\/v2\/users\/2"}],"replies":[{"embeddable":true,"href":"https:\/\/amu.pan.pl\/en\/wp-json\/wp\/v2\/comments?post=103"}],"version-history":[{"count":0,"href":"https:\/\/amu.pan.pl\/en\/wp-json\/wp\/v2\/pages\/103\/revisions"}],"wp:featuredmedia":[{"embeddable":true,"href":"https:\/\/amu.pan.pl\/en\/wp-json\/wp\/v2\/media\/102"}],"wp:attachment":[{"href":"https:\/\/amu.pan.pl\/en\/wp-json\/wp\/v2\/media?parent=103"}],"curies":[{"name":"wp","href":"https:\/\/api.w.org\/{rel}","templated":true}]}}