{"id":106,"date":"2016-02-26T13:46:44","date_gmt":"2016-02-26T12:46:44","guid":{"rendered":"https:\/\/amu.pan.pl\/test\/2016\/02\/26\/izabela-szczerbal\/"},"modified":"2020-10-02T23:57:45","modified_gmt":"2020-10-02T21:57:45","slug":"izabela-szczerbal","status":"publish","type":"page","link":"https:\/\/amu.pan.pl\/en\/izabela-szczerbal\/","title":{"rendered":"Izabela Szczerbal"},"content":{"rendered":"<p style=\"text-align: center;\"><img fetchpriority=\"high\" decoding=\"async\" class=\"size-full wp-image-105\" src=\"https:\/\/amu.pan.pl\/wp-content\/uploads\/2016\/02\/Izabela_Szczerbal.jpg\" alt=\"\" width=\"300\" height=\"404\" srcset=\"https:\/\/amu.pan.pl\/wp-content\/uploads\/2016\/02\/Izabela_Szczerbal.jpg 300w, https:\/\/amu.pan.pl\/wp-content\/uploads\/2016\/02\/Izabela_Szczerbal-223x300.jpg 223w\" sizes=\"(max-width: 300px) 100vw, 300px\" \/><\/p>\n<p>Dr hab. Izabela Szczerbal (ur. 1977) z wykszta\u0142cenia jest biotechnologiem. Od pocz\u0105tku swojej kariery naukowej zwi\u0105zana z Uniwersytetem Przyrodniczym w Poznaniu. Stopie\u0144 doktora nauk rolniczych uzyska\u0142a w 2005r. a stopie\u0144 doktora habilitowanego nauk biologicznych w 2012r. Pracuje w Katedrze Genetyki i Podstaw Hodowli Zwierz\u0105t na stanowisku adiunkta. Jej zainteresowania naukowe dotycz\u0105 genetyki, genomiki i cytogenetyki. Obecnie zajmuje si\u0119 mechanizmami epigenetycznymi wp\u0142ywaj\u0105cymi na ekspresj\u0119 gen&oacute;w zaanga\u017cowanych w adipogenez\u0119 i gospodark\u0119 lipidow\u0105 ssak&oacute;w. Jest autork\u0105 kilkudziesi\u0119ciu prac opublikowanych w uznanych mi\u0119dzynarodowych czasopismach naukowych. Odby\u0142a kilka d\u0142ugoterminowych zagranicznych sta\u017cy podoktorskich, m.in. na Uniwersytecie Brunel w Londynie (2007-2008) i Uniwersytecie w Oksfordzie (2010 i 2012). Za swoje osi\u0105gni\u0119cia naukowe by\u0142a wielokrotnie nagradzana. Jest m.in. stypendystk\u0105 Fundacji na rzecz Nauki Polskiej (FNP) dla m\u0142odych uczonych (program START, 2004 i 2005), Fundacji Cz\u0142onk&oacute;w Wydzia\u0142u Nauk Rolniczych, Le\u015bnych i Weterynaryjnych PAN &#8211; Pro Scientia et Vita (2007), otrzyma\u0142a r&oacute;wnie\u017c Stypendium Ministra Nauki i Szkolnictwa Wy\u017cszego dla wybitnych m\u0142odych naukowc&oacute;w (2009-2012) oraz stypendium tygodnia &ldquo;POLITYKA&rdquo; (2009). By\u0142a beneficjentk\u0105 programu Mobilno\u015b\u0107 Naukowc&oacute;w MNiSzW (2007) oraz uzyska\u0142a stypendium na sta\u017c naukowy European Molecular Biology Organization &ndash; EMBO (2012). W 2013 roku otrzyma\u0142a Nagrod\u0119 Prezesa Rady Ministr&oacute;w za rozpraw\u0119 habilitacyjn\u0105. Jest cz\u0142onkiem Polskiego Towarzystwa Genetycznego, Komitetu Cytobiologii PAN oraz Komitetu Nauk Zootechnicznych PAN. By\u0142a cz\u0142onkiem II kadencji Rady M\u0142odych Naukowc&oacute;w (2011\/2012) przy Ministrze Nauki i Szkolnictwa Wy\u017cszego.<\/p>","protected":false},"excerpt":{"rendered":"<p>Dr hab. Izabela Szczerbal (ur. 1977) z wykszta\u0142cenia jest biotechnologiem. Od pocz\u0105tku swojej kariery naukowej zwi\u0105zana z Uniwersytetem Przyrodniczym w Poznaniu. Stopie\u0144 doktora nauk rolniczych uzyska\u0142a w 2005r. a stopie\u0144 doktora habilitowanego nauk biologicznych w 2012r. Pracuje w Katedrze Genetyki i Podstaw Hodowli Zwierz\u0105t na stanowisku adiunkta. Jej zainteresowania naukowe dotycz\u0105 genetyki, genomiki i cytogenetyki. [&hellip;]<\/p>","protected":false},"author":2,"featured_media":105,"parent":0,"menu_order":24,"comment_status":"open","ping_status":"open","template":"","meta":{"_monsterinsights_skip_tracking":false,"_monsterinsights_sitenote_active":false,"_monsterinsights_sitenote_note":"","_monsterinsights_sitenote_category":0,"footnotes":""},"class_list":["post-106","page","type-page","status-publish","has-post-thumbnail","hentry"],"yoast_head":"<!-- This site is optimized with the Yoast SEO plugin v25.0 - https:\/\/yoast.com\/wordpress\/plugins\/seo\/ -->\n<title>Izabela Szczerbal - Akademia M\u0142odych Uczonych<\/title>\n<meta name=\"robots\" content=\"index, follow, max-snippet:-1, max-image-preview:large, max-video-preview:-1\" \/>\n<link rel=\"canonical\" href=\"https:\/\/amu.pan.pl\/en\/izabela-szczerbal\/\" \/>\n<meta property=\"og:locale\" content=\"en_GB\" \/>\n<meta property=\"og:type\" content=\"article\" \/>\n<meta property=\"og:title\" content=\"Izabela Szczerbal - Akademia M\u0142odych Uczonych\" \/>\n<meta property=\"og:description\" content=\"Dr hab. Izabela Szczerbal (ur. 1977) z wykszta\u0142cenia jest biotechnologiem. Od pocz\u0105tku swojej kariery naukowej zwi\u0105zana z Uniwersytetem Przyrodniczym w Poznaniu. Stopie\u0144 doktora nauk rolniczych uzyska\u0142a w 2005r. a stopie\u0144 doktora habilitowanego nauk biologicznych w 2012r. Pracuje w Katedrze Genetyki i Podstaw Hodowli Zwierz\u0105t na stanowisku adiunkta. Jej zainteresowania naukowe dotycz\u0105 genetyki, genomiki i cytogenetyki. [&hellip;]\" \/>\n<meta property=\"og:url\" content=\"https:\/\/amu.pan.pl\/en\/izabela-szczerbal\/\" \/>\n<meta property=\"og:site_name\" content=\"Akademia M\u0142odych Uczonych\" \/>\n<meta property=\"article:publisher\" content=\"https:\/\/www.facebook.com\/AkademiaMlodychUczonych\/\" \/>\n<meta property=\"article:modified_time\" content=\"2020-10-02T21:57:45+00:00\" \/>\n<meta property=\"og:image\" content=\"https:\/\/amu.pan.pl\/wp-content\/uploads\/2016\/02\/Izabela_Szczerbal.jpg\" \/>\n\t<meta property=\"og:image:width\" content=\"300\" \/>\n\t<meta property=\"og:image:height\" content=\"404\" \/>\n\t<meta property=\"og:image:type\" content=\"image\/jpeg\" \/>\n<meta name=\"twitter:card\" content=\"summary_large_image\" \/>\n<meta name=\"twitter:site\" content=\"@AMUPAN1\" \/>\n<meta name=\"twitter:label1\" content=\"Estimated reading time\" \/>\n\t<meta name=\"twitter:data1\" content=\"1 minute\" \/>\n<script type=\"application\/ld+json\" class=\"yoast-schema-graph\">{\"@context\":\"https:\/\/schema.org\",\"@graph\":[{\"@type\":\"WebPage\",\"@id\":\"https:\/\/amu.pan.pl\/en\/izabela-szczerbal\/\",\"url\":\"https:\/\/amu.pan.pl\/en\/izabela-szczerbal\/\",\"name\":\"Izabela Szczerbal - Akademia M\u0142odych Uczonych\",\"isPartOf\":{\"@id\":\"https:\/\/amu.pan.pl\/#website\"},\"primaryImageOfPage\":{\"@id\":\"https:\/\/amu.pan.pl\/en\/izabela-szczerbal\/#primaryimage\"},\"image\":{\"@id\":\"https:\/\/amu.pan.pl\/en\/izabela-szczerbal\/#primaryimage\"},\"thumbnailUrl\":\"https:\/\/amu.pan.pl\/wp-content\/uploads\/2016\/02\/Izabela_Szczerbal.jpg\",\"datePublished\":\"2016-02-26T12:46:44+00:00\",\"dateModified\":\"2020-10-02T21:57:45+00:00\",\"breadcrumb\":{\"@id\":\"https:\/\/amu.pan.pl\/en\/izabela-szczerbal\/#breadcrumb\"},\"inLanguage\":\"en-GB\",\"potentialAction\":[{\"@type\":\"ReadAction\",\"target\":[\"https:\/\/amu.pan.pl\/en\/izabela-szczerbal\/\"]}]},{\"@type\":\"ImageObject\",\"inLanguage\":\"en-GB\",\"@id\":\"https:\/\/amu.pan.pl\/en\/izabela-szczerbal\/#primaryimage\",\"url\":\"https:\/\/amu.pan.pl\/wp-content\/uploads\/2016\/02\/Izabela_Szczerbal.jpg\",\"contentUrl\":\"https:\/\/amu.pan.pl\/wp-content\/uploads\/2016\/02\/Izabela_Szczerbal.jpg\",\"width\":300,\"height\":404},{\"@type\":\"BreadcrumbList\",\"@id\":\"https:\/\/amu.pan.pl\/en\/izabela-szczerbal\/#breadcrumb\",\"itemListElement\":[{\"@type\":\"ListItem\",\"position\":1,\"name\":\"Strona g\u0142\u00f3wna\",\"item\":\"https:\/\/amu.pan.pl\/\"},{\"@type\":\"ListItem\",\"position\":2,\"name\":\"Izabela Szczerbal\"}]},{\"@type\":\"WebSite\",\"@id\":\"https:\/\/amu.pan.pl\/#website\",\"url\":\"https:\/\/amu.pan.pl\/\",\"name\":\"Akademia M\u0142odych Uczonych\",\"description\":\"Polska Akademia Nauk\",\"publisher\":{\"@id\":\"https:\/\/amu.pan.pl\/#organization\"},\"potentialAction\":[{\"@type\":\"SearchAction\",\"target\":{\"@type\":\"EntryPoint\",\"urlTemplate\":\"https:\/\/amu.pan.pl\/?s={search_term_string}\"},\"query-input\":{\"@type\":\"PropertyValueSpecification\",\"valueRequired\":true,\"valueName\":\"search_term_string\"}}],\"inLanguage\":\"en-GB\"},{\"@type\":\"Organization\",\"@id\":\"https:\/\/amu.pan.pl\/#organization\",\"name\":\"Akademia M\u0142odych Uczonych\",\"url\":\"https:\/\/amu.pan.pl\/\",\"logo\":{\"@type\":\"ImageObject\",\"inLanguage\":\"en-GB\",\"@id\":\"https:\/\/amu.pan.pl\/#\/schema\/logo\/image\/\",\"url\":\"https:\/\/amu.pan.pl\/wp-content\/uploads\/2020\/08\/zz_amu.png\",\"contentUrl\":\"https:\/\/amu.pan.pl\/wp-content\/uploads\/2020\/08\/zz_amu.png\",\"width\":2794,\"height\":1016,\"caption\":\"Akademia M\u0142odych Uczonych\"},\"image\":{\"@id\":\"https:\/\/amu.pan.pl\/#\/schema\/logo\/image\/\"},\"sameAs\":[\"https:\/\/www.facebook.com\/AkademiaMlodychUczonych\/\",\"https:\/\/x.com\/AMUPAN1\"]}]}<\/script>\n<!-- \/ Yoast SEO plugin. -->","yoast_head_json":{"title":"Izabela Szczerbal - Akademia M\u0142odych Uczonych","robots":{"index":"index","follow":"follow","max-snippet":"max-snippet:-1","max-image-preview":"max-image-preview:large","max-video-preview":"max-video-preview:-1"},"canonical":"https:\/\/amu.pan.pl\/en\/izabela-szczerbal\/","og_locale":"en_GB","og_type":"article","og_title":"Izabela Szczerbal - Akademia M\u0142odych Uczonych","og_description":"Dr hab. Izabela Szczerbal (ur. 1977) z wykszta\u0142cenia jest biotechnologiem. Od pocz\u0105tku swojej kariery naukowej zwi\u0105zana z Uniwersytetem Przyrodniczym w Poznaniu. Stopie\u0144 doktora nauk rolniczych uzyska\u0142a w 2005r. a stopie\u0144 doktora habilitowanego nauk biologicznych w 2012r. Pracuje w Katedrze Genetyki i Podstaw Hodowli Zwierz\u0105t na stanowisku adiunkta. Jej zainteresowania naukowe dotycz\u0105 genetyki, genomiki i cytogenetyki. [&hellip;]","og_url":"https:\/\/amu.pan.pl\/en\/izabela-szczerbal\/","og_site_name":"Akademia M\u0142odych Uczonych","article_publisher":"https:\/\/www.facebook.com\/AkademiaMlodychUczonych\/","article_modified_time":"2020-10-02T21:57:45+00:00","og_image":[{"width":300,"height":404,"url":"https:\/\/amu.pan.pl\/wp-content\/uploads\/2016\/02\/Izabela_Szczerbal.jpg","type":"image\/jpeg"}],"twitter_card":"summary_large_image","twitter_site":"@AMUPAN1","twitter_misc":{"Estimated reading time":"1 minute"},"schema":{"@context":"https:\/\/schema.org","@graph":[{"@type":"WebPage","@id":"https:\/\/amu.pan.pl\/en\/izabela-szczerbal\/","url":"https:\/\/amu.pan.pl\/en\/izabela-szczerbal\/","name":"Izabela Szczerbal - Akademia M\u0142odych Uczonych","isPartOf":{"@id":"https:\/\/amu.pan.pl\/#website"},"primaryImageOfPage":{"@id":"https:\/\/amu.pan.pl\/en\/izabela-szczerbal\/#primaryimage"},"image":{"@id":"https:\/\/amu.pan.pl\/en\/izabela-szczerbal\/#primaryimage"},"thumbnailUrl":"https:\/\/amu.pan.pl\/wp-content\/uploads\/2016\/02\/Izabela_Szczerbal.jpg","datePublished":"2016-02-26T12:46:44+00:00","dateModified":"2020-10-02T21:57:45+00:00","breadcrumb":{"@id":"https:\/\/amu.pan.pl\/en\/izabela-szczerbal\/#breadcrumb"},"inLanguage":"en-GB","potentialAction":[{"@type":"ReadAction","target":["https:\/\/amu.pan.pl\/en\/izabela-szczerbal\/"]}]},{"@type":"ImageObject","inLanguage":"en-GB","@id":"https:\/\/amu.pan.pl\/en\/izabela-szczerbal\/#primaryimage","url":"https:\/\/amu.pan.pl\/wp-content\/uploads\/2016\/02\/Izabela_Szczerbal.jpg","contentUrl":"https:\/\/amu.pan.pl\/wp-content\/uploads\/2016\/02\/Izabela_Szczerbal.jpg","width":300,"height":404},{"@type":"BreadcrumbList","@id":"https:\/\/amu.pan.pl\/en\/izabela-szczerbal\/#breadcrumb","itemListElement":[{"@type":"ListItem","position":1,"name":"Strona g\u0142\u00f3wna","item":"https:\/\/amu.pan.pl\/"},{"@type":"ListItem","position":2,"name":"Izabela Szczerbal"}]},{"@type":"WebSite","@id":"https:\/\/amu.pan.pl\/#website","url":"https:\/\/amu.pan.pl\/","name":"Akademia M\u0142odych Uczonych","description":"Polska Akademia Nauk","publisher":{"@id":"https:\/\/amu.pan.pl\/#organization"},"potentialAction":[{"@type":"SearchAction","target":{"@type":"EntryPoint","urlTemplate":"https:\/\/amu.pan.pl\/?s={search_term_string}"},"query-input":{"@type":"PropertyValueSpecification","valueRequired":true,"valueName":"search_term_string"}}],"inLanguage":"en-GB"},{"@type":"Organization","@id":"https:\/\/amu.pan.pl\/#organization","name":"Akademia M\u0142odych Uczonych","url":"https:\/\/amu.pan.pl\/","logo":{"@type":"ImageObject","inLanguage":"en-GB","@id":"https:\/\/amu.pan.pl\/#\/schema\/logo\/image\/","url":"https:\/\/amu.pan.pl\/wp-content\/uploads\/2020\/08\/zz_amu.png","contentUrl":"https:\/\/amu.pan.pl\/wp-content\/uploads\/2020\/08\/zz_amu.png","width":2794,"height":1016,"caption":"Akademia M\u0142odych Uczonych"},"image":{"@id":"https:\/\/amu.pan.pl\/#\/schema\/logo\/image\/"},"sameAs":["https:\/\/www.facebook.com\/AkademiaMlodychUczonych\/","https:\/\/x.com\/AMUPAN1"]}]}},"_links":{"self":[{"href":"https:\/\/amu.pan.pl\/en\/wp-json\/wp\/v2\/pages\/106","targetHints":{"allow":["GET"]}}],"collection":[{"href":"https:\/\/amu.pan.pl\/en\/wp-json\/wp\/v2\/pages"}],"about":[{"href":"https:\/\/amu.pan.pl\/en\/wp-json\/wp\/v2\/types\/page"}],"author":[{"embeddable":true,"href":"https:\/\/amu.pan.pl\/en\/wp-json\/wp\/v2\/users\/2"}],"replies":[{"embeddable":true,"href":"https:\/\/amu.pan.pl\/en\/wp-json\/wp\/v2\/comments?post=106"}],"version-history":[{"count":0,"href":"https:\/\/amu.pan.pl\/en\/wp-json\/wp\/v2\/pages\/106\/revisions"}],"wp:featuredmedia":[{"embeddable":true,"href":"https:\/\/amu.pan.pl\/en\/wp-json\/wp\/v2\/media\/105"}],"wp:attachment":[{"href":"https:\/\/amu.pan.pl\/en\/wp-json\/wp\/v2\/media?parent=106"}],"curies":[{"name":"wp","href":"https:\/\/api.w.org\/{rel}","templated":true}]}}