{"id":108,"date":"2016-02-26T13:47:17","date_gmt":"2016-02-26T12:47:17","guid":{"rendered":"https:\/\/amu.pan.pl\/test\/2016\/02\/26\/witold-szczucinski\/"},"modified":"2020-10-02T23:57:45","modified_gmt":"2020-10-02T21:57:45","slug":"witold-szczucinski","status":"publish","type":"page","link":"https:\/\/amu.pan.pl\/en\/witold-szczucinski\/","title":{"rendered":"Witold Szczuci\u0144ski"},"content":{"rendered":"<p style=\"text-align: center;\"><img fetchpriority=\"high\" decoding=\"async\" class=\"size-full wp-image-107\" src=\"https:\/\/amu.pan.pl\/wp-content\/uploads\/2016\/02\/Witold_Szczuciski.JPG\" alt=\"\" width=\"359\" height=\"312\" srcset=\"https:\/\/amu.pan.pl\/wp-content\/uploads\/2016\/02\/Witold_Szczuciski.JPG 359w, https:\/\/amu.pan.pl\/wp-content\/uploads\/2016\/02\/Witold_Szczuciski-300x261.jpg 300w\" sizes=\"(max-width: 359px) 100vw, 359px\" \/><\/p>\n<p>Dr hab. Witold Szczuci\u0144ski jest geologiem, pracuje w Instytucie Geologii Uniwersytetu im. Adama Mickiewicza w Poznaniu. Jest cz\u0142onkiem Akademii M\u0142odych Uczonych Polskiej Akademii Nauk. G\u0142&oacute;wnym obiektem jego bada\u0144 s\u0105 osady, kt&oacute;re stanowi\u0105 archiwum historii Ziemi. Szczeg&oacute;lnie interesuje si\u0119 ilo\u015bciowym uj\u0119ciem wsp&oacute;\u0142czesnych proces&oacute;w sedymentacyjnych oraz zapisem w osadach zmian \u015brodowiskowych, zw\u0142aszcza tych zwi\u0105zanych z katastrofami naturalnymi (tsunami, sztormami, powodziami, impaktami meteorytowymi, szar\u017cami lodowcowymi). Badania prowadzi zar&oacute;wno na l\u0105dzie, jak i na morzu, g\u0142&oacute;wnie w Arktyce, wschodniej Azji i w Polsce.<\/p>","protected":false},"excerpt":{"rendered":"<p>Dr hab. Witold Szczuci\u0144ski jest geologiem, pracuje w Instytucie Geologii Uniwersytetu im. Adama Mickiewicza w Poznaniu. Jest cz\u0142onkiem Akademii M\u0142odych Uczonych Polskiej Akademii Nauk. G\u0142&oacute;wnym obiektem jego bada\u0144 s\u0105 osady, kt&oacute;re stanowi\u0105 archiwum historii Ziemi. Szczeg&oacute;lnie interesuje si\u0119 ilo\u015bciowym uj\u0119ciem wsp&oacute;\u0142czesnych proces&oacute;w sedymentacyjnych oraz zapisem w osadach zmian \u015brodowiskowych, zw\u0142aszcza tych zwi\u0105zanych z katastrofami naturalnymi [&hellip;]<\/p>","protected":false},"author":2,"featured_media":107,"parent":0,"menu_order":21,"comment_status":"open","ping_status":"open","template":"","meta":{"_monsterinsights_skip_tracking":false,"_monsterinsights_sitenote_active":false,"_monsterinsights_sitenote_note":"","_monsterinsights_sitenote_category":0,"footnotes":""},"class_list":["post-108","page","type-page","status-publish","has-post-thumbnail","hentry"],"yoast_head":"<!-- This site is optimized with the Yoast SEO plugin v25.0 - https:\/\/yoast.com\/wordpress\/plugins\/seo\/ -->\n<title>Witold Szczuci\u0144ski - Akademia M\u0142odych Uczonych<\/title>\n<meta name=\"robots\" content=\"index, follow, max-snippet:-1, max-image-preview:large, max-video-preview:-1\" \/>\n<link rel=\"canonical\" href=\"https:\/\/amu.pan.pl\/en\/witold-szczucinski\/\" \/>\n<meta property=\"og:locale\" content=\"en_GB\" \/>\n<meta property=\"og:type\" content=\"article\" \/>\n<meta property=\"og:title\" content=\"Witold Szczuci\u0144ski - Akademia M\u0142odych Uczonych\" \/>\n<meta property=\"og:description\" content=\"Dr hab. Witold Szczuci\u0144ski jest geologiem, pracuje w Instytucie Geologii Uniwersytetu im. Adama Mickiewicza w Poznaniu. Jest cz\u0142onkiem Akademii M\u0142odych Uczonych Polskiej Akademii Nauk. G\u0142&oacute;wnym obiektem jego bada\u0144 s\u0105 osady, kt&oacute;re stanowi\u0105 archiwum historii Ziemi. Szczeg&oacute;lnie interesuje si\u0119 ilo\u015bciowym uj\u0119ciem wsp&oacute;\u0142czesnych proces&oacute;w sedymentacyjnych oraz zapisem w osadach zmian \u015brodowiskowych, zw\u0142aszcza tych zwi\u0105zanych z katastrofami naturalnymi [&hellip;]\" \/>\n<meta property=\"og:url\" content=\"https:\/\/amu.pan.pl\/en\/witold-szczucinski\/\" \/>\n<meta property=\"og:site_name\" content=\"Akademia M\u0142odych Uczonych\" \/>\n<meta property=\"article:publisher\" content=\"https:\/\/www.facebook.com\/AkademiaMlodychUczonych\/\" \/>\n<meta property=\"article:modified_time\" content=\"2020-10-02T21:57:45+00:00\" \/>\n<meta property=\"og:image\" content=\"https:\/\/amu.pan.pl\/wp-content\/uploads\/2016\/02\/Witold_Szczuciski.JPG\" \/>\n\t<meta property=\"og:image:width\" content=\"359\" \/>\n\t<meta property=\"og:image:height\" content=\"312\" \/>\n\t<meta property=\"og:image:type\" content=\"image\/jpeg\" \/>\n<meta name=\"twitter:card\" content=\"summary_large_image\" \/>\n<meta name=\"twitter:site\" content=\"@AMUPAN1\" \/>\n<meta name=\"twitter:label1\" content=\"Estimated reading time\" \/>\n\t<meta name=\"twitter:data1\" content=\"1 minute\" \/>\n<script type=\"application\/ld+json\" class=\"yoast-schema-graph\">{\"@context\":\"https:\/\/schema.org\",\"@graph\":[{\"@type\":\"WebPage\",\"@id\":\"https:\/\/amu.pan.pl\/en\/witold-szczucinski\/\",\"url\":\"https:\/\/amu.pan.pl\/en\/witold-szczucinski\/\",\"name\":\"Witold Szczuci\u0144ski - Akademia M\u0142odych Uczonych\",\"isPartOf\":{\"@id\":\"https:\/\/amu.pan.pl\/#website\"},\"primaryImageOfPage\":{\"@id\":\"https:\/\/amu.pan.pl\/en\/witold-szczucinski\/#primaryimage\"},\"image\":{\"@id\":\"https:\/\/amu.pan.pl\/en\/witold-szczucinski\/#primaryimage\"},\"thumbnailUrl\":\"https:\/\/amu.pan.pl\/wp-content\/uploads\/2016\/02\/Witold_Szczuciski.JPG\",\"datePublished\":\"2016-02-26T12:47:17+00:00\",\"dateModified\":\"2020-10-02T21:57:45+00:00\",\"breadcrumb\":{\"@id\":\"https:\/\/amu.pan.pl\/en\/witold-szczucinski\/#breadcrumb\"},\"inLanguage\":\"en-GB\",\"potentialAction\":[{\"@type\":\"ReadAction\",\"target\":[\"https:\/\/amu.pan.pl\/en\/witold-szczucinski\/\"]}]},{\"@type\":\"ImageObject\",\"inLanguage\":\"en-GB\",\"@id\":\"https:\/\/amu.pan.pl\/en\/witold-szczucinski\/#primaryimage\",\"url\":\"https:\/\/amu.pan.pl\/wp-content\/uploads\/2016\/02\/Witold_Szczuciski.JPG\",\"contentUrl\":\"https:\/\/amu.pan.pl\/wp-content\/uploads\/2016\/02\/Witold_Szczuciski.JPG\",\"width\":359,\"height\":312},{\"@type\":\"BreadcrumbList\",\"@id\":\"https:\/\/amu.pan.pl\/en\/witold-szczucinski\/#breadcrumb\",\"itemListElement\":[{\"@type\":\"ListItem\",\"position\":1,\"name\":\"Strona g\u0142\u00f3wna\",\"item\":\"https:\/\/amu.pan.pl\/\"},{\"@type\":\"ListItem\",\"position\":2,\"name\":\"Witold Szczuci\u0144ski\"}]},{\"@type\":\"WebSite\",\"@id\":\"https:\/\/amu.pan.pl\/#website\",\"url\":\"https:\/\/amu.pan.pl\/\",\"name\":\"Akademia M\u0142odych Uczonych\",\"description\":\"Polska Akademia Nauk\",\"publisher\":{\"@id\":\"https:\/\/amu.pan.pl\/#organization\"},\"potentialAction\":[{\"@type\":\"SearchAction\",\"target\":{\"@type\":\"EntryPoint\",\"urlTemplate\":\"https:\/\/amu.pan.pl\/?s={search_term_string}\"},\"query-input\":{\"@type\":\"PropertyValueSpecification\",\"valueRequired\":true,\"valueName\":\"search_term_string\"}}],\"inLanguage\":\"en-GB\"},{\"@type\":\"Organization\",\"@id\":\"https:\/\/amu.pan.pl\/#organization\",\"name\":\"Akademia M\u0142odych Uczonych\",\"url\":\"https:\/\/amu.pan.pl\/\",\"logo\":{\"@type\":\"ImageObject\",\"inLanguage\":\"en-GB\",\"@id\":\"https:\/\/amu.pan.pl\/#\/schema\/logo\/image\/\",\"url\":\"https:\/\/amu.pan.pl\/wp-content\/uploads\/2020\/08\/zz_amu.png\",\"contentUrl\":\"https:\/\/amu.pan.pl\/wp-content\/uploads\/2020\/08\/zz_amu.png\",\"width\":2794,\"height\":1016,\"caption\":\"Akademia M\u0142odych Uczonych\"},\"image\":{\"@id\":\"https:\/\/amu.pan.pl\/#\/schema\/logo\/image\/\"},\"sameAs\":[\"https:\/\/www.facebook.com\/AkademiaMlodychUczonych\/\",\"https:\/\/x.com\/AMUPAN1\"]}]}<\/script>\n<!-- \/ Yoast SEO plugin. -->","yoast_head_json":{"title":"Witold Szczuci\u0144ski - Akademia M\u0142odych Uczonych","robots":{"index":"index","follow":"follow","max-snippet":"max-snippet:-1","max-image-preview":"max-image-preview:large","max-video-preview":"max-video-preview:-1"},"canonical":"https:\/\/amu.pan.pl\/en\/witold-szczucinski\/","og_locale":"en_GB","og_type":"article","og_title":"Witold Szczuci\u0144ski - Akademia M\u0142odych Uczonych","og_description":"Dr hab. Witold Szczuci\u0144ski jest geologiem, pracuje w Instytucie Geologii Uniwersytetu im. Adama Mickiewicza w Poznaniu. Jest cz\u0142onkiem Akademii M\u0142odych Uczonych Polskiej Akademii Nauk. G\u0142&oacute;wnym obiektem jego bada\u0144 s\u0105 osady, kt&oacute;re stanowi\u0105 archiwum historii Ziemi. Szczeg&oacute;lnie interesuje si\u0119 ilo\u015bciowym uj\u0119ciem wsp&oacute;\u0142czesnych proces&oacute;w sedymentacyjnych oraz zapisem w osadach zmian \u015brodowiskowych, zw\u0142aszcza tych zwi\u0105zanych z katastrofami naturalnymi [&hellip;]","og_url":"https:\/\/amu.pan.pl\/en\/witold-szczucinski\/","og_site_name":"Akademia M\u0142odych Uczonych","article_publisher":"https:\/\/www.facebook.com\/AkademiaMlodychUczonych\/","article_modified_time":"2020-10-02T21:57:45+00:00","og_image":[{"width":359,"height":312,"url":"https:\/\/amu.pan.pl\/wp-content\/uploads\/2016\/02\/Witold_Szczuciski.JPG","type":"image\/jpeg"}],"twitter_card":"summary_large_image","twitter_site":"@AMUPAN1","twitter_misc":{"Estimated reading time":"1 minute"},"schema":{"@context":"https:\/\/schema.org","@graph":[{"@type":"WebPage","@id":"https:\/\/amu.pan.pl\/en\/witold-szczucinski\/","url":"https:\/\/amu.pan.pl\/en\/witold-szczucinski\/","name":"Witold Szczuci\u0144ski - Akademia M\u0142odych Uczonych","isPartOf":{"@id":"https:\/\/amu.pan.pl\/#website"},"primaryImageOfPage":{"@id":"https:\/\/amu.pan.pl\/en\/witold-szczucinski\/#primaryimage"},"image":{"@id":"https:\/\/amu.pan.pl\/en\/witold-szczucinski\/#primaryimage"},"thumbnailUrl":"https:\/\/amu.pan.pl\/wp-content\/uploads\/2016\/02\/Witold_Szczuciski.JPG","datePublished":"2016-02-26T12:47:17+00:00","dateModified":"2020-10-02T21:57:45+00:00","breadcrumb":{"@id":"https:\/\/amu.pan.pl\/en\/witold-szczucinski\/#breadcrumb"},"inLanguage":"en-GB","potentialAction":[{"@type":"ReadAction","target":["https:\/\/amu.pan.pl\/en\/witold-szczucinski\/"]}]},{"@type":"ImageObject","inLanguage":"en-GB","@id":"https:\/\/amu.pan.pl\/en\/witold-szczucinski\/#primaryimage","url":"https:\/\/amu.pan.pl\/wp-content\/uploads\/2016\/02\/Witold_Szczuciski.JPG","contentUrl":"https:\/\/amu.pan.pl\/wp-content\/uploads\/2016\/02\/Witold_Szczuciski.JPG","width":359,"height":312},{"@type":"BreadcrumbList","@id":"https:\/\/amu.pan.pl\/en\/witold-szczucinski\/#breadcrumb","itemListElement":[{"@type":"ListItem","position":1,"name":"Strona g\u0142\u00f3wna","item":"https:\/\/amu.pan.pl\/"},{"@type":"ListItem","position":2,"name":"Witold Szczuci\u0144ski"}]},{"@type":"WebSite","@id":"https:\/\/amu.pan.pl\/#website","url":"https:\/\/amu.pan.pl\/","name":"Akademia M\u0142odych Uczonych","description":"Polska Akademia Nauk","publisher":{"@id":"https:\/\/amu.pan.pl\/#organization"},"potentialAction":[{"@type":"SearchAction","target":{"@type":"EntryPoint","urlTemplate":"https:\/\/amu.pan.pl\/?s={search_term_string}"},"query-input":{"@type":"PropertyValueSpecification","valueRequired":true,"valueName":"search_term_string"}}],"inLanguage":"en-GB"},{"@type":"Organization","@id":"https:\/\/amu.pan.pl\/#organization","name":"Akademia M\u0142odych Uczonych","url":"https:\/\/amu.pan.pl\/","logo":{"@type":"ImageObject","inLanguage":"en-GB","@id":"https:\/\/amu.pan.pl\/#\/schema\/logo\/image\/","url":"https:\/\/amu.pan.pl\/wp-content\/uploads\/2020\/08\/zz_amu.png","contentUrl":"https:\/\/amu.pan.pl\/wp-content\/uploads\/2020\/08\/zz_amu.png","width":2794,"height":1016,"caption":"Akademia M\u0142odych Uczonych"},"image":{"@id":"https:\/\/amu.pan.pl\/#\/schema\/logo\/image\/"},"sameAs":["https:\/\/www.facebook.com\/AkademiaMlodychUczonych\/","https:\/\/x.com\/AMUPAN1"]}]}},"_links":{"self":[{"href":"https:\/\/amu.pan.pl\/en\/wp-json\/wp\/v2\/pages\/108","targetHints":{"allow":["GET"]}}],"collection":[{"href":"https:\/\/amu.pan.pl\/en\/wp-json\/wp\/v2\/pages"}],"about":[{"href":"https:\/\/amu.pan.pl\/en\/wp-json\/wp\/v2\/types\/page"}],"author":[{"embeddable":true,"href":"https:\/\/amu.pan.pl\/en\/wp-json\/wp\/v2\/users\/2"}],"replies":[{"embeddable":true,"href":"https:\/\/amu.pan.pl\/en\/wp-json\/wp\/v2\/comments?post=108"}],"version-history":[{"count":0,"href":"https:\/\/amu.pan.pl\/en\/wp-json\/wp\/v2\/pages\/108\/revisions"}],"wp:featuredmedia":[{"embeddable":true,"href":"https:\/\/amu.pan.pl\/en\/wp-json\/wp\/v2\/media\/107"}],"wp:attachment":[{"href":"https:\/\/amu.pan.pl\/en\/wp-json\/wp\/v2\/media?parent=108"}],"curies":[{"name":"wp","href":"https:\/\/api.w.org\/{rel}","templated":true}]}}