{"id":112,"date":"2016-02-26T13:49:20","date_gmt":"2016-02-26T12:49:20","guid":{"rendered":"https:\/\/amu.pan.pl\/test\/2016\/02\/26\/agnieszka-waclawik\/"},"modified":"2020-10-02T23:57:30","modified_gmt":"2020-10-02T21:57:30","slug":"agnieszka-waclawik","status":"publish","type":"page","link":"https:\/\/amu.pan.pl\/en\/agnieszka-waclawik\/","title":{"rendered":"Agnieszka Wac\u0142awik"},"content":{"rendered":"<p style=\"text-align: center;\"><img fetchpriority=\"high\" decoding=\"async\" class=\"size-full wp-image-111\" src=\"https:\/\/amu.pan.pl\/wp-content\/uploads\/2016\/02\/Agnieszka_Wacawik.PNG\" alt=\"\" width=\"300\" height=\"427\" srcset=\"https:\/\/amu.pan.pl\/wp-content\/uploads\/2016\/02\/Agnieszka_Wacawik.PNG 300w, https:\/\/amu.pan.pl\/wp-content\/uploads\/2016\/02\/Agnieszka_Wacawik-211x300.png 211w\" sizes=\"(max-width: 300px) 100vw, 300px\" \/><\/p>\n<p>Dr hab. Agnieszka Wac\u0142awik - associate professor at the Department of Hormone Action Mechanisms of the Institute of Animal Reproduction and Food Research of the Polish Academy of Sciences in Olsztyn. He is a biotechnologist by education. She obtained the PhD degree in biological sciences on the basis of the dissertation defended with honors entitled &quot;Cloning and characterization of the expression of prostaglandin synthesis enzymes in embryo, endometrium and porcine corpus luteum&quot; under the supervision of Prof. Adam Zi\u0119cik. <br \/>Dr. Agnieszka Wac\u0142awik&#039;s scientific interests are related to the understanding of the molecular mechanisms of interactions between the embryo and the uterine mucosa, which determine the correct course of the implantation process and the development of early pregnancy in farm animals and humans. Her research focuses mainly on the role of prostaglandins in the diagnosis and maintenance of early pregnancy and the determination of markers of the so-called uterine receptivity, i.e. a state that allows the proper implantation of the embryo. In his research, he uses advanced molecular biology techniques, incl. DNA microarrays, gene silencing, in vivo animal models, in vitro cell and tissue cultures. She is the author and co-author of a number of scientific articles in leading world journals in the field of endocrinology and reproductive biology, such as Endocrinology and Reproduction. So far, she was \/ is the manager of research projects funded by the Ministry of Science and Higher Education (international, own and Iuventus Plus) and the National Science Center (Sonata Bis).<br \/>Dr. Agnieszka Wac\u0142awik completed internships at foreign research centers, incl. at the Medical Research Council in Edinburgh; Ludwig Maximilians University and Gene Center in Munich; University of Turku and University of Sheffield. She was invited to give lectures at international conferences: Society for Reproduction and Fertility (UK, 2011), Society for the Study of Reproduction (USA, 2011) and International Conference on Pig Reproduction (Canada, 2009).<br \/>She is a laureate of numerous awards and scholarships, incl. the prestigious New Investigator Award granted by the Society for Reproduction and Fertility, Burgen Scholar of the Academy of Europe, scholarship for outstanding young scientists of the Ministry of Science and Higher Education, START of the Polish Science Foundation, Pro Scientia et Vita of the PAN Members&#039; Foundation, Laurel &quot;The Best of the Best&quot;. Currently, Dr. Wac\u0142awik is a member of the Board of the Society for Reproduction and Fertility, Management Committee &quot;EPICONCEPT Epigenetics and Periconception Environment&quot; COST Action FA1201 and the Committee of Reproductive Biology of the Polish Academy of Sciences.<\/p>","protected":false},"excerpt":{"rendered":"<p>Dr hab. Agnieszka Wac\u0142awik &#8211; profesor nadzwyczajny w Zak\u0142adzie Mechanizm\u00f3w Dzia\u0142ania Hormon\u00f3w Instytutu Rozrodu Zwierz\u0105t i Bada\u0144 \u017bywno\u015bci PAN w Olsztynie. Z wykszta\u0142cenia jest biotechnologiem. Stopie\u0144 doktora nauk biologicznych uzyska\u0142a&nbsp; na podstawie, obronionej z wyr\u00f3\u017cnieniem, rozprawy pt. \u201eKlonowanie oraz charakterystyka ekspresji enzym\u00f3w syntezy prostaglandyn w zarodku, endometrium i cia\u0142ku \u017c\u00f3\u0142tym \u015bwini\u201d pod kierunkiem Prof. Adama [&hellip;]<\/p>","protected":false},"author":2,"featured_media":111,"parent":0,"menu_order":14,"comment_status":"open","ping_status":"open","template":"","meta":{"_monsterinsights_skip_tracking":false,"_monsterinsights_sitenote_active":false,"_monsterinsights_sitenote_note":"","_monsterinsights_sitenote_category":0,"footnotes":""},"class_list":["post-112","page","type-page","status-publish","has-post-thumbnail","hentry"],"yoast_head":"<!-- This site is optimized with the Yoast SEO plugin v25.0 - https:\/\/yoast.com\/wordpress\/plugins\/seo\/ -->\n<title>Agnieszka Wac\u0142awik - Akademia M\u0142odych Uczonych<\/title>\n<meta name=\"robots\" content=\"index, follow, max-snippet:-1, max-image-preview:large, max-video-preview:-1\" \/>\n<link rel=\"canonical\" href=\"https:\/\/amu.pan.pl\/en\/agnieszka-waclawik\/\" \/>\n<meta property=\"og:locale\" content=\"en_GB\" \/>\n<meta property=\"og:type\" content=\"article\" \/>\n<meta property=\"og:title\" content=\"Agnieszka Wac\u0142awik - Akademia M\u0142odych Uczonych\" \/>\n<meta property=\"og:description\" content=\"Dr hab. Agnieszka Wac\u0142awik &#8211; profesor nadzwyczajny w Zak\u0142adzie Mechanizm\u00f3w Dzia\u0142ania Hormon\u00f3w Instytutu Rozrodu Zwierz\u0105t i Bada\u0144 \u017bywno\u015bci PAN w Olsztynie. Z wykszta\u0142cenia jest biotechnologiem. Stopie\u0144 doktora nauk biologicznych uzyska\u0142a&nbsp; na podstawie, obronionej z wyr\u00f3\u017cnieniem, rozprawy pt. \u201eKlonowanie oraz charakterystyka ekspresji enzym\u00f3w syntezy prostaglandyn w zarodku, endometrium i cia\u0142ku \u017c\u00f3\u0142tym \u015bwini\u201d pod kierunkiem Prof. Adama [&hellip;]\" \/>\n<meta property=\"og:url\" content=\"https:\/\/amu.pan.pl\/en\/agnieszka-waclawik\/\" \/>\n<meta property=\"og:site_name\" content=\"Akademia M\u0142odych Uczonych\" \/>\n<meta property=\"article:publisher\" content=\"https:\/\/www.facebook.com\/AkademiaMlodychUczonych\/\" \/>\n<meta property=\"article:modified_time\" content=\"2020-10-02T21:57:30+00:00\" \/>\n<meta property=\"og:image\" content=\"https:\/\/amu.pan.pl\/wp-content\/uploads\/2016\/02\/Agnieszka_Wacawik.PNG\" \/>\n\t<meta property=\"og:image:width\" content=\"300\" \/>\n\t<meta property=\"og:image:height\" content=\"427\" \/>\n\t<meta property=\"og:image:type\" content=\"image\/png\" \/>\n<meta name=\"twitter:card\" content=\"summary_large_image\" \/>\n<meta name=\"twitter:site\" content=\"@AMUPAN1\" \/>\n<meta name=\"twitter:label1\" content=\"Estimated reading time\" \/>\n\t<meta name=\"twitter:data1\" content=\"2 minutes\" \/>\n<script type=\"application\/ld+json\" class=\"yoast-schema-graph\">{\"@context\":\"https:\/\/schema.org\",\"@graph\":[{\"@type\":\"WebPage\",\"@id\":\"https:\/\/amu.pan.pl\/en\/agnieszka-waclawik\/\",\"url\":\"https:\/\/amu.pan.pl\/en\/agnieszka-waclawik\/\",\"name\":\"Agnieszka Wac\u0142awik - Akademia M\u0142odych Uczonych\",\"isPartOf\":{\"@id\":\"https:\/\/amu.pan.pl\/#website\"},\"primaryImageOfPage\":{\"@id\":\"https:\/\/amu.pan.pl\/en\/agnieszka-waclawik\/#primaryimage\"},\"image\":{\"@id\":\"https:\/\/amu.pan.pl\/en\/agnieszka-waclawik\/#primaryimage\"},\"thumbnailUrl\":\"https:\/\/amu.pan.pl\/wp-content\/uploads\/2016\/02\/Agnieszka_Wacawik.PNG\",\"datePublished\":\"2016-02-26T12:49:20+00:00\",\"dateModified\":\"2020-10-02T21:57:30+00:00\",\"breadcrumb\":{\"@id\":\"https:\/\/amu.pan.pl\/en\/agnieszka-waclawik\/#breadcrumb\"},\"inLanguage\":\"en-GB\",\"potentialAction\":[{\"@type\":\"ReadAction\",\"target\":[\"https:\/\/amu.pan.pl\/en\/agnieszka-waclawik\/\"]}]},{\"@type\":\"ImageObject\",\"inLanguage\":\"en-GB\",\"@id\":\"https:\/\/amu.pan.pl\/en\/agnieszka-waclawik\/#primaryimage\",\"url\":\"https:\/\/amu.pan.pl\/wp-content\/uploads\/2016\/02\/Agnieszka_Wacawik.PNG\",\"contentUrl\":\"https:\/\/amu.pan.pl\/wp-content\/uploads\/2016\/02\/Agnieszka_Wacawik.PNG\",\"width\":300,\"height\":427},{\"@type\":\"BreadcrumbList\",\"@id\":\"https:\/\/amu.pan.pl\/en\/agnieszka-waclawik\/#breadcrumb\",\"itemListElement\":[{\"@type\":\"ListItem\",\"position\":1,\"name\":\"Strona g\u0142\u00f3wna\",\"item\":\"https:\/\/amu.pan.pl\/\"},{\"@type\":\"ListItem\",\"position\":2,\"name\":\"Agnieszka Wac\u0142awik\"}]},{\"@type\":\"WebSite\",\"@id\":\"https:\/\/amu.pan.pl\/#website\",\"url\":\"https:\/\/amu.pan.pl\/\",\"name\":\"Akademia M\u0142odych Uczonych\",\"description\":\"Polska Akademia Nauk\",\"publisher\":{\"@id\":\"https:\/\/amu.pan.pl\/#organization\"},\"potentialAction\":[{\"@type\":\"SearchAction\",\"target\":{\"@type\":\"EntryPoint\",\"urlTemplate\":\"https:\/\/amu.pan.pl\/?s={search_term_string}\"},\"query-input\":{\"@type\":\"PropertyValueSpecification\",\"valueRequired\":true,\"valueName\":\"search_term_string\"}}],\"inLanguage\":\"en-GB\"},{\"@type\":\"Organization\",\"@id\":\"https:\/\/amu.pan.pl\/#organization\",\"name\":\"Akademia M\u0142odych Uczonych\",\"url\":\"https:\/\/amu.pan.pl\/\",\"logo\":{\"@type\":\"ImageObject\",\"inLanguage\":\"en-GB\",\"@id\":\"https:\/\/amu.pan.pl\/#\/schema\/logo\/image\/\",\"url\":\"https:\/\/amu.pan.pl\/wp-content\/uploads\/2020\/08\/zz_amu.png\",\"contentUrl\":\"https:\/\/amu.pan.pl\/wp-content\/uploads\/2020\/08\/zz_amu.png\",\"width\":2794,\"height\":1016,\"caption\":\"Akademia M\u0142odych Uczonych\"},\"image\":{\"@id\":\"https:\/\/amu.pan.pl\/#\/schema\/logo\/image\/\"},\"sameAs\":[\"https:\/\/www.facebook.com\/AkademiaMlodychUczonych\/\",\"https:\/\/x.com\/AMUPAN1\"]}]}<\/script>\n<!-- \/ Yoast SEO plugin. -->","yoast_head_json":{"title":"Agnieszka Wac\u0142awik - Akademia M\u0142odych Uczonych","robots":{"index":"index","follow":"follow","max-snippet":"max-snippet:-1","max-image-preview":"max-image-preview:large","max-video-preview":"max-video-preview:-1"},"canonical":"https:\/\/amu.pan.pl\/en\/agnieszka-waclawik\/","og_locale":"en_GB","og_type":"article","og_title":"Agnieszka Wac\u0142awik - Akademia M\u0142odych Uczonych","og_description":"Dr hab. Agnieszka Wac\u0142awik &#8211; profesor nadzwyczajny w Zak\u0142adzie Mechanizm\u00f3w Dzia\u0142ania Hormon\u00f3w Instytutu Rozrodu Zwierz\u0105t i Bada\u0144 \u017bywno\u015bci PAN w Olsztynie. Z wykszta\u0142cenia jest biotechnologiem. Stopie\u0144 doktora nauk biologicznych uzyska\u0142a&nbsp; na podstawie, obronionej z wyr\u00f3\u017cnieniem, rozprawy pt. \u201eKlonowanie oraz charakterystyka ekspresji enzym\u00f3w syntezy prostaglandyn w zarodku, endometrium i cia\u0142ku \u017c\u00f3\u0142tym \u015bwini\u201d pod kierunkiem Prof. Adama [&hellip;]","og_url":"https:\/\/amu.pan.pl\/en\/agnieszka-waclawik\/","og_site_name":"Akademia M\u0142odych Uczonych","article_publisher":"https:\/\/www.facebook.com\/AkademiaMlodychUczonych\/","article_modified_time":"2020-10-02T21:57:30+00:00","og_image":[{"width":300,"height":427,"url":"https:\/\/amu.pan.pl\/wp-content\/uploads\/2016\/02\/Agnieszka_Wacawik.PNG","type":"image\/png"}],"twitter_card":"summary_large_image","twitter_site":"@AMUPAN1","twitter_misc":{"Estimated reading time":"2 minutes"},"schema":{"@context":"https:\/\/schema.org","@graph":[{"@type":"WebPage","@id":"https:\/\/amu.pan.pl\/en\/agnieszka-waclawik\/","url":"https:\/\/amu.pan.pl\/en\/agnieszka-waclawik\/","name":"Agnieszka Wac\u0142awik - Akademia M\u0142odych Uczonych","isPartOf":{"@id":"https:\/\/amu.pan.pl\/#website"},"primaryImageOfPage":{"@id":"https:\/\/amu.pan.pl\/en\/agnieszka-waclawik\/#primaryimage"},"image":{"@id":"https:\/\/amu.pan.pl\/en\/agnieszka-waclawik\/#primaryimage"},"thumbnailUrl":"https:\/\/amu.pan.pl\/wp-content\/uploads\/2016\/02\/Agnieszka_Wacawik.PNG","datePublished":"2016-02-26T12:49:20+00:00","dateModified":"2020-10-02T21:57:30+00:00","breadcrumb":{"@id":"https:\/\/amu.pan.pl\/en\/agnieszka-waclawik\/#breadcrumb"},"inLanguage":"en-GB","potentialAction":[{"@type":"ReadAction","target":["https:\/\/amu.pan.pl\/en\/agnieszka-waclawik\/"]}]},{"@type":"ImageObject","inLanguage":"en-GB","@id":"https:\/\/amu.pan.pl\/en\/agnieszka-waclawik\/#primaryimage","url":"https:\/\/amu.pan.pl\/wp-content\/uploads\/2016\/02\/Agnieszka_Wacawik.PNG","contentUrl":"https:\/\/amu.pan.pl\/wp-content\/uploads\/2016\/02\/Agnieszka_Wacawik.PNG","width":300,"height":427},{"@type":"BreadcrumbList","@id":"https:\/\/amu.pan.pl\/en\/agnieszka-waclawik\/#breadcrumb","itemListElement":[{"@type":"ListItem","position":1,"name":"Strona g\u0142\u00f3wna","item":"https:\/\/amu.pan.pl\/"},{"@type":"ListItem","position":2,"name":"Agnieszka Wac\u0142awik"}]},{"@type":"WebSite","@id":"https:\/\/amu.pan.pl\/#website","url":"https:\/\/amu.pan.pl\/","name":"Akademia M\u0142odych Uczonych","description":"Polska Akademia Nauk","publisher":{"@id":"https:\/\/amu.pan.pl\/#organization"},"potentialAction":[{"@type":"SearchAction","target":{"@type":"EntryPoint","urlTemplate":"https:\/\/amu.pan.pl\/?s={search_term_string}"},"query-input":{"@type":"PropertyValueSpecification","valueRequired":true,"valueName":"search_term_string"}}],"inLanguage":"en-GB"},{"@type":"Organization","@id":"https:\/\/amu.pan.pl\/#organization","name":"Akademia M\u0142odych Uczonych","url":"https:\/\/amu.pan.pl\/","logo":{"@type":"ImageObject","inLanguage":"en-GB","@id":"https:\/\/amu.pan.pl\/#\/schema\/logo\/image\/","url":"https:\/\/amu.pan.pl\/wp-content\/uploads\/2020\/08\/zz_amu.png","contentUrl":"https:\/\/amu.pan.pl\/wp-content\/uploads\/2020\/08\/zz_amu.png","width":2794,"height":1016,"caption":"Akademia M\u0142odych Uczonych"},"image":{"@id":"https:\/\/amu.pan.pl\/#\/schema\/logo\/image\/"},"sameAs":["https:\/\/www.facebook.com\/AkademiaMlodychUczonych\/","https:\/\/x.com\/AMUPAN1"]}]}},"_links":{"self":[{"href":"https:\/\/amu.pan.pl\/en\/wp-json\/wp\/v2\/pages\/112","targetHints":{"allow":["GET"]}}],"collection":[{"href":"https:\/\/amu.pan.pl\/en\/wp-json\/wp\/v2\/pages"}],"about":[{"href":"https:\/\/amu.pan.pl\/en\/wp-json\/wp\/v2\/types\/page"}],"author":[{"embeddable":true,"href":"https:\/\/amu.pan.pl\/en\/wp-json\/wp\/v2\/users\/2"}],"replies":[{"embeddable":true,"href":"https:\/\/amu.pan.pl\/en\/wp-json\/wp\/v2\/comments?post=112"}],"version-history":[{"count":0,"href":"https:\/\/amu.pan.pl\/en\/wp-json\/wp\/v2\/pages\/112\/revisions"}],"wp:featuredmedia":[{"embeddable":true,"href":"https:\/\/amu.pan.pl\/en\/wp-json\/wp\/v2\/media\/111"}],"wp:attachment":[{"href":"https:\/\/amu.pan.pl\/en\/wp-json\/wp\/v2\/media?parent=112"}],"curies":[{"name":"wp","href":"https:\/\/api.w.org\/{rel}","templated":true}]}}