{"id":116,"date":"2016-02-26T13:52:45","date_gmt":"2016-02-26T12:52:45","guid":{"rendered":"https:\/\/amu.pan.pl\/test\/2016\/02\/26\/maciej-wojtkowski\/"},"modified":"2020-10-02T23:57:30","modified_gmt":"2020-10-02T21:57:30","slug":"maciej-wojtkowski","status":"publish","type":"page","link":"https:\/\/amu.pan.pl\/en\/maciej-wojtkowski\/","title":{"rendered":"Maciej Wojtkowski"},"content":{"rendered":"<p><img fetchpriority=\"high\" decoding=\"async\" class=\"size-full wp-image-115\" src=\"https:\/\/amu.pan.pl\/wp-content\/uploads\/2016\/02\/Maciej_Wojtkowski.jpg\" alt=\"\" style=\"margin-right: auto; margin-left: auto; display: block;\" width=\"300\" height=\"319\" srcset=\"https:\/\/amu.pan.pl\/wp-content\/uploads\/2016\/02\/Maciej_Wojtkowski.jpg 300w, https:\/\/amu.pan.pl\/wp-content\/uploads\/2016\/02\/Maciej_Wojtkowski-282x300.jpg 282w\" sizes=\"(max-width: 300px) 100vw, 300px\" \/><\/p>\n<p>Prof. dr hab. Maciej Wojtkowski (born 1975) deals with the applications of optics in medicine. With his work, Maciej Wojtkowski made a significant contribution to the development of optical methods of tissue imaging. Together with his colleagues from the Medical Physics Group of the Nicolaus Copernicus University in Toru\u0144, he constructed the world&#039;s first device for in vivo imaging of the human retina using SOCT optical tomography. Prof. Wojtkowski is the author of over 120 publications, including 63 in journals from the Philadelphia list, and five patents.<\/p>\n<p>In 2007, prof. Wojtkowski was honored with a renowned distinction \/ research grant from the European Young Investigator Award in the amount of EUR 1,200,000, as part of the funding for the creation of his own research group. During his academic career, Dr. Wojtkowski gained experience in laboratory work by working on many scientific internships at the University of Vienna, the University of Kent in Canterbury and the Massachusetts Institute of Technology in the USA. Currently, dr hab. Maciej Wojtkowski runs his own research group - the Optical Biomedical Imaging Team at the Institute of Physics of the Nicolaus Copernicus University in Toru\u0144 (<a href=\"http:\/\/obig.fizyka.umk.pl\">http:\/\/obig.fizyka.umk.pl<\/a>).<\/p>","protected":false},"excerpt":{"rendered":"<p>Prof. dr hab. Maciej Wojtkowski (ur. 1975) zajmuje si\u0119 zastosowaniami optyki w medycynie. Swoj\u0105 prac\u0105 Maciej Wojtkowski wni&oacute;s\u0142 znacz\u0105cy wk\u0142ad w rozw&oacute;j optycznych metod obrazowania tkanki. Wraz z kolegami z Zespo\u0142u Fizyki Medycznej UMK w Toruniu skonstruowa\u0142 pierwsze na \u015bwiecie urz\u0105dzenie do przy\u017cyciowego obrazowania siatk&oacute;wki ludzkiej za pomoc\u0105 tomografii optycznej SOCT. Prof. Wojtkowski jest autorem&hellip;&nbsp;<a href=\"https:\/\/amu.pan.pl\/en\/maciej-wojtkowski\/\" rel=\"bookmark\">Read More &raquo;<span class=\"screen-reader-text\">Maciej Wojtkowski<\/span><\/a><\/p>","protected":false},"author":2,"featured_media":115,"parent":0,"menu_order":10,"comment_status":"open","ping_status":"open","template":"","meta":{"_monsterinsights_skip_tracking":false,"_monsterinsights_sitenote_active":false,"_monsterinsights_sitenote_note":"","_monsterinsights_sitenote_category":0,"neve_meta_sidebar":"","neve_meta_container":"","neve_meta_enable_content_width":"","neve_meta_content_width":0,"neve_meta_title_alignment":"","neve_meta_author_avatar":"","neve_post_elements_order":"","neve_meta_disable_header":"","neve_meta_disable_footer":"","neve_meta_disable_title":"","footnotes":""},"class_list":["post-116","page","type-page","status-publish","has-post-thumbnail","hentry"],"yoast_head":"<!-- This site is optimized with the Yoast SEO plugin v25.0 - https:\/\/yoast.com\/wordpress\/plugins\/seo\/ -->\n<title>Maciej Wojtkowski - Akademia M\u0142odych Uczonych<\/title>\n<meta name=\"robots\" content=\"index, follow, max-snippet:-1, max-image-preview:large, max-video-preview:-1\" \/>\n<link rel=\"canonical\" href=\"https:\/\/amu.pan.pl\/en\/maciej-wojtkowski\/\" \/>\n<meta property=\"og:locale\" content=\"en_GB\" \/>\n<meta property=\"og:type\" content=\"article\" \/>\n<meta property=\"og:title\" content=\"Maciej Wojtkowski - Akademia M\u0142odych Uczonych\" \/>\n<meta property=\"og:description\" content=\"Prof. dr hab. Maciej Wojtkowski (ur. 1975) zajmuje si\u0119 zastosowaniami optyki w medycynie. Swoj\u0105 prac\u0105 Maciej Wojtkowski wni&oacute;s\u0142 znacz\u0105cy wk\u0142ad w rozw&oacute;j optycznych metod obrazowania tkanki. Wraz z kolegami z Zespo\u0142u Fizyki Medycznej UMK w Toruniu skonstruowa\u0142 pierwsze na \u015bwiecie urz\u0105dzenie do przy\u017cyciowego obrazowania siatk&oacute;wki ludzkiej za pomoc\u0105 tomografii optycznej SOCT. Prof. Wojtkowski jest autorem&hellip;&nbsp;Read More &raquo;Maciej Wojtkowski\" \/>\n<meta property=\"og:url\" content=\"https:\/\/amu.pan.pl\/en\/maciej-wojtkowski\/\" \/>\n<meta property=\"og:site_name\" content=\"Akademia M\u0142odych Uczonych\" \/>\n<meta property=\"article:publisher\" content=\"https:\/\/www.facebook.com\/AkademiaMlodychUczonych\/\" \/>\n<meta property=\"article:modified_time\" content=\"2020-10-02T21:57:30+00:00\" \/>\n<meta property=\"og:image\" content=\"https:\/\/amu.pan.pl\/wp-content\/uploads\/2016\/02\/Maciej_Wojtkowski.jpg\" \/>\n\t<meta property=\"og:image:width\" content=\"300\" \/>\n\t<meta property=\"og:image:height\" content=\"319\" \/>\n\t<meta property=\"og:image:type\" content=\"image\/jpeg\" \/>\n<meta name=\"twitter:card\" content=\"summary_large_image\" \/>\n<meta name=\"twitter:site\" content=\"@AMUPAN1\" \/>\n<meta name=\"twitter:label1\" content=\"Estimated reading time\" \/>\n\t<meta name=\"twitter:data1\" content=\"1 minute\" \/>\n<script type=\"application\/ld+json\" class=\"yoast-schema-graph\">{\"@context\":\"https:\/\/schema.org\",\"@graph\":[{\"@type\":\"WebPage\",\"@id\":\"https:\/\/amu.pan.pl\/en\/maciej-wojtkowski\/\",\"url\":\"https:\/\/amu.pan.pl\/en\/maciej-wojtkowski\/\",\"name\":\"Maciej Wojtkowski - Akademia M\u0142odych Uczonych\",\"isPartOf\":{\"@id\":\"https:\/\/amu.pan.pl\/#website\"},\"primaryImageOfPage\":{\"@id\":\"https:\/\/amu.pan.pl\/en\/maciej-wojtkowski\/#primaryimage\"},\"image\":{\"@id\":\"https:\/\/amu.pan.pl\/en\/maciej-wojtkowski\/#primaryimage\"},\"thumbnailUrl\":\"https:\/\/amu.pan.pl\/wp-content\/uploads\/2016\/02\/Maciej_Wojtkowski.jpg\",\"datePublished\":\"2016-02-26T12:52:45+00:00\",\"dateModified\":\"2020-10-02T21:57:30+00:00\",\"breadcrumb\":{\"@id\":\"https:\/\/amu.pan.pl\/en\/maciej-wojtkowski\/#breadcrumb\"},\"inLanguage\":\"en-GB\",\"potentialAction\":[{\"@type\":\"ReadAction\",\"target\":[\"https:\/\/amu.pan.pl\/en\/maciej-wojtkowski\/\"]}]},{\"@type\":\"ImageObject\",\"inLanguage\":\"en-GB\",\"@id\":\"https:\/\/amu.pan.pl\/en\/maciej-wojtkowski\/#primaryimage\",\"url\":\"https:\/\/amu.pan.pl\/wp-content\/uploads\/2016\/02\/Maciej_Wojtkowski.jpg\",\"contentUrl\":\"https:\/\/amu.pan.pl\/wp-content\/uploads\/2016\/02\/Maciej_Wojtkowski.jpg\",\"width\":300,\"height\":319},{\"@type\":\"BreadcrumbList\",\"@id\":\"https:\/\/amu.pan.pl\/en\/maciej-wojtkowski\/#breadcrumb\",\"itemListElement\":[{\"@type\":\"ListItem\",\"position\":1,\"name\":\"Strona g\u0142\u00f3wna\",\"item\":\"https:\/\/amu.pan.pl\/\"},{\"@type\":\"ListItem\",\"position\":2,\"name\":\"Maciej Wojtkowski\"}]},{\"@type\":\"WebSite\",\"@id\":\"https:\/\/amu.pan.pl\/#website\",\"url\":\"https:\/\/amu.pan.pl\/\",\"name\":\"Akademia M\u0142odych Uczonych\",\"description\":\"Polska Akademia Nauk\",\"publisher\":{\"@id\":\"https:\/\/amu.pan.pl\/#organization\"},\"potentialAction\":[{\"@type\":\"SearchAction\",\"target\":{\"@type\":\"EntryPoint\",\"urlTemplate\":\"https:\/\/amu.pan.pl\/?s={search_term_string}\"},\"query-input\":{\"@type\":\"PropertyValueSpecification\",\"valueRequired\":true,\"valueName\":\"search_term_string\"}}],\"inLanguage\":\"en-GB\"},{\"@type\":\"Organization\",\"@id\":\"https:\/\/amu.pan.pl\/#organization\",\"name\":\"Akademia M\u0142odych Uczonych\",\"url\":\"https:\/\/amu.pan.pl\/\",\"logo\":{\"@type\":\"ImageObject\",\"inLanguage\":\"en-GB\",\"@id\":\"https:\/\/amu.pan.pl\/#\/schema\/logo\/image\/\",\"url\":\"https:\/\/amu.pan.pl\/wp-content\/uploads\/2020\/08\/zz_amu.png\",\"contentUrl\":\"https:\/\/amu.pan.pl\/wp-content\/uploads\/2020\/08\/zz_amu.png\",\"width\":2794,\"height\":1016,\"caption\":\"Akademia M\u0142odych Uczonych\"},\"image\":{\"@id\":\"https:\/\/amu.pan.pl\/#\/schema\/logo\/image\/\"},\"sameAs\":[\"https:\/\/www.facebook.com\/AkademiaMlodychUczonych\/\",\"https:\/\/x.com\/AMUPAN1\"]}]}<\/script>\n<!-- \/ Yoast SEO plugin. -->","yoast_head_json":{"title":"Maciej Wojtkowski - Akademia M\u0142odych Uczonych","robots":{"index":"index","follow":"follow","max-snippet":"max-snippet:-1","max-image-preview":"max-image-preview:large","max-video-preview":"max-video-preview:-1"},"canonical":"https:\/\/amu.pan.pl\/en\/maciej-wojtkowski\/","og_locale":"en_GB","og_type":"article","og_title":"Maciej Wojtkowski - Akademia M\u0142odych Uczonych","og_description":"Prof. dr hab. Maciej Wojtkowski (ur. 1975) zajmuje si\u0119 zastosowaniami optyki w medycynie. Swoj\u0105 prac\u0105 Maciej Wojtkowski wni&oacute;s\u0142 znacz\u0105cy wk\u0142ad w rozw&oacute;j optycznych metod obrazowania tkanki. Wraz z kolegami z Zespo\u0142u Fizyki Medycznej UMK w Toruniu skonstruowa\u0142 pierwsze na \u015bwiecie urz\u0105dzenie do przy\u017cyciowego obrazowania siatk&oacute;wki ludzkiej za pomoc\u0105 tomografii optycznej SOCT. Prof. Wojtkowski jest autorem&hellip;&nbsp;Read More &raquo;Maciej Wojtkowski","og_url":"https:\/\/amu.pan.pl\/en\/maciej-wojtkowski\/","og_site_name":"Akademia M\u0142odych Uczonych","article_publisher":"https:\/\/www.facebook.com\/AkademiaMlodychUczonych\/","article_modified_time":"2020-10-02T21:57:30+00:00","og_image":[{"width":300,"height":319,"url":"https:\/\/amu.pan.pl\/wp-content\/uploads\/2016\/02\/Maciej_Wojtkowski.jpg","type":"image\/jpeg"}],"twitter_card":"summary_large_image","twitter_site":"@AMUPAN1","twitter_misc":{"Estimated reading time":"1 minute"},"schema":{"@context":"https:\/\/schema.org","@graph":[{"@type":"WebPage","@id":"https:\/\/amu.pan.pl\/en\/maciej-wojtkowski\/","url":"https:\/\/amu.pan.pl\/en\/maciej-wojtkowski\/","name":"Maciej Wojtkowski - Akademia M\u0142odych Uczonych","isPartOf":{"@id":"https:\/\/amu.pan.pl\/#website"},"primaryImageOfPage":{"@id":"https:\/\/amu.pan.pl\/en\/maciej-wojtkowski\/#primaryimage"},"image":{"@id":"https:\/\/amu.pan.pl\/en\/maciej-wojtkowski\/#primaryimage"},"thumbnailUrl":"https:\/\/amu.pan.pl\/wp-content\/uploads\/2016\/02\/Maciej_Wojtkowski.jpg","datePublished":"2016-02-26T12:52:45+00:00","dateModified":"2020-10-02T21:57:30+00:00","breadcrumb":{"@id":"https:\/\/amu.pan.pl\/en\/maciej-wojtkowski\/#breadcrumb"},"inLanguage":"en-GB","potentialAction":[{"@type":"ReadAction","target":["https:\/\/amu.pan.pl\/en\/maciej-wojtkowski\/"]}]},{"@type":"ImageObject","inLanguage":"en-GB","@id":"https:\/\/amu.pan.pl\/en\/maciej-wojtkowski\/#primaryimage","url":"https:\/\/amu.pan.pl\/wp-content\/uploads\/2016\/02\/Maciej_Wojtkowski.jpg","contentUrl":"https:\/\/amu.pan.pl\/wp-content\/uploads\/2016\/02\/Maciej_Wojtkowski.jpg","width":300,"height":319},{"@type":"BreadcrumbList","@id":"https:\/\/amu.pan.pl\/en\/maciej-wojtkowski\/#breadcrumb","itemListElement":[{"@type":"ListItem","position":1,"name":"Strona g\u0142\u00f3wna","item":"https:\/\/amu.pan.pl\/"},{"@type":"ListItem","position":2,"name":"Maciej Wojtkowski"}]},{"@type":"WebSite","@id":"https:\/\/amu.pan.pl\/#website","url":"https:\/\/amu.pan.pl\/","name":"Akademia M\u0142odych Uczonych","description":"Polska Akademia Nauk","publisher":{"@id":"https:\/\/amu.pan.pl\/#organization"},"potentialAction":[{"@type":"SearchAction","target":{"@type":"EntryPoint","urlTemplate":"https:\/\/amu.pan.pl\/?s={search_term_string}"},"query-input":{"@type":"PropertyValueSpecification","valueRequired":true,"valueName":"search_term_string"}}],"inLanguage":"en-GB"},{"@type":"Organization","@id":"https:\/\/amu.pan.pl\/#organization","name":"Akademia M\u0142odych Uczonych","url":"https:\/\/amu.pan.pl\/","logo":{"@type":"ImageObject","inLanguage":"en-GB","@id":"https:\/\/amu.pan.pl\/#\/schema\/logo\/image\/","url":"https:\/\/amu.pan.pl\/wp-content\/uploads\/2020\/08\/zz_amu.png","contentUrl":"https:\/\/amu.pan.pl\/wp-content\/uploads\/2020\/08\/zz_amu.png","width":2794,"height":1016,"caption":"Akademia M\u0142odych Uczonych"},"image":{"@id":"https:\/\/amu.pan.pl\/#\/schema\/logo\/image\/"},"sameAs":["https:\/\/www.facebook.com\/AkademiaMlodychUczonych\/","https:\/\/x.com\/AMUPAN1"]}]}},"_links":{"self":[{"href":"https:\/\/amu.pan.pl\/en\/wp-json\/wp\/v2\/pages\/116","targetHints":{"allow":["GET"]}}],"collection":[{"href":"https:\/\/amu.pan.pl\/en\/wp-json\/wp\/v2\/pages"}],"about":[{"href":"https:\/\/amu.pan.pl\/en\/wp-json\/wp\/v2\/types\/page"}],"author":[{"embeddable":true,"href":"https:\/\/amu.pan.pl\/en\/wp-json\/wp\/v2\/users\/2"}],"replies":[{"embeddable":true,"href":"https:\/\/amu.pan.pl\/en\/wp-json\/wp\/v2\/comments?post=116"}],"version-history":[{"count":0,"href":"https:\/\/amu.pan.pl\/en\/wp-json\/wp\/v2\/pages\/116\/revisions"}],"wp:featuredmedia":[{"embeddable":true,"href":"https:\/\/amu.pan.pl\/en\/wp-json\/wp\/v2\/media\/115"}],"wp:attachment":[{"href":"https:\/\/amu.pan.pl\/en\/wp-json\/wp\/v2\/media?parent=116"}],"curies":[{"name":"wp","href":"https:\/\/api.w.org\/{rel}","templated":true}]}}