{"id":118,"date":"2016-02-26T13:57:47","date_gmt":"2016-02-26T12:57:47","guid":{"rendered":"https:\/\/amu.pan.pl\/test\/2016\/02\/26\/borys-wrobel\/"},"modified":"2020-10-02T23:57:30","modified_gmt":"2020-10-02T21:57:30","slug":"borys-wrobel","status":"publish","type":"page","link":"https:\/\/amu.pan.pl\/en\/borys-wrobel\/","title":{"rendered":"Borys Wr\u00f3bel"},"content":{"rendered":"<p style=\"text-align: center;\"><img fetchpriority=\"high\" decoding=\"async\" class=\"size-full wp-image-117\" src=\"https:\/\/amu.pan.pl\/wp-content\/uploads\/2016\/02\/Borys_Wrobel.png\" alt=\"\" width=\"300\" height=\"353\" srcset=\"https:\/\/amu.pan.pl\/wp-content\/uploads\/2016\/02\/Borys_Wrobel.png 300w, https:\/\/amu.pan.pl\/wp-content\/uploads\/2016\/02\/Borys_Wrobel-255x300.png 255w\" sizes=\"(max-width: 300px) 100vw, 300px\" \/><\/p>\n<p>Borys Wr&oacute;bel (ur. 1976) &#8211; biolog molekularny, genetyk, biolog teoretyczny. Zajmuje si\u0119 analiz\u0105 du\u017cych zbior&oacute;w sekwencji, w tym uzyskanych z wykorzystaniem metod wysokoprzepustowych, oraz modelowaniem ko-ewolucji rozwoju wielokom&oacute;rkowego i zdolno\u015bci kognitywnych. Jego zainteresowania zwi\u0105zane s\u0105 z jednej strony z badaniami bior&oacute;\u017cnorodno\u015bci w \u015brodowisku morskim oraz tworzeniem oprogramowania s\u0142u\u017c\u0105cego do analizy skupie\u0144 i do analizy drzew filogenetycznych, z drugiej z badaniami w\u0142a\u015bciwo\u015bci obliczeniowych sztucznych sieci regulacji genowych i innych biologicznie inspirowanych modeli oblicze\u0144 z wykorzystaniem autorskich platform oprogramowania w oparciu o paradygmat sztucznego \u017cycia, system&oacute;w wieloprocesorowych du\u017cej mocy oraz sprz\u0119tu neuromorficznego.<\/p>\n<p>Uko\u0144czy\u0142 studia magisterskie na Mi\u0119dzyuczelnianym Wydziale Biotechnologii Uniwersytetu Gda\u0144skiego i (w&oacute;wczas) Akademii Medycznej w Gda\u0144sku (1996), a nast\u0119pnie uzyska\u0142 doktorat i habilitacj\u0119 w zakresie nauk biologicznych (1998, 2008) na Uniwersytecie Gda\u0144skim, w obu przypadkach uzyskuj\u0105c nagrody Prezesa Rady Ministr&oacute;w. By\u0142 dwukrotnie stypendyst\u0105 Fundacji na rzecz Nauki Polskiej (2006, 2007). Jest kierownikiem Pracowni Modelowania System&oacute;w w Instytucie Oceanologii Polskiej Akademii Nauk oraz Laboratorium System&oacute;w Ewolucyjnych na Wydziale Biologii Uniwersytetu im. Adama Mickiewicza w Poznaniu. By\u0142 lub jest te\u017c promotorem w przewodach doktorskich na Wydziale Biologii Uniwersytetu Gda\u0144skiego oraz na Wydziale Elektroniki, Telekomunikacji i Informatyki Politechniki Gda\u0144skiej.<\/p>\n<p>Dodatkowe do\u015bwiadczenie w zakresie biologii molekularnej, biotechnologii, biologii ewolucyjnej oraz informatyki (w tym bio- i neuroinformatyki) uzyska\u0142 w ameryka\u0144skim Narodowym Instytucie Zdrowia Dziecka i Rozwoju Cz\u0142owieka, w Instytucie Salka (jako stypendysta Fulbrighta), na Uniwersytecie Hebrajskim w Jerozolimie (jako stypendysta FEBS i EMBO), w Instytucie Biologii Ewolucyjnej i Bior&oacute;\u017cnorodno\u015bci Uniwersytetu w Walencji (jako stypendysta programu Marie Curie), w Instytucie System&oacute;w Z\u0142o\u017conych Pary\u017c &Icirc;le-de-France, a tak\u017ce w Instytucie Neuroinformatyki Uniwersytetu i Federalnej Politechniki w Zurychu.<\/p>\n<p>Jest cz\u0142onkiem Polskiego Stowarzyszenia Stypendyst&oacute;w Fulbrighta, Polskiego Towarzystwa Genetycznego, Polskiego Towarzystwa Mikrobiolog&oacute;w, Sopockiego Towarzystwa Naukowego, International Society for Artificial Life, ACM Special group for Genetic and Evolutionary Computation, a tak\u017ce Intelligent Systems Applications Technical Committee of the IEEE Computational Intelligence Society.<\/p>","protected":false},"excerpt":{"rendered":"<p>Borys Wr&oacute;bel (ur. 1976) &#8211; biolog molekularny, genetyk, biolog teoretyczny. Zajmuje si\u0119 analiz\u0105 du\u017cych zbior&oacute;w sekwencji, w tym uzyskanych z wykorzystaniem metod wysokoprzepustowych, oraz modelowaniem ko-ewolucji rozwoju wielokom&oacute;rkowego i zdolno\u015bci kognitywnych. Jego zainteresowania zwi\u0105zane s\u0105 z jednej strony z badaniami bior&oacute;\u017cnorodno\u015bci w \u015brodowisku morskim oraz tworzeniem oprogramowania s\u0142u\u017c\u0105cego do analizy skupie\u0144 i do analizy drzew [&hellip;]<\/p>","protected":false},"author":2,"featured_media":117,"parent":0,"menu_order":6,"comment_status":"open","ping_status":"open","template":"","meta":{"_monsterinsights_skip_tracking":false,"_monsterinsights_sitenote_active":false,"_monsterinsights_sitenote_note":"","_monsterinsights_sitenote_category":0,"footnotes":""},"class_list":["post-118","page","type-page","status-publish","has-post-thumbnail","hentry"],"yoast_head":"<!-- This site is optimized with the Yoast SEO plugin v25.0 - https:\/\/yoast.com\/wordpress\/plugins\/seo\/ -->\n<title>Borys Wr\u00f3bel - Akademia M\u0142odych Uczonych<\/title>\n<meta name=\"robots\" content=\"index, follow, max-snippet:-1, max-image-preview:large, max-video-preview:-1\" \/>\n<link rel=\"canonical\" href=\"https:\/\/amu.pan.pl\/en\/borys-wrobel\/\" \/>\n<meta property=\"og:locale\" content=\"en_GB\" \/>\n<meta property=\"og:type\" content=\"article\" \/>\n<meta property=\"og:title\" content=\"Borys Wr\u00f3bel - Akademia M\u0142odych Uczonych\" \/>\n<meta property=\"og:description\" content=\"Borys Wr&oacute;bel (ur. 1976) &#8211; biolog molekularny, genetyk, biolog teoretyczny. Zajmuje si\u0119 analiz\u0105 du\u017cych zbior&oacute;w sekwencji, w tym uzyskanych z wykorzystaniem metod wysokoprzepustowych, oraz modelowaniem ko-ewolucji rozwoju wielokom&oacute;rkowego i zdolno\u015bci kognitywnych. Jego zainteresowania zwi\u0105zane s\u0105 z jednej strony z badaniami bior&oacute;\u017cnorodno\u015bci w \u015brodowisku morskim oraz tworzeniem oprogramowania s\u0142u\u017c\u0105cego do analizy skupie\u0144 i do analizy drzew [&hellip;]\" \/>\n<meta property=\"og:url\" content=\"https:\/\/amu.pan.pl\/en\/borys-wrobel\/\" \/>\n<meta property=\"og:site_name\" content=\"Akademia M\u0142odych Uczonych\" \/>\n<meta property=\"article:publisher\" content=\"https:\/\/www.facebook.com\/AkademiaMlodychUczonych\/\" \/>\n<meta property=\"article:modified_time\" content=\"2020-10-02T21:57:30+00:00\" \/>\n<meta property=\"og:image\" content=\"https:\/\/amu.pan.pl\/wp-content\/uploads\/2016\/02\/Borys_Wrobel.png\" \/>\n\t<meta property=\"og:image:width\" content=\"300\" \/>\n\t<meta property=\"og:image:height\" content=\"353\" \/>\n\t<meta property=\"og:image:type\" content=\"image\/png\" \/>\n<meta name=\"twitter:card\" content=\"summary_large_image\" \/>\n<meta name=\"twitter:site\" content=\"@AMUPAN1\" \/>\n<meta name=\"twitter:label1\" content=\"Estimated reading time\" \/>\n\t<meta name=\"twitter:data1\" content=\"2 minutes\" \/>\n<script type=\"application\/ld+json\" class=\"yoast-schema-graph\">{\"@context\":\"https:\/\/schema.org\",\"@graph\":[{\"@type\":\"WebPage\",\"@id\":\"https:\/\/amu.pan.pl\/en\/borys-wrobel\/\",\"url\":\"https:\/\/amu.pan.pl\/en\/borys-wrobel\/\",\"name\":\"Borys Wr\u00f3bel - Akademia M\u0142odych Uczonych\",\"isPartOf\":{\"@id\":\"https:\/\/amu.pan.pl\/#website\"},\"primaryImageOfPage\":{\"@id\":\"https:\/\/amu.pan.pl\/en\/borys-wrobel\/#primaryimage\"},\"image\":{\"@id\":\"https:\/\/amu.pan.pl\/en\/borys-wrobel\/#primaryimage\"},\"thumbnailUrl\":\"https:\/\/amu.pan.pl\/wp-content\/uploads\/2016\/02\/Borys_Wrobel.png\",\"datePublished\":\"2016-02-26T12:57:47+00:00\",\"dateModified\":\"2020-10-02T21:57:30+00:00\",\"breadcrumb\":{\"@id\":\"https:\/\/amu.pan.pl\/en\/borys-wrobel\/#breadcrumb\"},\"inLanguage\":\"en-GB\",\"potentialAction\":[{\"@type\":\"ReadAction\",\"target\":[\"https:\/\/amu.pan.pl\/en\/borys-wrobel\/\"]}]},{\"@type\":\"ImageObject\",\"inLanguage\":\"en-GB\",\"@id\":\"https:\/\/amu.pan.pl\/en\/borys-wrobel\/#primaryimage\",\"url\":\"https:\/\/amu.pan.pl\/wp-content\/uploads\/2016\/02\/Borys_Wrobel.png\",\"contentUrl\":\"https:\/\/amu.pan.pl\/wp-content\/uploads\/2016\/02\/Borys_Wrobel.png\",\"width\":300,\"height\":353},{\"@type\":\"BreadcrumbList\",\"@id\":\"https:\/\/amu.pan.pl\/en\/borys-wrobel\/#breadcrumb\",\"itemListElement\":[{\"@type\":\"ListItem\",\"position\":1,\"name\":\"Strona g\u0142\u00f3wna\",\"item\":\"https:\/\/amu.pan.pl\/\"},{\"@type\":\"ListItem\",\"position\":2,\"name\":\"Borys Wr\u00f3bel\"}]},{\"@type\":\"WebSite\",\"@id\":\"https:\/\/amu.pan.pl\/#website\",\"url\":\"https:\/\/amu.pan.pl\/\",\"name\":\"Akademia M\u0142odych Uczonych\",\"description\":\"Polska Akademia Nauk\",\"publisher\":{\"@id\":\"https:\/\/amu.pan.pl\/#organization\"},\"potentialAction\":[{\"@type\":\"SearchAction\",\"target\":{\"@type\":\"EntryPoint\",\"urlTemplate\":\"https:\/\/amu.pan.pl\/?s={search_term_string}\"},\"query-input\":{\"@type\":\"PropertyValueSpecification\",\"valueRequired\":true,\"valueName\":\"search_term_string\"}}],\"inLanguage\":\"en-GB\"},{\"@type\":\"Organization\",\"@id\":\"https:\/\/amu.pan.pl\/#organization\",\"name\":\"Akademia M\u0142odych Uczonych\",\"url\":\"https:\/\/amu.pan.pl\/\",\"logo\":{\"@type\":\"ImageObject\",\"inLanguage\":\"en-GB\",\"@id\":\"https:\/\/amu.pan.pl\/#\/schema\/logo\/image\/\",\"url\":\"https:\/\/amu.pan.pl\/wp-content\/uploads\/2020\/08\/zz_amu.png\",\"contentUrl\":\"https:\/\/amu.pan.pl\/wp-content\/uploads\/2020\/08\/zz_amu.png\",\"width\":2794,\"height\":1016,\"caption\":\"Akademia M\u0142odych Uczonych\"},\"image\":{\"@id\":\"https:\/\/amu.pan.pl\/#\/schema\/logo\/image\/\"},\"sameAs\":[\"https:\/\/www.facebook.com\/AkademiaMlodychUczonych\/\",\"https:\/\/x.com\/AMUPAN1\"]}]}<\/script>\n<!-- \/ Yoast SEO plugin. -->","yoast_head_json":{"title":"Borys Wr\u00f3bel - Akademia M\u0142odych Uczonych","robots":{"index":"index","follow":"follow","max-snippet":"max-snippet:-1","max-image-preview":"max-image-preview:large","max-video-preview":"max-video-preview:-1"},"canonical":"https:\/\/amu.pan.pl\/en\/borys-wrobel\/","og_locale":"en_GB","og_type":"article","og_title":"Borys Wr\u00f3bel - Akademia M\u0142odych Uczonych","og_description":"Borys Wr&oacute;bel (ur. 1976) &#8211; biolog molekularny, genetyk, biolog teoretyczny. Zajmuje si\u0119 analiz\u0105 du\u017cych zbior&oacute;w sekwencji, w tym uzyskanych z wykorzystaniem metod wysokoprzepustowych, oraz modelowaniem ko-ewolucji rozwoju wielokom&oacute;rkowego i zdolno\u015bci kognitywnych. Jego zainteresowania zwi\u0105zane s\u0105 z jednej strony z badaniami bior&oacute;\u017cnorodno\u015bci w \u015brodowisku morskim oraz tworzeniem oprogramowania s\u0142u\u017c\u0105cego do analizy skupie\u0144 i do analizy drzew [&hellip;]","og_url":"https:\/\/amu.pan.pl\/en\/borys-wrobel\/","og_site_name":"Akademia M\u0142odych Uczonych","article_publisher":"https:\/\/www.facebook.com\/AkademiaMlodychUczonych\/","article_modified_time":"2020-10-02T21:57:30+00:00","og_image":[{"width":300,"height":353,"url":"https:\/\/amu.pan.pl\/wp-content\/uploads\/2016\/02\/Borys_Wrobel.png","type":"image\/png"}],"twitter_card":"summary_large_image","twitter_site":"@AMUPAN1","twitter_misc":{"Estimated reading time":"2 minutes"},"schema":{"@context":"https:\/\/schema.org","@graph":[{"@type":"WebPage","@id":"https:\/\/amu.pan.pl\/en\/borys-wrobel\/","url":"https:\/\/amu.pan.pl\/en\/borys-wrobel\/","name":"Borys Wr\u00f3bel - Akademia M\u0142odych Uczonych","isPartOf":{"@id":"https:\/\/amu.pan.pl\/#website"},"primaryImageOfPage":{"@id":"https:\/\/amu.pan.pl\/en\/borys-wrobel\/#primaryimage"},"image":{"@id":"https:\/\/amu.pan.pl\/en\/borys-wrobel\/#primaryimage"},"thumbnailUrl":"https:\/\/amu.pan.pl\/wp-content\/uploads\/2016\/02\/Borys_Wrobel.png","datePublished":"2016-02-26T12:57:47+00:00","dateModified":"2020-10-02T21:57:30+00:00","breadcrumb":{"@id":"https:\/\/amu.pan.pl\/en\/borys-wrobel\/#breadcrumb"},"inLanguage":"en-GB","potentialAction":[{"@type":"ReadAction","target":["https:\/\/amu.pan.pl\/en\/borys-wrobel\/"]}]},{"@type":"ImageObject","inLanguage":"en-GB","@id":"https:\/\/amu.pan.pl\/en\/borys-wrobel\/#primaryimage","url":"https:\/\/amu.pan.pl\/wp-content\/uploads\/2016\/02\/Borys_Wrobel.png","contentUrl":"https:\/\/amu.pan.pl\/wp-content\/uploads\/2016\/02\/Borys_Wrobel.png","width":300,"height":353},{"@type":"BreadcrumbList","@id":"https:\/\/amu.pan.pl\/en\/borys-wrobel\/#breadcrumb","itemListElement":[{"@type":"ListItem","position":1,"name":"Strona g\u0142\u00f3wna","item":"https:\/\/amu.pan.pl\/"},{"@type":"ListItem","position":2,"name":"Borys Wr\u00f3bel"}]},{"@type":"WebSite","@id":"https:\/\/amu.pan.pl\/#website","url":"https:\/\/amu.pan.pl\/","name":"Akademia M\u0142odych Uczonych","description":"Polska Akademia Nauk","publisher":{"@id":"https:\/\/amu.pan.pl\/#organization"},"potentialAction":[{"@type":"SearchAction","target":{"@type":"EntryPoint","urlTemplate":"https:\/\/amu.pan.pl\/?s={search_term_string}"},"query-input":{"@type":"PropertyValueSpecification","valueRequired":true,"valueName":"search_term_string"}}],"inLanguage":"en-GB"},{"@type":"Organization","@id":"https:\/\/amu.pan.pl\/#organization","name":"Akademia M\u0142odych Uczonych","url":"https:\/\/amu.pan.pl\/","logo":{"@type":"ImageObject","inLanguage":"en-GB","@id":"https:\/\/amu.pan.pl\/#\/schema\/logo\/image\/","url":"https:\/\/amu.pan.pl\/wp-content\/uploads\/2020\/08\/zz_amu.png","contentUrl":"https:\/\/amu.pan.pl\/wp-content\/uploads\/2020\/08\/zz_amu.png","width":2794,"height":1016,"caption":"Akademia M\u0142odych Uczonych"},"image":{"@id":"https:\/\/amu.pan.pl\/#\/schema\/logo\/image\/"},"sameAs":["https:\/\/www.facebook.com\/AkademiaMlodychUczonych\/","https:\/\/x.com\/AMUPAN1"]}]}},"_links":{"self":[{"href":"https:\/\/amu.pan.pl\/en\/wp-json\/wp\/v2\/pages\/118","targetHints":{"allow":["GET"]}}],"collection":[{"href":"https:\/\/amu.pan.pl\/en\/wp-json\/wp\/v2\/pages"}],"about":[{"href":"https:\/\/amu.pan.pl\/en\/wp-json\/wp\/v2\/types\/page"}],"author":[{"embeddable":true,"href":"https:\/\/amu.pan.pl\/en\/wp-json\/wp\/v2\/users\/2"}],"replies":[{"embeddable":true,"href":"https:\/\/amu.pan.pl\/en\/wp-json\/wp\/v2\/comments?post=118"}],"version-history":[{"count":0,"href":"https:\/\/amu.pan.pl\/en\/wp-json\/wp\/v2\/pages\/118\/revisions"}],"wp:featuredmedia":[{"embeddable":true,"href":"https:\/\/amu.pan.pl\/en\/wp-json\/wp\/v2\/media\/117"}],"wp:attachment":[{"href":"https:\/\/amu.pan.pl\/en\/wp-json\/wp\/v2\/media?parent=118"}],"curies":[{"name":"wp","href":"https:\/\/api.w.org\/{rel}","templated":true}]}}