{"id":120,"date":"2016-02-26T13:58:25","date_gmt":"2016-02-26T12:58:25","guid":{"rendered":"https:\/\/amu.pan.pl\/test\/2016\/02\/26\/michal-zaton\/"},"modified":"2020-10-02T23:57:30","modified_gmt":"2020-10-02T21:57:30","slug":"michal-zaton","status":"publish","type":"page","link":"https:\/\/amu.pan.pl\/en\/michal-zaton\/","title":{"rendered":"Micha\u0142 Zato\u0144"},"content":{"rendered":"<p><img fetchpriority=\"high\" decoding=\"async\" class=\"size-full wp-image-119\" src=\"https:\/\/amu.pan.pl\/wp-content\/uploads\/2016\/02\/Michal_Zato.jpg\" alt=\"\" style=\"margin-right: auto; margin-left: auto; display: block;\" width=\"300\" height=\"381\" srcset=\"https:\/\/amu.pan.pl\/wp-content\/uploads\/2016\/02\/Michal_Zato.jpg 300w, https:\/\/amu.pan.pl\/wp-content\/uploads\/2016\/02\/Michal_Zato-236x300.jpg 236w\" sizes=\"(max-width: 300px) 100vw, 300px\" \/><\/p>\n<p>Dr Micha\u0142 Zato\u0144 jest adiunktem w Katedrze Paleontologii i Stratygrafii na Wydziale Nauk o Ziemi Uniwersytetu \u015al\u0105skiego w Sosnowcu. Jego zainteresowania naukowe oscyluj\u0105 wok&oacute;\u0142 paleontologii bezkr\u0119gowc&oacute;w i rekonstrukcji \u015brodowisk kopalnych w oparciu o r&oacute;\u017cnorodne metody paleontologiczne, petrograficzne i geochemiczne.<\/p>\n<p>W 2007 r. obroni\u0142 prac\u0119 doktorsk\u0105 poruszaj\u0105c\u0105 problemy \u015brodkowojurajskich faun amonitowych, a od 2009 r. zajmuje si\u0119 badaniami taksonomicznymi i ekologicznymi paleozoicznych i mezozoicznych organizm&oacute;w twardego pod\u0142o\u017ca. Jako jeden z kilku zaledwie badaczy na \u015bwiecie zajmuje si\u0119 problemami taksonomii, ekologii i ewolucji wymar\u0142ych sesylnych organizm&oacute;w zwanych mikrokonchidami.<\/p>\n<p>Wyniki swoich bada\u0144 dr Micha\u0142 Zato\u0144 publikuje w renomowanych czasopismach naukowych, takich jak Palaeogeography Palaeoclimatology Palaeoecology, Naturwissenschaften, Palaeontology, Lethaia, Palaios, Acta Palaeontologica Polonica, Historical Biology, Journal of Paleontology czy Facies. Do tej pory opublikowa\u0142 ponad 70 recenzowanych artyku\u0142&oacute;w naukowych i dziewi\u0119\u0107 artyku\u0142&oacute;w popularnonaukowych. Jest laureatem stypendi&oacute;w Fundacji na rzecz Nauki Polskiej (program START) oraz Ministra Nauki i Szkolnictwa Wy\u017cszego. Obecnie kieruje dwoma grantami ufundowanymi przez MNiSW oraz NCN.<\/p>","protected":false},"excerpt":{"rendered":"<p>Dr Micha\u0142 Zato\u0144 jest adiunktem w Katedrze Paleontologii i Stratygrafii na Wydziale Nauk o Ziemi Uniwersytetu \u015al\u0105skiego w Sosnowcu. Jego zainteresowania naukowe oscyluj\u0105 wok&oacute;\u0142 paleontologii bezkr\u0119gowc&oacute;w i rekonstrukcji \u015brodowisk kopalnych w oparciu o r&oacute;\u017cnorodne metody paleontologiczne, petrograficzne i geochemiczne. W 2007 r. obroni\u0142 prac\u0119 doktorsk\u0105 poruszaj\u0105c\u0105 problemy \u015brodkowojurajskich faun amonitowych, a od 2009 r. zajmuje&hellip;&nbsp;<a href=\"https:\/\/amu.pan.pl\/en\/michal-zaton\/\" rel=\"bookmark\">Read More &raquo;<span class=\"screen-reader-text\">Micha\u0142 Zato\u0144<\/span><\/a><\/p>","protected":false},"author":2,"featured_media":119,"parent":0,"menu_order":2,"comment_status":"open","ping_status":"open","template":"","meta":{"_monsterinsights_skip_tracking":false,"_monsterinsights_sitenote_active":false,"_monsterinsights_sitenote_note":"","_monsterinsights_sitenote_category":0,"neve_meta_sidebar":"","neve_meta_container":"","neve_meta_enable_content_width":"","neve_meta_content_width":0,"neve_meta_title_alignment":"","neve_meta_author_avatar":"","neve_post_elements_order":"","neve_meta_disable_header":"","neve_meta_disable_footer":"","neve_meta_disable_title":"","footnotes":""},"class_list":["post-120","page","type-page","status-publish","has-post-thumbnail","hentry"],"yoast_head":"<!-- This site is optimized with the Yoast SEO plugin v25.0 - https:\/\/yoast.com\/wordpress\/plugins\/seo\/ -->\n<title>Micha\u0142 Zato\u0144 - Akademia M\u0142odych Uczonych<\/title>\n<meta name=\"robots\" content=\"index, follow, max-snippet:-1, max-image-preview:large, max-video-preview:-1\" \/>\n<link rel=\"canonical\" href=\"https:\/\/amu.pan.pl\/en\/michal-zaton\/\" \/>\n<meta property=\"og:locale\" content=\"en_GB\" \/>\n<meta property=\"og:type\" content=\"article\" \/>\n<meta property=\"og:title\" content=\"Micha\u0142 Zato\u0144 - Akademia M\u0142odych Uczonych\" \/>\n<meta property=\"og:description\" content=\"Dr Micha\u0142 Zato\u0144 jest adiunktem w Katedrze Paleontologii i Stratygrafii na Wydziale Nauk o Ziemi Uniwersytetu \u015al\u0105skiego w Sosnowcu. Jego zainteresowania naukowe oscyluj\u0105 wok&oacute;\u0142 paleontologii bezkr\u0119gowc&oacute;w i rekonstrukcji \u015brodowisk kopalnych w oparciu o r&oacute;\u017cnorodne metody paleontologiczne, petrograficzne i geochemiczne. W 2007 r. obroni\u0142 prac\u0119 doktorsk\u0105 poruszaj\u0105c\u0105 problemy \u015brodkowojurajskich faun amonitowych, a od 2009 r. zajmuje&hellip;&nbsp;Read More &raquo;Micha\u0142 Zato\u0144\" \/>\n<meta property=\"og:url\" content=\"https:\/\/amu.pan.pl\/en\/michal-zaton\/\" \/>\n<meta property=\"og:site_name\" content=\"Akademia M\u0142odych Uczonych\" \/>\n<meta property=\"article:publisher\" content=\"https:\/\/www.facebook.com\/AkademiaMlodychUczonych\/\" \/>\n<meta property=\"article:modified_time\" content=\"2020-10-02T21:57:30+00:00\" \/>\n<meta property=\"og:image\" content=\"https:\/\/amu.pan.pl\/wp-content\/uploads\/2016\/02\/Michal_Zato.jpg\" \/>\n\t<meta property=\"og:image:width\" content=\"300\" \/>\n\t<meta property=\"og:image:height\" content=\"381\" \/>\n\t<meta property=\"og:image:type\" content=\"image\/jpeg\" \/>\n<meta name=\"twitter:card\" content=\"summary_large_image\" \/>\n<meta name=\"twitter:site\" content=\"@AMUPAN1\" \/>\n<meta name=\"twitter:label1\" content=\"Estimated reading time\" \/>\n\t<meta name=\"twitter:data1\" content=\"1 minute\" \/>\n<script type=\"application\/ld+json\" class=\"yoast-schema-graph\">{\"@context\":\"https:\/\/schema.org\",\"@graph\":[{\"@type\":\"WebPage\",\"@id\":\"https:\/\/amu.pan.pl\/en\/michal-zaton\/\",\"url\":\"https:\/\/amu.pan.pl\/en\/michal-zaton\/\",\"name\":\"Micha\u0142 Zato\u0144 - Akademia M\u0142odych Uczonych\",\"isPartOf\":{\"@id\":\"https:\/\/amu.pan.pl\/#website\"},\"primaryImageOfPage\":{\"@id\":\"https:\/\/amu.pan.pl\/en\/michal-zaton\/#primaryimage\"},\"image\":{\"@id\":\"https:\/\/amu.pan.pl\/en\/michal-zaton\/#primaryimage\"},\"thumbnailUrl\":\"https:\/\/amu.pan.pl\/wp-content\/uploads\/2016\/02\/Michal_Zato.jpg\",\"datePublished\":\"2016-02-26T12:58:25+00:00\",\"dateModified\":\"2020-10-02T21:57:30+00:00\",\"breadcrumb\":{\"@id\":\"https:\/\/amu.pan.pl\/en\/michal-zaton\/#breadcrumb\"},\"inLanguage\":\"en-GB\",\"potentialAction\":[{\"@type\":\"ReadAction\",\"target\":[\"https:\/\/amu.pan.pl\/en\/michal-zaton\/\"]}]},{\"@type\":\"ImageObject\",\"inLanguage\":\"en-GB\",\"@id\":\"https:\/\/amu.pan.pl\/en\/michal-zaton\/#primaryimage\",\"url\":\"https:\/\/amu.pan.pl\/wp-content\/uploads\/2016\/02\/Michal_Zato.jpg\",\"contentUrl\":\"https:\/\/amu.pan.pl\/wp-content\/uploads\/2016\/02\/Michal_Zato.jpg\",\"width\":300,\"height\":381},{\"@type\":\"BreadcrumbList\",\"@id\":\"https:\/\/amu.pan.pl\/en\/michal-zaton\/#breadcrumb\",\"itemListElement\":[{\"@type\":\"ListItem\",\"position\":1,\"name\":\"Strona g\u0142\u00f3wna\",\"item\":\"https:\/\/amu.pan.pl\/\"},{\"@type\":\"ListItem\",\"position\":2,\"name\":\"Micha\u0142 Zato\u0144\"}]},{\"@type\":\"WebSite\",\"@id\":\"https:\/\/amu.pan.pl\/#website\",\"url\":\"https:\/\/amu.pan.pl\/\",\"name\":\"Akademia M\u0142odych Uczonych\",\"description\":\"Polska Akademia Nauk\",\"publisher\":{\"@id\":\"https:\/\/amu.pan.pl\/#organization\"},\"potentialAction\":[{\"@type\":\"SearchAction\",\"target\":{\"@type\":\"EntryPoint\",\"urlTemplate\":\"https:\/\/amu.pan.pl\/?s={search_term_string}\"},\"query-input\":{\"@type\":\"PropertyValueSpecification\",\"valueRequired\":true,\"valueName\":\"search_term_string\"}}],\"inLanguage\":\"en-GB\"},{\"@type\":\"Organization\",\"@id\":\"https:\/\/amu.pan.pl\/#organization\",\"name\":\"Akademia M\u0142odych Uczonych\",\"url\":\"https:\/\/amu.pan.pl\/\",\"logo\":{\"@type\":\"ImageObject\",\"inLanguage\":\"en-GB\",\"@id\":\"https:\/\/amu.pan.pl\/#\/schema\/logo\/image\/\",\"url\":\"https:\/\/amu.pan.pl\/wp-content\/uploads\/2020\/08\/zz_amu.png\",\"contentUrl\":\"https:\/\/amu.pan.pl\/wp-content\/uploads\/2020\/08\/zz_amu.png\",\"width\":2794,\"height\":1016,\"caption\":\"Akademia M\u0142odych Uczonych\"},\"image\":{\"@id\":\"https:\/\/amu.pan.pl\/#\/schema\/logo\/image\/\"},\"sameAs\":[\"https:\/\/www.facebook.com\/AkademiaMlodychUczonych\/\",\"https:\/\/x.com\/AMUPAN1\"]}]}<\/script>\n<!-- \/ Yoast SEO plugin. -->","yoast_head_json":{"title":"Micha\u0142 Zato\u0144 - Akademia M\u0142odych Uczonych","robots":{"index":"index","follow":"follow","max-snippet":"max-snippet:-1","max-image-preview":"max-image-preview:large","max-video-preview":"max-video-preview:-1"},"canonical":"https:\/\/amu.pan.pl\/en\/michal-zaton\/","og_locale":"en_GB","og_type":"article","og_title":"Micha\u0142 Zato\u0144 - Akademia M\u0142odych Uczonych","og_description":"Dr Micha\u0142 Zato\u0144 jest adiunktem w Katedrze Paleontologii i Stratygrafii na Wydziale Nauk o Ziemi Uniwersytetu \u015al\u0105skiego w Sosnowcu. Jego zainteresowania naukowe oscyluj\u0105 wok&oacute;\u0142 paleontologii bezkr\u0119gowc&oacute;w i rekonstrukcji \u015brodowisk kopalnych w oparciu o r&oacute;\u017cnorodne metody paleontologiczne, petrograficzne i geochemiczne. W 2007 r. obroni\u0142 prac\u0119 doktorsk\u0105 poruszaj\u0105c\u0105 problemy \u015brodkowojurajskich faun amonitowych, a od 2009 r. zajmuje&hellip;&nbsp;Read More &raquo;Micha\u0142 Zato\u0144","og_url":"https:\/\/amu.pan.pl\/en\/michal-zaton\/","og_site_name":"Akademia M\u0142odych Uczonych","article_publisher":"https:\/\/www.facebook.com\/AkademiaMlodychUczonych\/","article_modified_time":"2020-10-02T21:57:30+00:00","og_image":[{"width":300,"height":381,"url":"https:\/\/amu.pan.pl\/wp-content\/uploads\/2016\/02\/Michal_Zato.jpg","type":"image\/jpeg"}],"twitter_card":"summary_large_image","twitter_site":"@AMUPAN1","twitter_misc":{"Estimated reading time":"1 minute"},"schema":{"@context":"https:\/\/schema.org","@graph":[{"@type":"WebPage","@id":"https:\/\/amu.pan.pl\/en\/michal-zaton\/","url":"https:\/\/amu.pan.pl\/en\/michal-zaton\/","name":"Micha\u0142 Zato\u0144 - Akademia M\u0142odych Uczonych","isPartOf":{"@id":"https:\/\/amu.pan.pl\/#website"},"primaryImageOfPage":{"@id":"https:\/\/amu.pan.pl\/en\/michal-zaton\/#primaryimage"},"image":{"@id":"https:\/\/amu.pan.pl\/en\/michal-zaton\/#primaryimage"},"thumbnailUrl":"https:\/\/amu.pan.pl\/wp-content\/uploads\/2016\/02\/Michal_Zato.jpg","datePublished":"2016-02-26T12:58:25+00:00","dateModified":"2020-10-02T21:57:30+00:00","breadcrumb":{"@id":"https:\/\/amu.pan.pl\/en\/michal-zaton\/#breadcrumb"},"inLanguage":"en-GB","potentialAction":[{"@type":"ReadAction","target":["https:\/\/amu.pan.pl\/en\/michal-zaton\/"]}]},{"@type":"ImageObject","inLanguage":"en-GB","@id":"https:\/\/amu.pan.pl\/en\/michal-zaton\/#primaryimage","url":"https:\/\/amu.pan.pl\/wp-content\/uploads\/2016\/02\/Michal_Zato.jpg","contentUrl":"https:\/\/amu.pan.pl\/wp-content\/uploads\/2016\/02\/Michal_Zato.jpg","width":300,"height":381},{"@type":"BreadcrumbList","@id":"https:\/\/amu.pan.pl\/en\/michal-zaton\/#breadcrumb","itemListElement":[{"@type":"ListItem","position":1,"name":"Strona g\u0142\u00f3wna","item":"https:\/\/amu.pan.pl\/"},{"@type":"ListItem","position":2,"name":"Micha\u0142 Zato\u0144"}]},{"@type":"WebSite","@id":"https:\/\/amu.pan.pl\/#website","url":"https:\/\/amu.pan.pl\/","name":"Akademia M\u0142odych Uczonych","description":"Polska Akademia Nauk","publisher":{"@id":"https:\/\/amu.pan.pl\/#organization"},"potentialAction":[{"@type":"SearchAction","target":{"@type":"EntryPoint","urlTemplate":"https:\/\/amu.pan.pl\/?s={search_term_string}"},"query-input":{"@type":"PropertyValueSpecification","valueRequired":true,"valueName":"search_term_string"}}],"inLanguage":"en-GB"},{"@type":"Organization","@id":"https:\/\/amu.pan.pl\/#organization","name":"Akademia M\u0142odych Uczonych","url":"https:\/\/amu.pan.pl\/","logo":{"@type":"ImageObject","inLanguage":"en-GB","@id":"https:\/\/amu.pan.pl\/#\/schema\/logo\/image\/","url":"https:\/\/amu.pan.pl\/wp-content\/uploads\/2020\/08\/zz_amu.png","contentUrl":"https:\/\/amu.pan.pl\/wp-content\/uploads\/2020\/08\/zz_amu.png","width":2794,"height":1016,"caption":"Akademia M\u0142odych Uczonych"},"image":{"@id":"https:\/\/amu.pan.pl\/#\/schema\/logo\/image\/"},"sameAs":["https:\/\/www.facebook.com\/AkademiaMlodychUczonych\/","https:\/\/x.com\/AMUPAN1"]}]}},"_links":{"self":[{"href":"https:\/\/amu.pan.pl\/en\/wp-json\/wp\/v2\/pages\/120","targetHints":{"allow":["GET"]}}],"collection":[{"href":"https:\/\/amu.pan.pl\/en\/wp-json\/wp\/v2\/pages"}],"about":[{"href":"https:\/\/amu.pan.pl\/en\/wp-json\/wp\/v2\/types\/page"}],"author":[{"embeddable":true,"href":"https:\/\/amu.pan.pl\/en\/wp-json\/wp\/v2\/users\/2"}],"replies":[{"embeddable":true,"href":"https:\/\/amu.pan.pl\/en\/wp-json\/wp\/v2\/comments?post=120"}],"version-history":[{"count":0,"href":"https:\/\/amu.pan.pl\/en\/wp-json\/wp\/v2\/pages\/120\/revisions"}],"wp:featuredmedia":[{"embeddable":true,"href":"https:\/\/amu.pan.pl\/en\/wp-json\/wp\/v2\/media\/119"}],"wp:attachment":[{"href":"https:\/\/amu.pan.pl\/en\/wp-json\/wp\/v2\/media?parent=120"}],"curies":[{"name":"wp","href":"https:\/\/api.w.org\/{rel}","templated":true}]}}