{"id":168,"date":"2016-12-06T09:43:14","date_gmt":"2016-12-06T08:43:14","guid":{"rendered":"https:\/\/amu.pan.pl\/test\/2016\/12\/06\/anna-brozek\/"},"modified":"2020-10-02T23:57:30","modified_gmt":"2020-10-02T21:57:30","slug":"anna-brozek","status":"publish","type":"page","link":"https:\/\/amu.pan.pl\/en\/anna-brozek\/","title":{"rendered":"Anna Bro\u017cek"},"content":{"rendered":"<p><img fetchpriority=\"high\" decoding=\"async\" class=\"size-full wp-image-167\" style=\"margin-right: auto; margin-left: auto; display: block;\" src=\"https:\/\/amu.pan.pl\/wp-content\/uploads\/2016\/12\/Anna_Brozek.JPG\" alt=\"Anna Brozek\" width=\"238\" height=\"301\" srcset=\"https:\/\/amu.pan.pl\/wp-content\/uploads\/2016\/12\/Anna_Brozek.JPG 724w, https:\/\/amu.pan.pl\/wp-content\/uploads\/2016\/12\/Anna_Brozek-237x300.jpg 237w\" sizes=\"(max-width: 238px) 100vw, 238px\" \/><\/p>\n<p>&nbsp;<\/p>\n<p style=\"text-align: justify;\"><strong>Dr hab. Anna Bro\u017cek <\/strong>- philosopher, pianist, music theorist. She graduated from philosophy and piano studies in Krakow, and then obtained her doctorate (2006), habilitation (2008) and professorship (2015) in philosophy, and habilitation (2015) in musical art (specialization: music theory). He works at the Institute of Philosophy of the University of Warsaw, managing the Humanities Methodology Unit. He specializes in logical semiotics, methodology, ontology, history of Polish philosophy as well as theory and philosophy of music. She is the author of, among others books <em>Symmetry in music<\/em> (2004), <em>Principia musica<\/em> (2006), <em>Facts and Artifacts<\/em> (2010), <em>Kazimierz Twardowski. Die Wiener Jahre<\/em> (2010), <em>Theory of Questions<\/em> (2011), <em>The theory of imperatives and its applications <\/em>(2012), <em>The image of the Polish soul in Roman Maciejewski&#039;s mazurkas<\/em> (2014) and <em>Beauty and truth. Essay on the relationship between art and science<\/em> (2017); she edited or co-edited many collective volumes published in Poland and abroad. As a pianist, she recorded, among others a double album nominated for &quot;Fryderyk&quot; <em>Roman Maciejewski: Complete Piano Mazurkas<\/em> (2011). She is a laureate of, among others prizes of the Prime Minister for a doctoral dissertation (2007) and NCN awards in the field of humanities (2017); multiple scholarship holder of the Foundation for Polish Science and project manager of the National Science Center and NPRH.<\/p>","protected":false},"excerpt":{"rendered":"<p>&nbsp; Dr hab. Anna Bro\u017cek \u2013 filozof, pianistka, teoretyk muzyki. Uko\u0144czy\u0142a studia filozoficzne i pianistyczne w Krakowie, a nast\u0119pnie uzyska\u0142a kolejno doktorat (2006), habilitacj\u0119 (2008) i profesur\u0119 (2015) w zakresie filozofii oraz habilitacj\u0119 (2015) w zakresie sztuki muzycznej (specjalno\u015b\u0107: teoria muzyki). Pracuje w Instytucie Filozofii Uniwersytetu Warszawskiego, kieruj\u0105c Pracowni\u0105 Metodologii Humanistyki. Specjalizuje si\u0119 w semiotyce&hellip;&nbsp;<a href=\"https:\/\/amu.pan.pl\/en\/anna-brozek\/\" rel=\"bookmark\">Read More &raquo;<span class=\"screen-reader-text\">Anna Bro\u017cek<\/span><\/a><\/p>","protected":false},"author":2,"featured_media":167,"parent":0,"menu_order":47,"comment_status":"open","ping_status":"open","template":"","meta":{"_monsterinsights_skip_tracking":false,"_monsterinsights_sitenote_active":false,"_monsterinsights_sitenote_note":"","_monsterinsights_sitenote_category":0,"neve_meta_sidebar":"","neve_meta_container":"","neve_meta_enable_content_width":"","neve_meta_content_width":0,"neve_meta_title_alignment":"","neve_meta_author_avatar":"","neve_post_elements_order":"","neve_meta_disable_header":"","neve_meta_disable_footer":"","neve_meta_disable_title":"","footnotes":""},"class_list":["post-168","page","type-page","status-publish","has-post-thumbnail","hentry"],"yoast_head":"<!-- This site is optimized with the Yoast SEO plugin v25.0 - https:\/\/yoast.com\/wordpress\/plugins\/seo\/ -->\n<title>Anna Bro\u017cek - Akademia M\u0142odych Uczonych<\/title>\n<meta name=\"robots\" content=\"index, follow, max-snippet:-1, max-image-preview:large, max-video-preview:-1\" \/>\n<link rel=\"canonical\" href=\"https:\/\/amu.pan.pl\/en\/anna-brozek\/\" \/>\n<meta property=\"og:locale\" content=\"en_GB\" \/>\n<meta property=\"og:type\" content=\"article\" \/>\n<meta property=\"og:title\" content=\"Anna Bro\u017cek - Akademia M\u0142odych Uczonych\" \/>\n<meta property=\"og:description\" content=\"&nbsp; Dr hab. Anna Bro\u017cek \u2013 filozof, pianistka, teoretyk muzyki. Uko\u0144czy\u0142a studia filozoficzne i pianistyczne w Krakowie, a nast\u0119pnie uzyska\u0142a kolejno doktorat (2006), habilitacj\u0119 (2008) i profesur\u0119 (2015) w zakresie filozofii oraz habilitacj\u0119 (2015) w zakresie sztuki muzycznej (specjalno\u015b\u0107: teoria muzyki). Pracuje w Instytucie Filozofii Uniwersytetu Warszawskiego, kieruj\u0105c Pracowni\u0105 Metodologii Humanistyki. Specjalizuje si\u0119 w semiotyce&hellip;&nbsp;Read More &raquo;Anna Bro\u017cek\" \/>\n<meta property=\"og:url\" content=\"https:\/\/amu.pan.pl\/en\/anna-brozek\/\" \/>\n<meta property=\"og:site_name\" content=\"Akademia M\u0142odych Uczonych\" \/>\n<meta property=\"article:publisher\" content=\"https:\/\/www.facebook.com\/AkademiaMlodychUczonych\/\" \/>\n<meta property=\"article:modified_time\" content=\"2020-10-02T21:57:30+00:00\" \/>\n<meta property=\"og:image\" content=\"https:\/\/amu.pan.pl\/wp-content\/uploads\/2016\/12\/Anna_Brozek.JPG\" \/>\n\t<meta property=\"og:image:width\" content=\"724\" \/>\n\t<meta property=\"og:image:height\" content=\"917\" \/>\n\t<meta property=\"og:image:type\" content=\"image\/jpeg\" \/>\n<meta name=\"twitter:card\" content=\"summary_large_image\" \/>\n<meta name=\"twitter:site\" content=\"@AMUPAN1\" \/>\n<meta name=\"twitter:label1\" content=\"Estimated reading time\" \/>\n\t<meta name=\"twitter:data1\" content=\"1 minute\" \/>\n<script type=\"application\/ld+json\" class=\"yoast-schema-graph\">{\"@context\":\"https:\/\/schema.org\",\"@graph\":[{\"@type\":\"WebPage\",\"@id\":\"https:\/\/amu.pan.pl\/en\/anna-brozek\/\",\"url\":\"https:\/\/amu.pan.pl\/en\/anna-brozek\/\",\"name\":\"Anna Bro\u017cek - Akademia M\u0142odych Uczonych\",\"isPartOf\":{\"@id\":\"https:\/\/amu.pan.pl\/#website\"},\"primaryImageOfPage\":{\"@id\":\"https:\/\/amu.pan.pl\/en\/anna-brozek\/#primaryimage\"},\"image\":{\"@id\":\"https:\/\/amu.pan.pl\/en\/anna-brozek\/#primaryimage\"},\"thumbnailUrl\":\"https:\/\/amu.pan.pl\/wp-content\/uploads\/2016\/12\/Anna_Brozek.JPG\",\"datePublished\":\"2016-12-06T08:43:14+00:00\",\"dateModified\":\"2020-10-02T21:57:30+00:00\",\"breadcrumb\":{\"@id\":\"https:\/\/amu.pan.pl\/en\/anna-brozek\/#breadcrumb\"},\"inLanguage\":\"en-GB\",\"potentialAction\":[{\"@type\":\"ReadAction\",\"target\":[\"https:\/\/amu.pan.pl\/en\/anna-brozek\/\"]}]},{\"@type\":\"ImageObject\",\"inLanguage\":\"en-GB\",\"@id\":\"https:\/\/amu.pan.pl\/en\/anna-brozek\/#primaryimage\",\"url\":\"https:\/\/amu.pan.pl\/wp-content\/uploads\/2016\/12\/Anna_Brozek.JPG\",\"contentUrl\":\"https:\/\/amu.pan.pl\/wp-content\/uploads\/2016\/12\/Anna_Brozek.JPG\",\"width\":724,\"height\":917,\"caption\":\"Anna Brozek\"},{\"@type\":\"BreadcrumbList\",\"@id\":\"https:\/\/amu.pan.pl\/en\/anna-brozek\/#breadcrumb\",\"itemListElement\":[{\"@type\":\"ListItem\",\"position\":1,\"name\":\"Strona g\u0142\u00f3wna\",\"item\":\"https:\/\/amu.pan.pl\/\"},{\"@type\":\"ListItem\",\"position\":2,\"name\":\"Anna Bro\u017cek\"}]},{\"@type\":\"WebSite\",\"@id\":\"https:\/\/amu.pan.pl\/#website\",\"url\":\"https:\/\/amu.pan.pl\/\",\"name\":\"Akademia M\u0142odych Uczonych\",\"description\":\"Polska Akademia Nauk\",\"publisher\":{\"@id\":\"https:\/\/amu.pan.pl\/#organization\"},\"potentialAction\":[{\"@type\":\"SearchAction\",\"target\":{\"@type\":\"EntryPoint\",\"urlTemplate\":\"https:\/\/amu.pan.pl\/?s={search_term_string}\"},\"query-input\":{\"@type\":\"PropertyValueSpecification\",\"valueRequired\":true,\"valueName\":\"search_term_string\"}}],\"inLanguage\":\"en-GB\"},{\"@type\":\"Organization\",\"@id\":\"https:\/\/amu.pan.pl\/#organization\",\"name\":\"Akademia M\u0142odych Uczonych\",\"url\":\"https:\/\/amu.pan.pl\/\",\"logo\":{\"@type\":\"ImageObject\",\"inLanguage\":\"en-GB\",\"@id\":\"https:\/\/amu.pan.pl\/#\/schema\/logo\/image\/\",\"url\":\"https:\/\/amu.pan.pl\/wp-content\/uploads\/2020\/08\/zz_amu.png\",\"contentUrl\":\"https:\/\/amu.pan.pl\/wp-content\/uploads\/2020\/08\/zz_amu.png\",\"width\":2794,\"height\":1016,\"caption\":\"Akademia M\u0142odych Uczonych\"},\"image\":{\"@id\":\"https:\/\/amu.pan.pl\/#\/schema\/logo\/image\/\"},\"sameAs\":[\"https:\/\/www.facebook.com\/AkademiaMlodychUczonych\/\",\"https:\/\/x.com\/AMUPAN1\"]}]}<\/script>\n<!-- \/ Yoast SEO plugin. -->","yoast_head_json":{"title":"Anna Bro\u017cek - Akademia M\u0142odych Uczonych","robots":{"index":"index","follow":"follow","max-snippet":"max-snippet:-1","max-image-preview":"max-image-preview:large","max-video-preview":"max-video-preview:-1"},"canonical":"https:\/\/amu.pan.pl\/en\/anna-brozek\/","og_locale":"en_GB","og_type":"article","og_title":"Anna Bro\u017cek - Akademia M\u0142odych Uczonych","og_description":"&nbsp; Dr hab. Anna Bro\u017cek \u2013 filozof, pianistka, teoretyk muzyki. Uko\u0144czy\u0142a studia filozoficzne i pianistyczne w Krakowie, a nast\u0119pnie uzyska\u0142a kolejno doktorat (2006), habilitacj\u0119 (2008) i profesur\u0119 (2015) w zakresie filozofii oraz habilitacj\u0119 (2015) w zakresie sztuki muzycznej (specjalno\u015b\u0107: teoria muzyki). Pracuje w Instytucie Filozofii Uniwersytetu Warszawskiego, kieruj\u0105c Pracowni\u0105 Metodologii Humanistyki. Specjalizuje si\u0119 w semiotyce&hellip;&nbsp;Read More &raquo;Anna Bro\u017cek","og_url":"https:\/\/amu.pan.pl\/en\/anna-brozek\/","og_site_name":"Akademia M\u0142odych Uczonych","article_publisher":"https:\/\/www.facebook.com\/AkademiaMlodychUczonych\/","article_modified_time":"2020-10-02T21:57:30+00:00","og_image":[{"width":724,"height":917,"url":"https:\/\/amu.pan.pl\/wp-content\/uploads\/2016\/12\/Anna_Brozek.JPG","type":"image\/jpeg"}],"twitter_card":"summary_large_image","twitter_site":"@AMUPAN1","twitter_misc":{"Estimated reading time":"1 minute"},"schema":{"@context":"https:\/\/schema.org","@graph":[{"@type":"WebPage","@id":"https:\/\/amu.pan.pl\/en\/anna-brozek\/","url":"https:\/\/amu.pan.pl\/en\/anna-brozek\/","name":"Anna Bro\u017cek - Akademia M\u0142odych Uczonych","isPartOf":{"@id":"https:\/\/amu.pan.pl\/#website"},"primaryImageOfPage":{"@id":"https:\/\/amu.pan.pl\/en\/anna-brozek\/#primaryimage"},"image":{"@id":"https:\/\/amu.pan.pl\/en\/anna-brozek\/#primaryimage"},"thumbnailUrl":"https:\/\/amu.pan.pl\/wp-content\/uploads\/2016\/12\/Anna_Brozek.JPG","datePublished":"2016-12-06T08:43:14+00:00","dateModified":"2020-10-02T21:57:30+00:00","breadcrumb":{"@id":"https:\/\/amu.pan.pl\/en\/anna-brozek\/#breadcrumb"},"inLanguage":"en-GB","potentialAction":[{"@type":"ReadAction","target":["https:\/\/amu.pan.pl\/en\/anna-brozek\/"]}]},{"@type":"ImageObject","inLanguage":"en-GB","@id":"https:\/\/amu.pan.pl\/en\/anna-brozek\/#primaryimage","url":"https:\/\/amu.pan.pl\/wp-content\/uploads\/2016\/12\/Anna_Brozek.JPG","contentUrl":"https:\/\/amu.pan.pl\/wp-content\/uploads\/2016\/12\/Anna_Brozek.JPG","width":724,"height":917,"caption":"Anna Brozek"},{"@type":"BreadcrumbList","@id":"https:\/\/amu.pan.pl\/en\/anna-brozek\/#breadcrumb","itemListElement":[{"@type":"ListItem","position":1,"name":"Strona g\u0142\u00f3wna","item":"https:\/\/amu.pan.pl\/"},{"@type":"ListItem","position":2,"name":"Anna Bro\u017cek"}]},{"@type":"WebSite","@id":"https:\/\/amu.pan.pl\/#website","url":"https:\/\/amu.pan.pl\/","name":"Akademia M\u0142odych Uczonych","description":"Polska Akademia Nauk","publisher":{"@id":"https:\/\/amu.pan.pl\/#organization"},"potentialAction":[{"@type":"SearchAction","target":{"@type":"EntryPoint","urlTemplate":"https:\/\/amu.pan.pl\/?s={search_term_string}"},"query-input":{"@type":"PropertyValueSpecification","valueRequired":true,"valueName":"search_term_string"}}],"inLanguage":"en-GB"},{"@type":"Organization","@id":"https:\/\/amu.pan.pl\/#organization","name":"Akademia M\u0142odych Uczonych","url":"https:\/\/amu.pan.pl\/","logo":{"@type":"ImageObject","inLanguage":"en-GB","@id":"https:\/\/amu.pan.pl\/#\/schema\/logo\/image\/","url":"https:\/\/amu.pan.pl\/wp-content\/uploads\/2020\/08\/zz_amu.png","contentUrl":"https:\/\/amu.pan.pl\/wp-content\/uploads\/2020\/08\/zz_amu.png","width":2794,"height":1016,"caption":"Akademia M\u0142odych Uczonych"},"image":{"@id":"https:\/\/amu.pan.pl\/#\/schema\/logo\/image\/"},"sameAs":["https:\/\/www.facebook.com\/AkademiaMlodychUczonych\/","https:\/\/x.com\/AMUPAN1"]}]}},"_links":{"self":[{"href":"https:\/\/amu.pan.pl\/en\/wp-json\/wp\/v2\/pages\/168","targetHints":{"allow":["GET"]}}],"collection":[{"href":"https:\/\/amu.pan.pl\/en\/wp-json\/wp\/v2\/pages"}],"about":[{"href":"https:\/\/amu.pan.pl\/en\/wp-json\/wp\/v2\/types\/page"}],"author":[{"embeddable":true,"href":"https:\/\/amu.pan.pl\/en\/wp-json\/wp\/v2\/users\/2"}],"replies":[{"embeddable":true,"href":"https:\/\/amu.pan.pl\/en\/wp-json\/wp\/v2\/comments?post=168"}],"version-history":[{"count":0,"href":"https:\/\/amu.pan.pl\/en\/wp-json\/wp\/v2\/pages\/168\/revisions"}],"wp:featuredmedia":[{"embeddable":true,"href":"https:\/\/amu.pan.pl\/en\/wp-json\/wp\/v2\/media\/167"}],"wp:attachment":[{"href":"https:\/\/amu.pan.pl\/en\/wp-json\/wp\/v2\/media?parent=168"}],"curies":[{"name":"wp","href":"https:\/\/api.w.org\/{rel}","templated":true}]}}