{"id":170,"date":"2016-12-06T09:49:30","date_gmt":"2016-12-06T08:49:30","guid":{"rendered":"https:\/\/amu.pan.pl\/test\/2016\/12\/06\/nicole-rybinska\/"},"modified":"2020-10-16T22:51:44","modified_gmt":"2020-10-16T20:51:44","slug":"nicole-rybinska","status":"publish","type":"page","link":"https:\/\/amu.pan.pl\/en\/nicole-rybinska\/","title":{"rendered":"Nicole Do\u0142owy-Rybi\u0144ska"},"content":{"rendered":"<div data-elementor-type=\"wp-page\" data-elementor-id=\"170\" class=\"elementor elementor-170\">\n\t\t\t\t\t\t<section class=\"elementor-section elementor-top-section elementor-element elementor-element-b5f0870 elementor-section-boxed elementor-section-height-default elementor-section-height-default\" data-id=\"b5f0870\" data-element_type=\"section\">\n\t\t\t\t\t\t<div class=\"elementor-container elementor-column-gap-default\">\n\t\t\t\t\t<div class=\"elementor-column elementor-col-100 elementor-top-column elementor-element elementor-element-2a8a03a\" data-id=\"2a8a03a\" data-element_type=\"column\">\n\t\t\t<div class=\"elementor-widget-wrap elementor-element-populated\">\n\t\t\t\t\t\t<div class=\"elementor-element elementor-element-906753d elementor-widget elementor-widget-heading\" data-id=\"906753d\" data-element_type=\"widget\" data-widget_type=\"heading.default\">\n\t\t\t\t<div class=\"elementor-widget-container\">\n\t\t\t\t\t<h1 class=\"elementor-heading-title elementor-size-default\">Nicole Do\u0142owy-Rybi\u0144ska<\/h1>\t\t\t\t<\/div>\n\t\t\t\t<\/div>\n\t\t\t\t<div class=\"elementor-element elementor-element-f4c0777 elementor-widget elementor-widget-wp-widget-text\" data-id=\"f4c0777\" data-element_type=\"widget\" data-widget_type=\"wp-widget-text.default\">\n\t\t\t\t<div class=\"elementor-widget-container\">\n\t\t\t\t\t\t\t\t<div class=\"textwidget\"><p><img fetchpriority=\"high\" decoding=\"async\" class=\"size-medium wp-image-169 alignleft\" src=\"https:\/\/amu.pan.pl\/wp-content\/uploads\/2016\/12\/I_N.-Dolowy-Rybinska_foto_strona-AMU_-254x300.jpg\" alt=\"\" width=\"254\" height=\"300\" \/>Dr hab. Nicole Do\u0142owy-Rybi\u0144ska, prof. IS PAN - cultural scientist and sociolinguist, works at the Institute of Slavic Studies of the Polish Academy of Sciences. Since 2019, she has been the Deputy Director for Scientific Affairs there. She studied cultural studies at the University of Warsaw and intercultural communication at INALCO in Paris. In 2010, at the Institute of Polish Culture of the University of Warsaw, she defended her doctorate on the situation of minority languages and cultures in Europe (supervisor: Prof. Andrzej Mencwel).<\/p>\n<p>She is a laureate of scholarships and grants that enabled her to conduct research in Poland and abroad: UNESCO \/ Keizo Obuchi 2006; Foundation for Polish Science (START 2011 program; research internship at the Mercator Institute for Media, Languages and Cultures, Aberystwyth, Great Britain; Monografie program, 2016); National Science Center (\"Sonata\" grant 2011-2014, \"Opus\" grant 2017-2020); Minister of Science and Higher Education for young scientists (2012-2015); The Sorbian Institute in Germany (research internships 2010, 2015, 2016); NPRH (grant for English translation of books); Smithsonian Center for Folklife and Cultural Heritage (SMiLE 2018-2019). Participates in research projects as part of the cooperation between the Polish Academy of Sciences and the Italian Consiglio Nazionale delle Ricerche (2014-2016; 2020-2022). She is a member of the Committee Management COST Action 19102 \u201cLanguage In The Human-Machine Era\u201d (LITHME) (2020-2024).<\/p>\n<p>Her main interests include the issues of the identity of European linguistic minorities, methods of protection and revitalization of minority languages and cultures, linguistic activism, multilingualism and multiculturalism, analysis of discourses related to the threat of languages and saving vanishing cultures. He conducts field research in Kashubia (Poland), Lusatia (Germany), Brittany (France) and Wales (Great Britain). He is also interested in the history and situation of national, ethnic and linguistic minorities in Poland. She is a member of several scientific societies and the author of five monographs and several dozen scientific articles.<\/p>\n<\/div>\n\t\t\t\t\t\t<\/div>\n\t\t\t\t<\/div>\n\t\t\t\t\t<\/div>\n\t\t<\/div>\n\t\t\t\t\t<\/div>\n\t\t<\/section>\n\t\t\t\t<\/div>","protected":false},"excerpt":{"rendered":"<p>Nicole Do\u0142owy-Rybi\u0144ska<\/p>","protected":false},"author":2,"featured_media":169,"parent":0,"menu_order":44,"comment_status":"open","ping_status":"open","template":"elementor_header_footer","meta":{"_monsterinsights_skip_tracking":false,"_monsterinsights_sitenote_active":false,"_monsterinsights_sitenote_note":"","_monsterinsights_sitenote_category":0,"neve_meta_sidebar":"","neve_meta_container":"","neve_meta_enable_content_width":"","neve_meta_content_width":0,"neve_meta_title_alignment":"","neve_meta_author_avatar":"","neve_post_elements_order":"","neve_meta_disable_header":"","neve_meta_disable_footer":"","neve_meta_disable_title":"","footnotes":""},"class_list":["post-170","page","type-page","status-publish","has-post-thumbnail","hentry"],"yoast_head":"<!-- This site is optimized with the Yoast SEO plugin v25.0 - https:\/\/yoast.com\/wordpress\/plugins\/seo\/ -->\n<title>Nicole Do\u0142owy-Rybi\u0144ska - Akademia M\u0142odych Uczonych<\/title>\n<meta name=\"robots\" content=\"index, follow, max-snippet:-1, max-image-preview:large, max-video-preview:-1\" \/>\n<link rel=\"canonical\" href=\"https:\/\/amu.pan.pl\/en\/nicole-rybinska\/\" \/>\n<meta property=\"og:locale\" content=\"en_GB\" \/>\n<meta property=\"og:type\" content=\"article\" \/>\n<meta property=\"og:title\" content=\"Nicole Do\u0142owy-Rybi\u0144ska - Akademia M\u0142odych Uczonych\" \/>\n<meta property=\"og:description\" content=\"Nicole Do\u0142owy-Rybi\u0144ska\" \/>\n<meta property=\"og:url\" content=\"https:\/\/amu.pan.pl\/en\/nicole-rybinska\/\" \/>\n<meta property=\"og:site_name\" content=\"Akademia M\u0142odych Uczonych\" \/>\n<meta property=\"article:publisher\" content=\"https:\/\/www.facebook.com\/AkademiaMlodychUczonych\/\" \/>\n<meta property=\"article:modified_time\" content=\"2020-10-16T20:51:44+00:00\" \/>\n<meta property=\"og:image\" content=\"https:\/\/amu.pan.pl\/wp-content\/uploads\/2016\/12\/I_N.-Dolowy-Rybinska_foto_strona-AMU_.jpg\" \/>\n\t<meta property=\"og:image:width\" content=\"300\" \/>\n\t<meta property=\"og:image:height\" content=\"355\" \/>\n\t<meta property=\"og:image:type\" content=\"image\/jpeg\" \/>\n<meta name=\"twitter:card\" content=\"summary_large_image\" \/>\n<meta name=\"twitter:site\" content=\"@AMUPAN1\" \/>\n<script type=\"application\/ld+json\" class=\"yoast-schema-graph\">{\"@context\":\"https:\/\/schema.org\",\"@graph\":[{\"@type\":\"WebPage\",\"@id\":\"https:\/\/amu.pan.pl\/en\/nicole-rybinska\/\",\"url\":\"https:\/\/amu.pan.pl\/en\/nicole-rybinska\/\",\"name\":\"Nicole Do\u0142owy-Rybi\u0144ska - Akademia M\u0142odych Uczonych\",\"isPartOf\":{\"@id\":\"https:\/\/amu.pan.pl\/#website\"},\"primaryImageOfPage\":{\"@id\":\"https:\/\/amu.pan.pl\/en\/nicole-rybinska\/#primaryimage\"},\"image\":{\"@id\":\"https:\/\/amu.pan.pl\/en\/nicole-rybinska\/#primaryimage\"},\"thumbnailUrl\":\"https:\/\/amu.pan.pl\/wp-content\/uploads\/2016\/12\/I_N.-Dolowy-Rybinska_foto_strona-AMU_.jpg\",\"datePublished\":\"2016-12-06T08:49:30+00:00\",\"dateModified\":\"2020-10-16T20:51:44+00:00\",\"breadcrumb\":{\"@id\":\"https:\/\/amu.pan.pl\/en\/nicole-rybinska\/#breadcrumb\"},\"inLanguage\":\"en-GB\",\"potentialAction\":[{\"@type\":\"ReadAction\",\"target\":[\"https:\/\/amu.pan.pl\/en\/nicole-rybinska\/\"]}]},{\"@type\":\"ImageObject\",\"inLanguage\":\"en-GB\",\"@id\":\"https:\/\/amu.pan.pl\/en\/nicole-rybinska\/#primaryimage\",\"url\":\"https:\/\/amu.pan.pl\/wp-content\/uploads\/2016\/12\/I_N.-Dolowy-Rybinska_foto_strona-AMU_.jpg\",\"contentUrl\":\"https:\/\/amu.pan.pl\/wp-content\/uploads\/2016\/12\/I_N.-Dolowy-Rybinska_foto_strona-AMU_.jpg\",\"width\":300,\"height\":355},{\"@type\":\"BreadcrumbList\",\"@id\":\"https:\/\/amu.pan.pl\/en\/nicole-rybinska\/#breadcrumb\",\"itemListElement\":[{\"@type\":\"ListItem\",\"position\":1,\"name\":\"Strona g\u0142\u00f3wna\",\"item\":\"https:\/\/amu.pan.pl\/\"},{\"@type\":\"ListItem\",\"position\":2,\"name\":\"Nicole Do\u0142owy-Rybi\u0144ska\"}]},{\"@type\":\"WebSite\",\"@id\":\"https:\/\/amu.pan.pl\/#website\",\"url\":\"https:\/\/amu.pan.pl\/\",\"name\":\"Akademia M\u0142odych Uczonych\",\"description\":\"Polska Akademia Nauk\",\"publisher\":{\"@id\":\"https:\/\/amu.pan.pl\/#organization\"},\"potentialAction\":[{\"@type\":\"SearchAction\",\"target\":{\"@type\":\"EntryPoint\",\"urlTemplate\":\"https:\/\/amu.pan.pl\/?s={search_term_string}\"},\"query-input\":{\"@type\":\"PropertyValueSpecification\",\"valueRequired\":true,\"valueName\":\"search_term_string\"}}],\"inLanguage\":\"en-GB\"},{\"@type\":\"Organization\",\"@id\":\"https:\/\/amu.pan.pl\/#organization\",\"name\":\"Akademia M\u0142odych Uczonych\",\"url\":\"https:\/\/amu.pan.pl\/\",\"logo\":{\"@type\":\"ImageObject\",\"inLanguage\":\"en-GB\",\"@id\":\"https:\/\/amu.pan.pl\/#\/schema\/logo\/image\/\",\"url\":\"https:\/\/amu.pan.pl\/wp-content\/uploads\/2020\/08\/zz_amu.png\",\"contentUrl\":\"https:\/\/amu.pan.pl\/wp-content\/uploads\/2020\/08\/zz_amu.png\",\"width\":2794,\"height\":1016,\"caption\":\"Akademia M\u0142odych Uczonych\"},\"image\":{\"@id\":\"https:\/\/amu.pan.pl\/#\/schema\/logo\/image\/\"},\"sameAs\":[\"https:\/\/www.facebook.com\/AkademiaMlodychUczonych\/\",\"https:\/\/x.com\/AMUPAN1\"]}]}<\/script>\n<!-- \/ Yoast SEO plugin. -->","yoast_head_json":{"title":"Nicole Do\u0142owy-Rybi\u0144ska - Akademia M\u0142odych Uczonych","robots":{"index":"index","follow":"follow","max-snippet":"max-snippet:-1","max-image-preview":"max-image-preview:large","max-video-preview":"max-video-preview:-1"},"canonical":"https:\/\/amu.pan.pl\/en\/nicole-rybinska\/","og_locale":"en_GB","og_type":"article","og_title":"Nicole Do\u0142owy-Rybi\u0144ska - Akademia M\u0142odych Uczonych","og_description":"Nicole Do\u0142owy-Rybi\u0144ska","og_url":"https:\/\/amu.pan.pl\/en\/nicole-rybinska\/","og_site_name":"Akademia M\u0142odych Uczonych","article_publisher":"https:\/\/www.facebook.com\/AkademiaMlodychUczonych\/","article_modified_time":"2020-10-16T20:51:44+00:00","og_image":[{"width":300,"height":355,"url":"https:\/\/amu.pan.pl\/wp-content\/uploads\/2016\/12\/I_N.-Dolowy-Rybinska_foto_strona-AMU_.jpg","type":"image\/jpeg"}],"twitter_card":"summary_large_image","twitter_site":"@AMUPAN1","schema":{"@context":"https:\/\/schema.org","@graph":[{"@type":"WebPage","@id":"https:\/\/amu.pan.pl\/en\/nicole-rybinska\/","url":"https:\/\/amu.pan.pl\/en\/nicole-rybinska\/","name":"Nicole Do\u0142owy-Rybi\u0144ska - Akademia M\u0142odych Uczonych","isPartOf":{"@id":"https:\/\/amu.pan.pl\/#website"},"primaryImageOfPage":{"@id":"https:\/\/amu.pan.pl\/en\/nicole-rybinska\/#primaryimage"},"image":{"@id":"https:\/\/amu.pan.pl\/en\/nicole-rybinska\/#primaryimage"},"thumbnailUrl":"https:\/\/amu.pan.pl\/wp-content\/uploads\/2016\/12\/I_N.-Dolowy-Rybinska_foto_strona-AMU_.jpg","datePublished":"2016-12-06T08:49:30+00:00","dateModified":"2020-10-16T20:51:44+00:00","breadcrumb":{"@id":"https:\/\/amu.pan.pl\/en\/nicole-rybinska\/#breadcrumb"},"inLanguage":"en-GB","potentialAction":[{"@type":"ReadAction","target":["https:\/\/amu.pan.pl\/en\/nicole-rybinska\/"]}]},{"@type":"ImageObject","inLanguage":"en-GB","@id":"https:\/\/amu.pan.pl\/en\/nicole-rybinska\/#primaryimage","url":"https:\/\/amu.pan.pl\/wp-content\/uploads\/2016\/12\/I_N.-Dolowy-Rybinska_foto_strona-AMU_.jpg","contentUrl":"https:\/\/amu.pan.pl\/wp-content\/uploads\/2016\/12\/I_N.-Dolowy-Rybinska_foto_strona-AMU_.jpg","width":300,"height":355},{"@type":"BreadcrumbList","@id":"https:\/\/amu.pan.pl\/en\/nicole-rybinska\/#breadcrumb","itemListElement":[{"@type":"ListItem","position":1,"name":"Strona g\u0142\u00f3wna","item":"https:\/\/amu.pan.pl\/"},{"@type":"ListItem","position":2,"name":"Nicole Do\u0142owy-Rybi\u0144ska"}]},{"@type":"WebSite","@id":"https:\/\/amu.pan.pl\/#website","url":"https:\/\/amu.pan.pl\/","name":"Akademia M\u0142odych Uczonych","description":"Polska Akademia Nauk","publisher":{"@id":"https:\/\/amu.pan.pl\/#organization"},"potentialAction":[{"@type":"SearchAction","target":{"@type":"EntryPoint","urlTemplate":"https:\/\/amu.pan.pl\/?s={search_term_string}"},"query-input":{"@type":"PropertyValueSpecification","valueRequired":true,"valueName":"search_term_string"}}],"inLanguage":"en-GB"},{"@type":"Organization","@id":"https:\/\/amu.pan.pl\/#organization","name":"Akademia M\u0142odych Uczonych","url":"https:\/\/amu.pan.pl\/","logo":{"@type":"ImageObject","inLanguage":"en-GB","@id":"https:\/\/amu.pan.pl\/#\/schema\/logo\/image\/","url":"https:\/\/amu.pan.pl\/wp-content\/uploads\/2020\/08\/zz_amu.png","contentUrl":"https:\/\/amu.pan.pl\/wp-content\/uploads\/2020\/08\/zz_amu.png","width":2794,"height":1016,"caption":"Akademia M\u0142odych Uczonych"},"image":{"@id":"https:\/\/amu.pan.pl\/#\/schema\/logo\/image\/"},"sameAs":["https:\/\/www.facebook.com\/AkademiaMlodychUczonych\/","https:\/\/x.com\/AMUPAN1"]}]}},"_links":{"self":[{"href":"https:\/\/amu.pan.pl\/en\/wp-json\/wp\/v2\/pages\/170","targetHints":{"allow":["GET"]}}],"collection":[{"href":"https:\/\/amu.pan.pl\/en\/wp-json\/wp\/v2\/pages"}],"about":[{"href":"https:\/\/amu.pan.pl\/en\/wp-json\/wp\/v2\/types\/page"}],"author":[{"embeddable":true,"href":"https:\/\/amu.pan.pl\/en\/wp-json\/wp\/v2\/users\/2"}],"replies":[{"embeddable":true,"href":"https:\/\/amu.pan.pl\/en\/wp-json\/wp\/v2\/comments?post=170"}],"version-history":[{"count":9,"href":"https:\/\/amu.pan.pl\/en\/wp-json\/wp\/v2\/pages\/170\/revisions"}],"predecessor-version":[{"id":2156,"href":"https:\/\/amu.pan.pl\/en\/wp-json\/wp\/v2\/pages\/170\/revisions\/2156"}],"wp:featuredmedia":[{"embeddable":true,"href":"https:\/\/amu.pan.pl\/en\/wp-json\/wp\/v2\/media\/169"}],"wp:attachment":[{"href":"https:\/\/amu.pan.pl\/en\/wp-json\/wp\/v2\/media?parent=170"}],"curies":[{"name":"wp","href":"https:\/\/api.w.org\/{rel}","templated":true}]}}