{"id":174,"date":"2016-12-06T09:50:20","date_gmt":"2016-12-06T08:50:20","guid":{"rendered":"https:\/\/amu.pan.pl\/test\/2016\/12\/06\/anna-ajduk\/"},"modified":"2020-10-02T23:57:30","modified_gmt":"2020-10-02T21:57:30","slug":"anna-ajduk","status":"publish","type":"page","link":"https:\/\/amu.pan.pl\/en\/anna-ajduk\/","title":{"rendered":"Anna Ajduk"},"content":{"rendered":"<p><img fetchpriority=\"high\" decoding=\"async\" class=\"size-full wp-image-173\" src=\"https:\/\/amu.pan.pl\/wp-content\/uploads\/2016\/12\/II_A.Ajduk_foto_strona_AMU.jpg\" alt=\"\" style=\"display: block; margin-left: auto; margin-right: auto;\" width=\"500\" height=\"356\" srcset=\"https:\/\/amu.pan.pl\/wp-content\/uploads\/2016\/12\/II_A.Ajduk_foto_strona_AMU.jpg 500w, https:\/\/amu.pan.pl\/wp-content\/uploads\/2016\/12\/II_A.Ajduk_foto_strona_AMU-300x214.jpg 300w\" sizes=\"(max-width: 500px) 100vw, 500px\" \/><\/p>\n<p><strong>Dr hab. Anna Ajduk<\/strong> - Assistant professor at the Department of Embryology, Faculty of Biology, University of Warsaw.<\/p>\n<p>At the Faculty of Biology of the University of Warsaw, she also obtained a master&#039;s degree (2003) and a doctoral degree (2007). She completed research internships at Cardiff University and the University of Cambridge in Great Britain and at the Institute for Biogenesis Research, University of Hawaii in the USA.<\/p>\n<p>For over 10 years he has been dealing with the topic of fertilization and early embryonic development of mammals, also in the context of optimization of in vitro fertilization procedures. Currently he runs, among others research on the impact of the aging process on the quality of ova and embryos and on the use of optical coherence microscopy (OCM) in biology and reproductive medicine.<\/p>\n<p>Her research was honored in 2013 with the Prof. Stefan Pie\u0144kowski award for outstanding achievements in exact and natural sciences. She is a beneficiary of the programs of the Foundation for Polish Science, the National Science Center, the National Center for Research and Development, Schering Foundation and FEBS.<\/p>\n<p>In addition to scientific work, she is also involved in the popularization of science and works in organizations associating scientists - from 2012 in the Association of the Foundation for Polish Science Scholars (in 2013-2017 she was the president of the Association), and from 2016 at the Polish Young Academy of the Polish Academy of Sciences (in 2017-2019 she was the chair of the PYA).<\/p>","protected":false},"excerpt":{"rendered":"<p>Dr hab. Anna Ajduk \u2013 adiunkt w Zak\u0142adzie Embriologii Wydzia\u0142u Biologii Uniwersytetu Warszawskiego. Na Wydziale Biologii UW uzyska\u0142a te\u017c tytu\u0142 magistra (2003 r.) i stopie\u0144 doktora (2007 r.). Odby\u0142a sta\u017ce naukowe w Cardiff University i University of Cambridge w Wielkiej Brytanii oraz w Institute for Biogenesis Research, University of Hawaii w USA. Od ponad 10&hellip;&nbsp;<a href=\"https:\/\/amu.pan.pl\/en\/anna-ajduk\/\" rel=\"bookmark\">Read More &raquo;<span class=\"screen-reader-text\">Anna Ajduk<\/span><\/a><\/p>","protected":false},"author":2,"featured_media":173,"parent":0,"menu_order":40,"comment_status":"open","ping_status":"open","template":"","meta":{"_monsterinsights_skip_tracking":false,"_monsterinsights_sitenote_active":false,"_monsterinsights_sitenote_note":"","_monsterinsights_sitenote_category":0,"neve_meta_sidebar":"","neve_meta_container":"","neve_meta_enable_content_width":"","neve_meta_content_width":0,"neve_meta_title_alignment":"","neve_meta_author_avatar":"","neve_post_elements_order":"","neve_meta_disable_header":"","neve_meta_disable_footer":"","neve_meta_disable_title":"","footnotes":""},"class_list":["post-174","page","type-page","status-publish","has-post-thumbnail","hentry"],"yoast_head":"<!-- This site is optimized with the Yoast SEO plugin v25.0 - https:\/\/yoast.com\/wordpress\/plugins\/seo\/ -->\n<title>Anna Ajduk - Akademia M\u0142odych Uczonych<\/title>\n<meta name=\"robots\" content=\"index, follow, max-snippet:-1, max-image-preview:large, max-video-preview:-1\" \/>\n<link rel=\"canonical\" href=\"https:\/\/amu.pan.pl\/en\/anna-ajduk\/\" \/>\n<meta property=\"og:locale\" content=\"en_GB\" \/>\n<meta property=\"og:type\" content=\"article\" \/>\n<meta property=\"og:title\" content=\"Anna Ajduk - Akademia M\u0142odych Uczonych\" \/>\n<meta property=\"og:description\" content=\"Dr hab. Anna Ajduk \u2013 adiunkt w Zak\u0142adzie Embriologii Wydzia\u0142u Biologii Uniwersytetu Warszawskiego. Na Wydziale Biologii UW uzyska\u0142a te\u017c tytu\u0142 magistra (2003 r.) i stopie\u0144 doktora (2007 r.). Odby\u0142a sta\u017ce naukowe w Cardiff University i University of Cambridge w Wielkiej Brytanii oraz w Institute for Biogenesis Research, University of Hawaii w USA. Od ponad 10&hellip;&nbsp;Read More &raquo;Anna Ajduk\" \/>\n<meta property=\"og:url\" content=\"https:\/\/amu.pan.pl\/en\/anna-ajduk\/\" \/>\n<meta property=\"og:site_name\" content=\"Akademia M\u0142odych Uczonych\" \/>\n<meta property=\"article:publisher\" content=\"https:\/\/www.facebook.com\/AkademiaMlodychUczonych\/\" \/>\n<meta property=\"article:modified_time\" content=\"2020-10-02T21:57:30+00:00\" \/>\n<meta property=\"og:image\" content=\"https:\/\/amu.pan.pl\/wp-content\/uploads\/2016\/12\/II_A.Ajduk_foto_strona_AMU.jpg\" \/>\n\t<meta property=\"og:image:width\" content=\"500\" \/>\n\t<meta property=\"og:image:height\" content=\"356\" \/>\n\t<meta property=\"og:image:type\" content=\"image\/jpeg\" \/>\n<meta name=\"twitter:card\" content=\"summary_large_image\" \/>\n<meta name=\"twitter:site\" content=\"@AMUPAN1\" \/>\n<meta name=\"twitter:label1\" content=\"Estimated reading time\" \/>\n\t<meta name=\"twitter:data1\" content=\"1 minute\" \/>\n<script type=\"application\/ld+json\" class=\"yoast-schema-graph\">{\"@context\":\"https:\/\/schema.org\",\"@graph\":[{\"@type\":\"WebPage\",\"@id\":\"https:\/\/amu.pan.pl\/en\/anna-ajduk\/\",\"url\":\"https:\/\/amu.pan.pl\/en\/anna-ajduk\/\",\"name\":\"Anna Ajduk - Akademia M\u0142odych Uczonych\",\"isPartOf\":{\"@id\":\"https:\/\/amu.pan.pl\/#website\"},\"primaryImageOfPage\":{\"@id\":\"https:\/\/amu.pan.pl\/en\/anna-ajduk\/#primaryimage\"},\"image\":{\"@id\":\"https:\/\/amu.pan.pl\/en\/anna-ajduk\/#primaryimage\"},\"thumbnailUrl\":\"https:\/\/amu.pan.pl\/wp-content\/uploads\/2016\/12\/II_A.Ajduk_foto_strona_AMU.jpg\",\"datePublished\":\"2016-12-06T08:50:20+00:00\",\"dateModified\":\"2020-10-02T21:57:30+00:00\",\"breadcrumb\":{\"@id\":\"https:\/\/amu.pan.pl\/en\/anna-ajduk\/#breadcrumb\"},\"inLanguage\":\"en-GB\",\"potentialAction\":[{\"@type\":\"ReadAction\",\"target\":[\"https:\/\/amu.pan.pl\/en\/anna-ajduk\/\"]}]},{\"@type\":\"ImageObject\",\"inLanguage\":\"en-GB\",\"@id\":\"https:\/\/amu.pan.pl\/en\/anna-ajduk\/#primaryimage\",\"url\":\"https:\/\/amu.pan.pl\/wp-content\/uploads\/2016\/12\/II_A.Ajduk_foto_strona_AMU.jpg\",\"contentUrl\":\"https:\/\/amu.pan.pl\/wp-content\/uploads\/2016\/12\/II_A.Ajduk_foto_strona_AMU.jpg\",\"width\":500,\"height\":356},{\"@type\":\"BreadcrumbList\",\"@id\":\"https:\/\/amu.pan.pl\/en\/anna-ajduk\/#breadcrumb\",\"itemListElement\":[{\"@type\":\"ListItem\",\"position\":1,\"name\":\"Strona g\u0142\u00f3wna\",\"item\":\"https:\/\/amu.pan.pl\/\"},{\"@type\":\"ListItem\",\"position\":2,\"name\":\"Anna Ajduk\"}]},{\"@type\":\"WebSite\",\"@id\":\"https:\/\/amu.pan.pl\/#website\",\"url\":\"https:\/\/amu.pan.pl\/\",\"name\":\"Akademia M\u0142odych Uczonych\",\"description\":\"Polska Akademia Nauk\",\"publisher\":{\"@id\":\"https:\/\/amu.pan.pl\/#organization\"},\"potentialAction\":[{\"@type\":\"SearchAction\",\"target\":{\"@type\":\"EntryPoint\",\"urlTemplate\":\"https:\/\/amu.pan.pl\/?s={search_term_string}\"},\"query-input\":{\"@type\":\"PropertyValueSpecification\",\"valueRequired\":true,\"valueName\":\"search_term_string\"}}],\"inLanguage\":\"en-GB\"},{\"@type\":\"Organization\",\"@id\":\"https:\/\/amu.pan.pl\/#organization\",\"name\":\"Akademia M\u0142odych Uczonych\",\"url\":\"https:\/\/amu.pan.pl\/\",\"logo\":{\"@type\":\"ImageObject\",\"inLanguage\":\"en-GB\",\"@id\":\"https:\/\/amu.pan.pl\/#\/schema\/logo\/image\/\",\"url\":\"https:\/\/amu.pan.pl\/wp-content\/uploads\/2020\/08\/zz_amu.png\",\"contentUrl\":\"https:\/\/amu.pan.pl\/wp-content\/uploads\/2020\/08\/zz_amu.png\",\"width\":2794,\"height\":1016,\"caption\":\"Akademia M\u0142odych Uczonych\"},\"image\":{\"@id\":\"https:\/\/amu.pan.pl\/#\/schema\/logo\/image\/\"},\"sameAs\":[\"https:\/\/www.facebook.com\/AkademiaMlodychUczonych\/\",\"https:\/\/x.com\/AMUPAN1\"]}]}<\/script>\n<!-- \/ Yoast SEO plugin. -->","yoast_head_json":{"title":"Anna Ajduk - Akademia M\u0142odych Uczonych","robots":{"index":"index","follow":"follow","max-snippet":"max-snippet:-1","max-image-preview":"max-image-preview:large","max-video-preview":"max-video-preview:-1"},"canonical":"https:\/\/amu.pan.pl\/en\/anna-ajduk\/","og_locale":"en_GB","og_type":"article","og_title":"Anna Ajduk - Akademia M\u0142odych Uczonych","og_description":"Dr hab. Anna Ajduk \u2013 adiunkt w Zak\u0142adzie Embriologii Wydzia\u0142u Biologii Uniwersytetu Warszawskiego. Na Wydziale Biologii UW uzyska\u0142a te\u017c tytu\u0142 magistra (2003 r.) i stopie\u0144 doktora (2007 r.). Odby\u0142a sta\u017ce naukowe w Cardiff University i University of Cambridge w Wielkiej Brytanii oraz w Institute for Biogenesis Research, University of Hawaii w USA. Od ponad 10&hellip;&nbsp;Read More &raquo;Anna Ajduk","og_url":"https:\/\/amu.pan.pl\/en\/anna-ajduk\/","og_site_name":"Akademia M\u0142odych Uczonych","article_publisher":"https:\/\/www.facebook.com\/AkademiaMlodychUczonych\/","article_modified_time":"2020-10-02T21:57:30+00:00","og_image":[{"width":500,"height":356,"url":"https:\/\/amu.pan.pl\/wp-content\/uploads\/2016\/12\/II_A.Ajduk_foto_strona_AMU.jpg","type":"image\/jpeg"}],"twitter_card":"summary_large_image","twitter_site":"@AMUPAN1","twitter_misc":{"Estimated reading time":"1 minute"},"schema":{"@context":"https:\/\/schema.org","@graph":[{"@type":"WebPage","@id":"https:\/\/amu.pan.pl\/en\/anna-ajduk\/","url":"https:\/\/amu.pan.pl\/en\/anna-ajduk\/","name":"Anna Ajduk - Akademia M\u0142odych Uczonych","isPartOf":{"@id":"https:\/\/amu.pan.pl\/#website"},"primaryImageOfPage":{"@id":"https:\/\/amu.pan.pl\/en\/anna-ajduk\/#primaryimage"},"image":{"@id":"https:\/\/amu.pan.pl\/en\/anna-ajduk\/#primaryimage"},"thumbnailUrl":"https:\/\/amu.pan.pl\/wp-content\/uploads\/2016\/12\/II_A.Ajduk_foto_strona_AMU.jpg","datePublished":"2016-12-06T08:50:20+00:00","dateModified":"2020-10-02T21:57:30+00:00","breadcrumb":{"@id":"https:\/\/amu.pan.pl\/en\/anna-ajduk\/#breadcrumb"},"inLanguage":"en-GB","potentialAction":[{"@type":"ReadAction","target":["https:\/\/amu.pan.pl\/en\/anna-ajduk\/"]}]},{"@type":"ImageObject","inLanguage":"en-GB","@id":"https:\/\/amu.pan.pl\/en\/anna-ajduk\/#primaryimage","url":"https:\/\/amu.pan.pl\/wp-content\/uploads\/2016\/12\/II_A.Ajduk_foto_strona_AMU.jpg","contentUrl":"https:\/\/amu.pan.pl\/wp-content\/uploads\/2016\/12\/II_A.Ajduk_foto_strona_AMU.jpg","width":500,"height":356},{"@type":"BreadcrumbList","@id":"https:\/\/amu.pan.pl\/en\/anna-ajduk\/#breadcrumb","itemListElement":[{"@type":"ListItem","position":1,"name":"Strona g\u0142\u00f3wna","item":"https:\/\/amu.pan.pl\/"},{"@type":"ListItem","position":2,"name":"Anna Ajduk"}]},{"@type":"WebSite","@id":"https:\/\/amu.pan.pl\/#website","url":"https:\/\/amu.pan.pl\/","name":"Akademia M\u0142odych Uczonych","description":"Polska Akademia Nauk","publisher":{"@id":"https:\/\/amu.pan.pl\/#organization"},"potentialAction":[{"@type":"SearchAction","target":{"@type":"EntryPoint","urlTemplate":"https:\/\/amu.pan.pl\/?s={search_term_string}"},"query-input":{"@type":"PropertyValueSpecification","valueRequired":true,"valueName":"search_term_string"}}],"inLanguage":"en-GB"},{"@type":"Organization","@id":"https:\/\/amu.pan.pl\/#organization","name":"Akademia M\u0142odych Uczonych","url":"https:\/\/amu.pan.pl\/","logo":{"@type":"ImageObject","inLanguage":"en-GB","@id":"https:\/\/amu.pan.pl\/#\/schema\/logo\/image\/","url":"https:\/\/amu.pan.pl\/wp-content\/uploads\/2020\/08\/zz_amu.png","contentUrl":"https:\/\/amu.pan.pl\/wp-content\/uploads\/2020\/08\/zz_amu.png","width":2794,"height":1016,"caption":"Akademia M\u0142odych Uczonych"},"image":{"@id":"https:\/\/amu.pan.pl\/#\/schema\/logo\/image\/"},"sameAs":["https:\/\/www.facebook.com\/AkademiaMlodychUczonych\/","https:\/\/x.com\/AMUPAN1"]}]}},"_links":{"self":[{"href":"https:\/\/amu.pan.pl\/en\/wp-json\/wp\/v2\/pages\/174","targetHints":{"allow":["GET"]}}],"collection":[{"href":"https:\/\/amu.pan.pl\/en\/wp-json\/wp\/v2\/pages"}],"about":[{"href":"https:\/\/amu.pan.pl\/en\/wp-json\/wp\/v2\/types\/page"}],"author":[{"embeddable":true,"href":"https:\/\/amu.pan.pl\/en\/wp-json\/wp\/v2\/users\/2"}],"replies":[{"embeddable":true,"href":"https:\/\/amu.pan.pl\/en\/wp-json\/wp\/v2\/comments?post=174"}],"version-history":[{"count":0,"href":"https:\/\/amu.pan.pl\/en\/wp-json\/wp\/v2\/pages\/174\/revisions"}],"wp:featuredmedia":[{"embeddable":true,"href":"https:\/\/amu.pan.pl\/en\/wp-json\/wp\/v2\/media\/173"}],"wp:attachment":[{"href":"https:\/\/amu.pan.pl\/en\/wp-json\/wp\/v2\/media?parent=174"}],"curies":[{"name":"wp","href":"https:\/\/api.w.org\/{rel}","templated":true}]}}