{"id":175,"date":"2016-12-06T09:51:12","date_gmt":"2016-12-06T08:51:12","guid":{"rendered":"https:\/\/amu.pan.pl\/test\/2016\/12\/06\/justyna-cybulska\/"},"modified":"2021-05-31T15:44:04","modified_gmt":"2021-05-31T13:44:04","slug":"justyna-cybulska","status":"publish","type":"page","link":"https:\/\/amu.pan.pl\/en\/justyna-cybulska\/","title":{"rendered":"Justyna Cybulska"},"content":{"rendered":"<div data-elementor-type=\"wp-page\" data-elementor-id=\"175\" class=\"elementor elementor-175\">\n\t\t\t\t\t\t<section class=\"elementor-section elementor-top-section elementor-element elementor-element-7139484 elementor-section-boxed elementor-section-height-default elementor-section-height-default\" data-id=\"7139484\" data-element_type=\"section\">\n\t\t\t\t\t\t<div class=\"elementor-container elementor-column-gap-default\">\n\t\t\t\t\t<div class=\"elementor-column elementor-col-100 elementor-top-column elementor-element elementor-element-536d34f\" data-id=\"536d34f\" data-element_type=\"column\">\n\t\t\t<div class=\"elementor-widget-wrap elementor-element-populated\">\n\t\t\t\t\t\t<div class=\"elementor-element elementor-element-cb307d6 elementor-widget elementor-widget-heading\" data-id=\"cb307d6\" data-element_type=\"widget\" data-widget_type=\"heading.default\">\n\t\t\t\t<div class=\"elementor-widget-container\">\n\t\t\t\t\t<h2 class=\"elementor-heading-title elementor-size-default\">Justyna Cybulska<\/h2>\t\t\t\t<\/div>\n\t\t\t\t<\/div>\n\t\t\t\t<div class=\"elementor-element elementor-element-c314b4b elementor-widget elementor-widget-text-editor\" data-id=\"c314b4b\" data-element_type=\"widget\" data-widget_type=\"text-editor.default\">\n\t\t\t\t<div class=\"elementor-widget-container\">\n\t\t\t\t\t\t\t\t\t<p><img fetchpriority=\"high\" decoding=\"async\" class=\"alignleft wp-image-19\" src=\"https:\/\/amu.pan.pl\/wp-content\/uploads\/2016\/02\/J.Cybulska.jpg\" alt=\"J.Cybulska\" width=\"400\" height=\"174\" srcset=\"https:\/\/amu.pan.pl\/wp-content\/uploads\/2016\/02\/J.Cybulska.jpg 820w, https:\/\/amu.pan.pl\/wp-content\/uploads\/2016\/02\/J.Cybulska-e1601848353444-16x7.jpg 16w\" sizes=\"(max-width: 400px) 100vw, 400px\" \/>Dr hab. in\u017c. <b>Justyna Cybulska<\/b> (member of AMU PAN) is an associate professor at the Institute of Agrophysics of the Polish Academy of Sciences. As a chemist and food technologist, he researches the nanostructure and biochemistry of cell walls. Her research interests also include the effects and functionality of polysaccharides and their complexes, as well as food quality and the development of new food products.<\/p>\n<p>She is the author of several dozen scientific publications, mainly in journals indexed on the Philadelphia list. She was the manager of several research projects, incl. LIDER (NCBR), Opus (NCN), Iuventus Plus (MNiSW), Pomost (FNP) and a contractor in several dozen projects.<br>Justyna Cybulska is a laureate of, among others Marie Curie Fellowship, Leonardo da Vinci scholarship, French government scholarship, YGGDRASIL program (The Research Council of Norway), scholarship for outstanding young scientists of the Ministry of Science and Higher Education and distinctions of the 2nd Department of Biological and Agricultural Sciences of the Polish Academy of Sciences.<\/p>\n<p>She has completed internships at Katholieke Universiteit Leuven, Institut National de la Recherche Agronomique, Karpenko Physico-Mechanical Institute of NAS Ukraine, The Norwegian University of Science and Technology.<\/p>\n<p>He is a member of the Agronomic Sciences Committee of the Polish Academy of Sciences, the Scientific Council of the Institute of Agrophysics of the Polish Academy of Sciences and the Program Council of the Scientific Station of the Polish Academy of Sciences in Paris.<\/p>\n<p>She promoted three doctors, including two as an assistant supervisor. He is currently the supervisor of two doctoral students.<\/p>\n<p>Dr hab. Eng. Justyna Cybulska works as an expert of the National Center for Research and Development, Lublin Agency for Enterprise Support, and is a member of the COST NEUBIAS Management Committee. Since 2016, he has been a member of the Academy of Young Scientists of the Polish Academy of Sciences.<\/p>\t\t\t\t\t\t\t\t<\/div>\n\t\t\t\t<\/div>\n\t\t\t\t\t<\/div>\n\t\t<\/div>\n\t\t\t\t\t<\/div>\n\t\t<\/section>\n\t\t\t\t<\/div>","protected":false},"excerpt":{"rendered":"<p>Justyna Cybulska Dr hab. in\u017c. Justyna Cybulska (cz\u0142onkini AMU PAN) jest profesorem nadzwyczajnym w Instytucie Agrofizyki PAN. Jako chemik i technolog \u017cywno\u015bci zajmuje si\u0119 badaniami nanostruktury i biochemii \u015bcian kom\u00f3rkowych. Do jej zainteresowa\u0144 naukowych nale\u017c\u0105 te\u017c oddzia\u0142ywania i funkcjonalno\u015b\u0107 polisacharyd\u00f3w oraz ich kompleks\u00f3w, a tak\u017ce jako\u015b\u0107 \u017cywno\u015bci i opracowywanie nowych produkt\u00f3w spo\u017cywczych. Jest autork\u0105 kilkudziesi\u0119ciu&hellip;&nbsp;<a href=\"https:\/\/amu.pan.pl\/en\/justyna-cybulska\/\" rel=\"bookmark\">Read More &raquo;<span class=\"screen-reader-text\">Justyna Cybulska<\/span><\/a><\/p>","protected":false},"author":2,"featured_media":19,"parent":0,"menu_order":35,"comment_status":"open","ping_status":"open","template":"elementor_header_footer","meta":{"_monsterinsights_skip_tracking":false,"_monsterinsights_sitenote_active":false,"_monsterinsights_sitenote_note":"","_monsterinsights_sitenote_category":0,"neve_meta_sidebar":"","neve_meta_container":"","neve_meta_enable_content_width":"","neve_meta_content_width":0,"neve_meta_title_alignment":"","neve_meta_author_avatar":"","neve_post_elements_order":"","neve_meta_disable_header":"","neve_meta_disable_footer":"","neve_meta_disable_title":"","footnotes":""},"class_list":["post-175","page","type-page","status-publish","has-post-thumbnail","hentry"],"yoast_head":"<!-- This site is optimized with the Yoast SEO plugin v25.0 - https:\/\/yoast.com\/wordpress\/plugins\/seo\/ -->\n<title>Justyna Cybulska - Akademia M\u0142odych Uczonych<\/title>\n<meta name=\"robots\" content=\"index, follow, max-snippet:-1, max-image-preview:large, max-video-preview:-1\" \/>\n<link rel=\"canonical\" href=\"https:\/\/amu.pan.pl\/en\/justyna-cybulska\/\" \/>\n<meta property=\"og:locale\" content=\"en_GB\" \/>\n<meta property=\"og:type\" content=\"article\" \/>\n<meta property=\"og:title\" content=\"Justyna Cybulska - Akademia M\u0142odych Uczonych\" \/>\n<meta property=\"og:description\" content=\"Justyna Cybulska Dr hab. in\u017c. Justyna Cybulska (cz\u0142onkini AMU PAN) jest profesorem nadzwyczajnym w Instytucie Agrofizyki PAN. Jako chemik i technolog \u017cywno\u015bci zajmuje si\u0119 badaniami nanostruktury i biochemii \u015bcian kom\u00f3rkowych. Do jej zainteresowa\u0144 naukowych nale\u017c\u0105 te\u017c oddzia\u0142ywania i funkcjonalno\u015b\u0107 polisacharyd\u00f3w oraz ich kompleks\u00f3w, a tak\u017ce jako\u015b\u0107 \u017cywno\u015bci i opracowywanie nowych produkt\u00f3w spo\u017cywczych. Jest autork\u0105 kilkudziesi\u0119ciu&hellip;&nbsp;Read More &raquo;Justyna Cybulska\" \/>\n<meta property=\"og:url\" content=\"https:\/\/amu.pan.pl\/en\/justyna-cybulska\/\" \/>\n<meta property=\"og:site_name\" content=\"Akademia M\u0142odych Uczonych\" \/>\n<meta property=\"article:publisher\" content=\"https:\/\/www.facebook.com\/AkademiaMlodychUczonych\/\" \/>\n<meta property=\"article:modified_time\" content=\"2021-05-31T13:44:04+00:00\" \/>\n<meta property=\"og:image\" content=\"https:\/\/amu.pan.pl\/wp-content\/uploads\/2016\/02\/J.Cybulska.jpg\" \/>\n\t<meta property=\"og:image:width\" content=\"820\" \/>\n\t<meta property=\"og:image:height\" content=\"356\" \/>\n\t<meta property=\"og:image:type\" content=\"image\/jpeg\" \/>\n<meta name=\"twitter:card\" content=\"summary_large_image\" \/>\n<meta name=\"twitter:site\" content=\"@AMUPAN1\" \/>\n<meta name=\"twitter:label1\" content=\"Estimated reading time\" \/>\n\t<meta name=\"twitter:data1\" content=\"1 minute\" \/>\n<script type=\"application\/ld+json\" class=\"yoast-schema-graph\">{\"@context\":\"https:\/\/schema.org\",\"@graph\":[{\"@type\":\"WebPage\",\"@id\":\"https:\/\/amu.pan.pl\/en\/justyna-cybulska\/\",\"url\":\"https:\/\/amu.pan.pl\/en\/justyna-cybulska\/\",\"name\":\"Justyna Cybulska - Akademia M\u0142odych Uczonych\",\"isPartOf\":{\"@id\":\"https:\/\/amu.pan.pl\/#website\"},\"primaryImageOfPage\":{\"@id\":\"https:\/\/amu.pan.pl\/en\/justyna-cybulska\/#primaryimage\"},\"image\":{\"@id\":\"https:\/\/amu.pan.pl\/en\/justyna-cybulska\/#primaryimage\"},\"thumbnailUrl\":\"https:\/\/amu.pan.pl\/wp-content\/uploads\/2016\/02\/J.Cybulska.jpg\",\"datePublished\":\"2016-12-06T08:51:12+00:00\",\"dateModified\":\"2021-05-31T13:44:04+00:00\",\"breadcrumb\":{\"@id\":\"https:\/\/amu.pan.pl\/en\/justyna-cybulska\/#breadcrumb\"},\"inLanguage\":\"en-GB\",\"potentialAction\":[{\"@type\":\"ReadAction\",\"target\":[\"https:\/\/amu.pan.pl\/en\/justyna-cybulska\/\"]}]},{\"@type\":\"ImageObject\",\"inLanguage\":\"en-GB\",\"@id\":\"https:\/\/amu.pan.pl\/en\/justyna-cybulska\/#primaryimage\",\"url\":\"https:\/\/amu.pan.pl\/wp-content\/uploads\/2016\/02\/J.Cybulska.jpg\",\"contentUrl\":\"https:\/\/amu.pan.pl\/wp-content\/uploads\/2016\/02\/J.Cybulska.jpg\",\"width\":820,\"height\":356,\"caption\":\"J.Cybulska\"},{\"@type\":\"BreadcrumbList\",\"@id\":\"https:\/\/amu.pan.pl\/en\/justyna-cybulska\/#breadcrumb\",\"itemListElement\":[{\"@type\":\"ListItem\",\"position\":1,\"name\":\"Strona g\u0142\u00f3wna\",\"item\":\"https:\/\/amu.pan.pl\/\"},{\"@type\":\"ListItem\",\"position\":2,\"name\":\"Justyna Cybulska\"}]},{\"@type\":\"WebSite\",\"@id\":\"https:\/\/amu.pan.pl\/#website\",\"url\":\"https:\/\/amu.pan.pl\/\",\"name\":\"Akademia M\u0142odych Uczonych\",\"description\":\"Polska Akademia Nauk\",\"publisher\":{\"@id\":\"https:\/\/amu.pan.pl\/#organization\"},\"potentialAction\":[{\"@type\":\"SearchAction\",\"target\":{\"@type\":\"EntryPoint\",\"urlTemplate\":\"https:\/\/amu.pan.pl\/?s={search_term_string}\"},\"query-input\":{\"@type\":\"PropertyValueSpecification\",\"valueRequired\":true,\"valueName\":\"search_term_string\"}}],\"inLanguage\":\"en-GB\"},{\"@type\":\"Organization\",\"@id\":\"https:\/\/amu.pan.pl\/#organization\",\"name\":\"Akademia M\u0142odych Uczonych\",\"url\":\"https:\/\/amu.pan.pl\/\",\"logo\":{\"@type\":\"ImageObject\",\"inLanguage\":\"en-GB\",\"@id\":\"https:\/\/amu.pan.pl\/#\/schema\/logo\/image\/\",\"url\":\"https:\/\/amu.pan.pl\/wp-content\/uploads\/2020\/08\/zz_amu.png\",\"contentUrl\":\"https:\/\/amu.pan.pl\/wp-content\/uploads\/2020\/08\/zz_amu.png\",\"width\":2794,\"height\":1016,\"caption\":\"Akademia M\u0142odych Uczonych\"},\"image\":{\"@id\":\"https:\/\/amu.pan.pl\/#\/schema\/logo\/image\/\"},\"sameAs\":[\"https:\/\/www.facebook.com\/AkademiaMlodychUczonych\/\",\"https:\/\/x.com\/AMUPAN1\"]}]}<\/script>\n<!-- \/ Yoast SEO plugin. -->","yoast_head_json":{"title":"Justyna Cybulska - Akademia M\u0142odych Uczonych","robots":{"index":"index","follow":"follow","max-snippet":"max-snippet:-1","max-image-preview":"max-image-preview:large","max-video-preview":"max-video-preview:-1"},"canonical":"https:\/\/amu.pan.pl\/en\/justyna-cybulska\/","og_locale":"en_GB","og_type":"article","og_title":"Justyna Cybulska - Akademia M\u0142odych Uczonych","og_description":"Justyna Cybulska Dr hab. in\u017c. Justyna Cybulska (cz\u0142onkini AMU PAN) jest profesorem nadzwyczajnym w Instytucie Agrofizyki PAN. Jako chemik i technolog \u017cywno\u015bci zajmuje si\u0119 badaniami nanostruktury i biochemii \u015bcian kom\u00f3rkowych. Do jej zainteresowa\u0144 naukowych nale\u017c\u0105 te\u017c oddzia\u0142ywania i funkcjonalno\u015b\u0107 polisacharyd\u00f3w oraz ich kompleks\u00f3w, a tak\u017ce jako\u015b\u0107 \u017cywno\u015bci i opracowywanie nowych produkt\u00f3w spo\u017cywczych. Jest autork\u0105 kilkudziesi\u0119ciu&hellip;&nbsp;Read More &raquo;Justyna Cybulska","og_url":"https:\/\/amu.pan.pl\/en\/justyna-cybulska\/","og_site_name":"Akademia M\u0142odych Uczonych","article_publisher":"https:\/\/www.facebook.com\/AkademiaMlodychUczonych\/","article_modified_time":"2021-05-31T13:44:04+00:00","og_image":[{"width":820,"height":356,"url":"https:\/\/amu.pan.pl\/wp-content\/uploads\/2016\/02\/J.Cybulska.jpg","type":"image\/jpeg"}],"twitter_card":"summary_large_image","twitter_site":"@AMUPAN1","twitter_misc":{"Estimated reading time":"1 minute"},"schema":{"@context":"https:\/\/schema.org","@graph":[{"@type":"WebPage","@id":"https:\/\/amu.pan.pl\/en\/justyna-cybulska\/","url":"https:\/\/amu.pan.pl\/en\/justyna-cybulska\/","name":"Justyna Cybulska - Akademia M\u0142odych Uczonych","isPartOf":{"@id":"https:\/\/amu.pan.pl\/#website"},"primaryImageOfPage":{"@id":"https:\/\/amu.pan.pl\/en\/justyna-cybulska\/#primaryimage"},"image":{"@id":"https:\/\/amu.pan.pl\/en\/justyna-cybulska\/#primaryimage"},"thumbnailUrl":"https:\/\/amu.pan.pl\/wp-content\/uploads\/2016\/02\/J.Cybulska.jpg","datePublished":"2016-12-06T08:51:12+00:00","dateModified":"2021-05-31T13:44:04+00:00","breadcrumb":{"@id":"https:\/\/amu.pan.pl\/en\/justyna-cybulska\/#breadcrumb"},"inLanguage":"en-GB","potentialAction":[{"@type":"ReadAction","target":["https:\/\/amu.pan.pl\/en\/justyna-cybulska\/"]}]},{"@type":"ImageObject","inLanguage":"en-GB","@id":"https:\/\/amu.pan.pl\/en\/justyna-cybulska\/#primaryimage","url":"https:\/\/amu.pan.pl\/wp-content\/uploads\/2016\/02\/J.Cybulska.jpg","contentUrl":"https:\/\/amu.pan.pl\/wp-content\/uploads\/2016\/02\/J.Cybulska.jpg","width":820,"height":356,"caption":"J.Cybulska"},{"@type":"BreadcrumbList","@id":"https:\/\/amu.pan.pl\/en\/justyna-cybulska\/#breadcrumb","itemListElement":[{"@type":"ListItem","position":1,"name":"Strona g\u0142\u00f3wna","item":"https:\/\/amu.pan.pl\/"},{"@type":"ListItem","position":2,"name":"Justyna Cybulska"}]},{"@type":"WebSite","@id":"https:\/\/amu.pan.pl\/#website","url":"https:\/\/amu.pan.pl\/","name":"Akademia M\u0142odych Uczonych","description":"Polska Akademia Nauk","publisher":{"@id":"https:\/\/amu.pan.pl\/#organization"},"potentialAction":[{"@type":"SearchAction","target":{"@type":"EntryPoint","urlTemplate":"https:\/\/amu.pan.pl\/?s={search_term_string}"},"query-input":{"@type":"PropertyValueSpecification","valueRequired":true,"valueName":"search_term_string"}}],"inLanguage":"en-GB"},{"@type":"Organization","@id":"https:\/\/amu.pan.pl\/#organization","name":"Akademia M\u0142odych Uczonych","url":"https:\/\/amu.pan.pl\/","logo":{"@type":"ImageObject","inLanguage":"en-GB","@id":"https:\/\/amu.pan.pl\/#\/schema\/logo\/image\/","url":"https:\/\/amu.pan.pl\/wp-content\/uploads\/2020\/08\/zz_amu.png","contentUrl":"https:\/\/amu.pan.pl\/wp-content\/uploads\/2020\/08\/zz_amu.png","width":2794,"height":1016,"caption":"Akademia M\u0142odych Uczonych"},"image":{"@id":"https:\/\/amu.pan.pl\/#\/schema\/logo\/image\/"},"sameAs":["https:\/\/www.facebook.com\/AkademiaMlodychUczonych\/","https:\/\/x.com\/AMUPAN1"]}]}},"_links":{"self":[{"href":"https:\/\/amu.pan.pl\/en\/wp-json\/wp\/v2\/pages\/175","targetHints":{"allow":["GET"]}}],"collection":[{"href":"https:\/\/amu.pan.pl\/en\/wp-json\/wp\/v2\/pages"}],"about":[{"href":"https:\/\/amu.pan.pl\/en\/wp-json\/wp\/v2\/types\/page"}],"author":[{"embeddable":true,"href":"https:\/\/amu.pan.pl\/en\/wp-json\/wp\/v2\/users\/2"}],"replies":[{"embeddable":true,"href":"https:\/\/amu.pan.pl\/en\/wp-json\/wp\/v2\/comments?post=175"}],"version-history":[{"count":38,"href":"https:\/\/amu.pan.pl\/en\/wp-json\/wp\/v2\/pages\/175\/revisions"}],"predecessor-version":[{"id":3556,"href":"https:\/\/amu.pan.pl\/en\/wp-json\/wp\/v2\/pages\/175\/revisions\/3556"}],"wp:featuredmedia":[{"embeddable":true,"href":"https:\/\/amu.pan.pl\/en\/wp-json\/wp\/v2\/media\/19"}],"wp:attachment":[{"href":"https:\/\/amu.pan.pl\/en\/wp-json\/wp\/v2\/media?parent=175"}],"curies":[{"name":"wp","href":"https:\/\/api.w.org\/{rel}","templated":true}]}}