{"id":177,"date":"2016-12-06T09:51:35","date_gmt":"2016-12-06T08:51:35","guid":{"rendered":"https:\/\/amu.pan.pl\/test\/2016\/12\/06\/dorota-czajkowska-szczykowska\/"},"modified":"2021-09-10T16:56:37","modified_gmt":"2021-09-10T14:56:37","slug":"dorota-czajkowska-szczykowska","status":"publish","type":"page","link":"https:\/\/amu.pan.pl\/en\/dorota-czajkowska-szczykowska\/","title":{"rendered":"Dorota Czajkowska-Szczykowska"},"content":{"rendered":"<p><img decoding=\"async\" class=\"size-full wp-image-176\" style=\"margin-left: auto;margin-right: auto\" src=\"https:\/\/amu.pan.pl\/wp-content\/uploads\/2016\/12\/II_D.Czajkowska-Szczykowsk_foto.jpg\" alt=\"\" width=\"177\" height=\"195\" srcset=\"https:\/\/amu.pan.pl\/wp-content\/uploads\/2016\/12\/II_D.Czajkowska-Szczykowsk_foto.jpg 600w, https:\/\/amu.pan.pl\/wp-content\/uploads\/2016\/12\/II_D.Czajkowska-Szczykowsk_foto-272x300.jpg 272w\" sizes=\"(max-width: 177px) 100vw, 177px\" \/><\/p>\n<p style=\"text-align: justify\"><strong>Dr hab. Dorota Czajkowska-Szczykowska<\/strong> - chemical sciences (organic chemistry)<\/p>\n<table>\n<tbody>\n<tr>\n<td>Assistant professor at the Department of Organic Chemistry, University of Bialystok; specializes in steroid chemistry and organic synthesis.<\/p>\n<p>She has been associated with the team of prof. dr. hab. Jacek W. Morzycki, where she gained experience in the synthesis of natural products, mainly steroid compounds with biological properties (including cholafans and vitamin D derivatives). After defending the doctoral dissertation entitled \"The application of olefin metathesis in the synthesis of macrocyclic compounds\" her research interests also included the synthesis of rotors and other molecular machines obtained from steroid molecules - structures showing properties desired in nanotechnology, optics and photonics.<\/p>\n<p>She is a laureate of several Awards from the Rector of the University of Bialystok for scientific activity and awards granted by students for teaching activities. Co-author of scientific articles in journals from the JCR list. She has carried out or managed several research projects financed by her home University, the Ministry of Science and Higher Education and the National Science Center, receiving positive decisions to finance the SONATA 1 and BMN-174 (UwB) grants. She collaborates with research centers in the USA (University of California, UCLA) and Mexico (CINVESTAV). Secretary of the Organic Chemistry Section of PTChem, expert in the Podlasie Chemistry Competition, member of the Branch of the Polish Academy of Sciences in Olsztyn and Bia\u0142ystok with its seat in Olsztyn and the Chemical and Physical Sciences Commission operating at this Branch, member of The Isoprenoid Society. <em>The Isoprenoid Society<\/em>.<\/p>\n<p>Hannah\u2019s and Adam\u2019s Mum.<\/td>\n<\/tr>\n<\/tbody>\n<\/table>","protected":false},"excerpt":{"rendered":"<p>Dr hab. Dorota Czajkowska-Szczykowska \u2013 nauki chemiczne (chemia organiczna). Adiunkt w Katedrze Chemii Organicznej Uniwersytetu w Bia\u0142ymstoku; specjalizuje si\u0119 w chemii steroid\u00f3w i syntezie organicznej. Od pocz\u0105tku zwi\u0105zana z zespo\u0142em &#8230;<\/p>","protected":false},"author":2,"featured_media":176,"parent":0,"menu_order":31,"comment_status":"open","ping_status":"open","template":"","meta":{"_monsterinsights_skip_tracking":false,"_monsterinsights_sitenote_active":false,"_monsterinsights_sitenote_note":"","_monsterinsights_sitenote_category":0,"footnotes":""},"class_list":["post-177","page","type-page","status-publish","has-post-thumbnail","hentry"],"yoast_head":"<!-- This site is optimized with the Yoast SEO plugin v25.0 - https:\/\/yoast.com\/wordpress\/plugins\/seo\/ -->\n<title>Dorota Czajkowska-Szczykowska - Akademia M\u0142odych Uczonych<\/title>\n<meta name=\"robots\" content=\"index, follow, max-snippet:-1, max-image-preview:large, max-video-preview:-1\" \/>\n<link rel=\"canonical\" href=\"https:\/\/amu.pan.pl\/en\/dorota-czajkowska-szczykowska\/\" \/>\n<meta property=\"og:locale\" content=\"en_GB\" \/>\n<meta property=\"og:type\" content=\"article\" \/>\n<meta property=\"og:title\" content=\"Dorota Czajkowska-Szczykowska - Akademia M\u0142odych Uczonych\" \/>\n<meta property=\"og:description\" content=\"Dr hab. Dorota Czajkowska-Szczykowska \u2013 nauki chemiczne (chemia organiczna). Adiunkt w Katedrze Chemii Organicznej Uniwersytetu w Bia\u0142ymstoku; specjalizuje si\u0119 w chemii steroid\u00f3w i syntezie organicznej. Od pocz\u0105tku zwi\u0105zana z zespo\u0142em ...\" \/>\n<meta property=\"og:url\" content=\"https:\/\/amu.pan.pl\/en\/dorota-czajkowska-szczykowska\/\" \/>\n<meta property=\"og:site_name\" content=\"Akademia M\u0142odych Uczonych\" \/>\n<meta property=\"article:publisher\" content=\"https:\/\/www.facebook.com\/AkademiaMlodychUczonych\/\" \/>\n<meta property=\"article:modified_time\" content=\"2021-09-10T14:56:37+00:00\" \/>\n<meta property=\"og:image\" content=\"https:\/\/amu.pan.pl\/wp-content\/uploads\/2016\/12\/II_D.Czajkowska-Szczykowsk_foto.jpg\" \/>\n\t<meta property=\"og:image:width\" content=\"600\" \/>\n\t<meta property=\"og:image:height\" content=\"661\" \/>\n\t<meta property=\"og:image:type\" content=\"image\/jpeg\" \/>\n<meta name=\"twitter:card\" content=\"summary_large_image\" \/>\n<meta name=\"twitter:site\" content=\"@AMUPAN1\" \/>\n<meta name=\"twitter:label1\" content=\"Estimated reading time\" \/>\n\t<meta name=\"twitter:data1\" content=\"2 minutes\" \/>\n<script type=\"application\/ld+json\" class=\"yoast-schema-graph\">{\"@context\":\"https:\/\/schema.org\",\"@graph\":[{\"@type\":\"WebPage\",\"@id\":\"https:\/\/amu.pan.pl\/en\/dorota-czajkowska-szczykowska\/\",\"url\":\"https:\/\/amu.pan.pl\/en\/dorota-czajkowska-szczykowska\/\",\"name\":\"Dorota Czajkowska-Szczykowska - Akademia M\u0142odych Uczonych\",\"isPartOf\":{\"@id\":\"https:\/\/amu.pan.pl\/#website\"},\"primaryImageOfPage\":{\"@id\":\"https:\/\/amu.pan.pl\/en\/dorota-czajkowska-szczykowska\/#primaryimage\"},\"image\":{\"@id\":\"https:\/\/amu.pan.pl\/en\/dorota-czajkowska-szczykowska\/#primaryimage\"},\"thumbnailUrl\":\"https:\/\/amu.pan.pl\/wp-content\/uploads\/2016\/12\/II_D.Czajkowska-Szczykowsk_foto.jpg\",\"datePublished\":\"2016-12-06T08:51:35+00:00\",\"dateModified\":\"2021-09-10T14:56:37+00:00\",\"breadcrumb\":{\"@id\":\"https:\/\/amu.pan.pl\/en\/dorota-czajkowska-szczykowska\/#breadcrumb\"},\"inLanguage\":\"en-GB\",\"potentialAction\":[{\"@type\":\"ReadAction\",\"target\":[\"https:\/\/amu.pan.pl\/en\/dorota-czajkowska-szczykowska\/\"]}]},{\"@type\":\"ImageObject\",\"inLanguage\":\"en-GB\",\"@id\":\"https:\/\/amu.pan.pl\/en\/dorota-czajkowska-szczykowska\/#primaryimage\",\"url\":\"https:\/\/amu.pan.pl\/wp-content\/uploads\/2016\/12\/II_D.Czajkowska-Szczykowsk_foto.jpg\",\"contentUrl\":\"https:\/\/amu.pan.pl\/wp-content\/uploads\/2016\/12\/II_D.Czajkowska-Szczykowsk_foto.jpg\",\"width\":600,\"height\":661},{\"@type\":\"BreadcrumbList\",\"@id\":\"https:\/\/amu.pan.pl\/en\/dorota-czajkowska-szczykowska\/#breadcrumb\",\"itemListElement\":[{\"@type\":\"ListItem\",\"position\":1,\"name\":\"Strona g\u0142\u00f3wna\",\"item\":\"https:\/\/amu.pan.pl\/\"},{\"@type\":\"ListItem\",\"position\":2,\"name\":\"Dorota Czajkowska-Szczykowska\"}]},{\"@type\":\"WebSite\",\"@id\":\"https:\/\/amu.pan.pl\/#website\",\"url\":\"https:\/\/amu.pan.pl\/\",\"name\":\"Akademia M\u0142odych Uczonych\",\"description\":\"Polska Akademia Nauk\",\"publisher\":{\"@id\":\"https:\/\/amu.pan.pl\/#organization\"},\"potentialAction\":[{\"@type\":\"SearchAction\",\"target\":{\"@type\":\"EntryPoint\",\"urlTemplate\":\"https:\/\/amu.pan.pl\/?s={search_term_string}\"},\"query-input\":{\"@type\":\"PropertyValueSpecification\",\"valueRequired\":true,\"valueName\":\"search_term_string\"}}],\"inLanguage\":\"en-GB\"},{\"@type\":\"Organization\",\"@id\":\"https:\/\/amu.pan.pl\/#organization\",\"name\":\"Akademia M\u0142odych Uczonych\",\"url\":\"https:\/\/amu.pan.pl\/\",\"logo\":{\"@type\":\"ImageObject\",\"inLanguage\":\"en-GB\",\"@id\":\"https:\/\/amu.pan.pl\/#\/schema\/logo\/image\/\",\"url\":\"https:\/\/amu.pan.pl\/wp-content\/uploads\/2020\/08\/zz_amu.png\",\"contentUrl\":\"https:\/\/amu.pan.pl\/wp-content\/uploads\/2020\/08\/zz_amu.png\",\"width\":2794,\"height\":1016,\"caption\":\"Akademia M\u0142odych Uczonych\"},\"image\":{\"@id\":\"https:\/\/amu.pan.pl\/#\/schema\/logo\/image\/\"},\"sameAs\":[\"https:\/\/www.facebook.com\/AkademiaMlodychUczonych\/\",\"https:\/\/x.com\/AMUPAN1\"]}]}<\/script>\n<!-- \/ Yoast SEO plugin. -->","yoast_head_json":{"title":"Dorota Czajkowska-Szczykowska - Akademia M\u0142odych Uczonych","robots":{"index":"index","follow":"follow","max-snippet":"max-snippet:-1","max-image-preview":"max-image-preview:large","max-video-preview":"max-video-preview:-1"},"canonical":"https:\/\/amu.pan.pl\/en\/dorota-czajkowska-szczykowska\/","og_locale":"en_GB","og_type":"article","og_title":"Dorota Czajkowska-Szczykowska - Akademia M\u0142odych Uczonych","og_description":"Dr hab. Dorota Czajkowska-Szczykowska \u2013 nauki chemiczne (chemia organiczna). Adiunkt w Katedrze Chemii Organicznej Uniwersytetu w Bia\u0142ymstoku; specjalizuje si\u0119 w chemii steroid\u00f3w i syntezie organicznej. Od pocz\u0105tku zwi\u0105zana z zespo\u0142em ...","og_url":"https:\/\/amu.pan.pl\/en\/dorota-czajkowska-szczykowska\/","og_site_name":"Akademia M\u0142odych Uczonych","article_publisher":"https:\/\/www.facebook.com\/AkademiaMlodychUczonych\/","article_modified_time":"2021-09-10T14:56:37+00:00","og_image":[{"width":600,"height":661,"url":"https:\/\/amu.pan.pl\/wp-content\/uploads\/2016\/12\/II_D.Czajkowska-Szczykowsk_foto.jpg","type":"image\/jpeg"}],"twitter_card":"summary_large_image","twitter_site":"@AMUPAN1","twitter_misc":{"Estimated reading time":"2 minutes"},"schema":{"@context":"https:\/\/schema.org","@graph":[{"@type":"WebPage","@id":"https:\/\/amu.pan.pl\/en\/dorota-czajkowska-szczykowska\/","url":"https:\/\/amu.pan.pl\/en\/dorota-czajkowska-szczykowska\/","name":"Dorota Czajkowska-Szczykowska - Akademia M\u0142odych Uczonych","isPartOf":{"@id":"https:\/\/amu.pan.pl\/#website"},"primaryImageOfPage":{"@id":"https:\/\/amu.pan.pl\/en\/dorota-czajkowska-szczykowska\/#primaryimage"},"image":{"@id":"https:\/\/amu.pan.pl\/en\/dorota-czajkowska-szczykowska\/#primaryimage"},"thumbnailUrl":"https:\/\/amu.pan.pl\/wp-content\/uploads\/2016\/12\/II_D.Czajkowska-Szczykowsk_foto.jpg","datePublished":"2016-12-06T08:51:35+00:00","dateModified":"2021-09-10T14:56:37+00:00","breadcrumb":{"@id":"https:\/\/amu.pan.pl\/en\/dorota-czajkowska-szczykowska\/#breadcrumb"},"inLanguage":"en-GB","potentialAction":[{"@type":"ReadAction","target":["https:\/\/amu.pan.pl\/en\/dorota-czajkowska-szczykowska\/"]}]},{"@type":"ImageObject","inLanguage":"en-GB","@id":"https:\/\/amu.pan.pl\/en\/dorota-czajkowska-szczykowska\/#primaryimage","url":"https:\/\/amu.pan.pl\/wp-content\/uploads\/2016\/12\/II_D.Czajkowska-Szczykowsk_foto.jpg","contentUrl":"https:\/\/amu.pan.pl\/wp-content\/uploads\/2016\/12\/II_D.Czajkowska-Szczykowsk_foto.jpg","width":600,"height":661},{"@type":"BreadcrumbList","@id":"https:\/\/amu.pan.pl\/en\/dorota-czajkowska-szczykowska\/#breadcrumb","itemListElement":[{"@type":"ListItem","position":1,"name":"Strona g\u0142\u00f3wna","item":"https:\/\/amu.pan.pl\/"},{"@type":"ListItem","position":2,"name":"Dorota Czajkowska-Szczykowska"}]},{"@type":"WebSite","@id":"https:\/\/amu.pan.pl\/#website","url":"https:\/\/amu.pan.pl\/","name":"Akademia M\u0142odych Uczonych","description":"Polska Akademia Nauk","publisher":{"@id":"https:\/\/amu.pan.pl\/#organization"},"potentialAction":[{"@type":"SearchAction","target":{"@type":"EntryPoint","urlTemplate":"https:\/\/amu.pan.pl\/?s={search_term_string}"},"query-input":{"@type":"PropertyValueSpecification","valueRequired":true,"valueName":"search_term_string"}}],"inLanguage":"en-GB"},{"@type":"Organization","@id":"https:\/\/amu.pan.pl\/#organization","name":"Akademia M\u0142odych Uczonych","url":"https:\/\/amu.pan.pl\/","logo":{"@type":"ImageObject","inLanguage":"en-GB","@id":"https:\/\/amu.pan.pl\/#\/schema\/logo\/image\/","url":"https:\/\/amu.pan.pl\/wp-content\/uploads\/2020\/08\/zz_amu.png","contentUrl":"https:\/\/amu.pan.pl\/wp-content\/uploads\/2020\/08\/zz_amu.png","width":2794,"height":1016,"caption":"Akademia M\u0142odych Uczonych"},"image":{"@id":"https:\/\/amu.pan.pl\/#\/schema\/logo\/image\/"},"sameAs":["https:\/\/www.facebook.com\/AkademiaMlodychUczonych\/","https:\/\/x.com\/AMUPAN1"]}]}},"_links":{"self":[{"href":"https:\/\/amu.pan.pl\/en\/wp-json\/wp\/v2\/pages\/177","targetHints":{"allow":["GET"]}}],"collection":[{"href":"https:\/\/amu.pan.pl\/en\/wp-json\/wp\/v2\/pages"}],"about":[{"href":"https:\/\/amu.pan.pl\/en\/wp-json\/wp\/v2\/types\/page"}],"author":[{"embeddable":true,"href":"https:\/\/amu.pan.pl\/en\/wp-json\/wp\/v2\/users\/2"}],"replies":[{"embeddable":true,"href":"https:\/\/amu.pan.pl\/en\/wp-json\/wp\/v2\/comments?post=177"}],"version-history":[{"count":2,"href":"https:\/\/amu.pan.pl\/en\/wp-json\/wp\/v2\/pages\/177\/revisions"}],"predecessor-version":[{"id":3805,"href":"https:\/\/amu.pan.pl\/en\/wp-json\/wp\/v2\/pages\/177\/revisions\/3805"}],"wp:featuredmedia":[{"embeddable":true,"href":"https:\/\/amu.pan.pl\/en\/wp-json\/wp\/v2\/media\/176"}],"wp:attachment":[{"href":"https:\/\/amu.pan.pl\/en\/wp-json\/wp\/v2\/media?parent=177"}],"curies":[{"name":"wp","href":"https:\/\/api.w.org\/{rel}","templated":true}]}}