{"id":183,"date":"2016-12-06T09:52:41","date_gmt":"2016-12-06T08:52:41","guid":{"rendered":"https:\/\/amu.pan.pl\/test\/2016\/12\/06\/piotr-kuswik\/"},"modified":"2020-10-02T23:57:30","modified_gmt":"2020-10-02T21:57:30","slug":"piotr-kuswik","status":"publish","type":"page","link":"https:\/\/amu.pan.pl\/en\/piotr-kuswik\/","title":{"rendered":"Piotr Ku\u015bwik"},"content":{"rendered":"<p>&nbsp;<\/p>\n<p><img fetchpriority=\"high\" decoding=\"async\" class=\"size-full wp-image-182\" src=\"https:\/\/amu.pan.pl\/wp-content\/uploads\/2016\/12\/III_P.Kuwik_foto_strona_AMU.jpg\" alt=\"\" style=\"display: block; margin-left: auto; margin-right: auto;\" width=\"500\" height=\"332\" srcset=\"https:\/\/amu.pan.pl\/wp-content\/uploads\/2016\/12\/III_P.Kuwik_foto_strona_AMU.jpg 500w, https:\/\/amu.pan.pl\/wp-content\/uploads\/2016\/12\/III_P.Kuwik_foto_strona_AMU-300x199.jpg 300w\" sizes=\"(max-width: 500px) 100vw, 500px\" \/><\/p>\n<p style=\"margin-top: 0cm; margin-right: 0cm; margin-bottom: 6pt; text-align: justify; line-height: 115%;\"><span style=\"font-size: 11pt; line-height: 115%; font-family: 'Calibri',sans-serif;\"><strong>Dr in\u017c. Piotr Ku\u015bwik<\/strong> is an assistant professor at the Institute of Molecular Physics of the Polish Academy of Sciences at the Department of Thin Layers. He obtained his master&#039;s degree in 2006 at the Faculty of Technical Physics of the Pozna\u0144 University of Technology, and defended his doctoral thesis in 2011 at the IFM PAN. His research interests concern thin-film magnetic systems in which the ferromagnetic layer is characterized by perpendicular anisotropy. In particular, he focuses on ways to modify the effective magnetic anisotropy in these systems. He completed a fifteen-month postdoctoral fellowship at Max-Planck-Institut f\u00fcr Mikrostrukturphysik, Halle. He also participated in many research internships at: University of Kassel (Germany), Dartmoth Colage, Hanover (USA), <\/span><span style=\"font-size: 11pt; line-height: 115%; font-family: 'Calibri',sans-serif;\">National Institutes of Natural Sciences Institute for Molecular Science, Okazaki (Japan). <\/span><span style=\"font-size: 11pt; line-height: 115%; font-family: 'Calibri',sans-serif;\"> <\/span><\/p>\n<p style=\"margin-bottom: 6pt; text-align: justify;\">In the years 2007-2010 he was a scholarship holder of the President of the Polish Academy of Sciences, and in subsequent years he received prestigious awards: the scientific award of the City of Pozna\u0144, Stefan Pie\u0144kowski, awarded by the Department of Exact Sciences and Geosciences of the Polish Academy of Sciences, START Scholarship of the Foundation for Polish Science.<\/p>\n<p style=\"margin-bottom: 0.0001pt; text-align: justify;\">He is the co-author of 27 publications and a chapter in a book. He published the results of his research in reputable scientific journals, such as Physical Review Letter, Physical Review B, Nanotechnology, Applied Physics Letters. He participated many times in domestic and foreign research projects. Currently, he is leading research under the grants of the Ministry of Science and Higher Education-DAAD and NCN SONATA BIS.<\/p>","protected":false},"excerpt":{"rendered":"<p>&nbsp; Dr in\u017c. Piotr Ku\u015bwik jest adiunktem w Instytucie Fizyki Molekularnej PAN w Zak\u0142adzie Cienkich Warstw. Tytu\u0142 magistra uzyska\u0142 w 2006 roku na Wydziale Fizyki Technicznej Politechniki Pozna\u0144skiej, natomiast prac\u0119 doktorsk\u0105 obroni\u0142 w 2011 roku w IFM PAN. Jego zainteresowania badawcze dotycz\u0105 cienkowarstwowych uk\u0142ad&oacute;w magnetycznych, w kt&oacute;rych warstwa ferromagnetyczna charakteryzuje si\u0119 anizotropi\u0105 prostopad\u0142\u0105. W szczeg&oacute;lno\u015bci&hellip;&nbsp;<a href=\"https:\/\/amu.pan.pl\/en\/piotr-kuswik\/\" rel=\"bookmark\">Read More &raquo;<span class=\"screen-reader-text\">Piotr Ku\u015bwik<\/span><\/a><\/p>","protected":false},"author":2,"featured_media":182,"parent":0,"menu_order":22,"comment_status":"open","ping_status":"open","template":"","meta":{"_monsterinsights_skip_tracking":false,"_monsterinsights_sitenote_active":false,"_monsterinsights_sitenote_note":"","_monsterinsights_sitenote_category":0,"neve_meta_sidebar":"","neve_meta_container":"","neve_meta_enable_content_width":"","neve_meta_content_width":0,"neve_meta_title_alignment":"","neve_meta_author_avatar":"","neve_post_elements_order":"","neve_meta_disable_header":"","neve_meta_disable_footer":"","neve_meta_disable_title":"","footnotes":""},"class_list":["post-183","page","type-page","status-publish","has-post-thumbnail","hentry"],"yoast_head":"<!-- This site is optimized with the Yoast SEO plugin v25.0 - https:\/\/yoast.com\/wordpress\/plugins\/seo\/ -->\n<title>Piotr Ku\u015bwik - Akademia M\u0142odych Uczonych<\/title>\n<meta name=\"robots\" content=\"index, follow, max-snippet:-1, max-image-preview:large, max-video-preview:-1\" \/>\n<link rel=\"canonical\" href=\"https:\/\/amu.pan.pl\/en\/piotr-kuswik\/\" \/>\n<meta property=\"og:locale\" content=\"en_GB\" \/>\n<meta property=\"og:type\" content=\"article\" \/>\n<meta property=\"og:title\" content=\"Piotr Ku\u015bwik - Akademia M\u0142odych Uczonych\" \/>\n<meta property=\"og:description\" content=\"&nbsp; Dr in\u017c. Piotr Ku\u015bwik jest adiunktem w Instytucie Fizyki Molekularnej PAN w Zak\u0142adzie Cienkich Warstw. Tytu\u0142 magistra uzyska\u0142 w 2006 roku na Wydziale Fizyki Technicznej Politechniki Pozna\u0144skiej, natomiast prac\u0119 doktorsk\u0105 obroni\u0142 w 2011 roku w IFM PAN. Jego zainteresowania badawcze dotycz\u0105 cienkowarstwowych uk\u0142ad&oacute;w magnetycznych, w kt&oacute;rych warstwa ferromagnetyczna charakteryzuje si\u0119 anizotropi\u0105 prostopad\u0142\u0105. W szczeg&oacute;lno\u015bci&hellip;&nbsp;Read More &raquo;Piotr Ku\u015bwik\" \/>\n<meta property=\"og:url\" content=\"https:\/\/amu.pan.pl\/en\/piotr-kuswik\/\" \/>\n<meta property=\"og:site_name\" content=\"Akademia M\u0142odych Uczonych\" \/>\n<meta property=\"article:publisher\" content=\"https:\/\/www.facebook.com\/AkademiaMlodychUczonych\/\" \/>\n<meta property=\"article:modified_time\" content=\"2020-10-02T21:57:30+00:00\" \/>\n<meta property=\"og:image\" content=\"https:\/\/amu.pan.pl\/wp-content\/uploads\/2016\/12\/III_P.Kuwik_foto_strona_AMU.jpg\" \/>\n\t<meta property=\"og:image:width\" content=\"500\" \/>\n\t<meta property=\"og:image:height\" content=\"332\" \/>\n\t<meta property=\"og:image:type\" content=\"image\/jpeg\" \/>\n<meta name=\"twitter:card\" content=\"summary_large_image\" \/>\n<meta name=\"twitter:site\" content=\"@AMUPAN1\" \/>\n<meta name=\"twitter:label1\" content=\"Estimated reading time\" \/>\n\t<meta name=\"twitter:data1\" content=\"1 minute\" \/>\n<script type=\"application\/ld+json\" class=\"yoast-schema-graph\">{\"@context\":\"https:\/\/schema.org\",\"@graph\":[{\"@type\":\"WebPage\",\"@id\":\"https:\/\/amu.pan.pl\/en\/piotr-kuswik\/\",\"url\":\"https:\/\/amu.pan.pl\/en\/piotr-kuswik\/\",\"name\":\"Piotr Ku\u015bwik - Akademia M\u0142odych Uczonych\",\"isPartOf\":{\"@id\":\"https:\/\/amu.pan.pl\/#website\"},\"primaryImageOfPage\":{\"@id\":\"https:\/\/amu.pan.pl\/en\/piotr-kuswik\/#primaryimage\"},\"image\":{\"@id\":\"https:\/\/amu.pan.pl\/en\/piotr-kuswik\/#primaryimage\"},\"thumbnailUrl\":\"https:\/\/amu.pan.pl\/wp-content\/uploads\/2016\/12\/III_P.Kuwik_foto_strona_AMU.jpg\",\"datePublished\":\"2016-12-06T08:52:41+00:00\",\"dateModified\":\"2020-10-02T21:57:30+00:00\",\"breadcrumb\":{\"@id\":\"https:\/\/amu.pan.pl\/en\/piotr-kuswik\/#breadcrumb\"},\"inLanguage\":\"en-GB\",\"potentialAction\":[{\"@type\":\"ReadAction\",\"target\":[\"https:\/\/amu.pan.pl\/en\/piotr-kuswik\/\"]}]},{\"@type\":\"ImageObject\",\"inLanguage\":\"en-GB\",\"@id\":\"https:\/\/amu.pan.pl\/en\/piotr-kuswik\/#primaryimage\",\"url\":\"https:\/\/amu.pan.pl\/wp-content\/uploads\/2016\/12\/III_P.Kuwik_foto_strona_AMU.jpg\",\"contentUrl\":\"https:\/\/amu.pan.pl\/wp-content\/uploads\/2016\/12\/III_P.Kuwik_foto_strona_AMU.jpg\",\"width\":500,\"height\":332},{\"@type\":\"BreadcrumbList\",\"@id\":\"https:\/\/amu.pan.pl\/en\/piotr-kuswik\/#breadcrumb\",\"itemListElement\":[{\"@type\":\"ListItem\",\"position\":1,\"name\":\"Strona g\u0142\u00f3wna\",\"item\":\"https:\/\/amu.pan.pl\/\"},{\"@type\":\"ListItem\",\"position\":2,\"name\":\"Piotr Ku\u015bwik\"}]},{\"@type\":\"WebSite\",\"@id\":\"https:\/\/amu.pan.pl\/#website\",\"url\":\"https:\/\/amu.pan.pl\/\",\"name\":\"Akademia M\u0142odych Uczonych\",\"description\":\"Polska Akademia Nauk\",\"publisher\":{\"@id\":\"https:\/\/amu.pan.pl\/#organization\"},\"potentialAction\":[{\"@type\":\"SearchAction\",\"target\":{\"@type\":\"EntryPoint\",\"urlTemplate\":\"https:\/\/amu.pan.pl\/?s={search_term_string}\"},\"query-input\":{\"@type\":\"PropertyValueSpecification\",\"valueRequired\":true,\"valueName\":\"search_term_string\"}}],\"inLanguage\":\"en-GB\"},{\"@type\":\"Organization\",\"@id\":\"https:\/\/amu.pan.pl\/#organization\",\"name\":\"Akademia M\u0142odych Uczonych\",\"url\":\"https:\/\/amu.pan.pl\/\",\"logo\":{\"@type\":\"ImageObject\",\"inLanguage\":\"en-GB\",\"@id\":\"https:\/\/amu.pan.pl\/#\/schema\/logo\/image\/\",\"url\":\"https:\/\/amu.pan.pl\/wp-content\/uploads\/2020\/08\/zz_amu.png\",\"contentUrl\":\"https:\/\/amu.pan.pl\/wp-content\/uploads\/2020\/08\/zz_amu.png\",\"width\":2794,\"height\":1016,\"caption\":\"Akademia M\u0142odych Uczonych\"},\"image\":{\"@id\":\"https:\/\/amu.pan.pl\/#\/schema\/logo\/image\/\"},\"sameAs\":[\"https:\/\/www.facebook.com\/AkademiaMlodychUczonych\/\",\"https:\/\/x.com\/AMUPAN1\"]}]}<\/script>\n<!-- \/ Yoast SEO plugin. -->","yoast_head_json":{"title":"Piotr Ku\u015bwik - Akademia M\u0142odych Uczonych","robots":{"index":"index","follow":"follow","max-snippet":"max-snippet:-1","max-image-preview":"max-image-preview:large","max-video-preview":"max-video-preview:-1"},"canonical":"https:\/\/amu.pan.pl\/en\/piotr-kuswik\/","og_locale":"en_GB","og_type":"article","og_title":"Piotr Ku\u015bwik - Akademia M\u0142odych Uczonych","og_description":"&nbsp; Dr in\u017c. Piotr Ku\u015bwik jest adiunktem w Instytucie Fizyki Molekularnej PAN w Zak\u0142adzie Cienkich Warstw. Tytu\u0142 magistra uzyska\u0142 w 2006 roku na Wydziale Fizyki Technicznej Politechniki Pozna\u0144skiej, natomiast prac\u0119 doktorsk\u0105 obroni\u0142 w 2011 roku w IFM PAN. Jego zainteresowania badawcze dotycz\u0105 cienkowarstwowych uk\u0142ad&oacute;w magnetycznych, w kt&oacute;rych warstwa ferromagnetyczna charakteryzuje si\u0119 anizotropi\u0105 prostopad\u0142\u0105. W szczeg&oacute;lno\u015bci&hellip;&nbsp;Read More &raquo;Piotr Ku\u015bwik","og_url":"https:\/\/amu.pan.pl\/en\/piotr-kuswik\/","og_site_name":"Akademia M\u0142odych Uczonych","article_publisher":"https:\/\/www.facebook.com\/AkademiaMlodychUczonych\/","article_modified_time":"2020-10-02T21:57:30+00:00","og_image":[{"width":500,"height":332,"url":"https:\/\/amu.pan.pl\/wp-content\/uploads\/2016\/12\/III_P.Kuwik_foto_strona_AMU.jpg","type":"image\/jpeg"}],"twitter_card":"summary_large_image","twitter_site":"@AMUPAN1","twitter_misc":{"Estimated reading time":"1 minute"},"schema":{"@context":"https:\/\/schema.org","@graph":[{"@type":"WebPage","@id":"https:\/\/amu.pan.pl\/en\/piotr-kuswik\/","url":"https:\/\/amu.pan.pl\/en\/piotr-kuswik\/","name":"Piotr Ku\u015bwik - Akademia M\u0142odych Uczonych","isPartOf":{"@id":"https:\/\/amu.pan.pl\/#website"},"primaryImageOfPage":{"@id":"https:\/\/amu.pan.pl\/en\/piotr-kuswik\/#primaryimage"},"image":{"@id":"https:\/\/amu.pan.pl\/en\/piotr-kuswik\/#primaryimage"},"thumbnailUrl":"https:\/\/amu.pan.pl\/wp-content\/uploads\/2016\/12\/III_P.Kuwik_foto_strona_AMU.jpg","datePublished":"2016-12-06T08:52:41+00:00","dateModified":"2020-10-02T21:57:30+00:00","breadcrumb":{"@id":"https:\/\/amu.pan.pl\/en\/piotr-kuswik\/#breadcrumb"},"inLanguage":"en-GB","potentialAction":[{"@type":"ReadAction","target":["https:\/\/amu.pan.pl\/en\/piotr-kuswik\/"]}]},{"@type":"ImageObject","inLanguage":"en-GB","@id":"https:\/\/amu.pan.pl\/en\/piotr-kuswik\/#primaryimage","url":"https:\/\/amu.pan.pl\/wp-content\/uploads\/2016\/12\/III_P.Kuwik_foto_strona_AMU.jpg","contentUrl":"https:\/\/amu.pan.pl\/wp-content\/uploads\/2016\/12\/III_P.Kuwik_foto_strona_AMU.jpg","width":500,"height":332},{"@type":"BreadcrumbList","@id":"https:\/\/amu.pan.pl\/en\/piotr-kuswik\/#breadcrumb","itemListElement":[{"@type":"ListItem","position":1,"name":"Strona g\u0142\u00f3wna","item":"https:\/\/amu.pan.pl\/"},{"@type":"ListItem","position":2,"name":"Piotr Ku\u015bwik"}]},{"@type":"WebSite","@id":"https:\/\/amu.pan.pl\/#website","url":"https:\/\/amu.pan.pl\/","name":"Akademia M\u0142odych Uczonych","description":"Polska Akademia Nauk","publisher":{"@id":"https:\/\/amu.pan.pl\/#organization"},"potentialAction":[{"@type":"SearchAction","target":{"@type":"EntryPoint","urlTemplate":"https:\/\/amu.pan.pl\/?s={search_term_string}"},"query-input":{"@type":"PropertyValueSpecification","valueRequired":true,"valueName":"search_term_string"}}],"inLanguage":"en-GB"},{"@type":"Organization","@id":"https:\/\/amu.pan.pl\/#organization","name":"Akademia M\u0142odych Uczonych","url":"https:\/\/amu.pan.pl\/","logo":{"@type":"ImageObject","inLanguage":"en-GB","@id":"https:\/\/amu.pan.pl\/#\/schema\/logo\/image\/","url":"https:\/\/amu.pan.pl\/wp-content\/uploads\/2020\/08\/zz_amu.png","contentUrl":"https:\/\/amu.pan.pl\/wp-content\/uploads\/2020\/08\/zz_amu.png","width":2794,"height":1016,"caption":"Akademia M\u0142odych Uczonych"},"image":{"@id":"https:\/\/amu.pan.pl\/#\/schema\/logo\/image\/"},"sameAs":["https:\/\/www.facebook.com\/AkademiaMlodychUczonych\/","https:\/\/x.com\/AMUPAN1"]}]}},"_links":{"self":[{"href":"https:\/\/amu.pan.pl\/en\/wp-json\/wp\/v2\/pages\/183","targetHints":{"allow":["GET"]}}],"collection":[{"href":"https:\/\/amu.pan.pl\/en\/wp-json\/wp\/v2\/pages"}],"about":[{"href":"https:\/\/amu.pan.pl\/en\/wp-json\/wp\/v2\/types\/page"}],"author":[{"embeddable":true,"href":"https:\/\/amu.pan.pl\/en\/wp-json\/wp\/v2\/users\/2"}],"replies":[{"embeddable":true,"href":"https:\/\/amu.pan.pl\/en\/wp-json\/wp\/v2\/comments?post=183"}],"version-history":[{"count":0,"href":"https:\/\/amu.pan.pl\/en\/wp-json\/wp\/v2\/pages\/183\/revisions"}],"wp:featuredmedia":[{"embeddable":true,"href":"https:\/\/amu.pan.pl\/en\/wp-json\/wp\/v2\/media\/182"}],"wp:attachment":[{"href":"https:\/\/amu.pan.pl\/en\/wp-json\/wp\/v2\/media?parent=183"}],"curies":[{"name":"wp","href":"https:\/\/api.w.org\/{rel}","templated":true}]}}