{"id":184,"date":"2016-12-06T09:52:57","date_gmt":"2016-12-06T08:52:57","guid":{"rendered":"https:\/\/amu.pan.pl\/test\/2016\/12\/06\/karol-palka\/"},"modified":"2021-09-21T23:29:52","modified_gmt":"2021-09-21T21:29:52","slug":"karol-palka","status":"publish","type":"page","link":"https:\/\/amu.pan.pl\/en\/karol-palka\/","title":{"rendered":"Karol Palka"},"content":{"rendered":"<p><img fetchpriority=\"high\" decoding=\"async\" class=\"size-full wp-image-6\" style=\"display: block; margin-left: auto; margin-right: auto;\" src=\"https:\/\/amu.pan.pl\/wp-content\/uploads\/2013\/11\/K_Palka.jpg\" alt=\"\" width=\"276\" height=\"276\" srcset=\"https:\/\/amu.pan.pl\/wp-content\/uploads\/2013\/11\/K_Palka.jpg 1037w, https:\/\/amu.pan.pl\/wp-content\/uploads\/2013\/11\/K_Palka-300x300.jpg 300w, https:\/\/amu.pan.pl\/wp-content\/uploads\/2013\/11\/K_Palka-1024x1024.jpg 1024w, https:\/\/amu.pan.pl\/wp-content\/uploads\/2013\/11\/K_Palka-150x150.jpg 150w, https:\/\/amu.pan.pl\/wp-content\/uploads\/2013\/11\/K_Palka-768x768.jpg 768w, https:\/\/amu.pan.pl\/wp-content\/uploads\/2013\/11\/K_Palka-12x12.jpg 12w\" sizes=\"(max-width: 276px) 100vw, 276px\" \/><\/p>\n<p style=\"text-align: justify;\">Dr hab. <strong>Karol Andrzej Palka<\/strong>, profesor Instytutu Matematycznego Polskiej Akademii Nauk, Przewodnicz\u0105cy Akademii M\u0142odych Uczonych PAN w kadencji XI.2019 &#8211; XII.2021. Na Wydziale Matematyki Informatyki i Mechaniki Uniwersytetu Warszawskiego uzyska\u0142 stopie\u0144 magistra (2004) i doktora nauk matematycznych (2009) a na Wydziale Fizyki UW stopie\u0144 magistra fizyki (2010). Pracowa\u0142 na sta\u017cu na McGill University, Universit\u00e9 du Qu\u00e9bec \u00e0 Montr\u00e9al oraz na Concordia University w Kanadzie.<\/p>\n<p style=\"text-align: justify;\">Specjalizuje si\u0119 w geometrii algebraicznej. Jego badania koncentruj\u0105 si\u0119 na teorii otwartych rozmaito\u015bci zespolonych, ich osobliwo\u015bciach, brzegach w niesko\u0144czono\u015bci, zanurzeniach i symetriach. Metody stworzone przez dra Palk\u0119 i jego wsp\u00f3\u0142pracownik\u00f3w doprowadzi\u0142y do znalezienia kontrprzyk\u0142ad\u00f3w na uog\u00f3lnion\u0105 Hipotez\u0119 Jakobianow\u0105 oraz do rozwi\u0105zania wa\u017cnych hipotez dotycz\u0105cych geometrii p\u0142aszczyzny zespolonej (hipoteza Coolidge\u2019a-Nagaty ~1960, hipoteza Zaidenberga 1994). Interesuje si\u0119 zwi\u0105zkami algebry i geometrii oraz geometrycznymi ideami kwantowych teorii pola.\u00a0<\/p>\n<p style=\"text-align: justify;\">Dr hab. Palka is a beneficiary of the programs of the Foundation for Polish Science (Homing Plus), the National Science Centre (Sonata, Sonata Bis) and the Ministry of Science and Higher Education (scholarship for outstanding young scientists, Iuventus Plus). Since 2016, he is a member of the Polish Young Academy of the Polish Academy of Sciences, the Committee of Mathematics of the Polish Academy of Sciences and the Committee of Physics of the Polish Academy of Sciences.<\/p>\n<p style=\"text-align: justify;\">W 2017 roku dr Palka zosta\u0142 uhonorowany przez Wydzia\u0142 Nauk \u015acis\u0142ych i Nauk o Ziemi PAN Nagrod\u0105 Naukow\u0105 im. Wac\u0142awa Sierpi\u0144skiego w dziedzinie matematyki \u201eZa uog\u00f3lnienie teorii modeli niemal minimalnych i jego zastosowanie do dowodu hipotezy Coolidge\u2019a-Nagaty\u201d. Wypromowa\u0142 jednego doktora i trzech magistr\u00f3w.<\/p>\n<p style=\"text-align: justify;\">More information: <a href=\"https:\/\/www.impan.pl\/~palka\/\">https:\/\/www.impan.pl\/~palka\/<\/a>.<\/p>\n\n\n<p><\/p>","protected":false},"excerpt":{"rendered":"<p>Dr hab. Karol Andrzej Palka, profesor Instytutu Matematycznego Polskiej Akademii Nauk, Przewodnicz\u0105cy Akademii M\u0142odych Uczonych PAN w kadencji XI.2019 &#8211; XII.2021. Na Wydziale Matematyki Informatyki i Mechaniki Uniwersytetu Warszawskiego uzyska\u0142 stopie\u0144 magistra (2004) i doktora nauk matematycznych (2009) a na Wydziale Fizyki UW stopie\u0144 magistra fizyki (2010). Pracowa\u0142 na sta\u017cu na McGill University, Universit\u00e9 du&hellip;&nbsp;<a href=\"https:\/\/amu.pan.pl\/en\/karol-palka\/\" rel=\"bookmark\">Read More &raquo;<span class=\"screen-reader-text\">Karol Palka<\/span><\/a><\/p>","protected":false},"author":2,"featured_media":6,"parent":0,"menu_order":20,"comment_status":"open","ping_status":"open","template":"","meta":{"_monsterinsights_skip_tracking":false,"_monsterinsights_sitenote_active":false,"_monsterinsights_sitenote_note":"","_monsterinsights_sitenote_category":0,"neve_meta_sidebar":"","neve_meta_container":"","neve_meta_enable_content_width":"","neve_meta_content_width":0,"neve_meta_title_alignment":"","neve_meta_author_avatar":"","neve_post_elements_order":"","neve_meta_disable_header":"","neve_meta_disable_footer":"","neve_meta_disable_title":"","footnotes":""},"class_list":["post-184","page","type-page","status-publish","has-post-thumbnail","hentry"],"yoast_head":"<!-- This site is optimized with the Yoast SEO plugin v25.0 - https:\/\/yoast.com\/wordpress\/plugins\/seo\/ -->\n<title>Karol Palka - Akademia M\u0142odych Uczonych<\/title>\n<meta name=\"description\" content=\"Dr hab. Karol Andrzej Palka, profesor Instytutu Matematycznego Polskiej Akademii Nauk, Przewodnicz\u0105cy Akademii M\u0142odych Uczonych PAN.\" \/>\n<meta name=\"robots\" content=\"index, follow, max-snippet:-1, max-image-preview:large, max-video-preview:-1\" \/>\n<link rel=\"canonical\" href=\"https:\/\/amu.pan.pl\/en\/karol-palka\/\" \/>\n<meta property=\"og:locale\" content=\"en_GB\" \/>\n<meta property=\"og:type\" content=\"article\" \/>\n<meta property=\"og:title\" content=\"Karol Palka - Akademia M\u0142odych Uczonych\" \/>\n<meta property=\"og:description\" content=\"Dr hab. Karol Andrzej Palka, profesor Instytutu Matematycznego Polskiej Akademii Nauk, Przewodnicz\u0105cy Akademii M\u0142odych Uczonych PAN.\" \/>\n<meta property=\"og:url\" content=\"https:\/\/amu.pan.pl\/en\/karol-palka\/\" \/>\n<meta property=\"og:site_name\" content=\"Akademia M\u0142odych Uczonych\" \/>\n<meta property=\"article:publisher\" content=\"https:\/\/www.facebook.com\/AkademiaMlodychUczonych\/\" \/>\n<meta property=\"article:modified_time\" content=\"2021-09-21T21:29:52+00:00\" \/>\n<meta property=\"og:image\" content=\"https:\/\/amu.pan.pl\/wp-content\/uploads\/2013\/11\/K_Palka.jpg\" \/>\n\t<meta property=\"og:image:width\" content=\"1037\" \/>\n\t<meta property=\"og:image:height\" content=\"1037\" \/>\n\t<meta property=\"og:image:type\" content=\"image\/jpeg\" \/>\n<meta name=\"twitter:card\" content=\"summary_large_image\" \/>\n<meta name=\"twitter:site\" content=\"@AMUPAN1\" \/>\n<meta name=\"twitter:label1\" content=\"Estimated reading time\" \/>\n\t<meta name=\"twitter:data1\" content=\"2 minutes\" \/>\n<script type=\"application\/ld+json\" class=\"yoast-schema-graph\">{\"@context\":\"https:\/\/schema.org\",\"@graph\":[{\"@type\":\"WebPage\",\"@id\":\"https:\/\/amu.pan.pl\/en\/karol-palka\/\",\"url\":\"https:\/\/amu.pan.pl\/en\/karol-palka\/\",\"name\":\"Karol Palka - Akademia M\u0142odych Uczonych\",\"isPartOf\":{\"@id\":\"https:\/\/amu.pan.pl\/#website\"},\"primaryImageOfPage\":{\"@id\":\"https:\/\/amu.pan.pl\/en\/karol-palka\/#primaryimage\"},\"image\":{\"@id\":\"https:\/\/amu.pan.pl\/en\/karol-palka\/#primaryimage\"},\"thumbnailUrl\":\"https:\/\/amu.pan.pl\/wp-content\/uploads\/2013\/11\/K_Palka.jpg\",\"datePublished\":\"2016-12-06T08:52:57+00:00\",\"dateModified\":\"2021-09-21T21:29:52+00:00\",\"description\":\"Dr hab. Karol Andrzej Palka, profesor Instytutu Matematycznego Polskiej Akademii Nauk, Przewodnicz\u0105cy Akademii M\u0142odych Uczonych PAN.\",\"breadcrumb\":{\"@id\":\"https:\/\/amu.pan.pl\/en\/karol-palka\/#breadcrumb\"},\"inLanguage\":\"en-GB\",\"potentialAction\":[{\"@type\":\"ReadAction\",\"target\":[\"https:\/\/amu.pan.pl\/en\/karol-palka\/\"]}]},{\"@type\":\"ImageObject\",\"inLanguage\":\"en-GB\",\"@id\":\"https:\/\/amu.pan.pl\/en\/karol-palka\/#primaryimage\",\"url\":\"https:\/\/amu.pan.pl\/wp-content\/uploads\/2013\/11\/K_Palka.jpg\",\"contentUrl\":\"https:\/\/amu.pan.pl\/wp-content\/uploads\/2013\/11\/K_Palka.jpg\",\"width\":1037,\"height\":1037},{\"@type\":\"BreadcrumbList\",\"@id\":\"https:\/\/amu.pan.pl\/en\/karol-palka\/#breadcrumb\",\"itemListElement\":[{\"@type\":\"ListItem\",\"position\":1,\"name\":\"Strona g\u0142\u00f3wna\",\"item\":\"https:\/\/amu.pan.pl\/\"},{\"@type\":\"ListItem\",\"position\":2,\"name\":\"Karol Palka\"}]},{\"@type\":\"WebSite\",\"@id\":\"https:\/\/amu.pan.pl\/#website\",\"url\":\"https:\/\/amu.pan.pl\/\",\"name\":\"Akademia M\u0142odych Uczonych\",\"description\":\"Polska Akademia Nauk\",\"publisher\":{\"@id\":\"https:\/\/amu.pan.pl\/#organization\"},\"potentialAction\":[{\"@type\":\"SearchAction\",\"target\":{\"@type\":\"EntryPoint\",\"urlTemplate\":\"https:\/\/amu.pan.pl\/?s={search_term_string}\"},\"query-input\":{\"@type\":\"PropertyValueSpecification\",\"valueRequired\":true,\"valueName\":\"search_term_string\"}}],\"inLanguage\":\"en-GB\"},{\"@type\":\"Organization\",\"@id\":\"https:\/\/amu.pan.pl\/#organization\",\"name\":\"Akademia M\u0142odych Uczonych\",\"url\":\"https:\/\/amu.pan.pl\/\",\"logo\":{\"@type\":\"ImageObject\",\"inLanguage\":\"en-GB\",\"@id\":\"https:\/\/amu.pan.pl\/#\/schema\/logo\/image\/\",\"url\":\"https:\/\/amu.pan.pl\/wp-content\/uploads\/2020\/08\/zz_amu.png\",\"contentUrl\":\"https:\/\/amu.pan.pl\/wp-content\/uploads\/2020\/08\/zz_amu.png\",\"width\":2794,\"height\":1016,\"caption\":\"Akademia M\u0142odych Uczonych\"},\"image\":{\"@id\":\"https:\/\/amu.pan.pl\/#\/schema\/logo\/image\/\"},\"sameAs\":[\"https:\/\/www.facebook.com\/AkademiaMlodychUczonych\/\",\"https:\/\/x.com\/AMUPAN1\"]}]}<\/script>\n<!-- \/ Yoast SEO plugin. -->","yoast_head_json":{"title":"Karol Palka - Akademia M\u0142odych Uczonych","description":"Dr hab. Karol Andrzej Palka, profesor Instytutu Matematycznego Polskiej Akademii Nauk, Przewodnicz\u0105cy Akademii M\u0142odych Uczonych PAN.","robots":{"index":"index","follow":"follow","max-snippet":"max-snippet:-1","max-image-preview":"max-image-preview:large","max-video-preview":"max-video-preview:-1"},"canonical":"https:\/\/amu.pan.pl\/en\/karol-palka\/","og_locale":"en_GB","og_type":"article","og_title":"Karol Palka - Akademia M\u0142odych Uczonych","og_description":"Dr hab. Karol Andrzej Palka, profesor Instytutu Matematycznego Polskiej Akademii Nauk, Przewodnicz\u0105cy Akademii M\u0142odych Uczonych PAN.","og_url":"https:\/\/amu.pan.pl\/en\/karol-palka\/","og_site_name":"Akademia M\u0142odych Uczonych","article_publisher":"https:\/\/www.facebook.com\/AkademiaMlodychUczonych\/","article_modified_time":"2021-09-21T21:29:52+00:00","og_image":[{"width":1037,"height":1037,"url":"https:\/\/amu.pan.pl\/wp-content\/uploads\/2013\/11\/K_Palka.jpg","type":"image\/jpeg"}],"twitter_card":"summary_large_image","twitter_site":"@AMUPAN1","twitter_misc":{"Estimated reading time":"2 minutes"},"schema":{"@context":"https:\/\/schema.org","@graph":[{"@type":"WebPage","@id":"https:\/\/amu.pan.pl\/en\/karol-palka\/","url":"https:\/\/amu.pan.pl\/en\/karol-palka\/","name":"Karol Palka - Akademia M\u0142odych Uczonych","isPartOf":{"@id":"https:\/\/amu.pan.pl\/#website"},"primaryImageOfPage":{"@id":"https:\/\/amu.pan.pl\/en\/karol-palka\/#primaryimage"},"image":{"@id":"https:\/\/amu.pan.pl\/en\/karol-palka\/#primaryimage"},"thumbnailUrl":"https:\/\/amu.pan.pl\/wp-content\/uploads\/2013\/11\/K_Palka.jpg","datePublished":"2016-12-06T08:52:57+00:00","dateModified":"2021-09-21T21:29:52+00:00","description":"Dr hab. Karol Andrzej Palka, profesor Instytutu Matematycznego Polskiej Akademii Nauk, Przewodnicz\u0105cy Akademii M\u0142odych Uczonych PAN.","breadcrumb":{"@id":"https:\/\/amu.pan.pl\/en\/karol-palka\/#breadcrumb"},"inLanguage":"en-GB","potentialAction":[{"@type":"ReadAction","target":["https:\/\/amu.pan.pl\/en\/karol-palka\/"]}]},{"@type":"ImageObject","inLanguage":"en-GB","@id":"https:\/\/amu.pan.pl\/en\/karol-palka\/#primaryimage","url":"https:\/\/amu.pan.pl\/wp-content\/uploads\/2013\/11\/K_Palka.jpg","contentUrl":"https:\/\/amu.pan.pl\/wp-content\/uploads\/2013\/11\/K_Palka.jpg","width":1037,"height":1037},{"@type":"BreadcrumbList","@id":"https:\/\/amu.pan.pl\/en\/karol-palka\/#breadcrumb","itemListElement":[{"@type":"ListItem","position":1,"name":"Strona g\u0142\u00f3wna","item":"https:\/\/amu.pan.pl\/"},{"@type":"ListItem","position":2,"name":"Karol Palka"}]},{"@type":"WebSite","@id":"https:\/\/amu.pan.pl\/#website","url":"https:\/\/amu.pan.pl\/","name":"Akademia M\u0142odych Uczonych","description":"Polska Akademia Nauk","publisher":{"@id":"https:\/\/amu.pan.pl\/#organization"},"potentialAction":[{"@type":"SearchAction","target":{"@type":"EntryPoint","urlTemplate":"https:\/\/amu.pan.pl\/?s={search_term_string}"},"query-input":{"@type":"PropertyValueSpecification","valueRequired":true,"valueName":"search_term_string"}}],"inLanguage":"en-GB"},{"@type":"Organization","@id":"https:\/\/amu.pan.pl\/#organization","name":"Akademia M\u0142odych Uczonych","url":"https:\/\/amu.pan.pl\/","logo":{"@type":"ImageObject","inLanguage":"en-GB","@id":"https:\/\/amu.pan.pl\/#\/schema\/logo\/image\/","url":"https:\/\/amu.pan.pl\/wp-content\/uploads\/2020\/08\/zz_amu.png","contentUrl":"https:\/\/amu.pan.pl\/wp-content\/uploads\/2020\/08\/zz_amu.png","width":2794,"height":1016,"caption":"Akademia M\u0142odych Uczonych"},"image":{"@id":"https:\/\/amu.pan.pl\/#\/schema\/logo\/image\/"},"sameAs":["https:\/\/www.facebook.com\/AkademiaMlodychUczonych\/","https:\/\/x.com\/AMUPAN1"]}]}},"_links":{"self":[{"href":"https:\/\/amu.pan.pl\/en\/wp-json\/wp\/v2\/pages\/184","targetHints":{"allow":["GET"]}}],"collection":[{"href":"https:\/\/amu.pan.pl\/en\/wp-json\/wp\/v2\/pages"}],"about":[{"href":"https:\/\/amu.pan.pl\/en\/wp-json\/wp\/v2\/types\/page"}],"author":[{"embeddable":true,"href":"https:\/\/amu.pan.pl\/en\/wp-json\/wp\/v2\/users\/2"}],"replies":[{"embeddable":true,"href":"https:\/\/amu.pan.pl\/en\/wp-json\/wp\/v2\/comments?post=184"}],"version-history":[{"count":4,"href":"https:\/\/amu.pan.pl\/en\/wp-json\/wp\/v2\/pages\/184\/revisions"}],"predecessor-version":[{"id":3815,"href":"https:\/\/amu.pan.pl\/en\/wp-json\/wp\/v2\/pages\/184\/revisions\/3815"}],"wp:featuredmedia":[{"embeddable":true,"href":"https:\/\/amu.pan.pl\/en\/wp-json\/wp\/v2\/media\/6"}],"wp:attachment":[{"href":"https:\/\/amu.pan.pl\/en\/wp-json\/wp\/v2\/media?parent=184"}],"curies":[{"name":"wp","href":"https:\/\/api.w.org\/{rel}","templated":true}]}}