{"id":186,"date":"2016-12-06T09:53:28","date_gmt":"2016-12-06T08:53:28","guid":{"rendered":"https:\/\/amu.pan.pl\/test\/2016\/12\/06\/anna-fabijanska\/"},"modified":"2020-10-02T23:57:30","modified_gmt":"2020-10-02T21:57:30","slug":"anna-fabijanska","status":"publish","type":"page","link":"https:\/\/amu.pan.pl\/en\/anna-fabijanska\/","title":{"rendered":"Anna Fabija\u0144ska"},"content":{"rendered":"<p><!-- [if gte mso 9]><xml>  <o:OfficeDocumentSettings>   <o:AllowPNG\/>  <\/o:OfficeDocumentSettings> <\/xml><![endif]--> <\/p>\n<p>&nbsp;<\/p>\n<p><img fetchpriority=\"high\" decoding=\"async\" class=\"size-full wp-image-185\" src=\"https:\/\/amu.pan.pl\/wp-content\/uploads\/2016\/12\/IV_A.Fabijaska.jpg\" alt=\"\" width=\"287\" height=\"263\" style=\"display: block; margin-left: auto; margin-right: auto;\" srcset=\"https:\/\/amu.pan.pl\/wp-content\/uploads\/2016\/12\/IV_A.Fabijaska.jpg 950w, https:\/\/amu.pan.pl\/wp-content\/uploads\/2016\/12\/IV_A.Fabijaska-300x275.jpg 300w, https:\/\/amu.pan.pl\/wp-content\/uploads\/2016\/12\/IV_A.Fabijaska-768x705.jpg 768w\" sizes=\"(max-width: 287px) 100vw, 287px\" \/><\/p>\n<p class=\"MsoNormal\" style=\"text-align: justify; line-height: normal;\"><span style=\"font-size: 12.0pt; font-family: 'Cambria',serif;\"><strong>Dr hab. Eng. Anna Fabija\u0144ska<\/strong> (born 1982) represents the field of technical sciences and the discipline of computer science. He works as an associate professor at the Institute of Applied Computer Science at the Faculty of Electrical Engineering, Electronics, Computer Science and Automation (EEIiA) of the Lodz University of Technology.<\/span><\/p>\n<p class=\"MsoNormal\" style=\"text-align: justify; line-height: normal;\"><span style=\"font-size: 12.0pt; font-family: 'Cambria',serif;\">She is a graduate of MA studies in computer science at the EEIiA Faculty of the Lodz University of Technology, which she graduated in 2006. She obtained the degrees of doctor of technical sciences and habilitated doctor of technical sciences in the field of computer science in 2007 and 2013, respectively, also at the Faculty of EEIiA Lodz University of Technology. <span style=\"mso-spacerun: yes;\"><\/span>She also gained scientific experience at renowned foreign universities, incl. at the University of Kent in Great Britain and Universit\u00e9 Claude Bernard Lyon 1 in France.<\/span><\/p>\n<p class=\"MsoNormal\" style=\"text-align: justify;\"><span style=\"font-size: 12.0pt; line-height: 107%; font-family: 'Cambria',serif;\">Research interests of dr hab. Eng. Anna Fabija\u0144ska concern computer processing and analysis of digital images and neural networks. In particular, they focus on the development of computer-aided medical diagnostic imaging methods and dedicated methods of automatic image analysis for industrial and scientific applications.<span style=\"mso-spacerun: yes;\">&nbsp; <\/span>His achievements to date in the above-mentioned dr hab. Eng. Anna Fabija\u0144ska summed up in her habilitation dissertation prepared under a grant awarded by the Ministry of Science and Higher Education for 2010-2012 and in over 100 scientific publications, including a dozen included in the JCR. <\/span><\/p>\n<p class=\"MsoNormal\" style=\"text-align: justify;\"><span style=\"font-size: 12.0pt; line-height: 107%; font-family: 'Cambria',serif;\">She is also a laureate of many prestigious competitions, including: a scholarship of the Ministry of Science and Higher Education as part of the program for outstanding young scientists in 2013-2016, a scholarship holder of the START program of the Foundation for Polish Science in 2011 and a grant manager under the Iuventus Plus project in 2013-2015. She has also received the awards of the Rector of the Lodz University of Technology many times, including the award for the youngest first author of a scientific publication from the Philadelphia List and a professor&#039;s scholarship. <\/span><\/p>\n<p class=\"MsoNormal\"><span style=\"font-size: 12.0pt; line-height: 107%; font-family: 'Cambria',serif;\">More information at: <\/span><a href=\"http:\/\/an-fab.iis.p.lodz.pl\/\"><span style=\"font-size: 12.0pt; line-height: 107%; font-family: 'Cambria',serif;\">an-fab.iis.p.lodz.pl<\/span><\/a><span style=\"font-size: 12.0pt; line-height: 107%; font-family: 'Cambria',serif;\"> <\/span><\/p>","protected":false},"excerpt":{"rendered":"<p>&nbsp; Dr hab. in\u017c. Anna Fabija\u0144ska (ur. 1982 r.) reprezentuje dziedzin\u0119 nauk technicznych oraz dyscyplin\u0119 informatyka. Pracuje na stanowisku profesora nadzwyczajnego w Instytucie Informatyki Stosowanej na Wydziale Elektrotechniki, Elektroniki, Informatyki i&nbsp;Automatyki (EEIiA) Politechniki \u0141&oacute;dzkiej. Jest absolwentk\u0105 studi&oacute;w magisterskich na kierunku informatyka na Wydziale EEIiA Politechniki \u0141&oacute;dzkiej, kt&oacute;re uko\u0144czy\u0142a w 2006 r. Stopnie doktora nauk technicznych&hellip;&nbsp;<a href=\"https:\/\/amu.pan.pl\/en\/anna-fabijanska\/\" rel=\"bookmark\">Read More &raquo;<span class=\"screen-reader-text\">Anna Fabija\u0144ska<\/span><\/a><\/p>","protected":false},"author":2,"featured_media":185,"parent":0,"menu_order":15,"comment_status":"open","ping_status":"open","template":"","meta":{"_monsterinsights_skip_tracking":false,"_monsterinsights_sitenote_active":false,"_monsterinsights_sitenote_note":"","_monsterinsights_sitenote_category":0,"neve_meta_sidebar":"","neve_meta_container":"","neve_meta_enable_content_width":"","neve_meta_content_width":0,"neve_meta_title_alignment":"","neve_meta_author_avatar":"","neve_post_elements_order":"","neve_meta_disable_header":"","neve_meta_disable_footer":"","neve_meta_disable_title":"","footnotes":""},"class_list":["post-186","page","type-page","status-publish","has-post-thumbnail","hentry"],"yoast_head":"<!-- This site is optimized with the Yoast SEO plugin v25.0 - https:\/\/yoast.com\/wordpress\/plugins\/seo\/ -->\n<title>Anna Fabija\u0144ska - Akademia M\u0142odych Uczonych<\/title>\n<meta name=\"robots\" content=\"index, follow, max-snippet:-1, max-image-preview:large, max-video-preview:-1\" \/>\n<link rel=\"canonical\" href=\"https:\/\/amu.pan.pl\/en\/anna-fabijanska\/\" \/>\n<meta property=\"og:locale\" content=\"en_GB\" \/>\n<meta property=\"og:type\" content=\"article\" \/>\n<meta property=\"og:title\" content=\"Anna Fabija\u0144ska - Akademia M\u0142odych Uczonych\" \/>\n<meta property=\"og:description\" content=\"&nbsp; Dr hab. in\u017c. Anna Fabija\u0144ska (ur. 1982 r.) reprezentuje dziedzin\u0119 nauk technicznych oraz dyscyplin\u0119 informatyka. Pracuje na stanowisku profesora nadzwyczajnego w Instytucie Informatyki Stosowanej na Wydziale Elektrotechniki, Elektroniki, Informatyki i&nbsp;Automatyki (EEIiA) Politechniki \u0141&oacute;dzkiej. Jest absolwentk\u0105 studi&oacute;w magisterskich na kierunku informatyka na Wydziale EEIiA Politechniki \u0141&oacute;dzkiej, kt&oacute;re uko\u0144czy\u0142a w 2006 r. Stopnie doktora nauk technicznych&hellip;&nbsp;Read More &raquo;Anna Fabija\u0144ska\" \/>\n<meta property=\"og:url\" content=\"https:\/\/amu.pan.pl\/en\/anna-fabijanska\/\" \/>\n<meta property=\"og:site_name\" content=\"Akademia M\u0142odych Uczonych\" \/>\n<meta property=\"article:publisher\" content=\"https:\/\/www.facebook.com\/AkademiaMlodychUczonych\/\" \/>\n<meta property=\"article:modified_time\" content=\"2020-10-02T21:57:30+00:00\" \/>\n<meta property=\"og:image\" content=\"https:\/\/amu.pan.pl\/wp-content\/uploads\/2016\/12\/IV_A.Fabijaska.jpg\" \/>\n\t<meta property=\"og:image:width\" content=\"950\" \/>\n\t<meta property=\"og:image:height\" content=\"872\" \/>\n\t<meta property=\"og:image:type\" content=\"image\/jpeg\" \/>\n<meta name=\"twitter:card\" content=\"summary_large_image\" \/>\n<meta name=\"twitter:site\" content=\"@AMUPAN1\" \/>\n<meta name=\"twitter:label1\" content=\"Estimated reading time\" \/>\n\t<meta name=\"twitter:data1\" content=\"1 minute\" \/>\n<script type=\"application\/ld+json\" class=\"yoast-schema-graph\">{\"@context\":\"https:\/\/schema.org\",\"@graph\":[{\"@type\":\"WebPage\",\"@id\":\"https:\/\/amu.pan.pl\/en\/anna-fabijanska\/\",\"url\":\"https:\/\/amu.pan.pl\/en\/anna-fabijanska\/\",\"name\":\"Anna Fabija\u0144ska - Akademia M\u0142odych Uczonych\",\"isPartOf\":{\"@id\":\"https:\/\/amu.pan.pl\/#website\"},\"primaryImageOfPage\":{\"@id\":\"https:\/\/amu.pan.pl\/en\/anna-fabijanska\/#primaryimage\"},\"image\":{\"@id\":\"https:\/\/amu.pan.pl\/en\/anna-fabijanska\/#primaryimage\"},\"thumbnailUrl\":\"https:\/\/amu.pan.pl\/wp-content\/uploads\/2016\/12\/IV_A.Fabijaska.jpg\",\"datePublished\":\"2016-12-06T08:53:28+00:00\",\"dateModified\":\"2020-10-02T21:57:30+00:00\",\"breadcrumb\":{\"@id\":\"https:\/\/amu.pan.pl\/en\/anna-fabijanska\/#breadcrumb\"},\"inLanguage\":\"en-GB\",\"potentialAction\":[{\"@type\":\"ReadAction\",\"target\":[\"https:\/\/amu.pan.pl\/en\/anna-fabijanska\/\"]}]},{\"@type\":\"ImageObject\",\"inLanguage\":\"en-GB\",\"@id\":\"https:\/\/amu.pan.pl\/en\/anna-fabijanska\/#primaryimage\",\"url\":\"https:\/\/amu.pan.pl\/wp-content\/uploads\/2016\/12\/IV_A.Fabijaska.jpg\",\"contentUrl\":\"https:\/\/amu.pan.pl\/wp-content\/uploads\/2016\/12\/IV_A.Fabijaska.jpg\",\"width\":950,\"height\":872},{\"@type\":\"BreadcrumbList\",\"@id\":\"https:\/\/amu.pan.pl\/en\/anna-fabijanska\/#breadcrumb\",\"itemListElement\":[{\"@type\":\"ListItem\",\"position\":1,\"name\":\"Strona g\u0142\u00f3wna\",\"item\":\"https:\/\/amu.pan.pl\/\"},{\"@type\":\"ListItem\",\"position\":2,\"name\":\"Anna Fabija\u0144ska\"}]},{\"@type\":\"WebSite\",\"@id\":\"https:\/\/amu.pan.pl\/#website\",\"url\":\"https:\/\/amu.pan.pl\/\",\"name\":\"Akademia M\u0142odych Uczonych\",\"description\":\"Polska Akademia Nauk\",\"publisher\":{\"@id\":\"https:\/\/amu.pan.pl\/#organization\"},\"potentialAction\":[{\"@type\":\"SearchAction\",\"target\":{\"@type\":\"EntryPoint\",\"urlTemplate\":\"https:\/\/amu.pan.pl\/?s={search_term_string}\"},\"query-input\":{\"@type\":\"PropertyValueSpecification\",\"valueRequired\":true,\"valueName\":\"search_term_string\"}}],\"inLanguage\":\"en-GB\"},{\"@type\":\"Organization\",\"@id\":\"https:\/\/amu.pan.pl\/#organization\",\"name\":\"Akademia M\u0142odych Uczonych\",\"url\":\"https:\/\/amu.pan.pl\/\",\"logo\":{\"@type\":\"ImageObject\",\"inLanguage\":\"en-GB\",\"@id\":\"https:\/\/amu.pan.pl\/#\/schema\/logo\/image\/\",\"url\":\"https:\/\/amu.pan.pl\/wp-content\/uploads\/2020\/08\/zz_amu.png\",\"contentUrl\":\"https:\/\/amu.pan.pl\/wp-content\/uploads\/2020\/08\/zz_amu.png\",\"width\":2794,\"height\":1016,\"caption\":\"Akademia M\u0142odych Uczonych\"},\"image\":{\"@id\":\"https:\/\/amu.pan.pl\/#\/schema\/logo\/image\/\"},\"sameAs\":[\"https:\/\/www.facebook.com\/AkademiaMlodychUczonych\/\",\"https:\/\/x.com\/AMUPAN1\"]}]}<\/script>\n<!-- \/ Yoast SEO plugin. -->","yoast_head_json":{"title":"Anna Fabija\u0144ska - Akademia M\u0142odych Uczonych","robots":{"index":"index","follow":"follow","max-snippet":"max-snippet:-1","max-image-preview":"max-image-preview:large","max-video-preview":"max-video-preview:-1"},"canonical":"https:\/\/amu.pan.pl\/en\/anna-fabijanska\/","og_locale":"en_GB","og_type":"article","og_title":"Anna Fabija\u0144ska - Akademia M\u0142odych Uczonych","og_description":"&nbsp; Dr hab. in\u017c. Anna Fabija\u0144ska (ur. 1982 r.) reprezentuje dziedzin\u0119 nauk technicznych oraz dyscyplin\u0119 informatyka. Pracuje na stanowisku profesora nadzwyczajnego w Instytucie Informatyki Stosowanej na Wydziale Elektrotechniki, Elektroniki, Informatyki i&nbsp;Automatyki (EEIiA) Politechniki \u0141&oacute;dzkiej. Jest absolwentk\u0105 studi&oacute;w magisterskich na kierunku informatyka na Wydziale EEIiA Politechniki \u0141&oacute;dzkiej, kt&oacute;re uko\u0144czy\u0142a w 2006 r. Stopnie doktora nauk technicznych&hellip;&nbsp;Read More &raquo;Anna Fabija\u0144ska","og_url":"https:\/\/amu.pan.pl\/en\/anna-fabijanska\/","og_site_name":"Akademia M\u0142odych Uczonych","article_publisher":"https:\/\/www.facebook.com\/AkademiaMlodychUczonych\/","article_modified_time":"2020-10-02T21:57:30+00:00","og_image":[{"width":950,"height":872,"url":"https:\/\/amu.pan.pl\/wp-content\/uploads\/2016\/12\/IV_A.Fabijaska.jpg","type":"image\/jpeg"}],"twitter_card":"summary_large_image","twitter_site":"@AMUPAN1","twitter_misc":{"Estimated reading time":"1 minute"},"schema":{"@context":"https:\/\/schema.org","@graph":[{"@type":"WebPage","@id":"https:\/\/amu.pan.pl\/en\/anna-fabijanska\/","url":"https:\/\/amu.pan.pl\/en\/anna-fabijanska\/","name":"Anna Fabija\u0144ska - Akademia M\u0142odych Uczonych","isPartOf":{"@id":"https:\/\/amu.pan.pl\/#website"},"primaryImageOfPage":{"@id":"https:\/\/amu.pan.pl\/en\/anna-fabijanska\/#primaryimage"},"image":{"@id":"https:\/\/amu.pan.pl\/en\/anna-fabijanska\/#primaryimage"},"thumbnailUrl":"https:\/\/amu.pan.pl\/wp-content\/uploads\/2016\/12\/IV_A.Fabijaska.jpg","datePublished":"2016-12-06T08:53:28+00:00","dateModified":"2020-10-02T21:57:30+00:00","breadcrumb":{"@id":"https:\/\/amu.pan.pl\/en\/anna-fabijanska\/#breadcrumb"},"inLanguage":"en-GB","potentialAction":[{"@type":"ReadAction","target":["https:\/\/amu.pan.pl\/en\/anna-fabijanska\/"]}]},{"@type":"ImageObject","inLanguage":"en-GB","@id":"https:\/\/amu.pan.pl\/en\/anna-fabijanska\/#primaryimage","url":"https:\/\/amu.pan.pl\/wp-content\/uploads\/2016\/12\/IV_A.Fabijaska.jpg","contentUrl":"https:\/\/amu.pan.pl\/wp-content\/uploads\/2016\/12\/IV_A.Fabijaska.jpg","width":950,"height":872},{"@type":"BreadcrumbList","@id":"https:\/\/amu.pan.pl\/en\/anna-fabijanska\/#breadcrumb","itemListElement":[{"@type":"ListItem","position":1,"name":"Strona g\u0142\u00f3wna","item":"https:\/\/amu.pan.pl\/"},{"@type":"ListItem","position":2,"name":"Anna Fabija\u0144ska"}]},{"@type":"WebSite","@id":"https:\/\/amu.pan.pl\/#website","url":"https:\/\/amu.pan.pl\/","name":"Akademia M\u0142odych Uczonych","description":"Polska Akademia Nauk","publisher":{"@id":"https:\/\/amu.pan.pl\/#organization"},"potentialAction":[{"@type":"SearchAction","target":{"@type":"EntryPoint","urlTemplate":"https:\/\/amu.pan.pl\/?s={search_term_string}"},"query-input":{"@type":"PropertyValueSpecification","valueRequired":true,"valueName":"search_term_string"}}],"inLanguage":"en-GB"},{"@type":"Organization","@id":"https:\/\/amu.pan.pl\/#organization","name":"Akademia M\u0142odych Uczonych","url":"https:\/\/amu.pan.pl\/","logo":{"@type":"ImageObject","inLanguage":"en-GB","@id":"https:\/\/amu.pan.pl\/#\/schema\/logo\/image\/","url":"https:\/\/amu.pan.pl\/wp-content\/uploads\/2020\/08\/zz_amu.png","contentUrl":"https:\/\/amu.pan.pl\/wp-content\/uploads\/2020\/08\/zz_amu.png","width":2794,"height":1016,"caption":"Akademia M\u0142odych Uczonych"},"image":{"@id":"https:\/\/amu.pan.pl\/#\/schema\/logo\/image\/"},"sameAs":["https:\/\/www.facebook.com\/AkademiaMlodychUczonych\/","https:\/\/x.com\/AMUPAN1"]}]}},"_links":{"self":[{"href":"https:\/\/amu.pan.pl\/en\/wp-json\/wp\/v2\/pages\/186","targetHints":{"allow":["GET"]}}],"collection":[{"href":"https:\/\/amu.pan.pl\/en\/wp-json\/wp\/v2\/pages"}],"about":[{"href":"https:\/\/amu.pan.pl\/en\/wp-json\/wp\/v2\/types\/page"}],"author":[{"embeddable":true,"href":"https:\/\/amu.pan.pl\/en\/wp-json\/wp\/v2\/users\/2"}],"replies":[{"embeddable":true,"href":"https:\/\/amu.pan.pl\/en\/wp-json\/wp\/v2\/comments?post=186"}],"version-history":[{"count":0,"href":"https:\/\/amu.pan.pl\/en\/wp-json\/wp\/v2\/pages\/186\/revisions"}],"wp:featuredmedia":[{"embeddable":true,"href":"https:\/\/amu.pan.pl\/en\/wp-json\/wp\/v2\/media\/185"}],"wp:attachment":[{"href":"https:\/\/amu.pan.pl\/en\/wp-json\/wp\/v2\/media?parent=186"}],"curies":[{"name":"wp","href":"https:\/\/api.w.org\/{rel}","templated":true}]}}