{"id":188,"date":"2016-12-06T09:53:57","date_gmt":"2016-12-06T08:53:57","guid":{"rendered":"https:\/\/amu.pan.pl\/test\/2016\/12\/06\/monika-kwoka\/"},"modified":"2022-01-18T21:24:55","modified_gmt":"2022-01-18T20:24:55","slug":"monika-kwoka","status":"publish","type":"page","link":"https:\/\/amu.pan.pl\/en\/monika-kwoka\/","title":{"rendered":"Monika Kwoka"},"content":{"rendered":"<p><img fetchpriority=\"high\" decoding=\"async\" class=\"alignnone wp-image-4193 size-medium\" style=\"margin-left: auto; margin-right: auto;\" src=\"https:\/\/amu.pan.pl\/wp-content\/uploads\/2022\/01\/MOnika_Kwoka_1-248x300.jpg\" alt=\"\" width=\"248\" height=\"300\" srcset=\"https:\/\/amu.pan.pl\/wp-content\/uploads\/2022\/01\/MOnika_Kwoka_1-248x300.jpg 248w, https:\/\/amu.pan.pl\/wp-content\/uploads\/2022\/01\/MOnika_Kwoka_1-847x1024.jpg 847w, https:\/\/amu.pan.pl\/wp-content\/uploads\/2022\/01\/MOnika_Kwoka_1-768x928.jpg 768w, https:\/\/amu.pan.pl\/wp-content\/uploads\/2022\/01\/MOnika_Kwoka_1-1271x1536.jpg 1271w, https:\/\/amu.pan.pl\/wp-content\/uploads\/2022\/01\/MOnika_Kwoka_1-10x12.jpg 10w, https:\/\/amu.pan.pl\/wp-content\/uploads\/2022\/01\/MOnika_Kwoka_1.jpg 1507w\" sizes=\"(max-width: 248px) 100vw, 248px\" \/><\/p>\n<p style=\"text-align: left;\"><strong>dr hab. Eng. Monika Kwoka<\/strong> \u2013 profesor Politechniki \u015al\u0105skiej, pracuje w Zak\u0142adzie Elektroniki Biomedycznej na Wydziale Automatyki Elektroniki i Informatyki, pe\u0142ni\u0142a te\u017c funkcj\u0119 prodziekana tego wydzia\u0142u. Obecnie jest przewodnicz\u0105c\u0105 Rady Dyscypliny Automatyka, Elektronika i Elektrotechnika P\u015a.<\/p>\n<p style=\"text-align: left;\">Zajmuje si\u0119 nanotechnologi\u0105 materia\u0142\u00f3w elektronicznych, w tym m.in. jej zastosowaniem w monitoringu \u015brodowiska. Wsp\u00f3\u0142pracowa\u0142a z o\u015brodkami naukowymi z Niemiec (Uniwersytet w Tuebingen), W\u0142och (Uniwersytet w L\u2019Aquila, Uniwersytet w Bresci), W\u0119gier (Uniwersytet Technologiczny w Budapeszcie) i Turcji (Institute of Technology, Gebze). Jest laureatk\u0105 wielu nagr\u00f3d i wyr\u00f3\u017cnie\u0144, w tym Stypendium MNiSW dla Wybitnego M\u0142odego Naukowca oraz Nagrody I stopnia Ministra Nauki i Szkolnictwa Wy\u017cszego za osi\u0105gni\u0119cia naukowe. Bierze udzia\u0142 w mi\u0119dzynarodowych projektach badawczych Komisji Europejskiej (m.in. GOSPEL Network, EuNetAir Network i Clear-Up), jak i w projektach krajowych (m.in. Ministerstwa Rozwoju \u2013 projekt InTechFun, Narodowego Centrum Nauki, oraz MNiSW). Zast\u0119pczyni Przewodnicz\u0105cego Akademii M\u0142odych Uczonych PAN.<\/p>","protected":false},"excerpt":{"rendered":"<p>dr hab. in\u017c. Monika Kwoka \u2013 profesor Politechniki \u015al\u0105skiej, pracuje w Zak\u0142adzie Elektroniki Biomedycznej na Wydziale Automatyki Elektroniki i Informatyki, pe\u0142ni\u0142a te\u017c funkcj\u0119 prodziekana tego wydzia\u0142u. Obecnie jest przewodnicz\u0105c\u0105 Rady Dyscypliny Automatyka, Elektronika i Elektrotechnika P\u015a. Zajmuje si\u0119 nanotechnologi\u0105 materia\u0142\u00f3w elektronicznych, w tym m.in. jej zastosowaniem w monitoringu \u015brodowiska. Wsp\u00f3\u0142pracowa\u0142a z o\u015brodkami naukowymi z Niemiec&hellip;&nbsp;<a href=\"https:\/\/amu.pan.pl\/en\/monika-kwoka\/\" rel=\"bookmark\">Read More &raquo;<span class=\"screen-reader-text\">Monika Kwoka<\/span><\/a><\/p>","protected":false},"author":2,"featured_media":0,"parent":0,"menu_order":13,"comment_status":"open","ping_status":"open","template":"","meta":{"_monsterinsights_skip_tracking":false,"_monsterinsights_sitenote_active":false,"_monsterinsights_sitenote_note":"","_monsterinsights_sitenote_category":0,"neve_meta_sidebar":"","neve_meta_container":"","neve_meta_enable_content_width":"","neve_meta_content_width":0,"neve_meta_title_alignment":"","neve_meta_author_avatar":"","neve_post_elements_order":"","neve_meta_disable_header":"","neve_meta_disable_footer":"","neve_meta_disable_title":"","footnotes":""},"class_list":["post-188","page","type-page","status-publish","hentry"],"yoast_head":"<!-- This site is optimized with the Yoast SEO plugin v25.0 - https:\/\/yoast.com\/wordpress\/plugins\/seo\/ -->\n<title>Monika Kwoka - Akademia M\u0142odych Uczonych<\/title>\n<meta name=\"robots\" content=\"index, follow, max-snippet:-1, max-image-preview:large, max-video-preview:-1\" \/>\n<link rel=\"canonical\" href=\"https:\/\/amu.pan.pl\/en\/monika-kwoka\/\" \/>\n<meta property=\"og:locale\" content=\"en_GB\" \/>\n<meta property=\"og:type\" content=\"article\" \/>\n<meta property=\"og:title\" content=\"Monika Kwoka - Akademia M\u0142odych Uczonych\" \/>\n<meta property=\"og:description\" content=\"dr hab. in\u017c. Monika Kwoka \u2013 profesor Politechniki \u015al\u0105skiej, pracuje w Zak\u0142adzie Elektroniki Biomedycznej na Wydziale Automatyki Elektroniki i Informatyki, pe\u0142ni\u0142a te\u017c funkcj\u0119 prodziekana tego wydzia\u0142u. Obecnie jest przewodnicz\u0105c\u0105 Rady Dyscypliny Automatyka, Elektronika i Elektrotechnika P\u015a. Zajmuje si\u0119 nanotechnologi\u0105 materia\u0142\u00f3w elektronicznych, w tym m.in. jej zastosowaniem w monitoringu \u015brodowiska. Wsp\u00f3\u0142pracowa\u0142a z o\u015brodkami naukowymi z Niemiec&hellip;&nbsp;Read More &raquo;Monika Kwoka\" \/>\n<meta property=\"og:url\" content=\"https:\/\/amu.pan.pl\/en\/monika-kwoka\/\" \/>\n<meta property=\"og:site_name\" content=\"Akademia M\u0142odych Uczonych\" \/>\n<meta property=\"article:publisher\" content=\"https:\/\/www.facebook.com\/AkademiaMlodychUczonych\/\" \/>\n<meta property=\"article:modified_time\" content=\"2022-01-18T20:24:55+00:00\" \/>\n<meta property=\"og:image\" content=\"https:\/\/amu.pan.pl\/wp-content\/uploads\/2022\/01\/MOnika_Kwoka_1-248x300.jpg\" \/>\n<meta name=\"twitter:card\" content=\"summary_large_image\" \/>\n<meta name=\"twitter:site\" content=\"@AMUPAN1\" \/>\n<meta name=\"twitter:label1\" content=\"Estimated reading time\" \/>\n\t<meta name=\"twitter:data1\" content=\"1 minute\" \/>\n<script type=\"application\/ld+json\" class=\"yoast-schema-graph\">{\"@context\":\"https:\/\/schema.org\",\"@graph\":[{\"@type\":\"WebPage\",\"@id\":\"https:\/\/amu.pan.pl\/en\/monika-kwoka\/\",\"url\":\"https:\/\/amu.pan.pl\/en\/monika-kwoka\/\",\"name\":\"Monika Kwoka - Akademia M\u0142odych Uczonych\",\"isPartOf\":{\"@id\":\"https:\/\/amu.pan.pl\/#website\"},\"primaryImageOfPage\":{\"@id\":\"https:\/\/amu.pan.pl\/en\/monika-kwoka\/#primaryimage\"},\"image\":{\"@id\":\"https:\/\/amu.pan.pl\/en\/monika-kwoka\/#primaryimage\"},\"thumbnailUrl\":\"https:\/\/amu.pan.pl\/wp-content\/uploads\/2022\/01\/MOnika_Kwoka_1-248x300.jpg\",\"datePublished\":\"2016-12-06T08:53:57+00:00\",\"dateModified\":\"2022-01-18T20:24:55+00:00\",\"breadcrumb\":{\"@id\":\"https:\/\/amu.pan.pl\/en\/monika-kwoka\/#breadcrumb\"},\"inLanguage\":\"en-GB\",\"potentialAction\":[{\"@type\":\"ReadAction\",\"target\":[\"https:\/\/amu.pan.pl\/en\/monika-kwoka\/\"]}]},{\"@type\":\"ImageObject\",\"inLanguage\":\"en-GB\",\"@id\":\"https:\/\/amu.pan.pl\/en\/monika-kwoka\/#primaryimage\",\"url\":\"https:\/\/amu.pan.pl\/wp-content\/uploads\/2022\/01\/MOnika_Kwoka_1-248x300.jpg\",\"contentUrl\":\"https:\/\/amu.pan.pl\/wp-content\/uploads\/2022\/01\/MOnika_Kwoka_1-248x300.jpg\"},{\"@type\":\"BreadcrumbList\",\"@id\":\"https:\/\/amu.pan.pl\/en\/monika-kwoka\/#breadcrumb\",\"itemListElement\":[{\"@type\":\"ListItem\",\"position\":1,\"name\":\"Strona g\u0142\u00f3wna\",\"item\":\"https:\/\/amu.pan.pl\/\"},{\"@type\":\"ListItem\",\"position\":2,\"name\":\"Monika Kwoka\"}]},{\"@type\":\"WebSite\",\"@id\":\"https:\/\/amu.pan.pl\/#website\",\"url\":\"https:\/\/amu.pan.pl\/\",\"name\":\"Akademia M\u0142odych Uczonych\",\"description\":\"Polska Akademia Nauk\",\"publisher\":{\"@id\":\"https:\/\/amu.pan.pl\/#organization\"},\"potentialAction\":[{\"@type\":\"SearchAction\",\"target\":{\"@type\":\"EntryPoint\",\"urlTemplate\":\"https:\/\/amu.pan.pl\/?s={search_term_string}\"},\"query-input\":{\"@type\":\"PropertyValueSpecification\",\"valueRequired\":true,\"valueName\":\"search_term_string\"}}],\"inLanguage\":\"en-GB\"},{\"@type\":\"Organization\",\"@id\":\"https:\/\/amu.pan.pl\/#organization\",\"name\":\"Akademia M\u0142odych Uczonych\",\"url\":\"https:\/\/amu.pan.pl\/\",\"logo\":{\"@type\":\"ImageObject\",\"inLanguage\":\"en-GB\",\"@id\":\"https:\/\/amu.pan.pl\/#\/schema\/logo\/image\/\",\"url\":\"https:\/\/amu.pan.pl\/wp-content\/uploads\/2020\/08\/zz_amu.png\",\"contentUrl\":\"https:\/\/amu.pan.pl\/wp-content\/uploads\/2020\/08\/zz_amu.png\",\"width\":2794,\"height\":1016,\"caption\":\"Akademia M\u0142odych Uczonych\"},\"image\":{\"@id\":\"https:\/\/amu.pan.pl\/#\/schema\/logo\/image\/\"},\"sameAs\":[\"https:\/\/www.facebook.com\/AkademiaMlodychUczonych\/\",\"https:\/\/x.com\/AMUPAN1\"]}]}<\/script>\n<!-- \/ Yoast SEO plugin. -->","yoast_head_json":{"title":"Monika Kwoka - Akademia M\u0142odych Uczonych","robots":{"index":"index","follow":"follow","max-snippet":"max-snippet:-1","max-image-preview":"max-image-preview:large","max-video-preview":"max-video-preview:-1"},"canonical":"https:\/\/amu.pan.pl\/en\/monika-kwoka\/","og_locale":"en_GB","og_type":"article","og_title":"Monika Kwoka - Akademia M\u0142odych Uczonych","og_description":"dr hab. in\u017c. Monika Kwoka \u2013 profesor Politechniki \u015al\u0105skiej, pracuje w Zak\u0142adzie Elektroniki Biomedycznej na Wydziale Automatyki Elektroniki i Informatyki, pe\u0142ni\u0142a te\u017c funkcj\u0119 prodziekana tego wydzia\u0142u. Obecnie jest przewodnicz\u0105c\u0105 Rady Dyscypliny Automatyka, Elektronika i Elektrotechnika P\u015a. Zajmuje si\u0119 nanotechnologi\u0105 materia\u0142\u00f3w elektronicznych, w tym m.in. jej zastosowaniem w monitoringu \u015brodowiska. Wsp\u00f3\u0142pracowa\u0142a z o\u015brodkami naukowymi z Niemiec&hellip;&nbsp;Read More &raquo;Monika Kwoka","og_url":"https:\/\/amu.pan.pl\/en\/monika-kwoka\/","og_site_name":"Akademia M\u0142odych Uczonych","article_publisher":"https:\/\/www.facebook.com\/AkademiaMlodychUczonych\/","article_modified_time":"2022-01-18T20:24:55+00:00","og_image":[{"url":"https:\/\/amu.pan.pl\/wp-content\/uploads\/2022\/01\/MOnika_Kwoka_1-248x300.jpg","type":"","width":"","height":""}],"twitter_card":"summary_large_image","twitter_site":"@AMUPAN1","twitter_misc":{"Estimated reading time":"1 minute"},"schema":{"@context":"https:\/\/schema.org","@graph":[{"@type":"WebPage","@id":"https:\/\/amu.pan.pl\/en\/monika-kwoka\/","url":"https:\/\/amu.pan.pl\/en\/monika-kwoka\/","name":"Monika Kwoka - Akademia M\u0142odych Uczonych","isPartOf":{"@id":"https:\/\/amu.pan.pl\/#website"},"primaryImageOfPage":{"@id":"https:\/\/amu.pan.pl\/en\/monika-kwoka\/#primaryimage"},"image":{"@id":"https:\/\/amu.pan.pl\/en\/monika-kwoka\/#primaryimage"},"thumbnailUrl":"https:\/\/amu.pan.pl\/wp-content\/uploads\/2022\/01\/MOnika_Kwoka_1-248x300.jpg","datePublished":"2016-12-06T08:53:57+00:00","dateModified":"2022-01-18T20:24:55+00:00","breadcrumb":{"@id":"https:\/\/amu.pan.pl\/en\/monika-kwoka\/#breadcrumb"},"inLanguage":"en-GB","potentialAction":[{"@type":"ReadAction","target":["https:\/\/amu.pan.pl\/en\/monika-kwoka\/"]}]},{"@type":"ImageObject","inLanguage":"en-GB","@id":"https:\/\/amu.pan.pl\/en\/monika-kwoka\/#primaryimage","url":"https:\/\/amu.pan.pl\/wp-content\/uploads\/2022\/01\/MOnika_Kwoka_1-248x300.jpg","contentUrl":"https:\/\/amu.pan.pl\/wp-content\/uploads\/2022\/01\/MOnika_Kwoka_1-248x300.jpg"},{"@type":"BreadcrumbList","@id":"https:\/\/amu.pan.pl\/en\/monika-kwoka\/#breadcrumb","itemListElement":[{"@type":"ListItem","position":1,"name":"Strona g\u0142\u00f3wna","item":"https:\/\/amu.pan.pl\/"},{"@type":"ListItem","position":2,"name":"Monika Kwoka"}]},{"@type":"WebSite","@id":"https:\/\/amu.pan.pl\/#website","url":"https:\/\/amu.pan.pl\/","name":"Akademia M\u0142odych Uczonych","description":"Polska Akademia Nauk","publisher":{"@id":"https:\/\/amu.pan.pl\/#organization"},"potentialAction":[{"@type":"SearchAction","target":{"@type":"EntryPoint","urlTemplate":"https:\/\/amu.pan.pl\/?s={search_term_string}"},"query-input":{"@type":"PropertyValueSpecification","valueRequired":true,"valueName":"search_term_string"}}],"inLanguage":"en-GB"},{"@type":"Organization","@id":"https:\/\/amu.pan.pl\/#organization","name":"Akademia M\u0142odych Uczonych","url":"https:\/\/amu.pan.pl\/","logo":{"@type":"ImageObject","inLanguage":"en-GB","@id":"https:\/\/amu.pan.pl\/#\/schema\/logo\/image\/","url":"https:\/\/amu.pan.pl\/wp-content\/uploads\/2020\/08\/zz_amu.png","contentUrl":"https:\/\/amu.pan.pl\/wp-content\/uploads\/2020\/08\/zz_amu.png","width":2794,"height":1016,"caption":"Akademia M\u0142odych Uczonych"},"image":{"@id":"https:\/\/amu.pan.pl\/#\/schema\/logo\/image\/"},"sameAs":["https:\/\/www.facebook.com\/AkademiaMlodychUczonych\/","https:\/\/x.com\/AMUPAN1"]}]}},"_links":{"self":[{"href":"https:\/\/amu.pan.pl\/en\/wp-json\/wp\/v2\/pages\/188","targetHints":{"allow":["GET"]}}],"collection":[{"href":"https:\/\/amu.pan.pl\/en\/wp-json\/wp\/v2\/pages"}],"about":[{"href":"https:\/\/amu.pan.pl\/en\/wp-json\/wp\/v2\/types\/page"}],"author":[{"embeddable":true,"href":"https:\/\/amu.pan.pl\/en\/wp-json\/wp\/v2\/users\/2"}],"replies":[{"embeddable":true,"href":"https:\/\/amu.pan.pl\/en\/wp-json\/wp\/v2\/comments?post=188"}],"version-history":[{"count":2,"href":"https:\/\/amu.pan.pl\/en\/wp-json\/wp\/v2\/pages\/188\/revisions"}],"predecessor-version":[{"id":4194,"href":"https:\/\/amu.pan.pl\/en\/wp-json\/wp\/v2\/pages\/188\/revisions\/4194"}],"wp:attachment":[{"href":"https:\/\/amu.pan.pl\/en\/wp-json\/wp\/v2\/media?parent=188"}],"curies":[{"name":"wp","href":"https:\/\/api.w.org\/{rel}","templated":true}]}}