{"id":190,"date":"2016-12-06T09:54:27","date_gmt":"2016-12-06T08:54:27","guid":{"rendered":"https:\/\/amu.pan.pl\/test\/2016\/12\/06\/przemyslaw-perlikowski\/"},"modified":"2020-10-16T23:27:08","modified_gmt":"2020-10-16T21:27:08","slug":"przemyslaw-perlikowski","status":"publish","type":"page","link":"https:\/\/amu.pan.pl\/en\/przemyslaw-perlikowski\/","title":{"rendered":"Przemys\u0142aw Perlikowski"},"content":{"rendered":"<div data-elementor-type=\"wp-page\" data-elementor-id=\"190\" class=\"elementor elementor-190\">\n\t\t\t\t\t\t<section class=\"elementor-section elementor-top-section elementor-element elementor-element-9d19e01 elementor-section-boxed elementor-section-height-default elementor-section-height-default\" data-id=\"9d19e01\" data-element_type=\"section\">\n\t\t\t\t\t\t<div class=\"elementor-container elementor-column-gap-default\">\n\t\t\t\t\t<div class=\"elementor-column elementor-col-100 elementor-top-column elementor-element elementor-element-f047f52\" data-id=\"f047f52\" data-element_type=\"column\">\n\t\t\t<div class=\"elementor-widget-wrap elementor-element-populated\">\n\t\t\t\t\t\t<div class=\"elementor-element elementor-element-68a1b48 elementor-widget elementor-widget-heading\" data-id=\"68a1b48\" data-element_type=\"widget\" data-widget_type=\"heading.default\">\n\t\t\t\t<div class=\"elementor-widget-container\">\n\t\t\t\t\t<h1 class=\"elementor-heading-title elementor-size-default\">Przemys\u0142aw Perlikowski<\/h1>\t\t\t\t<\/div>\n\t\t\t\t<\/div>\n\t\t\t\t<div class=\"elementor-element elementor-element-e4b9cc8 elementor-widget elementor-widget-wp-widget-text\" data-id=\"e4b9cc8\" data-element_type=\"widget\" data-widget_type=\"wp-widget-text.default\">\n\t\t\t\t<div class=\"elementor-widget-container\">\n\t\t\t\t\t\t\t\t<div class=\"textwidget\"><p><img fetchpriority=\"high\" decoding=\"async\" class=\"wp-image-189 size-medium alignleft\" src=\"https:\/\/amu.pan.pl\/wp-content\/uploads\/2016\/12\/IV_P.Perlikowski-169x300.jpg\" alt=\"\" width=\"169\" height=\"300\" srcset=\"https:\/\/amu.pan.pl\/wp-content\/uploads\/2016\/12\/IV_P.Perlikowski-169x300.jpg 169w, https:\/\/amu.pan.pl\/wp-content\/uploads\/2016\/12\/IV_P.Perlikowski.jpg 540w\" sizes=\"(max-width: 169px) 100vw, 169px\" \/><\/p>\n<p>Professor Przemys\u0142aw Perlikowski is a faculty member at the Lodz University of Technology in the Division of Dynamics. At the Lodz University of Technology, he performs the following functions: Chairman of the Scientific Council of the Interdisciplinary Doctoral School, Member of the Senate, Disciplinary Spokesman for Ph.D. Students and Vice-Chairman of the Mechanical Engineering Discipline Council.<\/p>\n<p>His main research area is nonlinear dynamics. He focuses on synchronization of complex networks, mitigation of vibrations, bifurcation theory, and dynamics of systems with discontinuities. His significant achievement is developing a hybrid bell model, identifying the sources of randomness in mechanical systems, and innovative designs of tuned mass dampers and absorbers.<\/p>\n<p>Professor Perlikowski cooperates with many leading scientific institutions in Poland, Great Britain, Germany, Ecuador, and Russia. As part of his research, he completed many visits and internships, including two postdoctoral fellowships at the Humboldt University of Berlin and the National University of Singapore. He was the supervisor of four Ph.D. students, one of whom received the Prime Minister's Award for his doctoral dissertation. Currently, he is supervising one Ph.D. student.<\/p>\n<p>Awarded, among others: Professor Micha\u0142 \u017byczkowski Award of the Committee of Mechanics of the Polish Academy of Sciences (2017), Scholarship for Outstanding Young Scientists (2012-2015), Start Scholarship of the Foundation for Polish Science (2011, 2012), Award of the Presidium of the Polish Academy of Sciences in \u0141\u00f3d\u017a and the Conference of Rectors of Lodz Universities (2010).<\/p>\n<p>Professor Perlikowski is a member of the two Advisory Panels of the Ministry of Science and Higher Education. Moreover, he is a member of the Committee on Mechanics and the Committee on Machine Building of the Polish Academy of Sciences and the Polish Society of Theoretical and Applied Mechanics.<\/p>\n<p>More information: <a href=\"http:\/\/www.perlikowski.kdm.p.lodz.pl\">www.perlikowski.kdm.p.lodz.pl<\/a><\/p>\n<p>&nbsp;<\/p>\n<p>&nbsp;<\/p>\n<\/div>\n\t\t\t\t\t\t<\/div>\n\t\t\t\t<\/div>\n\t\t\t\t\t<\/div>\n\t\t<\/div>\n\t\t\t\t\t<\/div>\n\t\t<\/section>\n\t\t\t\t<\/div>","protected":false},"excerpt":{"rendered":"<p>Przemys\u0142aw Perlikowski<\/p>","protected":false},"author":2,"featured_media":189,"parent":0,"menu_order":9,"comment_status":"open","ping_status":"open","template":"elementor_header_footer","meta":{"_monsterinsights_skip_tracking":false,"_monsterinsights_sitenote_active":false,"_monsterinsights_sitenote_note":"","_monsterinsights_sitenote_category":0,"neve_meta_sidebar":"","neve_meta_container":"","neve_meta_enable_content_width":"","neve_meta_content_width":0,"neve_meta_title_alignment":"","neve_meta_author_avatar":"","neve_post_elements_order":"","neve_meta_disable_header":"","neve_meta_disable_footer":"","neve_meta_disable_title":"","footnotes":""},"class_list":["post-190","page","type-page","status-publish","has-post-thumbnail","hentry"],"yoast_head":"<!-- This site is optimized with the Yoast SEO plugin v25.0 - https:\/\/yoast.com\/wordpress\/plugins\/seo\/ -->\n<title>Przemys\u0142aw Perlikowski - Akademia M\u0142odych Uczonych<\/title>\n<meta name=\"robots\" content=\"index, follow, max-snippet:-1, max-image-preview:large, max-video-preview:-1\" \/>\n<link rel=\"canonical\" href=\"https:\/\/amu.pan.pl\/en\/przemyslaw-perlikowski\/\" \/>\n<meta property=\"og:locale\" content=\"en_GB\" \/>\n<meta property=\"og:type\" content=\"article\" \/>\n<meta property=\"og:title\" content=\"Przemys\u0142aw Perlikowski - Akademia M\u0142odych Uczonych\" \/>\n<meta property=\"og:description\" content=\"Przemys\u0142aw Perlikowski\" \/>\n<meta property=\"og:url\" content=\"https:\/\/amu.pan.pl\/en\/przemyslaw-perlikowski\/\" \/>\n<meta property=\"og:site_name\" content=\"Akademia M\u0142odych Uczonych\" \/>\n<meta property=\"article:publisher\" content=\"https:\/\/www.facebook.com\/AkademiaMlodychUczonych\/\" \/>\n<meta property=\"article:modified_time\" content=\"2020-10-16T21:27:08+00:00\" \/>\n<meta property=\"og:image\" content=\"https:\/\/amu.pan.pl\/wp-content\/uploads\/2016\/12\/IV_P.Perlikowski.jpg\" \/>\n\t<meta property=\"og:image:width\" content=\"540\" \/>\n\t<meta property=\"og:image:height\" content=\"960\" \/>\n\t<meta property=\"og:image:type\" content=\"image\/jpeg\" \/>\n<meta name=\"twitter:card\" content=\"summary_large_image\" \/>\n<meta name=\"twitter:site\" content=\"@AMUPAN1\" \/>\n<script type=\"application\/ld+json\" class=\"yoast-schema-graph\">{\"@context\":\"https:\/\/schema.org\",\"@graph\":[{\"@type\":\"WebPage\",\"@id\":\"https:\/\/amu.pan.pl\/en\/przemyslaw-perlikowski\/\",\"url\":\"https:\/\/amu.pan.pl\/en\/przemyslaw-perlikowski\/\",\"name\":\"Przemys\u0142aw Perlikowski - Akademia M\u0142odych Uczonych\",\"isPartOf\":{\"@id\":\"https:\/\/amu.pan.pl\/#website\"},\"primaryImageOfPage\":{\"@id\":\"https:\/\/amu.pan.pl\/en\/przemyslaw-perlikowski\/#primaryimage\"},\"image\":{\"@id\":\"https:\/\/amu.pan.pl\/en\/przemyslaw-perlikowski\/#primaryimage\"},\"thumbnailUrl\":\"https:\/\/amu.pan.pl\/wp-content\/uploads\/2016\/12\/IV_P.Perlikowski.jpg\",\"datePublished\":\"2016-12-06T08:54:27+00:00\",\"dateModified\":\"2020-10-16T21:27:08+00:00\",\"breadcrumb\":{\"@id\":\"https:\/\/amu.pan.pl\/en\/przemyslaw-perlikowski\/#breadcrumb\"},\"inLanguage\":\"en-GB\",\"potentialAction\":[{\"@type\":\"ReadAction\",\"target\":[\"https:\/\/amu.pan.pl\/en\/przemyslaw-perlikowski\/\"]}]},{\"@type\":\"ImageObject\",\"inLanguage\":\"en-GB\",\"@id\":\"https:\/\/amu.pan.pl\/en\/przemyslaw-perlikowski\/#primaryimage\",\"url\":\"https:\/\/amu.pan.pl\/wp-content\/uploads\/2016\/12\/IV_P.Perlikowski.jpg\",\"contentUrl\":\"https:\/\/amu.pan.pl\/wp-content\/uploads\/2016\/12\/IV_P.Perlikowski.jpg\",\"width\":540,\"height\":960},{\"@type\":\"BreadcrumbList\",\"@id\":\"https:\/\/amu.pan.pl\/en\/przemyslaw-perlikowski\/#breadcrumb\",\"itemListElement\":[{\"@type\":\"ListItem\",\"position\":1,\"name\":\"Strona g\u0142\u00f3wna\",\"item\":\"https:\/\/amu.pan.pl\/\"},{\"@type\":\"ListItem\",\"position\":2,\"name\":\"Przemys\u0142aw Perlikowski\"}]},{\"@type\":\"WebSite\",\"@id\":\"https:\/\/amu.pan.pl\/#website\",\"url\":\"https:\/\/amu.pan.pl\/\",\"name\":\"Akademia M\u0142odych Uczonych\",\"description\":\"Polska Akademia Nauk\",\"publisher\":{\"@id\":\"https:\/\/amu.pan.pl\/#organization\"},\"potentialAction\":[{\"@type\":\"SearchAction\",\"target\":{\"@type\":\"EntryPoint\",\"urlTemplate\":\"https:\/\/amu.pan.pl\/?s={search_term_string}\"},\"query-input\":{\"@type\":\"PropertyValueSpecification\",\"valueRequired\":true,\"valueName\":\"search_term_string\"}}],\"inLanguage\":\"en-GB\"},{\"@type\":\"Organization\",\"@id\":\"https:\/\/amu.pan.pl\/#organization\",\"name\":\"Akademia M\u0142odych Uczonych\",\"url\":\"https:\/\/amu.pan.pl\/\",\"logo\":{\"@type\":\"ImageObject\",\"inLanguage\":\"en-GB\",\"@id\":\"https:\/\/amu.pan.pl\/#\/schema\/logo\/image\/\",\"url\":\"https:\/\/amu.pan.pl\/wp-content\/uploads\/2020\/08\/zz_amu.png\",\"contentUrl\":\"https:\/\/amu.pan.pl\/wp-content\/uploads\/2020\/08\/zz_amu.png\",\"width\":2794,\"height\":1016,\"caption\":\"Akademia M\u0142odych Uczonych\"},\"image\":{\"@id\":\"https:\/\/amu.pan.pl\/#\/schema\/logo\/image\/\"},\"sameAs\":[\"https:\/\/www.facebook.com\/AkademiaMlodychUczonych\/\",\"https:\/\/x.com\/AMUPAN1\"]}]}<\/script>\n<!-- \/ Yoast SEO plugin. -->","yoast_head_json":{"title":"Przemys\u0142aw Perlikowski - Akademia M\u0142odych Uczonych","robots":{"index":"index","follow":"follow","max-snippet":"max-snippet:-1","max-image-preview":"max-image-preview:large","max-video-preview":"max-video-preview:-1"},"canonical":"https:\/\/amu.pan.pl\/en\/przemyslaw-perlikowski\/","og_locale":"en_GB","og_type":"article","og_title":"Przemys\u0142aw Perlikowski - Akademia M\u0142odych Uczonych","og_description":"Przemys\u0142aw Perlikowski","og_url":"https:\/\/amu.pan.pl\/en\/przemyslaw-perlikowski\/","og_site_name":"Akademia M\u0142odych Uczonych","article_publisher":"https:\/\/www.facebook.com\/AkademiaMlodychUczonych\/","article_modified_time":"2020-10-16T21:27:08+00:00","og_image":[{"width":540,"height":960,"url":"https:\/\/amu.pan.pl\/wp-content\/uploads\/2016\/12\/IV_P.Perlikowski.jpg","type":"image\/jpeg"}],"twitter_card":"summary_large_image","twitter_site":"@AMUPAN1","schema":{"@context":"https:\/\/schema.org","@graph":[{"@type":"WebPage","@id":"https:\/\/amu.pan.pl\/en\/przemyslaw-perlikowski\/","url":"https:\/\/amu.pan.pl\/en\/przemyslaw-perlikowski\/","name":"Przemys\u0142aw Perlikowski - Akademia M\u0142odych Uczonych","isPartOf":{"@id":"https:\/\/amu.pan.pl\/#website"},"primaryImageOfPage":{"@id":"https:\/\/amu.pan.pl\/en\/przemyslaw-perlikowski\/#primaryimage"},"image":{"@id":"https:\/\/amu.pan.pl\/en\/przemyslaw-perlikowski\/#primaryimage"},"thumbnailUrl":"https:\/\/amu.pan.pl\/wp-content\/uploads\/2016\/12\/IV_P.Perlikowski.jpg","datePublished":"2016-12-06T08:54:27+00:00","dateModified":"2020-10-16T21:27:08+00:00","breadcrumb":{"@id":"https:\/\/amu.pan.pl\/en\/przemyslaw-perlikowski\/#breadcrumb"},"inLanguage":"en-GB","potentialAction":[{"@type":"ReadAction","target":["https:\/\/amu.pan.pl\/en\/przemyslaw-perlikowski\/"]}]},{"@type":"ImageObject","inLanguage":"en-GB","@id":"https:\/\/amu.pan.pl\/en\/przemyslaw-perlikowski\/#primaryimage","url":"https:\/\/amu.pan.pl\/wp-content\/uploads\/2016\/12\/IV_P.Perlikowski.jpg","contentUrl":"https:\/\/amu.pan.pl\/wp-content\/uploads\/2016\/12\/IV_P.Perlikowski.jpg","width":540,"height":960},{"@type":"BreadcrumbList","@id":"https:\/\/amu.pan.pl\/en\/przemyslaw-perlikowski\/#breadcrumb","itemListElement":[{"@type":"ListItem","position":1,"name":"Strona g\u0142\u00f3wna","item":"https:\/\/amu.pan.pl\/"},{"@type":"ListItem","position":2,"name":"Przemys\u0142aw Perlikowski"}]},{"@type":"WebSite","@id":"https:\/\/amu.pan.pl\/#website","url":"https:\/\/amu.pan.pl\/","name":"Akademia M\u0142odych Uczonych","description":"Polska Akademia Nauk","publisher":{"@id":"https:\/\/amu.pan.pl\/#organization"},"potentialAction":[{"@type":"SearchAction","target":{"@type":"EntryPoint","urlTemplate":"https:\/\/amu.pan.pl\/?s={search_term_string}"},"query-input":{"@type":"PropertyValueSpecification","valueRequired":true,"valueName":"search_term_string"}}],"inLanguage":"en-GB"},{"@type":"Organization","@id":"https:\/\/amu.pan.pl\/#organization","name":"Akademia M\u0142odych Uczonych","url":"https:\/\/amu.pan.pl\/","logo":{"@type":"ImageObject","inLanguage":"en-GB","@id":"https:\/\/amu.pan.pl\/#\/schema\/logo\/image\/","url":"https:\/\/amu.pan.pl\/wp-content\/uploads\/2020\/08\/zz_amu.png","contentUrl":"https:\/\/amu.pan.pl\/wp-content\/uploads\/2020\/08\/zz_amu.png","width":2794,"height":1016,"caption":"Akademia M\u0142odych Uczonych"},"image":{"@id":"https:\/\/amu.pan.pl\/#\/schema\/logo\/image\/"},"sameAs":["https:\/\/www.facebook.com\/AkademiaMlodychUczonych\/","https:\/\/x.com\/AMUPAN1"]}]}},"_links":{"self":[{"href":"https:\/\/amu.pan.pl\/en\/wp-json\/wp\/v2\/pages\/190","targetHints":{"allow":["GET"]}}],"collection":[{"href":"https:\/\/amu.pan.pl\/en\/wp-json\/wp\/v2\/pages"}],"about":[{"href":"https:\/\/amu.pan.pl\/en\/wp-json\/wp\/v2\/types\/page"}],"author":[{"embeddable":true,"href":"https:\/\/amu.pan.pl\/en\/wp-json\/wp\/v2\/users\/2"}],"replies":[{"embeddable":true,"href":"https:\/\/amu.pan.pl\/en\/wp-json\/wp\/v2\/comments?post=190"}],"version-history":[{"count":4,"href":"https:\/\/amu.pan.pl\/en\/wp-json\/wp\/v2\/pages\/190\/revisions"}],"predecessor-version":[{"id":2182,"href":"https:\/\/amu.pan.pl\/en\/wp-json\/wp\/v2\/pages\/190\/revisions\/2182"}],"wp:featuredmedia":[{"embeddable":true,"href":"https:\/\/amu.pan.pl\/en\/wp-json\/wp\/v2\/media\/189"}],"wp:attachment":[{"href":"https:\/\/amu.pan.pl\/en\/wp-json\/wp\/v2\/media?parent=190"}],"curies":[{"name":"wp","href":"https:\/\/api.w.org\/{rel}","templated":true}]}}