{"id":193,"date":"2016-12-06T09:55:27","date_gmt":"2016-12-06T08:55:27","guid":{"rendered":"https:\/\/amu.pan.pl\/test\/2016\/12\/06\/wojciech-fendler\/"},"modified":"2020-10-19T11:15:17","modified_gmt":"2020-10-19T09:15:17","slug":"wojciech-fendler","status":"publish","type":"page","link":"https:\/\/amu.pan.pl\/en\/wojciech-fendler\/","title":{"rendered":"Wojciech Fendler"},"content":{"rendered":"<div data-elementor-type=\"wp-page\" data-elementor-id=\"193\" class=\"elementor elementor-193\">\n\t\t\t\t\t\t<section class=\"elementor-section elementor-top-section elementor-element elementor-element-2a5491d2 elementor-section-boxed elementor-section-height-default elementor-section-height-default\" data-id=\"2a5491d2\" data-element_type=\"section\">\n\t\t\t\t\t\t<div class=\"elementor-container elementor-column-gap-default\">\n\t\t\t\t\t<div class=\"elementor-column elementor-col-100 elementor-top-column elementor-element elementor-element-eaef8fa\" data-id=\"eaef8fa\" data-element_type=\"column\">\n\t\t\t<div class=\"elementor-widget-wrap elementor-element-populated\">\n\t\t\t\t\t\t<div class=\"elementor-element elementor-element-7fb4598 elementor-widget elementor-widget-heading\" data-id=\"7fb4598\" data-element_type=\"widget\" data-widget_type=\"heading.default\">\n\t\t\t\t<div class=\"elementor-widget-container\">\n\t\t\t\t\t<h2 class=\"elementor-heading-title elementor-size-default\">Wojciech Fendler<\/h2>\t\t\t\t<\/div>\n\t\t\t\t<\/div>\n\t\t\t\t<div class=\"elementor-element elementor-element-74b914e3 elementor-widget elementor-widget-text-editor\" data-id=\"74b914e3\" data-element_type=\"widget\" data-widget_type=\"text-editor.default\">\n\t\t\t\t<div class=\"elementor-widget-container\">\n\t\t\t\t\t\t\t\t\t<p><img fetchpriority=\"high\" decoding=\"async\" class=\"alignleft wp-image-192\" src=\"https:\/\/amu.pan.pl\/wp-content\/uploads\/2016\/12\/V_M.Fendler.jpg\" alt=\"\" width=\"400\" height=\"240\" \/>Dr hab. Wojciech Fendler (born 1982) is a trained doctor who has linked his career with the Medical University of \u0141\u00f3d\u017a. After graduating, he began research work in the team of prof. Wojciech M\u0142ynarski with whom he studied the causes of rare types of diabetes, their epidemiology and tools to facilitate their diagnosis. After obtaining his habilitation in 2013, he began research on the biomarker application of microRNA in oncology and radiotherapy, which he carried out together with researchers from Harvard Medical School.<\/p><p>In these studies, together with prof. Dipnajan Chowdhury showed that microRNAs can be an effective and extremely fast indicator informing about recent exposure to high doses of ionizing radiation, which may condition the patient&#039;s further treatment. Subsequent studies by Dr. Fendler and his team develop this hypothesis by pointing to the predictive abilities of microRNAs circulating in the blood to predict complications of radiotherapy used in cancer treatment and to find a test to monitor the health effects of chronic low-dose occupational exposure.<br \/>He is the author of numerous original papers published in leading journals in diabetology (Diabetes Care, Diabetologia), radiotherapy and oncology (International Journal of Radiation Oncology, Biology, Physics, Cancer Research, Clinical Cancer Research), experimental medicine (Science Translational Medicine) and life (Cell Reports, Nature Communications, eLife).<\/p><p>For his scientific activity, he has won several national awards for young scientists: the National Science Center Award in 2020, the FNP START Scholarship (twice), the Polpharma Scholarship, the Ministry of Science and Higher Education Scholarship, the Award of the Minister of Health for his habilitation dissertation and many others. His achievements were also recognized internationally - in 2015 he received the ISPAD-Medtronic Young Investigator Award, awarded annually by this international scientific society to the best young scientists in pediatric diabetes. During his career so far, he has managed 12 research projects financed by the National Science Center, FNP or EU funds.<\/p><p>Currently, together with the team of the Department of Biostatistics and Translational Medicine, established in 2016, she deals with the issues of exposure to ionizing radiation and early detection of neoplastic diseases. His charges - PhD students and students, from the very beginning of their scientific career, are included in complex, interdisciplinary projects, which results in publications in leading scientific periodicals, numerous awards and scholarships. As part of his work at the Medical University of \u0141\u00f3d\u017a, Dr. Fendler educates future doctors and biotechnologists in biostatistics and evidence-based medicine. He also co-ordinates postgraduate studies in biostatistics carried out together with StatSoft. So far, he has promoted 2 doctors (Beata Ma\u0142achowska and Bart\u0142omiej Tomasik), coordinated postgraduate studies in biostatistics (5 editions) and in 2015-2020 he coordinated the work of the university team for the Individual Course of Studies.<\/p><p>He is the Vice-President of the Scientific Council of the Molecular Medicine Study, a member of the Main Board of the Polish Diabetes Society, and since 2016 he has been a member of the Academy of Young Scientists of the Polish Academy of Sciences.<\/p>\t\t\t\t\t\t\t\t<\/div>\n\t\t\t\t<\/div>\n\t\t\t\t\t<\/div>\n\t\t<\/div>\n\t\t\t\t\t<\/div>\n\t\t<\/section>\n\t\t\t\t<\/div>","protected":false},"excerpt":{"rendered":"<p>Wojciech Fendler Dr hab. Wojciech Fendler (ur. 1982) jest z wykszta\u0142cenia lekarzem, kt\u00f3ry zwi\u0105za\u0142 swoj\u0105 karier\u0119 z Uniwersytetem Medycznym w \u0141odzi. Uko\u0144czywszy studia, rozpocz\u0105\u0142 prac\u0119 naukow\u0105 w zespole prof. Wojciecha M\u0142ynarskiego z kt\u00f3rym bada\u0142 przyczyny powstawania rzadkich typ\u00f3w cukrzycy, ich epidemiologi\u0119 oraz narz\u0119dzia u\u0142atwiaj\u0105ce ich diagnostyk\u0119. Po uzyskaniu habilitacji w roku 2013 rozpocz\u0105\u0142 badania nad&hellip;&nbsp;<a href=\"https:\/\/amu.pan.pl\/en\/wojciech-fendler\/\" rel=\"bookmark\">Read More &raquo;<span class=\"screen-reader-text\">Wojciech Fendler<\/span><\/a><\/p>","protected":false},"author":2,"featured_media":192,"parent":0,"menu_order":4,"comment_status":"open","ping_status":"open","template":"elementor_header_footer","meta":{"_monsterinsights_skip_tracking":false,"_monsterinsights_sitenote_active":false,"_monsterinsights_sitenote_note":"","_monsterinsights_sitenote_category":0,"neve_meta_sidebar":"","neve_meta_container":"","neve_meta_enable_content_width":"","neve_meta_content_width":0,"neve_meta_title_alignment":"","neve_meta_author_avatar":"","neve_post_elements_order":"","neve_meta_disable_header":"","neve_meta_disable_footer":"","neve_meta_disable_title":"","footnotes":""},"class_list":["post-193","page","type-page","status-publish","has-post-thumbnail","hentry"],"yoast_head":"<!-- This site is optimized with the Yoast SEO plugin v25.0 - https:\/\/yoast.com\/wordpress\/plugins\/seo\/ -->\n<title>Wojciech Fendler - Akademia M\u0142odych Uczonych<\/title>\n<meta name=\"robots\" content=\"index, follow, max-snippet:-1, max-image-preview:large, max-video-preview:-1\" \/>\n<link rel=\"canonical\" href=\"https:\/\/amu.pan.pl\/en\/wojciech-fendler\/\" \/>\n<meta property=\"og:locale\" content=\"en_GB\" \/>\n<meta property=\"og:type\" content=\"article\" \/>\n<meta property=\"og:title\" content=\"Wojciech Fendler - Akademia M\u0142odych Uczonych\" \/>\n<meta property=\"og:description\" content=\"Wojciech Fendler Dr hab. Wojciech Fendler (ur. 1982) jest z wykszta\u0142cenia lekarzem, kt\u00f3ry zwi\u0105za\u0142 swoj\u0105 karier\u0119 z Uniwersytetem Medycznym w \u0141odzi. Uko\u0144czywszy studia, rozpocz\u0105\u0142 prac\u0119 naukow\u0105 w zespole prof. Wojciecha M\u0142ynarskiego z kt\u00f3rym bada\u0142 przyczyny powstawania rzadkich typ\u00f3w cukrzycy, ich epidemiologi\u0119 oraz narz\u0119dzia u\u0142atwiaj\u0105ce ich diagnostyk\u0119. Po uzyskaniu habilitacji w roku 2013 rozpocz\u0105\u0142 badania nad&hellip;&nbsp;Read More &raquo;Wojciech Fendler\" \/>\n<meta property=\"og:url\" content=\"https:\/\/amu.pan.pl\/en\/wojciech-fendler\/\" \/>\n<meta property=\"og:site_name\" content=\"Akademia M\u0142odych Uczonych\" \/>\n<meta property=\"article:publisher\" content=\"https:\/\/www.facebook.com\/AkademiaMlodychUczonych\/\" \/>\n<meta property=\"article:modified_time\" content=\"2020-10-19T09:15:17+00:00\" \/>\n<meta property=\"og:image\" content=\"https:\/\/amu.pan.pl\/wp-content\/uploads\/2016\/12\/V_M.Fendler.jpg\" \/>\n\t<meta property=\"og:image:width\" content=\"300\" \/>\n\t<meta property=\"og:image:height\" content=\"180\" \/>\n\t<meta property=\"og:image:type\" content=\"image\/jpeg\" \/>\n<meta name=\"twitter:card\" content=\"summary_large_image\" \/>\n<meta name=\"twitter:site\" content=\"@AMUPAN1\" \/>\n<meta name=\"twitter:label1\" content=\"Estimated reading time\" \/>\n\t<meta name=\"twitter:data1\" content=\"2 minutes\" \/>\n<script type=\"application\/ld+json\" class=\"yoast-schema-graph\">{\"@context\":\"https:\/\/schema.org\",\"@graph\":[{\"@type\":\"WebPage\",\"@id\":\"https:\/\/amu.pan.pl\/en\/wojciech-fendler\/\",\"url\":\"https:\/\/amu.pan.pl\/en\/wojciech-fendler\/\",\"name\":\"Wojciech Fendler - Akademia M\u0142odych Uczonych\",\"isPartOf\":{\"@id\":\"https:\/\/amu.pan.pl\/#website\"},\"primaryImageOfPage\":{\"@id\":\"https:\/\/amu.pan.pl\/en\/wojciech-fendler\/#primaryimage\"},\"image\":{\"@id\":\"https:\/\/amu.pan.pl\/en\/wojciech-fendler\/#primaryimage\"},\"thumbnailUrl\":\"https:\/\/amu.pan.pl\/wp-content\/uploads\/2016\/12\/V_M.Fendler.jpg\",\"datePublished\":\"2016-12-06T08:55:27+00:00\",\"dateModified\":\"2020-10-19T09:15:17+00:00\",\"breadcrumb\":{\"@id\":\"https:\/\/amu.pan.pl\/en\/wojciech-fendler\/#breadcrumb\"},\"inLanguage\":\"en-GB\",\"potentialAction\":[{\"@type\":\"ReadAction\",\"target\":[\"https:\/\/amu.pan.pl\/en\/wojciech-fendler\/\"]}]},{\"@type\":\"ImageObject\",\"inLanguage\":\"en-GB\",\"@id\":\"https:\/\/amu.pan.pl\/en\/wojciech-fendler\/#primaryimage\",\"url\":\"https:\/\/amu.pan.pl\/wp-content\/uploads\/2016\/12\/V_M.Fendler.jpg\",\"contentUrl\":\"https:\/\/amu.pan.pl\/wp-content\/uploads\/2016\/12\/V_M.Fendler.jpg\",\"width\":300,\"height\":180},{\"@type\":\"BreadcrumbList\",\"@id\":\"https:\/\/amu.pan.pl\/en\/wojciech-fendler\/#breadcrumb\",\"itemListElement\":[{\"@type\":\"ListItem\",\"position\":1,\"name\":\"Strona g\u0142\u00f3wna\",\"item\":\"https:\/\/amu.pan.pl\/\"},{\"@type\":\"ListItem\",\"position\":2,\"name\":\"Wojciech Fendler\"}]},{\"@type\":\"WebSite\",\"@id\":\"https:\/\/amu.pan.pl\/#website\",\"url\":\"https:\/\/amu.pan.pl\/\",\"name\":\"Akademia M\u0142odych Uczonych\",\"description\":\"Polska Akademia Nauk\",\"publisher\":{\"@id\":\"https:\/\/amu.pan.pl\/#organization\"},\"potentialAction\":[{\"@type\":\"SearchAction\",\"target\":{\"@type\":\"EntryPoint\",\"urlTemplate\":\"https:\/\/amu.pan.pl\/?s={search_term_string}\"},\"query-input\":{\"@type\":\"PropertyValueSpecification\",\"valueRequired\":true,\"valueName\":\"search_term_string\"}}],\"inLanguage\":\"en-GB\"},{\"@type\":\"Organization\",\"@id\":\"https:\/\/amu.pan.pl\/#organization\",\"name\":\"Akademia M\u0142odych Uczonych\",\"url\":\"https:\/\/amu.pan.pl\/\",\"logo\":{\"@type\":\"ImageObject\",\"inLanguage\":\"en-GB\",\"@id\":\"https:\/\/amu.pan.pl\/#\/schema\/logo\/image\/\",\"url\":\"https:\/\/amu.pan.pl\/wp-content\/uploads\/2020\/08\/zz_amu.png\",\"contentUrl\":\"https:\/\/amu.pan.pl\/wp-content\/uploads\/2020\/08\/zz_amu.png\",\"width\":2794,\"height\":1016,\"caption\":\"Akademia M\u0142odych Uczonych\"},\"image\":{\"@id\":\"https:\/\/amu.pan.pl\/#\/schema\/logo\/image\/\"},\"sameAs\":[\"https:\/\/www.facebook.com\/AkademiaMlodychUczonych\/\",\"https:\/\/x.com\/AMUPAN1\"]}]}<\/script>\n<!-- \/ Yoast SEO plugin. -->","yoast_head_json":{"title":"Wojciech Fendler - Akademia M\u0142odych Uczonych","robots":{"index":"index","follow":"follow","max-snippet":"max-snippet:-1","max-image-preview":"max-image-preview:large","max-video-preview":"max-video-preview:-1"},"canonical":"https:\/\/amu.pan.pl\/en\/wojciech-fendler\/","og_locale":"en_GB","og_type":"article","og_title":"Wojciech Fendler - Akademia M\u0142odych Uczonych","og_description":"Wojciech Fendler Dr hab. Wojciech Fendler (ur. 1982) jest z wykszta\u0142cenia lekarzem, kt\u00f3ry zwi\u0105za\u0142 swoj\u0105 karier\u0119 z Uniwersytetem Medycznym w \u0141odzi. Uko\u0144czywszy studia, rozpocz\u0105\u0142 prac\u0119 naukow\u0105 w zespole prof. Wojciecha M\u0142ynarskiego z kt\u00f3rym bada\u0142 przyczyny powstawania rzadkich typ\u00f3w cukrzycy, ich epidemiologi\u0119 oraz narz\u0119dzia u\u0142atwiaj\u0105ce ich diagnostyk\u0119. Po uzyskaniu habilitacji w roku 2013 rozpocz\u0105\u0142 badania nad&hellip;&nbsp;Read More &raquo;Wojciech Fendler","og_url":"https:\/\/amu.pan.pl\/en\/wojciech-fendler\/","og_site_name":"Akademia M\u0142odych Uczonych","article_publisher":"https:\/\/www.facebook.com\/AkademiaMlodychUczonych\/","article_modified_time":"2020-10-19T09:15:17+00:00","og_image":[{"width":300,"height":180,"url":"https:\/\/amu.pan.pl\/wp-content\/uploads\/2016\/12\/V_M.Fendler.jpg","type":"image\/jpeg"}],"twitter_card":"summary_large_image","twitter_site":"@AMUPAN1","twitter_misc":{"Estimated reading time":"2 minutes"},"schema":{"@context":"https:\/\/schema.org","@graph":[{"@type":"WebPage","@id":"https:\/\/amu.pan.pl\/en\/wojciech-fendler\/","url":"https:\/\/amu.pan.pl\/en\/wojciech-fendler\/","name":"Wojciech Fendler - Akademia M\u0142odych Uczonych","isPartOf":{"@id":"https:\/\/amu.pan.pl\/#website"},"primaryImageOfPage":{"@id":"https:\/\/amu.pan.pl\/en\/wojciech-fendler\/#primaryimage"},"image":{"@id":"https:\/\/amu.pan.pl\/en\/wojciech-fendler\/#primaryimage"},"thumbnailUrl":"https:\/\/amu.pan.pl\/wp-content\/uploads\/2016\/12\/V_M.Fendler.jpg","datePublished":"2016-12-06T08:55:27+00:00","dateModified":"2020-10-19T09:15:17+00:00","breadcrumb":{"@id":"https:\/\/amu.pan.pl\/en\/wojciech-fendler\/#breadcrumb"},"inLanguage":"en-GB","potentialAction":[{"@type":"ReadAction","target":["https:\/\/amu.pan.pl\/en\/wojciech-fendler\/"]}]},{"@type":"ImageObject","inLanguage":"en-GB","@id":"https:\/\/amu.pan.pl\/en\/wojciech-fendler\/#primaryimage","url":"https:\/\/amu.pan.pl\/wp-content\/uploads\/2016\/12\/V_M.Fendler.jpg","contentUrl":"https:\/\/amu.pan.pl\/wp-content\/uploads\/2016\/12\/V_M.Fendler.jpg","width":300,"height":180},{"@type":"BreadcrumbList","@id":"https:\/\/amu.pan.pl\/en\/wojciech-fendler\/#breadcrumb","itemListElement":[{"@type":"ListItem","position":1,"name":"Strona g\u0142\u00f3wna","item":"https:\/\/amu.pan.pl\/"},{"@type":"ListItem","position":2,"name":"Wojciech Fendler"}]},{"@type":"WebSite","@id":"https:\/\/amu.pan.pl\/#website","url":"https:\/\/amu.pan.pl\/","name":"Akademia M\u0142odych Uczonych","description":"Polska Akademia Nauk","publisher":{"@id":"https:\/\/amu.pan.pl\/#organization"},"potentialAction":[{"@type":"SearchAction","target":{"@type":"EntryPoint","urlTemplate":"https:\/\/amu.pan.pl\/?s={search_term_string}"},"query-input":{"@type":"PropertyValueSpecification","valueRequired":true,"valueName":"search_term_string"}}],"inLanguage":"en-GB"},{"@type":"Organization","@id":"https:\/\/amu.pan.pl\/#organization","name":"Akademia M\u0142odych Uczonych","url":"https:\/\/amu.pan.pl\/","logo":{"@type":"ImageObject","inLanguage":"en-GB","@id":"https:\/\/amu.pan.pl\/#\/schema\/logo\/image\/","url":"https:\/\/amu.pan.pl\/wp-content\/uploads\/2020\/08\/zz_amu.png","contentUrl":"https:\/\/amu.pan.pl\/wp-content\/uploads\/2020\/08\/zz_amu.png","width":2794,"height":1016,"caption":"Akademia M\u0142odych Uczonych"},"image":{"@id":"https:\/\/amu.pan.pl\/#\/schema\/logo\/image\/"},"sameAs":["https:\/\/www.facebook.com\/AkademiaMlodychUczonych\/","https:\/\/x.com\/AMUPAN1"]}]}},"_links":{"self":[{"href":"https:\/\/amu.pan.pl\/en\/wp-json\/wp\/v2\/pages\/193","targetHints":{"allow":["GET"]}}],"collection":[{"href":"https:\/\/amu.pan.pl\/en\/wp-json\/wp\/v2\/pages"}],"about":[{"href":"https:\/\/amu.pan.pl\/en\/wp-json\/wp\/v2\/types\/page"}],"author":[{"embeddable":true,"href":"https:\/\/amu.pan.pl\/en\/wp-json\/wp\/v2\/users\/2"}],"replies":[{"embeddable":true,"href":"https:\/\/amu.pan.pl\/en\/wp-json\/wp\/v2\/comments?post=193"}],"version-history":[{"count":4,"href":"https:\/\/amu.pan.pl\/en\/wp-json\/wp\/v2\/pages\/193\/revisions"}],"predecessor-version":[{"id":2367,"href":"https:\/\/amu.pan.pl\/en\/wp-json\/wp\/v2\/pages\/193\/revisions\/2367"}],"wp:featuredmedia":[{"embeddable":true,"href":"https:\/\/amu.pan.pl\/en\/wp-json\/wp\/v2\/media\/192"}],"wp:attachment":[{"href":"https:\/\/amu.pan.pl\/en\/wp-json\/wp\/v2\/media?parent=193"}],"curies":[{"name":"wp","href":"https:\/\/api.w.org\/{rel}","templated":true}]}}