{"id":2311,"date":"2019-01-18T17:29:18","date_gmt":"2019-01-18T17:29:18","guid":{"rendered":"http:\/\/amu.pan.pl\/kobietywnauce\/?page_id=159"},"modified":"2019-01-18T17:29:18","modified_gmt":"2019-01-18T17:29:18","slug":"program-koncertu","status":"publish","type":"page","link":"https:\/\/amu.pan.pl\/en\/program-koncertu\/","title":{"rendered":"Program koncertu"},"content":{"rendered":"<p><span style=\"text-decoration: underline\"><strong>Sylwetki naukowczy\u0144:<\/strong><\/span><\/p>\n<p><strong>Gerty Cori<\/strong> (1896-1957) \u2013 (Czechy) &#8211; otrzyma\u0142a Nagrod\u0119 Nobla w zakresie fizjologii i medycyny za badania nad glikogenoliz\u0105, pierwszy Nobel z medycyny dla kobiety<\/p>\n<p class=\"m_-8638304747730165110gmail-MsoListParagraphCxSpMiddle\"><strong>Miriam Menkin<\/strong> (1901 \u2013 1992) \u2013 (\u0141otwa) &#8211; pierwsza embriolo\u017cka, kt\u00f3rej uda\u0142o si\u0119 po\u0142\u0105czy\u0107 ludzk\u0105 kom\u00f3rk\u0119 jajow\u0105 z plemnikiem i uzyska\u0107 zarodek we wczesnym stadium<\/p>\n<p class=\"m_-8638304747730165110gmail-MsoListParagraphCxSpMiddle\"><strong>Rosalind Franklin<\/strong> (1920\u20131958) \u2013 (Wielka Brytania) &#8211; specjalistka w dziedzinie krystalografii promieniami X, wsp\u00f3\u0142odkrywczyni podw\u00f3jnej helisy DNA<\/p>\n<p class=\"m_-8638304747730165110gmail-MsoListParagraphCxSpMiddle\"><strong>Ada Lovelace<\/strong> (1815-1852) \u2013 (Wielka Brytania) &#8211; pierwszy opublikowany algorytm napisany z zamiarem wykonania na maszynie<\/p>\n<p class=\"m_-8638304747730165110gmail-MsoListParagraphCxSpMiddle\"><strong>Ada Jonath<\/strong> (ur. 1939) &#8211; Nagroda Nobla w dziedzinie chemii za badania nad struktur\u0105 i funkcj\u0105 rybosom\u00f3w<\/p>\n<p class=\"m_-8638304747730165110gmail-MsoListParagraphCxSpMiddle\"><strong>J\u00f3zefa Joteyko<\/strong> (1866-1928) \u2013 (Poczujki k. Kijowa) &#8211; psycholog, pedagog, fizjolog, wsp\u00f3\u0142organizatorka pedagogiki specjalnej, przewodnicz\u0105c\u0105 belgijskiego Towarzystwa Neurologicznego oraz wielokrotna laureatka paryskiej Akademii Nauk.<\/p>\n<p class=\"m_-8638304747730165110gmail-MsoListParagraphCxSpMiddle\"><strong>Lise Meitner<\/strong> (1878 -1968) \u2013 (Austria) \u2013 pierwsza wyja\u015bni\u0142a teoretycznie zjawisko rozbicia j\u0105dra atomowego<\/p>\n<p class=\"m_-8638304747730165110gmail-MsoListParagraphCxSpMiddle\"><strong>Hedy Lamarr<\/strong> (1914-2000)- (Austria) \u2013 aktorka, uznana swego czasu za najpi\u0119kniejsz\u0105 kobiet\u0119 Hollywood, opatentowa\u0142a technologi\u0119 telekomunikacyjn\u0105 stoj\u0105c\u0105 obecnie u telefonii kom\u00f3rkowej<\/p>\n<p class=\"m_-8638304747730165110gmail-MsoListParagraphCxSpMiddle\"><strong>Wilhemina Iwanowska<\/strong> (1905-1999) \u2013 (Wilno) \u2013 badania nad u gwiazd w przestrzeni, fotometrii fotograficznej, gwiazd zmiennych, widm gwiazdowych oraz ewolucji galaktyki<\/p>\n<p class=\"m_-8638304747730165110gmail-MsoListParagraphCxSpMiddle\"><strong>Magdalena \u017bernicka-Goetz<\/strong> (ur. 1963) \u2013 (Warszawa) &#8211; Zwyci\u0119\u017cczyni g\u0142osowania czytelnik\u00f3w na naukowy prze\u0142om roku 2016 magazynu Science \u2013 wykazanie samoorganizacji ludzkich embrion\u00f3w do 13\/14 dnia co umo\u017cliwi\u0142o dalsze badania wczesnych etap\u00f3w rozwoju cz\u0142owieka<\/p>\n<p><span style=\"text-decoration: underline\"><strong>Muzyka<\/strong><\/span><\/p>\n<p class=\"m_-8638304747730165110gmail-MsoListParagraphCxSpFirst\"><span lang=\"EN-US\">Ella Fitzgerald &#8211; Dream A Little Dream Of Me<\/span><\/p>\n<p class=\"m_-8638304747730165110gmail-MsoListParagraphCxSpMiddle\">The Beatles \u2013 The Girl\/Yesterday<\/p>\n<p class=\"m_-8638304747730165110gmail-MsoListParagraphCxSpMiddle\">Hava nagila<\/p>\n<p class=\"m_-8638304747730165110gmail-MsoListParagraphCxSpMiddle\">\u041e\u0439 \u0447\u0438\u0439 \u0442\u043e \u043a\u0456\u043d\u044c \u0441\u0442\u043e\u0457\u0442\u044c<\/p>\n<p class=\"m_-8638304747730165110gmail-MsoListParagraphCxSpMiddle\">Edith Piaf &#8211; Padam Padam<\/p>\n<p class=\"m_-8638304747730165110gmail-MsoListParagraphCxSpMiddle\">Andrzej Kurylewicz\u00a0 &#8211; Polskie Drogi<\/p>\n<p class=\"m_-8638304747730165110gmail-MsoListParagraphCxSpLast\">Frank Sinatra &#8211; My Way<\/p>","protected":false},"excerpt":{"rendered":"<p>Sylwetki naukowczy\u0144: Gerty Cori (1896-1957) \u2013 (Czechy) &#8211; otrzyma\u0142a Nagrod\u0119 Nobla w zakresie fizjologii i medycyny za badania nad glikogenoliz\u0105, pierwszy Nobel z medycyny dla kobiety Miriam Menkin (1901 \u2013 1992) \u2013 (\u0141otwa) &#8211; pierwsza embriolo\u017cka, kt\u00f3rej uda\u0142o si\u0119 po\u0142\u0105czy\u0107 ludzk\u0105 kom\u00f3rk\u0119 jajow\u0105 z plemnikiem i uzyska\u0107 zarodek we wczesnym stadium Rosalind Franklin (1920\u20131958) \u2013&hellip;&nbsp;<a href=\"https:\/\/amu.pan.pl\/en\/program-koncertu\/\" rel=\"bookmark\">Read More &raquo;<span class=\"screen-reader-text\">Program koncertu<\/span><\/a><\/p>","protected":false},"author":2,"featured_media":0,"parent":0,"menu_order":0,"comment_status":"closed","ping_status":"closed","template":"","meta":{"_monsterinsights_skip_tracking":false,"_monsterinsights_sitenote_active":false,"_monsterinsights_sitenote_note":"","_monsterinsights_sitenote_category":0,"neve_meta_sidebar":"","neve_meta_container":"","neve_meta_enable_content_width":"","neve_meta_content_width":0,"neve_meta_title_alignment":"","neve_meta_author_avatar":"","neve_post_elements_order":"","neve_meta_disable_header":"","neve_meta_disable_footer":"","neve_meta_disable_title":"","footnotes":""},"class_list":["post-2311","page","type-page","status-publish","hentry"],"yoast_head":"<!-- This site is optimized with the Yoast SEO plugin v25.0 - https:\/\/yoast.com\/wordpress\/plugins\/seo\/ -->\n<title>Program koncertu - Akademia M\u0142odych Uczonych<\/title>\n<meta name=\"robots\" content=\"index, follow, max-snippet:-1, max-image-preview:large, max-video-preview:-1\" \/>\n<link rel=\"canonical\" href=\"https:\/\/amu.pan.pl\/en\/program-koncertu\/\" \/>\n<meta property=\"og:locale\" content=\"en_GB\" \/>\n<meta property=\"og:type\" content=\"article\" \/>\n<meta property=\"og:title\" content=\"Program koncertu - Akademia M\u0142odych Uczonych\" \/>\n<meta property=\"og:description\" content=\"Sylwetki naukowczy\u0144: Gerty Cori (1896-1957) \u2013 (Czechy) &#8211; otrzyma\u0142a Nagrod\u0119 Nobla w zakresie fizjologii i medycyny za badania nad glikogenoliz\u0105, pierwszy Nobel z medycyny dla kobiety Miriam Menkin (1901 \u2013 1992) \u2013 (\u0141otwa) &#8211; pierwsza embriolo\u017cka, kt\u00f3rej uda\u0142o si\u0119 po\u0142\u0105czy\u0107 ludzk\u0105 kom\u00f3rk\u0119 jajow\u0105 z plemnikiem i uzyska\u0107 zarodek we wczesnym stadium Rosalind Franklin (1920\u20131958) \u2013&hellip;&nbsp;Read More &raquo;Program koncertu\" \/>\n<meta property=\"og:url\" content=\"https:\/\/amu.pan.pl\/en\/program-koncertu\/\" \/>\n<meta property=\"og:site_name\" content=\"Akademia M\u0142odych Uczonych\" \/>\n<meta property=\"article:publisher\" content=\"https:\/\/www.facebook.com\/AkademiaMlodychUczonych\/\" \/>\n<meta property=\"og:image\" content=\"https:\/\/amu.pan.pl\/wp-content\/uploads\/2020\/09\/AMU_logo.png\" \/>\n\t<meta property=\"og:image:width\" content=\"600\" \/>\n\t<meta property=\"og:image:height\" content=\"342\" \/>\n\t<meta property=\"og:image:type\" content=\"image\/png\" \/>\n<meta name=\"twitter:card\" content=\"summary_large_image\" \/>\n<meta name=\"twitter:site\" content=\"@AMUPAN1\" \/>\n<meta name=\"twitter:label1\" content=\"Estimated reading time\" \/>\n\t<meta name=\"twitter:data1\" content=\"1 minute\" \/>\n<script type=\"application\/ld+json\" class=\"yoast-schema-graph\">{\"@context\":\"https:\/\/schema.org\",\"@graph\":[{\"@type\":\"WebPage\",\"@id\":\"https:\/\/amu.pan.pl\/en\/program-koncertu\/\",\"url\":\"https:\/\/amu.pan.pl\/en\/program-koncertu\/\",\"name\":\"Program koncertu - Akademia M\u0142odych Uczonych\",\"isPartOf\":{\"@id\":\"https:\/\/amu.pan.pl\/#website\"},\"datePublished\":\"2019-01-18T17:29:18+00:00\",\"breadcrumb\":{\"@id\":\"https:\/\/amu.pan.pl\/en\/program-koncertu\/#breadcrumb\"},\"inLanguage\":\"en-GB\",\"potentialAction\":[{\"@type\":\"ReadAction\",\"target\":[\"https:\/\/amu.pan.pl\/en\/program-koncertu\/\"]}]},{\"@type\":\"BreadcrumbList\",\"@id\":\"https:\/\/amu.pan.pl\/en\/program-koncertu\/#breadcrumb\",\"itemListElement\":[{\"@type\":\"ListItem\",\"position\":1,\"name\":\"Strona g\u0142\u00f3wna\",\"item\":\"https:\/\/amu.pan.pl\/\"},{\"@type\":\"ListItem\",\"position\":2,\"name\":\"Program koncertu\"}]},{\"@type\":\"WebSite\",\"@id\":\"https:\/\/amu.pan.pl\/#website\",\"url\":\"https:\/\/amu.pan.pl\/\",\"name\":\"Akademia M\u0142odych Uczonych\",\"description\":\"Polska Akademia Nauk\",\"publisher\":{\"@id\":\"https:\/\/amu.pan.pl\/#organization\"},\"potentialAction\":[{\"@type\":\"SearchAction\",\"target\":{\"@type\":\"EntryPoint\",\"urlTemplate\":\"https:\/\/amu.pan.pl\/?s={search_term_string}\"},\"query-input\":{\"@type\":\"PropertyValueSpecification\",\"valueRequired\":true,\"valueName\":\"search_term_string\"}}],\"inLanguage\":\"en-GB\"},{\"@type\":\"Organization\",\"@id\":\"https:\/\/amu.pan.pl\/#organization\",\"name\":\"Akademia M\u0142odych Uczonych\",\"url\":\"https:\/\/amu.pan.pl\/\",\"logo\":{\"@type\":\"ImageObject\",\"inLanguage\":\"en-GB\",\"@id\":\"https:\/\/amu.pan.pl\/#\/schema\/logo\/image\/\",\"url\":\"https:\/\/amu.pan.pl\/wp-content\/uploads\/2020\/08\/zz_amu.png\",\"contentUrl\":\"https:\/\/amu.pan.pl\/wp-content\/uploads\/2020\/08\/zz_amu.png\",\"width\":2794,\"height\":1016,\"caption\":\"Akademia M\u0142odych Uczonych\"},\"image\":{\"@id\":\"https:\/\/amu.pan.pl\/#\/schema\/logo\/image\/\"},\"sameAs\":[\"https:\/\/www.facebook.com\/AkademiaMlodychUczonych\/\",\"https:\/\/x.com\/AMUPAN1\"]}]}<\/script>\n<!-- \/ Yoast SEO plugin. -->","yoast_head_json":{"title":"Program koncertu - Akademia M\u0142odych Uczonych","robots":{"index":"index","follow":"follow","max-snippet":"max-snippet:-1","max-image-preview":"max-image-preview:large","max-video-preview":"max-video-preview:-1"},"canonical":"https:\/\/amu.pan.pl\/en\/program-koncertu\/","og_locale":"en_GB","og_type":"article","og_title":"Program koncertu - Akademia M\u0142odych Uczonych","og_description":"Sylwetki naukowczy\u0144: Gerty Cori (1896-1957) \u2013 (Czechy) &#8211; otrzyma\u0142a Nagrod\u0119 Nobla w zakresie fizjologii i medycyny za badania nad glikogenoliz\u0105, pierwszy Nobel z medycyny dla kobiety Miriam Menkin (1901 \u2013 1992) \u2013 (\u0141otwa) &#8211; pierwsza embriolo\u017cka, kt\u00f3rej uda\u0142o si\u0119 po\u0142\u0105czy\u0107 ludzk\u0105 kom\u00f3rk\u0119 jajow\u0105 z plemnikiem i uzyska\u0107 zarodek we wczesnym stadium Rosalind Franklin (1920\u20131958) \u2013&hellip;&nbsp;Read More &raquo;Program koncertu","og_url":"https:\/\/amu.pan.pl\/en\/program-koncertu\/","og_site_name":"Akademia M\u0142odych Uczonych","article_publisher":"https:\/\/www.facebook.com\/AkademiaMlodychUczonych\/","og_image":[{"width":600,"height":342,"url":"https:\/\/amu.pan.pl\/wp-content\/uploads\/2020\/09\/AMU_logo.png","type":"image\/png"}],"twitter_card":"summary_large_image","twitter_site":"@AMUPAN1","twitter_misc":{"Estimated reading time":"1 minute"},"schema":{"@context":"https:\/\/schema.org","@graph":[{"@type":"WebPage","@id":"https:\/\/amu.pan.pl\/en\/program-koncertu\/","url":"https:\/\/amu.pan.pl\/en\/program-koncertu\/","name":"Program koncertu - Akademia M\u0142odych Uczonych","isPartOf":{"@id":"https:\/\/amu.pan.pl\/#website"},"datePublished":"2019-01-18T17:29:18+00:00","breadcrumb":{"@id":"https:\/\/amu.pan.pl\/en\/program-koncertu\/#breadcrumb"},"inLanguage":"en-GB","potentialAction":[{"@type":"ReadAction","target":["https:\/\/amu.pan.pl\/en\/program-koncertu\/"]}]},{"@type":"BreadcrumbList","@id":"https:\/\/amu.pan.pl\/en\/program-koncertu\/#breadcrumb","itemListElement":[{"@type":"ListItem","position":1,"name":"Strona g\u0142\u00f3wna","item":"https:\/\/amu.pan.pl\/"},{"@type":"ListItem","position":2,"name":"Program koncertu"}]},{"@type":"WebSite","@id":"https:\/\/amu.pan.pl\/#website","url":"https:\/\/amu.pan.pl\/","name":"Akademia M\u0142odych Uczonych","description":"Polska Akademia Nauk","publisher":{"@id":"https:\/\/amu.pan.pl\/#organization"},"potentialAction":[{"@type":"SearchAction","target":{"@type":"EntryPoint","urlTemplate":"https:\/\/amu.pan.pl\/?s={search_term_string}"},"query-input":{"@type":"PropertyValueSpecification","valueRequired":true,"valueName":"search_term_string"}}],"inLanguage":"en-GB"},{"@type":"Organization","@id":"https:\/\/amu.pan.pl\/#organization","name":"Akademia M\u0142odych Uczonych","url":"https:\/\/amu.pan.pl\/","logo":{"@type":"ImageObject","inLanguage":"en-GB","@id":"https:\/\/amu.pan.pl\/#\/schema\/logo\/image\/","url":"https:\/\/amu.pan.pl\/wp-content\/uploads\/2020\/08\/zz_amu.png","contentUrl":"https:\/\/amu.pan.pl\/wp-content\/uploads\/2020\/08\/zz_amu.png","width":2794,"height":1016,"caption":"Akademia M\u0142odych Uczonych"},"image":{"@id":"https:\/\/amu.pan.pl\/#\/schema\/logo\/image\/"},"sameAs":["https:\/\/www.facebook.com\/AkademiaMlodychUczonych\/","https:\/\/x.com\/AMUPAN1"]}]}},"_links":{"self":[{"href":"https:\/\/amu.pan.pl\/en\/wp-json\/wp\/v2\/pages\/2311","targetHints":{"allow":["GET"]}}],"collection":[{"href":"https:\/\/amu.pan.pl\/en\/wp-json\/wp\/v2\/pages"}],"about":[{"href":"https:\/\/amu.pan.pl\/en\/wp-json\/wp\/v2\/types\/page"}],"author":[{"embeddable":true,"href":"https:\/\/amu.pan.pl\/en\/wp-json\/wp\/v2\/users\/2"}],"replies":[{"embeddable":true,"href":"https:\/\/amu.pan.pl\/en\/wp-json\/wp\/v2\/comments?post=2311"}],"version-history":[{"count":0,"href":"https:\/\/amu.pan.pl\/en\/wp-json\/wp\/v2\/pages\/2311\/revisions"}],"wp:attachment":[{"href":"https:\/\/amu.pan.pl\/en\/wp-json\/wp\/v2\/media?parent=2311"}],"curies":[{"name":"wp","href":"https:\/\/api.w.org\/{rel}","templated":true}]}}