{"id":2320,"date":"2020-11-09T19:16:24","date_gmt":"2020-11-09T18:16:24","guid":{"rendered":"http:\/\/amu.pan.pl\/kobietywnauce\/?page_id=310"},"modified":"2021-10-04T13:44:59","modified_gmt":"2021-10-04T11:44:59","slug":"10-lat","status":"publish","type":"page","link":"https:\/\/amu.pan.pl\/en\/10-lat\/","title":{"rendered":"Jubileusz Akademii M\u0142odych Uczonych"},"content":{"rendered":"<div data-elementor-type=\"wp-page\" data-elementor-id=\"2320\" class=\"elementor elementor-2320\">\n\t\t\t\t\t\t<section class=\"elementor-section elementor-top-section elementor-element elementor-element-7e81688 elementor-section-boxed elementor-section-height-default elementor-section-height-default\" data-id=\"7e81688\" data-element_type=\"section\">\n\t\t\t\t\t\t<div class=\"elementor-container elementor-column-gap-default\">\n\t\t\t\t\t<div class=\"elementor-column elementor-col-100 elementor-top-column elementor-element elementor-element-ae84fde\" data-id=\"ae84fde\" data-element_type=\"column\">\n\t\t\t<div class=\"elementor-widget-wrap elementor-element-populated\">\n\t\t\t\t\t\t<section class=\"elementor-section elementor-inner-section elementor-element elementor-element-f393606 elementor-section-boxed elementor-section-height-default elementor-section-height-default\" data-id=\"f393606\" data-element_type=\"section\">\n\t\t\t\t\t\t<div class=\"elementor-container elementor-column-gap-default\">\n\t\t\t\t\t<div class=\"elementor-column elementor-col-100 elementor-inner-column elementor-element elementor-element-301c480\" data-id=\"301c480\" data-element_type=\"column\">\n\t\t\t<div class=\"elementor-widget-wrap elementor-element-populated\">\n\t\t\t\t\t\t<div class=\"elementor-element elementor-element-631fa46 elementor-widget elementor-widget-heading\" data-id=\"631fa46\" data-element_type=\"widget\" data-widget_type=\"heading.default\">\n\t\t\t\t<div class=\"elementor-widget-container\">\n\t\t\t\t\t<h1 class=\"elementor-heading-title elementor-size-default\">10th anniversary of AMU<\/h1>\t\t\t\t<\/div>\n\t\t\t\t<\/div>\n\t\t\t\t<div class=\"elementor-element elementor-element-c882375 elementor-widget elementor-widget-heading\" data-id=\"c882375\" data-element_type=\"widget\" data-widget_type=\"heading.default\">\n\t\t\t\t<div class=\"elementor-widget-container\">\n\t\t\t\t\t<h2 class=\"elementor-heading-title elementor-size-default\">Warszawa, 7 pa\u017adziernika 2021<\/h2>\t\t\t\t<\/div>\n\t\t\t\t<\/div>\n\t\t\t\t<div class=\"elementor-element elementor-element-ffa0104 elementor-widget elementor-widget-image\" data-id=\"ffa0104\" data-element_type=\"widget\" data-widget_type=\"image.default\">\n\t\t\t\t<div class=\"elementor-widget-container\">\n\t\t\t\t\t\t\t\t\t\t\t\t\t\t\t<img decoding=\"async\" src=\"https:\/\/amu.pan.pl\/wp-content\/uploads\/elementor\/thumbs\/10-lecie-p9n82wxqyo5ebhdwqy8z3dmjwx65fnzlbls1mh4feo.png\" title=\"10-lecie\" alt=\"10-lecie\" loading=\"lazy\" \/>\t\t\t\t\t\t\t\t\t\t\t\t\t\t\t<\/div>\n\t\t\t\t<\/div>\n\t\t\t\t<div class=\"elementor-element elementor-element-f738771 elementor-widget-divider--view-line elementor-widget elementor-widget-divider\" data-id=\"f738771\" data-element_type=\"widget\" data-widget_type=\"divider.default\">\n\t\t\t\t<div class=\"elementor-widget-container\">\n\t\t\t\t\t\t\t<div class=\"elementor-divider\">\n\t\t\t<span class=\"elementor-divider-separator\">\n\t\t\t\t\t\t<\/span>\n\t\t<\/div>\n\t\t\t\t\t\t<\/div>\n\t\t\t\t<\/div>\n\t\t\t\t<div class=\"elementor-element elementor-element-3713a60 elementor-widget elementor-widget-heading\" data-id=\"3713a60\" data-element_type=\"widget\" data-widget_type=\"heading.default\">\n\t\t\t\t<div class=\"elementor-widget-container\">\n\t\t\t\t\t<h3 class=\"elementor-heading-title elementor-size-default\">11.00 - 13.00<\/h3>\t\t\t\t<\/div>\n\t\t\t\t<\/div>\n\t\t\t\t<div class=\"elementor-element elementor-element-be1ac24 elementor-widget elementor-widget-heading\" data-id=\"be1ac24\" data-element_type=\"widget\" data-widget_type=\"heading.default\">\n\t\t\t\t<div class=\"elementor-widget-container\">\n\t\t\t\t\t<h4 class=\"elementor-heading-title elementor-size-default\">Otwarcie Uroczysto\u015bci<\/h4>\t\t\t\t<\/div>\n\t\t\t\t<\/div>\n\t\t\t\t<div class=\"elementor-element elementor-element-9867208 elementor-widget elementor-widget-text-editor\" data-id=\"9867208\" data-element_type=\"widget\" data-widget_type=\"text-editor.default\">\n\t\t\t\t<div class=\"elementor-widget-container\">\n\t\t\t\t\t\t\t\t\t<p>Dr hab. Karol Palka, prof. IM PAN, Przewodnicz\u0105cy AMU<\/p><p>Prof. dr hab. Jerzy Duszy\u0144ski, Prezes PAN<\/p>\t\t\t\t\t\t\t\t<\/div>\n\t\t\t\t<\/div>\n\t\t\t\t<div class=\"elementor-element elementor-element-123443b elementor-widget elementor-widget-heading\" data-id=\"123443b\" data-element_type=\"widget\" data-widget_type=\"heading.default\">\n\t\t\t\t<div class=\"elementor-widget-container\">\n\t\t\t\t\t<h4 class=\"elementor-heading-title elementor-size-default\">Dzia\u0142alno\u015b\u0107 AMU w latach 2010-2019<\/h4>\t\t\t\t<\/div>\n\t\t\t\t<\/div>\n\t\t\t\t<div class=\"elementor-element elementor-element-2ef7c53 elementor-widget elementor-widget-text-editor\" data-id=\"2ef7c53\" data-element_type=\"widget\" data-widget_type=\"text-editor.default\">\n\t\t\t\t<div class=\"elementor-widget-container\">\n\t\t\t\t\t\t\t\t\t<p>Prof. dr hab. med. Bartosz Karaszewski, Przewodnicz\u0105cy AMU w latach 2012-2014<\/p><p>Prof. dr hab. Micha\u0142 Wierzcho\u0144, Zast\u0119pca Przewodnicz\u0105cego AMU w latach 2014-2017<\/p><p>Prof. dr hab. Konrad Osajda, Przewodnicz\u0105cy AMU w latach 2016-2017<\/p><p>Dr hab. Anna Ajduk, prof. UW, Przewodnicz\u0105ca AMU w latach 2017-2019<\/p>\t\t\t\t\t\t\t\t<\/div>\n\t\t\t\t<\/div>\n\t\t\t\t<div class=\"elementor-element elementor-element-ec00e83 elementor-widget elementor-widget-heading\" data-id=\"ec00e83\" data-element_type=\"widget\" data-widget_type=\"heading.default\">\n\t\t\t\t<div class=\"elementor-widget-container\">\n\t\t\t\t\t<h4 class=\"elementor-heading-title elementor-size-default\">AMU dzi\u015b - AMU jutro<\/h4>\t\t\t\t<\/div>\n\t\t\t\t<\/div>\n\t\t\t\t<div class=\"elementor-element elementor-element-e13b3d4 elementor-widget elementor-widget-text-editor\" data-id=\"e13b3d4\" data-element_type=\"widget\" data-widget_type=\"text-editor.default\">\n\t\t\t\t<div class=\"elementor-widget-container\">\n\t\t\t\t\t\t\t\t\t<p>Dr hab. Monika Kwoka, prof. P\u015a, Zast\u0119pczyni Przewodnicz\u0105cego AMU<\/p><p>Dr Jacek Kolanowski, Zast\u0119pca Przewodnicz\u0105cego AMU<strong> <br \/><\/strong><\/p><p>Dr Krzysztof Nowak, Zast\u0119pca Przewodnicz\u0105cego AMU<\/p><p>Dr hab. Karol Palka, prof. IM PAN, Przewodnicz\u0105cy AMU<\/p>\t\t\t\t\t\t\t\t<\/div>\n\t\t\t\t<\/div>\n\t\t\t\t<div class=\"elementor-element elementor-element-4a31667 elementor-widget elementor-widget-heading\" data-id=\"4a31667\" data-element_type=\"widget\" data-widget_type=\"heading.default\">\n\t\t\t\t<div class=\"elementor-widget-container\">\n\t\t\t\t\t<h3 class=\"elementor-heading-title elementor-size-default\">13.30 - 15.00<\/h3>\t\t\t\t<\/div>\n\t\t\t\t<\/div>\n\t\t\t\t<div class=\"elementor-element elementor-element-2248b92 elementor-widget elementor-widget-heading\" data-id=\"2248b92\" data-element_type=\"widget\" data-widget_type=\"heading.default\">\n\t\t\t\t<div class=\"elementor-widget-container\">\n\t\t\t\t\t<h4 class=\"elementor-heading-title elementor-size-default\">Obiad<\/h4>\t\t\t\t<\/div>\n\t\t\t\t<\/div>\n\t\t\t\t<div class=\"elementor-element elementor-element-1d88fcc elementor-widget-divider--view-line elementor-widget elementor-widget-divider\" data-id=\"1d88fcc\" data-element_type=\"widget\" data-widget_type=\"divider.default\">\n\t\t\t\t<div class=\"elementor-widget-container\">\n\t\t\t\t\t\t\t<div class=\"elementor-divider\">\n\t\t\t<span class=\"elementor-divider-separator\">\n\t\t\t\t\t\t<\/span>\n\t\t<\/div>\n\t\t\t\t\t\t<\/div>\n\t\t\t\t<\/div>\n\t\t\t\t<div class=\"elementor-element elementor-element-26e253f elementor-view-default elementor-position-top elementor-mobile-position-top elementor-widget elementor-widget-icon-box\" data-id=\"26e253f\" data-element_type=\"widget\" data-widget_type=\"icon-box.default\">\n\t\t\t\t<div class=\"elementor-widget-container\">\n\t\t\t\t\t\t\t<div class=\"elementor-icon-box-wrapper\">\n\n\t\t\t\t\t\t<div class=\"elementor-icon-box-icon\">\n\t\t\t\t<a href=\"https:\/\/amu.pan.pl\/wp-content\/uploads\/2021\/10\/AMU_program_WWW.pdf\" target=\"_blank\" class=\"elementor-icon\" tabindex=\"-1\" aria-label=\"Do pobrania\">\n\t\t\t\t<i aria-hidden=\"true\" class=\"far fa-file-pdf\"><\/i>\t\t\t\t<\/a>\n\t\t\t<\/div>\n\t\t\t\n\t\t\t\t\t\t<div class=\"elementor-icon-box-content\">\n\n\t\t\t\t\t\t\t\t\t<h3 class=\"elementor-icon-box-title\">\n\t\t\t\t\t\t<a href=\"https:\/\/amu.pan.pl\/wp-content\/uploads\/2021\/10\/AMU_program_WWW.pdf\" target=\"_blank\" >\n\t\t\t\t\t\t\tDo pobrania\t\t\t\t\t\t<\/a>\n\t\t\t\t\t<\/h3>\n\t\t\t\t\n\t\t\t\t\n\t\t\t<\/div>\n\t\t\t\n\t\t<\/div>\n\t\t\t\t\t\t<\/div>\n\t\t\t\t<\/div>\n\t\t\t\t\t<\/div>\n\t\t<\/div>\n\t\t\t\t\t<\/div>\n\t\t<\/section>\n\t\t\t\t\t<\/div>\n\t\t<\/div>\n\t\t\t\t\t<\/div>\n\t\t<\/section>\n\t\t\t\t<section class=\"elementor-section elementor-top-section elementor-element elementor-element-1918ae3 elementor-section-boxed elementor-section-height-default elementor-section-height-default\" data-id=\"1918ae3\" data-element_type=\"section\">\n\t\t\t\t\t\t<div class=\"elementor-container elementor-column-gap-default\">\n\t\t\t\t\t<div class=\"elementor-column elementor-col-33 elementor-top-column elementor-element elementor-element-5dbf934\" data-id=\"5dbf934\" data-element_type=\"column\">\n\t\t\t<div class=\"elementor-widget-wrap elementor-element-populated\">\n\t\t\t\t\t\t<div class=\"elementor-element elementor-element-a459382 elementor-widget elementor-widget-heading\" data-id=\"a459382\" data-element_type=\"widget\" data-widget_type=\"heading.default\">\n\t\t\t\t<div class=\"elementor-widget-container\">\n\t\t\t\t\t<h2 class=\"elementor-heading-title elementor-size-default\">Miejsce<\/h2>\t\t\t\t<\/div>\n\t\t\t\t<\/div>\n\t\t\t\t<div class=\"elementor-element elementor-element-81c4482 elementor-widget elementor-widget-text-editor\" data-id=\"81c4482\" data-element_type=\"widget\" data-widget_type=\"text-editor.default\">\n\t\t\t\t<div class=\"elementor-widget-container\">\n\t\t\t\t\t\t\t\t\t<div><div>Pa\u0142ac Staszica<\/div><div>Sala Lustrzana<\/div><div>ul. Nowy \u015awiat 72<\/div><div>00-330 Warszawa<\/div><\/div>\t\t\t\t\t\t\t\t<\/div>\n\t\t\t\t<\/div>\n\t\t\t\t<div class=\"elementor-element elementor-element-b624367 elementor-widget elementor-widget-heading\" data-id=\"b624367\" data-element_type=\"widget\" data-widget_type=\"heading.default\">\n\t\t\t\t<div class=\"elementor-widget-container\">\n\t\t\t\t\t<h2 class=\"elementor-heading-title elementor-size-default\">contact<\/h2>\t\t\t\t<\/div>\n\t\t\t\t<\/div>\n\t\t\t\t<div class=\"elementor-element elementor-element-5a43837 elementor-widget elementor-widget-text-editor\" data-id=\"5a43837\" data-element_type=\"widget\" data-widget_type=\"text-editor.default\">\n\t\t\t\t<div class=\"elementor-widget-container\">\n\t\t\t\t\t\t\t\t\t<a href=\"https:\/\/amu.pan.pl\/kontakt\/\">Pani Marta Dymek<\/a>\t\t\t\t\t\t\t\t<\/div>\n\t\t\t\t<\/div>\n\t\t\t\t<div class=\"elementor-element elementor-element-6675083 elementor-view-default elementor-widget elementor-widget-icon\" data-id=\"6675083\" data-element_type=\"widget\" data-widget_type=\"icon.default\">\n\t\t\t\t<div class=\"elementor-widget-container\">\n\t\t\t\t\t\t\t<div class=\"elementor-icon-wrapper\">\n\t\t\t<a class=\"elementor-icon\" href=\"https:\/\/amu.pan.pl\/kontakt\/\">\n\t\t\t<i aria-hidden=\"true\" class=\"far fa-address-card\"><\/i>\t\t\t<\/a>\n\t\t<\/div>\n\t\t\t\t\t\t<\/div>\n\t\t\t\t<\/div>\n\t\t\t\t\t<\/div>\n\t\t<\/div>\n\t\t\t\t<div class=\"elementor-column elementor-col-66 elementor-top-column elementor-element elementor-element-2bc94ed\" data-id=\"2bc94ed\" data-element_type=\"column\">\n\t\t\t<div class=\"elementor-widget-wrap elementor-element-populated\">\n\t\t\t\t\t\t<div class=\"elementor-element elementor-element-2ca1593 elementor-widget elementor-widget-google_maps\" data-id=\"2ca1593\" data-element_type=\"widget\" data-widget_type=\"google_maps.default\">\n\t\t\t\t<div class=\"elementor-widget-container\">\n\t\t\t\t\t\t\t<div class=\"elementor-custom-embed\">\n\t\t\t<iframe loading=\"lazy\"\n\t\t\t\t\tsrc=\"https:\/\/maps.google.com\/maps?q=Pa%C5%82ac%20Staszica&#038;t=m&#038;z=10&#038;output=embed&#038;iwloc=near\"\n\t\t\t\t\ttitle=\"Pa\u0142ac Staszica\"\n\t\t\t\t\taria-label=\"Pa\u0142ac Staszica\"\n\t\t\t><\/iframe>\n\t\t<\/div>\n\t\t\t\t\t\t<\/div>\n\t\t\t\t<\/div>\n\t\t\t\t\t<\/div>\n\t\t<\/div>\n\t\t\t\t\t<\/div>\n\t\t<\/section>\n\t\t\t\t<\/div>","protected":false},"excerpt":{"rendered":"<p>Jubileusz 10-lecia AMU Warszawa, 7 pa\u017adziernika 2021 11.00 &#8211; 13.00 Otwarcie Uroczysto\u015bci Dr hab. Karol Palka, prof. IM PAN, Przewodnicz\u0105cy AMU Prof. dr hab. Jerzy Duszy\u0144ski, Prezes PAN Dzia\u0142alno\u015b\u0107 AMU w latach 2010-2019 Prof. dr hab. med. Bartosz Karaszewski, Przewodnicz\u0105cy AMU w latach 2012-2014 Prof. dr hab. Micha\u0142 Wierzcho\u0144, Zast\u0119pca Przewodnicz\u0105cego AMU w latach 2014-2017&hellip;&nbsp;<a href=\"https:\/\/amu.pan.pl\/en\/10-lat\/\" rel=\"bookmark\">Read More &raquo;<span class=\"screen-reader-text\">Jubileusz Akademii M\u0142odych Uczonych<\/span><\/a><\/p>","protected":false},"author":2,"featured_media":3094,"parent":0,"menu_order":0,"comment_status":"closed","ping_status":"closed","template":"page-templates\/template-pagebuilder-full-width.php","meta":{"_monsterinsights_skip_tracking":false,"_monsterinsights_sitenote_active":false,"_monsterinsights_sitenote_note":"","_monsterinsights_sitenote_category":0,"neve_meta_sidebar":"","neve_meta_container":"","neve_meta_enable_content_width":"","neve_meta_content_width":0,"neve_meta_title_alignment":"","neve_meta_author_avatar":"","neve_post_elements_order":"","neve_meta_disable_header":"","neve_meta_disable_footer":"","neve_meta_disable_title":"","footnotes":""},"class_list":["post-2320","page","type-page","status-publish","has-post-thumbnail","hentry"],"yoast_head":"<!-- This site is optimized with the Yoast SEO plugin v25.0 - https:\/\/yoast.com\/wordpress\/plugins\/seo\/ -->\n<title>Jubileusz Akademii M\u0142odych Uczonych - Akademia M\u0142odych Uczonych<\/title>\n<meta name=\"robots\" content=\"index, follow, max-snippet:-1, max-image-preview:large, max-video-preview:-1\" \/>\n<link rel=\"canonical\" href=\"https:\/\/amu.pan.pl\/en\/10-lat\/\" \/>\n<meta property=\"og:locale\" content=\"en_GB\" \/>\n<meta property=\"og:type\" content=\"article\" \/>\n<meta property=\"og:title\" content=\"Jubileusz Akademii M\u0142odych Uczonych - Akademia M\u0142odych Uczonych\" \/>\n<meta property=\"og:description\" content=\"Jubileusz 10-lecia AMU Warszawa, 7 pa\u017adziernika 2021 11.00 &#8211; 13.00 Otwarcie Uroczysto\u015bci Dr hab. Karol Palka, prof. IM PAN, Przewodnicz\u0105cy AMU Prof. dr hab. Jerzy Duszy\u0144ski, Prezes PAN Dzia\u0142alno\u015b\u0107 AMU w latach 2010-2019 Prof. dr hab. med. Bartosz Karaszewski, Przewodnicz\u0105cy AMU w latach 2012-2014 Prof. dr hab. Micha\u0142 Wierzcho\u0144, Zast\u0119pca Przewodnicz\u0105cego AMU w latach 2014-2017&hellip;&nbsp;Read More &raquo;Jubileusz Akademii M\u0142odych Uczonych\" \/>\n<meta property=\"og:url\" content=\"https:\/\/amu.pan.pl\/en\/10-lat\/\" \/>\n<meta property=\"og:site_name\" content=\"Akademia M\u0142odych Uczonych\" \/>\n<meta property=\"article:publisher\" content=\"https:\/\/www.facebook.com\/AkademiaMlodychUczonych\/\" \/>\n<meta property=\"article:modified_time\" content=\"2021-10-04T11:44:59+00:00\" \/>\n<meta property=\"og:image\" content=\"https:\/\/amu.pan.pl\/wp-content\/uploads\/2020\/11\/pexels-magda-ehlers-1339845-scaled-e1604945755594.jpg\" \/>\n\t<meta property=\"og:image:width\" content=\"300\" \/>\n\t<meta property=\"og:image:height\" content=\"202\" \/>\n\t<meta property=\"og:image:type\" content=\"image\/jpeg\" \/>\n<meta name=\"twitter:card\" content=\"summary_large_image\" \/>\n<meta name=\"twitter:site\" content=\"@AMUPAN1\" \/>\n<meta name=\"twitter:label1\" content=\"Estimated reading time\" \/>\n\t<meta name=\"twitter:data1\" content=\"1 minute\" \/>\n<script type=\"application\/ld+json\" class=\"yoast-schema-graph\">{\"@context\":\"https:\/\/schema.org\",\"@graph\":[{\"@type\":\"WebPage\",\"@id\":\"https:\/\/amu.pan.pl\/10-lat\/\",\"url\":\"https:\/\/amu.pan.pl\/10-lat\/\",\"name\":\"Jubileusz Akademii M\u0142odych Uczonych - Akademia M\u0142odych Uczonych\",\"isPartOf\":{\"@id\":\"https:\/\/amu.pan.pl\/#website\"},\"primaryImageOfPage\":{\"@id\":\"https:\/\/amu.pan.pl\/10-lat\/#primaryimage\"},\"image\":{\"@id\":\"https:\/\/amu.pan.pl\/10-lat\/#primaryimage\"},\"thumbnailUrl\":\"https:\/\/amu.pan.pl\/wp-content\/uploads\/2020\/11\/pexels-magda-ehlers-1339845-scaled-e1604945755594.jpg\",\"datePublished\":\"2020-11-09T18:16:24+00:00\",\"dateModified\":\"2021-10-04T11:44:59+00:00\",\"breadcrumb\":{\"@id\":\"https:\/\/amu.pan.pl\/10-lat\/#breadcrumb\"},\"inLanguage\":\"en-GB\",\"potentialAction\":[{\"@type\":\"ReadAction\",\"target\":[\"https:\/\/amu.pan.pl\/10-lat\/\"]}]},{\"@type\":\"ImageObject\",\"inLanguage\":\"en-GB\",\"@id\":\"https:\/\/amu.pan.pl\/10-lat\/#primaryimage\",\"url\":\"https:\/\/amu.pan.pl\/wp-content\/uploads\/2020\/11\/pexels-magda-ehlers-1339845-scaled-e1604945755594.jpg\",\"contentUrl\":\"https:\/\/amu.pan.pl\/wp-content\/uploads\/2020\/11\/pexels-magda-ehlers-1339845-scaled-e1604945755594.jpg\",\"width\":300,\"height\":202},{\"@type\":\"BreadcrumbList\",\"@id\":\"https:\/\/amu.pan.pl\/10-lat\/#breadcrumb\",\"itemListElement\":[{\"@type\":\"ListItem\",\"position\":1,\"name\":\"Strona g\u0142\u00f3wna\",\"item\":\"https:\/\/amu.pan.pl\/\"},{\"@type\":\"ListItem\",\"position\":2,\"name\":\"Jubileusz Akademii M\u0142odych Uczonych\"}]},{\"@type\":\"WebSite\",\"@id\":\"https:\/\/amu.pan.pl\/#website\",\"url\":\"https:\/\/amu.pan.pl\/\",\"name\":\"Akademia M\u0142odych Uczonych\",\"description\":\"Polska Akademia Nauk\",\"publisher\":{\"@id\":\"https:\/\/amu.pan.pl\/#organization\"},\"potentialAction\":[{\"@type\":\"SearchAction\",\"target\":{\"@type\":\"EntryPoint\",\"urlTemplate\":\"https:\/\/amu.pan.pl\/?s={search_term_string}\"},\"query-input\":{\"@type\":\"PropertyValueSpecification\",\"valueRequired\":true,\"valueName\":\"search_term_string\"}}],\"inLanguage\":\"en-GB\"},{\"@type\":\"Organization\",\"@id\":\"https:\/\/amu.pan.pl\/#organization\",\"name\":\"Akademia M\u0142odych Uczonych\",\"url\":\"https:\/\/amu.pan.pl\/\",\"logo\":{\"@type\":\"ImageObject\",\"inLanguage\":\"en-GB\",\"@id\":\"https:\/\/amu.pan.pl\/#\/schema\/logo\/image\/\",\"url\":\"https:\/\/amu.pan.pl\/wp-content\/uploads\/2020\/08\/zz_amu.png\",\"contentUrl\":\"https:\/\/amu.pan.pl\/wp-content\/uploads\/2020\/08\/zz_amu.png\",\"width\":2794,\"height\":1016,\"caption\":\"Akademia M\u0142odych Uczonych\"},\"image\":{\"@id\":\"https:\/\/amu.pan.pl\/#\/schema\/logo\/image\/\"},\"sameAs\":[\"https:\/\/www.facebook.com\/AkademiaMlodychUczonych\/\",\"https:\/\/x.com\/AMUPAN1\"]}]}<\/script>\n<!-- \/ Yoast SEO plugin. -->","yoast_head_json":{"title":"Jubileusz Akademii M\u0142odych Uczonych - Akademia M\u0142odych Uczonych","robots":{"index":"index","follow":"follow","max-snippet":"max-snippet:-1","max-image-preview":"max-image-preview:large","max-video-preview":"max-video-preview:-1"},"canonical":"https:\/\/amu.pan.pl\/en\/10-lat\/","og_locale":"en_GB","og_type":"article","og_title":"Jubileusz Akademii M\u0142odych Uczonych - Akademia M\u0142odych Uczonych","og_description":"Jubileusz 10-lecia AMU Warszawa, 7 pa\u017adziernika 2021 11.00 &#8211; 13.00 Otwarcie Uroczysto\u015bci Dr hab. Karol Palka, prof. IM PAN, Przewodnicz\u0105cy AMU Prof. dr hab. Jerzy Duszy\u0144ski, Prezes PAN Dzia\u0142alno\u015b\u0107 AMU w latach 2010-2019 Prof. dr hab. med. Bartosz Karaszewski, Przewodnicz\u0105cy AMU w latach 2012-2014 Prof. dr hab. Micha\u0142 Wierzcho\u0144, Zast\u0119pca Przewodnicz\u0105cego AMU w latach 2014-2017&hellip;&nbsp;Read More &raquo;Jubileusz Akademii M\u0142odych Uczonych","og_url":"https:\/\/amu.pan.pl\/en\/10-lat\/","og_site_name":"Akademia M\u0142odych Uczonych","article_publisher":"https:\/\/www.facebook.com\/AkademiaMlodychUczonych\/","article_modified_time":"2021-10-04T11:44:59+00:00","og_image":[{"width":300,"height":202,"url":"https:\/\/amu.pan.pl\/wp-content\/uploads\/2020\/11\/pexels-magda-ehlers-1339845-scaled-e1604945755594.jpg","type":"image\/jpeg"}],"twitter_card":"summary_large_image","twitter_site":"@AMUPAN1","twitter_misc":{"Estimated reading time":"1 minute"},"schema":{"@context":"https:\/\/schema.org","@graph":[{"@type":"WebPage","@id":"https:\/\/amu.pan.pl\/10-lat\/","url":"https:\/\/amu.pan.pl\/10-lat\/","name":"Jubileusz Akademii M\u0142odych Uczonych - Akademia M\u0142odych Uczonych","isPartOf":{"@id":"https:\/\/amu.pan.pl\/#website"},"primaryImageOfPage":{"@id":"https:\/\/amu.pan.pl\/10-lat\/#primaryimage"},"image":{"@id":"https:\/\/amu.pan.pl\/10-lat\/#primaryimage"},"thumbnailUrl":"https:\/\/amu.pan.pl\/wp-content\/uploads\/2020\/11\/pexels-magda-ehlers-1339845-scaled-e1604945755594.jpg","datePublished":"2020-11-09T18:16:24+00:00","dateModified":"2021-10-04T11:44:59+00:00","breadcrumb":{"@id":"https:\/\/amu.pan.pl\/10-lat\/#breadcrumb"},"inLanguage":"en-GB","potentialAction":[{"@type":"ReadAction","target":["https:\/\/amu.pan.pl\/10-lat\/"]}]},{"@type":"ImageObject","inLanguage":"en-GB","@id":"https:\/\/amu.pan.pl\/10-lat\/#primaryimage","url":"https:\/\/amu.pan.pl\/wp-content\/uploads\/2020\/11\/pexels-magda-ehlers-1339845-scaled-e1604945755594.jpg","contentUrl":"https:\/\/amu.pan.pl\/wp-content\/uploads\/2020\/11\/pexels-magda-ehlers-1339845-scaled-e1604945755594.jpg","width":300,"height":202},{"@type":"BreadcrumbList","@id":"https:\/\/amu.pan.pl\/10-lat\/#breadcrumb","itemListElement":[{"@type":"ListItem","position":1,"name":"Strona g\u0142\u00f3wna","item":"https:\/\/amu.pan.pl\/"},{"@type":"ListItem","position":2,"name":"Jubileusz Akademii M\u0142odych Uczonych"}]},{"@type":"WebSite","@id":"https:\/\/amu.pan.pl\/#website","url":"https:\/\/amu.pan.pl\/","name":"Akademia M\u0142odych Uczonych","description":"Polska Akademia Nauk","publisher":{"@id":"https:\/\/amu.pan.pl\/#organization"},"potentialAction":[{"@type":"SearchAction","target":{"@type":"EntryPoint","urlTemplate":"https:\/\/amu.pan.pl\/?s={search_term_string}"},"query-input":{"@type":"PropertyValueSpecification","valueRequired":true,"valueName":"search_term_string"}}],"inLanguage":"en-GB"},{"@type":"Organization","@id":"https:\/\/amu.pan.pl\/#organization","name":"Akademia M\u0142odych Uczonych","url":"https:\/\/amu.pan.pl\/","logo":{"@type":"ImageObject","inLanguage":"en-GB","@id":"https:\/\/amu.pan.pl\/#\/schema\/logo\/image\/","url":"https:\/\/amu.pan.pl\/wp-content\/uploads\/2020\/08\/zz_amu.png","contentUrl":"https:\/\/amu.pan.pl\/wp-content\/uploads\/2020\/08\/zz_amu.png","width":2794,"height":1016,"caption":"Akademia M\u0142odych Uczonych"},"image":{"@id":"https:\/\/amu.pan.pl\/#\/schema\/logo\/image\/"},"sameAs":["https:\/\/www.facebook.com\/AkademiaMlodychUczonych\/","https:\/\/x.com\/AMUPAN1"]}]}},"_links":{"self":[{"href":"https:\/\/amu.pan.pl\/en\/wp-json\/wp\/v2\/pages\/2320","targetHints":{"allow":["GET"]}}],"collection":[{"href":"https:\/\/amu.pan.pl\/en\/wp-json\/wp\/v2\/pages"}],"about":[{"href":"https:\/\/amu.pan.pl\/en\/wp-json\/wp\/v2\/types\/page"}],"author":[{"embeddable":true,"href":"https:\/\/amu.pan.pl\/en\/wp-json\/wp\/v2\/users\/2"}],"replies":[{"embeddable":true,"href":"https:\/\/amu.pan.pl\/en\/wp-json\/wp\/v2\/comments?post=2320"}],"version-history":[{"count":104,"href":"https:\/\/amu.pan.pl\/en\/wp-json\/wp\/v2\/pages\/2320\/revisions"}],"predecessor-version":[{"id":3932,"href":"https:\/\/amu.pan.pl\/en\/wp-json\/wp\/v2\/pages\/2320\/revisions\/3932"}],"wp:featuredmedia":[{"embeddable":true,"href":"https:\/\/amu.pan.pl\/en\/wp-json\/wp\/v2\/media\/3094"}],"wp:attachment":[{"href":"https:\/\/amu.pan.pl\/en\/wp-json\/wp\/v2\/media?parent=2320"}],"curies":[{"name":"wp","href":"https:\/\/api.w.org\/{rel}","templated":true}]}}