{"id":292,"date":"2019-10-08T12:46:29","date_gmt":"2019-10-08T10:46:29","guid":{"rendered":"https:\/\/amu.pan.pl\/test\/2019\/10\/08\/marta-gmurek\/"},"modified":"2023-10-18T11:35:07","modified_gmt":"2023-10-18T09:35:07","slug":"marta-gmurek","status":"publish","type":"page","link":"https:\/\/amu.pan.pl\/en\/marta-gmurek\/","title":{"rendered":"Marta Gmurek"},"content":{"rendered":"<p><img decoding=\"async\" class=\"size-full wp-image-291\" style=\"margin-left: auto;margin-right: auto\" src=\"https:\/\/amu.pan.pl\/wp-content\/uploads\/2019\/10\/IV_Marta_Gmurek-scaled.jpg\" alt=\"\" width=\"162\" height=\"196\" srcset=\"https:\/\/amu.pan.pl\/wp-content\/uploads\/2019\/10\/IV_Marta_Gmurek-scaled.jpg 2109w, https:\/\/amu.pan.pl\/wp-content\/uploads\/2019\/10\/IV_Marta_Gmurek-247x300.jpg 247w, https:\/\/amu.pan.pl\/wp-content\/uploads\/2019\/10\/IV_Marta_Gmurek-844x1024.jpg 844w, https:\/\/amu.pan.pl\/wp-content\/uploads\/2019\/10\/IV_Marta_Gmurek-768x932.jpg 768w, https:\/\/amu.pan.pl\/wp-content\/uploads\/2019\/10\/IV_Marta_Gmurek-1265x1536.jpg 1265w, https:\/\/amu.pan.pl\/wp-content\/uploads\/2019\/10\/IV_Marta_Gmurek-1687x2048.jpg 1687w, https:\/\/amu.pan.pl\/wp-content\/uploads\/2019\/10\/IV_Marta_Gmurek-1200x1457.jpg 1200w, https:\/\/amu.pan.pl\/wp-content\/uploads\/2019\/10\/IV_Marta_Gmurek-1980x2403.jpg 1980w\" sizes=\"(max-width: 162px) 100vw, 162px\" \/><\/p>\n<p>Prof. dr hab. in\u017c. <strong>Marta Gmurek<\/strong> received MSc degree in Environmental Engineering in  at TUL and also a PhD and DSc degrees in Environmental Engineering in 2014 and 2018, respectively. Since 2020, she has been Associate Professor at TUL (Department of Molecular Engineering). After PhD her scientific research is concentrated closely on chemical engineering with elements of environmental engineering. Her scientific and research interests are focused on the effective elimination of Contaminants of Emerging Concern from the aqueous environment (wastewater and natural waters) using advanced oxidation processes. She paid special attention to application of visible light for photocatalytic and photosensitized oxidation. She has completed scientific internships at Charles University in Prague, DAAD internships in Karlsruhe Institute of Technology. Since 2018, she has been a Visiting Researcher at the University of Coimbra (Mobility Plus Programme (2018-2019) and SAFE Project, H2020 (2019-2022). She has received two START Fellowship from FNP. Since 2018, she has been a beneficiary of the fellowship of the Ministry of Science and Higher Education for Outstanding Young Scientists. She has been the manager of Norway Grants (SGS), and she has participated in 9 projects funded by NCN and NCBiR. She received a prestigious Alexander von Humboldt Research Fellowship for Postdoctoral Researchers.<\/p>\n<p>She is the co-author of 53 publications in JCR scientific journals, more information can be found on the ResearchGate profile.\nPrivately a happy wife and mother of two daughters.<\/p>\n<p>Jest wsp\u00f3\u0142autork\u0105 53 publikacji z listy JCR, wi\u0119cej informacji mo\u017cna znale\u017a\u0107 na profilu <a href=\"https:\/\/www.researchgate.net\/profile\/Marta_Gmurek\">ResearchGate profile<\/a>.<\/p>\n<p>Prywatnie szcz\u0119\u015bliwa \u017cona i mama dw\u00f3ch c\u00f3rek.<\/p>","protected":false},"excerpt":{"rendered":"<p>Prof. dr hab. in\u017c. Marta Gmurek jest Profesorem Politechniki \u0141\u00f3dzkiej, Katedry In\u017cynierii Molekularnej na Wydziale In\u017cynierii Procesowej i Ochrony \u015arodowiska. W 2014r. obroni\u0142a z wyr\u00f3\u017cnieniem prac\u0119 doktorsk\u0105, a w 2018 roku uzyska\u0142a stopie\u0144 doktora habilitowanego. Dr Gmurek aktywnie uczestniczy w badaniach na temat degradacji ksenobiotyk\u00f3w (min. substancji endokrynnych czy farmaceutyk\u00f3w) metodami wykorzystuj\u0105cymi reaktywne formy tlenu&hellip;&nbsp;<a href=\"https:\/\/amu.pan.pl\/en\/marta-gmurek\/\" rel=\"bookmark\">Read More &raquo;<span class=\"screen-reader-text\">Marta Gmurek<\/span><\/a><\/p>","protected":false},"author":2,"featured_media":290,"parent":0,"menu_order":49,"comment_status":"open","ping_status":"open","template":"","meta":{"_monsterinsights_skip_tracking":false,"_monsterinsights_sitenote_active":false,"_monsterinsights_sitenote_note":"","_monsterinsights_sitenote_category":0,"neve_meta_sidebar":"","neve_meta_container":"","neve_meta_enable_content_width":"","neve_meta_content_width":0,"neve_meta_title_alignment":"","neve_meta_author_avatar":"","neve_post_elements_order":"","neve_meta_disable_header":"","neve_meta_disable_footer":"","neve_meta_disable_title":"","footnotes":""},"class_list":["post-292","page","type-page","status-publish","has-post-thumbnail","hentry"],"yoast_head":"<!-- This site is optimized with the Yoast SEO plugin v25.0 - https:\/\/yoast.com\/wordpress\/plugins\/seo\/ -->\n<title>Marta Gmurek - Akademia M\u0142odych Uczonych<\/title>\n<meta name=\"robots\" content=\"index, follow, max-snippet:-1, max-image-preview:large, max-video-preview:-1\" \/>\n<link rel=\"canonical\" href=\"https:\/\/amu.pan.pl\/en\/marta-gmurek\/\" \/>\n<meta property=\"og:locale\" content=\"en_GB\" \/>\n<meta property=\"og:type\" content=\"article\" \/>\n<meta property=\"og:title\" content=\"Marta Gmurek - Akademia M\u0142odych Uczonych\" \/>\n<meta property=\"og:description\" content=\"Prof. dr hab. in\u017c. Marta Gmurek jest Profesorem Politechniki \u0141\u00f3dzkiej, Katedry In\u017cynierii Molekularnej na Wydziale In\u017cynierii Procesowej i Ochrony \u015arodowiska. W 2014r. obroni\u0142a z wyr\u00f3\u017cnieniem prac\u0119 doktorsk\u0105, a w 2018 roku uzyska\u0142a stopie\u0144 doktora habilitowanego. Dr Gmurek aktywnie uczestniczy w badaniach na temat degradacji ksenobiotyk\u00f3w (min. substancji endokrynnych czy farmaceutyk\u00f3w) metodami wykorzystuj\u0105cymi reaktywne formy tlenu&hellip;&nbsp;Read More &raquo;Marta Gmurek\" \/>\n<meta property=\"og:url\" content=\"https:\/\/amu.pan.pl\/en\/marta-gmurek\/\" \/>\n<meta property=\"og:site_name\" content=\"Akademia M\u0142odych Uczonych\" \/>\n<meta property=\"article:publisher\" content=\"https:\/\/www.facebook.com\/AkademiaMlodychUczonych\/\" \/>\n<meta property=\"article:modified_time\" content=\"2023-10-18T09:35:07+00:00\" \/>\n<meta property=\"og:image\" content=\"https:\/\/amu.pan.pl\/wp-content\/uploads\/2019\/10\/IV_Marta_Gmurek-scaled.jpg\" \/>\n\t<meta property=\"og:image:width\" content=\"2109\" \/>\n\t<meta property=\"og:image:height\" content=\"2560\" \/>\n\t<meta property=\"og:image:type\" content=\"image\/jpeg\" \/>\n<meta name=\"twitter:card\" content=\"summary_large_image\" \/>\n<meta name=\"twitter:site\" content=\"@AMUPAN1\" \/>\n<meta name=\"twitter:label1\" content=\"Estimated reading time\" \/>\n\t<meta name=\"twitter:data1\" content=\"2 minutes\" \/>\n<script type=\"application\/ld+json\" class=\"yoast-schema-graph\">{\"@context\":\"https:\/\/schema.org\",\"@graph\":[{\"@type\":\"WebPage\",\"@id\":\"https:\/\/amu.pan.pl\/en\/marta-gmurek\/\",\"url\":\"https:\/\/amu.pan.pl\/en\/marta-gmurek\/\",\"name\":\"Marta Gmurek - Akademia M\u0142odych Uczonych\",\"isPartOf\":{\"@id\":\"https:\/\/amu.pan.pl\/#website\"},\"primaryImageOfPage\":{\"@id\":\"https:\/\/amu.pan.pl\/en\/marta-gmurek\/#primaryimage\"},\"image\":{\"@id\":\"https:\/\/amu.pan.pl\/en\/marta-gmurek\/#primaryimage\"},\"thumbnailUrl\":\"https:\/\/amu.pan.pl\/wp-content\/uploads\/2019\/10\/IV_Marta_Gmurek-scaled.jpg\",\"datePublished\":\"2019-10-08T10:46:29+00:00\",\"dateModified\":\"2023-10-18T09:35:07+00:00\",\"breadcrumb\":{\"@id\":\"https:\/\/amu.pan.pl\/en\/marta-gmurek\/#breadcrumb\"},\"inLanguage\":\"en-GB\",\"potentialAction\":[{\"@type\":\"ReadAction\",\"target\":[\"https:\/\/amu.pan.pl\/en\/marta-gmurek\/\"]}]},{\"@type\":\"ImageObject\",\"inLanguage\":\"en-GB\",\"@id\":\"https:\/\/amu.pan.pl\/en\/marta-gmurek\/#primaryimage\",\"url\":\"https:\/\/amu.pan.pl\/wp-content\/uploads\/2019\/10\/IV_Marta_Gmurek-scaled.jpg\",\"contentUrl\":\"https:\/\/amu.pan.pl\/wp-content\/uploads\/2019\/10\/IV_Marta_Gmurek-scaled.jpg\",\"width\":2109,\"height\":2560},{\"@type\":\"BreadcrumbList\",\"@id\":\"https:\/\/amu.pan.pl\/en\/marta-gmurek\/#breadcrumb\",\"itemListElement\":[{\"@type\":\"ListItem\",\"position\":1,\"name\":\"Strona g\u0142\u00f3wna\",\"item\":\"https:\/\/amu.pan.pl\/\"},{\"@type\":\"ListItem\",\"position\":2,\"name\":\"Marta Gmurek\"}]},{\"@type\":\"WebSite\",\"@id\":\"https:\/\/amu.pan.pl\/#website\",\"url\":\"https:\/\/amu.pan.pl\/\",\"name\":\"Akademia M\u0142odych Uczonych\",\"description\":\"Polska Akademia Nauk\",\"publisher\":{\"@id\":\"https:\/\/amu.pan.pl\/#organization\"},\"potentialAction\":[{\"@type\":\"SearchAction\",\"target\":{\"@type\":\"EntryPoint\",\"urlTemplate\":\"https:\/\/amu.pan.pl\/?s={search_term_string}\"},\"query-input\":{\"@type\":\"PropertyValueSpecification\",\"valueRequired\":true,\"valueName\":\"search_term_string\"}}],\"inLanguage\":\"en-GB\"},{\"@type\":\"Organization\",\"@id\":\"https:\/\/amu.pan.pl\/#organization\",\"name\":\"Akademia M\u0142odych Uczonych\",\"url\":\"https:\/\/amu.pan.pl\/\",\"logo\":{\"@type\":\"ImageObject\",\"inLanguage\":\"en-GB\",\"@id\":\"https:\/\/amu.pan.pl\/#\/schema\/logo\/image\/\",\"url\":\"https:\/\/amu.pan.pl\/wp-content\/uploads\/2020\/08\/zz_amu.png\",\"contentUrl\":\"https:\/\/amu.pan.pl\/wp-content\/uploads\/2020\/08\/zz_amu.png\",\"width\":2794,\"height\":1016,\"caption\":\"Akademia M\u0142odych Uczonych\"},\"image\":{\"@id\":\"https:\/\/amu.pan.pl\/#\/schema\/logo\/image\/\"},\"sameAs\":[\"https:\/\/www.facebook.com\/AkademiaMlodychUczonych\/\",\"https:\/\/x.com\/AMUPAN1\"]}]}<\/script>\n<!-- \/ Yoast SEO plugin. -->","yoast_head_json":{"title":"Marta Gmurek - Akademia M\u0142odych Uczonych","robots":{"index":"index","follow":"follow","max-snippet":"max-snippet:-1","max-image-preview":"max-image-preview:large","max-video-preview":"max-video-preview:-1"},"canonical":"https:\/\/amu.pan.pl\/en\/marta-gmurek\/","og_locale":"en_GB","og_type":"article","og_title":"Marta Gmurek - Akademia M\u0142odych Uczonych","og_description":"Prof. dr hab. in\u017c. Marta Gmurek jest Profesorem Politechniki \u0141\u00f3dzkiej, Katedry In\u017cynierii Molekularnej na Wydziale In\u017cynierii Procesowej i Ochrony \u015arodowiska. W 2014r. obroni\u0142a z wyr\u00f3\u017cnieniem prac\u0119 doktorsk\u0105, a w 2018 roku uzyska\u0142a stopie\u0144 doktora habilitowanego. Dr Gmurek aktywnie uczestniczy w badaniach na temat degradacji ksenobiotyk\u00f3w (min. substancji endokrynnych czy farmaceutyk\u00f3w) metodami wykorzystuj\u0105cymi reaktywne formy tlenu&hellip;&nbsp;Read More &raquo;Marta Gmurek","og_url":"https:\/\/amu.pan.pl\/en\/marta-gmurek\/","og_site_name":"Akademia M\u0142odych Uczonych","article_publisher":"https:\/\/www.facebook.com\/AkademiaMlodychUczonych\/","article_modified_time":"2023-10-18T09:35:07+00:00","og_image":[{"width":2109,"height":2560,"url":"https:\/\/amu.pan.pl\/wp-content\/uploads\/2019\/10\/IV_Marta_Gmurek-scaled.jpg","type":"image\/jpeg"}],"twitter_card":"summary_large_image","twitter_site":"@AMUPAN1","twitter_misc":{"Estimated reading time":"2 minutes"},"schema":{"@context":"https:\/\/schema.org","@graph":[{"@type":"WebPage","@id":"https:\/\/amu.pan.pl\/en\/marta-gmurek\/","url":"https:\/\/amu.pan.pl\/en\/marta-gmurek\/","name":"Marta Gmurek - Akademia M\u0142odych Uczonych","isPartOf":{"@id":"https:\/\/amu.pan.pl\/#website"},"primaryImageOfPage":{"@id":"https:\/\/amu.pan.pl\/en\/marta-gmurek\/#primaryimage"},"image":{"@id":"https:\/\/amu.pan.pl\/en\/marta-gmurek\/#primaryimage"},"thumbnailUrl":"https:\/\/amu.pan.pl\/wp-content\/uploads\/2019\/10\/IV_Marta_Gmurek-scaled.jpg","datePublished":"2019-10-08T10:46:29+00:00","dateModified":"2023-10-18T09:35:07+00:00","breadcrumb":{"@id":"https:\/\/amu.pan.pl\/en\/marta-gmurek\/#breadcrumb"},"inLanguage":"en-GB","potentialAction":[{"@type":"ReadAction","target":["https:\/\/amu.pan.pl\/en\/marta-gmurek\/"]}]},{"@type":"ImageObject","inLanguage":"en-GB","@id":"https:\/\/amu.pan.pl\/en\/marta-gmurek\/#primaryimage","url":"https:\/\/amu.pan.pl\/wp-content\/uploads\/2019\/10\/IV_Marta_Gmurek-scaled.jpg","contentUrl":"https:\/\/amu.pan.pl\/wp-content\/uploads\/2019\/10\/IV_Marta_Gmurek-scaled.jpg","width":2109,"height":2560},{"@type":"BreadcrumbList","@id":"https:\/\/amu.pan.pl\/en\/marta-gmurek\/#breadcrumb","itemListElement":[{"@type":"ListItem","position":1,"name":"Strona g\u0142\u00f3wna","item":"https:\/\/amu.pan.pl\/"},{"@type":"ListItem","position":2,"name":"Marta Gmurek"}]},{"@type":"WebSite","@id":"https:\/\/amu.pan.pl\/#website","url":"https:\/\/amu.pan.pl\/","name":"Akademia M\u0142odych Uczonych","description":"Polska Akademia Nauk","publisher":{"@id":"https:\/\/amu.pan.pl\/#organization"},"potentialAction":[{"@type":"SearchAction","target":{"@type":"EntryPoint","urlTemplate":"https:\/\/amu.pan.pl\/?s={search_term_string}"},"query-input":{"@type":"PropertyValueSpecification","valueRequired":true,"valueName":"search_term_string"}}],"inLanguage":"en-GB"},{"@type":"Organization","@id":"https:\/\/amu.pan.pl\/#organization","name":"Akademia M\u0142odych Uczonych","url":"https:\/\/amu.pan.pl\/","logo":{"@type":"ImageObject","inLanguage":"en-GB","@id":"https:\/\/amu.pan.pl\/#\/schema\/logo\/image\/","url":"https:\/\/amu.pan.pl\/wp-content\/uploads\/2020\/08\/zz_amu.png","contentUrl":"https:\/\/amu.pan.pl\/wp-content\/uploads\/2020\/08\/zz_amu.png","width":2794,"height":1016,"caption":"Akademia M\u0142odych Uczonych"},"image":{"@id":"https:\/\/amu.pan.pl\/#\/schema\/logo\/image\/"},"sameAs":["https:\/\/www.facebook.com\/AkademiaMlodychUczonych\/","https:\/\/x.com\/AMUPAN1"]}]}},"_links":{"self":[{"href":"https:\/\/amu.pan.pl\/en\/wp-json\/wp\/v2\/pages\/292","targetHints":{"allow":["GET"]}}],"collection":[{"href":"https:\/\/amu.pan.pl\/en\/wp-json\/wp\/v2\/pages"}],"about":[{"href":"https:\/\/amu.pan.pl\/en\/wp-json\/wp\/v2\/types\/page"}],"author":[{"embeddable":true,"href":"https:\/\/amu.pan.pl\/en\/wp-json\/wp\/v2\/users\/2"}],"replies":[{"embeddable":true,"href":"https:\/\/amu.pan.pl\/en\/wp-json\/wp\/v2\/comments?post=292"}],"version-history":[{"count":3,"href":"https:\/\/amu.pan.pl\/en\/wp-json\/wp\/v2\/pages\/292\/revisions"}],"predecessor-version":[{"id":5132,"href":"https:\/\/amu.pan.pl\/en\/wp-json\/wp\/v2\/pages\/292\/revisions\/5132"}],"wp:featuredmedia":[{"embeddable":true,"href":"https:\/\/amu.pan.pl\/en\/wp-json\/wp\/v2\/media\/290"}],"wp:attachment":[{"href":"https:\/\/amu.pan.pl\/en\/wp-json\/wp\/v2\/media?parent=292"}],"curies":[{"name":"wp","href":"https:\/\/api.w.org\/{rel}","templated":true}]}}