{"id":294,"date":"2019-10-08T12:46:45","date_gmt":"2019-10-08T10:46:45","guid":{"rendered":"https:\/\/amu.pan.pl\/test\/2019\/10\/08\/przemyslaw-gorzelak\/"},"modified":"2020-10-16T22:58:28","modified_gmt":"2020-10-16T20:58:28","slug":"przemyslaw-gorzelak","status":"publish","type":"page","link":"https:\/\/amu.pan.pl\/en\/przemyslaw-gorzelak\/","title":{"rendered":"Przemys\u0142aw Gorzelak"},"content":{"rendered":"<div data-elementor-type=\"wp-page\" data-elementor-id=\"294\" class=\"elementor elementor-294\">\n\t\t\t\t\t\t<section class=\"elementor-section elementor-top-section elementor-element elementor-element-e418ead elementor-section-boxed elementor-section-height-default elementor-section-height-default\" data-id=\"e418ead\" data-element_type=\"section\">\n\t\t\t\t\t\t<div class=\"elementor-container elementor-column-gap-default\">\n\t\t\t\t\t<div class=\"elementor-column elementor-col-100 elementor-top-column elementor-element elementor-element-e325d89\" data-id=\"e325d89\" data-element_type=\"column\">\n\t\t\t<div class=\"elementor-widget-wrap elementor-element-populated\">\n\t\t\t\t\t\t<div class=\"elementor-element elementor-element-533fe21 elementor-widget elementor-widget-heading\" data-id=\"533fe21\" data-element_type=\"widget\" data-widget_type=\"heading.default\">\n\t\t\t\t<div class=\"elementor-widget-container\">\n\t\t\t\t\t<h1 class=\"elementor-heading-title elementor-size-default\">Przemys\u0142aw Gorzelak<\/h1>\t\t\t\t<\/div>\n\t\t\t\t<\/div>\n\t\t\t\t<div class=\"elementor-element elementor-element-c9cc1a3 elementor-widget elementor-widget-wp-widget-text\" data-id=\"c9cc1a3\" data-element_type=\"widget\" data-widget_type=\"wp-widget-text.default\">\n\t\t\t\t<div class=\"elementor-widget-container\">\n\t\t\t\t\t\t\t\t<div class=\"textwidget\"><p><img fetchpriority=\"high\" decoding=\"async\" class=\"alignleft wp-image-20 size-medium\" src=\"https:\/\/amu.pan.pl\/wp-content\/uploads\/2016\/02\/II_PGorzelak-262x300.png\" alt=\"II PGorzelak\" width=\"262\" height=\"300\" srcset=\"https:\/\/amu.pan.pl\/wp-content\/uploads\/2016\/02\/II_PGorzelak-262x300.png 262w, https:\/\/amu.pan.pl\/wp-content\/uploads\/2016\/02\/II_PGorzelak-894x1024.png 894w, https:\/\/amu.pan.pl\/wp-content\/uploads\/2016\/02\/II_PGorzelak-768x880.png 768w, https:\/\/amu.pan.pl\/wp-content\/uploads\/2016\/02\/II_PGorzelak-10x12.png 10w, https:\/\/amu.pan.pl\/wp-content\/uploads\/2016\/02\/II_PGorzelak.png 1130w\" sizes=\"(max-width: 262px) 100vw, 262px\" \/>Dr hab. Przemys\u0142aw Gorzelak - Deputy Director for Research at the Institute of Paleobiology of the Polish Academy of Sciences. From 2019, the subject editor of Scientific Reports. In 2015-2020, the associate editor of Acta Palaeontologica Polonica. He obtained a master's degree in 2008 from the Faculty of Earth Sciences of the University of Silesia. At the Institute of Paleobiology of the Polish Academy of Sciences he obtained a doctoral degree in 2011 and habilitation in 2019.<\/p>\n<p>His research interests are focused on palaeoecology, functional morphology, evolution and biomineralization of Recent and fossil echinoderms. He is the author or co-author of several dozen scientific publications in peer-reviewed journals from the JCR list.<\/p>\n<p>Several times participant in national and international research projects; he is currently managing a project financed by the National Science Center (OPUS). He completed internships at the Universit\u00e9 Libre de Bruxelles. He was a beneficiary of the Ministry of Science and Higher Education scholarship (research scholarship for outstanding young scientists: 2013-2016) and the FNP (START scholarship: 2009 and 2010).<\/p>\n<\/div>\n\t\t\t\t\t\t<\/div>\n\t\t\t\t<\/div>\n\t\t\t\t\t<\/div>\n\t\t<\/div>\n\t\t\t\t\t<\/div>\n\t\t<\/section>\n\t\t\t\t<\/div>","protected":false},"excerpt":{"rendered":"<p>Przemys\u0142aw Gorzelak<\/p>","protected":false},"author":2,"featured_media":293,"parent":0,"menu_order":45,"comment_status":"open","ping_status":"open","template":"elementor_header_footer","meta":{"_monsterinsights_skip_tracking":false,"_monsterinsights_sitenote_active":false,"_monsterinsights_sitenote_note":"","_monsterinsights_sitenote_category":0,"neve_meta_sidebar":"","neve_meta_container":"","neve_meta_enable_content_width":"","neve_meta_content_width":0,"neve_meta_title_alignment":"","neve_meta_author_avatar":"","neve_post_elements_order":"","neve_meta_disable_header":"","neve_meta_disable_footer":"","neve_meta_disable_title":"","footnotes":""},"class_list":["post-294","page","type-page","status-publish","has-post-thumbnail","hentry"],"yoast_head":"<!-- This site is optimized with the Yoast SEO plugin v25.0 - https:\/\/yoast.com\/wordpress\/plugins\/seo\/ -->\n<title>Przemys\u0142aw Gorzelak - Akademia M\u0142odych Uczonych<\/title>\n<meta name=\"robots\" content=\"index, follow, max-snippet:-1, max-image-preview:large, max-video-preview:-1\" \/>\n<link rel=\"canonical\" href=\"https:\/\/amu.pan.pl\/en\/przemyslaw-gorzelak\/\" \/>\n<meta property=\"og:locale\" content=\"en_GB\" \/>\n<meta property=\"og:type\" content=\"article\" \/>\n<meta property=\"og:title\" content=\"Przemys\u0142aw Gorzelak - Akademia M\u0142odych Uczonych\" \/>\n<meta property=\"og:description\" content=\"Przemys\u0142aw Gorzelak\" \/>\n<meta property=\"og:url\" content=\"https:\/\/amu.pan.pl\/en\/przemyslaw-gorzelak\/\" \/>\n<meta property=\"og:site_name\" content=\"Akademia M\u0142odych Uczonych\" \/>\n<meta property=\"article:publisher\" content=\"https:\/\/www.facebook.com\/AkademiaMlodychUczonych\/\" \/>\n<meta property=\"article:modified_time\" content=\"2020-10-16T20:58:28+00:00\" \/>\n<meta property=\"og:image\" content=\"https:\/\/amu.pan.pl\/wp-content\/uploads\/2019\/10\/II_PGorzelak-894x1024.png\" \/>\n\t<meta property=\"og:image:width\" content=\"894\" \/>\n\t<meta property=\"og:image:height\" content=\"1024\" \/>\n\t<meta property=\"og:image:type\" content=\"image\/png\" \/>\n<meta name=\"twitter:card\" content=\"summary_large_image\" \/>\n<meta name=\"twitter:site\" content=\"@AMUPAN1\" \/>\n<script type=\"application\/ld+json\" class=\"yoast-schema-graph\">{\"@context\":\"https:\/\/schema.org\",\"@graph\":[{\"@type\":\"WebPage\",\"@id\":\"https:\/\/amu.pan.pl\/en\/przemyslaw-gorzelak\/\",\"url\":\"https:\/\/amu.pan.pl\/en\/przemyslaw-gorzelak\/\",\"name\":\"Przemys\u0142aw Gorzelak - Akademia M\u0142odych Uczonych\",\"isPartOf\":{\"@id\":\"https:\/\/amu.pan.pl\/#website\"},\"primaryImageOfPage\":{\"@id\":\"https:\/\/amu.pan.pl\/en\/przemyslaw-gorzelak\/#primaryimage\"},\"image\":{\"@id\":\"https:\/\/amu.pan.pl\/en\/przemyslaw-gorzelak\/#primaryimage\"},\"thumbnailUrl\":\"https:\/\/amu.pan.pl\/wp-content\/uploads\/2019\/10\/II_PGorzelak.png\",\"datePublished\":\"2019-10-08T10:46:45+00:00\",\"dateModified\":\"2020-10-16T20:58:28+00:00\",\"breadcrumb\":{\"@id\":\"https:\/\/amu.pan.pl\/en\/przemyslaw-gorzelak\/#breadcrumb\"},\"inLanguage\":\"en-GB\",\"potentialAction\":[{\"@type\":\"ReadAction\",\"target\":[\"https:\/\/amu.pan.pl\/en\/przemyslaw-gorzelak\/\"]}]},{\"@type\":\"ImageObject\",\"inLanguage\":\"en-GB\",\"@id\":\"https:\/\/amu.pan.pl\/en\/przemyslaw-gorzelak\/#primaryimage\",\"url\":\"https:\/\/amu.pan.pl\/wp-content\/uploads\/2019\/10\/II_PGorzelak.png\",\"contentUrl\":\"https:\/\/amu.pan.pl\/wp-content\/uploads\/2019\/10\/II_PGorzelak.png\",\"width\":1130,\"height\":1295},{\"@type\":\"BreadcrumbList\",\"@id\":\"https:\/\/amu.pan.pl\/en\/przemyslaw-gorzelak\/#breadcrumb\",\"itemListElement\":[{\"@type\":\"ListItem\",\"position\":1,\"name\":\"Strona g\u0142\u00f3wna\",\"item\":\"https:\/\/amu.pan.pl\/\"},{\"@type\":\"ListItem\",\"position\":2,\"name\":\"Przemys\u0142aw Gorzelak\"}]},{\"@type\":\"WebSite\",\"@id\":\"https:\/\/amu.pan.pl\/#website\",\"url\":\"https:\/\/amu.pan.pl\/\",\"name\":\"Akademia M\u0142odych Uczonych\",\"description\":\"Polska Akademia Nauk\",\"publisher\":{\"@id\":\"https:\/\/amu.pan.pl\/#organization\"},\"potentialAction\":[{\"@type\":\"SearchAction\",\"target\":{\"@type\":\"EntryPoint\",\"urlTemplate\":\"https:\/\/amu.pan.pl\/?s={search_term_string}\"},\"query-input\":{\"@type\":\"PropertyValueSpecification\",\"valueRequired\":true,\"valueName\":\"search_term_string\"}}],\"inLanguage\":\"en-GB\"},{\"@type\":\"Organization\",\"@id\":\"https:\/\/amu.pan.pl\/#organization\",\"name\":\"Akademia M\u0142odych Uczonych\",\"url\":\"https:\/\/amu.pan.pl\/\",\"logo\":{\"@type\":\"ImageObject\",\"inLanguage\":\"en-GB\",\"@id\":\"https:\/\/amu.pan.pl\/#\/schema\/logo\/image\/\",\"url\":\"https:\/\/amu.pan.pl\/wp-content\/uploads\/2020\/08\/zz_amu.png\",\"contentUrl\":\"https:\/\/amu.pan.pl\/wp-content\/uploads\/2020\/08\/zz_amu.png\",\"width\":2794,\"height\":1016,\"caption\":\"Akademia M\u0142odych Uczonych\"},\"image\":{\"@id\":\"https:\/\/amu.pan.pl\/#\/schema\/logo\/image\/\"},\"sameAs\":[\"https:\/\/www.facebook.com\/AkademiaMlodychUczonych\/\",\"https:\/\/x.com\/AMUPAN1\"]}]}<\/script>\n<!-- \/ Yoast SEO plugin. -->","yoast_head_json":{"title":"Przemys\u0142aw Gorzelak - Akademia M\u0142odych Uczonych","robots":{"index":"index","follow":"follow","max-snippet":"max-snippet:-1","max-image-preview":"max-image-preview:large","max-video-preview":"max-video-preview:-1"},"canonical":"https:\/\/amu.pan.pl\/en\/przemyslaw-gorzelak\/","og_locale":"en_GB","og_type":"article","og_title":"Przemys\u0142aw Gorzelak - Akademia M\u0142odych Uczonych","og_description":"Przemys\u0142aw Gorzelak","og_url":"https:\/\/amu.pan.pl\/en\/przemyslaw-gorzelak\/","og_site_name":"Akademia M\u0142odych Uczonych","article_publisher":"https:\/\/www.facebook.com\/AkademiaMlodychUczonych\/","article_modified_time":"2020-10-16T20:58:28+00:00","og_image":[{"width":894,"height":1024,"url":"https:\/\/amu.pan.pl\/wp-content\/uploads\/2019\/10\/II_PGorzelak-894x1024.png","type":"image\/png"}],"twitter_card":"summary_large_image","twitter_site":"@AMUPAN1","schema":{"@context":"https:\/\/schema.org","@graph":[{"@type":"WebPage","@id":"https:\/\/amu.pan.pl\/en\/przemyslaw-gorzelak\/","url":"https:\/\/amu.pan.pl\/en\/przemyslaw-gorzelak\/","name":"Przemys\u0142aw Gorzelak - Akademia M\u0142odych Uczonych","isPartOf":{"@id":"https:\/\/amu.pan.pl\/#website"},"primaryImageOfPage":{"@id":"https:\/\/amu.pan.pl\/en\/przemyslaw-gorzelak\/#primaryimage"},"image":{"@id":"https:\/\/amu.pan.pl\/en\/przemyslaw-gorzelak\/#primaryimage"},"thumbnailUrl":"https:\/\/amu.pan.pl\/wp-content\/uploads\/2019\/10\/II_PGorzelak.png","datePublished":"2019-10-08T10:46:45+00:00","dateModified":"2020-10-16T20:58:28+00:00","breadcrumb":{"@id":"https:\/\/amu.pan.pl\/en\/przemyslaw-gorzelak\/#breadcrumb"},"inLanguage":"en-GB","potentialAction":[{"@type":"ReadAction","target":["https:\/\/amu.pan.pl\/en\/przemyslaw-gorzelak\/"]}]},{"@type":"ImageObject","inLanguage":"en-GB","@id":"https:\/\/amu.pan.pl\/en\/przemyslaw-gorzelak\/#primaryimage","url":"https:\/\/amu.pan.pl\/wp-content\/uploads\/2019\/10\/II_PGorzelak.png","contentUrl":"https:\/\/amu.pan.pl\/wp-content\/uploads\/2019\/10\/II_PGorzelak.png","width":1130,"height":1295},{"@type":"BreadcrumbList","@id":"https:\/\/amu.pan.pl\/en\/przemyslaw-gorzelak\/#breadcrumb","itemListElement":[{"@type":"ListItem","position":1,"name":"Strona g\u0142\u00f3wna","item":"https:\/\/amu.pan.pl\/"},{"@type":"ListItem","position":2,"name":"Przemys\u0142aw Gorzelak"}]},{"@type":"WebSite","@id":"https:\/\/amu.pan.pl\/#website","url":"https:\/\/amu.pan.pl\/","name":"Akademia M\u0142odych Uczonych","description":"Polska Akademia Nauk","publisher":{"@id":"https:\/\/amu.pan.pl\/#organization"},"potentialAction":[{"@type":"SearchAction","target":{"@type":"EntryPoint","urlTemplate":"https:\/\/amu.pan.pl\/?s={search_term_string}"},"query-input":{"@type":"PropertyValueSpecification","valueRequired":true,"valueName":"search_term_string"}}],"inLanguage":"en-GB"},{"@type":"Organization","@id":"https:\/\/amu.pan.pl\/#organization","name":"Akademia M\u0142odych Uczonych","url":"https:\/\/amu.pan.pl\/","logo":{"@type":"ImageObject","inLanguage":"en-GB","@id":"https:\/\/amu.pan.pl\/#\/schema\/logo\/image\/","url":"https:\/\/amu.pan.pl\/wp-content\/uploads\/2020\/08\/zz_amu.png","contentUrl":"https:\/\/amu.pan.pl\/wp-content\/uploads\/2020\/08\/zz_amu.png","width":2794,"height":1016,"caption":"Akademia M\u0142odych Uczonych"},"image":{"@id":"https:\/\/amu.pan.pl\/#\/schema\/logo\/image\/"},"sameAs":["https:\/\/www.facebook.com\/AkademiaMlodychUczonych\/","https:\/\/x.com\/AMUPAN1"]}]}},"_links":{"self":[{"href":"https:\/\/amu.pan.pl\/en\/wp-json\/wp\/v2\/pages\/294","targetHints":{"allow":["GET"]}}],"collection":[{"href":"https:\/\/amu.pan.pl\/en\/wp-json\/wp\/v2\/pages"}],"about":[{"href":"https:\/\/amu.pan.pl\/en\/wp-json\/wp\/v2\/types\/page"}],"author":[{"embeddable":true,"href":"https:\/\/amu.pan.pl\/en\/wp-json\/wp\/v2\/users\/2"}],"replies":[{"embeddable":true,"href":"https:\/\/amu.pan.pl\/en\/wp-json\/wp\/v2\/comments?post=294"}],"version-history":[{"count":3,"href":"https:\/\/amu.pan.pl\/en\/wp-json\/wp\/v2\/pages\/294\/revisions"}],"predecessor-version":[{"id":2160,"href":"https:\/\/amu.pan.pl\/en\/wp-json\/wp\/v2\/pages\/294\/revisions\/2160"}],"wp:featuredmedia":[{"embeddable":true,"href":"https:\/\/amu.pan.pl\/en\/wp-json\/wp\/v2\/media\/293"}],"wp:attachment":[{"href":"https:\/\/amu.pan.pl\/en\/wp-json\/wp\/v2\/media?parent=294"}],"curies":[{"name":"wp","href":"https:\/\/api.w.org\/{rel}","templated":true}]}}