{"id":299,"date":"2019-10-08T12:47:17","date_gmt":"2019-10-08T10:47:17","guid":{"rendered":"https:\/\/amu.pan.pl\/test\/2019\/10\/08\/milosz-kadzinski\/"},"modified":"2021-05-31T13:35:10","modified_gmt":"2021-05-31T11:35:10","slug":"milosz-kadzinski","status":"publish","type":"page","link":"https:\/\/amu.pan.pl\/en\/milosz-kadzinski\/","title":{"rendered":"Mi\u0142osz Kadzi\u0144ski"},"content":{"rendered":"<p><img fetchpriority=\"high\" decoding=\"async\" class=\"size-full wp-image-298\" style=\"margin-left: auto;margin-right: auto\" src=\"https:\/\/amu.pan.pl\/wp-content\/uploads\/2019\/10\/IV_MKadzinski-scaled.jpg\" alt=\"\" width=\"296\" height=\"197\" srcset=\"https:\/\/amu.pan.pl\/wp-content\/uploads\/2019\/10\/IV_MKadzinski-scaled.jpg 2560w, https:\/\/amu.pan.pl\/wp-content\/uploads\/2019\/10\/IV_MKadzinski-300x200.jpg 300w, https:\/\/amu.pan.pl\/wp-content\/uploads\/2019\/10\/IV_MKadzinski-1024x683.jpg 1024w, https:\/\/amu.pan.pl\/wp-content\/uploads\/2019\/10\/IV_MKadzinski-768x512.jpg 768w, https:\/\/amu.pan.pl\/wp-content\/uploads\/2019\/10\/IV_MKadzinski-1536x1024.jpg 1536w, https:\/\/amu.pan.pl\/wp-content\/uploads\/2019\/10\/IV_MKadzinski-2048x1365.jpg 2048w, https:\/\/amu.pan.pl\/wp-content\/uploads\/2019\/10\/IV_MKadzinski-1200x800.jpg 1200w, https:\/\/amu.pan.pl\/wp-content\/uploads\/2019\/10\/IV_MKadzinski-1980x1320.jpg 1980w\" sizes=\"(max-width: 296px) 100vw, 296px\" \/><\/p>\n<p>Dr hab. in\u017c. <strong>Mi\u0142osz Kadzi\u0144ski<\/strong> - assosiate professor at the Institute of Computer Science of the Pozna\u0144 University of Technology. In his research he deals with computer-aided decisions, an important stream of operations research. The original decision support methodology developed by him is based on the processing of incomplete and imprecise data about preferences into conclusions useful in solving multi-criteria decision problems. This methodology creatively combines artificial intelligence and decision theory with mathematical programming and computer simulations. The preference modeling algorithms proposed by him allow for the inclusion of various forms of holistic decision examples in the decision-making process, and the developed methods of resistance analysis allow for the development of recommendations with various levels of certainty. He is also the author of algorithms combining various scientific specialties, which enrich the traditionally understood decision support with aspects typical of machine learning, evolutionary multi-criteria optimization, efficiency analysis and border data analysis as well as group decisions and negotiations.<br \/>\nHe published the results of his research in over 70 articles in leading journals from the Journal Citation Reports list in the category of operations research or computer science with artificial intelligence (including Omega, European Journal of Operational Research, Computers &amp; Operations Research, Decision Support Systems, Information Sciences, Machine Learning). He cooperates with over a dozen leading European research centers in the development of decision support methods (including University of Catania, Erasmus University Rotterdam, University of Lisbon, Universitat Pompeu Fabra) and their applications in real decision-making problems (e.g. ETH Zurich, London School of Economics, University of Southern Denmark, TU Delft, University of Perugia). The main areas of these applications are transport, logistics, medicine, nanotechnology, environmental protection, spatial planning, construction, education and risk analysis.<br \/>\nManager of research projects financed by the National Science Center (Sonata program) and the Ministry of Science and Higher Education (Iuventus Plus program). Vice-president of the international Decision Deck consortium, which brings together leading scientists in the development of open software for decision support. Member of the committee coordinating the activities of the European Working Group at EURO on multi-criteria decision support. One of the main organizers of EURO 2016 - the largest European conference on operational research.<br \/>\nThe innovation and comprehensiveness of his achievements have resulted in the award of prestigious awards by international scientific associations on multi-criteria decision support (Multiple Criteria Decision Making Doctoral Dissertation Award) and operational research (EURO Doctoral Dissertation Award - top 3 and MCDM Junior Researcher Best Paper Award 2018 and 2019). Honored as the best reviewer by the European Journal of Operational Research in 2012-19, Group Decision and Negotiation in 2017. and Omega in 2017. Laureate of awards from the Foundation for Polish Science (START scholarship in 2013-14), Prime Minister of the Republic of Poland (scientific award in 2018), Ministry of Science and Higher Education (scientific awards in 2013 and 2018 and a scholarship for outstanding young scientists in 2013-16) and the Polish Academy of Sciences (the award of the O \/ PAN in Pozna\u0144 for the best research in the field of technical sciences in 2013 and the award of the 4th Department of Technical Sciences in 2016)<\/p>","protected":false},"excerpt":{"rendered":"<p>Dr hab. in\u017c. Mi\u0142osz Kadzi\u0144ski \u2013 profesor nadzwyczajny w Instytucie Informatyki Politechniki Pozna\u0144skiej. W swoich badaniach zajmuje si\u0119 komputerowym wspomaganiem decyzji, wa\u017cnym nurtem bada\u0144 operacyjnych. Opracowana przez niego oryginalna metodyka wspomagania decyzji jest oparta na przetwarzaniu niekompletnych i nieprecyzyjnych danych o preferencjach do postaci wniosk\u00f3w u\u017cytecznych przy rozwi\u0105zywaniu wielokryteriowych problem\u00f3w decyzyjnych. Metodyka ta w spos\u00f3b&hellip;&nbsp;<a href=\"https:\/\/amu.pan.pl\/en\/milosz-kadzinski\/\" rel=\"bookmark\">Read More &raquo;<span class=\"screen-reader-text\">Mi\u0142osz Kadzi\u0144ski<\/span><\/a><\/p>","protected":false},"author":2,"featured_media":297,"parent":0,"menu_order":38,"comment_status":"open","ping_status":"open","template":"","meta":{"_monsterinsights_skip_tracking":false,"_monsterinsights_sitenote_active":false,"_monsterinsights_sitenote_note":"","_monsterinsights_sitenote_category":0,"neve_meta_sidebar":"","neve_meta_container":"","neve_meta_enable_content_width":"","neve_meta_content_width":0,"neve_meta_title_alignment":"","neve_meta_author_avatar":"","neve_post_elements_order":"","neve_meta_disable_header":"","neve_meta_disable_footer":"","neve_meta_disable_title":"","footnotes":""},"class_list":["post-299","page","type-page","status-publish","has-post-thumbnail","hentry"],"yoast_head":"<!-- This site is optimized with the Yoast SEO plugin v25.0 - https:\/\/yoast.com\/wordpress\/plugins\/seo\/ -->\n<title>Mi\u0142osz Kadzi\u0144ski - Akademia M\u0142odych Uczonych<\/title>\n<meta name=\"robots\" content=\"index, follow, max-snippet:-1, max-image-preview:large, max-video-preview:-1\" \/>\n<link rel=\"canonical\" href=\"https:\/\/amu.pan.pl\/en\/milosz-kadzinski\/\" \/>\n<meta property=\"og:locale\" content=\"en_GB\" \/>\n<meta property=\"og:type\" content=\"article\" \/>\n<meta property=\"og:title\" content=\"Mi\u0142osz Kadzi\u0144ski - Akademia M\u0142odych Uczonych\" \/>\n<meta property=\"og:description\" content=\"Dr hab. in\u017c. Mi\u0142osz Kadzi\u0144ski \u2013 profesor nadzwyczajny w Instytucie Informatyki Politechniki Pozna\u0144skiej. W swoich badaniach zajmuje si\u0119 komputerowym wspomaganiem decyzji, wa\u017cnym nurtem bada\u0144 operacyjnych. Opracowana przez niego oryginalna metodyka wspomagania decyzji jest oparta na przetwarzaniu niekompletnych i nieprecyzyjnych danych o preferencjach do postaci wniosk\u00f3w u\u017cytecznych przy rozwi\u0105zywaniu wielokryteriowych problem\u00f3w decyzyjnych. Metodyka ta w spos\u00f3b&hellip;&nbsp;Read More &raquo;Mi\u0142osz Kadzi\u0144ski\" \/>\n<meta property=\"og:url\" content=\"https:\/\/amu.pan.pl\/en\/milosz-kadzinski\/\" \/>\n<meta property=\"og:site_name\" content=\"Akademia M\u0142odych Uczonych\" \/>\n<meta property=\"article:publisher\" content=\"https:\/\/www.facebook.com\/AkademiaMlodychUczonych\/\" \/>\n<meta property=\"article:modified_time\" content=\"2021-05-31T11:35:10+00:00\" \/>\n<meta property=\"og:image\" content=\"https:\/\/amu.pan.pl\/wp-content\/uploads\/2019\/10\/IV_MKadzinski-scaled-e1601849059540.jpg\" \/>\n\t<meta property=\"og:image:width\" content=\"300\" \/>\n\t<meta property=\"og:image:height\" content=\"200\" \/>\n\t<meta property=\"og:image:type\" content=\"image\/jpeg\" \/>\n<meta name=\"twitter:card\" content=\"summary_large_image\" \/>\n<meta name=\"twitter:site\" content=\"@AMUPAN1\" \/>\n<meta name=\"twitter:label1\" content=\"Estimated reading time\" \/>\n\t<meta name=\"twitter:data1\" content=\"3 minutes\" \/>\n<script type=\"application\/ld+json\" class=\"yoast-schema-graph\">{\"@context\":\"https:\/\/schema.org\",\"@graph\":[{\"@type\":\"WebPage\",\"@id\":\"https:\/\/amu.pan.pl\/en\/milosz-kadzinski\/\",\"url\":\"https:\/\/amu.pan.pl\/en\/milosz-kadzinski\/\",\"name\":\"Mi\u0142osz Kadzi\u0144ski - Akademia M\u0142odych Uczonych\",\"isPartOf\":{\"@id\":\"https:\/\/amu.pan.pl\/#website\"},\"primaryImageOfPage\":{\"@id\":\"https:\/\/amu.pan.pl\/en\/milosz-kadzinski\/#primaryimage\"},\"image\":{\"@id\":\"https:\/\/amu.pan.pl\/en\/milosz-kadzinski\/#primaryimage\"},\"thumbnailUrl\":\"https:\/\/amu.pan.pl\/wp-content\/uploads\/2019\/10\/IV_MKadzinski-scaled-e1601849059540.jpg\",\"datePublished\":\"2019-10-08T10:47:17+00:00\",\"dateModified\":\"2021-05-31T11:35:10+00:00\",\"breadcrumb\":{\"@id\":\"https:\/\/amu.pan.pl\/en\/milosz-kadzinski\/#breadcrumb\"},\"inLanguage\":\"en-GB\",\"potentialAction\":[{\"@type\":\"ReadAction\",\"target\":[\"https:\/\/amu.pan.pl\/en\/milosz-kadzinski\/\"]}]},{\"@type\":\"ImageObject\",\"inLanguage\":\"en-GB\",\"@id\":\"https:\/\/amu.pan.pl\/en\/milosz-kadzinski\/#primaryimage\",\"url\":\"https:\/\/amu.pan.pl\/wp-content\/uploads\/2019\/10\/IV_MKadzinski-scaled-e1601849059540.jpg\",\"contentUrl\":\"https:\/\/amu.pan.pl\/wp-content\/uploads\/2019\/10\/IV_MKadzinski-scaled-e1601849059540.jpg\",\"width\":300,\"height\":200},{\"@type\":\"BreadcrumbList\",\"@id\":\"https:\/\/amu.pan.pl\/en\/milosz-kadzinski\/#breadcrumb\",\"itemListElement\":[{\"@type\":\"ListItem\",\"position\":1,\"name\":\"Strona g\u0142\u00f3wna\",\"item\":\"https:\/\/amu.pan.pl\/\"},{\"@type\":\"ListItem\",\"position\":2,\"name\":\"Mi\u0142osz Kadzi\u0144ski\"}]},{\"@type\":\"WebSite\",\"@id\":\"https:\/\/amu.pan.pl\/#website\",\"url\":\"https:\/\/amu.pan.pl\/\",\"name\":\"Akademia M\u0142odych Uczonych\",\"description\":\"Polska Akademia Nauk\",\"publisher\":{\"@id\":\"https:\/\/amu.pan.pl\/#organization\"},\"potentialAction\":[{\"@type\":\"SearchAction\",\"target\":{\"@type\":\"EntryPoint\",\"urlTemplate\":\"https:\/\/amu.pan.pl\/?s={search_term_string}\"},\"query-input\":{\"@type\":\"PropertyValueSpecification\",\"valueRequired\":true,\"valueName\":\"search_term_string\"}}],\"inLanguage\":\"en-GB\"},{\"@type\":\"Organization\",\"@id\":\"https:\/\/amu.pan.pl\/#organization\",\"name\":\"Akademia M\u0142odych Uczonych\",\"url\":\"https:\/\/amu.pan.pl\/\",\"logo\":{\"@type\":\"ImageObject\",\"inLanguage\":\"en-GB\",\"@id\":\"https:\/\/amu.pan.pl\/#\/schema\/logo\/image\/\",\"url\":\"https:\/\/amu.pan.pl\/wp-content\/uploads\/2020\/08\/zz_amu.png\",\"contentUrl\":\"https:\/\/amu.pan.pl\/wp-content\/uploads\/2020\/08\/zz_amu.png\",\"width\":2794,\"height\":1016,\"caption\":\"Akademia M\u0142odych Uczonych\"},\"image\":{\"@id\":\"https:\/\/amu.pan.pl\/#\/schema\/logo\/image\/\"},\"sameAs\":[\"https:\/\/www.facebook.com\/AkademiaMlodychUczonych\/\",\"https:\/\/x.com\/AMUPAN1\"]}]}<\/script>\n<!-- \/ Yoast SEO plugin. -->","yoast_head_json":{"title":"Mi\u0142osz Kadzi\u0144ski - Akademia M\u0142odych Uczonych","robots":{"index":"index","follow":"follow","max-snippet":"max-snippet:-1","max-image-preview":"max-image-preview:large","max-video-preview":"max-video-preview:-1"},"canonical":"https:\/\/amu.pan.pl\/en\/milosz-kadzinski\/","og_locale":"en_GB","og_type":"article","og_title":"Mi\u0142osz Kadzi\u0144ski - Akademia M\u0142odych Uczonych","og_description":"Dr hab. in\u017c. Mi\u0142osz Kadzi\u0144ski \u2013 profesor nadzwyczajny w Instytucie Informatyki Politechniki Pozna\u0144skiej. W swoich badaniach zajmuje si\u0119 komputerowym wspomaganiem decyzji, wa\u017cnym nurtem bada\u0144 operacyjnych. Opracowana przez niego oryginalna metodyka wspomagania decyzji jest oparta na przetwarzaniu niekompletnych i nieprecyzyjnych danych o preferencjach do postaci wniosk\u00f3w u\u017cytecznych przy rozwi\u0105zywaniu wielokryteriowych problem\u00f3w decyzyjnych. Metodyka ta w spos\u00f3b&hellip;&nbsp;Read More &raquo;Mi\u0142osz Kadzi\u0144ski","og_url":"https:\/\/amu.pan.pl\/en\/milosz-kadzinski\/","og_site_name":"Akademia M\u0142odych Uczonych","article_publisher":"https:\/\/www.facebook.com\/AkademiaMlodychUczonych\/","article_modified_time":"2021-05-31T11:35:10+00:00","og_image":[{"width":300,"height":200,"url":"https:\/\/amu.pan.pl\/wp-content\/uploads\/2019\/10\/IV_MKadzinski-scaled-e1601849059540.jpg","type":"image\/jpeg"}],"twitter_card":"summary_large_image","twitter_site":"@AMUPAN1","twitter_misc":{"Estimated reading time":"3 minutes"},"schema":{"@context":"https:\/\/schema.org","@graph":[{"@type":"WebPage","@id":"https:\/\/amu.pan.pl\/en\/milosz-kadzinski\/","url":"https:\/\/amu.pan.pl\/en\/milosz-kadzinski\/","name":"Mi\u0142osz Kadzi\u0144ski - Akademia M\u0142odych Uczonych","isPartOf":{"@id":"https:\/\/amu.pan.pl\/#website"},"primaryImageOfPage":{"@id":"https:\/\/amu.pan.pl\/en\/milosz-kadzinski\/#primaryimage"},"image":{"@id":"https:\/\/amu.pan.pl\/en\/milosz-kadzinski\/#primaryimage"},"thumbnailUrl":"https:\/\/amu.pan.pl\/wp-content\/uploads\/2019\/10\/IV_MKadzinski-scaled-e1601849059540.jpg","datePublished":"2019-10-08T10:47:17+00:00","dateModified":"2021-05-31T11:35:10+00:00","breadcrumb":{"@id":"https:\/\/amu.pan.pl\/en\/milosz-kadzinski\/#breadcrumb"},"inLanguage":"en-GB","potentialAction":[{"@type":"ReadAction","target":["https:\/\/amu.pan.pl\/en\/milosz-kadzinski\/"]}]},{"@type":"ImageObject","inLanguage":"en-GB","@id":"https:\/\/amu.pan.pl\/en\/milosz-kadzinski\/#primaryimage","url":"https:\/\/amu.pan.pl\/wp-content\/uploads\/2019\/10\/IV_MKadzinski-scaled-e1601849059540.jpg","contentUrl":"https:\/\/amu.pan.pl\/wp-content\/uploads\/2019\/10\/IV_MKadzinski-scaled-e1601849059540.jpg","width":300,"height":200},{"@type":"BreadcrumbList","@id":"https:\/\/amu.pan.pl\/en\/milosz-kadzinski\/#breadcrumb","itemListElement":[{"@type":"ListItem","position":1,"name":"Strona g\u0142\u00f3wna","item":"https:\/\/amu.pan.pl\/"},{"@type":"ListItem","position":2,"name":"Mi\u0142osz Kadzi\u0144ski"}]},{"@type":"WebSite","@id":"https:\/\/amu.pan.pl\/#website","url":"https:\/\/amu.pan.pl\/","name":"Akademia M\u0142odych Uczonych","description":"Polska Akademia Nauk","publisher":{"@id":"https:\/\/amu.pan.pl\/#organization"},"potentialAction":[{"@type":"SearchAction","target":{"@type":"EntryPoint","urlTemplate":"https:\/\/amu.pan.pl\/?s={search_term_string}"},"query-input":{"@type":"PropertyValueSpecification","valueRequired":true,"valueName":"search_term_string"}}],"inLanguage":"en-GB"},{"@type":"Organization","@id":"https:\/\/amu.pan.pl\/#organization","name":"Akademia M\u0142odych Uczonych","url":"https:\/\/amu.pan.pl\/","logo":{"@type":"ImageObject","inLanguage":"en-GB","@id":"https:\/\/amu.pan.pl\/#\/schema\/logo\/image\/","url":"https:\/\/amu.pan.pl\/wp-content\/uploads\/2020\/08\/zz_amu.png","contentUrl":"https:\/\/amu.pan.pl\/wp-content\/uploads\/2020\/08\/zz_amu.png","width":2794,"height":1016,"caption":"Akademia M\u0142odych Uczonych"},"image":{"@id":"https:\/\/amu.pan.pl\/#\/schema\/logo\/image\/"},"sameAs":["https:\/\/www.facebook.com\/AkademiaMlodychUczonych\/","https:\/\/x.com\/AMUPAN1"]}]}},"_links":{"self":[{"href":"https:\/\/amu.pan.pl\/en\/wp-json\/wp\/v2\/pages\/299","targetHints":{"allow":["GET"]}}],"collection":[{"href":"https:\/\/amu.pan.pl\/en\/wp-json\/wp\/v2\/pages"}],"about":[{"href":"https:\/\/amu.pan.pl\/en\/wp-json\/wp\/v2\/types\/page"}],"author":[{"embeddable":true,"href":"https:\/\/amu.pan.pl\/en\/wp-json\/wp\/v2\/users\/2"}],"replies":[{"embeddable":true,"href":"https:\/\/amu.pan.pl\/en\/wp-json\/wp\/v2\/comments?post=299"}],"version-history":[{"count":1,"href":"https:\/\/amu.pan.pl\/en\/wp-json\/wp\/v2\/pages\/299\/revisions"}],"predecessor-version":[{"id":3519,"href":"https:\/\/amu.pan.pl\/en\/wp-json\/wp\/v2\/pages\/299\/revisions\/3519"}],"wp:featuredmedia":[{"embeddable":true,"href":"https:\/\/amu.pan.pl\/en\/wp-json\/wp\/v2\/media\/297"}],"wp:attachment":[{"href":"https:\/\/amu.pan.pl\/en\/wp-json\/wp\/v2\/media?parent=299"}],"curies":[{"name":"wp","href":"https:\/\/api.w.org\/{rel}","templated":true}]}}