{"id":301,"date":"2019-10-08T12:50:09","date_gmt":"2019-10-08T10:50:09","guid":{"rendered":"https:\/\/amu.pan.pl\/test\/2019\/10\/08\/jacek-kolanowski\/"},"modified":"2023-10-18T11:32:26","modified_gmt":"2023-10-18T09:32:26","slug":"jacek-kolanowski","status":"publish","type":"page","link":"https:\/\/amu.pan.pl\/en\/jacek-kolanowski\/","title":{"rendered":"Jacek Kolanowski"},"content":{"rendered":"<div data-elementor-type=\"wp-page\" data-elementor-id=\"301\" class=\"elementor elementor-301\">\n\t\t\t\t\t\t<section class=\"elementor-section elementor-top-section elementor-element elementor-element-40c12fc1 elementor-section-boxed elementor-section-height-default elementor-section-height-default\" data-id=\"40c12fc1\" data-element_type=\"section\">\n\t\t\t\t\t\t<div class=\"elementor-container elementor-column-gap-default\">\n\t\t\t\t\t<div class=\"elementor-column elementor-col-100 elementor-top-column elementor-element elementor-element-36266474\" data-id=\"36266474\" data-element_type=\"column\">\n\t\t\t<div class=\"elementor-widget-wrap elementor-element-populated\">\n\t\t\t\t\t\t<div class=\"elementor-element elementor-element-43149d22 elementor-widget elementor-widget-text-editor\" data-id=\"43149d22\" data-element_type=\"widget\" data-widget_type=\"text-editor.default\">\n\t\t\t\t<div class=\"elementor-widget-container\">\n\t\t\t\t\t\t\t\t\t<p><img decoding=\"async\" class=\"size-full wp-image-300\" style=\"margin-left: auto;margin-right: auto\" src=\"https:\/\/amu.pan.pl\/wp-content\/uploads\/2019\/10\/II_JKolanowski.jpg\" alt=\"\" width=\"175\" height=\"175\" srcset=\"https:\/\/amu.pan.pl\/wp-content\/uploads\/2019\/10\/II_JKolanowski.jpg 920w, https:\/\/amu.pan.pl\/wp-content\/uploads\/2019\/10\/II_JKolanowski-300x300.jpg 300w, https:\/\/amu.pan.pl\/wp-content\/uploads\/2019\/10\/II_JKolanowski-150x150.jpg 150w, https:\/\/amu.pan.pl\/wp-content\/uploads\/2019\/10\/II_JKolanowski-768x768.jpg 768w\" sizes=\"(max-width: 175px) 100vw, 175px\" \/><\/p>\n<p>Dr hab. <strong>Jacek \u0141ukasz Kolanowski<\/strong> - specialist in the field of biological chemistry \/ chemical biology, head of the Department of Molecular Probes and Pro-drugs (from 2017) and the Center for High-throughput Screening Research (from 2018) at the Institute of Bioorganic Chemistry of the Polish Academy of Science in Pozna\u0144. He obtained his bachelor&#039;s (2007) and master&#039;s (2009) degrees simultaneously in the field of biotechnology and chemistry at the University of Adam Mickiewicz in Pozna\u0144 and a doctoral degree at the Ecole Normale Superieure de Lyon in France (2013). Then, in 2014-2017, he completed a postdoctoral fellowship at the University of Sydney, Australia.<\/p>\n<p>His interdisciplinary research interests in chemistry and biology include, in particular, the design, synthesis, validation and use of low-molecular-weight chemical compounds to visualize and control biochemical parameters in biological models. These tools are used both in basic research to understand physiological and pathological processes as well as application processes for the search for new disease biomarkers and biologically active chemical compounds, also in the context of precision medicine.<\/p>\n<p>Dr Kolanowski is currently managing 3 research grants (Sonata and Opus - NCN, and Homing - FNP). He is also a member of the pan-European consortium EU-Openscreen and one of the co-leaders of the international EU-OS-DRIVE grant (33 partners from all over Europe) awarded by the European Commission (INFRADEV program). He is active in the field of international cooperation (including research partners on 5 continents, invited seminars in Australia, Europe and Asia, including e.g. Nepal and Kazakhstan) and the popularization of science (e.g. popular science lectures, lessons \/ workshops in schools in Poland and Australia). <span data-sheets-formula-bar-text-style=\"font-size:13px;color:#000000;font-weight:normal;text-decoration:none;font-family:'Arial';font-style:normal;text-decoration-skip-ink:none;\">From July 2019, he is a member of the Polish Young Academy. <\/span><span data-sheets-formula-bar-text-style=\"font-size:13px;color:#ff0000;font-weight:normal;text-decoration:none;font-family:''Arial'';font-style:normal;text-decoration-skip-ink:none;\">From December 2020 he is also a president of Young Academies Science Advice Structure (YASAS) \u2013 a network of European Young Academies, invited to participate in Science Advice Mechanism (SAM) for European Commission through the project of SAPEA (Science Advice for Policy by European Academies).<\/span><\/p>\n<p>More information on <a href=\"http:\/\/jacek-kolanowski.com\">http:\/\/jacek-kolanowski.com<\/a><\/p>\t\t\t\t\t\t\t\t<\/div>\n\t\t\t\t<\/div>\n\t\t\t\t\t<\/div>\n\t\t<\/div>\n\t\t\t\t\t<\/div>\n\t\t<\/section>\n\t\t\t\t<\/div>","protected":false},"excerpt":{"rendered":"<p>Dr hab. Jacek \u0141ukasz Kolanowski \u2013 specjalista w zakresie chemii biologicznej \/ biologii chemicznej, kierownik Zak\u0142adu Sond Molekularnych i Pro-lek\u00f3w (od 2017) oraz Centrum Wysokoprzepustowych Bada\u0144 Przesiewowych (od 2018) w Instytucie Chemii Bioorganicznej Polskiej Akademii Nauko w Poznaniu. Tytu\u0142 licencjata (2007) i magistra (2009) uzyska\u0142 symultanicznie w dziedzinie biotechnologii i chemii na Uniwersytecie im. Adama&hellip;&nbsp;<a href=\"https:\/\/amu.pan.pl\/en\/jacek-kolanowski\/\" rel=\"bookmark\">Read More &raquo;<span class=\"screen-reader-text\">Jacek Kolanowski<\/span><\/a><\/p>","protected":false},"author":2,"featured_media":300,"parent":0,"menu_order":36,"comment_status":"open","ping_status":"open","template":"","meta":{"_monsterinsights_skip_tracking":false,"_monsterinsights_sitenote_active":false,"_monsterinsights_sitenote_note":"","_monsterinsights_sitenote_category":0,"neve_meta_sidebar":"","neve_meta_container":"","neve_meta_enable_content_width":"","neve_meta_content_width":0,"neve_meta_title_alignment":"","neve_meta_author_avatar":"","neve_post_elements_order":"","neve_meta_disable_header":"","neve_meta_disable_footer":"","neve_meta_disable_title":"","footnotes":""},"class_list":["post-301","page","type-page","status-publish","has-post-thumbnail","hentry"],"yoast_head":"<!-- This site is optimized with the Yoast SEO plugin v25.0 - https:\/\/yoast.com\/wordpress\/plugins\/seo\/ -->\n<title>Jacek Kolanowski - Akademia M\u0142odych Uczonych<\/title>\n<meta name=\"robots\" content=\"index, follow, max-snippet:-1, max-image-preview:large, max-video-preview:-1\" \/>\n<link rel=\"canonical\" href=\"https:\/\/amu.pan.pl\/en\/jacek-kolanowski\/\" \/>\n<meta property=\"og:locale\" content=\"en_GB\" \/>\n<meta property=\"og:type\" content=\"article\" \/>\n<meta property=\"og:title\" content=\"Jacek Kolanowski - Akademia M\u0142odych Uczonych\" \/>\n<meta property=\"og:description\" content=\"Dr hab. Jacek \u0141ukasz Kolanowski \u2013 specjalista w zakresie chemii biologicznej \/ biologii chemicznej, kierownik Zak\u0142adu Sond Molekularnych i Pro-lek\u00f3w (od 2017) oraz Centrum Wysokoprzepustowych Bada\u0144 Przesiewowych (od 2018) w Instytucie Chemii Bioorganicznej Polskiej Akademii Nauko w Poznaniu. Tytu\u0142 licencjata (2007) i magistra (2009) uzyska\u0142 symultanicznie w dziedzinie biotechnologii i chemii na Uniwersytecie im. Adama&hellip;&nbsp;Read More &raquo;Jacek Kolanowski\" \/>\n<meta property=\"og:url\" content=\"https:\/\/amu.pan.pl\/en\/jacek-kolanowski\/\" \/>\n<meta property=\"og:site_name\" content=\"Akademia M\u0142odych Uczonych\" \/>\n<meta property=\"article:publisher\" content=\"https:\/\/www.facebook.com\/AkademiaMlodychUczonych\/\" \/>\n<meta property=\"article:modified_time\" content=\"2023-10-18T09:32:26+00:00\" \/>\n<meta property=\"og:image\" content=\"https:\/\/amu.pan.pl\/wp-content\/uploads\/2019\/10\/II_JKolanowski.jpg\" \/>\n\t<meta property=\"og:image:width\" content=\"920\" \/>\n\t<meta property=\"og:image:height\" content=\"920\" \/>\n\t<meta property=\"og:image:type\" content=\"image\/jpeg\" \/>\n<meta name=\"twitter:card\" content=\"summary_large_image\" \/>\n<meta name=\"twitter:site\" content=\"@AMUPAN1\" \/>\n<meta name=\"twitter:label1\" content=\"Estimated reading time\" \/>\n\t<meta name=\"twitter:data1\" content=\"2 minutes\" \/>\n<script type=\"application\/ld+json\" class=\"yoast-schema-graph\">{\"@context\":\"https:\/\/schema.org\",\"@graph\":[{\"@type\":\"WebPage\",\"@id\":\"https:\/\/amu.pan.pl\/en\/jacek-kolanowski\/\",\"url\":\"https:\/\/amu.pan.pl\/en\/jacek-kolanowski\/\",\"name\":\"Jacek Kolanowski - Akademia M\u0142odych Uczonych\",\"isPartOf\":{\"@id\":\"https:\/\/amu.pan.pl\/#website\"},\"primaryImageOfPage\":{\"@id\":\"https:\/\/amu.pan.pl\/en\/jacek-kolanowski\/#primaryimage\"},\"image\":{\"@id\":\"https:\/\/amu.pan.pl\/en\/jacek-kolanowski\/#primaryimage\"},\"thumbnailUrl\":\"https:\/\/amu.pan.pl\/wp-content\/uploads\/2019\/10\/II_JKolanowski.jpg\",\"datePublished\":\"2019-10-08T10:50:09+00:00\",\"dateModified\":\"2023-10-18T09:32:26+00:00\",\"breadcrumb\":{\"@id\":\"https:\/\/amu.pan.pl\/en\/jacek-kolanowski\/#breadcrumb\"},\"inLanguage\":\"en-GB\",\"potentialAction\":[{\"@type\":\"ReadAction\",\"target\":[\"https:\/\/amu.pan.pl\/en\/jacek-kolanowski\/\"]}]},{\"@type\":\"ImageObject\",\"inLanguage\":\"en-GB\",\"@id\":\"https:\/\/amu.pan.pl\/en\/jacek-kolanowski\/#primaryimage\",\"url\":\"https:\/\/amu.pan.pl\/wp-content\/uploads\/2019\/10\/II_JKolanowski.jpg\",\"contentUrl\":\"https:\/\/amu.pan.pl\/wp-content\/uploads\/2019\/10\/II_JKolanowski.jpg\",\"width\":920,\"height\":920},{\"@type\":\"BreadcrumbList\",\"@id\":\"https:\/\/amu.pan.pl\/en\/jacek-kolanowski\/#breadcrumb\",\"itemListElement\":[{\"@type\":\"ListItem\",\"position\":1,\"name\":\"Strona g\u0142\u00f3wna\",\"item\":\"https:\/\/amu.pan.pl\/\"},{\"@type\":\"ListItem\",\"position\":2,\"name\":\"Jacek Kolanowski\"}]},{\"@type\":\"WebSite\",\"@id\":\"https:\/\/amu.pan.pl\/#website\",\"url\":\"https:\/\/amu.pan.pl\/\",\"name\":\"Akademia M\u0142odych Uczonych\",\"description\":\"Polska Akademia Nauk\",\"publisher\":{\"@id\":\"https:\/\/amu.pan.pl\/#organization\"},\"potentialAction\":[{\"@type\":\"SearchAction\",\"target\":{\"@type\":\"EntryPoint\",\"urlTemplate\":\"https:\/\/amu.pan.pl\/?s={search_term_string}\"},\"query-input\":{\"@type\":\"PropertyValueSpecification\",\"valueRequired\":true,\"valueName\":\"search_term_string\"}}],\"inLanguage\":\"en-GB\"},{\"@type\":\"Organization\",\"@id\":\"https:\/\/amu.pan.pl\/#organization\",\"name\":\"Akademia M\u0142odych Uczonych\",\"url\":\"https:\/\/amu.pan.pl\/\",\"logo\":{\"@type\":\"ImageObject\",\"inLanguage\":\"en-GB\",\"@id\":\"https:\/\/amu.pan.pl\/#\/schema\/logo\/image\/\",\"url\":\"https:\/\/amu.pan.pl\/wp-content\/uploads\/2020\/08\/zz_amu.png\",\"contentUrl\":\"https:\/\/amu.pan.pl\/wp-content\/uploads\/2020\/08\/zz_amu.png\",\"width\":2794,\"height\":1016,\"caption\":\"Akademia M\u0142odych Uczonych\"},\"image\":{\"@id\":\"https:\/\/amu.pan.pl\/#\/schema\/logo\/image\/\"},\"sameAs\":[\"https:\/\/www.facebook.com\/AkademiaMlodychUczonych\/\",\"https:\/\/x.com\/AMUPAN1\"]}]}<\/script>\n<!-- \/ Yoast SEO plugin. -->","yoast_head_json":{"title":"Jacek Kolanowski - Akademia M\u0142odych Uczonych","robots":{"index":"index","follow":"follow","max-snippet":"max-snippet:-1","max-image-preview":"max-image-preview:large","max-video-preview":"max-video-preview:-1"},"canonical":"https:\/\/amu.pan.pl\/en\/jacek-kolanowski\/","og_locale":"en_GB","og_type":"article","og_title":"Jacek Kolanowski - Akademia M\u0142odych Uczonych","og_description":"Dr hab. Jacek \u0141ukasz Kolanowski \u2013 specjalista w zakresie chemii biologicznej \/ biologii chemicznej, kierownik Zak\u0142adu Sond Molekularnych i Pro-lek\u00f3w (od 2017) oraz Centrum Wysokoprzepustowych Bada\u0144 Przesiewowych (od 2018) w Instytucie Chemii Bioorganicznej Polskiej Akademii Nauko w Poznaniu. Tytu\u0142 licencjata (2007) i magistra (2009) uzyska\u0142 symultanicznie w dziedzinie biotechnologii i chemii na Uniwersytecie im. Adama&hellip;&nbsp;Read More &raquo;Jacek Kolanowski","og_url":"https:\/\/amu.pan.pl\/en\/jacek-kolanowski\/","og_site_name":"Akademia M\u0142odych Uczonych","article_publisher":"https:\/\/www.facebook.com\/AkademiaMlodychUczonych\/","article_modified_time":"2023-10-18T09:32:26+00:00","og_image":[{"width":920,"height":920,"url":"https:\/\/amu.pan.pl\/wp-content\/uploads\/2019\/10\/II_JKolanowski.jpg","type":"image\/jpeg"}],"twitter_card":"summary_large_image","twitter_site":"@AMUPAN1","twitter_misc":{"Estimated reading time":"2 minutes"},"schema":{"@context":"https:\/\/schema.org","@graph":[{"@type":"WebPage","@id":"https:\/\/amu.pan.pl\/en\/jacek-kolanowski\/","url":"https:\/\/amu.pan.pl\/en\/jacek-kolanowski\/","name":"Jacek Kolanowski - Akademia M\u0142odych Uczonych","isPartOf":{"@id":"https:\/\/amu.pan.pl\/#website"},"primaryImageOfPage":{"@id":"https:\/\/amu.pan.pl\/en\/jacek-kolanowski\/#primaryimage"},"image":{"@id":"https:\/\/amu.pan.pl\/en\/jacek-kolanowski\/#primaryimage"},"thumbnailUrl":"https:\/\/amu.pan.pl\/wp-content\/uploads\/2019\/10\/II_JKolanowski.jpg","datePublished":"2019-10-08T10:50:09+00:00","dateModified":"2023-10-18T09:32:26+00:00","breadcrumb":{"@id":"https:\/\/amu.pan.pl\/en\/jacek-kolanowski\/#breadcrumb"},"inLanguage":"en-GB","potentialAction":[{"@type":"ReadAction","target":["https:\/\/amu.pan.pl\/en\/jacek-kolanowski\/"]}]},{"@type":"ImageObject","inLanguage":"en-GB","@id":"https:\/\/amu.pan.pl\/en\/jacek-kolanowski\/#primaryimage","url":"https:\/\/amu.pan.pl\/wp-content\/uploads\/2019\/10\/II_JKolanowski.jpg","contentUrl":"https:\/\/amu.pan.pl\/wp-content\/uploads\/2019\/10\/II_JKolanowski.jpg","width":920,"height":920},{"@type":"BreadcrumbList","@id":"https:\/\/amu.pan.pl\/en\/jacek-kolanowski\/#breadcrumb","itemListElement":[{"@type":"ListItem","position":1,"name":"Strona g\u0142\u00f3wna","item":"https:\/\/amu.pan.pl\/"},{"@type":"ListItem","position":2,"name":"Jacek Kolanowski"}]},{"@type":"WebSite","@id":"https:\/\/amu.pan.pl\/#website","url":"https:\/\/amu.pan.pl\/","name":"Akademia M\u0142odych Uczonych","description":"Polska Akademia Nauk","publisher":{"@id":"https:\/\/amu.pan.pl\/#organization"},"potentialAction":[{"@type":"SearchAction","target":{"@type":"EntryPoint","urlTemplate":"https:\/\/amu.pan.pl\/?s={search_term_string}"},"query-input":{"@type":"PropertyValueSpecification","valueRequired":true,"valueName":"search_term_string"}}],"inLanguage":"en-GB"},{"@type":"Organization","@id":"https:\/\/amu.pan.pl\/#organization","name":"Akademia M\u0142odych Uczonych","url":"https:\/\/amu.pan.pl\/","logo":{"@type":"ImageObject","inLanguage":"en-GB","@id":"https:\/\/amu.pan.pl\/#\/schema\/logo\/image\/","url":"https:\/\/amu.pan.pl\/wp-content\/uploads\/2020\/08\/zz_amu.png","contentUrl":"https:\/\/amu.pan.pl\/wp-content\/uploads\/2020\/08\/zz_amu.png","width":2794,"height":1016,"caption":"Akademia M\u0142odych Uczonych"},"image":{"@id":"https:\/\/amu.pan.pl\/#\/schema\/logo\/image\/"},"sameAs":["https:\/\/www.facebook.com\/AkademiaMlodychUczonych\/","https:\/\/x.com\/AMUPAN1"]}]}},"_links":{"self":[{"href":"https:\/\/amu.pan.pl\/en\/wp-json\/wp\/v2\/pages\/301","targetHints":{"allow":["GET"]}}],"collection":[{"href":"https:\/\/amu.pan.pl\/en\/wp-json\/wp\/v2\/pages"}],"about":[{"href":"https:\/\/amu.pan.pl\/en\/wp-json\/wp\/v2\/types\/page"}],"author":[{"embeddable":true,"href":"https:\/\/amu.pan.pl\/en\/wp-json\/wp\/v2\/users\/2"}],"replies":[{"embeddable":true,"href":"https:\/\/amu.pan.pl\/en\/wp-json\/wp\/v2\/comments?post=301"}],"version-history":[{"count":5,"href":"https:\/\/amu.pan.pl\/en\/wp-json\/wp\/v2\/pages\/301\/revisions"}],"predecessor-version":[{"id":5128,"href":"https:\/\/amu.pan.pl\/en\/wp-json\/wp\/v2\/pages\/301\/revisions\/5128"}],"wp:featuredmedia":[{"embeddable":true,"href":"https:\/\/amu.pan.pl\/en\/wp-json\/wp\/v2\/media\/300"}],"wp:attachment":[{"href":"https:\/\/amu.pan.pl\/en\/wp-json\/wp\/v2\/media?parent=301"}],"curies":[{"name":"wp","href":"https:\/\/api.w.org\/{rel}","templated":true}]}}