{"id":302,"date":"2019-10-08T12:50:58","date_gmt":"2019-10-08T10:50:58","guid":{"rendered":"https:\/\/amu.pan.pl\/test\/2019\/10\/08\/mateusz-kwasnicki\/"},"modified":"2021-06-02T12:50:25","modified_gmt":"2021-06-02T10:50:25","slug":"mateusz-kwasnicki","status":"publish","type":"page","link":"https:\/\/amu.pan.pl\/en\/mateusz-kwasnicki\/","title":{"rendered":"Mateusz Kwa\u015bnicki"},"content":{"rendered":"<p><img fetchpriority=\"high\" decoding=\"async\" class=\"size-full wp-image-28\" style=\"margin-right: auto;margin-left: auto\" src=\"https:\/\/amu.pan.pl\/wp-content\/uploads\/2016\/02\/mateusz_kwasnicki04.jpg\" alt=\"mateusz kwasnicki04\" width=\"225\" height=\"227\" \/><\/p>\n<p style=\"text-align: justify\"><strong>Dr hab. Mateusz Kwa\u015bnicki<\/strong> - a mathematician at the Faculty of Mathematics of the Wroc\u0142aw University of Science and Technology. Winner of the EMS Gordin Prize, Kazimierz Kuratowski award, Polish Mathematical Society's Prize for Young Mathematicians, as well as Foundation for Polish Science and Ministry of Science and Higher Education scholarships. He wrote his M.Sc. and PhD theses under supervision of prof. Tadeusz Kulczycki. Member of the research group founded by prof. Tomasz Byczkowski. Although he is a theoretical mathematician, he published in the Journal of Engineering Mathematics. In his research, he studies relations between stochastic processes, differential equations and pseudo-differential operators. He proved equality of operator norms of the discrete and continuous Hilbert transform on <em>L^p,<sup>p<\/sup><\/em> thus solving a 90-year-old problem posed by M. Riesz and E.C. Titchmarsh. He gave a complete characterization of the class of bell-shaped functions, a concept introduced about 70 years ago. Author of a series of works on the fractional Laplace operator.<\/p>\n<p style=\"text-align: justify\">More information: <a href=\"http:\/\/prac.im.pwr.edu.pl\/~kwasnicki\/main.php\">http:\/\/prac.im.pwr.edu.pl\/~kwasnicki\/main.php<\/a><\/p>","protected":false},"excerpt":{"rendered":"<p>Dr hab. Mateusz Kwa\u015bnicki \u2014 matematyk na Wydziale Matematyki Politechniki Wroc\u0142awskiej. Laureat m.in. nagrody Gordina, nagrody im. Kazimierza Kuratowskiego i nagrody PTM dla m\u0142odych matematyk\u00f3w, stypendysta FNP i MNiSW. Absolwent SP 98 i LO 3 we Wroc\u0142awiu, wychowanek wspania\u0142ych nauczycieli: Jadwigi i Augustyna Ka\u0142u\u017c\u00f3w, Krzysztofa Omiljanowskiego i Przemys\u0142awa Szczepaniaka. Prac\u0119 magistersk\u0105 i doktorat napisa\u0142 pod&hellip;&nbsp;<a href=\"https:\/\/amu.pan.pl\/en\/mateusz-kwasnicki\/\" rel=\"bookmark\">Read More &raquo;<span class=\"screen-reader-text\">Mateusz Kwa\u015bnicki<\/span><\/a><\/p>","protected":false},"author":2,"featured_media":28,"parent":0,"menu_order":33,"comment_status":"open","ping_status":"open","template":"","meta":{"_monsterinsights_skip_tracking":false,"_monsterinsights_sitenote_active":false,"_monsterinsights_sitenote_note":"","_monsterinsights_sitenote_category":0,"neve_meta_sidebar":"","neve_meta_container":"","neve_meta_enable_content_width":"","neve_meta_content_width":0,"neve_meta_title_alignment":"","neve_meta_author_avatar":"","neve_post_elements_order":"","neve_meta_disable_header":"","neve_meta_disable_footer":"","neve_meta_disable_title":"","footnotes":""},"class_list":["post-302","page","type-page","status-publish","has-post-thumbnail","hentry"],"yoast_head":"<!-- This site is optimized with the Yoast SEO plugin v25.0 - https:\/\/yoast.com\/wordpress\/plugins\/seo\/ -->\n<title>Mateusz Kwa\u015bnicki - Akademia M\u0142odych Uczonych<\/title>\n<meta name=\"robots\" content=\"index, follow, max-snippet:-1, max-image-preview:large, max-video-preview:-1\" \/>\n<link rel=\"canonical\" href=\"https:\/\/amu.pan.pl\/en\/mateusz-kwasnicki\/\" \/>\n<meta property=\"og:locale\" content=\"en_GB\" \/>\n<meta property=\"og:type\" content=\"article\" \/>\n<meta property=\"og:title\" content=\"Mateusz Kwa\u015bnicki - Akademia M\u0142odych Uczonych\" \/>\n<meta property=\"og:description\" content=\"Dr hab. Mateusz Kwa\u015bnicki \u2014 matematyk na Wydziale Matematyki Politechniki Wroc\u0142awskiej. Laureat m.in. nagrody Gordina, nagrody im. Kazimierza Kuratowskiego i nagrody PTM dla m\u0142odych matematyk\u00f3w, stypendysta FNP i MNiSW. Absolwent SP 98 i LO 3 we Wroc\u0142awiu, wychowanek wspania\u0142ych nauczycieli: Jadwigi i Augustyna Ka\u0142u\u017c\u00f3w, Krzysztofa Omiljanowskiego i Przemys\u0142awa Szczepaniaka. Prac\u0119 magistersk\u0105 i doktorat napisa\u0142 pod&hellip;&nbsp;Read More &raquo;Mateusz Kwa\u015bnicki\" \/>\n<meta property=\"og:url\" content=\"https:\/\/amu.pan.pl\/en\/mateusz-kwasnicki\/\" \/>\n<meta property=\"og:site_name\" content=\"Akademia M\u0142odych Uczonych\" \/>\n<meta property=\"article:publisher\" content=\"https:\/\/www.facebook.com\/AkademiaMlodychUczonych\/\" \/>\n<meta property=\"article:modified_time\" content=\"2021-06-02T10:50:25+00:00\" \/>\n<meta property=\"og:image\" content=\"https:\/\/amu.pan.pl\/wp-content\/uploads\/2016\/02\/mateusz_kwasnicki04.jpg\" \/>\n\t<meta property=\"og:image:width\" content=\"708\" \/>\n\t<meta property=\"og:image:height\" content=\"714\" \/>\n\t<meta property=\"og:image:type\" content=\"image\/jpeg\" \/>\n<meta name=\"twitter:card\" content=\"summary_large_image\" \/>\n<meta name=\"twitter:site\" content=\"@AMUPAN1\" \/>\n<meta name=\"twitter:label1\" content=\"Estimated reading time\" \/>\n\t<meta name=\"twitter:data1\" content=\"1 minute\" \/>\n<script type=\"application\/ld+json\" class=\"yoast-schema-graph\">{\"@context\":\"https:\/\/schema.org\",\"@graph\":[{\"@type\":\"WebPage\",\"@id\":\"https:\/\/amu.pan.pl\/en\/mateusz-kwasnicki\/\",\"url\":\"https:\/\/amu.pan.pl\/en\/mateusz-kwasnicki\/\",\"name\":\"Mateusz Kwa\u015bnicki - Akademia M\u0142odych Uczonych\",\"isPartOf\":{\"@id\":\"https:\/\/amu.pan.pl\/#website\"},\"primaryImageOfPage\":{\"@id\":\"https:\/\/amu.pan.pl\/en\/mateusz-kwasnicki\/#primaryimage\"},\"image\":{\"@id\":\"https:\/\/amu.pan.pl\/en\/mateusz-kwasnicki\/#primaryimage\"},\"thumbnailUrl\":\"https:\/\/amu.pan.pl\/wp-content\/uploads\/2016\/02\/mateusz_kwasnicki04.jpg\",\"datePublished\":\"2019-10-08T10:50:58+00:00\",\"dateModified\":\"2021-06-02T10:50:25+00:00\",\"breadcrumb\":{\"@id\":\"https:\/\/amu.pan.pl\/en\/mateusz-kwasnicki\/#breadcrumb\"},\"inLanguage\":\"en-GB\",\"potentialAction\":[{\"@type\":\"ReadAction\",\"target\":[\"https:\/\/amu.pan.pl\/en\/mateusz-kwasnicki\/\"]}]},{\"@type\":\"ImageObject\",\"inLanguage\":\"en-GB\",\"@id\":\"https:\/\/amu.pan.pl\/en\/mateusz-kwasnicki\/#primaryimage\",\"url\":\"https:\/\/amu.pan.pl\/wp-content\/uploads\/2016\/02\/mateusz_kwasnicki04.jpg\",\"contentUrl\":\"https:\/\/amu.pan.pl\/wp-content\/uploads\/2016\/02\/mateusz_kwasnicki04.jpg\",\"width\":708,\"height\":714,\"caption\":\"mateusz kwasnicki04\"},{\"@type\":\"BreadcrumbList\",\"@id\":\"https:\/\/amu.pan.pl\/en\/mateusz-kwasnicki\/#breadcrumb\",\"itemListElement\":[{\"@type\":\"ListItem\",\"position\":1,\"name\":\"Strona g\u0142\u00f3wna\",\"item\":\"https:\/\/amu.pan.pl\/\"},{\"@type\":\"ListItem\",\"position\":2,\"name\":\"Mateusz Kwa\u015bnicki\"}]},{\"@type\":\"WebSite\",\"@id\":\"https:\/\/amu.pan.pl\/#website\",\"url\":\"https:\/\/amu.pan.pl\/\",\"name\":\"Akademia M\u0142odych Uczonych\",\"description\":\"Polska Akademia Nauk\",\"publisher\":{\"@id\":\"https:\/\/amu.pan.pl\/#organization\"},\"potentialAction\":[{\"@type\":\"SearchAction\",\"target\":{\"@type\":\"EntryPoint\",\"urlTemplate\":\"https:\/\/amu.pan.pl\/?s={search_term_string}\"},\"query-input\":{\"@type\":\"PropertyValueSpecification\",\"valueRequired\":true,\"valueName\":\"search_term_string\"}}],\"inLanguage\":\"en-GB\"},{\"@type\":\"Organization\",\"@id\":\"https:\/\/amu.pan.pl\/#organization\",\"name\":\"Akademia M\u0142odych Uczonych\",\"url\":\"https:\/\/amu.pan.pl\/\",\"logo\":{\"@type\":\"ImageObject\",\"inLanguage\":\"en-GB\",\"@id\":\"https:\/\/amu.pan.pl\/#\/schema\/logo\/image\/\",\"url\":\"https:\/\/amu.pan.pl\/wp-content\/uploads\/2020\/08\/zz_amu.png\",\"contentUrl\":\"https:\/\/amu.pan.pl\/wp-content\/uploads\/2020\/08\/zz_amu.png\",\"width\":2794,\"height\":1016,\"caption\":\"Akademia M\u0142odych Uczonych\"},\"image\":{\"@id\":\"https:\/\/amu.pan.pl\/#\/schema\/logo\/image\/\"},\"sameAs\":[\"https:\/\/www.facebook.com\/AkademiaMlodychUczonych\/\",\"https:\/\/x.com\/AMUPAN1\"]}]}<\/script>\n<!-- \/ Yoast SEO plugin. -->","yoast_head_json":{"title":"Mateusz Kwa\u015bnicki - Akademia M\u0142odych Uczonych","robots":{"index":"index","follow":"follow","max-snippet":"max-snippet:-1","max-image-preview":"max-image-preview:large","max-video-preview":"max-video-preview:-1"},"canonical":"https:\/\/amu.pan.pl\/en\/mateusz-kwasnicki\/","og_locale":"en_GB","og_type":"article","og_title":"Mateusz Kwa\u015bnicki - Akademia M\u0142odych Uczonych","og_description":"Dr hab. Mateusz Kwa\u015bnicki \u2014 matematyk na Wydziale Matematyki Politechniki Wroc\u0142awskiej. Laureat m.in. nagrody Gordina, nagrody im. Kazimierza Kuratowskiego i nagrody PTM dla m\u0142odych matematyk\u00f3w, stypendysta FNP i MNiSW. Absolwent SP 98 i LO 3 we Wroc\u0142awiu, wychowanek wspania\u0142ych nauczycieli: Jadwigi i Augustyna Ka\u0142u\u017c\u00f3w, Krzysztofa Omiljanowskiego i Przemys\u0142awa Szczepaniaka. Prac\u0119 magistersk\u0105 i doktorat napisa\u0142 pod&hellip;&nbsp;Read More &raquo;Mateusz Kwa\u015bnicki","og_url":"https:\/\/amu.pan.pl\/en\/mateusz-kwasnicki\/","og_site_name":"Akademia M\u0142odych Uczonych","article_publisher":"https:\/\/www.facebook.com\/AkademiaMlodychUczonych\/","article_modified_time":"2021-06-02T10:50:25+00:00","og_image":[{"width":708,"height":714,"url":"https:\/\/amu.pan.pl\/wp-content\/uploads\/2016\/02\/mateusz_kwasnicki04.jpg","type":"image\/jpeg"}],"twitter_card":"summary_large_image","twitter_site":"@AMUPAN1","twitter_misc":{"Estimated reading time":"1 minute"},"schema":{"@context":"https:\/\/schema.org","@graph":[{"@type":"WebPage","@id":"https:\/\/amu.pan.pl\/en\/mateusz-kwasnicki\/","url":"https:\/\/amu.pan.pl\/en\/mateusz-kwasnicki\/","name":"Mateusz Kwa\u015bnicki - Akademia M\u0142odych Uczonych","isPartOf":{"@id":"https:\/\/amu.pan.pl\/#website"},"primaryImageOfPage":{"@id":"https:\/\/amu.pan.pl\/en\/mateusz-kwasnicki\/#primaryimage"},"image":{"@id":"https:\/\/amu.pan.pl\/en\/mateusz-kwasnicki\/#primaryimage"},"thumbnailUrl":"https:\/\/amu.pan.pl\/wp-content\/uploads\/2016\/02\/mateusz_kwasnicki04.jpg","datePublished":"2019-10-08T10:50:58+00:00","dateModified":"2021-06-02T10:50:25+00:00","breadcrumb":{"@id":"https:\/\/amu.pan.pl\/en\/mateusz-kwasnicki\/#breadcrumb"},"inLanguage":"en-GB","potentialAction":[{"@type":"ReadAction","target":["https:\/\/amu.pan.pl\/en\/mateusz-kwasnicki\/"]}]},{"@type":"ImageObject","inLanguage":"en-GB","@id":"https:\/\/amu.pan.pl\/en\/mateusz-kwasnicki\/#primaryimage","url":"https:\/\/amu.pan.pl\/wp-content\/uploads\/2016\/02\/mateusz_kwasnicki04.jpg","contentUrl":"https:\/\/amu.pan.pl\/wp-content\/uploads\/2016\/02\/mateusz_kwasnicki04.jpg","width":708,"height":714,"caption":"mateusz kwasnicki04"},{"@type":"BreadcrumbList","@id":"https:\/\/amu.pan.pl\/en\/mateusz-kwasnicki\/#breadcrumb","itemListElement":[{"@type":"ListItem","position":1,"name":"Strona g\u0142\u00f3wna","item":"https:\/\/amu.pan.pl\/"},{"@type":"ListItem","position":2,"name":"Mateusz Kwa\u015bnicki"}]},{"@type":"WebSite","@id":"https:\/\/amu.pan.pl\/#website","url":"https:\/\/amu.pan.pl\/","name":"Akademia M\u0142odych Uczonych","description":"Polska Akademia Nauk","publisher":{"@id":"https:\/\/amu.pan.pl\/#organization"},"potentialAction":[{"@type":"SearchAction","target":{"@type":"EntryPoint","urlTemplate":"https:\/\/amu.pan.pl\/?s={search_term_string}"},"query-input":{"@type":"PropertyValueSpecification","valueRequired":true,"valueName":"search_term_string"}}],"inLanguage":"en-GB"},{"@type":"Organization","@id":"https:\/\/amu.pan.pl\/#organization","name":"Akademia M\u0142odych Uczonych","url":"https:\/\/amu.pan.pl\/","logo":{"@type":"ImageObject","inLanguage":"en-GB","@id":"https:\/\/amu.pan.pl\/#\/schema\/logo\/image\/","url":"https:\/\/amu.pan.pl\/wp-content\/uploads\/2020\/08\/zz_amu.png","contentUrl":"https:\/\/amu.pan.pl\/wp-content\/uploads\/2020\/08\/zz_amu.png","width":2794,"height":1016,"caption":"Akademia M\u0142odych Uczonych"},"image":{"@id":"https:\/\/amu.pan.pl\/#\/schema\/logo\/image\/"},"sameAs":["https:\/\/www.facebook.com\/AkademiaMlodychUczonych\/","https:\/\/x.com\/AMUPAN1"]}]}},"_links":{"self":[{"href":"https:\/\/amu.pan.pl\/en\/wp-json\/wp\/v2\/pages\/302","targetHints":{"allow":["GET"]}}],"collection":[{"href":"https:\/\/amu.pan.pl\/en\/wp-json\/wp\/v2\/pages"}],"about":[{"href":"https:\/\/amu.pan.pl\/en\/wp-json\/wp\/v2\/types\/page"}],"author":[{"embeddable":true,"href":"https:\/\/amu.pan.pl\/en\/wp-json\/wp\/v2\/users\/2"}],"replies":[{"embeddable":true,"href":"https:\/\/amu.pan.pl\/en\/wp-json\/wp\/v2\/comments?post=302"}],"version-history":[{"count":2,"href":"https:\/\/amu.pan.pl\/en\/wp-json\/wp\/v2\/pages\/302\/revisions"}],"predecessor-version":[{"id":3571,"href":"https:\/\/amu.pan.pl\/en\/wp-json\/wp\/v2\/pages\/302\/revisions\/3571"}],"wp:featuredmedia":[{"embeddable":true,"href":"https:\/\/amu.pan.pl\/en\/wp-json\/wp\/v2\/media\/28"}],"wp:attachment":[{"href":"https:\/\/amu.pan.pl\/en\/wp-json\/wp\/v2\/media?parent=302"}],"curies":[{"name":"wp","href":"https:\/\/api.w.org\/{rel}","templated":true}]}}